{"id":107938,"date":"2020-02-19T16:08:35","date_gmt":"2020-02-19T15:08:35","guid":{"rendered":"https:\/\/reassurez-moi.fr\/guide\/?page_id=107938"},"modified":"2026-02-02T15:11:49","modified_gmt":"2026-02-02T14:11:49","slug":"multiconducteur","status":"publish","type":"page","link":"https:\/\/guide.reassurez-moi.fr\/guide\/assurance-auto\/multiconducteur","title":{"rendered":"Assurance auto &#8211; Multiconducteur"},"content":{"rendered":"\n<h1 class=\"wp-block-heading\" id=\"qu-est-ce-que-l-assurance-multi-conducteurs\">Qu&rsquo;est-ce que l&rsquo;assurance multi-conducteurs\u00a0?<\/h1>\n\n\n\n<p><strong>Votre voiture est r\u00e9guli\u00e8rement utilis\u00e9e par votre conjoint ou votre fils, et il arrive m\u00eame parfois que vous la pr\u00eatiez \u00e0 votre voisin ? Il est aujourd&rsquo;hui possible de d\u00e9signer diff\u00e9rents conducteurs pour un m\u00eame v\u00e9hicule, et d&rsquo;\u00eatre couvert en cas de sinistre. Quelles sont les dispositions \u00e0 prendre pour une assurance tout conducteur ? Est-ce que \u00e7a co\u00fbte plus cher ? Que se passe-t-il exactement en cas d&rsquo;accident ? Voici notre guide sur l&rsquo;assurance auto multi conducteurs.<\/strong><\/p>\n\n\n\n<h2 class=\"wp-block-heading\" id=\"assurance-tout-conducteur-en-quoi-ca-consiste\">Assurance tout conducteur : en quoi \u00e7a consiste&nbsp;?<\/h2>\n\n\n\n<p><strong>Lorsque vous assurez une voiture, un conducteur principal est d\u00e9sign\u00e9 : il s&rsquo;agit g\u00e9n\u00e9ralement du souscripteur du contrat, qui utilise le v\u00e9hicule la majorit\u00e9 du temps. <\/strong>Tr\u00e8s souvent, d&rsquo;autres conducteurs peuvent s&rsquo;ajouter au contrat (conducteurs secondaires), et d&rsquo;autres peuvent ponctuellement utiliser le v\u00e9hicule (conducteurs occasionnels).<br><br><strong>Une assurance auto tout conducteur est un contrat qui autorise plusieurs personnes \u00e0 circuler avec le v\u00e9hicule en question.<\/strong> Il est essentiel de bien d\u00e9finir les diff\u00e9rentes personnes susceptibles de rouler avec le v\u00e9hicule et la fr\u00e9quence d&rsquo;utilisation de chacun, pour \u00eatre s\u00fbr des prises en charge.<br><br><strong>Si elle est la plus courante, l&rsquo;assurance tout conducteur n&rsquo;est tout de m\u00eame pas syst\u00e9matique.<\/strong> En effet, il existe des contrats d&rsquo;assurance auto avec exclusivit\u00e9 : un seul et unique conducteur est d\u00e9sign\u00e9 et donc autoris\u00e9 \u00e0 conduire la voiture. Dans ce cas-l\u00e0, vous vous engagez \u00e0 \u00eatre le seul conducteur, au risque de pas \u00eatre couvert en cas de sinistre et d&rsquo;\u00eatre sanctionn\u00e9. Cette exclusivit\u00e9 prend g\u00e9n\u00e9ralement la forme d&rsquo;une clause appel\u00e9e \u00ab\u00a0conduite exclusive\u00a0\u00bb. L&rsquo;avantage pour vous est de r\u00e9duire le montant de votre prime d&rsquo;assurance. C&rsquo;est aussi int\u00e9ressant pour les v\u00e9hicules de collection qui circulent peu.<\/p>\n\n\n\n\n\n<h2 class=\"wp-block-heading\" id=\"comment-assurer-votre-voiture-pour-plusieurs-conducteurs\">Comment assurer votre voiture pour plusieurs conducteurs&nbsp;?<\/h2>\n\n\n\n<p><strong>Pour pouvoir assurer votre v\u00e9hicule pour plusieurs conducteurs, <\/strong>votre contrat ne doit, dans un premier temps, pas comporter de clause de <a href=\"https:\/\/reassurez-moi.fr\/guide\/assurance-auto\/conduite-exclusive\">conduite exclusive<\/a>. Dans un second temps, vous devez d\u00e9signer au contrat les personnes qui seront amen\u00e9es \u00e0 conduire votre voiture :<\/p>\n\n\n\n<ul class=\"wp-block-list\"><li><strong>Un conducteur principal<\/strong> (vous-m\u00eame), le souscripteur du contrat, souvent le propri\u00e9taire du v\u00e9hicule, qui l&rsquo;utilise la majeure partie du temps.<\/li><\/ul>\n\n\n\n<ul class=\"wp-block-list\"><li><strong>Un ou plusieurs conducteurs secondaires<\/strong>, tr\u00e8s souvent les membres d&rsquo;une m\u00eame famille (enfant, conjoint&#8230;), qui sont amen\u00e9s \u00e0 prendre le volant r\u00e9guli\u00e8rement. Le 2e conducteur b\u00e9n\u00e9ficie en principe des m\u00eames garanties que le conducteur principal et est sous la responsabilit\u00e9 de ce dernier. <\/li><\/ul>\n\n\n\n<div class=\"wp-block-mars-information icon-warning undefined\"><i class=\"icon\"><\/i><p>Les conducteurs secondaires et occasionnels doivent utiliser le v\u00e9hicule bien moins fr\u00e9quemment que le conducteur principal. Si ce n&rsquo;est pas le cas, votre assureur pourra, par exemple, vous accuser de tentative de fraude \u00e0 l&rsquo;assurance.<\/p><\/div>\n\n\n\n<p><strong>Il peut aussi <strong>y avoir<\/strong> <strong>des conducteurs occasionnels<\/strong>, \u00e0 qui vous pr\u00eatez exceptionnellement votre voiture, mais qui ne sont pas d\u00e9sign\u00e9s. Leurs noms ne figurent donc pas au contrat mais ils peuvent conduire votre v\u00e9hicule ponctuellement. Cette conduite occasionnelle est autoris\u00e9e par une clause appel\u00e9e \u00ab\u00a0pr\u00eat de volant\u00a0\u00bb. Vous pouvez ainsi <a href=\"https:\/\/reassurez-moi.fr\/guide\/assurance-auto\/pret-vehicule\">pr\u00eater votre voiture<\/a> \u00e0 des amis, des voisins&#8230; En principe toute personne ayant le permis, sous conditions pour certains profils (<a href=\"https:\/\/reassurez-moi.fr\/guide\/assurance-auto\/jeune-conducteur\">jeune conducteur<\/a> par exemple). Mais attention en cas d&rsquo;accident par un conducteur occasionnel, les prises en charge de l&rsquo;assurance sont limit\u00e9es.<br><br><strong>Pour trouver un contrat d&rsquo;assurance auto adapt\u00e9 \u00e0 votre situation, il est fortement recommand\u00e9 de comparer les diverses offres du march\u00e9<\/strong>. En effet, en mettant en concurrence les diff\u00e9rents contrats et tarifs en ligne, vous pourrez vous diriger vers l&rsquo;offre la plus avantageuse pour vous en quelques minutes. Pour cela, nous vous invitons \u00e0 utiliser notre comparateur ci-dessous. Apr\u00e8s avoir renseign\u00e9 quelques informations sur votre profil, votre voiture et vos besoins, vous obtiendrez des devis personnalis\u00e9s. Gratuitement, sans engagement, et sans communiquer aucune coordonn\u00e9e !<\/p>\n\n\n\n<div style=\"height:20px\" aria-hidden=\"true\" class=\"wp-block-spacer\"><\/div>\n\n\n\n<div class=\"wp-block-rm-advertizing-block fix-in-sidebar advertising-block-sidebar-item\">\n    <div class=\"image-container flex justify-center align-items-center\">\n        <img decoding=\"async\" src=\"https:\/\/guide.reassurez-moi.fr\/guide\/wp-content\/uploads\/2025\/06\/team_opti_short.png\"\n             alt=\"reassurez-moi illustration\"\n             class=\"wp-block-rm-advertizing-image\"\n             loading=\"lazy\"\n        \/>\n    <\/div>\n    <div class=\"rm-advertblock-container flex flex-column justify-center align-items-start\">\n        <p class=\"wp-block-rm-advertizing-text\">\n            Assurance auto\n        <\/p>\n        <p class=\"wp-block-rm-advertizing-sub-text\">\n            les meilleures offres 2026\n        <\/p>\n        <a\n            href=\"https:\/\/reassurez-moi.fr\/guide\/assurance-auto\"\n            class=\"wp-block-rm-advertizing-button\"\n        >\n            <span class=\"wp-block-rm-advertizing-button-text\">\n                Comparer\n            <\/span>\n            <span class=\"wp-block-rm-advertizing-button-sub-text\">\n                les assurances auto\n            <\/span>\n        <\/a>\n    <\/div>\n<\/div>\n\n\n\n\n\n<h2 class=\"wp-block-heading\" id=\"multi-conducteurs-quel-impact-sur-le-prix-de-votre-assurance\">Multi conducteurs : quel impact sur le prix de votre assurance&nbsp;?<\/h2>\n\n\n\n<p><strong>Votre assureur prendra en compte l&rsquo;ensemble des conducteurs d\u00e9sign\u00e9s au contrat pour calculer le montant de vos cotisations. <\/strong>Mais cela ne signifie pas forc\u00e9ment une augmentation de votre prime d&rsquo;assurance ! En effet, en r\u00e8gle g\u00e9n\u00e9rale, l&rsquo;ajout de conducteurs \u00e0 votre contrat n&rsquo;a d&rsquo;impact sur le prix de votre assurance que si ceux-ci ont des profils \u00e0 risques. En assurance auto, les profils \u00e0 risques sont commun\u00e9ment les <a href=\"https:\/\/reassurez-moi.fr\/guide\/assurance-auto\/malusse\">conducteurs maluss\u00e9s<\/a> et les jeunes conducteurs (ayant le permis depuis moins de 2 ou 3 ans selon le mode d&rsquo;apprentissage de la conduite).<br><br><strong>L&rsquo;impact que peut avoir l&rsquo;ajout de conducteurs sur votre contrat d&rsquo;assurance auto peut \u00eatre diff\u00e9rent d&rsquo;un assureur \u00e0 l&rsquo;autre<\/strong> : bien que la majeure partie du temps, seul l&rsquo;ajout de conducteurs \u00e0 risques engendre une surprime, il peut arriver que ce ne soit pas le seul cas. Par exemple, chez certains assureurs, le pr\u00eat du v\u00e9hicule \u00e0 un conducteur occasionnel impose la souscription d&rsquo;une garantie suppl\u00e9mentaire pour couvrir de mani\u00e8re plus compl\u00e8te les risques que repr\u00e9sentent ce pr\u00eat occasionnel.<br><br><strong>Par ailleurs, si vous \u00eates assur\u00e9 par un contrat comportant une clause de conduite exclusive, vous b\u00e9n\u00e9ficiez d&rsquo;une prime r\u00e9duite.<\/strong> Naturellement, si vous souhaitez supprimer cette clause et opter pour une assurance tout conducteur, votre prime sera plus \u00e9lev\u00e9e qu&rsquo;elle ne l&rsquo;\u00e9tait lorsque vous \u00e9tiez seul conducteur du v\u00e9hicule.<\/p>\n\n\n\n\n\n<h2 class=\"wp-block-heading\" id=\"quelle-assurance-tout-conducteur-choisir\">Quelle assurance tout conducteur choisir&nbsp;?<\/h2>\n\n\n\n<p><strong>Les compagnies d&rsquo;assurance proposent presque toutes des contrats multi conducteurs<\/strong>, il est d\u00e9sormais tr\u00e8s rare de voir des couvertures o\u00f9 il est impossible de d\u00e9signer plusieurs conducteurs. <br><br><strong>Pour choisir au mieux votre protection auto, nous vous conseillons de bien d\u00e9finir vos besoins<\/strong>&nbsp;: d\u00e9signer un conducteur secondaire ? Plusieurs ? Quid des conducteurs occasionnels ? Il serait par exemple pr\u00e9f\u00e9rable de d\u00e9signer votre conjoint au contrat s&rsquo;il utilise votre voiture presque tous les week-ends. Tout comme il ne vous est peut-\u00eatre pas n\u00e9cessaire de souscrire le pr\u00eat de volant sans restriction si l&rsquo;occasion ne s&rsquo;est jamais pr\u00e9sent\u00e9e et que vous partez sur les routes toute la semaine&nbsp;!<br><br><strong>Voici les diff\u00e9rentes possibilit\u00e9s de pr\u00eat de volant pour conducteurs occasionnels :<\/strong><\/p>\n\n\n\n<figure class=\"wp-block-table is-style-header-simple\"><table><thead><tr><th>Garantie pr\u00e9vue au contrat<\/th><th>Signification<\/th><\/tr><\/thead><tbody><tr><td><strong>Pr\u00eat de v\u00e9hicule sans restriction<\/strong><\/td><td>Aucune majoration de franchise ne vous sera appliqu\u00e9e en cas de sinistre<\/td><\/tr><tr><td><strong>Pr\u00eat de v\u00e9hicule avec majoration de franchise<\/strong><\/td><td>Votre franchise sera plus \u00e9lev\u00e9e en cas de sinistre<\/td><\/tr><tr><td><strong>Pr\u00eat de v\u00e9hicule \u00e0 un tiers<\/strong><\/td><td>Pr\u00eat possible, sauf aux conducteurs novices d\u00e9finis dans les conditions g\u00e9n\u00e9rales du contrat<\/td><\/tr><tr><td><strong>Interdiction de pr\u00eat de v\u00e9hicule \u00e0 un tiers<\/strong><\/td><td>Sauf ascendants, descendants, membres de la famille<\/td><\/tr><tr><td><strong>Interdiction totale de pr\u00eat du v\u00e9hicule<\/strong><\/td><td>Conduite r\u00e9serv\u00e9e aux conducteurs d\u00e9sign\u00e9s (principal et secondaires)<\/td><\/tr><\/tbody><\/table><\/figure>\n\n\n\n<p><strong>Une fois vos besoins d\u00e9finis, n&rsquo;h\u00e9sitez pas \u00e0 comparer les offres pour trouver l&rsquo;assurance qui correspondra pleinement \u00e0 l&rsquo;utilisation que vous faites de votre v\u00e9hicule !<\/strong><\/p>\n\n\n\n\n\n<h2 class=\"wp-block-heading\" id=\"preter-sa-voiture-quels-sont-les-risques\">Pr\u00eater sa voiture, quels sont les risques ?<\/h2>\n\n\n\n<p><strong>Les risques auxquels vous vous exposez en cas de pr\u00eat de volant d\u00e9pendent de ce qui est pr\u00e9vue par votre contrat. <\/strong>Si vous pr\u00eatez votre voiture \u00e0 un conducteur occasionnel et que votre assurance ne l&rsquo;autorise pas, vous risquez en cas d&rsquo;accident : <\/p>\n\n\n\n<ul class=\"wp-block-list\"><li>L&rsquo;application d&rsquo;une franchise major\u00e9e.<\/li><\/ul>\n\n\n\n<ul class=\"wp-block-list\"><li>Une prise en charge limit\u00e9e des d\u00e9g\u00e2ts caus\u00e9s \u00e0 votre v\u00e9hicule. <\/li><\/ul>\n\n\n\n<ul class=\"wp-block-list\"><li>Une r\u00e9\u00e9valuation de votre coefficient bonus\/malus : vous \u00eates responsable des d\u00e9g\u00e2ts caus\u00e9s par la personne \u00e0 qui vous avez pr\u00eat\u00e9 votre v\u00e9hicule. Le sinistre est r\u00e9percut\u00e9 sur votre historique et votre profil de conducteur. <\/li><\/ul>\n\n\n\n<p><strong>Avant de pr\u00eater votre voiture, nous vous conseillons donc fortement de v\u00e9rifier ce qui est couvert par votre assurance <\/strong>: les conditions de pr\u00eat et les limites de prise en charge, les potentielles franchises, etc. Si aucun conducteur occasionnel n&rsquo;est autoris\u00e9 par votre contrat, vous pouvez demander \u00e0 votre assureur de l&rsquo;ajouter en r\u00e9alisant un avenant. <\/p>\n\n\n\n<div class=\"wp-block-mars-information icon-arrow undefined\"><i class=\"icon\"><\/i><p>Quelle que soit la personne au volant de votre voiture et votre niveau de garantie, la Responsabilit\u00e9 Civile s&rsquo;applique. En cas d&rsquo;accident, les dommages mat\u00e9riels et corporels caus\u00e9s aux tiers seront couverts. Les dommages caus\u00e9s \u00e0 votre v\u00e9hicule seront couverts selon votre formule d&rsquo;assurance.<\/p><\/div>\n\n\n","protected":false},"excerpt":{"rendered":"<p>Qu&rsquo;est-ce que l&rsquo;assurance multi-conducteurs\u00a0? Votre voiture est r\u00e9guli\u00e8rement utilis\u00e9e par votre conjoint ou votre fils, et il arrive m\u00eame parfois que vous la pr\u00eatiez \u00e0 votre voisin ? Il est aujourd&rsquo;hui possible de d\u00e9signer diff\u00e9rents conducteurs pour un m\u00eame v\u00e9hicule, et d&rsquo;\u00eatre couvert en cas de sinistre. Quelles sont les dispositions \u00e0 prendre pour une\u2026<\/p>\n","protected":false},"author":86,"featured_media":0,"parent":15725,"menu_order":0,"comment_status":"open","ping_status":"closed","template":"","meta":{"_acf_changed":false,"footnotes":""},"categories":[],"page_topic":[560],"class_list":["post-107938","page","type-page","status-publish","hentry"],"yoast_head":"<!-- This site is optimized with the Yoast SEO plugin v24.7 - https:\/\/yoast.com\/wordpress\/plugins\/seo\/ -->\n<title>Comment fonctionne l&#039;assurance multiconducteur ? Comparatif en ligne<\/title>\n<meta name=\"description\" content=\"Assurer son v\u00e9hicule pour plusieurs conducteurs, combien \u00e7a co\u00fbte ? Tarifs et d\u00e9tail des garanties des meilleures offres du march\u00e9.\" \/>\n<meta name=\"robots\" content=\"index, follow, max-snippet:-1, max-image-preview:large, max-video-preview:-1\" \/>\n<link rel=\"canonical\" href=\"https:\/\/guide.reassurez-moi.fr\/guide\/assurance-auto\/multiconducteur\" \/>\n<meta property=\"og:locale\" content=\"fr_FR\" \/>\n<meta property=\"og:type\" content=\"article\" \/>\n<meta property=\"og:title\" content=\"Comment fonctionne l&#039;assurance multiconducteur ? Comparatif en ligne\" \/>\n<meta property=\"og:description\" content=\"Assurer son v\u00e9hicule pour plusieurs conducteurs, combien \u00e7a co\u00fbte ? Tarifs et d\u00e9tail des garanties des meilleures offres du march\u00e9.\" \/>\n<meta property=\"og:url\" content=\"https:\/\/guide.reassurez-moi.fr\/guide\/assurance-auto\/multiconducteur\" \/>\n<meta property=\"og:site_name\" content=\"R\u00e9assurez-moi\" \/>\n<meta property=\"article:publisher\" content=\"https:\/\/www.facebook.com\/R%c3%a9assurez-moi-209456495889479\/\" \/>\n<meta property=\"article:modified_time\" content=\"2026-02-02T14:11:49+00:00\" \/>\n<meta property=\"og:image\" content=\"https:\/\/guide.reassurez-moi.fr\/guide\/wp-content\/uploads\/2018\/04\/image-de-partage.png\" \/>\n\t<meta property=\"og:image:width\" content=\"500\" \/>\n\t<meta property=\"og:image:height\" content=\"160\" \/>\n\t<meta property=\"og:image:type\" content=\"image\/png\" \/>\n<meta name=\"twitter:card\" content=\"summary_large_image\" \/>\n<meta name=\"twitter:site\" content=\"@reassurezmoi\" \/>\n<meta name=\"twitter:label1\" content=\"Dur\u00e9e de lecture estim\u00e9e\" \/>\n\t<meta name=\"twitter:data1\" content=\"7 minutes\" \/>\n<script type=\"application\/ld+json\" class=\"yoast-schema-graph\">{\"@context\":\"https:\/\/schema.org\",\"@graph\":[{\"@type\":\"WebPage\",\"@id\":\"https:\/\/guide.reassurez-moi.fr\/guide\/assurance-auto\/multiconducteur\",\"url\":\"https:\/\/guide.reassurez-moi.fr\/guide\/assurance-auto\/multiconducteur\",\"name\":\"Comment fonctionne l'assurance multiconducteur ? Comparatif en ligne\",\"isPartOf\":{\"@id\":\"https:\/\/guide.reassurez-moi.fr\/guide\/#website\"},\"datePublished\":\"2020-02-19T15:08:35+00:00\",\"dateModified\":\"2026-02-02T14:11:49+00:00\",\"description\":\"Assurer son v\u00e9hicule pour plusieurs conducteurs, combien \u00e7a co\u00fbte ? Tarifs et d\u00e9tail des garanties des meilleures offres du march\u00e9.\",\"breadcrumb\":{\"@id\":\"https:\/\/guide.reassurez-moi.fr\/guide\/assurance-auto\/multiconducteur#breadcrumb\"},\"inLanguage\":\"fr-FR\",\"potentialAction\":[{\"@type\":\"ReadAction\",\"target\":[\"https:\/\/guide.reassurez-moi.fr\/guide\/assurance-auto\/multiconducteur\"]}]},{\"@type\":\"BreadcrumbList\",\"@id\":\"https:\/\/guide.reassurez-moi.fr\/guide\/assurance-auto\/multiconducteur#breadcrumb\",\"itemListElement\":[{\"@type\":\"ListItem\",\"position\":1,\"name\":\"Assurances\",\"item\":\"https:\/\/guide.reassurez-moi.fr\/guide\/\"},{\"@type\":\"ListItem\",\"position\":2,\"name\":\"Assurance auto\",\"item\":\"https:\/\/guide.reassurez-moi.fr\/guide\/assurance-auto\"},{\"@type\":\"ListItem\",\"position\":3,\"name\":\"Multiconducteur\"}]},{\"@type\":\"WebSite\",\"@id\":\"https:\/\/guide.reassurez-moi.fr\/guide\/#website\",\"url\":\"https:\/\/guide.reassurez-moi.fr\/guide\/\",\"name\":\"R\u00e9assurez-moi\",\"description\":\"Comparateur d&#039;assurances\",\"potentialAction\":[{\"@type\":\"SearchAction\",\"target\":{\"@type\":\"EntryPoint\",\"urlTemplate\":\"https:\/\/guide.reassurez-moi.fr\/guide\/?s={search_term_string}\"},\"query-input\":{\"@type\":\"PropertyValueSpecification\",\"valueRequired\":true,\"valueName\":\"search_term_string\"}}],\"inLanguage\":\"fr-FR\"}]}<\/script>\n<!-- \/ Yoast SEO plugin. -->","yoast_head_json":{"title":"Comment fonctionne l'assurance multiconducteur ? Comparatif en ligne","description":"Assurer son v\u00e9hicule pour plusieurs conducteurs, combien \u00e7a co\u00fbte ? Tarifs et d\u00e9tail des garanties des meilleures offres du march\u00e9.","robots":{"index":"index","follow":"follow","max-snippet":"max-snippet:-1","max-image-preview":"max-image-preview:large","max-video-preview":"max-video-preview:-1"},"canonical":"https:\/\/guide.reassurez-moi.fr\/guide\/assurance-auto\/multiconducteur","og_locale":"fr_FR","og_type":"article","og_title":"Comment fonctionne l'assurance multiconducteur ? Comparatif en ligne","og_description":"Assurer son v\u00e9hicule pour plusieurs conducteurs, combien \u00e7a co\u00fbte ? Tarifs et d\u00e9tail des garanties des meilleures offres du march\u00e9.","og_url":"https:\/\/guide.reassurez-moi.fr\/guide\/assurance-auto\/multiconducteur","og_site_name":"R\u00e9assurez-moi","article_publisher":"https:\/\/www.facebook.com\/R%c3%a9assurez-moi-209456495889479\/","article_modified_time":"2026-02-02T14:11:49+00:00","og_image":[{"width":500,"height":160,"url":"https:\/\/guide.reassurez-moi.fr\/guide\/wp-content\/uploads\/2018\/04\/image-de-partage.png","type":"image\/png"}],"twitter_card":"summary_large_image","twitter_site":"@reassurezmoi","twitter_misc":{"Dur\u00e9e de lecture estim\u00e9e":"7 minutes"},"schema":{"@context":"https:\/\/schema.org","@graph":[{"@type":"WebPage","@id":"https:\/\/guide.reassurez-moi.fr\/guide\/assurance-auto\/multiconducteur","url":"https:\/\/guide.reassurez-moi.fr\/guide\/assurance-auto\/multiconducteur","name":"Comment fonctionne l'assurance multiconducteur ? Comparatif en ligne","isPartOf":{"@id":"https:\/\/guide.reassurez-moi.fr\/guide\/#website"},"datePublished":"2020-02-19T15:08:35+00:00","dateModified":"2026-02-02T14:11:49+00:00","description":"Assurer son v\u00e9hicule pour plusieurs conducteurs, combien \u00e7a co\u00fbte ? Tarifs et d\u00e9tail des garanties des meilleures offres du march\u00e9.","breadcrumb":{"@id":"https:\/\/guide.reassurez-moi.fr\/guide\/assurance-auto\/multiconducteur#breadcrumb"},"inLanguage":"fr-FR","potentialAction":[{"@type":"ReadAction","target":["https:\/\/guide.reassurez-moi.fr\/guide\/assurance-auto\/multiconducteur"]}]},{"@type":"BreadcrumbList","@id":"https:\/\/guide.reassurez-moi.fr\/guide\/assurance-auto\/multiconducteur#breadcrumb","itemListElement":[{"@type":"ListItem","position":1,"name":"Assurances","item":"https:\/\/guide.reassurez-moi.fr\/guide\/"},{"@type":"ListItem","position":2,"name":"Assurance auto","item":"https:\/\/guide.reassurez-moi.fr\/guide\/assurance-auto"},{"@type":"ListItem","position":3,"name":"Multiconducteur"}]},{"@type":"WebSite","@id":"https:\/\/guide.reassurez-moi.fr\/guide\/#website","url":"https:\/\/guide.reassurez-moi.fr\/guide\/","name":"R\u00e9assurez-moi","description":"Comparateur d&#039;assurances","potentialAction":[{"@type":"SearchAction","target":{"@type":"EntryPoint","urlTemplate":"https:\/\/guide.reassurez-moi.fr\/guide\/?s={search_term_string}"},"query-input":{"@type":"PropertyValueSpecification","valueRequired":true,"valueName":"search_term_string"}}],"inLanguage":"fr-FR"}]}},"acf":[],"_links":{"self":[{"href":"https:\/\/guide.reassurez-moi.fr\/guide\/wp-json\/wp\/v2\/pages\/107938","targetHints":{"allow":["GET"]}}],"collection":[{"href":"https:\/\/guide.reassurez-moi.fr\/guide\/wp-json\/wp\/v2\/pages"}],"about":[{"href":"https:\/\/guide.reassurez-moi.fr\/guide\/wp-json\/wp\/v2\/types\/page"}],"author":[{"embeddable":true,"href":"https:\/\/guide.reassurez-moi.fr\/guide\/wp-json\/wp\/v2\/users\/86"}],"replies":[{"embeddable":true,"href":"https:\/\/guide.reassurez-moi.fr\/guide\/wp-json\/wp\/v2\/comments?post=107938"}],"version-history":[{"count":1,"href":"https:\/\/guide.reassurez-moi.fr\/guide\/wp-json\/wp\/v2\/pages\/107938\/revisions"}],"predecessor-version":[{"id":215575,"href":"https:\/\/guide.reassurez-moi.fr\/guide\/wp-json\/wp\/v2\/pages\/107938\/revisions\/215575"}],"up":[{"embeddable":true,"href":"https:\/\/guide.reassurez-moi.fr\/guide\/wp-json\/wp\/v2\/pages\/15725"}],"wp:attachment":[{"href":"https:\/\/guide.reassurez-moi.fr\/guide\/wp-json\/wp\/v2\/media?parent=107938"}],"wp:term":[{"taxonomy":"category","embeddable":true,"href":"https:\/\/guide.reassurez-moi.fr\/guide\/wp-json\/wp\/v2\/categories?post=107938"},{"taxonomy":"page_topic","embeddable":true,"href":"https:\/\/guide.reassurez-moi.fr\/guide\/wp-json\/wp\/v2\/page_topic?post=107938"}],"curies":[{"name":"wp","href":"https:\/\/api.w.org\/{rel}","templated":true}]}}