{"id":109119,"date":"2020-02-24T21:52:02","date_gmt":"2020-02-24T20:52:02","guid":{"rendered":"https:\/\/reassurez-moi.fr\/guide\/?page_id=109119"},"modified":"2026-02-02T15:54:17","modified_gmt":"2026-02-02T14:54:17","slug":"epargne","status":"publish","type":"page","link":"https:\/\/guide.reassurez-moi.fr\/guide\/epargne","title":{"rendered":"Guide \u00c9pargne"},"content":{"rendered":"\n<h1 class=\"wp-block-heading has-text-color\" id=\"quel-est-le-meilleur-produit-d-epargne\" style=\"color:#093e78\">Quel est le meilleur produit d&rsquo;\u00e9pargne ?<\/h1>\n\n\n\n<div style=\"height:20px\" aria-hidden=\"true\" class=\"wp-block-spacer\"><\/div>\n\n\n\n<p>Pour pr\u00e9parer un projet immobilier ou l&rsquo;avenir de vos enfants, le livret d&rsquo;\u00e9pargne est un incontournable. Livret A, Plan \u00e9pargne logement (PEL), assurance-vie, il existe d\u00e9sormais un large choix de produits d&rsquo;\u00e9pargne. Mais comment comparer ces livrets d&rsquo;\u00e9pargne et choisir celui qui r\u00e9pond \u00e0 vos besoins ? Gr\u00e2ce \u00e0 notre guide sp\u00e9cial \u00e9pargne vous aurez toutes les informations utiles pour faire votre choix. <\/p>\n\n\n\n<h2 class=\"wp-block-heading\" id=\"quel-est-le-meilleur-placement-pour-son-epargne\">Quel est le meilleur placement pour son \u00e9pargne ?&nbsp;<\/h2>\n\n\n\n<p>Un compte d&rsquo;\u00e9pargne, \u00e9galement appel\u00e9 livret de d\u00e9p\u00f4t, livret d&rsquo;\u00e9pargne ou d\u00e9p\u00f4t d&rsquo;\u00e9pargne, permet de mettre de c\u00f4t\u00e9 de l&rsquo;argent pour un usage ult\u00e9rieur. Si certains livrets d&rsquo;\u00e9pargne donnent la possibilit\u00e9 de placer et retirer le montant de votre choix, d&rsquo;autres vont prendre la forme d&rsquo;un placement bloqu\u00e9 tel que le Plan d&rsquo;\u00e9pargne en actions (PEA) ou l&rsquo;assurance-vie. La disponibilit\u00e9 des fonds, leur plafond et les taux d&rsquo;\u00e9pargne vont \u00e9galement varier d&rsquo;un livret \u00e0 un autre.<\/p>\n\n\n\n<p><strong>En r\u00e9alisant un comparatif de livret d&rsquo;\u00e9pargne, <\/strong>vous devrez donc choisir entre les diff\u00e9rents comptes r\u00e9glement\u00e9s, <a href=\"https:\/\/reassurez-moi.fr\/guide\/epargne\/super-livret\">super-livrets<\/a> ou les comptes ordinaires. Les livrets r\u00e9glement\u00e9s ont la particularit\u00e9 de proposer un taux encadr\u00e9 par la loi et de b\u00e9n\u00e9ficier d\u2019une exon\u00e9ration d\u2019imp\u00f4ts. Dans le cas d&rsquo;un livret non-r\u00e9glement\u00e9, les taux et la dur\u00e9e d&rsquo;\u00e9pargne vont alors \u00eatre fix\u00e9s par la banque. Le <a href=\"https:\/\/reassurez-moi.fr\/guide\/epargne\/meilleur-livret\">meilleur contrat d&rsquo;\u00e9pargne<\/a> va donc avant tout d\u00e9pendre de vos besoins ou de votre projet. Sachez que vous pouvez aussi vous faire aider par un <a href=\"https:\/\/reassurez-moi.fr\/guide\/epargne\/gestion-patrimoine\">gestionnaire de patrimoine<\/a> pour comparer.<\/p>\n\n\n\n<h2 class=\"wp-block-heading\" id=\"solution-d-epargne-nos-3-conseils-pour-bien-choisir\">Solution d\u2019\u00e9pargne : nos 4 conseils pour bien choisir<\/h2>\n\n\n\n<p><strong>Le <a href=\"https:\/\/reassurez-moi.fr\/guide\/epargne\/livret-a\">livret A<\/a> et le livret d\u00e9veloppement durable et solidaire (LDDS) sont les comptes \u00e9pargne les plus pl\u00e9biscit\u00e9s par les fran\u00e7ais<\/strong>. Bien que leur rentabilit\u00e9 soit limit\u00e9e, cela laisse la possibilit\u00e9 de disposer de son argent \u00e0 tout moment avec exon\u00e9ration d\u2019imp\u00f4t sur le revenu et des pr\u00e9l\u00e8vements sociaux. Mais il existe d\u00e9sormais plusieurs types de livrets d&rsquo;\u00e9pargne sur le march\u00e9 et il serait dommage de ne pas faire un comparatif ! Voici quelques conseils pour choisir la solution d&rsquo;\u00e9pargne qui vous convient. <br><br><strong>Conseil n\u00b01<\/strong> : faites le point sur vos besoins. Chaque livret d&rsquo;\u00e9pargne est diff\u00e9rent, avec un usage, un montant et un plafond qui lui est propre. Selon votre situation personnelle, vos ressources et vos projets, certains comptes \u00e9pargne seront donc plus en ad\u00e9quation avec votre profil. A minima, d\u00e9finissez la finalit\u00e9 de votre \u00e9pargne (mettre de c\u00f4t\u00e9, achat immobilier, etc.), les sommes que vous souhaitez \u00e9pargner et si vous souhaitez bloquer vos fonds ou qu&rsquo;ils restent accessibles \u00e0 tout moment. <br><br><strong>Conseil n\u00b02<\/strong> : renseignez-vous sur les diff\u00e9rents produits et faites un comparatif de chaque livret d&rsquo;\u00e9pargne. Conna\u00eetre les caract\u00e9ristiques des produits d&rsquo;\u00e9pargne vous permettra d&rsquo;y voir plus clair.  <\/p>\n\n\n\n<ul class=\"wp-block-list\">\n<li><strong>Livret A<\/strong> : plafonn\u00e9 \u00e0 22 950 \u20ac, taux \u00e0 1,7 % depuis le 1er ao\u00fbt 2025 et fonds disponibles. Ce livret incontournable est exempt\u00e9 de pr\u00e9l\u00e8vements obligatoires (imp\u00f4ts et cotisations sociales) ;<\/li>\n<\/ul>\n\n\n\n<ul class=\"wp-block-list\">\n<li><strong>Livret de d\u00e9veloppement durable et solidaire (<a href=\"https:\/\/reassurez-moi.fr\/guide\/epargne\/ldds\">LDDS<\/a>)<\/strong> : plafonn\u00e9 \u00e0 12 000 \u20ac et taux d&rsquo;int\u00e9r\u00eat \u00e0 1,7 %. Il est \u00e9galement exempt\u00e9 de pr\u00e9l\u00e8vements obligatoires ;<\/li>\n<\/ul>\n\n\n\n<ul class=\"wp-block-list\">\n<li><strong>Livret d\u2019\u00e9pargne populaire (LEP) <\/strong>: r\u00e9serv\u00e9 aux personnes \u00e0 revenus modestes, limit\u00e9 \u00e0 un seul par personne et avec obligation de r\u00e9sidence fiscale en France. Son plafond est fix\u00e9 \u00e0 10 000 \u20ac pour un taux d&rsquo;int\u00e9r\u00eat \u00e0 2,7 % ;<\/li>\n<\/ul>\n\n\n\n<ul class=\"wp-block-list\">\n<li><strong>Livret jeune<\/strong> : r\u00e9serv\u00e9 pour les personnes de 12 \u00e0 25 ans, il est plafonn\u00e9 \u00e0 1 600 \u20ac et ses retraits sont soumis \u00e0 autorisation en-dessous de 16 ans. Le taux d&rsquo;int\u00e9r\u00eat est fix\u00e9 librement par les banques mais ne peut \u00eatre inf\u00e9rieur \u00e0&nbsp;2 % par an ;<\/li>\n<\/ul>\n\n\n\n<ul class=\"wp-block-list\">\n<li><strong>Compte \u00e9pargne logement (CEL)<\/strong> : id\u00e9al pour obtenir un pr\u00eat immobilier \u00e0 un taux attractif, mais soumis aux pr\u00e9l\u00e8vements sociaux et ne peut \u00eatre cumul\u00e9 avec un autre <a href=\"https:\/\/reassurez-moi.fr\/guide\/epargne\/cel\">CEL<\/a> ou un PEL (sauf m\u00eame banque). Son plafond est de 15 300 \u20ac et son taux est de 1,25 % ;<\/li>\n<\/ul>\n\n\n\n<ul class=\"wp-block-list\">\n<li><strong>Plan \u00e9pargne logement (PEL)<\/strong> : son taux d&rsquo;int\u00e9r\u00eat varie de 1 \u00e0 2,5 % et son plafond est de 61 200 \u20ac. Le PEL vise \u00e0 faciliter un achat immobilier gr\u00e2ce \u00e0 un taux privil\u00e9gi\u00e9, il s&rsquo;agit d&rsquo;une \u00e9pargne bloqu\u00e9e&nbsp;soumise aux pr\u00e9l\u00e8vements sociaux et \u00e0 l&rsquo;imp\u00f4t sur le revenu \u00e0 partir de sa douzi\u00e8me ann\u00e9e. Il ne peut pas \u00eatre cumul\u00e9 avec un autre PEL ou un CEL (sauf m\u00eame banque) ;<\/li>\n<\/ul>\n\n\n\n<ul class=\"wp-block-list\">\n<li><strong>Plan d\u2019\u00e9pargne retraite (PER)<\/strong> : il s&rsquo;agit d&rsquo;un compte bloqu\u00e9 sans condition de plafond permettant de compl\u00e9ter sa retraite. Les fonds sont en principe indisponibles jusqu&rsquo;\u00e0 l&rsquo;\u00e2ge de d\u00e9part en retraite mais un retrait anticip\u00e9 est possible \u00e0 certaines conditions ;<\/li>\n<\/ul>\n\n\n\n<ul class=\"wp-block-list\">\n<li><strong><a href=\"https:\/\/reassurez-moi.fr\/guide\/epargne\/compte-a-terme\">Compte \u00e0 terme<\/a><\/strong> : le taux est librement fix\u00e9 par la banque et il peut \u00eatre fixe, progressif ou variable. Il n&rsquo;y a pas de conditions li\u00e9es au plafond, en revanche les fonds sont bloqu\u00e9s de 1 mois \u00e0 5 ans. Il est soumis \u00e0 l&rsquo;imp\u00f4t sur le revenu et aux pr\u00e9l\u00e8vements sociaux.<\/li>\n<\/ul>\n\n\n\n<p><strong>Conseil n\u00b03 <\/strong>: faites un comparatif des conditions d&rsquo;\u00e9pargne de chaque livret aupr\u00e8s de la banque. En effet d&rsquo;un livret \u00e0 un autre, un plafond, un versement mensuel ou encore une indisponibilit\u00e9 des fonds peuvent vous \u00eatre impos\u00e9s. Par exemple l&rsquo;ouverture d&rsquo;un Plan \u00e9pargne logement (PEL) est conditionn\u00e9e \u00e0 un versement mensuel de 45 \u20ac minimum. <\/p>\n\n\n\n<p><strong>Conseil n\u00b04<\/strong> : si le go\u00fbt du risque ne vous fait pas peur, pourquoi ne pas vous tournez vers un produit d&rsquo;\u00e9pargne moins s\u00e9curis\u00e9 certes mais aussi plus r\u00e9mun\u00e9rateur ? Parmi eux, l&rsquo;achat de part de SCPI est une solution pouvant s&rsquo;av\u00e9rer tr\u00e8s rentable. Cela vous int\u00e9resse ? Notre <a href=\"https:\/\/reassurez-moi.fr\/guide\/epargne\/scpi\">comparatif des meilleures SCPI <\/a>vous pr\u00e9sente les fonds les plus rentables du march\u00e9.<\/p>\n\n\n\n<div class=\"wp-block-mars-information icon-info without-background\"><i class=\"icon\"><\/i><p>Pour vous aider \u00e0 constituer une \u00e9pargne, vous pouvez<a href=\"https:\/\/reassurez-moi.fr\/guide\/epargne\/budget-mensuel\"> r\u00e9aliser votre budget mensuel<\/a>. Cela vous permettra d&rsquo;anticiper vos d\u00e9penses, de calculer votre ratio revenus \/ d\u00e9penses, et ainsi pouvoir \u00e9pargner.<\/p><\/div>\n\n\n\n<h2 class=\"wp-block-heading\" id=\"comment-comparer-des-taux-d-epargne\">Comment comparer des taux d\u2019\u00e9pargne ?<\/h2>\n\n\n\n<p><strong>La tendance globale des taux de livret d&rsquo;\u00e9pargne est \u00e0 la baisse pour l&rsquo;ann\u00e9e 2026.<\/strong> De nombreux produits d&rsquo;\u00e9pargne suivent ce mouvement de baisse g\u00e9n\u00e9ralis\u00e9e : livret A, livret de d\u00e9veloppement durable et solidaire (LDDS),<a href=\"https:\/\/reassurez-moi.fr\/guide\/epargne\/lep\"> livret d\u2019\u00e9pargne populaire<\/a> (LEP), compte \u00e9pargne logement (CEL).<\/p>\n\n\n\n<p>Pour autant, certains produits d&rsquo;\u00e9pargne offrent une meilleure r\u00e9mun\u00e9ration que d&rsquo;autres. Pour les moins de 25 ans, le <a href=\"https:\/\/reassurez-moi.fr\/guide\/epargne\/livret-jeune\">livret jeune<\/a> est au moins \u00e9gal au livret A ou sup\u00e9rieur selon le taux fix\u00e9 par la banque. Le livret de d\u00e9veloppement durable et solidaire (LDDS) et le <a href=\"https:\/\/reassurez-moi.fr\/guide\/epargne\/livret-bleu\">livret bleu du Cr\u00e9dit Mutuel<\/a> sont en revanche au m\u00eame taux que le livret A soit 1,7 %. Enfin les taux du compte \u00e9pargne logement (CEL) et du <a href=\"https:\/\/reassurez-moi.fr\/guide\/epargne\/lee\">livret \u00e9pargne entreprise<\/a> (LEE) sont tous deux d\u00e9sormais inf\u00e9rieurs au livret A.<br><br>Lorsque l&rsquo;on se renseigne sur les livrets d&rsquo;\u00e9pargne le comparatif des taux n&rsquo;est pas le seul crit\u00e8re pertinent. En effet, la r\u00e9mun\u00e9ration va \u00e9galement du montant pouvant \u00eatre plac\u00e9 sur le compte \u00e9pargne au regard du plafond. Certains livrets d&rsquo;\u00e9pargne, le PEL comme le CEL, sont \u00e9galement soumis \u00e0 l&rsquo;imp\u00f4t sur le revenu et aux pr\u00e9l\u00e8vements sociaux ce qui affecte leur rendement.<\/p>\n\n\n\n<div class=\"wp-block-mars-information icon-arrow without-background\"><i class=\"icon\"><\/i><p>Notre conseil : comparer un compte \u00e9pargne et les diff\u00e9rents taux n&rsquo;est pas d&rsquo;\u00e9vident alors n&rsquo;h\u00e9sitez pas \u00e0 faire des simulations aupr\u00e8s de votre banque ou en ligne.<\/p><\/div>\n\n\n\n<h2 class=\"wp-block-heading\" id=\"pourquoi-ouvrir-un-livret-d-epargne\">Pourquoi ouvrir un livret d\u2019\u00e9pargne ?&nbsp;<\/h2>\n\n\n\n<p>Les fran\u00e7ais n&rsquo;ont jamais eu autant d&rsquo;argent en liquide sur des livrets d&rsquo;\u00e9pargne ou plac\u00e9s en assurance-vie. Alors qu&rsquo;est-ce qui rend l&rsquo;\u00e9pargne aussi int\u00e9ressante ? Souvent, il s&rsquo;agit avant tout de disposer d&rsquo;une \u00e9pargne de s\u00e9curit\u00e9 afin de faire plus facilement face \u00e0 des d\u00e9penses impr\u00e9vues ou une perte de revenus. Cela repr\u00e9sente \u00e9galement un compl\u00e9ment de revenus pour de nombreux retrait\u00e9s qui ont du mal \u00e0 boucler leurs fins de mois.<\/p>\n\n\n\n<p>D\u00e9sormais de plus en plus d&rsquo;\u00e9pargnants souhaitent \u00e9galement valoriser leurs placements gr\u00e2ce \u00e0 des produits d\u2019\u00e9pargne attractifs. Assurance-vie, <a href=\"https:\/\/reassurez-moi.fr\/guide\/epargne\/compte-a-terme\">Compte \u00e0 terme<\/a>, placements boursiers, etc. de plus en plus d&rsquo;\u00e9tablissements bancaires proposent d\u00e9sormais leurs propres solutions d\u2019\u00e9pargne promettant des r\u00e9mun\u00e9rations int\u00e9ressantes. Leurs taux sont plus avantageux que celui du Livret A et varient d&rsquo;une banque \u00e0 une autre. Pour accroitre le rendement de son \u00e9pargne il faut alors opter pour des produits avec une plus grande prise de risque. Un comparateur de placement financier est donc id\u00e9al pour ceux qui souhaitent faire jouer la concurrence pour investir aux meilleures conditions.<\/p>\n\n\n\n<div class=\"wp-block-mars-information icon-question without-background\"><i class=\"icon\"><\/i><p>Le saviez-vous ? Une \u00e9pargne de pr\u00e9caution est indispensable pour affronter les coups durs. Celle-ci doit \u00eatre disponible \u00e0 n&rsquo;importe quel moment et repr\u00e9senter id\u00e9alement 3 mois de votre salaire.  <\/p><\/div>\n","protected":false},"excerpt":{"rendered":"<p>Quel est le meilleur produit d&rsquo;\u00e9pargne ? Pour pr\u00e9parer un projet immobilier ou l&rsquo;avenir de vos enfants, le livret d&rsquo;\u00e9pargne est un incontournable. Livret A, Plan \u00e9pargne logement (PEL), assurance-vie, il existe d\u00e9sormais un large choix de produits d&rsquo;\u00e9pargne. Mais comment comparer ces livrets d&rsquo;\u00e9pargne et choisir celui qui r\u00e9pond \u00e0 vos besoins ? Gr\u00e2ce\u2026<\/p>\n","protected":false},"author":86,"featured_media":205756,"parent":0,"menu_order":0,"comment_status":"open","ping_status":"closed","template":"pages\/page-comparator.php","meta":{"_acf_changed":false,"footnotes":""},"categories":[],"page_topic":[612],"class_list":["post-109119","page","type-page","status-publish","has-post-thumbnail","hentry"],"yoast_head":"<!-- This site is optimized with the Yoast SEO plugin v24.7 - https:\/\/yoast.com\/wordpress\/plugins\/seo\/ -->\n<title>Quel est le meilleur placement d&#039;\u00e9pargne ?<\/title>\n<meta name=\"description\" content=\"D\u00e9couvrez les meilleurs produits d&#039;\u00e9pargne du march\u00e9. Notre comparatif en d\u00e9tail selon les conditions et frais appliqu\u00e9s. Avis d&#039;experts.\" \/>\n<meta name=\"robots\" content=\"index, follow, max-snippet:-1, max-image-preview:large, max-video-preview:-1\" \/>\n<link rel=\"canonical\" href=\"https:\/\/guide.reassurez-moi.fr\/guide\/epargne\" \/>\n<meta property=\"og:locale\" content=\"fr_FR\" \/>\n<meta property=\"og:type\" content=\"article\" \/>\n<meta property=\"og:title\" content=\"Quel est le meilleur placement d&#039;\u00e9pargne ?\" \/>\n<meta property=\"og:description\" content=\"D\u00e9couvrez les meilleurs produits d&#039;\u00e9pargne du march\u00e9. Notre comparatif en d\u00e9tail selon les conditions et frais appliqu\u00e9s. Avis d&#039;experts.\" \/>\n<meta property=\"og:url\" content=\"https:\/\/guide.reassurez-moi.fr\/guide\/epargne\" \/>\n<meta property=\"og:site_name\" content=\"R\u00e9assurez-moi\" \/>\n<meta property=\"article:publisher\" content=\"https:\/\/www.facebook.com\/R%c3%a9assurez-moi-209456495889479\/\" \/>\n<meta property=\"article:modified_time\" content=\"2026-02-02T14:54:17+00:00\" \/>\n<meta property=\"og:image\" content=\"https:\/\/guide.reassurez-moi.fr\/guide\/wp-content\/uploads\/2025\/01\/epargne.jpg\" \/>\n\t<meta property=\"og:image:width\" content=\"1123\" \/>\n\t<meta property=\"og:image:height\" content=\"511\" \/>\n\t<meta property=\"og:image:type\" content=\"image\/jpeg\" \/>\n<meta name=\"twitter:card\" content=\"summary_large_image\" \/>\n<meta name=\"twitter:site\" content=\"@reassurezmoi\" \/>\n<meta name=\"twitter:label1\" content=\"Dur\u00e9e de lecture estim\u00e9e\" \/>\n\t<meta name=\"twitter:data1\" content=\"8 minutes\" \/>\n<script type=\"application\/ld+json\" class=\"yoast-schema-graph\">{\"@context\":\"https:\/\/schema.org\",\"@graph\":[{\"@type\":\"WebPage\",\"@id\":\"https:\/\/guide.reassurez-moi.fr\/guide\/epargne\",\"url\":\"https:\/\/guide.reassurez-moi.fr\/guide\/epargne\",\"name\":\"Quel est le meilleur placement d'\u00e9pargne ?\",\"isPartOf\":{\"@id\":\"https:\/\/guide.reassurez-moi.fr\/guide\/#website\"},\"primaryImageOfPage\":{\"@id\":\"https:\/\/guide.reassurez-moi.fr\/guide\/epargne#primaryimage\"},\"image\":{\"@id\":\"https:\/\/guide.reassurez-moi.fr\/guide\/epargne#primaryimage\"},\"thumbnailUrl\":\"https:\/\/guide.reassurez-moi.fr\/guide\/wp-content\/uploads\/2025\/01\/epargne.jpg\",\"datePublished\":\"2020-02-24T20:52:02+00:00\",\"dateModified\":\"2026-02-02T14:54:17+00:00\",\"description\":\"D\u00e9couvrez les meilleurs produits d'\u00e9pargne du march\u00e9. Notre comparatif en d\u00e9tail selon les conditions et frais appliqu\u00e9s. Avis d'experts.\",\"breadcrumb\":{\"@id\":\"https:\/\/guide.reassurez-moi.fr\/guide\/epargne#breadcrumb\"},\"inLanguage\":\"fr-FR\",\"potentialAction\":[{\"@type\":\"ReadAction\",\"target\":[\"https:\/\/guide.reassurez-moi.fr\/guide\/epargne\"]}]},{\"@type\":\"ImageObject\",\"inLanguage\":\"fr-FR\",\"@id\":\"https:\/\/guide.reassurez-moi.fr\/guide\/epargne#primaryimage\",\"url\":\"https:\/\/guide.reassurez-moi.fr\/guide\/wp-content\/uploads\/2025\/01\/epargne.jpg\",\"contentUrl\":\"https:\/\/guide.reassurez-moi.fr\/guide\/wp-content\/uploads\/2025\/01\/epargne.jpg\",\"width\":1123,\"height\":511,\"caption\":\"epargne\"},{\"@type\":\"BreadcrumbList\",\"@id\":\"https:\/\/guide.reassurez-moi.fr\/guide\/epargne#breadcrumb\",\"itemListElement\":[{\"@type\":\"ListItem\",\"position\":1,\"name\":\"Assurances\",\"item\":\"https:\/\/guide.reassurez-moi.fr\/guide\/\"},{\"@type\":\"ListItem\",\"position\":2,\"name\":\"Guide de l'\u00e9pargne\"}]},{\"@type\":\"WebSite\",\"@id\":\"https:\/\/guide.reassurez-moi.fr\/guide\/#website\",\"url\":\"https:\/\/guide.reassurez-moi.fr\/guide\/\",\"name\":\"R\u00e9assurez-moi\",\"description\":\"Comparateur d&#039;assurances\",\"potentialAction\":[{\"@type\":\"SearchAction\",\"target\":{\"@type\":\"EntryPoint\",\"urlTemplate\":\"https:\/\/guide.reassurez-moi.fr\/guide\/?s={search_term_string}\"},\"query-input\":{\"@type\":\"PropertyValueSpecification\",\"valueRequired\":true,\"valueName\":\"search_term_string\"}}],\"inLanguage\":\"fr-FR\"}]}<\/script>\n<!-- \/ Yoast SEO plugin. -->","yoast_head_json":{"title":"Quel est le meilleur placement d'\u00e9pargne ?","description":"D\u00e9couvrez les meilleurs produits d'\u00e9pargne du march\u00e9. Notre comparatif en d\u00e9tail selon les conditions et frais appliqu\u00e9s. Avis d'experts.","robots":{"index":"index","follow":"follow","max-snippet":"max-snippet:-1","max-image-preview":"max-image-preview:large","max-video-preview":"max-video-preview:-1"},"canonical":"https:\/\/guide.reassurez-moi.fr\/guide\/epargne","og_locale":"fr_FR","og_type":"article","og_title":"Quel est le meilleur placement d'\u00e9pargne ?","og_description":"D\u00e9couvrez les meilleurs produits d'\u00e9pargne du march\u00e9. Notre comparatif en d\u00e9tail selon les conditions et frais appliqu\u00e9s. Avis d'experts.","og_url":"https:\/\/guide.reassurez-moi.fr\/guide\/epargne","og_site_name":"R\u00e9assurez-moi","article_publisher":"https:\/\/www.facebook.com\/R%c3%a9assurez-moi-209456495889479\/","article_modified_time":"2026-02-02T14:54:17+00:00","og_image":[{"width":1123,"height":511,"url":"https:\/\/guide.reassurez-moi.fr\/guide\/wp-content\/uploads\/2025\/01\/epargne.jpg","type":"image\/jpeg"}],"twitter_card":"summary_large_image","twitter_site":"@reassurezmoi","twitter_misc":{"Dur\u00e9e de lecture estim\u00e9e":"8 minutes"},"schema":{"@context":"https:\/\/schema.org","@graph":[{"@type":"WebPage","@id":"https:\/\/guide.reassurez-moi.fr\/guide\/epargne","url":"https:\/\/guide.reassurez-moi.fr\/guide\/epargne","name":"Quel est le meilleur placement d'\u00e9pargne ?","isPartOf":{"@id":"https:\/\/guide.reassurez-moi.fr\/guide\/#website"},"primaryImageOfPage":{"@id":"https:\/\/guide.reassurez-moi.fr\/guide\/epargne#primaryimage"},"image":{"@id":"https:\/\/guide.reassurez-moi.fr\/guide\/epargne#primaryimage"},"thumbnailUrl":"https:\/\/guide.reassurez-moi.fr\/guide\/wp-content\/uploads\/2025\/01\/epargne.jpg","datePublished":"2020-02-24T20:52:02+00:00","dateModified":"2026-02-02T14:54:17+00:00","description":"D\u00e9couvrez les meilleurs produits d'\u00e9pargne du march\u00e9. Notre comparatif en d\u00e9tail selon les conditions et frais appliqu\u00e9s. Avis d'experts.","breadcrumb":{"@id":"https:\/\/guide.reassurez-moi.fr\/guide\/epargne#breadcrumb"},"inLanguage":"fr-FR","potentialAction":[{"@type":"ReadAction","target":["https:\/\/guide.reassurez-moi.fr\/guide\/epargne"]}]},{"@type":"ImageObject","inLanguage":"fr-FR","@id":"https:\/\/guide.reassurez-moi.fr\/guide\/epargne#primaryimage","url":"https:\/\/guide.reassurez-moi.fr\/guide\/wp-content\/uploads\/2025\/01\/epargne.jpg","contentUrl":"https:\/\/guide.reassurez-moi.fr\/guide\/wp-content\/uploads\/2025\/01\/epargne.jpg","width":1123,"height":511,"caption":"epargne"},{"@type":"BreadcrumbList","@id":"https:\/\/guide.reassurez-moi.fr\/guide\/epargne#breadcrumb","itemListElement":[{"@type":"ListItem","position":1,"name":"Assurances","item":"https:\/\/guide.reassurez-moi.fr\/guide\/"},{"@type":"ListItem","position":2,"name":"Guide de l'\u00e9pargne"}]},{"@type":"WebSite","@id":"https:\/\/guide.reassurez-moi.fr\/guide\/#website","url":"https:\/\/guide.reassurez-moi.fr\/guide\/","name":"R\u00e9assurez-moi","description":"Comparateur d&#039;assurances","potentialAction":[{"@type":"SearchAction","target":{"@type":"EntryPoint","urlTemplate":"https:\/\/guide.reassurez-moi.fr\/guide\/?s={search_term_string}"},"query-input":{"@type":"PropertyValueSpecification","valueRequired":true,"valueName":"search_term_string"}}],"inLanguage":"fr-FR"}]}},"acf":[],"_links":{"self":[{"href":"https:\/\/guide.reassurez-moi.fr\/guide\/wp-json\/wp\/v2\/pages\/109119","targetHints":{"allow":["GET"]}}],"collection":[{"href":"https:\/\/guide.reassurez-moi.fr\/guide\/wp-json\/wp\/v2\/pages"}],"about":[{"href":"https:\/\/guide.reassurez-moi.fr\/guide\/wp-json\/wp\/v2\/types\/page"}],"author":[{"embeddable":true,"href":"https:\/\/guide.reassurez-moi.fr\/guide\/wp-json\/wp\/v2\/users\/86"}],"replies":[{"embeddable":true,"href":"https:\/\/guide.reassurez-moi.fr\/guide\/wp-json\/wp\/v2\/comments?post=109119"}],"version-history":[{"count":4,"href":"https:\/\/guide.reassurez-moi.fr\/guide\/wp-json\/wp\/v2\/pages\/109119\/revisions"}],"predecessor-version":[{"id":214266,"href":"https:\/\/guide.reassurez-moi.fr\/guide\/wp-json\/wp\/v2\/pages\/109119\/revisions\/214266"}],"wp:featuredmedia":[{"embeddable":true,"href":"https:\/\/guide.reassurez-moi.fr\/guide\/wp-json\/wp\/v2\/media\/205756"}],"wp:attachment":[{"href":"https:\/\/guide.reassurez-moi.fr\/guide\/wp-json\/wp\/v2\/media?parent=109119"}],"wp:term":[{"taxonomy":"category","embeddable":true,"href":"https:\/\/guide.reassurez-moi.fr\/guide\/wp-json\/wp\/v2\/categories?post=109119"},{"taxonomy":"page_topic","embeddable":true,"href":"https:\/\/guide.reassurez-moi.fr\/guide\/wp-json\/wp\/v2\/page_topic?post=109119"}],"curies":[{"name":"wp","href":"https:\/\/api.w.org\/{rel}","templated":true}]}}