{"id":112034,"date":"2020-03-10T20:49:57","date_gmt":"2020-03-10T19:49:57","guid":{"rendered":"https:\/\/reassurez-moi.fr\/guide\/?page_id=112034"},"modified":"2026-02-02T15:11:44","modified_gmt":"2026-02-02T14:11:44","slug":"low-cost","status":"publish","type":"page","link":"https:\/\/guide.reassurez-moi.fr\/guide\/assurance-auto\/low-cost","title":{"rendered":"Assurance auto &#8211; Low cost"},"content":{"rendered":"\n<h1 class=\"wp-block-heading\">Qu&rsquo;est-ce qu&rsquo;une assurance auto discount ?<\/h1>\n\n\n\n<p><strong>Conduire une voiture de nos jours est loin d&rsquo;\u00eatre bon march\u00e9. Entre le carburant, les frais d&rsquo;entretien et l&rsquo;assurance, l&rsquo;addition peut vite \u00eatre sal\u00e9e. Reste la solution des assurances auto low cost, mais que valent-elles exactement ? Nous avons \u00e9tudi\u00e9 pour vous leurs garanties et les infos \u00e0 conna\u00eetre sur ces formules discount. Vous verrez qu&rsquo;il y a quelques pi\u00e8ges \u00e0 \u00e9viter.<\/strong><\/p>\n\n\n\n<h2 class=\"wp-block-heading\">Assurance auto low cost en ligne : laquelle choisir ?<\/h2>\n\n\n\n<p><strong>Souscrire \u00e0 une assurance auto discount en ligne ne prend que quelques minutes, mais encore faut-il savoir laquelle choisir ! <\/strong>Chaque automobiliste a des besoins diff\u00e9rents selon l&rsquo;anciennet\u00e9 de son v\u00e9hicule et l&rsquo;usage qu&rsquo;il en fait. Afin d&rsquo;y voir plus clair, voici un r\u00e9capitulatif des offres low cost sur le march\u00e9. <\/p>\n\n\n\n<figure class=\"wp-block-table is-style-header-simple\"><table><thead><tr><th>Assurance auto low cost<\/th><th>Tarif<\/th><th>Caract\u00e9ristiques<\/th><\/tr><\/thead><tbody><tr><td><img loading=\"lazy\" decoding=\"async\" width=\"70\" height=\"70\" class=\"wp-image-77907\" style=\"width: 70px;\" src=\"https:\/\/guide.reassurez-moi.fr\/guide\/wp-content\/uploads\/2019\/09\/direct-assurance.jpg\" alt=\"direct assurance\" srcset=\"https:\/\/guide.reassurez-moi.fr\/guide\/wp-content\/uploads\/2019\/09\/direct-assurance.jpg 350w, https:\/\/guide.reassurez-moi.fr\/guide\/wp-content\/uploads\/2019\/09\/direct-assurance-150x150.jpg 150w, https:\/\/guide.reassurez-moi.fr\/guide\/wp-content\/uploads\/2019\/09\/direct-assurance-300x300.jpg 300w\" sizes=\"auto, (max-width: 70px) 100vw, 70px\" \/><\/td><td><a href=\"https:\/\/reassurez-moi.fr\/guide\/assurance-auto\">\u00c0 partir de 246 \u20ac\/an<\/a><\/td><td>4 formules au choix : tiers mini, tiers essentiel, tiers maxi et tous risques, couverture moyenne et tarifs accessibles <\/td><\/tr><tr><td><img loading=\"lazy\" decoding=\"async\" width=\"150\" height=\"37\" class=\"wp-image-93512\" style=\"width: 150px;\" src=\"https:\/\/guide.reassurez-moi.fr\/guide\/wp-content\/uploads\/2019\/11\/amaguiz.jpg\" alt=\"amaguiz\" srcset=\"https:\/\/guide.reassurez-moi.fr\/guide\/wp-content\/uploads\/2019\/11\/amaguiz.jpg 500w, https:\/\/guide.reassurez-moi.fr\/guide\/wp-content\/uploads\/2019\/11\/amaguiz-300x74.jpg 300w\" sizes=\"auto, (max-width: 150px) 100vw, 150px\" \/><\/td><td><a href=\"https:\/\/reassurez-moi.fr\/guide\/assurance-auto\">\u00c0 partir de 320 \u20ac\/an<\/a><\/td><td>3 formules au choix : tiers&nbsp;Simple, tiers confort, tous risques , prix attractif et couverture personnalis\u00e9e <\/td><\/tr><tr><td><img loading=\"lazy\" decoding=\"async\" width=\"150\" height=\"76\" class=\"wp-image-89690\" style=\"width: 150px;\" src=\"https:\/\/guide.reassurez-moi.fr\/guide\/wp-content\/uploads\/2019\/11\/euro-assurance.jpg\" alt=\"euro assurance\" srcset=\"https:\/\/guide.reassurez-moi.fr\/guide\/wp-content\/uploads\/2019\/11\/euro-assurance.jpg 500w, https:\/\/guide.reassurez-moi.fr\/guide\/wp-content\/uploads\/2019\/11\/euro-assurance-300x151.jpg 300w\" sizes=\"auto, (max-width: 150px) 100vw, 150px\" \/><\/td><td><a href=\"https:\/\/reassurez-moi.fr\/guide\/assurance-auto\">\u00c0 partir de 345 \u20ac\/an<\/a><\/td><td>4 formules au choix : tiers \u00e9co, tiers bris de glace, tiers \u00e9tendu, tous risques, parmi les tarifs les plus accessibles du march\u00e9<\/td><\/tr><tr><td><img loading=\"lazy\" decoding=\"async\" width=\"150\" height=\"98\" class=\"wp-image-16177\" style=\"width: 150px;\" src=\"https:\/\/guide.reassurez-moi.fr\/guide\/wp-content\/uploads\/2016\/06\/assurance-auto-lolivier-assurance.png\" alt=\"assurance auto lolivier assurance\"><\/td><td><a href=\"https:\/\/reassurez-moi.fr\/guide\/assurance-auto\">\u00c0 partir de 302 \u20ac\/an<\/a><\/td><td>3 formules au choix : tiers essentiel, tiers confort, tous risques, bonne assistance et tarifs dans la moyenne <\/td><\/tr><\/tbody><\/table><figcaption><br><\/figcaption><\/figure>\n\n\n\n<h2 class=\"wp-block-heading\">Qu&rsquo;est-ce qu&rsquo;une assurance auto low cost ?<\/h2>\n\n\n\n<p><strong>Au m\u00eame titre que les op\u00e9rateurs mobile ont lanc\u00e9 des formules \u00e0 prix cass\u00e9, il est d\u00e9sormais possible de trouver une assurance low cost auto. <\/strong>Ces nouvelles offres discount sont soit propos\u00e9es \u00e0 c\u00f4t\u00e9 de la gamme classique, soit commercialis\u00e9es sous une marque ind\u00e9pendante. <\/p>\n\n\n\n<p><strong>Le but ? Proposer \u00e0 une client\u00e8le jeune ou modeste d&rsquo;assurer son v\u00e9hicule pour pas cher et rapidement. <\/strong>Gr\u00e2ce \u00e0 une souscription en ligne et des garanties all\u00e9g\u00e9es, une assurance auto low cost peut co\u00fbter jusqu&rsquo;\u00e0 20 % moins ch\u00e8re que ses concurrentes. En l&rsquo;absence d&rsquo;agence physique, il faut alors \u00eatre pr\u00eat \u00e0 g\u00e9rer son contrat d&rsquo;assurance auto sur son t\u00e9l\u00e9phone via une application mobile ou son ordinateur. Demander l&rsquo;intervention d&rsquo;un d\u00e9panneur en un clic, \u00e7a a de quoi \u00e9tonner mais c&rsquo;est une bonne nouvelle pour le progr\u00e8s (et ses \u00e9conomies) !<\/p>\n\n\n\n<blockquote class=\"wp-block-quote is-layout-flow wp-block-quote-is-layout-flow\"><p><strong>S&rsquo;assurer en ligne et pour pas cher ? L&rsquo;id\u00e9e est s\u00e9duisante alors pourquoi ne pas comparer les offres gr\u00e2ce \u00e0 notre comparateur d\u00e9di\u00e9 aux assurances auto ?<\/strong> En quelques clics, vous choisissez et souscrivez vous-m\u00eame votre contrat ! Vous aurez acc\u00e8s aux offres les moins ch\u00e8res du march\u00e9 gr\u00e2ce \u00e0 nos tarifs n\u00e9goci\u00e9s ! C&rsquo;est gratuit et 100 % en ligne, lancez notre outil !<\/p><\/blockquote>\n\n\n\n<div style=\"height:20px\" aria-hidden=\"true\" class=\"wp-block-spacer\"><\/div>\n\n\n\n<div class=\"wp-block-rm-advertizing-block fix-in-sidebar advertising-block-sidebar-item\">\n    <div class=\"image-container flex justify-center align-items-center\">\n        <img decoding=\"async\" src=\"https:\/\/guide.reassurez-moi.fr\/guide\/wp-content\/uploads\/2025\/06\/team_opti_short.png\"\n             alt=\"reassurez-moi illustration\"\n             class=\"wp-block-rm-advertizing-image\"\n             loading=\"lazy\"\n        \/>\n    <\/div>\n    <div class=\"rm-advertblock-container flex flex-column justify-center align-items-start\">\n        <p class=\"wp-block-rm-advertizing-text\">\n            Assurance auto\n        <\/p>\n        <p class=\"wp-block-rm-advertizing-sub-text\">\n            les meilleures offres 2026\n        <\/p>\n        <a\n            href=\"https:\/\/reassurez-moi.fr\/guide\/assurance-auto\"\n            class=\"wp-block-rm-advertizing-button\"\n        >\n            <span class=\"wp-block-rm-advertizing-button-text\">\n                Comparer\n            <\/span>\n            <span class=\"wp-block-rm-advertizing-button-sub-text\">\n                les assurances auto\n            <\/span>\n        <\/a>\n    <\/div>\n<\/div>\n\n\n\n<h2 class=\"wp-block-heading\">Assurance auto discount : quelles garanties ?<\/h2>\n\n\n\n<p><strong>Assurer son v\u00e9hicule peut repr\u00e9senter un sacr\u00e9 budget <\/strong>et c&rsquo;est pourquoi de nombreux automobilistes sont tent\u00e9s par les formules discount. Mais que faut-il attendre d&rsquo;une assurance low cost pour sa voiture ? Contrairement aux id\u00e9es re\u00e7ues, les assurances auto low cost ne sont pas moins fiables que les autres et elles proposent toutes sans exception l&rsquo;assurance au tiers qui est une garantie obligatoire. Pour rappel, l&rsquo;assurance au tiers permet de couvrir les \u00e9ventuels dommages physiques et mat\u00e9riels caus\u00e9s aux tiers lors d&rsquo;un accident. Pour se prot\u00e9ger soi-m\u00eame, il faut alors souscrire une formule tiers am\u00e9lior\u00e9e ou une <a href=\"https:\/\/reassurez-moi.fr\/guide\/assurance-auto\/tous-risques\">formule tous risques<\/a>.<br><br><strong>Ce qui change avec une assurance discount ce sont les garanties incluses dans les contrats d&rsquo;assurance : <\/strong>vol, incendie, <a href=\"https:\/\/reassurez-moi.fr\/guide\/assurance-auto\/garantie-bris-glace\">garantie bris de glace<\/a> ou encore l&rsquo;assistance en cas de <a href=\"https:\/\/reassurez-moi.fr\/guide\/assurance-auto\/panne-mecanique\">panne m\u00e9canique<\/a>. Ces garanties peuvent \u00eatre absentes ou r\u00e9duites dans le cas d&rsquo;une assurance low cost auto. Dans d&rsquo;autres cas ce sont les conditions d&rsquo;indemnisation qui peuvent \u00eatre restrictives, par exemple la non-indemnisation des dommages caus\u00e9s \u00e0 votre v\u00e9hicule en stationnement, la non-prise en compte des \u00e9v\u00e8nements climatiques ou des montants d&rsquo;indemnisation moins \u00e9lev\u00e9s. <br><br><strong>C&rsquo;est pourquoi avant de choisir, faites le point sur vos besoins<\/strong> et \u00e9tudiez scrupuleusement les garanties et options comprises dans le contrat sans renoncer \u00e0 votre s\u00e9curit\u00e9 ! Ainsi, si vous souhaitez acqu\u00e9rir une voiture d&rsquo;occasion, choisissez par exemple une assurance low cost disposant de l&rsquo;assistance 0 km.<\/p>\n\n\n\n<div class=\"wp-block-mars-information icon-info undefined\"><i class=\"icon\"><\/i><p>Souscrire un contrat auto est essentiel pour vous prot\u00e9ger en cas d&rsquo;accident mais surtout obligatoire. En effet, rouler sans assurance est un d\u00e9lit grave, puni par 3 750 \u20ac d&rsquo;amende, une suspension de permis et la confiscation du v\u00e9hicule.<\/p><\/div>\n\n\n\n<h2 class=\"wp-block-heading\">Quels sont les avantages et inconv\u00e9nients d&rsquo;une assurance voiture low cost ?<\/h2>\n\n\n\n<p><strong>\u00c9conomique, digitale et facile d&rsquo;acc\u00e8s, l&rsquo;assurance auto discount a de quoi plaire !<\/strong> Gr\u00e2ce \u00e0 l&rsquo;inscription en ligne et le choix entre plusieurs formules, il n&rsquo;a jamais \u00e9t\u00e9 aussi facile d&rsquo;adapter son contrat d&rsquo;assurance auto \u00e0 ses besoins. Pour les conducteurs ind\u00e9cis, il est possible gr\u00e2ce au devis en ligne de comparer les diff\u00e9rentes options et leurs garanties. Parmi les principaux avantages de l&rsquo;assurance voiture low cost, il convient de noter : <\/p>\n\n\n\n<ul class=\"wp-block-list\"><li>des tarifs ultra comp\u00e9titifs ; <\/li><li>un service en ligne via une application mobile ;<\/li><li>la possibilit\u00e9 d&rsquo;\u00eatre accompagn\u00e9 par un conseiller d\u00e9di\u00e9 ; <\/li><li>possibilit\u00e9 de souscrire \u00e0 un contrat sans engagement. <\/li><\/ul>\n\n\n\n<p><strong>Cependant, il n&rsquo;est pas forc\u00e9ment n\u00e9cessaire de passer par une assurance \u00e0 bas prix pour faire des \u00e9conomies<\/strong>. En effet, certaines offres d&rsquo;assurance classique sont tout autant accessibles gr\u00e2ce \u00e0 des offres promotionnelles avec des mois offerts. Si vous \u00eates un nouveau client, n&rsquo;h\u00e9sitez pas \u00e0 comparer plusieurs devis en confrontant les tarifs et garanties propos\u00e9es, vous pourriez avoir une bonne surprise ! Une assurance auto discount n&rsquo;est donc pas toujours la plus avantageuse et peut pr\u00e9senter certains inconv\u00e9nients : <\/p>\n\n\n\n<ul class=\"wp-block-list\"><li>les conditions d&rsquo;indemnisation et exclusions de garantie sont souvent plus strictes ;<\/li><li>le montant des franchises peut \u00eatre plus \u00e9lev\u00e9 que la moyenne ; <\/li><li>la facturation de certaines options et frais de dossier ; <\/li><li>l&rsquo;absence d&rsquo;agences physiques et des services r\u00e9duits.  <\/li><\/ul>\n\n\n\n<p><strong>Ce qu&rsquo;il faut en retenir c&rsquo;est qu&rsquo;une assurance auto low cost vaut le coup \u00e0 condition d&rsquo;\u00eatre au point sur les garanties et options souscrites<\/strong>. La recherche d&rsquo;\u00e9conomies ne doit pas se faire au d\u00e9triment de votre s\u00e9curit\u00e9 et celle des autres usagers sur la route.<\/p>\n\n\n\n<h2 class=\"wp-block-heading\">Assurance auto bas prix : les 3 pi\u00e8ges \u00e0 \u00e9viter<\/h2>\n\n\n\n<p><strong>Avant de souscrire une assurance auto low cost, il convient de bien \u00e9tudier les garanties et conditions du contrat pour \u00e9viter les mauvaises surprises. <\/strong>En effet, en souscrivant \u00e0 une assurance discount, il va falloir accepter de faire quelques concessions sans pour autant tomber dans certains pi\u00e8ges. <\/p>\n\n\n\n<ul class=\"wp-block-list\"><li><strong>Pi\u00e8ge n\u00b01 &#8211;<\/strong> <strong>Les frais annexes cach\u00e9s<\/strong> : une formule low cost est parfois moins bon march\u00e9 qu&rsquo;elle n&rsquo;en a l&rsquo;air. En effet, une r\u00e9duction des cotisations implique parfois des frais annexes un peu cach\u00e9s : facturation d&rsquo;options suppl\u00e9mentaires, frais de gestion et d\u2019avenant, etc.<\/li><\/ul>\n\n\n\n<ul class=\"wp-block-list\"><li><strong>Pi\u00e8ge n\u00b02 &#8211; Le montant (trop) \u00e9lev\u00e9 des franchises<\/strong> : avant de souscrire \u00e0 une assurance discount, pensez \u00e0 bien v\u00e9rifier le plafond de la <a href=\"https:\/\/reassurez-moi.fr\/guide\/assurance-auto\/franchise\">franchise auto<\/a>. Pour rappel, il s&rsquo;agit du montant maximal pouvant rester \u00e0 la charge de l&rsquo;<a href=\"https:\/\/reassurez-moi.fr\/guide\/assurance-auto\/accident-responsable\">automobiliste reconnu responsable<\/a> d&rsquo;un sinistre.<\/li><\/ul>\n\n\n\n<ul class=\"wp-block-list\"><li><strong>Pi\u00e8ge n\u00b03 &#8211; \u00c9conomies versus s\u00e9curit\u00e9<\/strong> : pour choisir une bonne assurance auto, il faut se m\u00e9fier des offres trop all\u00e9chantes. Une formule d&rsquo;assurance doit avant tout vous permettre de conduire en \u00e9tant assur\u00e9 au regard de vos besoins et non pas pour vous faire \u00e9conomiser quelques euros par mois. Les garanties et conditions d&rsquo;une assurance varient d&rsquo;un contrat \u00e0 un autre et certains assureurs low cost en profitent pour les limiter au strict n\u00e9cessaire. N&rsquo;acceptez pas des prix bas au d\u00e9triment de la qualit\u00e9 ! <\/li><\/ul>\n\n\n\n<div class=\"wp-block-mars-information icon-check undefined\"><i class=\"icon\"><\/i><p>Vous avez une question ou un doute sur une formule d&rsquo;assurance discount ? N&rsquo;h\u00e9sitez pas \u00e0 vous rapprocher d&rsquo;un conseiller client\u00e8le et de bien \u00e9tudier les conditions g\u00e9n\u00e9rales de vente. <\/p><\/div>\n","protected":false},"excerpt":{"rendered":"<p>Qu&rsquo;est-ce qu&rsquo;une assurance auto discount ? Conduire une voiture de nos jours est loin d&rsquo;\u00eatre bon march\u00e9. Entre le carburant, les frais d&rsquo;entretien et l&rsquo;assurance, l&rsquo;addition peut vite \u00eatre sal\u00e9e. Reste la solution des assurances auto low cost, mais que valent-elles exactement ? Nous avons \u00e9tudi\u00e9 pour vous leurs garanties et les infos \u00e0 conna\u00eetre\u2026<\/p>\n","protected":false},"author":86,"featured_media":0,"parent":15725,"menu_order":0,"comment_status":"open","ping_status":"closed","template":"","meta":{"_acf_changed":false,"footnotes":""},"categories":[],"page_topic":[560],"class_list":["post-112034","page","type-page","status-publish","hentry"],"yoast_head":"<!-- This site is optimized with the Yoast SEO plugin v24.7 - https:\/\/yoast.com\/wordpress\/plugins\/seo\/ -->\n<title>Assurance auto low cost : une bonne id\u00e9e ?<\/title>\n<meta name=\"description\" content=\"Quelles sont les caract\u00e9ristiques de l&#039;assurance auto low cost ? Comparatif des tarifs, indemnisation et garanties. Devis gratuits &amp; en ligne\" \/>\n<meta name=\"robots\" content=\"index, follow, max-snippet:-1, max-image-preview:large, max-video-preview:-1\" \/>\n<link rel=\"canonical\" href=\"https:\/\/guide.reassurez-moi.fr\/guide\/assurance-auto\/low-cost\" \/>\n<meta property=\"og:locale\" content=\"fr_FR\" \/>\n<meta property=\"og:type\" content=\"article\" \/>\n<meta property=\"og:title\" content=\"Assurance auto low cost : une bonne id\u00e9e ?\" \/>\n<meta property=\"og:description\" content=\"Quelles sont les caract\u00e9ristiques de l&#039;assurance auto low cost ? Comparatif des tarifs, indemnisation et garanties. Devis gratuits &amp; en ligne\" \/>\n<meta property=\"og:url\" content=\"https:\/\/guide.reassurez-moi.fr\/guide\/assurance-auto\/low-cost\" \/>\n<meta property=\"og:site_name\" content=\"R\u00e9assurez-moi\" \/>\n<meta property=\"article:publisher\" content=\"https:\/\/www.facebook.com\/R%c3%a9assurez-moi-209456495889479\/\" \/>\n<meta property=\"article:modified_time\" content=\"2026-02-02T14:11:44+00:00\" \/>\n<meta property=\"og:image\" content=\"https:\/\/guide.reassurez-moi.fr\/guide\/wp-content\/uploads\/2019\/09\/direct-assurance.jpg\" \/>\n<meta name=\"twitter:card\" content=\"summary_large_image\" \/>\n<meta name=\"twitter:site\" content=\"@reassurezmoi\" \/>\n<meta name=\"twitter:label1\" content=\"Dur\u00e9e de lecture estim\u00e9e\" \/>\n\t<meta name=\"twitter:data1\" content=\"8 minutes\" \/>\n<script type=\"application\/ld+json\" class=\"yoast-schema-graph\">{\"@context\":\"https:\/\/schema.org\",\"@graph\":[{\"@type\":\"WebPage\",\"@id\":\"https:\/\/guide.reassurez-moi.fr\/guide\/assurance-auto\/low-cost\",\"url\":\"https:\/\/guide.reassurez-moi.fr\/guide\/assurance-auto\/low-cost\",\"name\":\"Assurance auto low cost : une bonne id\u00e9e ?\",\"isPartOf\":{\"@id\":\"https:\/\/guide.reassurez-moi.fr\/guide\/#website\"},\"primaryImageOfPage\":{\"@id\":\"https:\/\/guide.reassurez-moi.fr\/guide\/assurance-auto\/low-cost#primaryimage\"},\"image\":{\"@id\":\"https:\/\/guide.reassurez-moi.fr\/guide\/assurance-auto\/low-cost#primaryimage\"},\"thumbnailUrl\":\"https:\/\/guide.reassurez-moi.fr\/guide\/wp-content\/uploads\/2019\/09\/direct-assurance.jpg\",\"datePublished\":\"2020-03-10T19:49:57+00:00\",\"dateModified\":\"2026-02-02T14:11:44+00:00\",\"description\":\"Quelles sont les caract\u00e9ristiques de l'assurance auto low cost ? Comparatif des tarifs, indemnisation et garanties. Devis gratuits & en ligne\",\"breadcrumb\":{\"@id\":\"https:\/\/guide.reassurez-moi.fr\/guide\/assurance-auto\/low-cost#breadcrumb\"},\"inLanguage\":\"fr-FR\",\"potentialAction\":[{\"@type\":\"ReadAction\",\"target\":[\"https:\/\/guide.reassurez-moi.fr\/guide\/assurance-auto\/low-cost\"]}]},{\"@type\":\"ImageObject\",\"inLanguage\":\"fr-FR\",\"@id\":\"https:\/\/guide.reassurez-moi.fr\/guide\/assurance-auto\/low-cost#primaryimage\",\"url\":\"https:\/\/guide.reassurez-moi.fr\/guide\/wp-content\/uploads\/2019\/09\/direct-assurance.jpg\",\"contentUrl\":\"https:\/\/guide.reassurez-moi.fr\/guide\/wp-content\/uploads\/2019\/09\/direct-assurance.jpg\",\"width\":350,\"height\":350,\"caption\":\"direct assurance\"},{\"@type\":\"BreadcrumbList\",\"@id\":\"https:\/\/guide.reassurez-moi.fr\/guide\/assurance-auto\/low-cost#breadcrumb\",\"itemListElement\":[{\"@type\":\"ListItem\",\"position\":1,\"name\":\"Assurances\",\"item\":\"https:\/\/guide.reassurez-moi.fr\/guide\/\"},{\"@type\":\"ListItem\",\"position\":2,\"name\":\"Assurance auto\",\"item\":\"https:\/\/guide.reassurez-moi.fr\/guide\/assurance-auto\"},{\"@type\":\"ListItem\",\"position\":3,\"name\":\"Low cost\"}]},{\"@type\":\"WebSite\",\"@id\":\"https:\/\/guide.reassurez-moi.fr\/guide\/#website\",\"url\":\"https:\/\/guide.reassurez-moi.fr\/guide\/\",\"name\":\"R\u00e9assurez-moi\",\"description\":\"Comparateur d&#039;assurances\",\"potentialAction\":[{\"@type\":\"SearchAction\",\"target\":{\"@type\":\"EntryPoint\",\"urlTemplate\":\"https:\/\/guide.reassurez-moi.fr\/guide\/?s={search_term_string}\"},\"query-input\":{\"@type\":\"PropertyValueSpecification\",\"valueRequired\":true,\"valueName\":\"search_term_string\"}}],\"inLanguage\":\"fr-FR\"}]}<\/script>\n<!-- \/ Yoast SEO plugin. -->","yoast_head_json":{"title":"Assurance auto low cost : une bonne id\u00e9e ?","description":"Quelles sont les caract\u00e9ristiques de l'assurance auto low cost ? Comparatif des tarifs, indemnisation et garanties. Devis gratuits & en ligne","robots":{"index":"index","follow":"follow","max-snippet":"max-snippet:-1","max-image-preview":"max-image-preview:large","max-video-preview":"max-video-preview:-1"},"canonical":"https:\/\/guide.reassurez-moi.fr\/guide\/assurance-auto\/low-cost","og_locale":"fr_FR","og_type":"article","og_title":"Assurance auto low cost : une bonne id\u00e9e ?","og_description":"Quelles sont les caract\u00e9ristiques de l'assurance auto low cost ? Comparatif des tarifs, indemnisation et garanties. Devis gratuits & en ligne","og_url":"https:\/\/guide.reassurez-moi.fr\/guide\/assurance-auto\/low-cost","og_site_name":"R\u00e9assurez-moi","article_publisher":"https:\/\/www.facebook.com\/R%c3%a9assurez-moi-209456495889479\/","article_modified_time":"2026-02-02T14:11:44+00:00","og_image":[{"url":"https:\/\/guide.reassurez-moi.fr\/guide\/wp-content\/uploads\/2019\/09\/direct-assurance.jpg","type":"","width":"","height":""}],"twitter_card":"summary_large_image","twitter_site":"@reassurezmoi","twitter_misc":{"Dur\u00e9e de lecture estim\u00e9e":"8 minutes"},"schema":{"@context":"https:\/\/schema.org","@graph":[{"@type":"WebPage","@id":"https:\/\/guide.reassurez-moi.fr\/guide\/assurance-auto\/low-cost","url":"https:\/\/guide.reassurez-moi.fr\/guide\/assurance-auto\/low-cost","name":"Assurance auto low cost : une bonne id\u00e9e ?","isPartOf":{"@id":"https:\/\/guide.reassurez-moi.fr\/guide\/#website"},"primaryImageOfPage":{"@id":"https:\/\/guide.reassurez-moi.fr\/guide\/assurance-auto\/low-cost#primaryimage"},"image":{"@id":"https:\/\/guide.reassurez-moi.fr\/guide\/assurance-auto\/low-cost#primaryimage"},"thumbnailUrl":"https:\/\/guide.reassurez-moi.fr\/guide\/wp-content\/uploads\/2019\/09\/direct-assurance.jpg","datePublished":"2020-03-10T19:49:57+00:00","dateModified":"2026-02-02T14:11:44+00:00","description":"Quelles sont les caract\u00e9ristiques de l'assurance auto low cost ? Comparatif des tarifs, indemnisation et garanties. Devis gratuits & en ligne","breadcrumb":{"@id":"https:\/\/guide.reassurez-moi.fr\/guide\/assurance-auto\/low-cost#breadcrumb"},"inLanguage":"fr-FR","potentialAction":[{"@type":"ReadAction","target":["https:\/\/guide.reassurez-moi.fr\/guide\/assurance-auto\/low-cost"]}]},{"@type":"ImageObject","inLanguage":"fr-FR","@id":"https:\/\/guide.reassurez-moi.fr\/guide\/assurance-auto\/low-cost#primaryimage","url":"https:\/\/guide.reassurez-moi.fr\/guide\/wp-content\/uploads\/2019\/09\/direct-assurance.jpg","contentUrl":"https:\/\/guide.reassurez-moi.fr\/guide\/wp-content\/uploads\/2019\/09\/direct-assurance.jpg","width":350,"height":350,"caption":"direct assurance"},{"@type":"BreadcrumbList","@id":"https:\/\/guide.reassurez-moi.fr\/guide\/assurance-auto\/low-cost#breadcrumb","itemListElement":[{"@type":"ListItem","position":1,"name":"Assurances","item":"https:\/\/guide.reassurez-moi.fr\/guide\/"},{"@type":"ListItem","position":2,"name":"Assurance auto","item":"https:\/\/guide.reassurez-moi.fr\/guide\/assurance-auto"},{"@type":"ListItem","position":3,"name":"Low cost"}]},{"@type":"WebSite","@id":"https:\/\/guide.reassurez-moi.fr\/guide\/#website","url":"https:\/\/guide.reassurez-moi.fr\/guide\/","name":"R\u00e9assurez-moi","description":"Comparateur d&#039;assurances","potentialAction":[{"@type":"SearchAction","target":{"@type":"EntryPoint","urlTemplate":"https:\/\/guide.reassurez-moi.fr\/guide\/?s={search_term_string}"},"query-input":{"@type":"PropertyValueSpecification","valueRequired":true,"valueName":"search_term_string"}}],"inLanguage":"fr-FR"}]}},"acf":[],"_links":{"self":[{"href":"https:\/\/guide.reassurez-moi.fr\/guide\/wp-json\/wp\/v2\/pages\/112034","targetHints":{"allow":["GET"]}}],"collection":[{"href":"https:\/\/guide.reassurez-moi.fr\/guide\/wp-json\/wp\/v2\/pages"}],"about":[{"href":"https:\/\/guide.reassurez-moi.fr\/guide\/wp-json\/wp\/v2\/types\/page"}],"author":[{"embeddable":true,"href":"https:\/\/guide.reassurez-moi.fr\/guide\/wp-json\/wp\/v2\/users\/86"}],"replies":[{"embeddable":true,"href":"https:\/\/guide.reassurez-moi.fr\/guide\/wp-json\/wp\/v2\/comments?post=112034"}],"version-history":[{"count":2,"href":"https:\/\/guide.reassurez-moi.fr\/guide\/wp-json\/wp\/v2\/pages\/112034\/revisions"}],"predecessor-version":[{"id":215570,"href":"https:\/\/guide.reassurez-moi.fr\/guide\/wp-json\/wp\/v2\/pages\/112034\/revisions\/215570"}],"up":[{"embeddable":true,"href":"https:\/\/guide.reassurez-moi.fr\/guide\/wp-json\/wp\/v2\/pages\/15725"}],"wp:attachment":[{"href":"https:\/\/guide.reassurez-moi.fr\/guide\/wp-json\/wp\/v2\/media?parent=112034"}],"wp:term":[{"taxonomy":"category","embeddable":true,"href":"https:\/\/guide.reassurez-moi.fr\/guide\/wp-json\/wp\/v2\/categories?post=112034"},{"taxonomy":"page_topic","embeddable":true,"href":"https:\/\/guide.reassurez-moi.fr\/guide\/wp-json\/wp\/v2\/page_topic?post=112034"}],"curies":[{"name":"wp","href":"https:\/\/api.w.org\/{rel}","templated":true}]}}