{"id":112749,"date":"2020-03-12T13:04:10","date_gmt":"2020-03-12T12:04:10","guid":{"rendered":"https:\/\/reassurez-moi.fr\/guide\/?page_id=112749"},"modified":"2026-02-02T15:10:37","modified_gmt":"2026-02-02T14:10:37","slug":"fgao","status":"publish","type":"page","link":"https:\/\/guide.reassurez-moi.fr\/guide\/assurance-auto\/fgao","title":{"rendered":"Assurance auto &#8211; FGAO"},"content":{"rendered":"\n<h1 class=\"wp-block-heading\" id=\"qu-est-ce-que-le-fgao\">Qu&rsquo;est-ce que le FGAO ?<\/h1>\n\n\n\n<p><strong>Lorsque l&rsquo;on est victime d&rsquo;un accident de la route, il est d&rsquo;usage que l&rsquo;assureur du responsable prenne en charge les dommages<\/strong>. <strong>Mais comment cela se passe-t-il quand le<\/strong> <strong>conducteur fautif a pris la fuite ou n&rsquo;est pas assur\u00e9 ? C&rsquo;est l\u00e0 que le FGAO intervient pour indemniser les victimes d&rsquo;accident de la circulation. Ce fonds de garantie des assurances obligatoires peut vous indemniser.<\/strong> <strong>Saisine, montants et d\u00e9lais, nous vous expliquons tout ce que vous devez savoir pour obtenir r\u00e9paration<\/strong> <strong>du FGAO<\/strong>.<\/p>\n\n\n\n<h2 class=\"wp-block-heading\" id=\"fonds-de-garantie-automobile-de-quoi-s-agit-il\">Fonds de garantie automobile : de quoi s\u2019agit-il ?&nbsp;<\/h2>\n\n\n\n<p><strong>Cr\u00e9\u00e9 en 1951, le Fonds de garantie des assurances obligatoires de dommages (FGAO) a vocation \u00e0 indemniser les victimes d\u2019accidents de la circulation dont le responsable n&rsquo;a pas \u00e9t\u00e9 identifi\u00e9 ou n&rsquo;est pas assur\u00e9<\/strong> <strong>ou couvert par une garantie sp\u00e9cifique<\/strong>. Le FGAO peut \u00e9galement prendre en charge le remboursement des majorations l\u00e9gales de rentes pour les accidents survenus avant le 1er janvier 2013 et indemniser les particuliers l\u00e9s\u00e9s, en raison d&rsquo;une liquidation judiciaire, ayant souscrit un contrat de responsabilit\u00e9 automobile ou une assurance dommages-ouvrage du logement. <br><br><strong>Ce fonds de garantie couvre les accidents de la route survenant en France et dans l&rsquo;Union Europ\u00e9enne, peu importe que le responsable soit v\u00e9hicul\u00e9 ou non<\/strong>. Ainsi, le fautif peut \u00eatre  : <\/p>\n\n\n\n<ul class=\"wp-block-list\"><li>un automobiliste ;<\/li><li>un motard ;<\/li><li>un pi\u00e9ton ;<\/li><li>un cycliste ;<\/li><li>un skieur ;<\/li><li>un animal domestique (oui vous avez bien lu !), dont le propri\u00e9taire n\u2019est pas assur\u00e9 ou est inconnu.<\/li><\/ul>\n\n\n\n<blockquote class=\"wp-block-quote is-layout-flow wp-block-quote-is-layout-flow\"><p><strong>Ce fonds de garantie est par d\u00e9finition r\u00e9serv\u00e9 aux cas pr\u00e9cis des victimes d&rsquo;accidents de la circulation dont le responsable n&rsquo;est pas identifi\u00e9 ou pas assur\u00e9<\/strong>. Si vous d\u00e9tenez un v\u00e9hicule \u00e0 moteur, il est obligatoire de souscrire \u00e0 une <a href=\"https:\/\/reassurez-moi.fr\/guide\/assurance-auto\/au-tiers\">assurance tiers<\/a>, et vivement recommand\u00e9 d&rsquo;\u00eatre \u00e9galement couvert par une formule tous risques. Notre comparateur d\u00e9di\u00e9 aux assurances auto peut vous aider \u00e0 trouver l&rsquo;offre qui vous convient. Gratuit et en ligne, cela ne vous prendra que quelques minutes et vous b\u00e9n\u00e9ficierez des meilleurs tarifs du march\u00e9 !<\/p><\/blockquote>\n\n\n\n<div style=\"height:10px\" aria-hidden=\"true\" class=\"wp-block-spacer\"><\/div>\n\n\n\n<div class=\"wp-block-rm-advertizing-block fix-in-sidebar advertising-block-sidebar-item\">\n    <div class=\"image-container flex justify-center align-items-center\">\n        <img decoding=\"async\" src=\"https:\/\/guide.reassurez-moi.fr\/guide\/wp-content\/uploads\/2025\/06\/team_opti_short.png\"\n             alt=\"reassurez-moi illustration\"\n             class=\"wp-block-rm-advertizing-image\"\n             loading=\"lazy\"\n        \/>\n    <\/div>\n    <div class=\"rm-advertblock-container flex flex-column justify-center align-items-start\">\n        <p class=\"wp-block-rm-advertizing-text\">\n            Assurance auto\n        <\/p>\n        <p class=\"wp-block-rm-advertizing-sub-text\">\n            les meilleures offres 2026\n        <\/p>\n        <a\n            href=\"https:\/\/reassurez-moi.fr\/guide\/assurance-auto\"\n            class=\"wp-block-rm-advertizing-button\"\n        >\n            <span class=\"wp-block-rm-advertizing-button-text\">\n                Comparer\n            <\/span>\n            <span class=\"wp-block-rm-advertizing-button-sub-text\">\n                les assurances auto\n            <\/span>\n        <\/a>\n    <\/div>\n<\/div>\n\n\n\n<h2 class=\"wp-block-heading\" id=\"quelle-est-l-indemnisation-du-fond-de-garantie-automobile\">Quelle est l\u2019indemnisation du fond de garantie automobile ?<\/h2>\n\n\n\n<p><strong>L&rsquo;indemnisation du fonds de garantie des victimes d&rsquo;accidents de la route est sans limitation de montant<\/strong> <strong>pour les dommages corporels et dans la limite de 1,2 millions d&rsquo;euros pour les dommages mat\u00e9riels<\/strong>. Cette indemnisation ne peut \u00eatre \u00eatre cependant sollicit\u00e9e qu&rsquo;\u00e0 certaines conditions : <\/p>\n\n\n\n<ul class=\"wp-block-list\"><li><strong>le responsable n&rsquo;a pas \u00e9t\u00e9 identifi\u00e9<\/strong>, n&rsquo;est pas assur\u00e9 ou couvert par une garantie sp\u00e9cifique ;<\/li><li><strong>la victime a subi des dommages physiques ; <\/strong><\/li><li><strong>la demande d&rsquo;indemnisation doit \u00eatre adress\u00e9e dans un d\u00e9lai d&rsquo;un an<\/strong> \u00e0 compter de la n\u00e9gociation avec l\u2019auteur de l&rsquo;accident ou de la d\u00e9cision de justice d\u00e9finitive fixant le montant de l&rsquo;indemnisation due, ou dans un d\u00e9lai de trois ans \u00e0 compter de la date de l&rsquo;accident si le responsable est inconnu. <\/li><\/ul>\n\n\n\n<div class=\"wp-block-mars-information icon-info undefined\"><i class=\"icon\"><\/i><p>Sachez que si vous avez souscrit \u00e0 une <a href=\"https:\/\/reassurez-moi.fr\/guide\/assurance-auto\/tous-risques\">assurance tous risques<\/a>, celle-ci pourra aussi vous indemniser dans la limite des garanties pr\u00e9vues par votre contrat auto.<\/p><\/div>\n\n\n\n<h2 class=\"wp-block-heading\" id=\"fgao-comment-l-obtenir\">FGAO : comment l\u2019obtenir ?&nbsp;<\/h2>\n\n\n\n<p><strong>La demande d&rsquo;indemnisation aupr\u00e8s du fond de garantie en cas d&rsquo;accident de la route peut \u00eatre effectu\u00e9e par l&rsquo;assureur auto ou par la victime elle-m\u00eame<\/strong>. Si cela est votre cas, notez que certaines conditions et documents doivent \u00eatre toutefois r\u00e9unis. <br><br><strong>Ainsi, les conditions requises par le fond de garantie automobile sont les suivantes : <\/strong><\/p>\n\n\n\n<ol class=\"wp-block-list\"><li>l\u2019accident doit avoir eu lieu en France ou sur le territoire de l&rsquo;un des 48 pays europ\u00e9ens adh\u00e9rents au syst\u00e8me de la \u00ab\u00a0carte verte\u00a0\u00bb ;<\/li><li>vous ne devez pas \u00eatre l&rsquo;<a href=\"https:\/\/reassurez-moi.fr\/guide\/assurance-auto\/accident-responsable\">auteur de l&rsquo;accident<\/a> ;<\/li><li>vous avez subi des dommages physiques ; <\/li><li>le responsable n&rsquo;a pas \u00e9t\u00e9 identifi\u00e9, n&rsquo;est pas assur\u00e9 ou couvert par une garantie sp\u00e9cifique. <\/li><\/ol>\n\n\n\n<p><strong>Vous pouvez ensuite adresser une <a href=\"https:\/\/guide.reassurez-moi.fr\/guide\/wp-content\/uploads\/2020\/03\/fgao-demande-indemnisation.pdf\">demande d&rsquo;ouverture de dossier<\/a> aupr\u00e8s du fonds de garantie automobile \u00e0 l&rsquo;adresse suivante :<\/strong> 64 rue de France, 94682, Vincennes Cedex. <br>Votre demande d&rsquo;indemnisation devra alors \u00eatre accompagn\u00e9e des documents suivants : <\/p>\n\n\n\n<ul class=\"wp-block-list\"><li>un justificatif d&rsquo;identit\u00e9 ;<\/li><li>le rapport de police ou du proc\u00e8s-verbal de gendarmerie suite \u00e0 l&rsquo;accident, ou le <a href=\"https:\/\/reassurez-moi.fr\/guide\/assurance-auto\/modele\/constat-amiable\">constat amiable<\/a> ;<\/li><li>un certificat m\u00e9dical initial d\u00e9crivant les blessures, un justificatif de pertes de revenus et tous les justificatifs m\u00e9dicaux ou d\u2019hospitalisation des frais engag\u00e9s ;<\/li><li>un rapport d&rsquo;expertise ou un devis d&rsquo;\u00e9valuation du montant des dommages mat\u00e9riels.<\/li><\/ul>\n\n\n\n<p><strong>Assurez-vous de solliciter votre indemnisation dans les d\u00e9lais impartis<\/strong>. \u00c0 savoir un an \u00e0 compter de la n\u00e9gociation avec l\u2019auteur de l&rsquo;accident ou de la d\u00e9cision de justice d\u00e9finitive fixant le montant de l&rsquo;indemnisation due, ou trois ans \u00e0 compter de la date de l&rsquo;accident si le responsable est inconnu.<\/p>\n\n\n\n<div class=\"wp-block-mars-information icon-times undefined\"><i class=\"icon\"><\/i><p>Vous ne pouvez pas obtenir une indemnisation du fond de garantie d&rsquo;assurance auto si le responsable est inconnu et que vous n&rsquo;avez pas subi de pr\u00e9judice corporel, ou si votre pr\u00e9judice a d\u00e9j\u00e0 \u00e9t\u00e9 r\u00e9par\u00e9 par votre assureur. <\/p><\/div>\n\n\n\n<h2 class=\"wp-block-heading\" id=\"fond-de-garantie-des-assurances-obligatoires-quel-delai\">Fond de garantie des assurances obligatoires : quel d\u00e9lai ?&nbsp;<\/h2>\n\n\n\n<p><strong>L&rsquo;indemnisation aupr\u00e8s du fond de garantie des assurances doit \u00eatre demand\u00e9e sous un d\u00e9lai pr\u00e9cis selon la situation<\/strong>. Ainsi,  lorsque le responsable de l&rsquo;accident n&rsquo;a pas \u00e9t\u00e9 identifi\u00e9, la victime b\u00e9n\u00e9ficie d\u2019un d\u00e9lai de 3 ans pour saisir le FGAO. En revanche, si le responsable est connu, la demande d&rsquo;indemnisation doit \u00eatre adress\u00e9e dans les 12 mois \u00e0 compter de la transaction ou de la d\u00e9cision judiciaire fixant le montant des dommages. <\/p>\n\n\n\n<blockquote class=\"wp-block-quote is-layout-flow wp-block-quote-is-layout-flow\"><p><strong>Notre conseil <\/strong>: les d\u00e9marches li\u00e9es aux indemnisations pouvant \u00eatre longues et fastidieuses, saisissez le fonds garantie automobile le plus vite possible ou mettez votre assureur sur le coup.<\/p><\/blockquote>\n\n\n\n<h2 class=\"wp-block-heading\" id=\"quid-du-remboursement-du-fond-de-garantie-automobile\">Quid du remboursement du fond de garantie automobile ?<\/h2>\n\n\n\n<p><strong>Le Fonds de garantie des assurances obligatoires de dommages est financ\u00e9 \u00e0 partir des contributions des entreprises d&rsquo;assurance et des assur\u00e9s, du produit des placements financiers, de ressources diverses et des produits des liquidations automobiles, ainsi que via le recours contre les auteurs des accidents<\/strong>. En effet, dans ce dernier cas, le fonds de garantie automobile va aller recouvrer les sommes vers\u00e9es \u00e0 la victime aupr\u00e8s des auteurs d\u2019accident ou d\u2019infraction. <br><br><strong>Mais comment le fond de garantie des assurances de personnes peut-il obtenir le remboursement par les responsables d&rsquo;accidents ?<\/strong> Une fois la victime indemnis\u00e9e des dommages physiques et mat\u00e9riels, le FGAO se retourne contre l\u2019auteur des faits identifi\u00e9 pour obtenir le remboursement des sommes vers\u00e9es. Si sa situation financi\u00e8re ne lui permet pas de s\u2019acquitter de la somme en une fois, un plan de remboursement peut \u00eatre mis en place \u00e9tabli. <\/p>\n","protected":false},"excerpt":{"rendered":"<p>Qu&rsquo;est-ce que le FGAO ? Lorsque l&rsquo;on est victime d&rsquo;un accident de la route, il est d&rsquo;usage que l&rsquo;assureur du responsable prenne en charge les dommages. Mais comment cela se passe-t-il quand le conducteur fautif a pris la fuite ou n&rsquo;est pas assur\u00e9 ? C&rsquo;est l\u00e0 que le FGAO intervient pour indemniser les victimes d&rsquo;accident\u2026<\/p>\n","protected":false},"author":86,"featured_media":0,"parent":15725,"menu_order":0,"comment_status":"open","ping_status":"closed","template":"","meta":{"_acf_changed":false,"footnotes":""},"categories":[],"page_topic":[560],"class_list":["post-112749","page","type-page","status-publish","hentry"],"yoast_head":"<!-- This site is optimized with the Yoast SEO plugin v24.7 - https:\/\/yoast.com\/wordpress\/plugins\/seo\/ -->\n<title>Fonds de garantie auto : fonctionnement et indemnisation<\/title>\n<meta name=\"description\" content=\"Le Fonds de Garanties des Assurances Obligatoires permet d&#039;indemniser les victimes de la route. Comment en b\u00e9n\u00e9ficier ? \u00c0 quelle condition ?\" \/>\n<meta name=\"robots\" content=\"index, follow, max-snippet:-1, max-image-preview:large, max-video-preview:-1\" \/>\n<link rel=\"canonical\" href=\"https:\/\/guide.reassurez-moi.fr\/guide\/assurance-auto\/fgao\" \/>\n<meta property=\"og:locale\" content=\"fr_FR\" \/>\n<meta property=\"og:type\" content=\"article\" \/>\n<meta property=\"og:title\" content=\"Fonds de garantie auto : fonctionnement et indemnisation\" \/>\n<meta property=\"og:description\" content=\"Le Fonds de Garanties des Assurances Obligatoires permet d&#039;indemniser les victimes de la route. Comment en b\u00e9n\u00e9ficier ? \u00c0 quelle condition ?\" \/>\n<meta property=\"og:url\" content=\"https:\/\/guide.reassurez-moi.fr\/guide\/assurance-auto\/fgao\" \/>\n<meta property=\"og:site_name\" content=\"R\u00e9assurez-moi\" \/>\n<meta property=\"article:publisher\" content=\"https:\/\/www.facebook.com\/R%c3%a9assurez-moi-209456495889479\/\" \/>\n<meta property=\"article:modified_time\" content=\"2026-02-02T14:10:37+00:00\" \/>\n<meta property=\"og:image\" content=\"https:\/\/guide.reassurez-moi.fr\/guide\/wp-content\/uploads\/2018\/04\/image-de-partage.png\" \/>\n\t<meta property=\"og:image:width\" content=\"500\" \/>\n\t<meta property=\"og:image:height\" content=\"160\" \/>\n\t<meta property=\"og:image:type\" content=\"image\/png\" \/>\n<meta name=\"twitter:card\" content=\"summary_large_image\" \/>\n<meta name=\"twitter:site\" content=\"@reassurezmoi\" \/>\n<meta name=\"twitter:label1\" content=\"Dur\u00e9e de lecture estim\u00e9e\" \/>\n\t<meta name=\"twitter:data1\" content=\"6 minutes\" \/>\n<script type=\"application\/ld+json\" class=\"yoast-schema-graph\">{\"@context\":\"https:\/\/schema.org\",\"@graph\":[{\"@type\":\"WebPage\",\"@id\":\"https:\/\/guide.reassurez-moi.fr\/guide\/assurance-auto\/fgao\",\"url\":\"https:\/\/guide.reassurez-moi.fr\/guide\/assurance-auto\/fgao\",\"name\":\"Fonds de garantie auto : fonctionnement et indemnisation\",\"isPartOf\":{\"@id\":\"https:\/\/guide.reassurez-moi.fr\/guide\/#website\"},\"datePublished\":\"2020-03-12T12:04:10+00:00\",\"dateModified\":\"2026-02-02T14:10:37+00:00\",\"description\":\"Le Fonds de Garanties des Assurances Obligatoires permet d'indemniser les victimes de la route. Comment en b\u00e9n\u00e9ficier ? \u00c0 quelle condition ?\",\"breadcrumb\":{\"@id\":\"https:\/\/guide.reassurez-moi.fr\/guide\/assurance-auto\/fgao#breadcrumb\"},\"inLanguage\":\"fr-FR\",\"potentialAction\":[{\"@type\":\"ReadAction\",\"target\":[\"https:\/\/guide.reassurez-moi.fr\/guide\/assurance-auto\/fgao\"]}]},{\"@type\":\"BreadcrumbList\",\"@id\":\"https:\/\/guide.reassurez-moi.fr\/guide\/assurance-auto\/fgao#breadcrumb\",\"itemListElement\":[{\"@type\":\"ListItem\",\"position\":1,\"name\":\"Assurances\",\"item\":\"https:\/\/guide.reassurez-moi.fr\/guide\/\"},{\"@type\":\"ListItem\",\"position\":2,\"name\":\"Assurance auto\",\"item\":\"https:\/\/guide.reassurez-moi.fr\/guide\/assurance-auto\"},{\"@type\":\"ListItem\",\"position\":3,\"name\":\"FGAO\"}]},{\"@type\":\"WebSite\",\"@id\":\"https:\/\/guide.reassurez-moi.fr\/guide\/#website\",\"url\":\"https:\/\/guide.reassurez-moi.fr\/guide\/\",\"name\":\"R\u00e9assurez-moi\",\"description\":\"Comparateur d&#039;assurances\",\"potentialAction\":[{\"@type\":\"SearchAction\",\"target\":{\"@type\":\"EntryPoint\",\"urlTemplate\":\"https:\/\/guide.reassurez-moi.fr\/guide\/?s={search_term_string}\"},\"query-input\":{\"@type\":\"PropertyValueSpecification\",\"valueRequired\":true,\"valueName\":\"search_term_string\"}}],\"inLanguage\":\"fr-FR\"}]}<\/script>\n<!-- \/ Yoast SEO plugin. -->","yoast_head_json":{"title":"Fonds de garantie auto : fonctionnement et indemnisation","description":"Le Fonds de Garanties des Assurances Obligatoires permet d'indemniser les victimes de la route. Comment en b\u00e9n\u00e9ficier ? \u00c0 quelle condition ?","robots":{"index":"index","follow":"follow","max-snippet":"max-snippet:-1","max-image-preview":"max-image-preview:large","max-video-preview":"max-video-preview:-1"},"canonical":"https:\/\/guide.reassurez-moi.fr\/guide\/assurance-auto\/fgao","og_locale":"fr_FR","og_type":"article","og_title":"Fonds de garantie auto : fonctionnement et indemnisation","og_description":"Le Fonds de Garanties des Assurances Obligatoires permet d'indemniser les victimes de la route. Comment en b\u00e9n\u00e9ficier ? \u00c0 quelle condition ?","og_url":"https:\/\/guide.reassurez-moi.fr\/guide\/assurance-auto\/fgao","og_site_name":"R\u00e9assurez-moi","article_publisher":"https:\/\/www.facebook.com\/R%c3%a9assurez-moi-209456495889479\/","article_modified_time":"2026-02-02T14:10:37+00:00","og_image":[{"width":500,"height":160,"url":"https:\/\/guide.reassurez-moi.fr\/guide\/wp-content\/uploads\/2018\/04\/image-de-partage.png","type":"image\/png"}],"twitter_card":"summary_large_image","twitter_site":"@reassurezmoi","twitter_misc":{"Dur\u00e9e de lecture estim\u00e9e":"6 minutes"},"schema":{"@context":"https:\/\/schema.org","@graph":[{"@type":"WebPage","@id":"https:\/\/guide.reassurez-moi.fr\/guide\/assurance-auto\/fgao","url":"https:\/\/guide.reassurez-moi.fr\/guide\/assurance-auto\/fgao","name":"Fonds de garantie auto : fonctionnement et indemnisation","isPartOf":{"@id":"https:\/\/guide.reassurez-moi.fr\/guide\/#website"},"datePublished":"2020-03-12T12:04:10+00:00","dateModified":"2026-02-02T14:10:37+00:00","description":"Le Fonds de Garanties des Assurances Obligatoires permet d'indemniser les victimes de la route. Comment en b\u00e9n\u00e9ficier ? \u00c0 quelle condition ?","breadcrumb":{"@id":"https:\/\/guide.reassurez-moi.fr\/guide\/assurance-auto\/fgao#breadcrumb"},"inLanguage":"fr-FR","potentialAction":[{"@type":"ReadAction","target":["https:\/\/guide.reassurez-moi.fr\/guide\/assurance-auto\/fgao"]}]},{"@type":"BreadcrumbList","@id":"https:\/\/guide.reassurez-moi.fr\/guide\/assurance-auto\/fgao#breadcrumb","itemListElement":[{"@type":"ListItem","position":1,"name":"Assurances","item":"https:\/\/guide.reassurez-moi.fr\/guide\/"},{"@type":"ListItem","position":2,"name":"Assurance auto","item":"https:\/\/guide.reassurez-moi.fr\/guide\/assurance-auto"},{"@type":"ListItem","position":3,"name":"FGAO"}]},{"@type":"WebSite","@id":"https:\/\/guide.reassurez-moi.fr\/guide\/#website","url":"https:\/\/guide.reassurez-moi.fr\/guide\/","name":"R\u00e9assurez-moi","description":"Comparateur d&#039;assurances","potentialAction":[{"@type":"SearchAction","target":{"@type":"EntryPoint","urlTemplate":"https:\/\/guide.reassurez-moi.fr\/guide\/?s={search_term_string}"},"query-input":{"@type":"PropertyValueSpecification","valueRequired":true,"valueName":"search_term_string"}}],"inLanguage":"fr-FR"}]}},"acf":[],"_links":{"self":[{"href":"https:\/\/guide.reassurez-moi.fr\/guide\/wp-json\/wp\/v2\/pages\/112749","targetHints":{"allow":["GET"]}}],"collection":[{"href":"https:\/\/guide.reassurez-moi.fr\/guide\/wp-json\/wp\/v2\/pages"}],"about":[{"href":"https:\/\/guide.reassurez-moi.fr\/guide\/wp-json\/wp\/v2\/types\/page"}],"author":[{"embeddable":true,"href":"https:\/\/guide.reassurez-moi.fr\/guide\/wp-json\/wp\/v2\/users\/86"}],"replies":[{"embeddable":true,"href":"https:\/\/guide.reassurez-moi.fr\/guide\/wp-json\/wp\/v2\/comments?post=112749"}],"version-history":[{"count":2,"href":"https:\/\/guide.reassurez-moi.fr\/guide\/wp-json\/wp\/v2\/pages\/112749\/revisions"}],"predecessor-version":[{"id":215546,"href":"https:\/\/guide.reassurez-moi.fr\/guide\/wp-json\/wp\/v2\/pages\/112749\/revisions\/215546"}],"up":[{"embeddable":true,"href":"https:\/\/guide.reassurez-moi.fr\/guide\/wp-json\/wp\/v2\/pages\/15725"}],"wp:attachment":[{"href":"https:\/\/guide.reassurez-moi.fr\/guide\/wp-json\/wp\/v2\/media?parent=112749"}],"wp:term":[{"taxonomy":"category","embeddable":true,"href":"https:\/\/guide.reassurez-moi.fr\/guide\/wp-json\/wp\/v2\/categories?post=112749"},{"taxonomy":"page_topic","embeddable":true,"href":"https:\/\/guide.reassurez-moi.fr\/guide\/wp-json\/wp\/v2\/page_topic?post=112749"}],"curies":[{"name":"wp","href":"https:\/\/api.w.org\/{rel}","templated":true}]}}