{"id":1210,"date":"2014-07-08T16:37:01","date_gmt":"2014-07-08T14:37:01","guid":{"rendered":"http:\/\/reassurez-moi.fr\/guide\/?page_id=1210"},"modified":"2026-04-13T12:30:12","modified_gmt":"2026-04-13T10:30:12","slug":"sport-risque","status":"publish","type":"page","link":"https:\/\/guide.reassurez-moi.fr\/guide\/assurance-pret-immobilier\/sport-risque","title":{"rendered":"Assurance pr\u00eat immobilier &#8211; Sport \u00e0 risque"},"content":{"rendered":"\n<h1 class=\"wp-block-heading\" id=\"quelle-assurance-de-pret-immobilier-en-cas-de-sport-a-risque\">Quels sont les sports \u00e0 risques dans le cadre de l\u2019assurance emprunteur ?<\/h1>\n\n\n\n<p>Lors de la souscription \u00e0 une <a href=\"https:\/\/reassurez-moi.fr\/guide\/assurance-pret-immobilier\">assurance de pr\u00eat immobilier<\/a>, la\u00a0pratique de\u00a0sports \u00e0 risques, en tant qu&rsquo;amateur\u00a0comme professionnel, peut entra\u00eener des surprimes voire des exclusions de garanties. Heureusement, il existe des solutions pour les \u00e9viter. Nos conseils !<\/p>\n\n\n\n<h2 class=\"wp-block-heading\">Quel est l\u2019impact des sports \u00e0 risques sur l\u2019assurance du pr\u00eat immobilier ?<\/h2>\n\n\n\n<p>L&rsquo;\u00e9tude d&rsquo;un dossier de demande de souscription \u00e0 une assurance emprunteur repose surtout sur l&rsquo;<strong>\u00e9valuation du niveau de risques <\/strong>associ\u00e9 \u00e0 votre profil. Or, la pratique d&rsquo;une activit\u00e9 per\u00e7ue comme dangereuse ou extr\u00eame repr\u00e9sente un risque pour l&rsquo;assureur.<\/p>\n\n\n\n<p>En effet, l&rsquo;assurance du pr\u00eat immobilier a pour r\u00f4le de <strong>prendre en charge les mensualit\u00e9s<\/strong> de votre cr\u00e9dit immobilier si vous \u00eates <strong>en incapacit\u00e9 de les payer<\/strong>. Elle s&rsquo;active par exemple en cas d&rsquo;invalidit\u00e9.<\/p>\n\n\n\n<p>En mati\u00e8re de statistiques, le risque de sinistre augmente d\u00e8s lors que vous pratiquez un <strong>sport causant plus de blessures<\/strong> ou d&rsquo;accidents que la moyenne.<\/p>\n\n\n\n<p>L&rsquo;assureur va donc chercher \u00e0 compenser ce danger \u00e0 travers des ajustements tarifaires ou des changements de couverture comme :<\/p>\n\n\n\n<h3 class=\"wp-block-heading\"><strong>Surprimes<\/strong><\/h3>\n\n\n\n<p>Tr\u00e8s souvent, la compagnie d&rsquo;assurance va d\u00e9cider d&rsquo;appliquer une <a href=\"https:\/\/reassurez-moi.fr\/guide\/assurance-pret-immobilier\/surprime\">surprime<\/a> sur votre contrat d&rsquo;assurance de pr\u00eat immobilier si vous pratiquez un sport \u00e0 risques. <\/p>\n\n\n\n<p>Concr\u00e8tement, cela signifie que la prime de votre assurance va augmenter sur une ou plusieurs garanties. Pour une pratique sportive r\u00e9guli\u00e8re, il faut compter <strong>entre 30% et 175% <\/strong>d&rsquo;augmentation selon le sport pratiqu\u00e9.<\/p>\n\n\n\n<div class=\"wp-block-mars-information icon-check\"><p>\u2b50\ufe0f Notre conseil<br\/>Les assureurs ind\u00e9pendants ont tendance \u00e0 se montrer plus souples que ceux des banques face aux risques sportifs !<a href=\"https:\/\/reassurez-moi.fr\/simulation-assurance-pret-immobilier\"> Comparez-les d\u00e8s maintenant <\/a>!<\/p><\/div>\n\n\n\n<h3 class=\"wp-block-heading\"><strong>Exclusions de garanties<\/strong><\/h3>\n\n\n\n<p>Votre assureur en pr\u00eat immobilier peut \u00e9galement d\u00e9cider de vous imposer des exclusions de garanties.<\/p>\n\n\n\n<p>En cas d&rsquo;exclusions de garantie, la compagnie d&rsquo;assurance accepte de couvrir votre pr\u00eat immobilier. Cependant, vous n&rsquo;\u00eates <strong>pas couvert si le sinistre est li\u00e9 \u00e0 la pratique de votre sport<\/strong> \u00e0 risques.<\/p>\n\n\n\n<p>Ces exclusions de garantie sont de deux types : <\/p>\n\n\n\n<ul class=\"wp-block-list is-style-pros\">\n<li>Les exclusions<strong> \u00abrachetables\u00bb <\/strong>qui peuvent tout de m\u00eame \u00eatre couvertes \u00e0 condition de payer une surprime ;<\/li>\n\n\n\n<li>Les exclusions <strong>\u00abnon rachetables\u00bb<\/strong> qui sont non-n\u00e9gociables.<\/li>\n<\/ul>\n\n\n\n<h2 class=\"wp-block-heading\">Assurance de pr\u00eat : quels sont les sports consid\u00e9r\u00e9s comme \u00e0 risque ?<\/h2>\n\n\n\n<p>Parmi les sports consid\u00e9r\u00e9s comme \u00e0 risques par les assureurs en pr\u00eat immobilier, on peut citer les suivants : <\/p>\n\n\n\n<ul class=\"wp-block-list is-style-arrow-right\">\n<li><a href=\"https:\/\/reassurez-moi.fr\/guide\/assurance-pret-immobilier\/sport-risque\/plongee\">La <\/a><strong><a href=\"https:\/\/reassurez-moi.fr\/guide\/assurance-pret-immobilier\/sport-risque\/plongee\">plong\u00e9e sous-marine <\/a><\/strong>qui cause environ 350 accidents par an en France<a href=\"https:\/\/www.lamedecinedusport.com\/plongee-activites-subaquatiques-accidents-de-plongee\/#:~:text=Le%20nombre%20d'accidents%20de,6%20%C3%A0%2010%20000%20plong%C3%A9es.\" target=\"_blank\" rel=\"noreferrer noopener\"> selon la M\u00e9decine du sport <\/a>; <\/li>\n\n\n\n<li><a href=\"https:\/\/reassurez-moi.fr\/guide\/assurance-pret-immobilier\/sport-risque\/equitation\">L&rsquo;<strong>\u00e9quitation<\/strong><\/a> qui est la cause de <a href=\"https:\/\/www.cavalons.fr\/blog\/securite-a-cheval-chiffres-exemples-et-conseils-concrets\" target=\"_blank\" rel=\"noreferrer noopener\">30 000 accidents par a<\/a>n ;<\/li>\n\n\n\n<li>Les <a href=\"https:\/\/reassurez-moi.fr\/guide\/assurance-pret-immobilier\/sportif-professionnel\"><strong>sports d&rsquo;hiver <\/strong><\/a>(la plupart des accidents concernent le ski m\u00eame si le snowboard cause aussi quelques blessures) ;<\/li>\n\n\n\n<li>La <strong><a href=\"https:\/\/reassurez-moi.fr\/guide\/assurance-pret-immobilier\/sport-risque\/chasse\">chasse<\/a><\/strong>, consid\u00e9r\u00e9e comme dangereuse du fait du maniement d&rsquo;armes \u00e0 feu ;<\/li>\n\n\n\n<li>Les <strong><a href=\"https:\/\/reassurez-moi.fr\/guide\/assurance-pret-immobilier\/sport-combat\">sports de combat<\/a><\/strong> (boxe, lutte, arts martiaux etc.) ;<\/li>\n\n\n\n<li>Les <strong><a href=\"https:\/\/reassurez-moi.fr\/guide\/pret-immobilier\/pret-sans-assurance\">sports automobiles<\/a><\/strong> ;<\/li>\n\n\n\n<li>Le <a href=\"https:\/\/reassurez-moi.fr\/guide\/assurance-pret-immobilier\/sport-risque\/canyoning-rafting\"><strong>canyoning et le rafting<\/strong><\/a> : une trentaine de d\u00e9c\u00e8s entre 2008 et 2018 ;<\/li>\n\n\n\n<li>Les<a href=\"https:\/\/reassurez-moi.fr\/guide\/assurance-pret-immobilier\/sport-nautique\"> <strong>sports nautiques <\/strong><\/a>(on recense 1 013 noyades en France durant l&rsquo;\u00e9t\u00e9 2025) ;<\/li>\n\n\n\n<li>Les <strong><a href=\"https:\/\/reassurez-moi.fr\/guide\/assurance-pret-immobilier\/escalade-alpinisme-trekking\">sports de montagne<\/a> <\/strong>: escalade, alpinisme, trekking&#8230;<\/li>\n\n\n\n<li>Le <a href=\"https:\/\/reassurez-moi.fr\/guide\/assurance-pret-immobilier\/sport-risque\/parapente-parachutisme\"><strong>parachutisme<\/strong><\/a>, le parapente et le base-jump o\u00f9 les accidents sont souvent mortels.<\/li>\n<\/ul>\n\n\n\n<div class=\"wp-block-mars-information icon-info without-background\"><p>\u2139\ufe0f Retrouvez nos fiches personnalis\u00e9es sur ces sports \u00e0 risques !<\/p><\/div>\n\n\n\n<h2 class=\"wp-block-heading\">Faut-il d\u00e9clarer la pratique de sports \u00e0 risques dans le cadre de la souscription \u00e0 une assurance emprunteur ?<\/h2>\n\n\n\n<p>En tant que potentiel assur\u00e9, vous recevrez un <strong><a href=\"https:\/\/reassurez-moi.fr\/guide\/assurance-pret-immobilier\/questionnaire-sante\">questionnaire <\/a><\/strong>comportant des questions g\u00e9n\u00e9rales sur votre sant\u00e9 et vos habitudes. <\/p>\n\n\n\n<p>C&rsquo;est \u00e0 ce moment l\u00e0 que vous devrez d\u00e9clarer votre pratique sportive.<\/p>\n\n\n\n<p>Si la compagnie d&rsquo;assurance juge votre pratique sportive comme <em>\u00e0 risques<\/em>, elle vous fera parvenir un questionnaire compl\u00e9mentaire. Vous devrez alors indiquer : <\/p>\n\n\n\n<ul class=\"wp-block-list is-style-pros-2\">\n<li>Votre <strong>niveau<\/strong> (amateur ou professionnel : ceinture au judo ou niveau de plong\u00e9e par exemple) ;<\/li>\n\n\n\n<li>Le <strong>mat\u00e9riel utilis\u00e9<\/strong> (protections, armes \u00e0 feu etc.) ;<\/li>\n\n\n\n<li>Votre<strong> adh\u00e9sion \u00e0 un club<\/strong> ;<\/li>\n\n\n\n<li>La<strong> fr\u00e9quence <\/strong>de votre pratique sportive ;<\/li>\n<\/ul>\n\n\n\n<h2 class=\"wp-block-heading\">Comment souscrire une assurance emprunteur en cas de risques sportifs ?<\/h2>\n\n\n\n<p>Si vous pratiquez un sport consid\u00e9r\u00e9 comme risqu\u00e9, nous vous conseillons de bien mettre en concurrence les diff\u00e9rentes offres des assureurs afin d&rsquo;\u00e9viter les p\u00e9nalit\u00e9s (surprime, refus ou exclusion). <\/p>\n\n\n\n<p>En effet, rien ne vous oblige \u00e0 accepter la premi\u00e8re offre de l&rsquo;assurance de votre banque : il est souvent plus avantageux de <strong>passer par un assureur externe<\/strong>. Vous trouverez de nombreuses offres sur notre comparateur en ligne.<\/p>\n\n\n\n<p>Pas envie de perdre du temps \u00e0 remplir des papiers ? Nos conseillers s&rsquo;en chargent ! Vous pouvez les contacter au 01 82 83 36 33.<\/p>\n\n\n\n\n<div class=\"wp-block-rm-advertizing-block fix-in-sidebar advertising-block-sidebar-item\">\n    <div class=\"image-container flex justify-center align-items-center\">\n        <img decoding=\"async\" src=\"https:\/\/guide.reassurez-moi.fr\/guide\/wp-content\/uploads\/2025\/06\/team_opti_short.png\"\n             alt=\"reassurez-moi illustration\"\n             class=\"wp-block-rm-advertizing-image\"\n             loading=\"lazy\"\n        \/>\n    <\/div>\n    <div class=\"rm-advertblock-container flex flex-column justify-center align-items-start\">\n        <p class=\"wp-block-rm-advertizing-text\">\n            Assurance emprunteur\n        <\/p>\n        <p class=\"wp-block-rm-advertizing-sub-text\">\n            les meilleures offres 2026\n        <\/p>\n        <a\n            href=\"https:\/\/app.reassurez-moi.fr\/parcours-assurance-pret-immobilier\"\n            class=\"wp-block-rm-advertizing-button\"\n        >\n            <span class=\"wp-block-rm-advertizing-button-text\">\n                Comparer\n            <\/span>\n            <span class=\"wp-block-rm-advertizing-button-sub-text\">\n                nos assurances de pr\u00eat\n            <\/span>\n        <\/a>\n    <\/div>\n<\/div>\n\n\n\n<h2 class=\"wp-block-heading\">FAQ : Assurance de pr\u00eat et sports \u00e0 risques<\/h2>\n\n\n\n<div class=\"schema-faq wp-block-yoast-faq-block\"><div class=\"schema-faq-section\" id=\"faq-question-1643841420137\"><h3 class=\"schema-faq-question my-0 font-semibold\">Quels sont les sports \u00e0 risques pour les assureurs ?<\/h3> <p class=\"schema-faq-answer\">La liste peut varier selon les assureurs mais en g\u00e9n\u00e9ral, les sports consid\u00e9r\u00e9s risqu\u00e9s sont : les pilotes d&rsquo;ULM, deltaplane, parapente, le parachutisme, le canyoning, le rafting, la sp\u00e9l\u00e9ologie, les sports de combat, le ski acrobatique, le bobsleigh, l\u2019alpinisme, l&rsquo;escalade, le trekking au del\u00e0 de 5000 m\u00e8tres, la plong\u00e9e \u00e0 plus de 20 m\u00e8tres de profondeur etc.<\/p> <\/div> <div class=\"schema-faq-section\" id=\"faq-question-1643841496142\"><h3 class=\"schema-faq-question my-0 font-semibold\">Comment les sports \u00e0 risques affectent-ils les primes d&rsquo;assurance emprunteur ?<\/h3> <p class=\"schema-faq-answer\">La pratique d&rsquo;un sport \u00e0 risques peut mener \u00e0 une surprime et donc \u00e0 une augmentation du co\u00fbt total de votre assurance. Tout d\u00e9pend du sport pratiqu\u00e9 et des dangers associ\u00e9s.<\/p> <\/div> <div class=\"schema-faq-section\" id=\"faq-question-1769508860385\"><h3 class=\"schema-faq-question my-0 font-semibold\">Quels sont les 4 types de risques en assurance emprunteur ?<\/h3> <p class=\"schema-faq-answer\">Les quatre types de risques couverts par les garanties de l&rsquo;assurance du pr\u00eat immobilier sont le d\u00e9c\u00e8s, la perte totale et irr\u00e9versible d&rsquo;autonomie, l&rsquo;invalidit\u00e9 permanente et l&rsquo;incapacit\u00e9 temporaire de travail.<\/p> <\/div> <\/div>\n","protected":false},"excerpt":{"rendered":"<p>Quels sont les sports \u00e0 risques dans le cadre de l\u2019assurance emprunteur ? Lors de la souscription \u00e0 une assurance de pr\u00eat immobilier, la\u00a0pratique de\u00a0sports \u00e0 risques, en tant qu&rsquo;amateur\u00a0comme professionnel, peut entra\u00eener des surprimes voire des exclusions de garanties. Heureusement, il existe des solutions pour les \u00e9viter. Nos conseils ! Quel est l\u2019impact des\u2026<\/p>\n","protected":false},"author":67,"featured_media":0,"parent":31393,"menu_order":0,"comment_status":"open","ping_status":"closed","template":"","meta":{"_acf_changed":false,"footnotes":""},"categories":[],"page_topic":[548],"class_list":["post-1210","page","type-page","status-publish","hentry"],"yoast_head":"<!-- This site is optimized with the Yoast SEO plugin v24.7 - https:\/\/yoast.com\/wordpress\/plugins\/seo\/ -->\n<title>Assurance de pr\u00eat et sports \u00e0 risques | R\u00e9assurez-moi<\/title>\n<meta name=\"description\" content=\"Pratiquer un sport \u00e0 risque peut avoir un impact sur votre assurance de pr\u00eat. Nos conseils pour trouver un contrat adapt\u00e9 !\" \/>\n<meta name=\"robots\" content=\"index, follow, max-snippet:-1, max-image-preview:large, max-video-preview:-1\" \/>\n<link rel=\"canonical\" href=\"https:\/\/guide.reassurez-moi.fr\/guide\/assurance-pret-immobilier\/sport-risque\" \/>\n<meta property=\"og:locale\" content=\"fr_FR\" \/>\n<meta property=\"og:type\" content=\"article\" \/>\n<meta property=\"og:title\" content=\"Assurance de pr\u00eat et sports \u00e0 risques | R\u00e9assurez-moi\" \/>\n<meta property=\"og:description\" content=\"Pratiquer un sport \u00e0 risque peut avoir un impact sur votre assurance de pr\u00eat. Nos conseils pour trouver un contrat adapt\u00e9 !\" \/>\n<meta property=\"og:url\" content=\"https:\/\/guide.reassurez-moi.fr\/guide\/assurance-pret-immobilier\/sport-risque\" \/>\n<meta property=\"og:site_name\" content=\"R\u00e9assurez-moi\" \/>\n<meta property=\"article:publisher\" content=\"https:\/\/www.facebook.com\/R%c3%a9assurez-moi-209456495889479\/\" \/>\n<meta property=\"article:modified_time\" content=\"2026-04-13T10:30:12+00:00\" \/>\n<meta property=\"og:image\" content=\"https:\/\/guide.reassurez-moi.fr\/guide\/wp-content\/uploads\/2018\/04\/image-de-partage.png\" \/>\n\t<meta property=\"og:image:width\" content=\"500\" \/>\n\t<meta property=\"og:image:height\" content=\"160\" \/>\n\t<meta property=\"og:image:type\" content=\"image\/png\" \/>\n<meta name=\"twitter:card\" content=\"summary_large_image\" \/>\n<meta name=\"twitter:site\" content=\"@reassurezmoi\" \/>\n<meta name=\"twitter:label1\" content=\"Dur\u00e9e de lecture estim\u00e9e\" \/>\n\t<meta name=\"twitter:data1\" content=\"3 minutes\" \/>\n<script type=\"application\/ld+json\" class=\"yoast-schema-graph\">{\"@context\":\"https:\/\/schema.org\",\"@graph\":[{\"@type\":[\"WebPage\",\"FAQPage\"],\"@id\":\"https:\/\/guide.reassurez-moi.fr\/guide\/assurance-pret-immobilier\/sport-risque\",\"url\":\"https:\/\/guide.reassurez-moi.fr\/guide\/assurance-pret-immobilier\/sport-risque\",\"name\":\"Assurance de pr\u00eat et sports \u00e0 risques | R\u00e9assurez-moi\",\"isPartOf\":{\"@id\":\"https:\/\/guide.reassurez-moi.fr\/guide\/#website\"},\"datePublished\":\"2014-07-08T14:37:01+00:00\",\"dateModified\":\"2026-04-13T10:30:12+00:00\",\"description\":\"Pratiquer un sport \u00e0 risque peut avoir un impact sur votre assurance de pr\u00eat. Nos conseils pour trouver un contrat adapt\u00e9 !\",\"breadcrumb\":{\"@id\":\"https:\/\/guide.reassurez-moi.fr\/guide\/assurance-pret-immobilier\/sport-risque#breadcrumb\"},\"mainEntity\":[{\"@id\":\"https:\/\/guide.reassurez-moi.fr\/guide\/assurance-pret-immobilier\/sport-risque#faq-question-1643841420137\"},{\"@id\":\"https:\/\/guide.reassurez-moi.fr\/guide\/assurance-pret-immobilier\/sport-risque#faq-question-1643841496142\"},{\"@id\":\"https:\/\/guide.reassurez-moi.fr\/guide\/assurance-pret-immobilier\/sport-risque#faq-question-1769508860385\"}],\"inLanguage\":\"fr-FR\",\"potentialAction\":[{\"@type\":\"ReadAction\",\"target\":[\"https:\/\/guide.reassurez-moi.fr\/guide\/assurance-pret-immobilier\/sport-risque\"]}]},{\"@type\":\"BreadcrumbList\",\"@id\":\"https:\/\/guide.reassurez-moi.fr\/guide\/assurance-pret-immobilier\/sport-risque#breadcrumb\",\"itemListElement\":[{\"@type\":\"ListItem\",\"position\":1,\"name\":\"Assurances\",\"item\":\"https:\/\/guide.reassurez-moi.fr\/guide\/\"},{\"@type\":\"ListItem\",\"position\":2,\"name\":\"Assurance pr\u00eat immobilier\",\"item\":\"https:\/\/guide.reassurez-moi.fr\/guide\/assurance-pret-immobilier\"},{\"@type\":\"ListItem\",\"position\":3,\"name\":\"Sports \u00e0 risque\"}]},{\"@type\":\"WebSite\",\"@id\":\"https:\/\/guide.reassurez-moi.fr\/guide\/#website\",\"url\":\"https:\/\/guide.reassurez-moi.fr\/guide\/\",\"name\":\"R\u00e9assurez-moi\",\"description\":\"Comparateur d&#039;assurances\",\"potentialAction\":[{\"@type\":\"SearchAction\",\"target\":{\"@type\":\"EntryPoint\",\"urlTemplate\":\"https:\/\/guide.reassurez-moi.fr\/guide\/?s={search_term_string}\"},\"query-input\":{\"@type\":\"PropertyValueSpecification\",\"valueRequired\":true,\"valueName\":\"search_term_string\"}}],\"inLanguage\":\"fr-FR\"},{\"@type\":\"Question\",\"@id\":\"https:\/\/guide.reassurez-moi.fr\/guide\/assurance-pret-immobilier\/sport-risque#faq-question-1643841420137\",\"position\":1,\"url\":\"https:\/\/guide.reassurez-moi.fr\/guide\/assurance-pret-immobilier\/sport-risque#faq-question-1643841420137\",\"name\":\"Quels sont les sports \u00e0 risques pour les assureurs ?\",\"answerCount\":1,\"acceptedAnswer\":{\"@type\":\"Answer\",\"text\":\"La liste peut varier selon les assureurs mais en g\u00e9n\u00e9ral, les sports consid\u00e9r\u00e9s risqu\u00e9s sont : les pilotes d'ULM, deltaplane, parapente, le parachutisme, le canyoning, le rafting, la sp\u00e9l\u00e9ologie, les sports de combat, le ski acrobatique, le bobsleigh, l\u2019alpinisme, l'escalade, le trekking au del\u00e0 de 5000 m\u00e8tres, la plong\u00e9e \u00e0 plus de 20 m\u00e8tres de profondeur etc.\",\"inLanguage\":\"fr-FR\"},\"inLanguage\":\"fr-FR\"},{\"@type\":\"Question\",\"@id\":\"https:\/\/guide.reassurez-moi.fr\/guide\/assurance-pret-immobilier\/sport-risque#faq-question-1643841496142\",\"position\":2,\"url\":\"https:\/\/guide.reassurez-moi.fr\/guide\/assurance-pret-immobilier\/sport-risque#faq-question-1643841496142\",\"name\":\"Comment les sports \u00e0 risques affectent-ils les primes d'assurance emprunteur ?\",\"answerCount\":1,\"acceptedAnswer\":{\"@type\":\"Answer\",\"text\":\"La pratique d'un sport \u00e0 risques peut mener \u00e0 une surprime et donc \u00e0 une augmentation du co\u00fbt total de votre assurance. Tout d\u00e9pend du sport pratiqu\u00e9 et des dangers associ\u00e9s.\",\"inLanguage\":\"fr-FR\"},\"inLanguage\":\"fr-FR\"},{\"@type\":\"Question\",\"@id\":\"https:\/\/guide.reassurez-moi.fr\/guide\/assurance-pret-immobilier\/sport-risque#faq-question-1769508860385\",\"position\":3,\"url\":\"https:\/\/guide.reassurez-moi.fr\/guide\/assurance-pret-immobilier\/sport-risque#faq-question-1769508860385\",\"name\":\"Quels sont les 4 types de risques en assurance emprunteur ?\",\"answerCount\":1,\"acceptedAnswer\":{\"@type\":\"Answer\",\"text\":\"Les quatre types de risques couverts par les garanties de l'assurance du pr\u00eat immobilier sont le d\u00e9c\u00e8s, la perte totale et irr\u00e9versible d'autonomie, l'invalidit\u00e9 permanente et l'incapacit\u00e9 temporaire de travail.\",\"inLanguage\":\"fr-FR\"},\"inLanguage\":\"fr-FR\"}]}<\/script>\n<!-- \/ Yoast SEO plugin. -->","yoast_head_json":{"title":"Assurance de pr\u00eat et sports \u00e0 risques | R\u00e9assurez-moi","description":"Pratiquer un sport \u00e0 risque peut avoir un impact sur votre assurance de pr\u00eat. Nos conseils pour trouver un contrat adapt\u00e9 !","robots":{"index":"index","follow":"follow","max-snippet":"max-snippet:-1","max-image-preview":"max-image-preview:large","max-video-preview":"max-video-preview:-1"},"canonical":"https:\/\/guide.reassurez-moi.fr\/guide\/assurance-pret-immobilier\/sport-risque","og_locale":"fr_FR","og_type":"article","og_title":"Assurance de pr\u00eat et sports \u00e0 risques | R\u00e9assurez-moi","og_description":"Pratiquer un sport \u00e0 risque peut avoir un impact sur votre assurance de pr\u00eat. Nos conseils pour trouver un contrat adapt\u00e9 !","og_url":"https:\/\/guide.reassurez-moi.fr\/guide\/assurance-pret-immobilier\/sport-risque","og_site_name":"R\u00e9assurez-moi","article_publisher":"https:\/\/www.facebook.com\/R%c3%a9assurez-moi-209456495889479\/","article_modified_time":"2026-04-13T10:30:12+00:00","og_image":[{"width":500,"height":160,"url":"https:\/\/guide.reassurez-moi.fr\/guide\/wp-content\/uploads\/2018\/04\/image-de-partage.png","type":"image\/png"}],"twitter_card":"summary_large_image","twitter_site":"@reassurezmoi","twitter_misc":{"Dur\u00e9e de lecture estim\u00e9e":"3 minutes"},"schema":{"@context":"https:\/\/schema.org","@graph":[{"@type":["WebPage","FAQPage"],"@id":"https:\/\/guide.reassurez-moi.fr\/guide\/assurance-pret-immobilier\/sport-risque","url":"https:\/\/guide.reassurez-moi.fr\/guide\/assurance-pret-immobilier\/sport-risque","name":"Assurance de pr\u00eat et sports \u00e0 risques | R\u00e9assurez-moi","isPartOf":{"@id":"https:\/\/guide.reassurez-moi.fr\/guide\/#website"},"datePublished":"2014-07-08T14:37:01+00:00","dateModified":"2026-04-13T10:30:12+00:00","description":"Pratiquer un sport \u00e0 risque peut avoir un impact sur votre assurance de pr\u00eat. Nos conseils pour trouver un contrat adapt\u00e9 !","breadcrumb":{"@id":"https:\/\/guide.reassurez-moi.fr\/guide\/assurance-pret-immobilier\/sport-risque#breadcrumb"},"mainEntity":[{"@id":"https:\/\/guide.reassurez-moi.fr\/guide\/assurance-pret-immobilier\/sport-risque#faq-question-1643841420137"},{"@id":"https:\/\/guide.reassurez-moi.fr\/guide\/assurance-pret-immobilier\/sport-risque#faq-question-1643841496142"},{"@id":"https:\/\/guide.reassurez-moi.fr\/guide\/assurance-pret-immobilier\/sport-risque#faq-question-1769508860385"}],"inLanguage":"fr-FR","potentialAction":[{"@type":"ReadAction","target":["https:\/\/guide.reassurez-moi.fr\/guide\/assurance-pret-immobilier\/sport-risque"]}]},{"@type":"BreadcrumbList","@id":"https:\/\/guide.reassurez-moi.fr\/guide\/assurance-pret-immobilier\/sport-risque#breadcrumb","itemListElement":[{"@type":"ListItem","position":1,"name":"Assurances","item":"https:\/\/guide.reassurez-moi.fr\/guide\/"},{"@type":"ListItem","position":2,"name":"Assurance pr\u00eat immobilier","item":"https:\/\/guide.reassurez-moi.fr\/guide\/assurance-pret-immobilier"},{"@type":"ListItem","position":3,"name":"Sports \u00e0 risque"}]},{"@type":"WebSite","@id":"https:\/\/guide.reassurez-moi.fr\/guide\/#website","url":"https:\/\/guide.reassurez-moi.fr\/guide\/","name":"R\u00e9assurez-moi","description":"Comparateur d&#039;assurances","potentialAction":[{"@type":"SearchAction","target":{"@type":"EntryPoint","urlTemplate":"https:\/\/guide.reassurez-moi.fr\/guide\/?s={search_term_string}"},"query-input":{"@type":"PropertyValueSpecification","valueRequired":true,"valueName":"search_term_string"}}],"inLanguage":"fr-FR"},{"@type":"Question","@id":"https:\/\/guide.reassurez-moi.fr\/guide\/assurance-pret-immobilier\/sport-risque#faq-question-1643841420137","position":1,"url":"https:\/\/guide.reassurez-moi.fr\/guide\/assurance-pret-immobilier\/sport-risque#faq-question-1643841420137","name":"Quels sont les sports \u00e0 risques pour les assureurs ?","answerCount":1,"acceptedAnswer":{"@type":"Answer","text":"La liste peut varier selon les assureurs mais en g\u00e9n\u00e9ral, les sports consid\u00e9r\u00e9s risqu\u00e9s sont : les pilotes d'ULM, deltaplane, parapente, le parachutisme, le canyoning, le rafting, la sp\u00e9l\u00e9ologie, les sports de combat, le ski acrobatique, le bobsleigh, l\u2019alpinisme, l'escalade, le trekking au del\u00e0 de 5000 m\u00e8tres, la plong\u00e9e \u00e0 plus de 20 m\u00e8tres de profondeur etc.","inLanguage":"fr-FR"},"inLanguage":"fr-FR"},{"@type":"Question","@id":"https:\/\/guide.reassurez-moi.fr\/guide\/assurance-pret-immobilier\/sport-risque#faq-question-1643841496142","position":2,"url":"https:\/\/guide.reassurez-moi.fr\/guide\/assurance-pret-immobilier\/sport-risque#faq-question-1643841496142","name":"Comment les sports \u00e0 risques affectent-ils les primes d'assurance emprunteur ?","answerCount":1,"acceptedAnswer":{"@type":"Answer","text":"La pratique d'un sport \u00e0 risques peut mener \u00e0 une surprime et donc \u00e0 une augmentation du co\u00fbt total de votre assurance. Tout d\u00e9pend du sport pratiqu\u00e9 et des dangers associ\u00e9s.","inLanguage":"fr-FR"},"inLanguage":"fr-FR"},{"@type":"Question","@id":"https:\/\/guide.reassurez-moi.fr\/guide\/assurance-pret-immobilier\/sport-risque#faq-question-1769508860385","position":3,"url":"https:\/\/guide.reassurez-moi.fr\/guide\/assurance-pret-immobilier\/sport-risque#faq-question-1769508860385","name":"Quels sont les 4 types de risques en assurance emprunteur ?","answerCount":1,"acceptedAnswer":{"@type":"Answer","text":"Les quatre types de risques couverts par les garanties de l'assurance du pr\u00eat immobilier sont le d\u00e9c\u00e8s, la perte totale et irr\u00e9versible d'autonomie, l'invalidit\u00e9 permanente et l'incapacit\u00e9 temporaire de travail.","inLanguage":"fr-FR"},"inLanguage":"fr-FR"}]}},"acf":[],"_links":{"self":[{"href":"https:\/\/guide.reassurez-moi.fr\/guide\/wp-json\/wp\/v2\/pages\/1210","targetHints":{"allow":["GET"]}}],"collection":[{"href":"https:\/\/guide.reassurez-moi.fr\/guide\/wp-json\/wp\/v2\/pages"}],"about":[{"href":"https:\/\/guide.reassurez-moi.fr\/guide\/wp-json\/wp\/v2\/types\/page"}],"author":[{"embeddable":true,"href":"https:\/\/guide.reassurez-moi.fr\/guide\/wp-json\/wp\/v2\/users\/67"}],"replies":[{"embeddable":true,"href":"https:\/\/guide.reassurez-moi.fr\/guide\/wp-json\/wp\/v2\/comments?post=1210"}],"version-history":[{"count":10,"href":"https:\/\/guide.reassurez-moi.fr\/guide\/wp-json\/wp\/v2\/pages\/1210\/revisions"}],"predecessor-version":[{"id":218877,"href":"https:\/\/guide.reassurez-moi.fr\/guide\/wp-json\/wp\/v2\/pages\/1210\/revisions\/218877"}],"up":[{"embeddable":true,"href":"https:\/\/guide.reassurez-moi.fr\/guide\/wp-json\/wp\/v2\/pages\/31393"}],"wp:attachment":[{"href":"https:\/\/guide.reassurez-moi.fr\/guide\/wp-json\/wp\/v2\/media?parent=1210"}],"wp:term":[{"taxonomy":"category","embeddable":true,"href":"https:\/\/guide.reassurez-moi.fr\/guide\/wp-json\/wp\/v2\/categories?post=1210"},{"taxonomy":"page_topic","embeddable":true,"href":"https:\/\/guide.reassurez-moi.fr\/guide\/wp-json\/wp\/v2\/page_topic?post=1210"}],"curies":[{"name":"wp","href":"https:\/\/api.w.org\/{rel}","templated":true}]}}