{"id":121992,"date":"2026-04-15T17:45:28","date_gmt":"2026-04-15T15:45:28","guid":{"rendered":"https:\/\/reassurez-moi.fr\/guide\/mutuelle-sante\/cpam\/chartres"},"modified":"2026-04-15T17:45:28","modified_gmt":"2026-04-15T15:45:28","slug":"chartres","status":"publish","type":"page","link":"https:\/\/guide.reassurez-moi.fr\/guide\/mutuelle-sante\/cpam\/chartres","title":{"rendered":"Comment contacter la CPAM  ?"},"content":{"rendered":"\n<h1 class=\"wp-block-heading\" id=\"comment-contacter-la-cpam-nom-ville-de\">Comment contacter la CPAM  de Chartres ?<\/h1>\n\n\n\n<p>Besoin de joindre rapidement la CPAM de Chartres ?<br><\/p>\n\n\n\n<p>Voici les informations essentielles pour contacter la Caisse Primaire d\u2019Assurance Maladie et effectuer vos d\u00e9marches sans perte de temps :<\/p>\n\n\n\n<ul class=\"wp-block-list\">\n<li><strong>T\u00e9l\u00e9phone :<\/strong>&nbsp;3646 (appel non surtax\u00e9)<\/li>\n\n\n\n<li><strong>Adresse principale :<\/strong>&nbsp;<p>Caisse primaire d&rsquo;assurance maladie d&rsquo;Eure-et-Loir<br \/>\n11 rue du Docteur-Andr\u00e9-Haye<br \/>\n28034 Chartres Cedex<\/p><\/li>\n\n\n\n<li><strong>Envoi feuille de soins :<\/strong>&nbsp;<p>Caisse primaire d&rsquo;assurance maladie d&rsquo;Eure-et-Loir<br \/>\n11 rue du Docteur-Andr\u00e9-Haye<br \/>\n28034 Chartres Cedex<\/p><\/li>\n\n\n\n<li><strong>Horaires :<\/strong>&nbsp;<\/li>\n<\/ul>\n\n\n\n<p>\ud83d\udc49 Pour des d\u00e9marches plus rapides, vous pouvez aussi passer par votre compte&nbsp;Ameli&nbsp;en ligne.<\/p>\n\n\n\n<h2 class=\"wp-block-heading is-style-default\">Vous pouvez contacter la CPAM de Chartres dans les situations suivantes :<\/h2>\n\n\n\n<ul class=\"wp-block-list\">\n<li>Demande de CMU ou d&rsquo;ACS<\/li>\n\n\n\n<li>Remboursement de soins en attente<\/li>\n\n\n\n<li>D\u00e9claration ou suivi d&rsquo;un arr\u00eat de travail<\/li>\n\n\n\n<li>Mise \u00e0 jour de votre carte Vitale<\/li>\n\n\n\n<li>Changement de situation (d\u00e9m\u00e9nagement, emploi, mariage\u2026)<\/li>\n\n\n\n<li>Affiliation ou droits \u00e0 l&rsquo;Assurance Maladie<\/li>\n<\/ul>\n\n\n\n<h2 class=\"wp-block-heading\" id=\"quelle-est-l-adresse-de-la-cpam-nom-ville-de\"><strong>Quelle est l&rsquo;adresse de la CPAM <strong>de Chartres<\/strong> ?<\/strong><\/h2>\n\n\n\n<p><strong>Vous souhaitez contacter la CPAM <strong>de Chartres<\/strong> ?<\/strong> Pour vous faciliter la t\u00e2che dans vos d\u00e9marches, retrouvez toutes les coordonn\u00e9es utiles pour joindre la Caisse Primaire d&rsquo;Assurance Maladie de Chartres.<br><br><strong>La CPAM de Chartres est r\u00e9partie entre 1 bureaux \/ points d&rsquo;accueil dont voici les coordonn\u00e9es : <\/strong><\/p>\n\n\n\n<a name=\"bureaux\"><\/a>\n\n\n\n<figure class=\"wp-block-table is-style-header-double\"><table><thead><tr><th><\/th><th class=\"has-text-align-center\" data-align=\"center\">Adresses CPAM de Chartres<\/th><th class=\"has-text-align-center\" data-align=\"center\">Horaires CPAM de Chartres<\/th><\/tr><\/thead><tbody><tr><td><strong>CPAM Chartres<\/strong><\/td><td class=\"has-text-align-center\" data-align=\"center\"><br><p>11 rue du Docteur-Andr\u00e9-Haye<br \/>\n28034 Chartres Cedex<\/p><\/td><td class=\"has-text-align-center\" data-align=\"center\"><p>Du Lundi au Vendredi : de 08h30 \u00e0 12h30 et de 13h30 \u00e0 17h00<br \/>\nAccueil uniquement sur rendez-vous.<\/p><\/td><\/tr><\/tbody><\/table><\/figure>\n\n\n\n<div class=\"wp-block-mars-information icon-info undefined\"><p>Les horaires d&rsquo;ouverture de la CPAM de Chartres ont \u00e9t\u00e9 mis \u00e0 jour au 1er janvier. Ainsi, vous n&rsquo;aurez pas de mauvaise surprise !<\/p><\/div>\n\n\n\n<h2 class=\"wp-block-heading\" id=\"cpam-nom-ville-de-ou-envoyer-sa-feuille-de-soin\"><strong>CPAM <strong>de Chartres<\/strong> : o\u00f9 envoyer sa feuille de soins ?<\/strong><\/h2>\n\n\n\n<p><strong>La CPAM <strong>de Chartres<\/strong> met \u00e0 disposition une adresse unique pour l&rsquo;envoi de vos feuilles de soins ou justificatifs d&rsquo;arr\u00eats.<\/strong> Si vous le souhaitez, vous pouvez \u00e9galement vous rendre dans l&rsquo;<a href=\"#adresse\">agence CPAM <\/a>la plus proche de chez vous. <br><br><strong>L&rsquo;adresse postale de la CPAM <strong>de Chartres<\/strong> vous permet d&rsquo;envoyer : <\/strong><\/p>\n\n\n\n<a name=\"adresse\"><\/a>\n\n\n\n<ul class=\"wp-block-list\">\n<li>feuille de soins ;<\/li>\n\n\n\n<li>demande ou d\u00e9claration d&rsquo;arr\u00eat de travail ;<\/li>\n\n\n\n<li>justificatif d&rsquo;arr\u00eat maladie ;<\/li>\n\n\n\n<li>demande de CMU ;<\/li>\n\n\n\n<li>demande de soins ;<\/li>\n\n\n\n<li>pi\u00e8ce administrative (<a href=\"https:\/\/reassurez-moi.fr\/guide\/mutuelle-sante\/changement-situation-securite-sociale\">changement de situation<\/a>).<\/li>\n<\/ul>\n\n\n<div class=\"wp-block-columns\">\n<div class=\"wp-block-column is-layout-flow wp-block-column-is-layout-flow\"><div class=\"wp-block-image\">\n<figure class=\"aligncenter size-full is-resized\"><img decoding=\"async\" src=\"https:\/\/guide.reassurez-moi.fr\/guide\/wp-content\/uploads\/2019\/08\/courrier.jpg\" alt=\"courrier\" class=\"wp-image-71241\" style=\"width:60px;height:60px\"\/><\/figure>\n<\/div>\n\n\n<p class=\"has-text-align-center\"><p>Caisse primaire d&rsquo;assurance maladie d&rsquo;Eure-et-Loir<br \/>\n11 rue du Docteur-Andr\u00e9-Haye<br \/>\n28034 Chartres Cedex<\/p><\/p>\n<\/div>\n<\/div>\n<!-- \/wp:post-content -->\n<!-- wp:spacer {\"height\":\"20px\"} -->\n<div style=\"height:20px\" aria-hidden=\"true\" class=\"wp-block-spacer\"><\/div>\n<!-- \/wp:spacer -->\n\n<!-- wp:paragraph -->\n<p><strong>La plupart des mutuelles de sant\u00e9 pratiquent la t\u00e9l\u00e9transmission. <\/strong>Ce n&rsquo;est pas le cas ? Peut-\u00eatre est-ce le moment de changer de mutuelle ? Gr\u00e2ce \u00e0 notre outil, comparez votre contrat actuel avec les meilleures offres du march\u00e9.<\/p>\n<!-- \/wp:paragraph -->\n\n<!-- wp:shortcode -->\n\n<div class=\"flex  wp-block-rm-advertizing-block advertising-block-sidebar-item fix-in-sidebar\"><div class=\"image-container flex justify-center align-items-center py-3\"><img decoding=\"async\" src=\"https:\/\/guide.reassurez-moi.fr\/guide\/wp-content\/uploads\/2025\/06\/team_opti_short.png\" alt=\"reassurez-moi illustration\" class=\"wp-block-rm-advertizing-image\" loading=\"lazy\"\/><\/div><div class=\"\n                    rm-advertblock-container\n                    flex flex-column justify-center\n                    align-items-start\n                \"><p class=\"wp-block-rm-advertizing-text\n                              \n                            \">\u00c9conomisez sur votre mutuelle en quelques clics<\/p><a href=\"https:\/\/reassurez-moi.fr\/comparateur-mutuelle-sante\" class=\"wp-block-rm-advertizing-button\"><span class=\"wp-block-rm-advertizing-button-text\">Comparateur mutuelle sant\u00e9<\/span><\/a><\/div><\/div>\n\n<!-- \/wp:shortcode -->\n\n<!-- wp:spacer {\"height\":\"40px\"} -->\n<div style=\"height:40px\" aria-hidden=\"true\" class=\"wp-block-spacer\"><\/div>\n<!-- \/wp:spacer -->\n\n<!-- wp:quote -->\n<blockquote class=\"wp-block-quote\"><!-- wp:paragraph -->\n<p><em><span class=\"has-small-font-size\">En tant que courtier d&rsquo;assurance, notre mission est de vous informer et de vous conseiller sur les offres d&rsquo;assurance propos\u00e9es sur le march\u00e9. Ces fiches conseils ont pour objet de vous pr\u00e9senter les produits de nos <a href=\"https:\/\/reassurez-moi.fr\/guide\/cgu-cgv#MISE_EN_RELATION_AVEC_LES_PARTENAIRES\">assureurs partenaires<\/a> comme ceux avec lesquels nous n&rsquo;entretenons pas de liens.&nbsp;Ces fiches vous donnent notre&nbsp;analyse&nbsp;objective&nbsp;sur les contrats d&rsquo;assurance&nbsp;mais aussi&nbsp;des&nbsp;informations sur les formalit\u00e9s d&rsquo;adh\u00e9sion.<\/span><\/em><\/p>\n<!-- \/wp:paragraph --><\/blockquote>\n<!-- \/wp:quote -->\n\n<!-- wp:heading -->\n<h2 class=\"wp-block-heading\" id=\"quel-est-le-telephone-de-la-cpam-nom-ville-de\"><strong>Quel est le t\u00e9l\u00e9phone de la CPAM <strong>de Chartres<\/strong> ? <\/strong><\/h2>\n<!-- \/wp:heading -->\n\n<!-- wp:paragraph -->\n<p><strong>Vous avez une question concernant vos remboursements, vos droits ou encore votre Caisse Primaire d&rsquo;Assurance Maladie<\/strong> <strong>?<\/strong> Vous pouvez joindre la CPAM de Chartres au t\u00e9l\u00e9phone. Ce service est gratuit car le num\u00e9ro de la CPAM d&#039;Eure-et-Loir n&rsquo;est pas surtax\u00e9. Un conseiller pourra r\u00e9pondre \u00e0 vos questions ou vous donnez des renseignements concernant vos remboursements en cours. <br><br><strong>Voici le num\u00e9ro de t\u00e9l\u00e9phone de la CPAM d&#039;Eure-et-Loir : <\/strong><\/p>\n<!-- \/wp:paragraph -->\n\n<!-- wp:table {\"className\":\"is-style-header-double\"} -->\n<figure class=\"wp-block-table is-style-header-double\"><table class=\"has-fixed-layout\"><thead><tr><th><\/th><th class=\"has-text-align-center\" data-align=\"center\">Num\u00e9ro de t\u00e9l\u00e9phone CPAM <strong>de Chartres<\/strong><\/th><th class=\"has-text-align-center\" data-align=\"center\">Accueil t\u00e9l\u00e9phonique CPAM <strong>de Chartres<\/strong><\/th><\/tr><\/thead><tbody><tr><td><strong>CPAM <strong>de Chartres<\/strong><\/strong><\/td><td class=\"has-text-align-center\" data-align=\"center\">3646<\/td><td class=\"has-text-align-center\" data-align=\"center\">Accueil t\u00e9l\u00e9phonique du lundi au vendredi de 8h30 \u00e0 17h30.<\/td><\/tr><\/tbody><\/table><\/figure>\n<!-- \/wp:table -->\n\n<!-- wp:quote -->\n<blockquote class=\"wp-block-quote\"><!-- wp:paragraph -->\n<p>Vous \u00eates \u00e0 l&rsquo;\u00e9tranger et souhaitez joindre la CPAM de Chartres ? Composez le +33 811 70 36 46 (co\u00fbt variable selon votre op\u00e9rateur).<\/p>\n<!-- \/wp:paragraph --><\/blockquote>\n<!-- \/wp:quote -->\n\n<!-- wp:heading -->\n<h2 class=\"wp-block-heading\" id=\"remboursement-a-la-cpam-nom-caisse-de-comment-ca-marche\"><strong>Remboursement \u00e0 la CPAM d&#039;Eure-et-Loir : comment \u00e7a marche ? <\/strong><\/h2>\n<!-- \/wp:heading -->\n\n<p>Une fois votre <a href=\"https:\/\/reassurez-moi.fr\/guide\/mutuelle-sante\/feuille-soin\">feuille de soins <\/a>envoy\u00e9e \u00e0 : <p>Caisse primaire d&rsquo;assurance maladie d&rsquo;Eure-et-Loir<br \/>\n11 rue du Docteur-Andr\u00e9-Haye<br \/>\n28034 Chartres Cedex<\/p><\/p>\n<!-- \/wp:paragraph -->\n<!-- wp:paragraph -->\n<p>La CPAM de Chartres traite votre demande et effectue le remboursement directement sur votre compte bancaire.<\/p>\n<!-- \/wp:paragraph -->\n\n<!-- wp:paragraph -->\n<p>Si vous avez une mutuelle avec t\u00e9l\u00e9transmission, le remboursement est automatique (part CPAM + mutuelle).<\/p>\n<!-- \/wp:paragraph -->\n\n<!-- wp:quote -->\n<blockquote class=\"wp-block-quote\"><!-- wp:paragraph -->\n<p><strong>Vous souhaitez faire une simulation personnalis\u00e9e de vos remboursements de sant\u00e9 ?<\/strong> Notre outil vous permet de conna\u00eetre le montant que vous allez percevoir ainsi que votre reste \u00e0 charge, en fonction de ce que vous avez pay\u00e9. C&rsquo;est gratuit et 100 % en ligne !<\/p>\n<!-- \/wp:paragraph --><\/blockquote>\n<!-- \/wp:quote -->\n\n<!-- wp:spacer {\"height\":\"20px\"} -->\n<div style=\"height:20px\" aria-hidden=\"true\" class=\"wp-block-spacer\"><\/div>\n<!-- \/wp:spacer -->\n\n<!-- wp:group2 {\"className\":\"is-style-rm-button-orange\"} -->\n<div class=\"wp-block-group is-style-rm-button-orange\"><!-- wp:buttons -->\n<div class=\"wp-block-buttons\"><!-- wp:button -->\n<div class=\"wp-block-button\"><a class=\"wp-block-button__link wp-element-button\" href=\"https:\/\/reassurez-moi.fr\/guide\/mutuelle-sante\/remboursement\"><strong>SIMULER LE REMBOURSEMENT DE VOS FRAIS DE SANT\u00c9<\/strong><\/a><\/div>\n<!-- \/wp:button --><\/div>\n<!-- \/wp:buttons --><\/div>\n<!-- \/wp:group2 -->\n\n<!-- wp:heading -->\n<h2 class=\"wp-block-heading\" id=\"comment-joindre-le-medecin-conseil-de-la-cpam-nom-ville-de\"><strong>Comment joindre le m\u00e9decin conseil de la CPAM <strong>de Chartres<\/strong> ? <\/strong><\/h2>\n<!-- \/wp:heading -->\n\n<!-- wp:paragraph -->\n<p id=\"comment-joindre-le-medecin-conseil-de-la-cpam-nom-ville-de\">Le service m\u00e9dical de la CPAM de Chartres intervient pour :<\/p>\n<!-- \/wp:paragraph -->\n\n<!-- wp:list -->\n<ul class=\"wp-block-list\"><!-- wp:list-item -->\n<li>le contr\u00f4le des arr\u00eats de travail<\/li>\n<!-- \/wp:list-item -->\n\n<!-- wp:list-item -->\n<li>les avis m\u00e9dicaux<\/li>\n<!-- \/wp:list-item -->\n\n<!-- wp:list-item -->\n<li>les demandes sp\u00e9cifiques li\u00e9es \u00e0 votre situation<\/li>\n<!-- \/wp:list-item --><\/ul>\n<!-- \/wp:list -->\n\n<!-- wp:paragraph -->\n<p>Pour le contacter, vous devez passer par la CPAM : <strong>3646<\/strong><\/p>\n<!-- \/wp:paragraph -->\n\n<!-- wp:heading -->\n<h2 class=\"wp-block-heading\"><strong>Comparer les mutuelles sant\u00e9 pour \u00eatre mieux rembours\u00e9<\/strong><\/h2>\n<!-- \/wp:heading -->\n\n<!-- wp:paragraph -->\n<p>Vos remboursements CPAM ne couvrent qu\u2019une partie de vos frais de sant\u00e9. Le reste \u00e0 charge peut vite augmenter, surtout en cas de soins dentaires, optiques ou d\u2019hospitalisation.<br>Avec une mutuelle adapt\u00e9e, vous pouvez compl\u00e9ter efficacement ces remboursements et \u00e9viter les avances de frais gr\u00e2ce \u00e0 la t\u00e9l\u00e9transmission.<\/p>\n<!-- \/wp:paragraph -->\n\n<!-- wp:paragraph -->\n<p>En quelques clics, comparez les offres selon votre profil et vos besoins pour <a href=\"https:\/\/reassurez-moi.fr\/comparateur-mutuelle-sante\">trouver une mutuelle avec de meilleures garanties<\/a> et un tarif adapt\u00e9.<\/p>\n<!-- \/wp:paragraph -->\n\n<!-- wp:paragraph -->\n<p><em>Ces informations sont fournies \u00e0 titre indicatif et bas\u00e9es sur les donn\u00e9es officielles de l\u2019Assurance Maladie.<br>En cas de doute ou de situation particuli\u00e8re, il est recommand\u00e9 de contacter directement la CPAM de Chartres ou un professionnel de sant\u00e9.<\/em><\/p>\n<!-- \/wp:paragraph -->\n\n<!-- wp:paragraph -->\n<p><\/p>\n<!-- \/wp:paragraph -->","protected":false},"excerpt":{"rendered":"<p>Comment contacter la CPAM de Chartres ? Besoin de joindre rapidement la CPAM de Chartres ? Voici les informations essentielles pour contacter la Caisse Primaire d\u2019Assurance Maladie et effectuer vos d\u00e9marches sans perte de temps : T\u00e9l\u00e9phone :&nbsp;3646 (appel non surtax\u00e9) Adresse principale :&nbsp; Caisse primaire d&rsquo;assurance maladie d&rsquo;Eure-et-Loir 11 rue du Docteur-Andr\u00e9-Haye 28034 Chartres [&hellip;]<\/p>\n","protected":false},"author":93,"featured_media":0,"parent":75841,"menu_order":0,"comment_status":"open","ping_status":"closed","template":"","meta":{"_acf_changed":false,"footnotes":""},"categories":[],"page_topic":[510],"class_list":["post-121992","page","type-page","status-publish","hentry"],"yoast_head":"<!-- This site is optimized with the Yoast SEO plugin v24.7 - https:\/\/yoast.com\/wordpress\/plugins\/seo\/ -->\n<title>Contacter la CPAM de Chartres ? : t\u00e9l\u00e9phone, adresse, horaires<\/title>\n<meta name=\"description\" content=\"Toutes les coordonn\u00e9es pour contacter la CPAM  : num\u00e9ro de t\u00e9l\u00e9phone (3646), adresses des 1 points d&#039;accueil, horaires et envoi de feuilles de soins.\" \/>\n<meta name=\"robots\" content=\"index, follow, max-snippet:-1, max-image-preview:large, max-video-preview:-1\" \/>\n<link rel=\"canonical\" href=\"https:\/\/guide.reassurez-moi.fr\/guide\/mutuelle-sante\/cpam\/chartres\" \/>\n<meta property=\"og:locale\" content=\"fr_FR\" \/>\n<meta property=\"og:type\" content=\"article\" \/>\n<meta property=\"og:title\" content=\"Contacter la CPAM de Chartres ? : t\u00e9l\u00e9phone, adresse, horaires\" \/>\n<meta property=\"og:description\" content=\"Toutes les coordonn\u00e9es pour contacter la CPAM  : num\u00e9ro de t\u00e9l\u00e9phone (3646), adresses des 1 points d&#039;accueil, horaires et envoi de feuilles de soins.\" \/>\n<meta property=\"og:url\" content=\"https:\/\/guide.reassurez-moi.fr\/guide\/mutuelle-sante\/cpam\/chartres\" \/>\n<meta property=\"og:site_name\" content=\"R\u00e9assurez-moi\" \/>\n<meta property=\"article:publisher\" content=\"https:\/\/www.facebook.com\/R%c3%a9assurez-moi-209456495889479\/\" \/>\n<meta property=\"og:image\" content=\"https:\/\/guide.reassurez-moi.fr\/guide\/wp-content\/uploads\/2018\/04\/image-de-partage.png\" \/>\n\t<meta property=\"og:image:width\" content=\"500\" \/>\n\t<meta property=\"og:image:height\" content=\"160\" \/>\n\t<meta property=\"og:image:type\" content=\"image\/png\" \/>\n<meta name=\"twitter:card\" content=\"summary_large_image\" \/>\n<meta name=\"twitter:site\" content=\"@reassurezmoi\" \/>\n<script type=\"application\/ld+json\" class=\"yoast-schema-graph\">{\"@context\":\"https:\/\/schema.org\",\"@graph\":[{\"@type\":\"WebPage\",\"@id\":\"https:\/\/guide.reassurez-moi.fr\/guide\/mutuelle-sante\/cpam\/chartres\",\"url\":\"https:\/\/guide.reassurez-moi.fr\/guide\/mutuelle-sante\/cpam\/chartres\",\"name\":\"Comment contacter la CPAM ? | R\u00e9assurez-moi\",\"isPartOf\":{\"@id\":\"https:\/\/guide.reassurez-moi.fr\/guide\/#website\"},\"datePublished\":\"2026-04-15T15:45:28+00:00\",\"breadcrumb\":{\"@id\":\"https:\/\/guide.reassurez-moi.fr\/guide\/mutuelle-sante\/cpam\/chartres#breadcrumb\"},\"inLanguage\":\"fr-FR\",\"potentialAction\":[{\"@type\":\"ReadAction\",\"target\":[\"https:\/\/guide.reassurez-moi.fr\/guide\/mutuelle-sante\/cpam\/chartres\"]}]},{\"@type\":\"BreadcrumbList\",\"@id\":\"https:\/\/guide.reassurez-moi.fr\/guide\/mutuelle-sante\/cpam\/chartres#breadcrumb\",\"itemListElement\":[{\"@type\":\"ListItem\",\"position\":1,\"name\":\"Assurances\",\"item\":\"https:\/\/guide.reassurez-moi.fr\/guide\/\"},{\"@type\":\"ListItem\",\"position\":2,\"name\":\"Mutuelle sant\u00e9\",\"item\":\"https:\/\/guide.reassurez-moi.fr\/guide\/mutuelle-sante\"},{\"@type\":\"ListItem\",\"position\":3,\"name\":\"CPAM\",\"item\":\"https:\/\/guide.reassurez-moi.fr\/guide\/mutuelle-sante\/cpam\"},{\"@type\":\"ListItem\",\"position\":4,\"name\":\"Comment contacter la CPAM ?\"}]},{\"@type\":\"WebSite\",\"@id\":\"https:\/\/guide.reassurez-moi.fr\/guide\/#website\",\"url\":\"https:\/\/guide.reassurez-moi.fr\/guide\/\",\"name\":\"R\u00e9assurez-moi\",\"description\":\"Comparateur d&#039;assurances\",\"potentialAction\":[{\"@type\":\"SearchAction\",\"target\":{\"@type\":\"EntryPoint\",\"urlTemplate\":\"https:\/\/guide.reassurez-moi.fr\/guide\/?s={search_term_string}\"},\"query-input\":{\"@type\":\"PropertyValueSpecification\",\"valueRequired\":true,\"valueName\":\"search_term_string\"}}],\"inLanguage\":\"fr-FR\"}]}<\/script>\n<!-- \/ Yoast SEO plugin. -->","yoast_head_json":{"title":"Contacter la CPAM de Chartres ? : t\u00e9l\u00e9phone, adresse, horaires","description":"Toutes les coordonn\u00e9es pour contacter la CPAM  : num\u00e9ro de t\u00e9l\u00e9phone (3646), adresses des 1 points d'accueil, horaires et envoi de feuilles de soins.","robots":{"index":"index","follow":"follow","max-snippet":"max-snippet:-1","max-image-preview":"max-image-preview:large","max-video-preview":"max-video-preview:-1"},"canonical":"https:\/\/guide.reassurez-moi.fr\/guide\/mutuelle-sante\/cpam\/chartres","og_locale":"fr_FR","og_type":"article","og_title":"Contacter la CPAM de Chartres ? : t\u00e9l\u00e9phone, adresse, horaires","og_description":"Toutes les coordonn\u00e9es pour contacter la CPAM  : num\u00e9ro de t\u00e9l\u00e9phone (3646), adresses des 1 points d'accueil, horaires et envoi de feuilles de soins.","og_url":"https:\/\/guide.reassurez-moi.fr\/guide\/mutuelle-sante\/cpam\/chartres","og_site_name":"R\u00e9assurez-moi","article_publisher":"https:\/\/www.facebook.com\/R%c3%a9assurez-moi-209456495889479\/","og_image":[{"width":500,"height":160,"url":"https:\/\/guide.reassurez-moi.fr\/guide\/wp-content\/uploads\/2018\/04\/image-de-partage.png","type":"image\/png"}],"twitter_card":"summary_large_image","twitter_site":"@reassurezmoi","schema":{"@context":"https:\/\/schema.org","@graph":[{"@type":"WebPage","@id":"https:\/\/guide.reassurez-moi.fr\/guide\/mutuelle-sante\/cpam\/chartres","url":"https:\/\/guide.reassurez-moi.fr\/guide\/mutuelle-sante\/cpam\/chartres","name":"Comment contacter la CPAM ? | R\u00e9assurez-moi","isPartOf":{"@id":"https:\/\/guide.reassurez-moi.fr\/guide\/#website"},"datePublished":"2026-04-15T15:45:28+00:00","breadcrumb":{"@id":"https:\/\/guide.reassurez-moi.fr\/guide\/mutuelle-sante\/cpam\/chartres#breadcrumb"},"inLanguage":"fr-FR","potentialAction":[{"@type":"ReadAction","target":["https:\/\/guide.reassurez-moi.fr\/guide\/mutuelle-sante\/cpam\/chartres"]}]},{"@type":"BreadcrumbList","@id":"https:\/\/guide.reassurez-moi.fr\/guide\/mutuelle-sante\/cpam\/chartres#breadcrumb","itemListElement":[{"@type":"ListItem","position":1,"name":"Assurances","item":"https:\/\/guide.reassurez-moi.fr\/guide\/"},{"@type":"ListItem","position":2,"name":"Mutuelle sant\u00e9","item":"https:\/\/guide.reassurez-moi.fr\/guide\/mutuelle-sante"},{"@type":"ListItem","position":3,"name":"CPAM","item":"https:\/\/guide.reassurez-moi.fr\/guide\/mutuelle-sante\/cpam"},{"@type":"ListItem","position":4,"name":"Comment contacter la CPAM ?"}]},{"@type":"WebSite","@id":"https:\/\/guide.reassurez-moi.fr\/guide\/#website","url":"https:\/\/guide.reassurez-moi.fr\/guide\/","name":"R\u00e9assurez-moi","description":"Comparateur d&#039;assurances","potentialAction":[{"@type":"SearchAction","target":{"@type":"EntryPoint","urlTemplate":"https:\/\/guide.reassurez-moi.fr\/guide\/?s={search_term_string}"},"query-input":{"@type":"PropertyValueSpecification","valueRequired":true,"valueName":"search_term_string"}}],"inLanguage":"fr-FR"}]}},"acf":[],"_links":{"self":[{"href":"https:\/\/guide.reassurez-moi.fr\/guide\/wp-json\/wp\/v2\/pages\/121992","targetHints":{"allow":["GET"]}}],"collection":[{"href":"https:\/\/guide.reassurez-moi.fr\/guide\/wp-json\/wp\/v2\/pages"}],"about":[{"href":"https:\/\/guide.reassurez-moi.fr\/guide\/wp-json\/wp\/v2\/types\/page"}],"author":[{"embeddable":true,"href":"https:\/\/guide.reassurez-moi.fr\/guide\/wp-json\/wp\/v2\/users\/93"}],"replies":[{"embeddable":true,"href":"https:\/\/guide.reassurez-moi.fr\/guide\/wp-json\/wp\/v2\/comments?post=121992"}],"version-history":[{"count":2,"href":"https:\/\/guide.reassurez-moi.fr\/guide\/wp-json\/wp\/v2\/pages\/121992\/revisions"}],"predecessor-version":[{"id":219196,"href":"https:\/\/guide.reassurez-moi.fr\/guide\/wp-json\/wp\/v2\/pages\/121992\/revisions\/219196"}],"up":[{"embeddable":true,"href":"https:\/\/guide.reassurez-moi.fr\/guide\/wp-json\/wp\/v2\/pages\/75841"}],"wp:attachment":[{"href":"https:\/\/guide.reassurez-moi.fr\/guide\/wp-json\/wp\/v2\/media?parent=121992"}],"wp:term":[{"taxonomy":"category","embeddable":true,"href":"https:\/\/guide.reassurez-moi.fr\/guide\/wp-json\/wp\/v2\/categories?post=121992"},{"taxonomy":"page_topic","embeddable":true,"href":"https:\/\/guide.reassurez-moi.fr\/guide\/wp-json\/wp\/v2\/page_topic?post=121992"}],"curies":[{"name":"wp","href":"https:\/\/api.w.org\/{rel}","templated":true}]}}