{"id":129570,"date":"2021-04-26T09:33:42","date_gmt":"2021-04-26T07:33:42","guid":{"rendered":"https:\/\/reassurez-moi.fr\/guide\/rachat-credit\/cetelem"},"modified":"2021-04-26T09:33:42","modified_gmt":"2021-04-26T07:33:42","slug":"cetelem","status":"publish","type":"page","link":"https:\/\/guide.reassurez-moi.fr\/guide\/rachat-credit\/cetelem","title":{"rendered":"Rachat de cr\u00e9dit Cetelem"},"content":{"rendered":"\n<h1 class=\"wp-block-heading\">Le rachat de cr\u00e9dit Cetelem<\/h1>\n\n\n\n<p><strong>Vous souhaitez faire un rachat de cr\u00e9dits avec Cetelem et profiter d&rsquo;un taux plus avantageux ? C&rsquo;est possible ! Avant de vous engager avec un organisme de rachat de cr\u00e9dits, il convient de comparer les diff\u00e9rentes offres du march\u00e9. Voici un r\u00e9capitulatif complet du rachat de cr\u00e9dits Cetelem, le d\u00e9tail des conditions, les taux pratiqu\u00e9s et notre avis sur cet organisme.<\/strong><\/p>\n\n\n\n<h2 class=\"wp-block-heading\">Le regroupement de cr\u00e9dit propos\u00e9 par Cetelem<\/h2>\n\n\n\n<p><strong>Le rachat de cr\u00e9dit peut concerner vos cr\u00e9dits immobiliers et \/ ou vos cr\u00e9dits \u00e0 la consommation selon les \u00e9tablissements. <\/strong>Voici l&rsquo;offre de rachat de cr\u00e9dit propos\u00e9e par Cetelem : <\/p>\n\n\n\n<figure class=\"wp-block-table is-style-header-double\"><table class=\"has-fixed-layout\"><thead><tr><th><\/th><th class=\"has-text-align-center\" data-align=\"center\">Rachat de cr\u00e9dit Cetelem<\/th><\/tr><\/thead><tbody><tr><td><strong>Type de taux<\/strong><\/td><td class=\"has-text-align-center\" data-align=\"center\">taux fixe<\/td><\/tr><tr><td><strong>Montant minimum des cr\u00e9dits<\/strong><\/td><td class=\"has-text-align-center\" data-align=\"center\">0\u20ac<\/td><\/tr><tr><td><strong>Montant maximum des cr\u00e9dits<\/strong><\/td><td class=\"has-text-align-center\" data-align=\"center\">100 000 \u20ac<\/td><\/tr><tr><td><strong>Dur\u00e9e du remboursement<\/strong><\/td><td class=\"has-text-align-center\" data-align=\"center\">de 3 \u00e0 25 ans<\/td><\/tr><tr><td><strong>1\u00e8re \u00e9ch\u00e9ance<\/strong><\/td><td class=\"has-text-align-center\" data-align=\"center\">entre 1 et 2 mois apr\u00e8s le premier d\u00e9blocage des fonds<\/td><\/tr><tr><td><strong>Frais de dossier<\/strong><\/td><td class=\"has-text-align-center\" data-align=\"center\">Gratuit<\/td><\/tr><\/tbody><\/table><\/figure>\n\n\n\n<h2 class=\"wp-block-heading\">Quel est le taux du rachat de cr\u00e9dit Cetelem ?<\/h2>\n\n\n\n<p><strong>M\u00eame si le taux de rachat de cr\u00e9dit de Cetelem est diff\u00e9rent pour chacun<\/strong>, voici l&rsquo;historique des taux moyens pratiqu\u00e9s les ann\u00e9es pr\u00e9c\u00e9dentes par Cetelem : <\/p>\n\n\n\n<figure class=\"wp-block-table is-style-header-double\"><table class=\"has-fixed-layout\"><thead><tr><th><\/th><th class=\"has-text-align-center\" data-align=\"center\">2019<\/th><th class=\"has-text-align-center\" data-align=\"center\">2020<\/th><\/tr><\/thead><tbody><tr><td><strong>Taux moyen du rachat de cr\u00e9dit Cetelem<\/strong><\/td><td class=\"has-text-align-center\" data-align=\"center\">\u00c0 partir de 9 %<\/td><td class=\"has-text-align-center\" data-align=\"center\">\u00c0 partir de 9 %<\/td><\/tr><\/tbody><\/table><\/figure>\n\n\n<h2>Notre avis sur le rachat de cr\u00e9dit Cetelem<\/h2>\n<!-- \/wp:heading -->\n\n<!-- wp:paragraph -->\n<p><p>Propos\u00e9s en partenariat avec la BNP Paribas, les rachats de cr\u00e9dit Cetelem sont int\u00e9ressants. Ils pr\u00e9sentent la possibilit\u00e9 d&rsquo;adapter les mensualit\u00e9s de remboursement et de faire co\u00efncider le pr\u00e9l\u00e8vement de la mensualit\u00e9 avec ses entr\u00e9es d&rsquo;argent.<\/p>\n<p>Cetelem propose \u00e9galement d&rsquo;int\u00e9grer \u00e0 votre rachat de cr\u00e9dit un d\u00e9couvert bancaire ainsi qu&rsquo;un montant suppl\u00e9mentaire si vous avez un nouveau projet \u00e0 financer. L&rsquo;avantage de passer par un organisme comme Cetelem est que vous n&rsquo;avez pas \u00e0 changer de banque : il rembourse directement aupr\u00e8s de votre \u00e9tablissement bancaire le montant des pr\u00eats contract\u00e9s. Enfin, les conseillers Cetelem sont r\u00e9actifs et experts en leur domaine : ils seront de pr\u00e9cieux conseils. <\/p><\/p>\n<!-- \/wp:paragraph -->\n<!-- wp:heading -->\n<h2>Cetelem, le meilleur pour un rachat de cr\u00e9dit ? <\/h2>\n<!-- \/wp:heading -->\n\n<!-- wp:paragraph -->\n<p><strong>Comparez le rachat de cr\u00e9dit Cetelem avec les diff\u00e9rentes offres du march\u00e9 gr\u00e2ce \u00e0 notre outil de simulation de rachat de cr\u00e9dit. <\/strong>Vous aurez acc\u00e8s aux taux appliqu\u00e9s par Cetelem et pourrez d\u00e9finir si cette solution est adapt\u00e9e \u00e0 vos besoins.<\/p>\n<!-- \/wp:paragraph -->\n\n<!-- wp:shortcode -->\n\n<div class=\"wp-block-rm-advertizing-block fix-in-sidebar advertising-block-sidebar-item\">\n    <div class=\"image-container flex justify-center align-items-center\">\n        <img decoding=\"async\" src=\"https:\/\/guide.reassurez-moi.fr\/guide\/wp-content\/uploads\/2025\/06\/team_opti_short.png\"\n             alt=\"reassurez-moi illustration\"\n             class=\"wp-block-rm-advertizing-image\"\n             loading=\"lazy\"\n        \/>\n    <\/div>\n    <div class=\"rm-advertblock-container flex flex-column justify-center align-items-start\">\n        <p class=\"wp-block-rm-advertizing-text\">\n            Rachat de cr\u00e9dit\n        <\/p>\n        <p class=\"wp-block-rm-advertizing-sub-text\">\n            les meilleures offres 2026\n        <\/p>\n        <a\n            href=\"https:\/\/reassurez-moi.fr\/guide\/rachat-credit\"\n            class=\"wp-block-rm-advertizing-button\"\n        >\n            <span class=\"wp-block-rm-advertizing-button-text\">\n                Comparer\n            <\/span>\n            <span class=\"wp-block-rm-advertizing-button-sub-text\">\n                les rachats de cr\u00e9dit\n            <\/span>\n        <\/a>\n    <\/div>\n<\/div>\n<!-- \/wp:rm\/advertizing-block --\n<!-- \/wp:shortcode -->\n\n<!-- wp:spacer {\"height\":\"40px\"} -->\n<div style=\"height:40px\" aria-hidden=\"true\" class=\"wp-block-spacer\"><\/div>\n<!-- \/wp:spacer -->\n\n<!-- wp:quote -->\n<blockquote class=\"wp-block-quote\"><p><em><span class=\"has-small-font-size\">En tant que courtier d&rsquo;assurance, notre mission est de vous informer et de vous conseiller sur les offres d&rsquo;assurance propos\u00e9es sur le march\u00e9. Ces fiches conseils ont pour objet de vous pr\u00e9senter les produits de nos <a href=\"https:\/\/reassurez-moi.fr\/guide\/cgu-cgv#MISE_EN_RELATION_AVEC_LES_PARTENAIRES\">assureurs partenaires<\/a> comme ceux avec lesquels nous n&rsquo;entretenons pas de liens.\u00a0Ces fiches vous donnent notre\u00a0analyse\u00a0objective\u00a0sur les contrats d&rsquo;assurance\u00a0mais aussi\u00a0des\u00a0informations sur les formalit\u00e9s d&rsquo;adh\u00e9sion.<\/span><\/em><\/p><\/blockquote>\n<!-- \/wp:quote -->\n\n<!-- wp:heading -->\n<h2>Comment contacter l&rsquo;acteur en rachat de cr\u00e9dit Cetelem ?<\/h2>\n<!-- \/wp:heading -->\n\n<!-- wp:paragraph -->\n<p><strong>Pour contacter Cetelem pour un regroupement de cr\u00e9dit, vous pouvez : <\/strong><\/p>\n<!-- \/wp:paragraph -->\n\n<p><strong>Les contacter par t\u00e9l\u00e9phone au :<\/strong> 09 69 32 75 02 (du lundi au vendredi de 8h30 \u00e0 19h et le samedi de 9h \u00e0 13h puis de 14h \u00e0 16h)<\/p>\n<!-- \/wp:paragraph -->\n<p><strong>Leur \u00e9crire \u00e0 l&rsquo;adresse suivante :<\/strong><\/p>\n<!-- \/wp:paragraph -->\n\n<!-- wp:paragraph -->\n<p><p>Cetelem, Service Consommateur<br \/>\n92 908 Cergy Pontoise Cedex 09<\/p><\/p>\n<!-- \/wp:paragraph -->\n<!-- wp:paragraph -->\n<p><strong>Les contacter par mail <\/strong>: via le site internet Cetelem <\/p>\n<!-- \/wp:paragraph -->","protected":false},"excerpt":{"rendered":"<p>Le rachat de cr\u00e9dit Cetelem Vous souhaitez faire un rachat de cr\u00e9dits avec Cetelem et profiter d&rsquo;un taux plus avantageux ? C&rsquo;est possible ! Avant de vous engager avec un organisme de rachat de cr\u00e9dits, il convient de comparer les diff\u00e9rentes offres du march\u00e9. Voici un r\u00e9capitulatif complet du rachat de cr\u00e9dits Cetelem, le d\u00e9tail [&hellip;]<\/p>\n","protected":false},"author":61,"featured_media":0,"parent":118829,"menu_order":0,"comment_status":"open","ping_status":"closed","template":"","meta":{"_acf_changed":false,"footnotes":""},"categories":[],"page_topic":[785],"class_list":["post-129570","page","type-page","status-publish","hentry"],"yoast_head":"<!-- This site is optimized with the Yoast SEO plugin v24.7 - https:\/\/yoast.com\/wordpress\/plugins\/seo\/ -->\n<title>Notre avis sur le rachat de cr\u00e9dit Cetelem | Conditions, taux, contact<\/title>\n<meta name=\"description\" content=\"Le rachat de cr\u00e9dit Cetelem en d\u00e9tails : taux pratiqu\u00e9s, conditions de rachat et frais \u00e0 r\u00e9gler. Comparatif et conseils selon votre profil.\" \/>\n<meta name=\"robots\" content=\"index, follow, max-snippet:-1, max-image-preview:large, max-video-preview:-1\" \/>\n<link rel=\"canonical\" href=\"https:\/\/guide.reassurez-moi.fr\/guide\/rachat-credit\/cetelem\" \/>\n<meta property=\"og:locale\" content=\"fr_FR\" \/>\n<meta property=\"og:type\" content=\"article\" \/>\n<meta property=\"og:title\" content=\"Notre avis sur le rachat de cr\u00e9dit Cetelem | Conditions, taux, contact\" \/>\n<meta property=\"og:description\" content=\"Le rachat de cr\u00e9dit Cetelem en d\u00e9tails : taux pratiqu\u00e9s, conditions de rachat et frais \u00e0 r\u00e9gler. Comparatif et conseils selon votre profil.\" \/>\n<meta property=\"og:url\" content=\"https:\/\/guide.reassurez-moi.fr\/guide\/rachat-credit\/cetelem\" \/>\n<meta property=\"og:site_name\" content=\"R\u00e9assurez-moi\" \/>\n<meta property=\"article:publisher\" content=\"https:\/\/www.facebook.com\/R%c3%a9assurez-moi-209456495889479\/\" \/>\n<meta property=\"og:image\" content=\"https:\/\/guide.reassurez-moi.fr\/guide\/wp-content\/uploads\/2018\/04\/image-de-partage.png\" \/>\n\t<meta property=\"og:image:width\" content=\"500\" \/>\n\t<meta property=\"og:image:height\" content=\"160\" \/>\n\t<meta property=\"og:image:type\" content=\"image\/png\" \/>\n<meta name=\"twitter:card\" content=\"summary_large_image\" \/>\n<meta name=\"twitter:site\" content=\"@reassurezmoi\" \/>\n<script type=\"application\/ld+json\" class=\"yoast-schema-graph\">{\"@context\":\"https:\/\/schema.org\",\"@graph\":[{\"@type\":\"WebPage\",\"@id\":\"https:\/\/guide.reassurez-moi.fr\/guide\/rachat-credit\/cetelem\",\"url\":\"https:\/\/guide.reassurez-moi.fr\/guide\/rachat-credit\/cetelem\",\"name\":\"Rachat de cr\u00e9dit Cetelem | R\u00e9assurez-moi\",\"isPartOf\":{\"@id\":\"https:\/\/guide.reassurez-moi.fr\/guide\/#website\"},\"datePublished\":\"2021-04-26T07:33:42+00:00\",\"breadcrumb\":{\"@id\":\"https:\/\/guide.reassurez-moi.fr\/guide\/rachat-credit\/cetelem#breadcrumb\"},\"inLanguage\":\"fr-FR\",\"potentialAction\":[{\"@type\":\"ReadAction\",\"target\":[\"https:\/\/guide.reassurez-moi.fr\/guide\/rachat-credit\/cetelem\"]}]},{\"@type\":\"BreadcrumbList\",\"@id\":\"https:\/\/guide.reassurez-moi.fr\/guide\/rachat-credit\/cetelem#breadcrumb\",\"itemListElement\":[{\"@type\":\"ListItem\",\"position\":1,\"name\":\"Assurances\",\"item\":\"https:\/\/guide.reassurez-moi.fr\/guide\/\"},{\"@type\":\"ListItem\",\"position\":2,\"name\":\"Rachat de cr\u00e9dit\",\"item\":\"https:\/\/guide.reassurez-moi.fr\/guide\/rachat-credit\"},{\"@type\":\"ListItem\",\"position\":3,\"name\":\"Rachat de cr\u00e9dit Cetelem\"}]},{\"@type\":\"WebSite\",\"@id\":\"https:\/\/guide.reassurez-moi.fr\/guide\/#website\",\"url\":\"https:\/\/guide.reassurez-moi.fr\/guide\/\",\"name\":\"R\u00e9assurez-moi\",\"description\":\"Comparateur d&#039;assurances\",\"potentialAction\":[{\"@type\":\"SearchAction\",\"target\":{\"@type\":\"EntryPoint\",\"urlTemplate\":\"https:\/\/guide.reassurez-moi.fr\/guide\/?s={search_term_string}\"},\"query-input\":{\"@type\":\"PropertyValueSpecification\",\"valueRequired\":true,\"valueName\":\"search_term_string\"}}],\"inLanguage\":\"fr-FR\"}]}<\/script>\n<!-- \/ Yoast SEO plugin. -->","yoast_head_json":{"title":"Notre avis sur le rachat de cr\u00e9dit Cetelem | Conditions, taux, contact","description":"Le rachat de cr\u00e9dit Cetelem en d\u00e9tails : taux pratiqu\u00e9s, conditions de rachat et frais \u00e0 r\u00e9gler. Comparatif et conseils selon votre profil.","robots":{"index":"index","follow":"follow","max-snippet":"max-snippet:-1","max-image-preview":"max-image-preview:large","max-video-preview":"max-video-preview:-1"},"canonical":"https:\/\/guide.reassurez-moi.fr\/guide\/rachat-credit\/cetelem","og_locale":"fr_FR","og_type":"article","og_title":"Notre avis sur le rachat de cr\u00e9dit Cetelem | Conditions, taux, contact","og_description":"Le rachat de cr\u00e9dit Cetelem en d\u00e9tails : taux pratiqu\u00e9s, conditions de rachat et frais \u00e0 r\u00e9gler. Comparatif et conseils selon votre profil.","og_url":"https:\/\/guide.reassurez-moi.fr\/guide\/rachat-credit\/cetelem","og_site_name":"R\u00e9assurez-moi","article_publisher":"https:\/\/www.facebook.com\/R%c3%a9assurez-moi-209456495889479\/","og_image":[{"width":500,"height":160,"url":"https:\/\/guide.reassurez-moi.fr\/guide\/wp-content\/uploads\/2018\/04\/image-de-partage.png","type":"image\/png"}],"twitter_card":"summary_large_image","twitter_site":"@reassurezmoi","schema":{"@context":"https:\/\/schema.org","@graph":[{"@type":"WebPage","@id":"https:\/\/guide.reassurez-moi.fr\/guide\/rachat-credit\/cetelem","url":"https:\/\/guide.reassurez-moi.fr\/guide\/rachat-credit\/cetelem","name":"Rachat de cr\u00e9dit Cetelem | R\u00e9assurez-moi","isPartOf":{"@id":"https:\/\/guide.reassurez-moi.fr\/guide\/#website"},"datePublished":"2021-04-26T07:33:42+00:00","breadcrumb":{"@id":"https:\/\/guide.reassurez-moi.fr\/guide\/rachat-credit\/cetelem#breadcrumb"},"inLanguage":"fr-FR","potentialAction":[{"@type":"ReadAction","target":["https:\/\/guide.reassurez-moi.fr\/guide\/rachat-credit\/cetelem"]}]},{"@type":"BreadcrumbList","@id":"https:\/\/guide.reassurez-moi.fr\/guide\/rachat-credit\/cetelem#breadcrumb","itemListElement":[{"@type":"ListItem","position":1,"name":"Assurances","item":"https:\/\/guide.reassurez-moi.fr\/guide\/"},{"@type":"ListItem","position":2,"name":"Rachat de cr\u00e9dit","item":"https:\/\/guide.reassurez-moi.fr\/guide\/rachat-credit"},{"@type":"ListItem","position":3,"name":"Rachat de cr\u00e9dit Cetelem"}]},{"@type":"WebSite","@id":"https:\/\/guide.reassurez-moi.fr\/guide\/#website","url":"https:\/\/guide.reassurez-moi.fr\/guide\/","name":"R\u00e9assurez-moi","description":"Comparateur d&#039;assurances","potentialAction":[{"@type":"SearchAction","target":{"@type":"EntryPoint","urlTemplate":"https:\/\/guide.reassurez-moi.fr\/guide\/?s={search_term_string}"},"query-input":{"@type":"PropertyValueSpecification","valueRequired":true,"valueName":"search_term_string"}}],"inLanguage":"fr-FR"}]}},"acf":[],"_links":{"self":[{"href":"https:\/\/guide.reassurez-moi.fr\/guide\/wp-json\/wp\/v2\/pages\/129570","targetHints":{"allow":["GET"]}}],"collection":[{"href":"https:\/\/guide.reassurez-moi.fr\/guide\/wp-json\/wp\/v2\/pages"}],"about":[{"href":"https:\/\/guide.reassurez-moi.fr\/guide\/wp-json\/wp\/v2\/types\/page"}],"author":[{"embeddable":true,"href":"https:\/\/guide.reassurez-moi.fr\/guide\/wp-json\/wp\/v2\/users\/61"}],"replies":[{"embeddable":true,"href":"https:\/\/guide.reassurez-moi.fr\/guide\/wp-json\/wp\/v2\/comments?post=129570"}],"version-history":[{"count":0,"href":"https:\/\/guide.reassurez-moi.fr\/guide\/wp-json\/wp\/v2\/pages\/129570\/revisions"}],"up":[{"embeddable":true,"href":"https:\/\/guide.reassurez-moi.fr\/guide\/wp-json\/wp\/v2\/pages\/118829"}],"wp:attachment":[{"href":"https:\/\/guide.reassurez-moi.fr\/guide\/wp-json\/wp\/v2\/media?parent=129570"}],"wp:term":[{"taxonomy":"category","embeddable":true,"href":"https:\/\/guide.reassurez-moi.fr\/guide\/wp-json\/wp\/v2\/categories?post=129570"},{"taxonomy":"page_topic","embeddable":true,"href":"https:\/\/guide.reassurez-moi.fr\/guide\/wp-json\/wp\/v2\/page_topic?post=129570"}],"curies":[{"name":"wp","href":"https:\/\/api.w.org\/{rel}","templated":true}]}}