{"id":130144,"date":"2020-07-20T18:13:14","date_gmt":"2020-07-20T16:13:14","guid":{"rendered":"https:\/\/reassurez-moi.fr\/guide\/?page_id=130144"},"modified":"2026-02-02T16:07:55","modified_gmt":"2026-02-02T15:07:55","slug":"gestion-patrimoine","status":"publish","type":"page","link":"https:\/\/guide.reassurez-moi.fr\/guide\/epargne\/gestion-patrimoine","title":{"rendered":"Gestion patrimoine"},"content":{"rendered":"\n<h1 class=\"wp-block-heading\">Qu&rsquo;est-ce qu&rsquo;un gestionnaire de patrimoine ?\u00a0<\/h1>\n\n\n\n<p><strong>Lorsque l&rsquo;on souhaite rentabiliser ses placements, pr\u00e9parer sa retraite ou encore optimiser ses imp\u00f4ts, une gestion rigoureuse de son patrimoine s&rsquo;impose. Mais il n&rsquo;est pas toujours \u00e9vident de g\u00e9rer soi-m\u00eame sa strat\u00e9gie patrimoniale, c&rsquo;est pourquoi un conseiller en gestion de patrimoine peut vous aider. Nous vous expliquons tout ce qu&rsquo;il faut savoir sur le conseil en gestion de patrimoine. Vous verrez que les avantages ne manquent pas.<\/strong><\/p>\n\n\n\n<h2 class=\"wp-block-heading\">Qu&rsquo;est-ce que la gestion de patrimoine ?\u00a0\u00a0<\/h2>\n\n\n\n<p><strong>La gestion de patrimoine vise \u00e0 aider les particuliers et les entreprises \u00e0 valoriser leur patrimoine<\/strong>. Faire appel \u00e0 un cabinet en gestion de patrimoine vous permettra de b\u00e9n\u00e9ficier d&rsquo;une expertise juridique et financi\u00e8re \u00e0 partir d&rsquo;un diagnostic de votre patrimoine et de vos objectifs.  Contrairement aux id\u00e9es re\u00e7ues, la gestion de patrimoine ne concerne pas uniquement les strat\u00e9gies d\u2019investissement et de gestion des actifs. Un conseiller en gestion de patrimoine peut vous accompagner sur de nombreux besoins :<\/p>\n\n\n\n<ul class=\"wp-block-list\"><li>transactions immobili\u00e8res ;<\/li><li>courtage d\u2019assurance vie ;<\/li><li>conseil en investissement financier,<\/li><li>ing\u00e9nierie patrimoniale ;<\/li><li>contrat retraite et de pr\u00e9voyance. <\/li><\/ul>\n\n\n\n<div class=\"wp-block-mars-information icon-times\"><i class=\"icon\"><\/i><p>Contrairement \u00e0 une soci\u00e9t\u00e9 de gestion, un gestionnaire de patrimoine n&rsquo;est pas habilit\u00e9 \u00e0 g\u00e9rer des portefeuilles boursiers. <\/p><\/div>\n\n\n\n<p><strong>La gestion de patrimoine concerne toute personne souhaitant valoriser ses biens et n&rsquo;est pas uniquement r\u00e9serv\u00e9e \u00e0 une client\u00e8le fortun\u00e9e<\/strong>. De nombreux jeunes actifs, retrait\u00e9s et ind\u00e9pendants y font appel pour pr\u00e9parer leur avenir ou celui de leurs enfant. La gestion de patrimoine s\u2019articule autour de 4 principaux domaines :<\/p>\n\n\n\n<ol class=\"wp-block-list\"><li>l\u2019audit patrimonial\u2009;<\/li><li>l\u2019ing\u00e9nierie patrimoniale\u2009;<\/li><li>l\u2019architecture ouverte\u2009;<\/li><li>la gestion d\u00e9l\u00e9gu\u00e9e.<\/li><\/ol>\n\n\n\n<p><strong>G\u00e9rer son patrimoine, c&rsquo;est donc mettre en \u0153uvre diff\u00e9rents leviers et m\u00e9canismes afin de faire fructifier ses actifs et prot\u00e9ger la valeur de ses biens<\/strong>. La mise en place d&rsquo;une strat\u00e9gie patrimoniale s&rsquo;av\u00e8re d&rsquo;ailleurs souvent essentielle apr\u00e8s un d\u00e9membrement, une succession ou un h\u00e9ritage.<\/p>\n\n\n\n<h2 class=\"wp-block-heading\">Comment choisir un conseiller en gestion de patrimoine ?<\/h2>\n\n\n\n<p><strong>Si vous envisagez de recourir \u00e0 un gestionnaire de patrimoine, il est important de v\u00e9rifier certaines garanties avant de vous engager<\/strong>. Les professionnels ont pour obligation de s&rsquo;inscrire aupr\u00e8s de l\u2019ORIAS (Organisme pour le registre des interm\u00e9diaires en assurance) et doivent fournir un document d\u2019entr\u00e9e en relation (DER) lors de la prise de contact. Au-del\u00e0 de la l\u00e9gislation, un code d\u00e9ontologique s\u2019applique :<\/p>\n\n\n\n<ul class=\"wp-block-list\"><li>le profil, la situation et les besoins du client doivent syst\u00e9matiquement \u00eatre appr\u00e9hend\u00e9s avant de d\u00e9livrer sa prestation de conseil ; <\/li><li>le conseiller fait des pr\u00e9conisations et attend l\u2019accord du client avant leur mise en \u0153uvre ; <\/li><li>le secret professionnel doit \u00eatre respect\u00e9. <\/li><\/ul>\n\n\n\n<div class=\"wp-block-mars-information icon-arrow\"><i class=\"icon\"><\/i><p>Pensez \u00e0 vous tourner vers un professionnel agr\u00e9\u00e9 en tant que conseiller en investissement financier (CIF). Il s\u2019agit d\u2019un statut attribu\u00e9 par l\u2019Autorit\u00e9 des March\u00e9s Financiers (AMF) r\u00e9gissant le commerce de produits et d\u2019actifs financiers. <\/p><\/div>\n\n\n\n<p><strong>Le professionnalisme est un crit\u00e8re primordial pour choisir un conseiller en gestion de patrimoine mais ce n&rsquo;est pas le seul<\/strong>. En effet, l&rsquo;activit\u00e9 de gestion de patrimoine se partage entre les \u00e9tablissements physiques, les conseillers lib\u00e9raux et d&rsquo;autres acteurs plus minoritaires. Mais comment choisir ?<br><br><strong>Concernant les \u00e9tablissements physiques,<\/strong> ceux-ci sont restent pl\u00e9biscit\u00e9s et imposent un certain niveau de patrimoine \u00e0 leurs clients souhaitant s&rsquo;entourer de leurs services. Leur atout est ind\u00e9niablement leur pr\u00e9sence sur l&rsquo;ensemble du territoire et d&rsquo;offrir une approche patrimoniale tant sur l&rsquo;actif que sur le passif. Si vous pr\u00e9f\u00e9rez opter pour un conseiller en gestion de patrimoine ind\u00e9pendant, les conseillers lib\u00e9raux se positionnent comme la principale alternative. Ind\u00e9pendance et relations de confiance sont au rendez-vous et peuvent vous permettre d&rsquo;acc\u00e9der aux meilleures solutions d&rsquo;investissement. Ils sont g\u00e9n\u00e9ralement regroup\u00e9s au sein d\u2019organisations professionnelles telles que la CNCGP, la Compagnie des CGPI, l\u2019Anacofi (Association nationale des conseillers financiers) ou la CNCIF (Chambre nationale des conseillers en investissements financiers).<br><br><strong>R\u00e9serv\u00e9es \u00e0 une client\u00e8le plus ais\u00e9e, les banques priv\u00e9es s&rsquo;adressent aux clients qui disposant d&rsquo;au moins 1 million d&rsquo;euros d&rsquo;actifs financiers<\/strong>. Ici la gestion de patrimoine se fait sur-mesure pour g\u00e9rer les stocks des clients, allant m\u00eame jusqu&rsquo;\u00e0 proposer des \u00ab\u00a0family office\u00a0\u00bb pour ceux qui souhaitent une gestion familiale d&rsquo;envergure. <\/p>\n\n\n\n<blockquote class=\"wp-block-quote is-layout-flow wp-block-quote-is-layout-flow\"><p><strong>Si vous recherchez un conseiller en gestion de patrimoine s\u00e9rieux et accessible c&rsquo;est tout \u00e0 fait possible !<\/strong> Du c\u00f4t\u00e9 des acteurs en ligne (comme <a href=\"https:\/\/cleerly.fr\">Cleerly<\/a>), des banques et courtiers proposent des produits attractifs et peu on\u00e9reux. Notre comparateur d\u00e9di\u00e9 aux solutions d&rsquo;\u00e9pargne vous s\u00e9lectionne les meilleurs acteurs du march\u00e9 adapt\u00e9s \u00e0 votre projet.<\/p><\/blockquote>\n\n\n\n<div style=\"height:20px\" aria-hidden=\"true\" class=\"wp-block-spacer\"><\/div>\n\n\n\n<div class=\"flex  wp-block-rm-advertizing-block fix-in-sidebar\"><div class=\"image-container flex justify-center align-items-center py-3\"><img decoding=\"async\" src=\"https:\/\/guide.reassurez-moi.fr\/guide\/wp-content\/uploads\/2025\/06\/team_opti_short.png\" alt=\"reassurez-moi illustration\" class=\"wp-block-rm-advertizing-image\" loading=\"lazy\"\/><\/div><div class=\"\n                    rm-advertblock-container\n                    flex flex-column justify-center\n                    align-items-start\n                \"><p class=\"wp-block-rm-advertizing-text\n                              \n                            \">Livret d&rsquo;\u00e9pargne : les meilleurs placements 2026<\/p><a href=\"https:\/\/reassurez-moi.fr\/guide\/epargne\" class=\"wp-block-rm-advertizing-button\"><span class=\"wp-block-rm-advertizing-button-text\">Je fais fructifier mon argent<\/span><\/a><\/div><\/div>\n\n\n\n<h2 class=\"wp-block-heading\">Quid du conseil en gestion de patrimoine gratuit ?<\/h2>\n\n\n\n<p><strong>La gestion de patrimoine immobilier est une activit\u00e9 tr\u00e8s r\u00e8glement\u00e9e qui a un co\u00fbt.<\/strong> Faire appel \u00e0 une banque ou un conseiller ind\u00e9pendant n&rsquo;est donc pas gratuit et peut vous co\u00fbter entre 500 \u20ac et 20 000 \u20ac. Certains gestionnaires de patrimoine per\u00e7oivent leurs honoraires de mani\u00e8re forfaitaire ou \u00e0 la mission, tandis que d&rsquo;autres se r\u00e9mun\u00e8rent via des commissions. Si votre budget est serr\u00e9, cette derni\u00e8re solution peut donc \u00eatre int\u00e9ressante car vous n\u2019aurez rien \u00e0 d\u00e9bourser aupr\u00e8s du conseiller pour son analyse, ses conseils et le travail de souscription tant qu&rsquo;il n&rsquo;y aura pas de retomb\u00e9es financi\u00e8res.<br><br><strong>Le conseil en gestion de patrimoine gratuit n&rsquo;est donc pas vraiment envisageable<\/strong> <strong>:<\/strong> il s&rsquo;agit d&rsquo;un r\u00e9el accompagnement juridique et financier n\u00e9cessitant un investissement non n\u00e9gligeable du conseiller. Cet expert de l\u2019\u00e9pargne doit se conformer \u00e0 un certain nombre d\u2019obligations dont l&rsquo;immatriculation \u00e0 l\u2019ORIAS (Organisme pour le registre des interm\u00e9diaires en assurance) et les r\u00e8gles d\u00e9ontologiques. Si un professionnel vous propose ses services gratuitement, assurez-vous que son activit\u00e9 est bien l\u00e9gale et ne confiez pas la gestion de votre patrimoine \u00e0 n&rsquo;importe qui.<\/p>\n\n\n\n<h2 class=\"wp-block-heading\">Gestionnaire de patrimoine : quelles sont les conditions ?<\/h2>\n\n\n\n<p><strong>Il n\u2019existe pas de conditions officielles pour faire appel aux services d&rsquo;une soci\u00e9t\u00e9 de gestion de patrimoine<\/strong>. Mais dans la pratique la gestion de patrimoine d\u00e9pend de la \u00ab\u00a0surface financi\u00e8re\u00a0\u00bb du client, c&rsquo;est-\u00e0-dire du montant de vos biens et actifs.<br><br><strong>Selon votre niveau d\u2019autonomie dans la gestion de votre \u00e9pargne<\/strong>, votre situation financi\u00e8re et de la complexit\u00e9 de votre organisation patrimoniale, vous aurez le choix entre les gestionnaires de patrimoine des banques classiques, les conseillers ind\u00e9pendants ou encore les banques priv\u00e9es.<br><br><strong>M\u00eame s&rsquo;il ne s&rsquo;agit pas d&rsquo;une obligation l\u00e9gale<\/strong>, de nombreux gestionnaires de patrimoine imposent un seuil de revenu ou de patrimoine pour acc\u00e9der \u00e0 leurs services. L&rsquo;id\u00e9e n&rsquo;est pas de r\u00e9server ce service \u00e0 une client\u00e8le \u00e9litiste mais d&rsquo;apporter une r\u00e9elle plus-value pour les placements plus complexes et les probl\u00e9matiques li\u00e9es \u00e0 l\u2019optimisation fiscale ou encore \u00e0 la transmission.<\/p>\n\n\n\n<h2 class=\"wp-block-heading\">Quels sont les avantages et inconv\u00e9nients \u00e0 passer par un cabinet gestion de patrimoine ?<\/h2>\n\n\n\n<p><strong>La gestion du patrimoine n\u00e9cessite du temps et une v\u00e9ritable expertise dont vous ne disposez pas forc\u00e9ment<\/strong>. Ainsi d\u00e9l\u00e9guer la gestion de son capital \u00e0 un gestionnaire vous permettra d&rsquo;\u00eatre conseill\u00e9 et accompagn\u00e9 selon vos projets. Un gestionnaire en patrimoine est qualifi\u00e9 pour identifier les placements adapt\u00e9s et suivre l&rsquo;\u00e9volution des dispositifs fiscaux (il existe pas moins de 474 niches fiscales !). L&rsquo;avantage est que le conseil en gestion de patrimoine s&rsquo;adresse aussi bien aux clients souhaitant pr\u00e9parer leur retraite ou une succession, que faire fructifier leur capital. Selon votre projet ou vos besoins, le conseiller en gestion de patrimoine vous fera des pr\u00e9conisations adapt\u00e9es.<br><br><strong>Contrairement aux id\u00e9es re\u00e7ues, il n\u2019est pas n\u00e9cessaire de d\u00e9tenir un patrimoine important pour avoir recours aux services d\u2019un conseiller en gestion de patrimoine<\/strong>. Toutefois, dans beaucoup de cas, la majorit\u00e9 des produits d\u2019\u00e9pargne propos\u00e9s par les banques classiques ou en ligne (<a href=\"https:\/\/reassurez-moi.fr\/guide\/epargne\/meilleur-livret\">livrets<\/a>, comptes sur livret, assurance vie, <a href=\"https:\/\/reassurez-moi.fr\/guide\/epargne\/cel\">\u00e9pargne logement<\/a>, etc.) suffisent \u00e0 r\u00e9pondre aux besoins des particuliers. <br><br><strong>C&rsquo;est pourquoi le recours \u00e0 un conseiller en gestion de patrimoine est pr\u00e9conis\u00e9 <\/strong>pour des op\u00e9rations plus complexes, d\u00e8s lors que ces produits d&rsquo;\u00e9pargne atteignent leurs limites. N\u00e9anmoins, la plupart des conseillers gestionnaires de patrimoine imposent la d\u00e9tention d&rsquo;un certain montant d&rsquo;actifs financiers pour faire appel \u00e0 leurs services. G\u00e9n\u00e9ralement le ticket d&rsquo;entr\u00e9e s&rsquo;\u00e9tablit \u00e0 partir de 30 000 \u20ac et peut aller jusqu&rsquo;\u00e0 1 million d&rsquo;euros, de quoi en refroidir plus d&rsquo;un.<\/p>\n\n\n\n<div style=\"height:20px\" aria-hidden=\"true\" class=\"wp-block-spacer\"><\/div>\n\n\n\n<blockquote class=\"wp-block-quote is-layout-flow wp-block-quote-is-layout-flow\"><p>Dans quelle ville souhaitez-vous trouver un cabinet de gestion de patrimoine ?<\/p><\/blockquote>\n\n\n\n<figure class=\"wp-block-table is-style-table-with-vertical-headers\"><table><tbody><tr><td>Nantes<\/td><td class=\"has-text-align-center\" data-align=\"center\">LWA Nantes Atlantique<br>15 rue Germain Boffrand<br>44000 Nantes<\/td><td class=\"has-text-align-center\" data-align=\"center\">FP Finance<br>3 Rue Cassini<br>44000 Nantes<\/td><\/tr><tr><td>Toulouse<\/td><td class=\"has-text-align-center\" data-align=\"center\">AT Gestion priv\u00e9e<br>10 rue d\u2019Alsace Lorraine<br>31000 Toulouse<\/td><td class=\"has-text-align-center\" data-align=\"center\">Centre Patrimoine<br>9 Rue d\u2019Alsace Lorraine<br>31000 Toulouse<\/td><\/tr><tr><td>Lyon<\/td><td class=\"has-text-align-center\" data-align=\"center\">Excellis Patrimoine<br>11 Rue de Chavril,<br>69110 Sainte-Foy-l\u00e8s Lyon<\/td><td class=\"has-text-align-center\" data-align=\"center\">UFF<br>23 Boulevard Jules Favre<br>69006 Lyon<\/td><\/tr><tr><td>Aix-en-Provence<\/td><td class=\"has-text-align-center\" data-align=\"center\">IGIP \u2013 Gestion de Patrimoine<br>3 BIS Avenue Alfred Capus<br>13090 Aix-en-Provence<\/td><td class=\"has-text-align-center\" data-align=\"center\">Primonial Gestion<br>1180 Route d\u2019Eguilles<br>13096 Aix-en-Provence<\/td><\/tr><tr><td>Strasbourg<\/td><td class=\"has-text-align-center\" data-align=\"center\">Michaellosser<br>7 Rue Grimling<br>67200 Strasbourg<\/td><td class=\"has-text-align-center\" data-align=\"center\">AJC Patrimoine<br>123 Rue de B\u00e2le<br>67000 Strasbourg<\/td><\/tr><tr><td><a href=\"https:\/\/reassurez-moi.fr\/guide\/epargne\/gestion-patrimoine\/paris\">Paris<\/a><\/td><td class=\"has-text-align-center\" data-align=\"center\">Cleerly<br>Tour Montparnasse, 27\u00e8me \u00e9tage<br>33 Avenue du Maine<br>75015 Paris<\/td><td class=\"has-text-align-center\" data-align=\"center\">Agora Finance<br>15, Bd Malesherbes<br>75008 Paris<\/td><\/tr><tr><td>Marseille<\/td><td class=\"has-text-align-center\" data-align=\"center\">Massalia Finance<br>10 Rue Stanislas Torrents<br>13006 Marseille<\/td><td class=\"has-text-align-center\" data-align=\"center\">H3 patrimoine<br>20 Traverse de la Buzine<br>13011 Marseille<\/td><\/tr><tr><td>Nice<\/td><td class=\"has-text-align-center\" data-align=\"center\">Gestion Finance et Patrimoine<br>3 Avenue Auber<br>06000 Nice<\/td><td class=\"has-text-align-center\" data-align=\"center\">Actea<br>35 rue Pastorelli<br>06000 Nice<\/td><\/tr><tr><td>Bordeaux<\/td><td class=\"has-text-align-center\" data-align=\"center\">Vauban Patrimoine<br>38 rue Ferr\u00e8re<br>33000 Bordeaux<\/td><td class=\"has-text-align-center\" data-align=\"center\">Tourny Patrimoine<br>13 rue du Professeur Demons<br>33000 Bordeaux<\/td><\/tr><tr><td>Lille<\/td><td class=\"has-text-align-center\" data-align=\"center\">Bertrand Demanes<br>12 place Saint-Hubert<br>59 000 Lille<\/td><td class=\"has-text-align-center\" data-align=\"center\">K Patrimoine<br>14 rue du Vieux-Faubourg<br>59042 LILLE<\/td><\/tr><tr><td>Montpellier<\/td><td class=\"has-text-align-center\" data-align=\"center\">Patrimonial conseil<br>12 Rue Vivaldi<br>34 070 Montpellier<\/td><td class=\"has-text-align-center\" data-align=\"center\">Goupe Quint\u00e9sens<br>1 Rue de Verdun<br>34000 Montpellier<\/td><\/tr><\/tbody><\/table><\/figure>\n\n\n\n<div style=\"height:100px\" aria-hidden=\"true\" class=\"wp-block-spacer\"><\/div>\n","protected":false},"excerpt":{"rendered":"<p>Qu&rsquo;est-ce qu&rsquo;un gestionnaire de patrimoine ?\u00a0 Lorsque l&rsquo;on souhaite rentabiliser ses placements, pr\u00e9parer sa retraite ou encore optimiser ses imp\u00f4ts, une gestion rigoureuse de son patrimoine s&rsquo;impose. Mais il n&rsquo;est pas toujours \u00e9vident de g\u00e9rer soi-m\u00eame sa strat\u00e9gie patrimoniale, c&rsquo;est pourquoi un conseiller en gestion de patrimoine peut vous aider. Nous vous expliquons tout ce\u2026<\/p>\n","protected":false},"author":86,"featured_media":0,"parent":109119,"menu_order":0,"comment_status":"open","ping_status":"closed","template":"","meta":{"_acf_changed":false,"footnotes":""},"categories":[],"page_topic":[613],"class_list":["post-130144","page","type-page","status-publish","hentry"],"yoast_head":"<!-- This site is optimized with the Yoast SEO plugin v24.7 - https:\/\/yoast.com\/wordpress\/plugins\/seo\/ -->\n<title>Gestion de patrimoine : nos conseils pour bien choisir<\/title>\n<meta name=\"description\" content=\"D\u00e9finition et r\u00f4le des gestionnaires de patrimoine. Notre avis sur les meilleurs organismes selon vos besoins. Les pi\u00e8ges \u00e0 \u00e9viter. Conseils\" \/>\n<meta name=\"robots\" content=\"index, follow, max-snippet:-1, max-image-preview:large, max-video-preview:-1\" \/>\n<link rel=\"canonical\" href=\"https:\/\/guide.reassurez-moi.fr\/guide\/epargne\/gestion-patrimoine\" \/>\n<meta property=\"og:locale\" content=\"fr_FR\" \/>\n<meta property=\"og:type\" content=\"article\" \/>\n<meta property=\"og:title\" content=\"Gestion de patrimoine : nos conseils pour bien choisir\" \/>\n<meta property=\"og:description\" content=\"D\u00e9finition et r\u00f4le des gestionnaires de patrimoine. Notre avis sur les meilleurs organismes selon vos besoins. Les pi\u00e8ges \u00e0 \u00e9viter. Conseils\" \/>\n<meta property=\"og:url\" content=\"https:\/\/guide.reassurez-moi.fr\/guide\/epargne\/gestion-patrimoine\" \/>\n<meta property=\"og:site_name\" content=\"R\u00e9assurez-moi\" \/>\n<meta property=\"article:publisher\" content=\"https:\/\/www.facebook.com\/R%c3%a9assurez-moi-209456495889479\/\" \/>\n<meta property=\"article:modified_time\" content=\"2026-02-02T15:07:55+00:00\" \/>\n<meta property=\"og:image\" content=\"https:\/\/guide.reassurez-moi.fr\/guide\/wp-content\/uploads\/2018\/04\/image-de-partage.png\" \/>\n\t<meta property=\"og:image:width\" content=\"500\" \/>\n\t<meta property=\"og:image:height\" content=\"160\" \/>\n\t<meta property=\"og:image:type\" content=\"image\/png\" \/>\n<meta name=\"twitter:card\" content=\"summary_large_image\" \/>\n<meta name=\"twitter:site\" content=\"@reassurezmoi\" \/>\n<meta name=\"twitter:label1\" content=\"Dur\u00e9e de lecture estim\u00e9e\" \/>\n\t<meta name=\"twitter:data1\" content=\"8 minutes\" \/>\n<script type=\"application\/ld+json\" class=\"yoast-schema-graph\">{\"@context\":\"https:\/\/schema.org\",\"@graph\":[{\"@type\":\"WebPage\",\"@id\":\"https:\/\/guide.reassurez-moi.fr\/guide\/epargne\/gestion-patrimoine\",\"url\":\"https:\/\/guide.reassurez-moi.fr\/guide\/epargne\/gestion-patrimoine\",\"name\":\"Gestion de patrimoine : nos conseils pour bien choisir\",\"isPartOf\":{\"@id\":\"https:\/\/guide.reassurez-moi.fr\/guide\/#website\"},\"datePublished\":\"2020-07-20T16:13:14+00:00\",\"dateModified\":\"2026-02-02T15:07:55+00:00\",\"description\":\"D\u00e9finition et r\u00f4le des gestionnaires de patrimoine. Notre avis sur les meilleurs organismes selon vos besoins. Les pi\u00e8ges \u00e0 \u00e9viter. Conseils\",\"breadcrumb\":{\"@id\":\"https:\/\/guide.reassurez-moi.fr\/guide\/epargne\/gestion-patrimoine#breadcrumb\"},\"inLanguage\":\"fr-FR\",\"potentialAction\":[{\"@type\":\"ReadAction\",\"target\":[\"https:\/\/guide.reassurez-moi.fr\/guide\/epargne\/gestion-patrimoine\"]}]},{\"@type\":\"BreadcrumbList\",\"@id\":\"https:\/\/guide.reassurez-moi.fr\/guide\/epargne\/gestion-patrimoine#breadcrumb\",\"itemListElement\":[{\"@type\":\"ListItem\",\"position\":1,\"name\":\"Assurances\",\"item\":\"https:\/\/guide.reassurez-moi.fr\/guide\/\"},{\"@type\":\"ListItem\",\"position\":2,\"name\":\"Guide de l'\u00e9pargne\",\"item\":\"https:\/\/guide.reassurez-moi.fr\/guide\/epargne\"},{\"@type\":\"ListItem\",\"position\":3,\"name\":\"Gestion de patrimoine\"}]},{\"@type\":\"WebSite\",\"@id\":\"https:\/\/guide.reassurez-moi.fr\/guide\/#website\",\"url\":\"https:\/\/guide.reassurez-moi.fr\/guide\/\",\"name\":\"R\u00e9assurez-moi\",\"description\":\"Comparateur d&#039;assurances\",\"potentialAction\":[{\"@type\":\"SearchAction\",\"target\":{\"@type\":\"EntryPoint\",\"urlTemplate\":\"https:\/\/guide.reassurez-moi.fr\/guide\/?s={search_term_string}\"},\"query-input\":{\"@type\":\"PropertyValueSpecification\",\"valueRequired\":true,\"valueName\":\"search_term_string\"}}],\"inLanguage\":\"fr-FR\"}]}<\/script>\n<!-- \/ Yoast SEO plugin. -->","yoast_head_json":{"title":"Gestion de patrimoine : nos conseils pour bien choisir","description":"D\u00e9finition et r\u00f4le des gestionnaires de patrimoine. Notre avis sur les meilleurs organismes selon vos besoins. Les pi\u00e8ges \u00e0 \u00e9viter. Conseils","robots":{"index":"index","follow":"follow","max-snippet":"max-snippet:-1","max-image-preview":"max-image-preview:large","max-video-preview":"max-video-preview:-1"},"canonical":"https:\/\/guide.reassurez-moi.fr\/guide\/epargne\/gestion-patrimoine","og_locale":"fr_FR","og_type":"article","og_title":"Gestion de patrimoine : nos conseils pour bien choisir","og_description":"D\u00e9finition et r\u00f4le des gestionnaires de patrimoine. Notre avis sur les meilleurs organismes selon vos besoins. Les pi\u00e8ges \u00e0 \u00e9viter. Conseils","og_url":"https:\/\/guide.reassurez-moi.fr\/guide\/epargne\/gestion-patrimoine","og_site_name":"R\u00e9assurez-moi","article_publisher":"https:\/\/www.facebook.com\/R%c3%a9assurez-moi-209456495889479\/","article_modified_time":"2026-02-02T15:07:55+00:00","og_image":[{"width":500,"height":160,"url":"https:\/\/guide.reassurez-moi.fr\/guide\/wp-content\/uploads\/2018\/04\/image-de-partage.png","type":"image\/png"}],"twitter_card":"summary_large_image","twitter_site":"@reassurezmoi","twitter_misc":{"Dur\u00e9e de lecture estim\u00e9e":"8 minutes"},"schema":{"@context":"https:\/\/schema.org","@graph":[{"@type":"WebPage","@id":"https:\/\/guide.reassurez-moi.fr\/guide\/epargne\/gestion-patrimoine","url":"https:\/\/guide.reassurez-moi.fr\/guide\/epargne\/gestion-patrimoine","name":"Gestion de patrimoine : nos conseils pour bien choisir","isPartOf":{"@id":"https:\/\/guide.reassurez-moi.fr\/guide\/#website"},"datePublished":"2020-07-20T16:13:14+00:00","dateModified":"2026-02-02T15:07:55+00:00","description":"D\u00e9finition et r\u00f4le des gestionnaires de patrimoine. Notre avis sur les meilleurs organismes selon vos besoins. Les pi\u00e8ges \u00e0 \u00e9viter. Conseils","breadcrumb":{"@id":"https:\/\/guide.reassurez-moi.fr\/guide\/epargne\/gestion-patrimoine#breadcrumb"},"inLanguage":"fr-FR","potentialAction":[{"@type":"ReadAction","target":["https:\/\/guide.reassurez-moi.fr\/guide\/epargne\/gestion-patrimoine"]}]},{"@type":"BreadcrumbList","@id":"https:\/\/guide.reassurez-moi.fr\/guide\/epargne\/gestion-patrimoine#breadcrumb","itemListElement":[{"@type":"ListItem","position":1,"name":"Assurances","item":"https:\/\/guide.reassurez-moi.fr\/guide\/"},{"@type":"ListItem","position":2,"name":"Guide de l'\u00e9pargne","item":"https:\/\/guide.reassurez-moi.fr\/guide\/epargne"},{"@type":"ListItem","position":3,"name":"Gestion de patrimoine"}]},{"@type":"WebSite","@id":"https:\/\/guide.reassurez-moi.fr\/guide\/#website","url":"https:\/\/guide.reassurez-moi.fr\/guide\/","name":"R\u00e9assurez-moi","description":"Comparateur d&#039;assurances","potentialAction":[{"@type":"SearchAction","target":{"@type":"EntryPoint","urlTemplate":"https:\/\/guide.reassurez-moi.fr\/guide\/?s={search_term_string}"},"query-input":{"@type":"PropertyValueSpecification","valueRequired":true,"valueName":"search_term_string"}}],"inLanguage":"fr-FR"}]}},"acf":[],"_links":{"self":[{"href":"https:\/\/guide.reassurez-moi.fr\/guide\/wp-json\/wp\/v2\/pages\/130144","targetHints":{"allow":["GET"]}}],"collection":[{"href":"https:\/\/guide.reassurez-moi.fr\/guide\/wp-json\/wp\/v2\/pages"}],"about":[{"href":"https:\/\/guide.reassurez-moi.fr\/guide\/wp-json\/wp\/v2\/types\/page"}],"author":[{"embeddable":true,"href":"https:\/\/guide.reassurez-moi.fr\/guide\/wp-json\/wp\/v2\/users\/86"}],"replies":[{"embeddable":true,"href":"https:\/\/guide.reassurez-moi.fr\/guide\/wp-json\/wp\/v2\/comments?post=130144"}],"version-history":[{"count":1,"href":"https:\/\/guide.reassurez-moi.fr\/guide\/wp-json\/wp\/v2\/pages\/130144\/revisions"}],"predecessor-version":[{"id":203398,"href":"https:\/\/guide.reassurez-moi.fr\/guide\/wp-json\/wp\/v2\/pages\/130144\/revisions\/203398"}],"up":[{"embeddable":true,"href":"https:\/\/guide.reassurez-moi.fr\/guide\/wp-json\/wp\/v2\/pages\/109119"}],"wp:attachment":[{"href":"https:\/\/guide.reassurez-moi.fr\/guide\/wp-json\/wp\/v2\/media?parent=130144"}],"wp:term":[{"taxonomy":"category","embeddable":true,"href":"https:\/\/guide.reassurez-moi.fr\/guide\/wp-json\/wp\/v2\/categories?post=130144"},{"taxonomy":"page_topic","embeddable":true,"href":"https:\/\/guide.reassurez-moi.fr\/guide\/wp-json\/wp\/v2\/page_topic?post=130144"}],"curies":[{"name":"wp","href":"https:\/\/api.w.org\/{rel}","templated":true}]}}