{"id":136534,"date":"2026-04-16T13:15:57","date_gmt":"2026-04-16T11:15:57","guid":{"rendered":"https:\/\/reassurez-moi.fr\/guide\/assurance-chien-chat\/assur-opoil"},"modified":"2026-04-16T13:15:57","modified_gmt":"2026-04-16T11:15:57","slug":"assur-opoil","status":"publish","type":"page","link":"https:\/\/guide.reassurez-moi.fr\/guide\/assurance-chien-chat\/assur-opoil","title":{"rendered":"Assurance animaux Assur O&#039;poil"},"content":{"rendered":"\n<h1 class=\"wp-block-heading\" id=\"assurance-chien-chat-nom-assureur\">Assurance pour animaux Assur O&#039;poil<\/h1>\n\n\n\n<p>&lt;p&gt;Assur O&#039;poil se distingue par une gamme exceptionnellement riche avec cinq formules distinctes : Chat+, Chien+, Pr\u00e9ventive, Int\u00e9grale et Confort. Cette diversit\u00e9 permet \u00e0 chaque propri\u00e9taire de trouver exactement le contrat adapt\u00e9 \u00e0 son animal et sa situation. \u00c0 partir de 15,70\u20ac par mois, vous acc\u00e9dez \u00e0 une couverture progressive avec des taux de remboursement variant de 60% \u00e0 100%. Les plafonds annuels s&#039;\u00e9tendent g\u00e9n\u00e9reusement de 1300\u20ac \u00e0 2500\u20ac, offrant une protection maximale m\u00eame pour les soins les plus co\u00fbteux. La franchise est particuli\u00e8re : 40% par acte avec un minimum de 15\u20ac, ce qui signifie que les petits sinistres restent accessibles. Un point fort majeur est l&#039;absence de carence pour les accidents, permettant une prise en charge imm\u00e9diate. Pour les maladies, seuls 45 jours d&#039;attente s&#039;appliquent. Assur O&#039;poil inclut \u00e9galement la pr\u00e9vention dans ses formules, couvrant vaccins et examens pr\u00e9ventifs.&lt;\/p&gt;&lt;p&gt;Un v\u00e9t\u00e9rinaire qualifi\u00e9, des vaccins \u00e0 jour et votre vigilance forment un bon rempart pour votre animal. Toutefois, un accident ou une maladie sont toujours possibles. En souscrivant \u00e0 une mutuelle, vous garantissez \u00e0 votre animal de compagnie un confort de prise en charge et de s\u00e9rieuses \u00e9conomies en cas de probl\u00e8me. Pour en savoir plus sur l&#039;assurance chien chat propos\u00e9e par Assur O&#039;poil, suivez notre guide afin d&#039;offrir \u00e0 votre animal la meilleure des protections.&lt;\/p&gt;<\/p>\n\n\n\n<h2 class=\"wp-block-heading\" id=\"nom-assureur-la-meilleure-assurance-chien-chat-8-devis-en-ligne\">Assur O&#039;poil, la meilleure assurance chien chat ? (15 devis en ligne)<\/h2>\n\n\n\n<p>Comparez Assur O&#039;poil aux autres assurances chien et chat en simulant un devis imm\u00e9diat.<strong> <\/strong>Vous obtiendrez un comparatif de tous les assureurs du march\u00e9 avec un acc\u00e8s aux tarifs et aux garanties qui conviennent aux besoins de votre animal :<\/p>\n\n\n\n\n<div class=\"wp-block-rm-advertizing-block fix-in-sidebar advertising-block-sidebar-item\">\n    <div class=\"image-container flex justify-center align-items-center\">\n        <img decoding=\"async\" src=\"https:\/\/guide.reassurez-moi.fr\/guide\/wp-content\/uploads\/2025\/06\/team_opti_short.png\"\n             alt=\"reassurez-moi illustration\"\n             class=\"wp-block-rm-advertizing-image\"\n             loading=\"lazy\"\n        \/>\n    <\/div>\n    <div class=\"rm-advertblock-container flex flex-column justify-center align-items-start\">\n        <p class=\"wp-block-rm-advertizing-text\">\n            Assurance animaux\n        <\/p>\n        <p class=\"wp-block-rm-advertizing-sub-text\">\n            Comparez + de 30 mutuelles chien chat\n        <\/p>\n        <a\n            href=\"https:\/\/reassurez-moi.fr\/guide\/assurance-chien-chat\"\n            class=\"wp-block-rm-advertizing-button\"\n        >\n            <span class=\"wp-block-rm-advertizing-button-text\">\n                Comparer\n            <\/span>\n            <span class=\"wp-block-rm-advertizing-button-sub-text\">\n                nos assurances pour animaux\n            <\/span>\n        <\/a>\n    <\/div>\n<\/div>\n\n\n\n\n\n<div style=\"height:20px\" aria-hidden=\"true\" class=\"wp-block-spacer\"><\/div>\n\n\n\n<div style=\"height:30px\" aria-hidden=\"true\" class=\"wp-block-spacer\"><\/div>\n\n\n\n<blockquote class=\"wp-block-quote is-style-default is-layout-flow wp-block-quote-is-layout-flow\" style=\"font-size:10px\">\n<p><em><span class=\"has-small-font-size\">En tant que courtier d&rsquo;assurance, notre mission est de vous informer et de vous conseiller sur les offres d&rsquo;assurance du le march\u00e9. Ces fiches conseils ont pour but de vous pr\u00e9senter les produits de nos <a href=\"https:\/\/reassurez-moi.fr\/guide\/partenaires\" data-type=\"link\" data-id=\"https:\/\/reassurez-moi.fr\/guide\/partenaires\">assureurs partenaires<\/a> et ceux avec lesquels nous n&rsquo;entretenons pas de liens.&nbsp;Elles vous donnent notre&nbsp;analyse&nbsp;objective&nbsp;sur les produits d&rsquo;assurance&nbsp;ainsi que&nbsp;des&nbsp;informations sur les formalit\u00e9s d&rsquo;adh\u00e9sion.<\/span><\/em><\/p>\n<\/blockquote>\n\n\n\n<p>Utiliser notre comparatif d\u2019assurances chien chat vous permettra de conna\u00eetre pr\u00e9cis\u00e9ment les prix d&#039;Assur O&#039;poil par rapport \u00e0 ses concurrents. <\/p>\n\n\n\n<h2 class=\"wp-block-heading\" id=\"quelles-sont-les-garanties-de-la-mutuelle-chien-chat-nom-assureur\">Quelles sont les garanties de la mutuelle animaux Assur O&#039;poil ?<\/h2>\n\n\n\n<p>La mutuelle animaux Assur O&#039;poil&nbsp;prot\u00e8ge votre chien ou votre chat en prenant en charge tout ou partie des frais v\u00e9t\u00e9rinaires, que ce soit en cas d\u2019impr\u00e9vu ou pour le suivi de sant\u00e9 au quotidien.<\/p>\n\n\n\n<p>Selon la formule choisie, la couverture peut inclure :<\/p>\n\n\n\n<ul class=\"wp-block-list\">\n<li>les soins en cas d\u2019accident ou de maladie (consultations, m\u00e9dicaments, hospitalisation, chirurgie)<\/li>\n\n\n\n<li>les examens v\u00e9t\u00e9rinaires (analyses, imagerie)<\/li>\n\n\n\n<li>un forfait pr\u00e9vention pour les soins courants (vaccins, vermifuges, bilans de sant\u00e9)<\/li>\n\n\n\n<li>des services d\u2019assistance (conseils v\u00e9t\u00e9rinaires, aide en cas de perte ou d\u2019hospitalisation du propri\u00e9taire)<\/li>\n<\/ul>\n\n\n\n<p>Toutes les offres ne se valent pas : certaines couvrent uniquement les urgences, d\u2019autres vont plus loin avec une prise en charge globale, y compris en pr\u00e9vention. Comparer les garanties reste essentiel pour choisir une couverture vraiment adapt\u00e9e aux besoins de votre animal\u2026 et \u00e0 votre budget.<br><br>Voici en d\u00e9tail les garanties propos\u00e9es par l\u2019assurance Assur O&#039;poil :<\/p>\n\n\n\n<figure class=\"wp-block-table is-style-header-simple\"><table><thead><tr><th class=\"has-text-align-center\" data-align=\"center\">Garanties<\/th><th class=\"has-text-align-center\" data-align=\"center\">Formule Chien +<\/th><th class=\"has-text-align-center\" data-align=\"center\">Formule Chat +<\/th><\/tr><\/thead><tbody><tr><td class=\"has-text-align-center\" data-align=\"center\"><strong>Accident<\/strong><\/td><td class=\"has-text-align-center\" data-align=\"center\"><i\n    class=\"safe-shortcode-icon\n                    yes\n            \"\n                                    title=oui\n            >\n<\/i><\/td><td class=\"has-text-align-center\" data-align=\"center\"><i\n    class=\"safe-shortcode-icon\n                    yes\n            \"\n                                    title=oui\n            >\n<\/i><\/td><\/tr><tr><td class=\"has-text-align-center\" data-align=\"center\"><strong>Maladie sans chirurgie<\/strong><\/td><td class=\"has-text-align-center\" data-align=\"center\"><i\n    class=\"safe-shortcode-icon\n                    yes\n            \"\n                                    title=oui\n            >\n<\/i><\/td><td class=\"has-text-align-center\" data-align=\"center\"><i\n    class=\"safe-shortcode-icon\n                    yes\n            \"\n                                    title=oui\n            >\n<\/i><\/td><\/tr><tr><td class=\"has-text-align-center\" data-align=\"center\"><strong>Maladie avec chirurgie<\/strong><\/td><td class=\"has-text-align-center\" data-align=\"center\"><i\n    class=\"safe-shortcode-icon\n                    yes\n            \"\n                                    title=oui\n            >\n<\/i><\/td><td class=\"has-text-align-center\" data-align=\"center\"><i\n    class=\"safe-shortcode-icon\n                    yes\n            \"\n                                    title=oui\n            >\n<\/i><\/td><\/tr><tr><td class=\"has-text-align-center\" data-align=\"center\"><strong>Remboursement m\u00e9dicaments<\/strong><br><strong>(en % frais r\u00e9els)<\/strong><\/td><td class=\"has-text-align-center\" data-align=\"center\">60 %<\/td><td class=\"has-text-align-center\" data-align=\"center\">60 %<\/td><\/tr><tr><td class=\"has-text-align-center\" data-align=\"center\"><strong>Remboursement frais v\u00e9t\u00e9rinaires<\/strong><br><strong>(en % frais r\u00e9els)<\/strong><\/td><td class=\"has-text-align-center\" data-align=\"center\">60 %<\/td><td class=\"has-text-align-center\" data-align=\"center\">60 %<\/td><\/tr><tr><td class=\"has-text-align-center\" data-align=\"center\"><strong>Plafond de garantie<\/strong><\/td><td class=\"has-text-align-center\" data-align=\"center\">1 300 \u20ac, 1 800 \u20ac ou 2 500 \u20ac \/an<\/td><td class=\"has-text-align-center\" data-align=\"center\">1 300 \u20ac, 1 800 \u20ac ou 2 500 \u20ac \/an<\/td><\/tr><tr><td class=\"has-text-align-center\" data-align=\"center\"><strong>Franchise<\/strong><\/td><td class=\"has-text-align-center\" data-align=\"center\">40 % \/ acte avec minimum de 15 \u20ac<\/td><td class=\"has-text-align-center\" data-align=\"center\">40 % \/ acte avec minimum de 15 \u20ac<\/td><\/tr><tr><td class=\"has-text-align-center\" data-align=\"center\"><strong>D\u00e9lai de carence avant effet garantie<\/strong><\/td><td class=\"has-text-align-center\" data-align=\"center\"><p>Accident : aucun \/ Maladie : 45 jrs<\/p><\/td><td class=\"has-text-align-center\" data-align=\"center\"><p>Accident : aucun \/ Maladie : 45 jrs<\/p><\/td><\/tr><tr><td class=\"has-text-align-center\" data-align=\"center\"><strong>Pr\u00e9vention <br>(vaccination, bilan sant\u00e9, st\u00e9rilisation&#8230;)<\/strong><\/td><td class=\"has-text-align-center\" data-align=\"center\"><i\n    class=\"safe-shortcode-icon\n                    yes\n            \"\n                                    title=oui\n            >\n<\/i><\/td><td class=\"has-text-align-center\" data-align=\"center\"><i\n    class=\"safe-shortcode-icon\n                    yes\n            \"\n                                    title=oui\n            >\n<\/i><\/td><\/tr><\/tbody><\/table><\/figure>\n\n\n\n<div style=\"height:25px\" aria-hidden=\"true\" class=\"wp-block-spacer\"><\/div>\n\n\n\n<h2 class=\"wp-block-heading\">Quelles sont les garanties d&rsquo;assistance de l&rsquo;assurance animaux Assur O&#039;poil ?<\/h2>\n\n\n\n<p>Voici le d\u00e9tail des garanties d&rsquo;assistance propos\u00e9es par l\u2019assurance chien chat Assur O&#039;poil :<\/p>\n\n\n\n<figure class=\"wp-block-table is-style-header-simple\"><table><thead><tr><th class=\"has-text-align-center\" data-align=\"center\">Garanties d&rsquo;assistance<\/th><th class=\"has-text-align-center\" data-align=\"center\">Formule Chien +<\/th><th class=\"has-text-align-center\" data-align=\"center\">Formule Chat +<\/th><\/tr><\/thead><tbody><tr><td class=\"has-text-align-center\" data-align=\"center\">Recherche de votre animal<\/td><td class=\"has-text-align-center\" data-align=\"center\"><i\n    class=\"safe-shortcode-icon\n                    yes\n            \"\n                                    title=oui\n            >\n<\/i><\/td><td class=\"has-text-align-center\" data-align=\"center\"><i\n    class=\"safe-shortcode-icon\n                    yes\n            \"\n                                    title=oui\n            >\n<\/i><\/td><\/tr><tr><td class=\"has-text-align-center\" data-align=\"center\">R\u00e9cup\u00e9ration de votre animal retrouv\u00e9 \u00e0 +100 km du domicile<\/td><td class=\"has-text-align-center\" data-align=\"center\"><i\n    class=\"safe-shortcode-icon\n                    yes\n            \"\n                                    title=oui\n            >\n<\/i><\/td><td class=\"has-text-align-center\" data-align=\"center\"><i\n    class=\"safe-shortcode-icon\n                    yes\n            \"\n                                    title=oui\n            >\n<\/i><\/td><\/tr><tr><td class=\"has-text-align-center\" data-align=\"center\">Garde de l&rsquo;animal en cas d&rsquo;hospitalisation \/ d\u00e9c\u00e8s du souscripteur<\/td><td class=\"has-text-align-center\" data-align=\"center\">Non communiqu\u00e9<\/td><td class=\"has-text-align-center\" data-align=\"center\">Non communiqu\u00e9<\/td><\/tr><tr><td class=\"has-text-align-center\" data-align=\"center\">Taxi A\/R chez le v\u00e9t\u00e9rinaire si vous n\u2019avez pas de moyen de transport<\/td><td class=\"has-text-align-center\" data-align=\"center\">Non communiqu\u00e9<\/td><td class=\"has-text-align-center\" data-align=\"center\">Non communiqu\u00e9<\/td><\/tr><\/tbody><\/table><\/figure>\n\n\n\n<h2 class=\"wp-block-heading\" id=\"notre-avis-sur-l-assurance-chien-chat-nom-assureur\">Notre avis sur la mutuelle animaux Assur O&#039;poil<\/h2>\n\n\n\n<p><p>Assur O&rsquo;Poil propose une mutuelle compl\u00e8te pour chiens et chats avec cinq formules au choix, offrant une grande flexibilit\u00e9. Les formules Chat+ et Chien+ remboursent \u00e0 60 %, la Pr\u00e9ventive \u00e0 80 % en cas d&rsquo;accident, l&rsquo;Int\u00e9grale \u00e0 80 % accident et maladie, et la Confort \u00e0 100 %.<\/p>\n<p>Le plafond de remboursement peut atteindre 2 500 \u20ac\/an selon la formule. Les formules \u00e9conomiques sont accessibles pour environ 10 \u20ac\/mois, tandis que les formules haut de gamme repr\u00e9sentent un budget plus cons\u00e9quent. Le tarif est calcul\u00e9 sur mesure selon l&rsquo;esp\u00e8ce, la race et l&rsquo;\u00e2ge.<\/p>\n<p>Assur O&rsquo;Poil offre des r\u00e9ductions multi-animaux : 10 % sur la cotisation du 2e, 3e et 4e animal, et 15 % \u00e0 partir du 5e. La limite d&rsquo;\u00e2ge \u00e0 la souscription est de 10 ans.<\/p>\n<p>L&rsquo;assureur propose aussi une assistance en cas de perte de l&rsquo;animal et une garantie responsabilit\u00e9 civile en option. Service client disponible par t\u00e9l\u00e9phone et en ligne.<\/p><\/p>\n\n\n<h2 class=\"wp-block-heading\" id=\"le-prix-de-l-assurance-chien-chat-nom-assureur\">Quel est le prix de l&rsquo;assurance chien chat Assur O&#039;poil ?<\/h2>\n<!-- \/wp:post-content -->\n\n<!-- wp:paragraph -->\n<p>Pour vous permettre de mieux \u00e9valuer le co\u00fbt de l&rsquo;assurance pour votre animal, voici une simulation des tarifs mensuels appliqu\u00e9s par Assur O&#039;poil :<\/p>\n<!-- \/wp:paragraph -->\n\n<!-- wp:table {\"hasFixedLayout\":false,\"className\":\"is-style-header-simple\"} -->\n<figure class=\"wp-block-table is-style-header-simple\"><table><thead><tr><th class=\"has-text-align-center\" data-align=\"center\">Animal<\/th><th class=\"has-text-align-center\" data-align=\"center\">Formule Chien +<\/th><th class=\"has-text-align-center\" data-align=\"center\">Formule Chat +<\/th><\/tr><\/thead><tbody><tr><td class=\"has-text-align-center\" data-align=\"center\"><strong>Chien<\/strong><\/td><td class=\"has-text-align-center\" data-align=\"center\">\u00c0 partir de 15,70 \u20ac\/mois<\/td><td class=\"has-text-align-center\" data-align=\"center\">Non communiqu\u00e9<\/td><\/tr><tr><td class=\"has-text-align-center\" data-align=\"center\"><strong>Chat<\/strong><\/td><td class=\"has-text-align-center\" data-align=\"center\">\u00c0 partir de 15,70 \u20ac\/mois<\/td><td class=\"has-text-align-center\" data-align=\"center\">Non communiqu\u00e9<\/td><\/tr><\/tbody><\/table><\/figure>\n<!-- \/wp:table -->\n<!-- wp:mars\/information {\"withIcon\":false,\"withBackground\":true} -->\n<div class=\"wp-block-mars-information icon-info\"><p>Bien qu&rsquo;elle ne soit pas obligatoire, l&rsquo;assurance sant\u00e9 chien chat est une protection tr\u00e8s conseill\u00e9e. En France, on estime qu&rsquo;un animal de compagnie co\u00fbte en moyenne 300 \u20ac de soins de sant\u00e9  par an. C&rsquo;est nettement sup\u00e9rieur au co\u00fbt d&rsquo;une assurance !<\/p><\/div>\n<!-- \/wp:mars\/information -->\n\n<!-- wp:heading -->\n<h2 class=\"wp-block-heading\" id=\"comment-contacter-l-assurance-chien-chat-nom-assureur\">Comment contacter l&rsquo;assurance chien chat Assur O&#039;poil ?<\/h2>\n<!-- \/wp:heading -->\n\n<!-- wp:paragraph -->\n<p><strong>Vous souhaitez obtenir un remboursement, une information sur votre contrat ou r\u00e9silier votre mutuelle animaux Assur O&#039;poil ? Vous pouvez les joindre de la fa\u00e7on suivante <\/strong>:<\/p>\n<!-- \/wp:paragraph -->\n\n<p><strong>Par t\u00e9l\u00e9phone au :<\/strong> 0 805 201 202 ou 01 77 94 89 02 du lundi au vendredi de 9h \u00e0 19h30.<\/p>\n<!-- \/wp:paragraph -->\n<p><strong>Ou leur \u00e9crire \u00e0 cette adresse :<\/strong><\/p>\n<!-- \/wp:paragraph -->\n\n<!-- wp:paragraph {\"align\":\"left\"} -->\n<p class=\"has-text-align-left\"><p>Assur O\u2019Poil \u2013 L\u2019assureur Sant\u00e9 Chiens Chats<br \/>\n51-55 rue Hoche<br \/>\n94767 Ivry-sur-Seine Cedex<\/p><\/p>\n<!-- \/wp:paragraph -->\n<!-- wp:paragraph -->\n<p>Besoin d\u2019y voir clair sur l\u2019<a href=\"https:\/\/reassurez-moi.fr\/guide\/assurance-chien-chat\">assurance pour animaux <\/a>?<br>Fonctionnement, garanties, tarifs\u2026 notre guide complet vous explique tout.<\/p>\n<!-- \/wp:paragraph -->\n\n<!-- wp:paragraph -->\n<p>Acc\u00e9dez directement \u00e0 nos conseils par type d\u2019animal :<\/p>\n<!-- \/wp:paragraph -->\n\n<!-- wp:list -->\n<ul class=\"wp-block-list\"><!-- wp:list-item -->\n<li><a href=\"https:\/\/reassurez-moi.fr\/guide\/assurance-chien-chat\/assurance-chien\">Assurance chien<\/a><\/li>\n<!-- \/wp:list-item -->\n\n<!-- wp:list-item -->\n<li><a href=\"https:\/\/reassurez-moi.fr\/guide\/assurance-chien-chat\/assurance-chat\">Assurance chat<\/a><\/li>\n<!-- \/wp:list-item -->\n\n<!-- wp:list-item -->\n<li><a href=\"https:\/\/reassurez-moi.fr\/guide\/assurance-chien-chat\/nac\">Assurance NAC<\/a><\/li>\n<!-- \/wp:list-item --><\/ul>\n<!-- \/wp:list -->\n\n<!-- wp:paragraph -->\n<p><\/p>\n<!-- \/wp:paragraph -->","protected":false},"excerpt":{"rendered":"<p>Assurance pour animaux Assur O&#039;poil &lt;p&gt;Assur O&#039;poil se distingue par une gamme exceptionnellement riche avec cinq formules distinctes : Chat+, Chien+, Pr\u00e9ventive, Int\u00e9grale et Confort. Cette diversit\u00e9 permet \u00e0 chaque propri\u00e9taire de trouver exactement le contrat adapt\u00e9 \u00e0 son animal et sa situation. \u00c0 partir de 15,70\u20ac par mois, vous acc\u00e9dez \u00e0 une couverture progressive [&hellip;]<\/p>\n","protected":false},"author":93,"featured_media":0,"parent":48048,"menu_order":0,"comment_status":"open","ping_status":"closed","template":"","meta":{"_acf_changed":false,"footnotes":""},"categories":[],"page_topic":[551],"class_list":["post-136534","page","type-page","status-publish","hentry"],"yoast_head":"<!-- This site is optimized with the Yoast SEO plugin v24.7 - https:\/\/yoast.com\/wordpress\/plugins\/seo\/ -->\n<title>Assurance chien chat Assur O&#039;poil | Formules, avis &amp; tarifs<\/title>\n<meta name=\"description\" content=\"L&#039;assurance chien chat Assur O&#039;poil en d\u00e9tails - Prix et garanties - Devis en ligne 100% gratuit !\" \/>\n<meta name=\"robots\" content=\"index, follow, max-snippet:-1, max-image-preview:large, max-video-preview:-1\" \/>\n<link rel=\"canonical\" href=\"https:\/\/guide.reassurez-moi.fr\/guide\/assurance-chien-chat\/assur-opoil\" \/>\n<meta property=\"og:locale\" content=\"fr_FR\" \/>\n<meta property=\"og:type\" content=\"article\" \/>\n<meta property=\"og:title\" content=\"Assurance chien chat Assur O&#039;poil | Formules, avis &amp; tarifs\" \/>\n<meta property=\"og:description\" content=\"L&#039;assurance chien chat Assur O&#039;poil en d\u00e9tails - Prix et garanties - Devis en ligne 100% gratuit !\" \/>\n<meta property=\"og:url\" content=\"https:\/\/guide.reassurez-moi.fr\/guide\/assurance-chien-chat\/assur-opoil\" \/>\n<meta property=\"og:site_name\" content=\"R\u00e9assurez-moi\" \/>\n<meta property=\"article:publisher\" content=\"https:\/\/www.facebook.com\/R%c3%a9assurez-moi-209456495889479\/\" \/>\n<meta property=\"og:image\" content=\"https:\/\/guide.reassurez-moi.fr\/guide\/wp-content\/uploads\/2018\/04\/image-de-partage.png\" \/>\n\t<meta property=\"og:image:width\" content=\"500\" \/>\n\t<meta property=\"og:image:height\" content=\"160\" \/>\n\t<meta property=\"og:image:type\" content=\"image\/png\" \/>\n<meta name=\"twitter:card\" content=\"summary_large_image\" \/>\n<meta name=\"twitter:site\" content=\"@reassurezmoi\" \/>\n<meta name=\"twitter:label1\" content=\"Dur\u00e9e de lecture estim\u00e9e\" \/>\n\t<meta name=\"twitter:data1\" content=\"5 minutes\" \/>\n<script type=\"application\/ld+json\" class=\"yoast-schema-graph\">{\"@context\":\"https:\/\/schema.org\",\"@graph\":[{\"@type\":\"WebPage\",\"@id\":\"https:\/\/guide.reassurez-moi.fr\/guide\/assurance-chien-chat\/assur-opoil\",\"url\":\"https:\/\/guide.reassurez-moi.fr\/guide\/assurance-chien-chat\/assur-opoil\",\"name\":\"Assurance chien chat Assur O'poil | Formules, avis & tarifs\",\"isPartOf\":{\"@id\":\"https:\/\/guide.reassurez-moi.fr\/guide\/#website\"},\"datePublished\":\"2026-04-16T11:15:57+00:00\",\"description\":\"L'assurance chien chat Assur O'poil en d\u00e9tails - Prix et garanties - Devis en ligne 100% gratuit !\",\"breadcrumb\":{\"@id\":\"https:\/\/guide.reassurez-moi.fr\/guide\/assurance-chien-chat\/assur-opoil#breadcrumb\"},\"inLanguage\":\"fr-FR\",\"potentialAction\":[{\"@type\":\"ReadAction\",\"target\":[\"https:\/\/guide.reassurez-moi.fr\/guide\/assurance-chien-chat\/assur-opoil\"]}]},{\"@type\":\"BreadcrumbList\",\"@id\":\"https:\/\/guide.reassurez-moi.fr\/guide\/assurance-chien-chat\/assur-opoil#breadcrumb\",\"itemListElement\":[{\"@type\":\"ListItem\",\"position\":1,\"name\":\"Assurances\",\"item\":\"https:\/\/guide.reassurez-moi.fr\/guide\/\"},{\"@type\":\"ListItem\",\"position\":2,\"name\":\"Assurance animaux\",\"item\":\"https:\/\/guide.reassurez-moi.fr\/guide\/assurance-chien-chat\"},{\"@type\":\"ListItem\",\"position\":3,\"name\":\"Assur O'poil\"}]},{\"@type\":\"WebSite\",\"@id\":\"https:\/\/guide.reassurez-moi.fr\/guide\/#website\",\"url\":\"https:\/\/guide.reassurez-moi.fr\/guide\/\",\"name\":\"R\u00e9assurez-moi\",\"description\":\"Comparateur d&#039;assurances\",\"potentialAction\":[{\"@type\":\"SearchAction\",\"target\":{\"@type\":\"EntryPoint\",\"urlTemplate\":\"https:\/\/guide.reassurez-moi.fr\/guide\/?s={search_term_string}\"},\"query-input\":{\"@type\":\"PropertyValueSpecification\",\"valueRequired\":true,\"valueName\":\"search_term_string\"}}],\"inLanguage\":\"fr-FR\"}]}<\/script>\n<!-- \/ Yoast SEO plugin. -->","yoast_head_json":{"title":"Assurance chien chat Assur O'poil | Formules, avis & tarifs","description":"L'assurance chien chat Assur O'poil en d\u00e9tails - Prix et garanties - Devis en ligne 100% gratuit !","robots":{"index":"index","follow":"follow","max-snippet":"max-snippet:-1","max-image-preview":"max-image-preview:large","max-video-preview":"max-video-preview:-1"},"canonical":"https:\/\/guide.reassurez-moi.fr\/guide\/assurance-chien-chat\/assur-opoil","og_locale":"fr_FR","og_type":"article","og_title":"Assurance chien chat Assur O'poil | Formules, avis & tarifs","og_description":"L'assurance chien chat Assur O'poil en d\u00e9tails - Prix et garanties - Devis en ligne 100% gratuit !","og_url":"https:\/\/guide.reassurez-moi.fr\/guide\/assurance-chien-chat\/assur-opoil","og_site_name":"R\u00e9assurez-moi","article_publisher":"https:\/\/www.facebook.com\/R%c3%a9assurez-moi-209456495889479\/","og_image":[{"width":500,"height":160,"url":"https:\/\/guide.reassurez-moi.fr\/guide\/wp-content\/uploads\/2018\/04\/image-de-partage.png","type":"image\/png"}],"twitter_card":"summary_large_image","twitter_site":"@reassurezmoi","twitter_misc":{"Dur\u00e9e de lecture estim\u00e9e":"5 minutes"},"schema":{"@context":"https:\/\/schema.org","@graph":[{"@type":"WebPage","@id":"https:\/\/guide.reassurez-moi.fr\/guide\/assurance-chien-chat\/assur-opoil","url":"https:\/\/guide.reassurez-moi.fr\/guide\/assurance-chien-chat\/assur-opoil","name":"Assurance chien chat Assur O'poil | Formules, avis & tarifs","isPartOf":{"@id":"https:\/\/guide.reassurez-moi.fr\/guide\/#website"},"datePublished":"2026-04-16T11:15:57+00:00","description":"L'assurance chien chat Assur O'poil en d\u00e9tails - Prix et garanties - Devis en ligne 100% gratuit !","breadcrumb":{"@id":"https:\/\/guide.reassurez-moi.fr\/guide\/assurance-chien-chat\/assur-opoil#breadcrumb"},"inLanguage":"fr-FR","potentialAction":[{"@type":"ReadAction","target":["https:\/\/guide.reassurez-moi.fr\/guide\/assurance-chien-chat\/assur-opoil"]}]},{"@type":"BreadcrumbList","@id":"https:\/\/guide.reassurez-moi.fr\/guide\/assurance-chien-chat\/assur-opoil#breadcrumb","itemListElement":[{"@type":"ListItem","position":1,"name":"Assurances","item":"https:\/\/guide.reassurez-moi.fr\/guide\/"},{"@type":"ListItem","position":2,"name":"Assurance animaux","item":"https:\/\/guide.reassurez-moi.fr\/guide\/assurance-chien-chat"},{"@type":"ListItem","position":3,"name":"Assur O'poil"}]},{"@type":"WebSite","@id":"https:\/\/guide.reassurez-moi.fr\/guide\/#website","url":"https:\/\/guide.reassurez-moi.fr\/guide\/","name":"R\u00e9assurez-moi","description":"Comparateur d&#039;assurances","potentialAction":[{"@type":"SearchAction","target":{"@type":"EntryPoint","urlTemplate":"https:\/\/guide.reassurez-moi.fr\/guide\/?s={search_term_string}"},"query-input":{"@type":"PropertyValueSpecification","valueRequired":true,"valueName":"search_term_string"}}],"inLanguage":"fr-FR"}]}},"acf":[],"_links":{"self":[{"href":"https:\/\/guide.reassurez-moi.fr\/guide\/wp-json\/wp\/v2\/pages\/136534","targetHints":{"allow":["GET"]}}],"collection":[{"href":"https:\/\/guide.reassurez-moi.fr\/guide\/wp-json\/wp\/v2\/pages"}],"about":[{"href":"https:\/\/guide.reassurez-moi.fr\/guide\/wp-json\/wp\/v2\/types\/page"}],"author":[{"embeddable":true,"href":"https:\/\/guide.reassurez-moi.fr\/guide\/wp-json\/wp\/v2\/users\/93"}],"replies":[{"embeddable":true,"href":"https:\/\/guide.reassurez-moi.fr\/guide\/wp-json\/wp\/v2\/comments?post=136534"}],"version-history":[{"count":6,"href":"https:\/\/guide.reassurez-moi.fr\/guide\/wp-json\/wp\/v2\/pages\/136534\/revisions"}],"predecessor-version":[{"id":207664,"href":"https:\/\/guide.reassurez-moi.fr\/guide\/wp-json\/wp\/v2\/pages\/136534\/revisions\/207664"}],"up":[{"embeddable":true,"href":"https:\/\/guide.reassurez-moi.fr\/guide\/wp-json\/wp\/v2\/pages\/48048"}],"wp:attachment":[{"href":"https:\/\/guide.reassurez-moi.fr\/guide\/wp-json\/wp\/v2\/media?parent=136534"}],"wp:term":[{"taxonomy":"category","embeddable":true,"href":"https:\/\/guide.reassurez-moi.fr\/guide\/wp-json\/wp\/v2\/categories?post=136534"},{"taxonomy":"page_topic","embeddable":true,"href":"https:\/\/guide.reassurez-moi.fr\/guide\/wp-json\/wp\/v2\/page_topic?post=136534"}],"curies":[{"name":"wp","href":"https:\/\/api.w.org\/{rel}","templated":true}]}}