{"id":144464,"date":"2022-02-21T22:36:20","date_gmt":"2022-02-21T21:36:20","guid":{"rendered":"https:\/\/reassurez-moi.fr\/guide\/assurance-vie\/generali"},"modified":"2022-02-21T22:36:20","modified_gmt":"2022-02-21T21:36:20","slug":"generali","status":"publish","type":"page","link":"https:\/\/guide.reassurez-moi.fr\/guide\/assurance-vie\/generali","title":{"rendered":"Assurance vie Generali"},"content":{"rendered":"\n<h1 class=\"wp-block-heading\" id=\"assurance-vie-nom-acteur\">Assurance vie Generali<\/h1>\n\n\n\n<p><strong>L\u2019assurance-vie est un produit d\u2019\u00e9pargne pr\u00e9sentant de nombreux avantages en mati\u00e8re de fiscalit\u00e9. Que cela soit pour placer de l\u2019argent, \u00e9pargner ou encore optimiser la transmission de son capital, il peut s\u2019av\u00e9rer tr\u00e8s avantageux. Que penser de l&rsquo;assurance vie de Generali ? Quel est le rendement du contrat d&rsquo;assurance vie de Generali ? Notre avis sur l&rsquo;assurance vie Generali. <\/strong><\/p>\n\n\n\n<h2 class=\"wp-block-heading\" id=\"quelle-est-la-fiscalite-pratiquee-par-nom-acteur\">Quels sont les frais pratiqu\u00e9s par Generali ? <\/h2>\n\n\n\n<p><strong>Pour vous aider dans vos recherches, nous vous d\u00e9taillons ci-dessous les&nbsp;frais<\/strong>&nbsp;qui s\u2019appliquent \u00e0 l\u2019assurance vie&nbsp;Generali&nbsp;:<\/p>\n\n\n\n<figure class=\"wp-block-table is-style-header-double\"><table><thead><tr><th><\/th><th class=\"has-text-align-center\" data-align=\"center\">Frais sur versements<\/th><th class=\"has-text-align-center\" data-align=\"center\">Frais de gestion<\/th><th class=\"has-text-align-center\" data-align=\"center\">Frais d&rsquo;unit\u00e9 de compte<\/th><\/tr><\/thead><tbody><tr><td>Contrat Generali \u00c9pargne Platinium<\/td><td class=\"has-text-align-center\" data-align=\"center\">0 %<\/td><td class=\"has-text-align-center\" data-align=\"center\">0,6 %<\/td><td class=\"has-text-align-center\" data-align=\"center\">0,8 %<\/td><\/tr><\/tbody><\/table><\/figure>\n\n\n\n<h2 class=\"wp-block-heading\" id=\"quel-est-le-taux-de-l-assurance-vie-nom-acteur\">Quel est le taux de l&rsquo;assurance vie Generali ? <\/h2>\n\n\n\n<p><strong>L\u2019assurance vie se distingue par le fait qu\u2019elle propose un support d\u2019investissement.<\/strong>&nbsp;C\u2019est-\u00e0-dire qu\u2019elle inclut un taux pouvant permettre des gains. Ces derniers seront souvent proportionnels au risque encouru. Ainsi, plus vous choisissez un placement s\u00e9curitaire, moins les taux seront hauts mais plus votre argent sera garanti. <\/p>\n\n\n\n<p><strong>Un bon moyen de choisir un contrat est d\u2019analyser les&nbsp;<a href=\"https:\/\/reassurez-moi.fr\/guide\/assurance-vie\/rendement\">taux d\u2019assurance vie<\/a>&nbsp;pratiqu\u00e9s l\u2019ann\u00e9e pr\u00e9c\u00e9dente&nbsp;<\/strong>ainsi que l\u2019\u00e9volution sur les 2 ann\u00e9es pass\u00e9es. Notre zoom sur les taux d&rsquo;assurance vie de Generali : <\/p>\n\n\n\n<figure class=\"wp-block-table is-style-header-double\"><table><thead><tr><th><\/th><th class=\"has-text-align-center\" data-align=\"center\">Rendement 2022<\/th><th class=\"has-text-align-center\" data-align=\"center\">Rendement sur ces 3 derni\u00e8res ann\u00e9es<\/th><\/tr><\/thead><tbody><tr><td>Profil standard de l&#039;assurance vie Generali Epargne Platinium<\/td><td class=\"has-text-align-center\" data-align=\"center\">2,05 %<\/td><td class=\"has-text-align-center\" data-align=\"center\">5,81 %<\/td><\/tr><tr><td><strong>Profil standard de l&#039;assurance vie Generali Himalia<\/strong><\/td><td class=\"has-text-align-center\" data-align=\"center\">1,24 %<\/td><td class=\"has-text-align-center\" data-align=\"center\">5,82 %<\/td><\/tr><\/tbody><\/table><\/figure>\n\n\n\n<div class=\"wp-block-mars-information icon-info\"><i class=\"icon\"><\/i><p>Si vous choisissez un mode de gestion soumis \u00e0 des frais, assurez-vous que les taux de rendement annonc\u00e9s s\u2019expriment en net. C\u2019est le meilleur moyen de ne pas avoir de mauvaises surprises !<\/p><\/div>\n\n\n\n<h2 class=\"wp-block-heading\" id=\"quels-sont-les-modes-de-gestion-de-l-assurance-vie-nom-acteur\">Quels sont les modes de gestion de l&rsquo;assurance vie Generali ? <\/h2>\n\n\n\n<p><strong>Voici les diff\u00e9rents modes de gestion propos\u00e9s par l\u2019assureur&nbsp;Generali&nbsp;sur son offre d\u2019assurance vie&nbsp;et ce que chacun d\u2019eux impliquent :&nbsp;<\/strong><\/p>\n\n\n\n<figure class=\"wp-block-table is-style-header-double\"><table><thead><tr><th><\/th><th class=\"has-text-align-center\" data-align=\"center\">D\u00e9tails<\/th><\/tr><\/thead><tbody><tr><td>Gestion pilot\u00e9e<\/td><td class=\"has-text-align-center\" data-align=\"center\"><p>L\u2019investisseur d\u00e9termine \u00e0 l\u2019avance la r\u00e9partition de son capital en fonction des \u00e9ch\u00e9ances futures. La plus commune est g\u00e9n\u00e9ralement l\u2019\u00e2ge de la retraite, qui suppose normalement le rapatriement des fonds sur un investissement s\u00fbr en euros, pour limiter les pertes \u00e9ventuelles li\u00e9es aux unit\u00e9s de compte.<\/p><\/td><\/tr><tr><td><strong>Gestion libre<\/strong><\/td><td class=\"has-text-align-center\" data-align=\"center\"><p>Gestion qui vous permet de d\u00e9cider pleinement de la r\u00e9partition de votre investissement selon les supports disponibles (euros ou unit\u00e9s de compte notamment). Ici, pas d\u2019intervention d\u2019un expert qui prendrait les d\u00e9cisions \u00e0 votre place, mais bien une libert\u00e9 totale d\u2019arbitrage de votre part.<\/p><\/td><\/tr><\/tbody><\/table><figcaption>Modes de gestion propos\u00e9 par Generali<\/figcaption><\/figure>\n\n\n\n<div class=\"wp-block-group\">\n<p><strong>Pour conna\u00eetre tous les d\u00e9tails de l&rsquo;assurance vie Generali, <\/strong>vous pouvez t\u00e9l\u00e9charger leurs conditions g\u00e9n\u00e9rales ci-dessous. Vous y retrouverez le d\u00e9tail des modes de gestion, de fiscalit\u00e9 mais aussi les conditions de succession ou de rachat propos\u00e9es par Generali.<\/p>\n\n\n\n<p class=\"has-text-align-center\"><strong><a href=\"https:\/\/guide.reassurez-moi.fr\/guide\/wp-content\/uploads\/2020\/10\/cg_assurance_vie_generali.pdf\" data-type=\"URL\" data-id=\"https:\/\/guide.reassurez-moi.fr\/guide\/wp-content\/uploads\/2020\/10\/cg_assurance_vie_generali.pdf\">T\u00e9l\u00e9charger les conditions g\u00e9n\u00e9rales de l&rsquo;assurance vie Generali <\/a>:<\/strong><\/p>\n\n\n\n<div class=\"wp-block-image\"><figure class=\"aligncenter size-large is-resized\"><a href=\"https:\/\/guide.reassurez-moi.fr\/guide\/wp-content\/uploads\/2020\/10\/cg_assurance_vie_generali.pdf\" rel=\"noindex follow\"><img loading=\"lazy\" decoding=\"async\" src=\"https:\/\/guide.reassurez-moi.fr\/guide\/wp-content\/uploads\/2020\/07\/conditions-generales.jpg\" alt=\"conditions generales\" class=\"wp-image-131404\" width=\"120\" height=\"120\"\/><\/a><\/figure><\/div>\n<\/div>\n\n\n\n<h2 class=\"wp-block-heading\" id=\"quel-est-notre-avis-sur-l-assurance-vie-nom-acteur\">Quel est notre avis sur l&rsquo;assurance vie Generali ? <\/h2>\n\n\n\n<p><p>L\u2019assurance vie Epargne Generali Platinium est accessible \u00e0 partir d\u2019un versement initial de 2 000 \u20ac pour la version classique et la version Signature \u00e0 partir de 10 000 \u20ac. La diff\u00e9rence se fait au niveau de la gestion pilot\u00e9e de votre investissement, laquelle est conseill\u00e9e par Generali Investments pour le deuxi\u00e8me contrat. Ces d\u00e9p\u00f4ts initiaux sont relativement dans la moyenne du march\u00e9 pour des contrats classiques (non accessibles en ligne).<\/p>\n<p>Les frais li\u00e9s au contrat d\u2019assurance vie Generali Epargne Platinium sont tr\u00e8s bas, une disposition int\u00e9ressante pour faire fructifier votre capital : 0 % sur les versements, 0,6 % sur la gestion et 0,8 % sur les unit\u00e9s de compte. Le rendement est par ailleurs dans la moyenne haute du march\u00e9 (7,41 % sur trois ans), ce qui vous conf\u00e8re une garantie suppl\u00e9mentaire si vous choisissez uniquement les fonds en euros.<\/p>\n<p>La gestion pilot\u00e9e et la gestion libre vous permettent de faire un choix entre deux modes de gestion quasi-oppos\u00e9s. La gestion libre vous permet de g\u00e9rer enti\u00e8rement votre contrat quand la gestion pilot\u00e9e implique l\u2019intervention ext\u00e9rieur d\u2019un sp\u00e9cialiste. L\u2019arbitrage programm\u00e9 vous laisse \u00e9galement la possibilit\u00e9 d\u2019anticiper certaines fluctuations financi\u00e8res pour optimiser votre rendement et faire passer une partie de votre capital fructifi\u00e9 sur un fonds euros pour \u00e9viter les pertes par la suite.<\/p>\n<p>L\u2019absence de conditions g\u00e9n\u00e9rales reste pr\u00e9judiciable et vous emp\u00eache d\u2019avoir acc\u00e8s \u00e0 certaines informations primordiales. R\u00e9assurez-moi a pu se procurer les renseignements manquants par d\u2019autres biais afin de r\u00e9pondre aux manques.<\/p><\/p>\n\n\n\n<h2 class=\"wp-block-heading\" id=\"comment-souscrire-l-assurance-vie-nom-acteur\">Quelles sont les conditions de souscription de l&rsquo;assurance vie Generali ?<\/h2>\n\n\n\n<p><strong>Les contrats d\u2019assurance vie sont soumis \u00e0 des conditions de souscription qui diff\u00e8rent selon les acteurs. <\/strong>Concernant le contrat&nbsp;d&rsquo;assurance vie Generali, voici les modalit\u00e9s \u00e0 respecter :&nbsp;&nbsp;<\/p>\n\n\n\n<ul class=\"wp-block-list\"><li>Versement minimum&nbsp;:&nbsp;2 000 \u20ac <\/li><li>Mode de souscription&nbsp;:&nbsp;contrat classique uniquement&nbsp;<\/li><li>\u00c2ge limite de souscription&nbsp;:&nbsp;Non communiqu\u00e9<\/li><li>Co-adh\u00e9sion possible&nbsp;:&nbsp;Non<\/li><\/ul>\n\n\n\n<div class=\"wp-block-mars-information icon-info\"><i class=\"icon\"><\/i><p><strong>Quand faut-il souscrire \u00e0 un contrat d\u2019assurance vie ?<\/strong> D\u00e8s que possible ! La fiscalit\u00e9 \u00e9tant de plus en plus avantageuse avec le temps, il est conseill\u00e9 de \u00ab prendre date fiscale \u00bb le plus t\u00f4t possible. <\/p><\/div>\n\n\n\n<h2 class=\"wp-block-heading\" id=\"comment-fonctionne-le-rachat-de-l-assurance-vie-nom-acteur\">Comment fonctionne le rachat de l\u2019assurance vie Generali ?<\/h2>\n\n\n\n<p><strong>Selon les contrats, il vous est possible de demander le <a href=\"https:\/\/reassurez-moi.fr\/guide\/assurance-vie\/rachat\">rachat<\/a> ou l\u2019avance de votre assurance vie.&nbsp;<\/strong>Cette transaction est soumise \u00e0 des r\u00e8gles, en fonction de la date d\u2019anciennet\u00e9 de votre contrat (avant ou apr\u00e8s le 27 septembre 2017).&nbsp;<\/p>\n\n\n\n<p><strong>Chez&nbsp;Generali, voici les options qui s\u2019offrent \u00e0 vous en cas de besoin de liquidit\u00e9s :&nbsp;&nbsp;<\/strong><\/p>\n\n\n\n<figure class=\"wp-block-table is-style-header-double\"><table><thead><tr><th><\/th><th class=\"has-text-align-center\" data-align=\"center\">Avance<\/th><th class=\"has-text-align-center\" data-align=\"center\">Rachat partiel<\/th><th class=\"has-text-align-center\" data-align=\"center\">P\u00e9nalit\u00e9s de rachat total<\/th><\/tr><\/thead><tbody><tr><td>Generali<\/td><td class=\"has-text-align-center\" data-align=\"center\"><i\n    class=\"safe-shortcode-icon\n                    yes\n            \"\n                                    title=oui\n            >\n<\/i><\/td><td class=\"has-text-align-center\" data-align=\"center\"><i\n    class=\"safe-shortcode-icon\n                    yes\n            \"\n                                    title=oui\n            >\n<\/i><\/td><td class=\"has-text-align-center\" data-align=\"center\"><i\n    class=\"safe-shortcode-icon\n                    no\n            \"\n                                    title=non\n            >\n<\/i><\/td><\/tr><\/tbody><\/table><\/figure>\n\n\n\n<h2 class=\"wp-block-heading\" id=\"comment-contacter-l-assurance-vie-nom-acteur\">Comment contacter l&rsquo;assurance vie Generali ? <\/h2>\n\n\n\n<p><strong>Les conseillers&nbsp;Generali&nbsp;sont joignables par t\u00e9l\u00e9phone&nbsp;au<\/strong> : 09 69 32 27 25<br><br><strong>Vous pouvez aussi \u00e9crire \u00e0 l&rsquo;assurance vie Generali \u00e0 l&rsquo;adresse suivante :<\/strong><\/p>\n\n\n\n<p class=\"has-text-align-center\"><p>GENERALI France<br \/>\nAssurance vie<br \/>\nTSA 70100<br \/>\n75309 Paris Cedex 09<\/p><\/p>\n\n\n\n<h2 class=\"wp-block-heading\" id=\"nom-acteur-la-meilleure-assurance-vie\">Generali, la meilleure assurance vie ? <\/h2>\n\n\n\n<p><strong>Comparez l&rsquo;assurance vie de Generali aux autres assurances vie du march\u00e9 en simulant un devis imm\u00e9diat, vous obtiendrez un comparatif<\/strong>&nbsp;de tous les assureurs avec un acc\u00e8s aux taux appliqu\u00e9s et aux diff\u00e9rentes options de gestion propos\u00e9es :<\/p>\n\n\n\n<div style=\"height:20px\" aria-hidden=\"true\" class=\"wp-block-spacer\"><\/div>\n\n\n\n<div class=\"flex  wp-block-rm-advertizing-block fix-in-sidebar\"><div class=\"image-container flex justify-center align-items-center py-3\"><img decoding=\"async\" src=\"https:\/\/guide.reassurez-moi.fr\/guide\/wp-content\/uploads\/2025\/06\/team_opti_short.png\" alt=\"reassurez-moi illustration\" class=\"wp-block-rm-advertizing-image\" loading=\"lazy\"\/><\/div><div class=\"\n                    rm-advertblock-container\n                    flex flex-column justify-center\n                    align-items-start\n                \"><p class=\"wp-block-rm-advertizing-text\n                              \n                            \">Les meilleurs contrats d&rsquo;assurance vie en 2025<\/p><a href=\"https:\/\/reassurez-moi.fr\/guide\/assurance-vie\" class=\"wp-block-rm-advertizing-button\"><span class=\"wp-block-rm-advertizing-button-text\">Comparer les assurances vie<\/span><\/a><\/div><\/div>\n\n\n\n\n<div style=\"height:40px\" aria-hidden=\"true\" class=\"wp-block-spacer\"><\/div>\n\n\n\n<blockquote class=\"wp-block-quote is-layout-flow wp-block-quote-is-layout-flow\"><p><em><span class=\"has-small-font-size\">En tant que courtier d&rsquo;assurance, notre mission est de vous informer et de vous conseiller sur les offres d&rsquo;assurance propos\u00e9es sur le march\u00e9. Ces fiches conseils ont pour objet de vous pr\u00e9senter les produits de nos <a href=\"https:\/\/reassurez-moi.fr\/guide\/cgu-cgv#MISE_EN_RELATION_AVEC_LES_PARTENAIRES\">assureurs partenaires<\/a> comme ceux avec lesquels nous n&rsquo;entretenons pas de liens.\u00a0Ces fiches vous donnent notre\u00a0analyse\u00a0objective\u00a0sur les contrats d&rsquo;assurance\u00a0mais aussi\u00a0des\u00a0informations sur les formalit\u00e9s d&rsquo;adh\u00e9sion.<\/span><\/em><\/p><\/blockquote>\n","protected":false},"excerpt":{"rendered":"<p>Assurance vie Generali L\u2019assurance-vie est un produit d\u2019\u00e9pargne pr\u00e9sentant de nombreux avantages en mati\u00e8re de fiscalit\u00e9. Que cela soit pour placer de l\u2019argent, \u00e9pargner ou encore optimiser la transmission de son capital, il peut s\u2019av\u00e9rer tr\u00e8s avantageux. Que penser de l&rsquo;assurance vie de Generali ? Quel est le rendement du contrat d&rsquo;assurance vie de Generali [&hellip;]<\/p>\n","protected":false},"author":61,"featured_media":0,"parent":53845,"menu_order":0,"comment_status":"open","ping_status":"closed","template":"","meta":{"_acf_changed":false,"footnotes":""},"categories":[],"page_topic":[741],"class_list":["post-144464","page","type-page","status-publish","hentry"],"yoast_head":"<!-- This site is optimized with the Yoast SEO plugin v24.7 - https:\/\/yoast.com\/wordpress\/plugins\/seo\/ -->\n<title>Notre avis sur l&#039;assurance vie Generali | Rendement et conditions <\/title>\n<meta name=\"description\" content=\"Tous les d\u00e9tails de l&#039;assurance vie Generali expliqu\u00e9s - Comparatif pour trouver la formule la plus adapt\u00e9e \u00e0 votre \u00e9pargne !\" \/>\n<meta name=\"robots\" content=\"index, follow, max-snippet:-1, max-image-preview:large, max-video-preview:-1\" \/>\n<link rel=\"canonical\" href=\"https:\/\/guide.reassurez-moi.fr\/guide\/assurance-vie\/generali\" \/>\n<meta property=\"og:locale\" content=\"fr_FR\" \/>\n<meta property=\"og:type\" content=\"article\" \/>\n<meta property=\"og:title\" content=\"Notre avis sur l&#039;assurance vie Generali | Rendement et conditions\" \/>\n<meta property=\"og:description\" content=\"Tous les d\u00e9tails de l&#039;assurance vie Generali expliqu\u00e9s - Comparatif pour trouver la formule la plus adapt\u00e9e \u00e0 votre \u00e9pargne !\" \/>\n<meta property=\"og:url\" content=\"https:\/\/guide.reassurez-moi.fr\/guide\/assurance-vie\/generali\" \/>\n<meta property=\"og:site_name\" content=\"R\u00e9assurez-moi\" \/>\n<meta property=\"article:publisher\" content=\"https:\/\/www.facebook.com\/R%c3%a9assurez-moi-209456495889479\/\" \/>\n<meta property=\"og:image\" content=\"https:\/\/guide.reassurez-moi.fr\/guide\/wp-content\/uploads\/2018\/04\/image-de-partage.png\" \/>\n\t<meta property=\"og:image:width\" content=\"500\" \/>\n\t<meta property=\"og:image:height\" content=\"160\" \/>\n\t<meta property=\"og:image:type\" content=\"image\/png\" \/>\n<meta name=\"twitter:card\" content=\"summary_large_image\" \/>\n<meta name=\"twitter:site\" content=\"@reassurezmoi\" \/>\n<script type=\"application\/ld+json\" class=\"yoast-schema-graph\">{\"@context\":\"https:\/\/schema.org\",\"@graph\":[{\"@type\":\"WebPage\",\"@id\":\"https:\/\/guide.reassurez-moi.fr\/guide\/assurance-vie\/generali\",\"url\":\"https:\/\/guide.reassurez-moi.fr\/guide\/assurance-vie\/generali\",\"name\":\"Assurance vie Generali | R\u00e9assurez-moi\",\"isPartOf\":{\"@id\":\"https:\/\/guide.reassurez-moi.fr\/guide\/#website\"},\"datePublished\":\"2022-02-21T21:36:20+00:00\",\"breadcrumb\":{\"@id\":\"https:\/\/guide.reassurez-moi.fr\/guide\/assurance-vie\/generali#breadcrumb\"},\"inLanguage\":\"fr-FR\",\"potentialAction\":[{\"@type\":\"ReadAction\",\"target\":[\"https:\/\/guide.reassurez-moi.fr\/guide\/assurance-vie\/generali\"]}]},{\"@type\":\"BreadcrumbList\",\"@id\":\"https:\/\/guide.reassurez-moi.fr\/guide\/assurance-vie\/generali#breadcrumb\",\"itemListElement\":[{\"@type\":\"ListItem\",\"position\":1,\"name\":\"Assurances\",\"item\":\"https:\/\/guide.reassurez-moi.fr\/guide\/\"},{\"@type\":\"ListItem\",\"position\":2,\"name\":\"Assurance vie\",\"item\":\"https:\/\/guide.reassurez-moi.fr\/guide\/assurance-vie\"},{\"@type\":\"ListItem\",\"position\":3,\"name\":\"Assurance vie Generali\"}]},{\"@type\":\"WebSite\",\"@id\":\"https:\/\/guide.reassurez-moi.fr\/guide\/#website\",\"url\":\"https:\/\/guide.reassurez-moi.fr\/guide\/\",\"name\":\"R\u00e9assurez-moi\",\"description\":\"Comparateur d&#039;assurances\",\"potentialAction\":[{\"@type\":\"SearchAction\",\"target\":{\"@type\":\"EntryPoint\",\"urlTemplate\":\"https:\/\/guide.reassurez-moi.fr\/guide\/?s={search_term_string}\"},\"query-input\":{\"@type\":\"PropertyValueSpecification\",\"valueRequired\":true,\"valueName\":\"search_term_string\"}}],\"inLanguage\":\"fr-FR\"}]}<\/script>\n<!-- \/ Yoast SEO plugin. -->","yoast_head_json":{"title":"Notre avis sur l'assurance vie Generali | Rendement et conditions ","description":"Tous les d\u00e9tails de l'assurance vie Generali expliqu\u00e9s - Comparatif pour trouver la formule la plus adapt\u00e9e \u00e0 votre \u00e9pargne !","robots":{"index":"index","follow":"follow","max-snippet":"max-snippet:-1","max-image-preview":"max-image-preview:large","max-video-preview":"max-video-preview:-1"},"canonical":"https:\/\/guide.reassurez-moi.fr\/guide\/assurance-vie\/generali","og_locale":"fr_FR","og_type":"article","og_title":"Notre avis sur l'assurance vie Generali | Rendement et conditions","og_description":"Tous les d\u00e9tails de l'assurance vie Generali expliqu\u00e9s - Comparatif pour trouver la formule la plus adapt\u00e9e \u00e0 votre \u00e9pargne !","og_url":"https:\/\/guide.reassurez-moi.fr\/guide\/assurance-vie\/generali","og_site_name":"R\u00e9assurez-moi","article_publisher":"https:\/\/www.facebook.com\/R%c3%a9assurez-moi-209456495889479\/","og_image":[{"width":500,"height":160,"url":"https:\/\/guide.reassurez-moi.fr\/guide\/wp-content\/uploads\/2018\/04\/image-de-partage.png","type":"image\/png"}],"twitter_card":"summary_large_image","twitter_site":"@reassurezmoi","schema":{"@context":"https:\/\/schema.org","@graph":[{"@type":"WebPage","@id":"https:\/\/guide.reassurez-moi.fr\/guide\/assurance-vie\/generali","url":"https:\/\/guide.reassurez-moi.fr\/guide\/assurance-vie\/generali","name":"Assurance vie Generali | R\u00e9assurez-moi","isPartOf":{"@id":"https:\/\/guide.reassurez-moi.fr\/guide\/#website"},"datePublished":"2022-02-21T21:36:20+00:00","breadcrumb":{"@id":"https:\/\/guide.reassurez-moi.fr\/guide\/assurance-vie\/generali#breadcrumb"},"inLanguage":"fr-FR","potentialAction":[{"@type":"ReadAction","target":["https:\/\/guide.reassurez-moi.fr\/guide\/assurance-vie\/generali"]}]},{"@type":"BreadcrumbList","@id":"https:\/\/guide.reassurez-moi.fr\/guide\/assurance-vie\/generali#breadcrumb","itemListElement":[{"@type":"ListItem","position":1,"name":"Assurances","item":"https:\/\/guide.reassurez-moi.fr\/guide\/"},{"@type":"ListItem","position":2,"name":"Assurance vie","item":"https:\/\/guide.reassurez-moi.fr\/guide\/assurance-vie"},{"@type":"ListItem","position":3,"name":"Assurance vie Generali"}]},{"@type":"WebSite","@id":"https:\/\/guide.reassurez-moi.fr\/guide\/#website","url":"https:\/\/guide.reassurez-moi.fr\/guide\/","name":"R\u00e9assurez-moi","description":"Comparateur d&#039;assurances","potentialAction":[{"@type":"SearchAction","target":{"@type":"EntryPoint","urlTemplate":"https:\/\/guide.reassurez-moi.fr\/guide\/?s={search_term_string}"},"query-input":{"@type":"PropertyValueSpecification","valueRequired":true,"valueName":"search_term_string"}}],"inLanguage":"fr-FR"}]}},"acf":[],"_links":{"self":[{"href":"https:\/\/guide.reassurez-moi.fr\/guide\/wp-json\/wp\/v2\/pages\/144464","targetHints":{"allow":["GET"]}}],"collection":[{"href":"https:\/\/guide.reassurez-moi.fr\/guide\/wp-json\/wp\/v2\/pages"}],"about":[{"href":"https:\/\/guide.reassurez-moi.fr\/guide\/wp-json\/wp\/v2\/types\/page"}],"author":[{"embeddable":true,"href":"https:\/\/guide.reassurez-moi.fr\/guide\/wp-json\/wp\/v2\/users\/61"}],"replies":[{"embeddable":true,"href":"https:\/\/guide.reassurez-moi.fr\/guide\/wp-json\/wp\/v2\/comments?post=144464"}],"version-history":[{"count":0,"href":"https:\/\/guide.reassurez-moi.fr\/guide\/wp-json\/wp\/v2\/pages\/144464\/revisions"}],"up":[{"embeddable":true,"href":"https:\/\/guide.reassurez-moi.fr\/guide\/wp-json\/wp\/v2\/pages\/53845"}],"wp:attachment":[{"href":"https:\/\/guide.reassurez-moi.fr\/guide\/wp-json\/wp\/v2\/media?parent=144464"}],"wp:term":[{"taxonomy":"category","embeddable":true,"href":"https:\/\/guide.reassurez-moi.fr\/guide\/wp-json\/wp\/v2\/categories?post=144464"},{"taxonomy":"page_topic","embeddable":true,"href":"https:\/\/guide.reassurez-moi.fr\/guide\/wp-json\/wp\/v2\/page_topic?post=144464"}],"curies":[{"name":"wp","href":"https:\/\/api.w.org\/{rel}","templated":true}]}}