{"id":144492,"date":"2022-02-21T22:37:00","date_gmt":"2022-02-21T21:37:00","guid":{"rendered":"https:\/\/reassurez-moi.fr\/guide\/assurance-vie\/banque-populaire"},"modified":"2022-02-21T22:37:00","modified_gmt":"2022-02-21T21:37:00","slug":"banque-populaire","status":"publish","type":"page","link":"https:\/\/guide.reassurez-moi.fr\/guide\/assurance-vie\/banque-populaire","title":{"rendered":"Assurance vie Banque Populaire"},"content":{"rendered":"\n<h1 class=\"wp-block-heading\" id=\"assurance-vie-nom-acteur\">Assurance vie Banque Populaire<\/h1>\n\n\n\n<p><strong>L\u2019assurance-vie est un produit d\u2019\u00e9pargne pr\u00e9sentant de nombreux avantages en mati\u00e8re de fiscalit\u00e9. Que cela soit pour placer de l\u2019argent, \u00e9pargner ou encore optimiser la transmission de son capital, il peut s\u2019av\u00e9rer tr\u00e8s avantageux. Que penser de l&rsquo;assurance vie de Banque Populaire ? Quel est le rendement du contrat d&rsquo;assurance vie de Banque Populaire ? Notre avis sur l&rsquo;assurance vie Banque Populaire. <\/strong><\/p>\n\n\n\n<h2 class=\"wp-block-heading\" id=\"quelle-est-la-fiscalite-pratiquee-par-nom-acteur\">Quels sont les frais pratiqu\u00e9s par Banque Populaire ? <\/h2>\n\n\n\n<p><strong>Pour vous aider dans vos recherches, nous vous d\u00e9taillons ci-dessous les&nbsp;frais<\/strong>&nbsp;qui s\u2019appliquent \u00e0 l\u2019assurance vie&nbsp;Banque Populaire&nbsp;:<\/p>\n\n\n\n<figure class=\"wp-block-table is-style-header-double\"><table><thead><tr><th><\/th><th class=\"has-text-align-center\" data-align=\"center\">Frais sur versements<\/th><th class=\"has-text-align-center\" data-align=\"center\">Frais de gestion<\/th><th class=\"has-text-align-center\" data-align=\"center\">Frais d&rsquo;unit\u00e9 de compte<\/th><\/tr><\/thead><tbody><tr><td>Contrat assurance vie Banque Populaire Horiz\u00e9o<\/td><td class=\"has-text-align-center\" data-align=\"center\">3 %<\/td><td class=\"has-text-align-center\" data-align=\"center\">0,75 %<\/td><td class=\"has-text-align-center\" data-align=\"center\">0,8 %<\/td><\/tr><tr><td>Contrat assurance vie Banque Populaire Plan \u00e9pargne enfant<\/td><td class=\"has-text-align-center\" data-align=\"center\">2 %<\/td><td class=\"has-text-align-center\" data-align=\"center\">0,96 %<\/td><td class=\"has-text-align-center\" data-align=\"center\">0,96 %<\/td><\/tr><tr><td><strong>Contrat assurance vie Banque Populaire Quintessa<\/strong><\/td><td class=\"has-text-align-center\" data-align=\"center\">1,5 %<\/td><td class=\"has-text-align-center\" data-align=\"center\">0,75 %<\/td><td class=\"has-text-align-center\" data-align=\"center\">0,8 %<\/td><\/tr><\/tbody><\/table><\/figure>\n\n\n\n<h2 class=\"wp-block-heading\" id=\"quel-est-le-taux-de-l-assurance-vie-nom-acteur\">Quel est le taux de l&rsquo;assurance vie Banque Populaire ? <\/h2>\n\n\n\n<p><strong>L\u2019assurance vie se distingue par le fait qu\u2019elle propose un support d\u2019investissement.<\/strong>&nbsp;C\u2019est-\u00e0-dire qu\u2019elle inclut un taux pouvant permettre des gains. Ces derniers seront souvent proportionnels au risque encouru. Ainsi, plus vous choisissez un placement s\u00e9curitaire, moins les taux seront hauts mais plus votre argent sera garanti. <\/p>\n\n\n\n<p><strong>Un bon moyen de choisir un contrat est d\u2019analyser les&nbsp;<a href=\"https:\/\/reassurez-moi.fr\/guide\/assurance-vie\/rendement\">taux d\u2019assurance vie<\/a>&nbsp;pratiqu\u00e9s l\u2019ann\u00e9e pr\u00e9c\u00e9dente&nbsp;<\/strong>ainsi que l\u2019\u00e9volution sur les 2 ann\u00e9es pass\u00e9es. Notre zoom sur les taux d&rsquo;assurance vie de Banque Populaire : <\/p>\n\n\n\n<figure class=\"wp-block-table is-style-header-double\"><table><thead><tr><th><\/th><th class=\"has-text-align-center\" data-align=\"center\">Rendement 2022<\/th><th class=\"has-text-align-center\" data-align=\"center\">Rendement sur ces 3 derni\u00e8res ann\u00e9es<\/th><\/tr><\/thead><tbody><tr><td>Profil standard de l&#039;assurance vie Banque Populaire<\/td><td class=\"has-text-align-center\" data-align=\"center\">1,10 %<\/td><td class=\"has-text-align-center\" data-align=\"center\">4,75 %<\/td><\/tr><\/tbody><\/table><\/figure>\n\n\n\n<div class=\"wp-block-mars-information icon-info\"><i class=\"icon\"><\/i><p>Si vous choisissez un mode de gestion soumis \u00e0 des frais, assurez-vous que les taux de rendement annonc\u00e9s s\u2019expriment en net. C\u2019est le meilleur moyen de ne pas avoir de mauvaises surprises !<\/p><\/div>\n\n\n\n<h2 class=\"wp-block-heading\" id=\"quels-sont-les-modes-de-gestion-de-l-assurance-vie-nom-acteur\">Quels sont les modes de gestion de l&rsquo;assurance vie Banque Populaire ? <\/h2>\n\n\n\n<p><strong>Voici les diff\u00e9rents modes de gestion propos\u00e9s par l\u2019assureur&nbsp;Banque Populaire&nbsp;sur son offre d\u2019assurance vie&nbsp;et ce que chacun d\u2019eux impliquent :&nbsp;<\/strong><\/p>\n\n\n\n<figure class=\"wp-block-table is-style-header-double\"><table><thead><tr><th><\/th><th class=\"has-text-align-center\" data-align=\"center\">D\u00e9tails<\/th><\/tr><\/thead><tbody><tr><td>Gestion profil\u00e9e<\/td><td class=\"has-text-align-center\" data-align=\"center\"><p>L\u2019investisseur d\u00e9l\u00e8gue une partie de la gestion de son capital \u00e0 un expert. Le profil peut \u00eatre prudent, \u00e9quilibr\u00e9 ou dynamique selon le niveau de libert\u00e9 accord\u00e9 au sp\u00e9cialiste mandat\u00e9.<\/p><\/td><\/tr><tr><td><strong>Gestion sous mandat<\/strong><\/td><td class=\"has-text-align-center\" data-align=\"center\"><p>D\u00e9l\u00e9gation individuelle de la gestion \u00e0 un sp\u00e9cialiste du domaine. L\u2019expert en question d\u00e9cide lui-m\u00eame de la composition du portefeuille de l\u2019investisseur qui l\u2019a mandat\u00e9. Il peut donc vendre et acheter librement et l\u2019on parle alors d\u2019arbitrage.<\/p><\/td><\/tr><\/tbody><\/table><figcaption>Modes de gestion propos\u00e9 par Banque Populaire<\/figcaption><\/figure>\n\n\n\n<div class=\"wp-block-group\">\n<p><strong>Pour conna\u00eetre tous les d\u00e9tails de l&rsquo;assurance vie Banque Populaire, <\/strong>vous pouvez t\u00e9l\u00e9charger leurs conditions g\u00e9n\u00e9rales ci-dessous. Vous y retrouverez le d\u00e9tail des modes de gestion, de fiscalit\u00e9 mais aussi les conditions de succession ou de rachat propos\u00e9es par Banque Populaire.<\/p>\n\n\n\n<p class=\"has-text-align-center\"><strong><a href=\"\" data-type=\"URL\" data-id=\"\">T\u00e9l\u00e9charger les conditions g\u00e9n\u00e9rales de l&rsquo;assurance vie Banque Populaire <\/a>:<\/strong><\/p>\n\n\n\n<div class=\"wp-block-image\"><figure class=\"aligncenter size-large is-resized\"><a href=\"\" rel=\"noindex follow\"><img loading=\"lazy\" decoding=\"async\" src=\"https:\/\/guide.reassurez-moi.fr\/guide\/wp-content\/uploads\/2020\/07\/conditions-generales.jpg\" alt=\"conditions generales\" class=\"wp-image-131404\" width=\"120\" height=\"120\"\/><\/a><\/figure><\/div>\n<\/div>\n\n\n\n<h2 class=\"wp-block-heading\" id=\"quel-est-notre-avis-sur-l-assurance-vie-nom-acteur\">Quel est notre avis sur l&rsquo;assurance vie Banque Populaire ? <\/h2>\n\n\n\n<p><p>Les diff\u00e9rents contrats d\u2019assurance vie de la Banque Populaire ne se valent pas tous en termes de qualit\u00e9 et d\u2019int\u00e9r\u00eat. Parmi les offres pr\u00e9sent\u00e9es sur cette page, la formule Quintessa est la plus int\u00e9ressante, avec un premier versement relativement accessible fix\u00e9 \u00e0 1 500 \u20ac. Les frais sur versements sont par ailleurs r\u00e9duits (1,5 %) et ceux concernant la gestion des fonds en euros d\u00e9gressifs (\u00e0 partir de 0,75 %), malgr\u00e9 un rendement peu performant. La gestion sous mandat vous permet de placer votre \u00e9pargne entre les mains d\u2019un expert financier et de ne pas devoir vous occuper de sa rentabilit\u00e9. La gamme de supports pour unit\u00e9s de comptes est vari\u00e9e (7 cat\u00e9gories AMF sur 8) et les options de gestion disponibles gratuitement particuli\u00e8rement bienvenues.<\/p>\n<p>La formule d\u2019assurance vie Banque Populaire Horiz\u00e9o est le contrat phare de l\u2019assureur, accessible d\u00e8s 100 \u20ac de versement initial. Le rendement 2018 (1,60 %) comme sur 3 ans (4,75 %) est pourtant peu int\u00e9ressant. Les frais de gestion des fonds en euros (0,75 %) et sur unit\u00e9s de compte (0,8 %), dans la moyenne haute du march\u00e9. La garantie d\u00e9c\u00e8s plancher incluse avec un capital sous risque de 300 000 \u20ac rel\u00e8ve toutefois le niveau, au m\u00eame titre que les multiples options de gestion et la possibilit\u00e9 de gestion profil\u00e9e de votre investissement.<\/p>\n<p>Dernier contrat \u00e9tudi\u00e9 par R\u00e9assurez-moi, l\u2019assurance vie Banque Populaire Plan \u00e9pargne enfant est disponible \u00e0 partir de 50 \u20ac, mais les frais de gestion (0,96 %) sont parmi les plus hauts du march\u00e9. L\u2019absence de garantie d\u00e9c\u00e8s plancher, un fonds euros au rendement peu performant ou encore le manque d\u2019options de gestion et de vari\u00e9t\u00e9 dans les supports restent pr\u00e9judiciables et rendent le contrat fort peu int\u00e9ressant. Seules satisfactions, la qualit\u00e9 des fonds propos\u00e9s, ainsi que la possibilit\u00e9 de percevoir une avance sur le fonds en euros \u00e0 hauteur de 80 %.<\/p><\/p>\n\n\n\n<h2 class=\"wp-block-heading\" id=\"comment-souscrire-l-assurance-vie-nom-acteur\">Quelles sont les conditions de souscription de l&rsquo;assurance vie Banque Populaire ?<\/h2>\n\n\n\n<p><strong>Les contrats d\u2019assurance vie sont soumis \u00e0 des conditions de souscription qui diff\u00e8rent selon les acteurs. <\/strong>Concernant le contrat&nbsp;d&rsquo;assurance vie Banque Populaire, voici les modalit\u00e9s \u00e0 respecter :&nbsp;&nbsp;<\/p>\n\n\n\n<ul class=\"wp-block-list\"><li>Versement minimum&nbsp;:&nbsp;100\u20ac <\/li><li>Mode de souscription&nbsp;:&nbsp;contrat classique&nbsp;<\/li><li>\u00c2ge limite de souscription&nbsp;:&nbsp;Non communiqu\u00e9<\/li><li>Co-adh\u00e9sion possible&nbsp;:&nbsp;Non<\/li><\/ul>\n\n\n\n<div class=\"wp-block-mars-information icon-info\"><i class=\"icon\"><\/i><p><strong>Quand faut-il souscrire \u00e0 un contrat d\u2019assurance vie ?<\/strong> D\u00e8s que possible ! La fiscalit\u00e9 \u00e9tant de plus en plus avantageuse avec le temps, il est conseill\u00e9 de \u00ab prendre date fiscale \u00bb le plus t\u00f4t possible. <\/p><\/div>\n\n\n\n<h2 class=\"wp-block-heading\" id=\"comment-fonctionne-le-rachat-de-l-assurance-vie-nom-acteur\">Comment fonctionne le rachat de l\u2019assurance vie Banque Populaire ?<\/h2>\n\n\n\n<p><strong>Selon les contrats, il vous est possible de demander le <a href=\"https:\/\/reassurez-moi.fr\/guide\/assurance-vie\/rachat\">rachat<\/a> ou l\u2019avance de votre assurance vie.&nbsp;<\/strong>Cette transaction est soumise \u00e0 des r\u00e8gles, en fonction de la date d\u2019anciennet\u00e9 de votre contrat (avant ou apr\u00e8s le 27 septembre 2017).&nbsp;<\/p>\n\n\n\n<p><strong>Chez&nbsp;Banque Populaire, voici les options qui s\u2019offrent \u00e0 vous en cas de besoin de liquidit\u00e9s :&nbsp;&nbsp;<\/strong><\/p>\n\n\n\n<figure class=\"wp-block-table is-style-header-double\"><table><thead><tr><th><\/th><th class=\"has-text-align-center\" data-align=\"center\">Avance<\/th><th class=\"has-text-align-center\" data-align=\"center\">Rachat partiel<\/th><th class=\"has-text-align-center\" data-align=\"center\">P\u00e9nalit\u00e9s de rachat total<\/th><\/tr><\/thead><tbody><tr><td>Banque Populaire<\/td><td class=\"has-text-align-center\" data-align=\"center\"><i\n    class=\"safe-shortcode-icon\n                    yes\n            \"\n                                    title=oui\n            >\n<\/i><\/td><td class=\"has-text-align-center\" data-align=\"center\"><i\n    class=\"safe-shortcode-icon\n                    yes\n            \"\n                                    title=oui\n            >\n<\/i><\/td><td class=\"has-text-align-center\" data-align=\"center\"><i\n    class=\"safe-shortcode-icon\n                    no\n            \"\n                                    title=non\n            >\n<\/i><\/td><\/tr><\/tbody><\/table><\/figure>\n\n\n\n<h2 class=\"wp-block-heading\" id=\"comment-contacter-l-assurance-vie-nom-acteur\">Comment contacter l&rsquo;assurance vie Banque Populaire ? <\/h2>\n\n\n\n<p><strong>Les conseillers&nbsp;Banque Populaire&nbsp;sont joignables par t\u00e9l\u00e9phone&nbsp;au<\/strong> : 01 71 39 11 09<br><br><strong>Vous pouvez aussi \u00e9crire \u00e0 l&rsquo;assurance vie Banque Populaire \u00e0 l&rsquo;adresse suivante :<\/strong><\/p>\n\n\n\n<p class=\"has-text-align-center\"><p>Banque Populaire<br \/>\n50, avenue Pierre Mend\u00e8s France<\/p>\n<p>75201 Paris Cedex 13<\/p><\/p>\n\n\n\n<h2 class=\"wp-block-heading\" id=\"nom-acteur-la-meilleure-assurance-vie\">Banque Populaire, la meilleure assurance vie ? <\/h2>\n\n\n\n<p><strong>Comparez l&rsquo;assurance vie de Banque Populaire aux autres assurances vie du march\u00e9 en simulant un devis imm\u00e9diat, vous obtiendrez un comparatif<\/strong>&nbsp;de tous les assureurs avec un acc\u00e8s aux taux appliqu\u00e9s et aux diff\u00e9rentes options de gestion propos\u00e9es :<\/p>\n\n\n\n<div style=\"height:20px\" aria-hidden=\"true\" class=\"wp-block-spacer\"><\/div>\n\n\n\n<div class=\"flex  wp-block-rm-advertizing-block fix-in-sidebar\"><div class=\"image-container flex justify-center align-items-center py-3\"><img decoding=\"async\" src=\"https:\/\/guide.reassurez-moi.fr\/guide\/wp-content\/uploads\/2025\/06\/team_opti_short.png\" alt=\"reassurez-moi illustration\" class=\"wp-block-rm-advertizing-image\" loading=\"lazy\"\/><\/div><div class=\"\n                    rm-advertblock-container\n                    flex flex-column justify-center\n                    align-items-start\n                \"><p class=\"wp-block-rm-advertizing-text\n                              \n                            \">Les meilleurs contrats d&rsquo;assurance vie en 2025<\/p><a href=\"https:\/\/reassurez-moi.fr\/guide\/assurance-vie\" class=\"wp-block-rm-advertizing-button\"><span class=\"wp-block-rm-advertizing-button-text\">Comparer les assurances vie<\/span><\/a><\/div><\/div>\n\n\n\n\n<div style=\"height:40px\" aria-hidden=\"true\" class=\"wp-block-spacer\"><\/div>\n\n\n\n<blockquote class=\"wp-block-quote is-layout-flow wp-block-quote-is-layout-flow\"><p><em><span class=\"has-small-font-size\">En tant que courtier d&rsquo;assurance, notre mission est de vous informer et de vous conseiller sur les offres d&rsquo;assurance propos\u00e9es sur le march\u00e9. Ces fiches conseils ont pour objet de vous pr\u00e9senter les produits de nos <a href=\"https:\/\/reassurez-moi.fr\/guide\/cgu-cgv#MISE_EN_RELATION_AVEC_LES_PARTENAIRES\">assureurs partenaires<\/a> comme ceux avec lesquels nous n&rsquo;entretenons pas de liens.\u00a0Ces fiches vous donnent notre\u00a0analyse\u00a0objective\u00a0sur les contrats d&rsquo;assurance\u00a0mais aussi\u00a0des\u00a0informations sur les formalit\u00e9s d&rsquo;adh\u00e9sion.<\/span><\/em><\/p><\/blockquote>\n","protected":false},"excerpt":{"rendered":"<p>Assurance vie Banque Populaire L\u2019assurance-vie est un produit d\u2019\u00e9pargne pr\u00e9sentant de nombreux avantages en mati\u00e8re de fiscalit\u00e9. Que cela soit pour placer de l\u2019argent, \u00e9pargner ou encore optimiser la transmission de son capital, il peut s\u2019av\u00e9rer tr\u00e8s avantageux. Que penser de l&rsquo;assurance vie de Banque Populaire ? Quel est le rendement du contrat d&rsquo;assurance vie [&hellip;]<\/p>\n","protected":false},"author":61,"featured_media":0,"parent":53845,"menu_order":0,"comment_status":"open","ping_status":"closed","template":"","meta":{"_acf_changed":false,"footnotes":""},"categories":[],"page_topic":[741],"class_list":["post-144492","page","type-page","status-publish","hentry"],"yoast_head":"<!-- This site is optimized with the Yoast SEO plugin v24.7 - https:\/\/yoast.com\/wordpress\/plugins\/seo\/ -->\n<title>Notre avis sur l&#039;assurance vie Banque Populaire | Rendement et conditions <\/title>\n<meta name=\"description\" content=\"Tous les d\u00e9tails de l&#039;assurance vie Banque Populaire expliqu\u00e9s - Comparatif pour trouver la formule la plus adapt\u00e9e \u00e0 votre \u00e9pargne !\" \/>\n<meta name=\"robots\" content=\"index, follow, max-snippet:-1, max-image-preview:large, max-video-preview:-1\" \/>\n<link rel=\"canonical\" href=\"https:\/\/guide.reassurez-moi.fr\/guide\/assurance-vie\/banque-populaire\" \/>\n<meta property=\"og:locale\" content=\"fr_FR\" \/>\n<meta property=\"og:type\" content=\"article\" \/>\n<meta property=\"og:title\" content=\"Notre avis sur l&#039;assurance vie Banque Populaire | Rendement et conditions\" \/>\n<meta property=\"og:description\" content=\"Tous les d\u00e9tails de l&#039;assurance vie Banque Populaire expliqu\u00e9s - Comparatif pour trouver la formule la plus adapt\u00e9e \u00e0 votre \u00e9pargne !\" \/>\n<meta property=\"og:url\" content=\"https:\/\/guide.reassurez-moi.fr\/guide\/assurance-vie\/banque-populaire\" \/>\n<meta property=\"og:site_name\" content=\"R\u00e9assurez-moi\" \/>\n<meta property=\"article:publisher\" content=\"https:\/\/www.facebook.com\/R%c3%a9assurez-moi-209456495889479\/\" \/>\n<meta property=\"og:image\" content=\"https:\/\/guide.reassurez-moi.fr\/guide\/wp-content\/uploads\/2018\/04\/image-de-partage.png\" \/>\n\t<meta property=\"og:image:width\" content=\"500\" \/>\n\t<meta property=\"og:image:height\" content=\"160\" \/>\n\t<meta property=\"og:image:type\" content=\"image\/png\" \/>\n<meta name=\"twitter:card\" content=\"summary_large_image\" \/>\n<meta name=\"twitter:site\" content=\"@reassurezmoi\" \/>\n<script type=\"application\/ld+json\" class=\"yoast-schema-graph\">{\"@context\":\"https:\/\/schema.org\",\"@graph\":[{\"@type\":\"WebPage\",\"@id\":\"https:\/\/guide.reassurez-moi.fr\/guide\/assurance-vie\/banque-populaire\",\"url\":\"https:\/\/guide.reassurez-moi.fr\/guide\/assurance-vie\/banque-populaire\",\"name\":\"Assurance vie Banque Populaire | R\u00e9assurez-moi\",\"isPartOf\":{\"@id\":\"https:\/\/guide.reassurez-moi.fr\/guide\/#website\"},\"datePublished\":\"2022-02-21T21:37:00+00:00\",\"breadcrumb\":{\"@id\":\"https:\/\/guide.reassurez-moi.fr\/guide\/assurance-vie\/banque-populaire#breadcrumb\"},\"inLanguage\":\"fr-FR\",\"potentialAction\":[{\"@type\":\"ReadAction\",\"target\":[\"https:\/\/guide.reassurez-moi.fr\/guide\/assurance-vie\/banque-populaire\"]}]},{\"@type\":\"BreadcrumbList\",\"@id\":\"https:\/\/guide.reassurez-moi.fr\/guide\/assurance-vie\/banque-populaire#breadcrumb\",\"itemListElement\":[{\"@type\":\"ListItem\",\"position\":1,\"name\":\"Assurances\",\"item\":\"https:\/\/guide.reassurez-moi.fr\/guide\/\"},{\"@type\":\"ListItem\",\"position\":2,\"name\":\"Assurance vie\",\"item\":\"https:\/\/guide.reassurez-moi.fr\/guide\/assurance-vie\"},{\"@type\":\"ListItem\",\"position\":3,\"name\":\"Assurance vie Banque Populaire\"}]},{\"@type\":\"WebSite\",\"@id\":\"https:\/\/guide.reassurez-moi.fr\/guide\/#website\",\"url\":\"https:\/\/guide.reassurez-moi.fr\/guide\/\",\"name\":\"R\u00e9assurez-moi\",\"description\":\"Comparateur d&#039;assurances\",\"potentialAction\":[{\"@type\":\"SearchAction\",\"target\":{\"@type\":\"EntryPoint\",\"urlTemplate\":\"https:\/\/guide.reassurez-moi.fr\/guide\/?s={search_term_string}\"},\"query-input\":{\"@type\":\"PropertyValueSpecification\",\"valueRequired\":true,\"valueName\":\"search_term_string\"}}],\"inLanguage\":\"fr-FR\"}]}<\/script>\n<!-- \/ Yoast SEO plugin. -->","yoast_head_json":{"title":"Notre avis sur l'assurance vie Banque Populaire | Rendement et conditions ","description":"Tous les d\u00e9tails de l'assurance vie Banque Populaire expliqu\u00e9s - Comparatif pour trouver la formule la plus adapt\u00e9e \u00e0 votre \u00e9pargne !","robots":{"index":"index","follow":"follow","max-snippet":"max-snippet:-1","max-image-preview":"max-image-preview:large","max-video-preview":"max-video-preview:-1"},"canonical":"https:\/\/guide.reassurez-moi.fr\/guide\/assurance-vie\/banque-populaire","og_locale":"fr_FR","og_type":"article","og_title":"Notre avis sur l'assurance vie Banque Populaire | Rendement et conditions","og_description":"Tous les d\u00e9tails de l'assurance vie Banque Populaire expliqu\u00e9s - Comparatif pour trouver la formule la plus adapt\u00e9e \u00e0 votre \u00e9pargne !","og_url":"https:\/\/guide.reassurez-moi.fr\/guide\/assurance-vie\/banque-populaire","og_site_name":"R\u00e9assurez-moi","article_publisher":"https:\/\/www.facebook.com\/R%c3%a9assurez-moi-209456495889479\/","og_image":[{"width":500,"height":160,"url":"https:\/\/guide.reassurez-moi.fr\/guide\/wp-content\/uploads\/2018\/04\/image-de-partage.png","type":"image\/png"}],"twitter_card":"summary_large_image","twitter_site":"@reassurezmoi","schema":{"@context":"https:\/\/schema.org","@graph":[{"@type":"WebPage","@id":"https:\/\/guide.reassurez-moi.fr\/guide\/assurance-vie\/banque-populaire","url":"https:\/\/guide.reassurez-moi.fr\/guide\/assurance-vie\/banque-populaire","name":"Assurance vie Banque Populaire | R\u00e9assurez-moi","isPartOf":{"@id":"https:\/\/guide.reassurez-moi.fr\/guide\/#website"},"datePublished":"2022-02-21T21:37:00+00:00","breadcrumb":{"@id":"https:\/\/guide.reassurez-moi.fr\/guide\/assurance-vie\/banque-populaire#breadcrumb"},"inLanguage":"fr-FR","potentialAction":[{"@type":"ReadAction","target":["https:\/\/guide.reassurez-moi.fr\/guide\/assurance-vie\/banque-populaire"]}]},{"@type":"BreadcrumbList","@id":"https:\/\/guide.reassurez-moi.fr\/guide\/assurance-vie\/banque-populaire#breadcrumb","itemListElement":[{"@type":"ListItem","position":1,"name":"Assurances","item":"https:\/\/guide.reassurez-moi.fr\/guide\/"},{"@type":"ListItem","position":2,"name":"Assurance vie","item":"https:\/\/guide.reassurez-moi.fr\/guide\/assurance-vie"},{"@type":"ListItem","position":3,"name":"Assurance vie Banque Populaire"}]},{"@type":"WebSite","@id":"https:\/\/guide.reassurez-moi.fr\/guide\/#website","url":"https:\/\/guide.reassurez-moi.fr\/guide\/","name":"R\u00e9assurez-moi","description":"Comparateur d&#039;assurances","potentialAction":[{"@type":"SearchAction","target":{"@type":"EntryPoint","urlTemplate":"https:\/\/guide.reassurez-moi.fr\/guide\/?s={search_term_string}"},"query-input":{"@type":"PropertyValueSpecification","valueRequired":true,"valueName":"search_term_string"}}],"inLanguage":"fr-FR"}]}},"acf":[],"_links":{"self":[{"href":"https:\/\/guide.reassurez-moi.fr\/guide\/wp-json\/wp\/v2\/pages\/144492","targetHints":{"allow":["GET"]}}],"collection":[{"href":"https:\/\/guide.reassurez-moi.fr\/guide\/wp-json\/wp\/v2\/pages"}],"about":[{"href":"https:\/\/guide.reassurez-moi.fr\/guide\/wp-json\/wp\/v2\/types\/page"}],"author":[{"embeddable":true,"href":"https:\/\/guide.reassurez-moi.fr\/guide\/wp-json\/wp\/v2\/users\/61"}],"replies":[{"embeddable":true,"href":"https:\/\/guide.reassurez-moi.fr\/guide\/wp-json\/wp\/v2\/comments?post=144492"}],"version-history":[{"count":0,"href":"https:\/\/guide.reassurez-moi.fr\/guide\/wp-json\/wp\/v2\/pages\/144492\/revisions"}],"up":[{"embeddable":true,"href":"https:\/\/guide.reassurez-moi.fr\/guide\/wp-json\/wp\/v2\/pages\/53845"}],"wp:attachment":[{"href":"https:\/\/guide.reassurez-moi.fr\/guide\/wp-json\/wp\/v2\/media?parent=144492"}],"wp:term":[{"taxonomy":"category","embeddable":true,"href":"https:\/\/guide.reassurez-moi.fr\/guide\/wp-json\/wp\/v2\/categories?post=144492"},{"taxonomy":"page_topic","embeddable":true,"href":"https:\/\/guide.reassurez-moi.fr\/guide\/wp-json\/wp\/v2\/page_topic?post=144492"}],"curies":[{"name":"wp","href":"https:\/\/api.w.org\/{rel}","templated":true}]}}