{"id":144603,"date":"2020-11-19T11:01:17","date_gmt":"2020-11-19T10:01:17","guid":{"rendered":"https:\/\/reassurez-moi.fr\/guide\/assurance-voyage\/gmf"},"modified":"2020-11-19T11:01:17","modified_gmt":"2020-11-19T10:01:17","slug":"gmf","status":"publish","type":"page","link":"https:\/\/guide.reassurez-moi.fr\/guide\/assurance-voyage\/gmf","title":{"rendered":"L'assurance voyage GMF"},"content":{"rendered":"\n<h1 class=\"wp-block-heading\" id=\"l-assurance-voyage-nom-acteur\">L&rsquo;assurance voyage GMF<\/h1>\n\n\n\n<p><strong>M\u00eame si elle est rarement obligatoire, la souscription d&rsquo;une assurance voyage est fortement conseill\u00e9e&nbsp;en cas de d\u00e9placement. Que penser de l\u2019assurance voyage&nbsp;GMF&nbsp;? Que couvre-t-elle ? On vous dit tout sur les garanties voyage propos\u00e9es par GMF.<\/strong><\/p>\n\n\n\n<h2 class=\"wp-block-heading\" id=\"quelles-sont-les-garanties-de-l-assurance-voyage-nom-acteur\">Quelles sont les garanties de l&rsquo;assurance voyage GMF ?<\/h2>\n\n\n\n<p><strong>Tous les contrats d\u2019assurance voyage propos\u00e9s par GMF ne sont pas identiques en termes de garanties incluses<\/strong>, de plafonds d\u2019indemnisation ou encore, de franchises\u2026 De m\u00eame, si vous partez 2 semaines, vous n\u2019aurez pas les m\u00eames besoins que si vous partiez en tour du monde !<br><br><strong>Pour vous aider dans vos recherches<\/strong>, voici un tableau r\u00e9capitulatif des diff\u00e9rentes garanties de soins et d\u2019assistance propos\u00e9es par l\u2019assurance voyage GMF :<\/p>\n\n\n\n<p class=\"has-text-align-center has-medium-font-size\"><strong>Garantie classiques d&rsquo;assurance voyage GMF :<\/strong><\/p>\n\n\n\n<figure class=\"wp-block-table is-style-header-simple\"><table><thead><tr><th class=\"has-text-align-center\" data-align=\"center\">Garanties<\/th><th class=\"has-text-align-center\" data-align=\"center\">Formule s\u00e9jour de courte dur\u00e9e<\/th><th class=\"has-text-align-center\" data-align=\"center\">Formule s\u00e9jour de longue dur\u00e9e<\/th><\/tr><\/thead><tbody><tr><td class=\"has-text-align-center\" data-align=\"center\"><strong>Frais m\u00e9dicaux<\/strong><\/td><td class=\"has-text-align-center\" data-align=\"center\"><i\n    class=\"safe-shortcode-icon\n                    yes\n            \"\n                                    title=oui\n            >\n<\/i><\/td><td class=\"has-text-align-center\" data-align=\"center\"><i\n    class=\"safe-shortcode-icon\n                    no\n            \"\n                                    title=non\n            >\n<\/i><\/td><\/tr><tr><td class=\"has-text-align-center\" data-align=\"center\"><strong>Garantie annulation<\/strong><\/td><td class=\"has-text-align-center\" data-align=\"center\"><i\n    class=\"safe-shortcode-icon\n                    no\n            \"\n                                    title=non\n            >\n<\/i><\/td><td class=\"has-text-align-center\" data-align=\"center\"><i\n    class=\"safe-shortcode-icon\n                    no\n            \"\n                                    title=non\n            >\n<\/i><\/td><\/tr><tr><td class=\"has-text-align-center\" data-align=\"center\"><strong>Responsabilit\u00e9 Civile \u00e0 l&rsquo;\u00e9tranger<\/strong><\/td><td class=\"has-text-align-center\" data-align=\"center\"><i\n    class=\"safe-shortcode-icon\n                    no\n            \"\n                                    title=non\n            >\n<\/i><\/td><td class=\"has-text-align-center\" data-align=\"center\"><i\n    class=\"safe-shortcode-icon\n                    no\n            \"\n                                    title=non\n            >\n<\/i><\/td><\/tr><tr><td class=\"has-text-align-center\" data-align=\"center\"><strong>Garantie bagages<\/strong><\/td><td class=\"has-text-align-center\" data-align=\"center\"><i\n    class=\"safe-shortcode-icon\n                    yes\n            \"\n                                    title=oui\n            >\n<\/i><\/td><td class=\"has-text-align-center\" data-align=\"center\"><i\n    class=\"safe-shortcode-icon\n                    no\n            \"\n                                    title=non\n            >\n<\/i><\/td><\/tr><\/tbody><\/table><\/figure>\n\n\n\n<p class=\"has-text-align-center has-medium-font-size\"><strong>Garanties d&rsquo;assistance d&rsquo;assurance voyage GMF :<\/strong><\/p>\n\n\n\n<figure class=\"wp-block-table is-style-header-simple\"><table><thead><tr><th class=\"has-text-align-center\" data-align=\"center\">Assistance<\/th><th class=\"has-text-align-center\" data-align=\"center\">Formule s\u00e9jour de courte dur\u00e9e<\/th><th class=\"has-text-align-center\" data-align=\"center\">Formule s\u00e9jour de longue dur\u00e9e<\/th><\/tr><\/thead><tbody><tr><td class=\"has-text-align-center\" data-align=\"center\"><strong>Assistance rapatriement<\/strong><\/td><td class=\"has-text-align-center\" data-align=\"center\"><i\n    class=\"safe-shortcode-icon\n                    yes\n            \"\n                                    title=oui\n            >\n<\/i><\/td><td class=\"has-text-align-center\" data-align=\"center\"><i\n    class=\"safe-shortcode-icon\n                    yes\n            \"\n                                    title=oui\n            >\n<\/i><\/td><\/tr><tr><td class=\"has-text-align-center\" data-align=\"center\"><strong>Assistance juridique<\/strong><\/td><td class=\"has-text-align-center\" data-align=\"center\">Frais avocat uniquement<\/td><td class=\"has-text-align-center\" data-align=\"center\">Frais avocat uniquement<\/td><\/tr><tr><td class=\"has-text-align-center\" data-align=\"center\"><strong>Assistance m\u00e9dicale<\/strong><\/td><td class=\"has-text-align-center\" data-align=\"center\"><i\n    class=\"safe-shortcode-icon\n                    yes\n            \"\n                                    title=oui\n            >\n<\/i><\/td><td class=\"has-text-align-center\" data-align=\"center\"><i\n    class=\"safe-shortcode-icon\n                    yes\n            \"\n                                    title=oui\n            >\n<\/i><\/td><\/tr><\/tbody><\/table><\/figure>\n\n\n<div style=\"height:20px\" aria-hidden=\"true\" class=\"wp-block-spacer\"><\/div>\n<!-- \/wp:post-content -->\n\n<!-- wp:heading {\"level\":3} -->\n<h3 id=\"conditions-generales-de-l-assurance-voyage-nom-acteur\">Conditions g\u00e9n\u00e9rales de l&rsquo;assurance voyage GMF<\/h3>\n<!-- \/wp:heading -->\n\n<!-- wp:paragraph -->\n<p><strong>Les conditions g\u00e9n\u00e9rales vous sont fournies lorsque vous souscrivez votre&nbsp;assurance voyage.<\/strong> Vous pouvez aussi, \u00e0 tout moment, les demander \u00e0 votre service client, qui vous les enverra par voie postale ou \u00e9lectronique. Enfin, vous pouvez les r\u00e9cup\u00e9rer dans votre espace client en ligne.<\/p>\n<!-- \/wp:paragraph -->\n\n<!-- wp:paragraph {\"align\":\"center\"} -->\n<p class=\"has-text-align-center\"><strong><a href=\"https:\/\/guide.reassurez-moi.fr\/guide\/wp-content\/uploads\/2019\/02\/conditions-generales-assurance-voyage-gmf.pdf\">T\u00e9l\u00e9charger les conditions g\u00e9n\u00e9rales de l&rsquo;assurance voyage GMF :<\/a><\/strong><\/p>\n<!-- \/wp:paragraph -->\n\n<!-- wp:image {\"align\":\"center\",\"id\":131404,\"width\":120,\"height\":120,\"sizeSlug\":\"full\"} -->\n<div class=\"wp-block-image\"><figure class=\"aligncenter size-full is-resized\"><a href=\"https:\/\/guide.reassurez-moi.fr\/guide\/wp-content\/uploads\/2019\/02\/conditions-generales-assurance-voyage-gmf.pdf\"><img loading=\"lazy\" decoding=\"async\" src=\"https:\/\/guide.reassurez-moi.fr\/guide\/wp-content\/uploads\/2020\/07\/conditions-generales.jpg\" alt=\"conditions generales\" class=\"wp-image-131404\" width=\"120\" height=\"120\"\/><\/a><\/figure><\/div>\n<!-- \/wp:image -->\n\n<!-- wp:spacer {\"height\":\"20px\"} -->\n<div style=\"height:20px\" aria-hidden=\"true\" class=\"wp-block-spacer\"><\/div>\n<!-- \/wp:spacer -->\n<h2 id=\"quel-est-notre-avis-sur-l-assurance-voyage-nom-acteur\">Quel est notre avis sur l&rsquo;assurance voyage GMF ?<\/h2>\n<!-- \/wp:heading -->\n\n<!-- wp:paragraph -->\n<p><p>L\u2019assurance voyage de la GMF prend davantage la forme d\u2019une assistance g\u00e9n\u00e9ralis\u00e9e, bien que de nombreuses garanties manquent \u00e0 l\u2019appel. Les s\u00e9jours de plus de 90 jours ne sont notamment pas couverts pour les frais m\u00e9dicaux et la garantie bagages, l\u2019assureur consid\u00e9rant que plus la dur\u00e9e de r\u00e9sidence \u00e0 l\u2019\u00e9tranger est longue, plus le risque de sinistre est \u00e9lev\u00e9.<\/p>\n<p>D\u2019autres garanties sont simplement exclues de la couverture, comme la Responsabilit\u00e9 Civile (RC) \u00e0 l\u2019\u00e9tranger. Cette disposition est relativement pr\u00e9judiciable et vous devez alors v\u00e9rifier que votre assurance habitation (MRH) ou votre contrat auto ne vous couvre pas d\u00e9j\u00e0 pour certaines situations. Aucune indemnisation pour l\u2019annulation d\u2019un voyage n\u2019est par ailleurs pr\u00e9vue.<\/p>\n<p>Les prix pratiqu\u00e9s par la GMF pour son assurance voyage sont relativement accessibles, mais sont bien plus int\u00e9ressants pour les s\u00e9jours de courte dur\u00e9e (- de 90 jours). Non seulement les tarifs sont plus faibles, mais vous b\u00e9n\u00e9ficierez en plus de davantage de garanties. <\/p>\n<p>La possibilit\u00e9 de souscrire l\u2019assurance voyage GMF selon le nombre de personnes est par ailleurs int\u00e9ressante (formules individuelle, duo et familiale).<\/p><\/p>\n<!-- \/wp:paragraph -->\n<!-- wp:heading -->\n<h2 id=\"nom-acteur-la-meilleure-assurance-voyage\">GMF, la meilleure assurance voyage ?<\/h2>\n<!-- \/wp:heading -->\n\n<!-- wp:paragraph -->\n<p><strong>Comparez l\u2019assurance voyage GMF aux autres assurances du march\u00e9 en simulant un devis imm\u00e9diat<\/strong>, vous obtiendrez un comparatif de tous les assureurs avec un acc\u00e8s aux tarifs pratiqu\u00e9s et aux garanties qui conviennent \u00e0 votre recherche :<\/p>\n<!-- \/wp:paragraph -->\n\n<!-- wp:spacer {\"height\":\"20px\"} -->\n<div style=\"height:20px\" aria-hidden=\"true\" class=\"wp-block-spacer\"><\/div>\n<!-- \/wp:spacer -->\n\n<!-- wp:shortcode -->\n\n\n<div class=\"wp-block-rm-advertizing-block fix-in-sidebar advertising-block-sidebar-item\">\n    <div class=\"image-container flex justify-center align-items-center\">\n        <img decoding=\"async\" src=\"https:\/\/guide.reassurez-moi.fr\/guide\/wp-content\/uploads\/2025\/06\/team_opti_short.png\"\n             alt=\"reassurez-moi illustration\"\n             class=\"wp-block-rm-advertizing-image\"\n             loading=\"lazy\"\n        \/>\n    <\/div>\n    <div class=\"rm-advertblock-container flex flex-column justify-center align-items-start\">\n        <p class=\"wp-block-rm-advertizing-text\">\n            Assurance de voyage\n        <\/p>\n        <p class=\"wp-block-rm-advertizing-sub-text\">\n            les meilleures offres 2026\n        <\/p>\n        <a\n            href=\"https:\/\/reassurez-moi.fr\/guide\/assurance-voyage\"\n            class=\"wp-block-rm-advertizing-button\"\n        >\n            <span class=\"wp-block-rm-advertizing-button-text\">\n                Comparer\n            <\/span>\n            <span class=\"wp-block-rm-advertizing-button-sub-text\">\n                Nos assurances voyage\n            <\/span>\n        <\/a>\n    <\/div>\n<\/div>\n\n\n<!-- \/wp:shortcode -->\n\n<!-- wp:spacer {\"height\":\"40px\"} -->\n<div style=\"height:40px\" aria-hidden=\"true\" class=\"wp-block-spacer\"><\/div>\n<!-- \/wp:spacer -->\n\n<!-- wp:quote -->\n<blockquote class=\"wp-block-quote\"><p><em><span class=\"has-small-font-size\">En tant que courtier d&rsquo;assurance, notre mission est de vous informer et de vous conseiller sur les offres d&rsquo;assurance propos\u00e9es sur le march\u00e9. Ces fiches conseils ont pour objet de vous pr\u00e9senter les produits de nos <a href=\"https:\/\/reassurez-moi.fr\/guide\/cgu-cgv#MISE_EN_RELATION_AVEC_LES_PARTENAIRES\">assureurs partenaires<\/a> comme ceux avec lesquels nous n&rsquo;entretenons pas de liens.\u00a0Ces fiches vous donnent notre\u00a0analyse\u00a0objective\u00a0sur les contrats d&rsquo;assurance\u00a0mais aussi\u00a0des\u00a0informations sur les formalit\u00e9s d&rsquo;adh\u00e9sion.<\/span><\/em><\/p><\/blockquote>\n<!-- \/wp:quote -->\n\n<!-- wp:heading -->\n<h2 id=\"quel-est-le-prix-de-l-assurance-voyage-nom-acteur\">Quel est le prix de l&rsquo;assurance voyage GMF ?<\/h2>\n<!-- \/wp:heading -->\n\n<!-- wp:paragraph -->\n<p><strong>Le <a href=\"https:\/\/reassurez-moi.fr\/guide\/assurance-voyage\/prix\">prix d\u2019une assurance voyage<\/a> est variable car il prend en compte plusieurs crit\u00e8res<\/strong>&nbsp;:<\/p>\n<!-- \/wp:paragraph -->\n\n<!-- wp:list -->\n<ul><li>la destination de votre voyage \u00e0 l\u2019\u00e9tranger ;<\/li><li>la dur\u00e9e de celui-ci ;<\/li><li>sa nature (vacances, voyage professionnel, PVT\u2026) ;<\/li><li>votre \u00e2ge.<\/li><\/ul>\n<!-- \/wp:list -->\n\n<p><strong>Voici un exemple des tarifs pouvant \u00eatre pratiqu\u00e9s par GMF :<\/strong><\/p>\n<!-- \/wp:paragraph -->\n\n<!-- wp:table {\"className\":\"is-style-header-double\"} -->\n<figure class=\"wp-block-table is-style-header-double\"><table><thead><tr><th><\/th><th class=\"has-text-align-center\" data-align=\"center\">1 mois en Espagne<\/th><th class=\"has-text-align-center\" data-align=\"center\">6 mois en Asie<\/th><\/tr><\/thead><tbody><tr><td>Formule individuelle<\/td><td class=\"has-text-align-center\" data-align=\"center\">29 \u20ac (s\u00e9jour) \/ 50 \u20ac (annuel)<\/td><td class=\"has-text-align-center\" data-align=\"center\">86 \u20ac (annuel)<\/td><\/tr><tr><td>Formule duo<\/td><td class=\"has-text-align-center\" data-align=\"center\">58 \u20ac (s\u00e9jour) \/ 100 \u20ac (annuel)<\/td><td class=\"has-text-align-center\" data-align=\"center\">172 \u20ac (annuel)<\/td><\/tr><tr><td>Formule familiale<\/td><td class=\"has-text-align-center\" data-align=\"center\">80 \u20ac (s\u00e9jour) \/ 106 \u20ac (annuel)<\/td><td class=\"has-text-align-center\" data-align=\"center\">139 \u20ac (annuel)<\/td><\/tr><\/tbody><\/table><\/figure>\n<!-- \/wp:table -->\n\n\n<!-- wp:heading -->\n<h2 id=\"comment-contacter-l-assurance-voyage-nom-acteur\">Comment contacter l&rsquo;assurance voyage GMF ?<\/h2>\n<!-- \/wp:heading -->\n\n<!-- wp:paragraph -->\n<p><strong>Pour toute question sur vos contrats ou pour toute information sur une garantie ou sur une prise en charge<\/strong>, les experts voyage&nbsp;GMF&nbsp;sont \u00e0 votre disposition :<\/p>\n<!-- \/wp:paragraph -->\n\n<p><strong>Par t\u00e9l\u00e9phone au :<\/strong> 01 73 32 96 25 (agence Paris Cluny), du mardi au vendredi de 9h30 \u00e0 13h et de 13h45 \u00e0 18h et le samedi de 9h \u00e0 12h.<\/p>\n<!-- \/wp:paragraph -->\n<p><strong>Pour leur \u00e9crire :<\/strong><\/p>\n<!-- \/wp:paragraph -->\n\n<!-- wp:paragraph {\"align\":\"center\"} -->\n<p class=\"has-text-align-center\"><p>GMF ASSURANCES<br \/>\n148, rue Anatole France<br \/>\n92597 LEVALLOIS-PERRET CEDEX <\/p><\/p>\n<!-- \/wp:paragraph -->","protected":false},"excerpt":{"rendered":"<p>L&rsquo;assurance voyage GMF M\u00eame si elle est rarement obligatoire, la souscription d&rsquo;une assurance voyage est fortement conseill\u00e9e&nbsp;en cas de d\u00e9placement. Que penser de l\u2019assurance voyage&nbsp;GMF&nbsp;? Que couvre-t-elle ? On vous dit tout sur les garanties voyage propos\u00e9es par GMF. Quelles sont les garanties de l&rsquo;assurance voyage GMF ? Tous les contrats d\u2019assurance voyage propos\u00e9s par [&hellip;]<\/p>\n","protected":false},"author":61,"featured_media":0,"parent":36149,"menu_order":0,"comment_status":"closed","ping_status":"closed","template":"","meta":{"_acf_changed":false,"footnotes":""},"categories":[],"page_topic":[721],"class_list":["post-144603","page","type-page","status-publish","hentry"],"yoast_head":"<!-- This site is optimized with the Yoast SEO plugin v24.7 - https:\/\/yoast.com\/wordpress\/plugins\/seo\/ -->\n<title>Notre avis sur l&#039;assurance voyage GMF | Garanties, tarifs et conditions <\/title>\n<meta name=\"description\" content=\"L&#039;assurance voyage GMF en d\u00e9tails - Prix et garanties - Devis en ligne 100 % gratuits !\" \/>\n<meta name=\"robots\" content=\"index, follow, max-snippet:-1, max-image-preview:large, max-video-preview:-1\" \/>\n<link rel=\"canonical\" href=\"https:\/\/guide.reassurez-moi.fr\/guide\/assurance-voyage\/gmf\" \/>\n<meta property=\"og:locale\" content=\"fr_FR\" \/>\n<meta property=\"og:type\" content=\"article\" \/>\n<meta property=\"og:title\" content=\"Notre avis sur l&#039;assurance voyage GMF | Garanties, tarifs et conditions\" \/>\n<meta property=\"og:description\" content=\"L&#039;assurance voyage GMF en d\u00e9tails - Prix et garanties - Devis en ligne 100 % gratuits !\" \/>\n<meta property=\"og:url\" content=\"https:\/\/guide.reassurez-moi.fr\/guide\/assurance-voyage\/gmf\" \/>\n<meta property=\"og:site_name\" content=\"R\u00e9assurez-moi\" \/>\n<meta property=\"article:publisher\" content=\"https:\/\/www.facebook.com\/R%c3%a9assurez-moi-209456495889479\/\" \/>\n<meta property=\"og:image\" content=\"https:\/\/guide.reassurez-moi.fr\/guide\/wp-content\/uploads\/2018\/04\/image-de-partage.png\" \/>\n\t<meta property=\"og:image:width\" content=\"500\" \/>\n\t<meta property=\"og:image:height\" content=\"160\" \/>\n\t<meta property=\"og:image:type\" content=\"image\/png\" \/>\n<meta name=\"twitter:card\" content=\"summary_large_image\" \/>\n<meta name=\"twitter:site\" content=\"@reassurezmoi\" \/>\n<script type=\"application\/ld+json\" class=\"yoast-schema-graph\">{\"@context\":\"https:\/\/schema.org\",\"@graph\":[{\"@type\":\"WebPage\",\"@id\":\"https:\/\/guide.reassurez-moi.fr\/guide\/assurance-voyage\/gmf\",\"url\":\"https:\/\/guide.reassurez-moi.fr\/guide\/assurance-voyage\/gmf\",\"name\":\"L'assurance voyage GMF | R\u00e9assurez-moi\",\"isPartOf\":{\"@id\":\"https:\/\/guide.reassurez-moi.fr\/guide\/#website\"},\"datePublished\":\"2020-11-19T10:01:17+00:00\",\"breadcrumb\":{\"@id\":\"https:\/\/guide.reassurez-moi.fr\/guide\/assurance-voyage\/gmf#breadcrumb\"},\"inLanguage\":\"fr-FR\",\"potentialAction\":[{\"@type\":\"ReadAction\",\"target\":[\"https:\/\/guide.reassurez-moi.fr\/guide\/assurance-voyage\/gmf\"]}]},{\"@type\":\"BreadcrumbList\",\"@id\":\"https:\/\/guide.reassurez-moi.fr\/guide\/assurance-voyage\/gmf#breadcrumb\",\"itemListElement\":[{\"@type\":\"ListItem\",\"position\":1,\"name\":\"Assurances\",\"item\":\"https:\/\/guide.reassurez-moi.fr\/guide\/\"},{\"@type\":\"ListItem\",\"position\":2,\"name\":\"Assurance voyage\",\"item\":\"https:\/\/guide.reassurez-moi.fr\/guide\/assurance-voyage\"},{\"@type\":\"ListItem\",\"position\":3,\"name\":\"L'assurance voyage GMF\"}]},{\"@type\":\"WebSite\",\"@id\":\"https:\/\/guide.reassurez-moi.fr\/guide\/#website\",\"url\":\"https:\/\/guide.reassurez-moi.fr\/guide\/\",\"name\":\"R\u00e9assurez-moi\",\"description\":\"Comparateur d&#039;assurances\",\"potentialAction\":[{\"@type\":\"SearchAction\",\"target\":{\"@type\":\"EntryPoint\",\"urlTemplate\":\"https:\/\/guide.reassurez-moi.fr\/guide\/?s={search_term_string}\"},\"query-input\":{\"@type\":\"PropertyValueSpecification\",\"valueRequired\":true,\"valueName\":\"search_term_string\"}}],\"inLanguage\":\"fr-FR\"}]}<\/script>\n<!-- \/ Yoast SEO plugin. -->","yoast_head_json":{"title":"Notre avis sur l'assurance voyage GMF | Garanties, tarifs et conditions ","description":"L'assurance voyage GMF en d\u00e9tails - Prix et garanties - Devis en ligne 100 % gratuits !","robots":{"index":"index","follow":"follow","max-snippet":"max-snippet:-1","max-image-preview":"max-image-preview:large","max-video-preview":"max-video-preview:-1"},"canonical":"https:\/\/guide.reassurez-moi.fr\/guide\/assurance-voyage\/gmf","og_locale":"fr_FR","og_type":"article","og_title":"Notre avis sur l'assurance voyage GMF | Garanties, tarifs et conditions","og_description":"L'assurance voyage GMF en d\u00e9tails - Prix et garanties - Devis en ligne 100 % gratuits !","og_url":"https:\/\/guide.reassurez-moi.fr\/guide\/assurance-voyage\/gmf","og_site_name":"R\u00e9assurez-moi","article_publisher":"https:\/\/www.facebook.com\/R%c3%a9assurez-moi-209456495889479\/","og_image":[{"width":500,"height":160,"url":"https:\/\/guide.reassurez-moi.fr\/guide\/wp-content\/uploads\/2018\/04\/image-de-partage.png","type":"image\/png"}],"twitter_card":"summary_large_image","twitter_site":"@reassurezmoi","schema":{"@context":"https:\/\/schema.org","@graph":[{"@type":"WebPage","@id":"https:\/\/guide.reassurez-moi.fr\/guide\/assurance-voyage\/gmf","url":"https:\/\/guide.reassurez-moi.fr\/guide\/assurance-voyage\/gmf","name":"L'assurance voyage GMF | R\u00e9assurez-moi","isPartOf":{"@id":"https:\/\/guide.reassurez-moi.fr\/guide\/#website"},"datePublished":"2020-11-19T10:01:17+00:00","breadcrumb":{"@id":"https:\/\/guide.reassurez-moi.fr\/guide\/assurance-voyage\/gmf#breadcrumb"},"inLanguage":"fr-FR","potentialAction":[{"@type":"ReadAction","target":["https:\/\/guide.reassurez-moi.fr\/guide\/assurance-voyage\/gmf"]}]},{"@type":"BreadcrumbList","@id":"https:\/\/guide.reassurez-moi.fr\/guide\/assurance-voyage\/gmf#breadcrumb","itemListElement":[{"@type":"ListItem","position":1,"name":"Assurances","item":"https:\/\/guide.reassurez-moi.fr\/guide\/"},{"@type":"ListItem","position":2,"name":"Assurance voyage","item":"https:\/\/guide.reassurez-moi.fr\/guide\/assurance-voyage"},{"@type":"ListItem","position":3,"name":"L'assurance voyage GMF"}]},{"@type":"WebSite","@id":"https:\/\/guide.reassurez-moi.fr\/guide\/#website","url":"https:\/\/guide.reassurez-moi.fr\/guide\/","name":"R\u00e9assurez-moi","description":"Comparateur d&#039;assurances","potentialAction":[{"@type":"SearchAction","target":{"@type":"EntryPoint","urlTemplate":"https:\/\/guide.reassurez-moi.fr\/guide\/?s={search_term_string}"},"query-input":{"@type":"PropertyValueSpecification","valueRequired":true,"valueName":"search_term_string"}}],"inLanguage":"fr-FR"}]}},"acf":[],"_links":{"self":[{"href":"https:\/\/guide.reassurez-moi.fr\/guide\/wp-json\/wp\/v2\/pages\/144603","targetHints":{"allow":["GET"]}}],"collection":[{"href":"https:\/\/guide.reassurez-moi.fr\/guide\/wp-json\/wp\/v2\/pages"}],"about":[{"href":"https:\/\/guide.reassurez-moi.fr\/guide\/wp-json\/wp\/v2\/types\/page"}],"author":[{"embeddable":true,"href":"https:\/\/guide.reassurez-moi.fr\/guide\/wp-json\/wp\/v2\/users\/61"}],"replies":[{"embeddable":true,"href":"https:\/\/guide.reassurez-moi.fr\/guide\/wp-json\/wp\/v2\/comments?post=144603"}],"version-history":[{"count":0,"href":"https:\/\/guide.reassurez-moi.fr\/guide\/wp-json\/wp\/v2\/pages\/144603\/revisions"}],"up":[{"embeddable":true,"href":"https:\/\/guide.reassurez-moi.fr\/guide\/wp-json\/wp\/v2\/pages\/36149"}],"wp:attachment":[{"href":"https:\/\/guide.reassurez-moi.fr\/guide\/wp-json\/wp\/v2\/media?parent=144603"}],"wp:term":[{"taxonomy":"category","embeddable":true,"href":"https:\/\/guide.reassurez-moi.fr\/guide\/wp-json\/wp\/v2\/categories?post=144603"},{"taxonomy":"page_topic","embeddable":true,"href":"https:\/\/guide.reassurez-moi.fr\/guide\/wp-json\/wp\/v2\/page_topic?post=144603"}],"curies":[{"name":"wp","href":"https:\/\/api.w.org\/{rel}","templated":true}]}}