{"id":144672,"date":"2020-10-29T17:12:57","date_gmt":"2020-10-29T16:12:57","guid":{"rendered":"https:\/\/reassurez-moi.fr\/guide\/assurance-voyage\/air-france"},"modified":"2020-10-29T17:12:57","modified_gmt":"2020-10-29T16:12:57","slug":"air-france","status":"publish","type":"page","link":"https:\/\/guide.reassurez-moi.fr\/guide\/assurance-voyage\/air-france","title":{"rendered":"L'assurance voyage Air France"},"content":{"rendered":"\n<h1 class=\"wp-block-heading\">L&rsquo;assurance voyage Air France <\/h1>\n\n\n\n<p><strong><p>Air France est une fiert\u00e9 fran\u00e7aise. Les chiffres sont impressionnants : la compagnie r\u00e9guli\u00e8re a transport\u00e9 pr\u00e8s de 100 millions de passagers en 2017, vers plus de 90 pays dans le monde. Bien connue du grand public, elle est souvent gage de qualit\u00e9 de service et de prestations haut de gamme. Si vous comptez voyager prochainement avec la compagnie ou que vous avez d\u00e9j\u00e0 r\u00e9serv\u00e9 vos billets en agence ou en ligne, vous vous \u00eates certainement vu proposer une assurance annulation ainsi qu\u2019une assurance voyage internationale, vous couvrant m\u00eame pendant votre s\u00e9jour \u00e0 l\u2019\u00e9tranger. Peut-\u00eatre h\u00e9sitez-vous encore \u00e0 adh\u00e9rer \u00e0 une telle couverture. Que valent ces polices d\u2019assurance ? Sont-elles comp\u00e9titives par rapport aux autres offres du march\u00e9 ? Pouvez-vous choisir un contrat concurrent ? On vous dit tout.<\/p><\/strong><\/p>\n\n\n\n<h2 class=\"wp-block-heading\">Quelles sont les diff\u00e9rentes formules d&rsquo;assurance voyage Air France ?<\/h2>\n\n\n\n<p><p>Lorsque vous r\u00e9servez vos billets aupr\u00e8s d\u2019Air France, par exemple en ligne, vous sont propos\u00e9es plusieurs formules d\u2019assurance. La compagnie a\u00e9rienne n\u2019\u00e9tant pas assureur, donc en cas d\u2019adh\u00e9sion \u00e0 l\u2019une de ces polices, vous signez en r\u00e9alit\u00e9 avec l\u2019 assurance voyage Allianz Travel \u2013 Mondial Assistance (ou Global Assistance), une compagnie bien connue et sp\u00e9cialis\u00e9e dans l\u2019assurance voyage international.<\/p>\n<p>Trois formules vous sont soumises, que vous soyez sur internet ou en agence Air France :<\/p>\n<ul>\n<li>une garantie annulation \/ report du voyage \u2013 vol manqu\u00e9, qui ne vous couvre qu\u2019avant votre d\u00e9part ;<\/li>\n<li>une assistance voyage (contrat multirisque sans garantie annulation) qui ne vous prot\u00e8ge qu\u2019une fois parti ;<\/li>\n<li>une assurance multirisque (avec garantie annulation) qui vous couvre avant et pendant votre s\u00e9jour \u00e0 l\u2019\u00e9tranger.<\/li>\n<\/ul><\/p>\n\n\n\n<h2 class=\"wp-block-heading\">Quelles garanties d&rsquo;annulation propose l&rsquo;assurance voyage Air France ?<\/h2>\n\n\n\n<p><p>Air France propose \u00e0 la souscription une formule \u00ab Annulation \/ report du voyage \u2013 vol manqu\u00e9 \u00bb. Celle-ci vous permet de vous voir rembourser les frais d\u2019annulation ou de modification de votre billet qui seraient normalement retenus si vous ne pouviez plus partir. La garantie de cette assurance voyage annulation de vol est compl\u00e8te : en plus du prix des vols, vous pourrez demander le remboursement des options pay\u00e9es avant ou apr\u00e8s votre r\u00e9servation.<\/p>\n<p>Il s\u2019agit d\u2019une garantie \u00ab toutes causes justifi\u00e9es \u00bb. Ainsi, vous ne pourrez pas en profiter du simple fait que vous n\u2019ayez plus envie de partir : il faudra une cause impr\u00e9visible et ext\u00e9rieure \u00e0 votre volont\u00e9, comme par exemple, selon les termes du contrat :<\/p>\n<ul>\n<li>une maladie ou un accident (vous touchant vous ou un proche) ;<\/li>\n<li>le d\u00e9c\u00e8s d\u2019un proche ;<\/li>\n<li>un licenciement professionnel ;<\/li>\n<li>un vol de vos papiers d\u2019identit\u00e9 moins de 2 jours avant le d\u00e9part.<\/li>\n<\/ul>\n<p>Si vous manquez votre vol (cela peut arriver), la garantie prendra en charge le prix d\u2019un nouveau billet A et\/ou R, et vous pourrez partir dans les 24h.<\/p><\/p>\n\n\n<div class=\"wp-block-mars-information icon-info\"><i class=\"icon\"><\/i><p>Si vous devez annuler votre d\u00e9part pour une raison valable, pr\u00e9venez Air France et Allianz-travel &#8211; Mondial Assistance le plus t\u00f4t possible. Idem si vous ratez votre avion.<\/p><\/div>\n<!-- \/wp:post-content -->\n<!-- wp:heading -->\n<h2>Que couvre l&rsquo;assurance voyage multirisques Air France ?<\/h2>\n<!-- \/wp:heading -->\n\n<!-- wp:paragraph -->\n<p><strong>Comme tout contrat d\u2019assurance voyage multirisque, <\/strong>la formule propos\u00e9e par Air France vous conf\u00e8re un spectre \u00e9tendu de garanties que l\u2019on retrouve traditionnellement dans ce type de couverture&nbsp;:<\/p>\n<!-- \/wp:paragraph -->\n\n<!-- wp:table {\"className\":\"is-style-header-simple\"} -->\n<figure class=\"wp-block-table is-style-header-simple\"><table><thead><tr><th class=\"has-text-align-center\" data-align=\"center\">Garanties<\/th><th class=\"has-text-align-center\" data-align=\"center\">Prise en charge<\/th><\/tr><\/thead><tbody><tr><td class=\"has-text-align-center\" data-align=\"center\"><strong>Couverture m\u00e9dicale \u00e0 l&rsquo;\u00e9tranger<\/strong><\/td><td class=\"has-text-align-center\" data-align=\"center\">Jusqu&#039;\u00e0 150 000 \u20ac par personne<\/td><\/tr><tr><td class=\"has-text-align-center\" data-align=\"center\"><strong>Assistance rapatriement<\/strong><\/td><td class=\"has-text-align-center\" data-align=\"center\"><i\n    class=\"safe-shortcode-icon\n                    yes\n            \"\n                                    title=oui\n            >\n<\/i><\/td><\/tr><tr><td class=\"has-text-align-center\" data-align=\"center\"><strong>Responsabilit\u00e9 Civile \u00e0 l&rsquo;\u00e9tranger<\/strong><\/td><td class=\"has-text-align-center\" data-align=\"center\">Jusqu&#039;\u00e0 4,5 millions d&#039;euros<\/td><\/tr><tr><td class=\"has-text-align-center\" data-align=\"center\"><strong>Bagages perdus \/ vol\u00e9s \/ en retard<\/strong><\/td><td class=\"has-text-align-center\" data-align=\"center\">Jusqu&#039;\u00e0 1 200 \u20ac<\/td><\/tr><tr><td class=\"has-text-align-center\" data-align=\"center\"><strong>Annulation \/ Report du voyage<\/strong><\/td><td class=\"has-text-align-center\" data-align=\"center\"><i\n    class=\"safe-shortcode-icon\n                    yes\n            \"\n                                    title=oui\n            >\n<\/i><\/td><\/tr><tr><td class=\"has-text-align-center\" data-align=\"center\"><strong>Frais de recherche et secours<\/strong><\/td><td class=\"has-text-align-center\" data-align=\"center\"><i\n    class=\"safe-shortcode-icon\n                    yes\n            \"\n                                    title=oui\n            >\n<\/i><\/td><\/tr><\/tbody><\/table><\/figure>\n<!-- \/wp:table -->\n\n<div style=\"height:20px\" aria-hidden=\"true\" class=\"wp-block-spacer\"><\/div>\n<!-- \/wp:spacer -->\n\n<!-- wp:heading {\"level\":3} -->\n<h3>Conditions g\u00e9n\u00e9rales de l&rsquo;assurance voyage Air France<\/h3>\n<!-- \/wp:heading -->\n\n<!-- wp:paragraph -->\n<p><strong>Les conditions g\u00e9n\u00e9rales vous sont fournies lorsque vous souscrivez votre&nbsp;assurance voyage.<\/strong> Vous pouvez aussi, \u00e0 tout moment, les demander \u00e0 votre service client, qui vous les enverra par voie postale ou \u00e9lectronique. Enfin, vous pouvez les r\u00e9cup\u00e9rer dans votre espace client en ligne.<\/p>\n<!-- \/wp:paragraph -->\n\n<!-- wp:paragraph {\"align\":\"center\"} -->\n<p class=\"has-text-align-center\"><strong><a href=\"https:\/\/guide.reassurez-moi.fr\/guide\/wp-content\/uploads\/2018\/05\/conditions-generales-assurance-voyage-air-france.pdf\">T\u00e9l\u00e9charger les conditions g\u00e9n\u00e9rales de l&rsquo;assurance voyage Air France :<\/a><\/strong><\/p>\n<!-- \/wp:paragraph -->\n\n<!-- wp:image {\"align\":\"center\",\"id\":131404,\"width\":120,\"height\":120,\"sizeSlug\":\"large\"} -->\n<div class=\"wp-block-image\"><figure class=\"aligncenter size-large is-resized\"><a href=\"https:\/\/guide.reassurez-moi.fr\/guide\/wp-content\/uploads\/2018\/05\/conditions-generales-assurance-voyage-air-france.pdf\"><img loading=\"lazy\" decoding=\"async\" src=\"https:\/\/guide.reassurez-moi.fr\/guide\/wp-content\/uploads\/2020\/07\/conditions-generales.jpg\" alt=\"conditions generales\" class=\"wp-image-131404\" width=\"120\" height=\"120\"\/><\/a><\/figure><\/div>\n<!-- \/wp:image -->\n<!-- wp:heading -->\n<h2>Air France, la meilleure assurance voyage ?<\/h2>\n<!-- \/wp:heading -->\n\n<!-- wp:paragraph -->\n<p><strong>Comparez l\u2019assurance voyage Air France aux autres assurances du march\u00e9 en simulant un devis imm\u00e9diat<\/strong>, vous obtiendrez un comparatif de tous les assureurs avec un acc\u00e8s aux tarifs pratiqu\u00e9s et aux garanties qui conviennent \u00e0 votre recherche :<\/p>\n<!-- \/wp:paragraph -->\n\n<!-- wp:spacer {\"height\":\"20px\"} -->\n<div style=\"height:20px\" aria-hidden=\"true\" class=\"wp-block-spacer\"><\/div>\n<!-- \/wp:spacer -->\n\n<!-- wp:shortcode -->\n\n\n<div class=\"wp-block-rm-advertizing-block fix-in-sidebar advertising-block-sidebar-item\">\n    <div class=\"image-container flex justify-center align-items-center\">\n        <img decoding=\"async\" src=\"https:\/\/guide.reassurez-moi.fr\/guide\/wp-content\/uploads\/2025\/06\/team_opti_short.png\"\n             alt=\"reassurez-moi illustration\"\n             class=\"wp-block-rm-advertizing-image\"\n             loading=\"lazy\"\n        \/>\n    <\/div>\n    <div class=\"rm-advertblock-container flex flex-column justify-center align-items-start\">\n        <p class=\"wp-block-rm-advertizing-text\">\n            Assurance de voyage\n        <\/p>\n        <p class=\"wp-block-rm-advertizing-sub-text\">\n            les meilleures offres 2026\n        <\/p>\n        <a\n            href=\"https:\/\/reassurez-moi.fr\/guide\/assurance-voyage\"\n            class=\"wp-block-rm-advertizing-button\"\n        >\n            <span class=\"wp-block-rm-advertizing-button-text\">\n                Comparer\n            <\/span>\n            <span class=\"wp-block-rm-advertizing-button-sub-text\">\n                Nos assurances voyage\n            <\/span>\n        <\/a>\n    <\/div>\n<\/div>\n\n\n<!-- \/wp:shortcode -->\n\n<!-- wp:spacer {\"height\":\"40px\"} -->\n<div style=\"height:40px\" aria-hidden=\"true\" class=\"wp-block-spacer\"><\/div>\n<!-- \/wp:spacer -->\n\n<!-- wp:quote -->\n<blockquote class=\"wp-block-quote\"><p><em><span class=\"has-small-font-size\">En tant que courtier d&rsquo;assurance, notre mission est de vous informer et de vous conseiller sur les offres d&rsquo;assurance propos\u00e9es sur le march\u00e9. Ces fiches conseils ont pour objet de vous pr\u00e9senter les produits de nos <a href=\"https:\/\/reassurez-moi.fr\/guide\/cgu-cgv#MISE_EN_RELATION_AVEC_LES_PARTENAIRES\">assureurs partenaires<\/a> comme ceux avec lesquels nous n&rsquo;entretenons pas de liens.&nbsp;Ces fiches vous donnent notre&nbsp;analyse&nbsp;objective&nbsp;sur les contrats d&rsquo;assurance&nbsp;mais aussi&nbsp;des&nbsp;informations sur les formalit\u00e9s d&rsquo;adh\u00e9sion.<\/span><\/em><\/p><\/blockquote>\n<!-- \/wp:quote -->\n\n<!-- wp:heading -->\n<h2>Quelles sont les exclusions de l&rsquo;assurance voyage Air France ?<\/h2>\n<!-- \/wp:heading -->\n\n<!-- wp:paragraph -->\n<p><strong>Comme toute police d\u2019assurance voyage, la couverture Air France (quelle que soit la formule souscrite) pose des cas d\u2019exclusion<\/strong>.<\/p>\n<!-- \/wp:paragraph -->\n\n<p><strong>Par exemple, vous ne serez pas couvert dans les cas suivants&nbsp;:<\/strong> <\/p>\n<!-- \/wp:paragraph -->\n\n<!-- wp:paragraph -->\n<p><ul>\n<li>Le sinistre r\u00e9sulte d\u2019un acte intentionnel ;<\/li>\n<li>vos frais m\u00e9dicaux \u00e0 l\u2019\u00e9tranger r\u00e9sultent d\u2019une maladie qui existait d\u00e9j\u00e0 lorsque vous avez souscrit \u00e0 la police ;<\/li>\n<li>vous ne pouvez pas partir \u00e0 cause d\u2019une gr\u00e8ve.<\/li>\n<\/ul><\/p>\n<!-- \/wp:paragraph -->\n<!-- wp:mars\/information {\"icon\":\"check\"} -->\n<div class=\"wp-block-mars-information icon-check\"><i class=\"icon\"><\/i><p>Les exclusions au contrat doivent l\u00e9galement \u00eatre inscrites dans la police afin de vous \u00eatre opposables. L\u2019assureur ne pourra pas vous refuser un remboursement sur la base d\u2019un motif non mentionn\u00e9.<\/p><\/div>\n<!-- \/wp:mars\/information -->\n\n<h2>Quelles sont les franchises de l&rsquo;assurance voyage Air France ?<\/h2>\n<!-- \/wp:heading -->\n\n<!-- wp:paragraph -->\n<p><strong>Les franchises pos\u00e9es par une police d\u2019assurance voyages sont fix\u00e9es garantie par garanties<\/strong>. En l\u2019esp\u00e8ce, concernant le contrat propos\u00e9 par Air France&nbsp;:<\/p>\n<!-- \/wp:paragraph -->\n\n<!-- wp:paragraph -->\n<p><ul>\n<li>en cas d\u2019annulation de votre vol imputable \u00e0 une modification des dates de vos cong\u00e9s par votre employeur, une franchise de 25 % s\u2019applique sur le remboursement (avec un minimum de 30 \u20ac) ;<\/li>\n<li>une franchise de 30 \u20ac par assur\u00e9 et par sinistre accompagne la garantie bagages ;<\/li>\n<li>en cas de frais m\u00e9dicaux \u00e0 l\u2019\u00e9tranger, 30 \u20ac resteront toujours \u00e0 votre charge pour chaque sinistre (y compris pour une simple consultation m\u00e9dicale),<\/li>\n<\/ul><\/p>\n<!-- \/wp:paragraph -->\n\n<!-- wp:paragraph -->\n<p><strong>Afin de savoir exactement quelles sont les franchises pos\u00e9es par le contrat, vous pouvez vous reporter aux conditions g\u00e9n\u00e9rales.<\/strong><\/p>\n<!-- \/wp:paragraph -->\n<!-- wp:heading -->\n<h2>Quel est notre avis sur l&rsquo;assurance voyage propos\u00e9e par Air France ?<\/h2>\n<!-- \/wp:heading -->\n\n<!-- wp:paragraph -->\n<p><p>Que ce soit en agence, par t\u00e9l\u00e9phone ou sur son site, Air France vous propose en r\u00e9alit\u00e9 des contrats d\u2019assurance Allianz Travel \u2013 Mondial Assistance, compagnie sp\u00e9cialis\u00e9e en mati\u00e8re d\u2019assurance voyage. Les diff\u00e9rentes formules propos\u00e9es sont tr\u00e8s satisfaisantes sur le plan de la qualit\u00e9 de la couverture.<\/p>\n<p>Par exemple, la couverture m\u00e9dicale, c\u2019est-\u00e0-dire le remboursement ou la prise en charge \u00e0 votre place de vos frais de sant\u00e9 \u00e0 l\u2019\u00e9tranger est assur\u00e9e jusqu\u2019\u00e0 150 000 euros, ce qui correspond \u00e0 la moyenne des plafonds pratiqu\u00e9s sur le march\u00e9 pour cette garantie. Votre Responsabilit\u00e9 Civile est en outre assur\u00e9e jusqu\u2019\u00e0 4,5 millions d\u2019euros, ce qui laisse de la marge.<\/p>\n<p>La garantie bagages est \u00e9galement tr\u00e8s satisfaisante au regard du plafond d\u2019indemnisation, de m\u00eame que l\u2019assurance annulation qui vous permet d\u2019\u00eatre indemnis\u00e9 en cas de d\u00e9part impossible ou si vous manquez votre avion.<\/p><\/p>\n<!-- \/wp:paragraph -->\n\n<!-- wp:heading -->\n<h2>Quel est le prix de l&rsquo;assurance voyage Air France ?<\/h2>\n<!-- \/wp:heading -->\n\n<!-- wp:paragraph -->\n<p><strong>Tout d\u00e9pend selon que vous souhaitiez ne souscrire qu\u2019une assurance annulation seule ou un contrat multirisque.<\/strong> Dans ce second cas, le prix d\u00e9pendra&nbsp;:<\/p>\n<!-- \/wp:paragraph -->\n\n<!-- wp:list -->\n<ul><li>de votre destination ;<\/li><li>de la dur\u00e9e de votre s\u00e9jour sur place ;<\/li><li>de votre profil ;<\/li><li>du nombre de personnes \u00e0 assurer (plus il est \u00e9lev\u00e9, plus le prix par personne est faible).<\/li><\/ul>\n<!-- \/wp:list -->\n\n\n<p><strong>Pour ce qui du prix de l&rsquo;assurance voyage Air France<\/strong> : <\/p>\n<!-- \/wp:paragraph -->\n\n<!-- wp:paragraph -->\n<p><p>Nous avons demand\u00e9 \u00e0 titre d&rsquo;exemple un vol A\/R Paris-New York pour 15 jours pour une personne en \u00e9t\u00e9. Voici les tarifs avanc\u00e9s pour ce qui est de la couverture internationale :<\/p>\n<ul>\n<li>49 \u20ac pour une assurance comprenant les garanties annulation et vol manqu\u00e9 ;<\/li>\n<li>63 \u20ac pour une assurance comprenant les garanties annulation, vol manqu\u00e9, assistance m\u00e9dicale et bagages.<\/li>\n<\/ul><\/p>\n<!-- \/wp:paragraph -->\n<!-- wp:heading -->\n<h2>Comment contacter l&rsquo;assurance voyage Air France ?<\/h2>\n<!-- \/wp:heading -->\n\n<!-- wp:paragraph -->\n<p><strong>Pour d\u00e9clarer un sinistre, une demande de remboursement ou toute autre raison, vous pouvez contacter l&rsquo;assurance voyage Air France de diff\u00e9rentes fa\u00e7ons :<\/strong><\/p>\n<!-- \/wp:paragraph -->\n\n<!-- wp:list -->\n<ul><li><strong>directement sur le site internet<\/strong> Air France ;<\/li><\/ul>\n<!-- \/wp:list -->\n\n<ul><li><strong>par t\u00e9l\u00e9phone :<\/strong> 00 33 (0)1 42 99 03 95<\/li><\/ul>\n<!-- \/wp:list -->\n\n","protected":false},"excerpt":{"rendered":"<p>L&rsquo;assurance voyage Air France Air France est une fiert\u00e9 fran\u00e7aise. Les chiffres sont impressionnants : la compagnie r\u00e9guli\u00e8re a transport\u00e9 pr\u00e8s de 100 millions de passagers en 2017, vers plus de 90 pays dans le monde. Bien connue du grand public, elle est souvent gage de qualit\u00e9 de service et de prestations haut de gamme. [&hellip;]<\/p>\n","protected":false},"author":61,"featured_media":0,"parent":36149,"menu_order":0,"comment_status":"closed","ping_status":"closed","template":"","meta":{"_acf_changed":false,"footnotes":""},"categories":[],"page_topic":[721],"class_list":["post-144672","page","type-page","status-publish","hentry"],"yoast_head":"<!-- This site is optimized with the Yoast SEO plugin v24.7 - https:\/\/yoast.com\/wordpress\/plugins\/seo\/ -->\n<title>Notre avis sur l&#039;assurance voyage Air France | Garanties, tarifs, conditions<\/title>\n<meta name=\"description\" content=\"L&#039;assurance voyage Air France en d\u00e9tails - Prix et garanties - Devis en ligne 100 % gratuits !\" \/>\n<meta name=\"robots\" content=\"index, follow, max-snippet:-1, max-image-preview:large, max-video-preview:-1\" \/>\n<link rel=\"canonical\" href=\"https:\/\/guide.reassurez-moi.fr\/guide\/assurance-voyage\/air-france\" \/>\n<meta property=\"og:locale\" content=\"fr_FR\" \/>\n<meta property=\"og:type\" content=\"article\" \/>\n<meta property=\"og:title\" content=\"Notre avis sur l&#039;assurance voyage Air France | Garanties, tarifs, conditions\" \/>\n<meta property=\"og:description\" content=\"L&#039;assurance voyage Air France en d\u00e9tails - Prix et garanties - Devis en ligne 100 % gratuits !\" \/>\n<meta property=\"og:url\" content=\"https:\/\/guide.reassurez-moi.fr\/guide\/assurance-voyage\/air-france\" \/>\n<meta property=\"og:site_name\" content=\"R\u00e9assurez-moi\" \/>\n<meta property=\"article:publisher\" content=\"https:\/\/www.facebook.com\/R%c3%a9assurez-moi-209456495889479\/\" \/>\n<meta property=\"og:image\" content=\"https:\/\/guide.reassurez-moi.fr\/guide\/wp-content\/uploads\/2018\/04\/image-de-partage.png\" \/>\n\t<meta property=\"og:image:width\" content=\"500\" \/>\n\t<meta property=\"og:image:height\" content=\"160\" \/>\n\t<meta property=\"og:image:type\" content=\"image\/png\" \/>\n<meta name=\"twitter:card\" content=\"summary_large_image\" \/>\n<meta name=\"twitter:site\" content=\"@reassurezmoi\" \/>\n<script type=\"application\/ld+json\" class=\"yoast-schema-graph\">{\"@context\":\"https:\/\/schema.org\",\"@graph\":[{\"@type\":\"WebPage\",\"@id\":\"https:\/\/guide.reassurez-moi.fr\/guide\/assurance-voyage\/air-france\",\"url\":\"https:\/\/guide.reassurez-moi.fr\/guide\/assurance-voyage\/air-france\",\"name\":\"L'assurance voyage Air France | R\u00e9assurez-moi\",\"isPartOf\":{\"@id\":\"https:\/\/guide.reassurez-moi.fr\/guide\/#website\"},\"datePublished\":\"2020-10-29T16:12:57+00:00\",\"breadcrumb\":{\"@id\":\"https:\/\/guide.reassurez-moi.fr\/guide\/assurance-voyage\/air-france#breadcrumb\"},\"inLanguage\":\"fr-FR\",\"potentialAction\":[{\"@type\":\"ReadAction\",\"target\":[\"https:\/\/guide.reassurez-moi.fr\/guide\/assurance-voyage\/air-france\"]}]},{\"@type\":\"BreadcrumbList\",\"@id\":\"https:\/\/guide.reassurez-moi.fr\/guide\/assurance-voyage\/air-france#breadcrumb\",\"itemListElement\":[{\"@type\":\"ListItem\",\"position\":1,\"name\":\"Assurances\",\"item\":\"https:\/\/guide.reassurez-moi.fr\/guide\/\"},{\"@type\":\"ListItem\",\"position\":2,\"name\":\"Assurance voyage\",\"item\":\"https:\/\/guide.reassurez-moi.fr\/guide\/assurance-voyage\"},{\"@type\":\"ListItem\",\"position\":3,\"name\":\"L'assurance voyage Air France\"}]},{\"@type\":\"WebSite\",\"@id\":\"https:\/\/guide.reassurez-moi.fr\/guide\/#website\",\"url\":\"https:\/\/guide.reassurez-moi.fr\/guide\/\",\"name\":\"R\u00e9assurez-moi\",\"description\":\"Comparateur d&#039;assurances\",\"potentialAction\":[{\"@type\":\"SearchAction\",\"target\":{\"@type\":\"EntryPoint\",\"urlTemplate\":\"https:\/\/guide.reassurez-moi.fr\/guide\/?s={search_term_string}\"},\"query-input\":{\"@type\":\"PropertyValueSpecification\",\"valueRequired\":true,\"valueName\":\"search_term_string\"}}],\"inLanguage\":\"fr-FR\"}]}<\/script>\n<!-- \/ Yoast SEO plugin. -->","yoast_head_json":{"title":"Notre avis sur l'assurance voyage Air France | Garanties, tarifs, conditions","description":"L'assurance voyage Air France en d\u00e9tails - Prix et garanties - Devis en ligne 100 % gratuits !","robots":{"index":"index","follow":"follow","max-snippet":"max-snippet:-1","max-image-preview":"max-image-preview:large","max-video-preview":"max-video-preview:-1"},"canonical":"https:\/\/guide.reassurez-moi.fr\/guide\/assurance-voyage\/air-france","og_locale":"fr_FR","og_type":"article","og_title":"Notre avis sur l'assurance voyage Air France | Garanties, tarifs, conditions","og_description":"L'assurance voyage Air France en d\u00e9tails - Prix et garanties - Devis en ligne 100 % gratuits !","og_url":"https:\/\/guide.reassurez-moi.fr\/guide\/assurance-voyage\/air-france","og_site_name":"R\u00e9assurez-moi","article_publisher":"https:\/\/www.facebook.com\/R%c3%a9assurez-moi-209456495889479\/","og_image":[{"width":500,"height":160,"url":"https:\/\/guide.reassurez-moi.fr\/guide\/wp-content\/uploads\/2018\/04\/image-de-partage.png","type":"image\/png"}],"twitter_card":"summary_large_image","twitter_site":"@reassurezmoi","schema":{"@context":"https:\/\/schema.org","@graph":[{"@type":"WebPage","@id":"https:\/\/guide.reassurez-moi.fr\/guide\/assurance-voyage\/air-france","url":"https:\/\/guide.reassurez-moi.fr\/guide\/assurance-voyage\/air-france","name":"L'assurance voyage Air France | R\u00e9assurez-moi","isPartOf":{"@id":"https:\/\/guide.reassurez-moi.fr\/guide\/#website"},"datePublished":"2020-10-29T16:12:57+00:00","breadcrumb":{"@id":"https:\/\/guide.reassurez-moi.fr\/guide\/assurance-voyage\/air-france#breadcrumb"},"inLanguage":"fr-FR","potentialAction":[{"@type":"ReadAction","target":["https:\/\/guide.reassurez-moi.fr\/guide\/assurance-voyage\/air-france"]}]},{"@type":"BreadcrumbList","@id":"https:\/\/guide.reassurez-moi.fr\/guide\/assurance-voyage\/air-france#breadcrumb","itemListElement":[{"@type":"ListItem","position":1,"name":"Assurances","item":"https:\/\/guide.reassurez-moi.fr\/guide\/"},{"@type":"ListItem","position":2,"name":"Assurance voyage","item":"https:\/\/guide.reassurez-moi.fr\/guide\/assurance-voyage"},{"@type":"ListItem","position":3,"name":"L'assurance voyage Air France"}]},{"@type":"WebSite","@id":"https:\/\/guide.reassurez-moi.fr\/guide\/#website","url":"https:\/\/guide.reassurez-moi.fr\/guide\/","name":"R\u00e9assurez-moi","description":"Comparateur d&#039;assurances","potentialAction":[{"@type":"SearchAction","target":{"@type":"EntryPoint","urlTemplate":"https:\/\/guide.reassurez-moi.fr\/guide\/?s={search_term_string}"},"query-input":{"@type":"PropertyValueSpecification","valueRequired":true,"valueName":"search_term_string"}}],"inLanguage":"fr-FR"}]}},"acf":[],"_links":{"self":[{"href":"https:\/\/guide.reassurez-moi.fr\/guide\/wp-json\/wp\/v2\/pages\/144672","targetHints":{"allow":["GET"]}}],"collection":[{"href":"https:\/\/guide.reassurez-moi.fr\/guide\/wp-json\/wp\/v2\/pages"}],"about":[{"href":"https:\/\/guide.reassurez-moi.fr\/guide\/wp-json\/wp\/v2\/types\/page"}],"author":[{"embeddable":true,"href":"https:\/\/guide.reassurez-moi.fr\/guide\/wp-json\/wp\/v2\/users\/61"}],"replies":[{"embeddable":true,"href":"https:\/\/guide.reassurez-moi.fr\/guide\/wp-json\/wp\/v2\/comments?post=144672"}],"version-history":[{"count":0,"href":"https:\/\/guide.reassurez-moi.fr\/guide\/wp-json\/wp\/v2\/pages\/144672\/revisions"}],"up":[{"embeddable":true,"href":"https:\/\/guide.reassurez-moi.fr\/guide\/wp-json\/wp\/v2\/pages\/36149"}],"wp:attachment":[{"href":"https:\/\/guide.reassurez-moi.fr\/guide\/wp-json\/wp\/v2\/media?parent=144672"}],"wp:term":[{"taxonomy":"category","embeddable":true,"href":"https:\/\/guide.reassurez-moi.fr\/guide\/wp-json\/wp\/v2\/categories?post=144672"},{"taxonomy":"page_topic","embeddable":true,"href":"https:\/\/guide.reassurez-moi.fr\/guide\/wp-json\/wp\/v2\/page_topic?post=144672"}],"curies":[{"name":"wp","href":"https:\/\/api.w.org\/{rel}","templated":true}]}}