{"id":145174,"date":"2021-06-09T12:41:33","date_gmt":"2021-06-09T10:41:33","guid":{"rendered":"https:\/\/reassurez-moi.fr\/guide\/protection-juridique\/gmf"},"modified":"2021-06-09T12:41:33","modified_gmt":"2021-06-09T10:41:33","slug":"gmf","status":"publish","type":"page","link":"https:\/\/guide.reassurez-moi.fr\/guide\/protection-juridique\/gmf","title":{"rendered":"Protection juridique GMF"},"content":{"rendered":"\n<h1 class=\"wp-block-heading\">La protection juridique GMF<\/h1>\n\n\n\n<p><strong>La protection juridique permet un accompagnement et une indemnisation en cas de litige avec un tiers ou de conflit n\u00e9cessitant l&rsquo;appel \u00e0 une instance de juridiction. Parfois incluse dans un contrat d&rsquo;assurance, elle peut aussi \u00eatre souscrite individuellement. Quel est le co\u00fbt de la protection juridique de GMF ? Retrouvez le d\u00e9tail des garanties de la protection juridique GMF, son prix et notre avis sur cette couverture.<\/strong><\/p>\n\n\n\n<h2 class=\"wp-block-heading\">Quelles sont les garanties de la protection juridique de GMF ? <\/h2>\n\n\n\n<p><strong>Voici les garanties que vous pouvez souscrire gr\u00e2ce \u00e0 l&rsquo;assurance protection juridique<\/strong> de GMF : <\/p>\n\n\n\n<figure class=\"wp-block-table is-style-header-double\"><table><thead><tr><th><\/th><th class=\"has-text-align-center\" data-align=\"center\">Formule Essentielle<\/th><th class=\"has-text-align-center\" data-align=\"center\">Formule Int\u00e9grale<\/th><\/tr><\/thead><tbody><tr><td><strong>Aide \u00e0 la r\u00e9solution des litiges \u00e0 l\u2019amiable<\/strong><\/td><td class=\"has-text-align-center\" data-align=\"center\"><i\n    class=\"safe-shortcode-icon\n                    yes\n            \"\n                                    title=oui\n            >\n<\/i><\/td><td class=\"has-text-align-center\" data-align=\"center\"><i\n    class=\"safe-shortcode-icon\n                    yes\n            \"\n                                    title=oui\n            >\n<\/i><\/td><\/tr><tr><td><strong>Aide \u00e0 la r\u00e9solution des litiges au judiciaire<\/strong><\/td><td class=\"has-text-align-center\" data-align=\"center\"><i\n    class=\"safe-shortcode-icon\n                    yes\n            \"\n                                    title=oui\n            >\n<\/i><\/td><td class=\"has-text-align-center\" data-align=\"center\"><i\n    class=\"safe-shortcode-icon\n                    yes\n            \"\n                                    title=oui\n            >\n<\/i><\/td><\/tr><tr><td><strong>Proc\u00e9dure d\u2019expropriation<\/strong><\/td><td class=\"has-text-align-center\" data-align=\"center\"><i\n    class=\"safe-shortcode-icon\n                    yes\n            \"\n                                    title=oui\n            >\n<\/i><\/td><td class=\"has-text-align-center\" data-align=\"center\"><i\n    class=\"safe-shortcode-icon\n                    yes\n            \"\n                                    title=oui\n            >\n<\/i><\/td><\/tr><tr><td><strong>Achat \/ vente d\u2019un bien mobilier<\/strong><\/td><td class=\"has-text-align-center\" data-align=\"center\"><i\n    class=\"safe-shortcode-icon\n                    yes\n            \"\n                                    title=oui\n            >\n<\/i><\/td><td class=\"has-text-align-center\" data-align=\"center\"><i\n    class=\"safe-shortcode-icon\n                    yes\n            \"\n                                    title=oui\n            >\n<\/i><\/td><\/tr><tr><td><strong>Achat \/ vente d\u2019un bien immobilier<\/strong><\/td><td class=\"has-text-align-center\" data-align=\"center\"><i\n    class=\"safe-shortcode-icon\n                    yes\n            \"\n                                    title=oui\n            >\n<\/i><\/td><td class=\"has-text-align-center\" data-align=\"center\"><i\n    class=\"safe-shortcode-icon\n                    yes\n            \"\n                                    title=oui\n            >\n<\/i><\/td><\/tr><tr><td><strong>D\u00e9fense p\u00e9nale<\/strong><\/td><td class=\"has-text-align-center\" data-align=\"center\"><i\n    class=\"safe-shortcode-icon\n                    yes\n            \"\n                                    title=oui\n            >\n<\/i><\/td><td class=\"has-text-align-center\" data-align=\"center\"><i\n    class=\"safe-shortcode-icon\n                    yes\n            \"\n                                    title=oui\n            >\n<\/i><\/td><\/tr><tr><td><strong>Couverture bailleur<\/strong><\/td><td class=\"has-text-align-center\" data-align=\"center\"><i\n    class=\"safe-shortcode-icon\n                    yes\n            \"\n                                    title=oui\n            >\n<\/i><\/td><td class=\"has-text-align-center\" data-align=\"center\"><i\n    class=\"safe-shortcode-icon\n                    yes\n            \"\n                                    title=oui\n            >\n<\/i><\/td><\/tr><tr><td><strong>Successions<\/strong><\/td><td class=\"has-text-align-center\" data-align=\"center\"><i\n    class=\"safe-shortcode-icon\n                    yes\n            \"\n                                    title=oui\n            >\n<\/i><\/td><td class=\"has-text-align-center\" data-align=\"center\"><i\n    class=\"safe-shortcode-icon\n                    yes\n            \"\n                                    title=oui\n            >\n<\/i><\/td><\/tr><tr><td><strong>S\u00e9paration du couple<\/strong><\/td><td class=\"has-text-align-center\" data-align=\"center\"><i\n    class=\"safe-shortcode-icon\n                    no\n            \"\n                                    title=non\n            >\n<\/i><\/td><td class=\"has-text-align-center\" data-align=\"center\"><i\n    class=\"safe-shortcode-icon\n                    yes\n            \"\n                                    title=oui\n            >\n<\/i><\/td><\/tr><tr><td><strong>Usurpation d\u2019identit\u00e9<\/strong><\/td><td class=\"has-text-align-center\" data-align=\"center\"><i\n    class=\"safe-shortcode-icon\n                    yes\n            \"\n                                    title=oui\n            >\n<\/i><\/td><td class=\"has-text-align-center\" data-align=\"center\"><i\n    class=\"safe-shortcode-icon\n                    yes\n            \"\n                                    title=oui\n            >\n<\/i><\/td><\/tr><tr><td><strong>Service d\u2019informations juridiques<\/strong><\/td><td class=\"has-text-align-center\" data-align=\"center\"><i\n    class=\"safe-shortcode-icon\n                    yes\n            \"\n                                    title=oui\n            >\n<\/i><\/td><td class=\"has-text-align-center\" data-align=\"center\"><i\n    class=\"safe-shortcode-icon\n                    yes\n            \"\n                                    title=oui\n            >\n<\/i><\/td><\/tr><tr><td><strong>Conseil aux d\u00e9marches<\/strong><\/td><td class=\"has-text-align-center\" data-align=\"center\"><i\n    class=\"safe-shortcode-icon\n                    yes\n            \"\n                                    title=oui\n            >\n<\/i><\/td><td class=\"has-text-align-center\" data-align=\"center\"><i\n    class=\"safe-shortcode-icon\n                    yes\n            \"\n                                    title=oui\n            >\n<\/i><\/td><\/tr><\/tbody><\/table><\/figure>\n\n\n<div class=\"wp-block-group\">\n<div style=\"height:20px\" aria-hidden=\"true\" class=\"wp-block-spacer\"><\/div>\n\n\n\n<p class=\"has-text-align-center\"><strong><a href=\"https:\/\/guide.reassurez-moi.fr\/guide\/wp-content\/uploads\/2018\/12\/conditions-generales-assurance-protection-juridique-gmf.pdf\">T\u00e9l\u00e9charger les conditions g\u00e9n\u00e9rales du contrat de protection juridique GMF<\/a> :<\/strong><\/p>\n\n\n\n<div class=\"wp-block-image\"><figure class=\"aligncenter size-large is-resized\"><a href=\"https:\/\/guide.reassurez-moi.fr\/guide\/wp-content\/uploads\/2018\/12\/conditions-generales-assurance-protection-juridique-gmf.pdf\"><img loading=\"lazy\" decoding=\"async\" src=\"https:\/\/guide.reassurez-moi.fr\/guide\/wp-content\/uploads\/2020\/07\/conditions-generales.jpg\" alt=\"conditions generales\" class=\"wp-image-131404\" width=\"120\" height=\"120\"\/><\/a><\/figure><\/div>\n<\/div>\n<!-- \/wp:group1 -->\n<!-- wp:heading -->\n<h2>Quel est notre avis sur l\u2019assurance protection juridique GMF ? <\/h2>\n<!-- \/wp:heading -->\n\n<!-- wp:paragraph -->\n<p><p>L\u2019assurance protection juridique de la GMF est particuli\u00e8rement int\u00e9ressante, avec le choix entre deux formules distinctes : Essentielle et Int\u00e9grale, laquelle permet une couverture plus performante. Les travaux de construction, notamment, sont mieux rembours\u00e9s en cas de litige, alors qu\u2019ils ne sont pas couverts avec la formule Essentielle.<\/p>\n<p>La formule Int\u00e9grale permet \u00e9galement de d\u00e9bloquer l\u2019acc\u00e8s \u00e0 la protection juridique pour les situations relatives au cautionnement, \u00e0 la s\u00e9paration d\u2019un couple, ainsi qu\u2019\u00e0 l\u2019usurpation d\u2019identit\u00e9. La couverture peut \u00eatre assimil\u00e9e \u00e0 une protection juridique d\u2019assurance habitation GMF.<\/p>\n<p>Le seuil d\u2019intervention (150 \u20ac) permet l\u2019utilisation de la protection juridique GMF pour de petits contentieux, alors que la somme maximale de 100 000 \u20ac par sinistre laisse le particulier r\u00e9ellement prot\u00e9g\u00e9, notamment en tant que d\u00e9fendant.<\/p>\n<p>Le tarif de 79,70 \u20ac par an reste tr\u00e8s accessible pour la formule Essentielle, \u00e9tant dans la moyenne du march\u00e9. Pourtant, les prix de la formule Int\u00e9grale ne sont pas communiqu\u00e9s par la GMF, une disposition pr\u00e9judiciable pour tout particulier et un manque \u00e9vident de transparence de la part de l\u2019assureur. Cette situation est justifi\u00e9e par le fait que cette formule est bien plus performante et n\u00e9cessite donc une prise en charge sur-mesure de la part d\u2019un conseiller, notamment en mati\u00e8re de valeur d\u2019un logement.<\/p>\n<p>En somme, l\u2019assurance protection juridique de la GMF est tr\u00e8s performante et int\u00e9ressante, les conditions g\u00e9n\u00e9rales \u00e9tant m\u00eame affich\u00e9es clairement sur le site, pour un acc\u00e8s facilit\u00e9 \u00e0 l\u2019information. Il s\u2019agit l\u00e0 d\u2019un des meilleurs contrats du march\u00e9 de la protection juridique.<\/p><\/p>\n<!-- \/wp:paragraph -->\n\n<!-- wp:heading -->\n<h2>Quelles sont les conditions d&rsquo;indemnisation de la garantie protection juridique GMF ? <\/h2>\n<!-- \/wp:heading -->\n\n<!-- wp:paragraph -->\n<p><strong>Concernant le contrat protection juridique&nbsp;de GMF, voici les diff\u00e9rentes conditions d&rsquo;indemnisation de prise en charge :&nbsp;<\/strong><\/p>\n<!-- \/wp:paragraph -->\n\n<!-- wp:table {\"className\":\"is-style-header-double\",\"loopVariable\":\"\"} -->\n<figure class=\"wp-block-table is-style-header-double\"><table><thead><tr><th><\/th><th class=\"has-text-align-center\" data-align=\"center\">Formule Essentielle<\/th><th class=\"has-text-align-center\" data-align=\"center\">Formule Int\u00e9grale<\/th><\/tr><\/thead><tbody><tr><td>Plafond des honoraires de prise en charge<\/td><td class=\"has-text-align-center\" data-align=\"center\"><p>Juge de proximit\u00e9 (civil) : 758 \u20ac<br \/>\nTribunal de grande instance : 1 062 \u20ac<br \/>\nTribunal administratif : 1 062 \u20ac<br \/>\nCour d\u2019appel : 1 094 \u20ac<br \/>\nTribunal correctionnel : 3 840 \u20ac<br \/>\nCour de cassation : 2 601 \u20ac<\/p><\/td><td class=\"has-text-align-center\" data-align=\"center\">Juge de proximit\u00e9 (civil) : 758 \u20ac<br>Tribunal de grande instance : 1 062 \u20ac<br>Tribunal administratif : 1 062 \u20ac <br>Cour d\u2019appel : 1 094 \u20ac<br>Tribunal correctionnel : 3 840 \u20ac<br>Cour de cassation : 2 601 \u20ac<\/td><\/tr><tr><td>Seuil d&rsquo;intervention (TTC)<\/td><td class=\"has-text-align-center\" data-align=\"center\">150 \u20ac en phases amiable et judiciaire<\/td><td class=\"has-text-align-center\" data-align=\"center\">150 \u20ac en phases amiable et judiciaire<\/td><\/tr><tr><td>Plafond global de prise en charge (TTC)<\/td><td class=\"has-text-align-center\" data-align=\"center\">100 000 \u20ac par sinistre<\/td><td class=\"has-text-align-center\" data-align=\"center\">100 000 \u20ac par sinistre<\/td><\/tr><tr><td>D\u00e9lai de carence<\/td><td class=\"has-text-align-center\" data-align=\"center\"><i\n    class=\"safe-shortcode-icon\n                    no\n            \"\n                                    title=non\n            >\n<\/i><\/td><td class=\"has-text-align-center\" data-align=\"center\"><i\n    class=\"safe-shortcode-icon\n                    no\n            \"\n                                    title=non\n            >\n<\/i><\/td><\/tr><\/tbody><\/table><\/figure>\n<!-- \/wp:table -->\n\n<!-- wp:heading -->\n<h2>Comment contacter l&rsquo;assurance protection juridique de GMF ? <\/h2>\n<!-- \/wp:heading -->\n\n<!-- wp:paragraph -->\n<p><strong>Pour toute information sur la protection juridique GMF, vous pouvez les joindre :<\/strong><\/p>\n<!-- \/wp:paragraph -->\n\n<p><strong>Par t\u00e9l\u00e9phone au :<\/strong> <\/p>\n<!-- \/wp:paragraph -->\n\n<!-- wp:paragraph {\"align\":\"left\"} -->\n<p class=\"has-text-align-left\">09 70 80 98 09<\/p>\n<!-- \/wp:paragraph -->\n<p><strong>Par courrier, \u00e0 l&rsquo;adresse suivante<\/strong> : <\/p>\n<!-- \/wp:paragraph -->\n\n<!-- wp:paragraph {\"align\":\"left\"} -->\n<p class=\"has-text-align-left\"><p>GMF Assurances<br \/>\n61, rue de Taitbout<br \/>\n75436 PARIS CEDEX 09<\/p><\/p>\n<!-- \/wp:paragraph -->\n<!-- wp:heading -->\n<h2>GMF, la meilleure protection juridique ? <\/h2>\n<!-- \/wp:heading -->\n\n<!-- wp:paragraph -->\n<p><strong>Comparez l\u2019assurance protection juridique GMF aux autres garanties du march\u00e9 en simulant un devis imm\u00e9diat<\/strong>, vous obtiendrez un comparatif de tous les assureurs avec un acc\u00e8s aux tarifs pratiqu\u00e9s et aux garanties qui conviennent \u00e0 votre recherche :<\/p>\n<!-- \/wp:paragraph -->\n\n<!-- wp:spacer {\"height\":\"20px\"} -->\n<div style=\"height:20px\" aria-hidden=\"true\" class=\"wp-block-spacer\"><\/div>\n<!-- \/wp:spacer -->\n\n<!-- wp:shortcode -->\n\n<div class=\"flex  wp-block-rm-advertizing-block fix-in-sidebar\"><div class=\"image-container flex justify-center align-items-center py-3\"><img decoding=\"async\" src=\"https:\/\/guide.reassurez-moi.fr\/guide\/wp-content\/uploads\/2025\/06\/team_opti_short.png\" alt=\"reassurez-moi illustration\" class=\"wp-block-rm-advertizing-image\" loading=\"lazy\"\/><\/div><div class=\"\n                    rm-advertblock-container\n                    flex flex-column justify-center\n                    align-items-start\n                \"><p class=\"wp-block-rm-advertizing-text\n                              \n                            \">Les meilleures contrats de protection juridique en 2026<\/p><a href=\"https:\/\/reassurez-moi.fr\/guide\/protection-juridique\" class=\"wp-block-rm-advertizing-button\"><span class=\"wp-block-rm-advertizing-button-text\">Je compare 15 protection juridique<\/span><\/a><\/div><\/div>\n\n<!-- \/wp:shortcode -->\n\n<!-- wp:spacer {\"height\":\"40px\"} -->\n<div style=\"height:40px\" aria-hidden=\"true\" class=\"wp-block-spacer\"><\/div>\n<!-- \/wp:spacer -->\n\n<!-- wp:quote -->\n<blockquote class=\"wp-block-quote\"><p><em><span class=\"has-small-font-size\">En tant que courtier d&rsquo;assurance, notre mission est de vous informer et de vous conseiller sur les offres d&rsquo;assurance propos\u00e9es sur le march\u00e9. Ces fiches conseils ont pour objet de vous pr\u00e9senter les produits de nos <a href=\"https:\/\/reassurez-moi.fr\/guide\/cgu-cgv#MISE_EN_RELATION_AVEC_LES_PARTENAIRES\">assureurs partenaires<\/a> comme ceux avec lesquels nous n&rsquo;entretenons pas de liens.&nbsp;Ces fiches vous donnent notre&nbsp;analyse&nbsp;objective&nbsp;sur les contrats d&rsquo;assurance&nbsp;mais aussi&nbsp;des&nbsp;informations sur les formalit\u00e9s d&rsquo;adh\u00e9sion.<\/span><\/em><\/p><\/blockquote>\n<!-- \/wp:quote -->","protected":false},"excerpt":{"rendered":"<p>La protection juridique GMF La protection juridique permet un accompagnement et une indemnisation en cas de litige avec un tiers ou de conflit n\u00e9cessitant l&rsquo;appel \u00e0 une instance de juridiction. Parfois incluse dans un contrat d&rsquo;assurance, elle peut aussi \u00eatre souscrite individuellement. Quel est le co\u00fbt de la protection juridique de GMF ? Retrouvez le [&hellip;]<\/p>\n","protected":false},"author":61,"featured_media":0,"parent":43665,"menu_order":0,"comment_status":"open","ping_status":"closed","template":"","meta":{"_acf_changed":false,"footnotes":""},"categories":[],"page_topic":[606],"class_list":["post-145174","page","type-page","status-publish","hentry"],"yoast_head":"<!-- This site is optimized with the Yoast SEO plugin v24.7 - https:\/\/yoast.com\/wordpress\/plugins\/seo\/ -->\n<title>Notre avis sur la protection juridique GMF | Garanties &amp; tarifs<\/title>\n<meta name=\"description\" content=\"L&#039;assurance protection juridique GMF en d\u00e9tails - Prix et garanties - Devis en ligne 100 % gratuits !\" \/>\n<meta name=\"robots\" content=\"index, follow, max-snippet:-1, max-image-preview:large, max-video-preview:-1\" \/>\n<link rel=\"canonical\" href=\"https:\/\/guide.reassurez-moi.fr\/guide\/protection-juridique\/gmf\" \/>\n<meta property=\"og:locale\" content=\"fr_FR\" \/>\n<meta property=\"og:type\" content=\"article\" \/>\n<meta property=\"og:title\" content=\"Notre avis sur la protection juridique GMF | Garanties &amp; tarifs\" \/>\n<meta property=\"og:description\" content=\"L&#039;assurance protection juridique GMF en d\u00e9tails - Prix et garanties - Devis en ligne 100 % gratuits !\" \/>\n<meta property=\"og:url\" content=\"https:\/\/guide.reassurez-moi.fr\/guide\/protection-juridique\/gmf\" \/>\n<meta property=\"og:site_name\" content=\"R\u00e9assurez-moi\" \/>\n<meta property=\"article:publisher\" content=\"https:\/\/www.facebook.com\/R%c3%a9assurez-moi-209456495889479\/\" \/>\n<meta property=\"og:image\" content=\"https:\/\/guide.reassurez-moi.fr\/guide\/wp-content\/uploads\/2018\/04\/image-de-partage.png\" \/>\n\t<meta property=\"og:image:width\" content=\"500\" \/>\n\t<meta property=\"og:image:height\" content=\"160\" \/>\n\t<meta property=\"og:image:type\" content=\"image\/png\" \/>\n<meta name=\"twitter:card\" content=\"summary_large_image\" \/>\n<meta name=\"twitter:site\" content=\"@reassurezmoi\" \/>\n<script type=\"application\/ld+json\" class=\"yoast-schema-graph\">{\"@context\":\"https:\/\/schema.org\",\"@graph\":[{\"@type\":\"WebPage\",\"@id\":\"https:\/\/guide.reassurez-moi.fr\/guide\/protection-juridique\/gmf\",\"url\":\"https:\/\/guide.reassurez-moi.fr\/guide\/protection-juridique\/gmf\",\"name\":\"Protection juridique GMF | R\u00e9assurez-moi\",\"isPartOf\":{\"@id\":\"https:\/\/guide.reassurez-moi.fr\/guide\/#website\"},\"datePublished\":\"2021-06-09T10:41:33+00:00\",\"breadcrumb\":{\"@id\":\"https:\/\/guide.reassurez-moi.fr\/guide\/protection-juridique\/gmf#breadcrumb\"},\"inLanguage\":\"fr-FR\",\"potentialAction\":[{\"@type\":\"ReadAction\",\"target\":[\"https:\/\/guide.reassurez-moi.fr\/guide\/protection-juridique\/gmf\"]}]},{\"@type\":\"BreadcrumbList\",\"@id\":\"https:\/\/guide.reassurez-moi.fr\/guide\/protection-juridique\/gmf#breadcrumb\",\"itemListElement\":[{\"@type\":\"ListItem\",\"position\":1,\"name\":\"Assurances\",\"item\":\"https:\/\/guide.reassurez-moi.fr\/guide\/\"},{\"@type\":\"ListItem\",\"position\":2,\"name\":\"Comparatif protection juridique\",\"item\":\"https:\/\/guide.reassurez-moi.fr\/guide\/protection-juridique\"},{\"@type\":\"ListItem\",\"position\":3,\"name\":\"Protection juridique GMF\"}]},{\"@type\":\"WebSite\",\"@id\":\"https:\/\/guide.reassurez-moi.fr\/guide\/#website\",\"url\":\"https:\/\/guide.reassurez-moi.fr\/guide\/\",\"name\":\"R\u00e9assurez-moi\",\"description\":\"Comparateur d&#039;assurances\",\"potentialAction\":[{\"@type\":\"SearchAction\",\"target\":{\"@type\":\"EntryPoint\",\"urlTemplate\":\"https:\/\/guide.reassurez-moi.fr\/guide\/?s={search_term_string}\"},\"query-input\":{\"@type\":\"PropertyValueSpecification\",\"valueRequired\":true,\"valueName\":\"search_term_string\"}}],\"inLanguage\":\"fr-FR\"}]}<\/script>\n<!-- \/ Yoast SEO plugin. -->","yoast_head_json":{"title":"Notre avis sur la protection juridique GMF | Garanties & tarifs","description":"L'assurance protection juridique GMF en d\u00e9tails - Prix et garanties - Devis en ligne 100 % gratuits !","robots":{"index":"index","follow":"follow","max-snippet":"max-snippet:-1","max-image-preview":"max-image-preview:large","max-video-preview":"max-video-preview:-1"},"canonical":"https:\/\/guide.reassurez-moi.fr\/guide\/protection-juridique\/gmf","og_locale":"fr_FR","og_type":"article","og_title":"Notre avis sur la protection juridique GMF | Garanties & tarifs","og_description":"L'assurance protection juridique GMF en d\u00e9tails - Prix et garanties - Devis en ligne 100 % gratuits !","og_url":"https:\/\/guide.reassurez-moi.fr\/guide\/protection-juridique\/gmf","og_site_name":"R\u00e9assurez-moi","article_publisher":"https:\/\/www.facebook.com\/R%c3%a9assurez-moi-209456495889479\/","og_image":[{"width":500,"height":160,"url":"https:\/\/guide.reassurez-moi.fr\/guide\/wp-content\/uploads\/2018\/04\/image-de-partage.png","type":"image\/png"}],"twitter_card":"summary_large_image","twitter_site":"@reassurezmoi","schema":{"@context":"https:\/\/schema.org","@graph":[{"@type":"WebPage","@id":"https:\/\/guide.reassurez-moi.fr\/guide\/protection-juridique\/gmf","url":"https:\/\/guide.reassurez-moi.fr\/guide\/protection-juridique\/gmf","name":"Protection juridique GMF | R\u00e9assurez-moi","isPartOf":{"@id":"https:\/\/guide.reassurez-moi.fr\/guide\/#website"},"datePublished":"2021-06-09T10:41:33+00:00","breadcrumb":{"@id":"https:\/\/guide.reassurez-moi.fr\/guide\/protection-juridique\/gmf#breadcrumb"},"inLanguage":"fr-FR","potentialAction":[{"@type":"ReadAction","target":["https:\/\/guide.reassurez-moi.fr\/guide\/protection-juridique\/gmf"]}]},{"@type":"BreadcrumbList","@id":"https:\/\/guide.reassurez-moi.fr\/guide\/protection-juridique\/gmf#breadcrumb","itemListElement":[{"@type":"ListItem","position":1,"name":"Assurances","item":"https:\/\/guide.reassurez-moi.fr\/guide\/"},{"@type":"ListItem","position":2,"name":"Comparatif protection juridique","item":"https:\/\/guide.reassurez-moi.fr\/guide\/protection-juridique"},{"@type":"ListItem","position":3,"name":"Protection juridique GMF"}]},{"@type":"WebSite","@id":"https:\/\/guide.reassurez-moi.fr\/guide\/#website","url":"https:\/\/guide.reassurez-moi.fr\/guide\/","name":"R\u00e9assurez-moi","description":"Comparateur d&#039;assurances","potentialAction":[{"@type":"SearchAction","target":{"@type":"EntryPoint","urlTemplate":"https:\/\/guide.reassurez-moi.fr\/guide\/?s={search_term_string}"},"query-input":{"@type":"PropertyValueSpecification","valueRequired":true,"valueName":"search_term_string"}}],"inLanguage":"fr-FR"}]}},"acf":[],"_links":{"self":[{"href":"https:\/\/guide.reassurez-moi.fr\/guide\/wp-json\/wp\/v2\/pages\/145174","targetHints":{"allow":["GET"]}}],"collection":[{"href":"https:\/\/guide.reassurez-moi.fr\/guide\/wp-json\/wp\/v2\/pages"}],"about":[{"href":"https:\/\/guide.reassurez-moi.fr\/guide\/wp-json\/wp\/v2\/types\/page"}],"author":[{"embeddable":true,"href":"https:\/\/guide.reassurez-moi.fr\/guide\/wp-json\/wp\/v2\/users\/61"}],"replies":[{"embeddable":true,"href":"https:\/\/guide.reassurez-moi.fr\/guide\/wp-json\/wp\/v2\/comments?post=145174"}],"version-history":[{"count":0,"href":"https:\/\/guide.reassurez-moi.fr\/guide\/wp-json\/wp\/v2\/pages\/145174\/revisions"}],"up":[{"embeddable":true,"href":"https:\/\/guide.reassurez-moi.fr\/guide\/wp-json\/wp\/v2\/pages\/43665"}],"wp:attachment":[{"href":"https:\/\/guide.reassurez-moi.fr\/guide\/wp-json\/wp\/v2\/media?parent=145174"}],"wp:term":[{"taxonomy":"category","embeddable":true,"href":"https:\/\/guide.reassurez-moi.fr\/guide\/wp-json\/wp\/v2\/categories?post=145174"},{"taxonomy":"page_topic","embeddable":true,"href":"https:\/\/guide.reassurez-moi.fr\/guide\/wp-json\/wp\/v2\/page_topic?post=145174"}],"curies":[{"name":"wp","href":"https:\/\/api.w.org\/{rel}","templated":true}]}}