{"id":145790,"date":"2022-02-21T23:53:23","date_gmt":"2022-02-21T22:53:23","guid":{"rendered":"https:\/\/reassurez-moi.fr\/guide\/assurance-bateau\/maaf"},"modified":"2022-02-21T23:53:23","modified_gmt":"2022-02-21T22:53:23","slug":"maaf","status":"publish","type":"page","link":"https:\/\/guide.reassurez-moi.fr\/guide\/assurance-bateau\/maaf","title":{"rendered":"L'assurance bateau MAAF"},"content":{"rendered":"\n<h1 class=\"wp-block-heading\" id=\"block-1e8d4177-6b97-42c1-a0e1-1a49e9a25e8c\">Assurance bateau MAAF<\/h1>\n\n\n\n<p id=\"block-0d2004ed-84b5-4f7e-be3f-ed8706aaf7f3\"><strong>L\u2019assurance bateau n\u2019est pas une couverture obligatoire, du moins pour les particuliers. Elle est pourtant fortement conseill\u00e9e, surtout lorsque l\u2019on sait le prix que peuvent co\u00fbter les r\u00e9parations ou les dommages d\u2019un tel appareil.  Afin de vous aider \u00e0 choisir, nous vous pr\u00e9sentons l&rsquo;assurance bateau&nbsp;MAAF.<\/strong><\/p>\n\n\n\n<h2 class=\"wp-block-heading\" id=\"block-959990c1-221b-4cb9-a9c0-317b7965c081\">Les garanties de l&rsquo;assurance bateau MAAF<\/h2>\n\n\n\n<h3 class=\"wp-block-heading\" id=\"block-61058d8a-6073-4cf7-831e-2e3bd0ee2dde\">L&rsquo;assistance \u00e0 la personne de l&rsquo;assurance bateau MAAF<\/h3>\n\n\n\n<figure class=\"wp-block-table is-style-header-double\"><table><thead><tr><th><\/th><th class=\"has-text-align-center\" data-align=\"center\">Formule \u00e9conomique<\/th><th class=\"has-text-align-center\" data-align=\"center\">Formule tous risques<\/th><\/tr><\/thead><tbody><tr><td>Rapatriement m\u00e9dical<\/td><td class=\"has-text-align-center\" data-align=\"center\"><i\n    class=\"safe-shortcode-icon\n                    yes\n            \"\n                                    title=oui\n            >\n<\/i><\/td><td class=\"has-text-align-center\" data-align=\"center\"><i\n    class=\"safe-shortcode-icon\n                    yes\n            \"\n                                    title=oui\n            >\n<\/i><\/td><\/tr><tr><td>Voyage AR d&rsquo;un proche<\/td><td class=\"has-text-align-center\" data-align=\"center\"><i\n    class=\"safe-shortcode-icon\n                    yes\n            \"\n                                    title=oui\n            >\n<\/i><\/td><td class=\"has-text-align-center\" data-align=\"center\"><i\n    class=\"safe-shortcode-icon\n                    yes\n            \"\n                                    title=oui\n            >\n<\/i><\/td><\/tr><tr><td>Frais m\u00e9dicaux<\/td><td class=\"has-text-align-center\" data-align=\"center\"><i\n    class=\"safe-shortcode-icon\n                    yes\n            \"\n                                    title=oui\n            >\n<\/i><\/td><td class=\"has-text-align-center\" data-align=\"center\"><i\n    class=\"safe-shortcode-icon\n                    yes\n            \"\n                                    title=oui\n            >\n<\/i><\/td><\/tr><tr><td>Recherche et exp\u00e9dition de m\u00e9dicaments<\/td><td class=\"has-text-align-center\" data-align=\"center\"><i\n    class=\"safe-shortcode-icon\n                    yes\n            \"\n                                    title=oui\n            >\n<\/i><\/td><td class=\"has-text-align-center\" data-align=\"center\"><i\n    class=\"safe-shortcode-icon\n                    yes\n            \"\n                                    title=oui\n            >\n<\/i><\/td><\/tr><tr><td>Protection juridique<\/td><td class=\"has-text-align-center\" data-align=\"center\">Option<\/td><td class=\"has-text-align-center\" data-align=\"center\">Option<\/td><\/tr><\/tbody><\/table><\/figure>\n\n\n\n<p><strong>Si vous pratiquez la plong\u00e9e, la p\u00eache sous-marine ou le ski nautique, assurez-vous que ces sports soient couverts par votre assurance bateau. <\/strong>Dans certains cas, vous devrez souscrire une extension Responsabilit\u00e9 Civile pour votre bateau.<\/p>\n\n\n\n<div style=\"height:20px\" aria-hidden=\"true\" class=\"wp-block-spacer\"><\/div>\n\n\n\n<h3 class=\"wp-block-heading\" id=\"block-1f6c6503-9dd7-4641-b890-14a4012c715a\">L&rsquo;assistance au bateau de l&rsquo;assurance MAAF<\/h3>\n\n\n\n<figure class=\"wp-block-table is-style-header-double\"><table><thead><tr><th class=\"has-text-align-center\" data-align=\"center\"><\/th><th class=\"has-text-align-center\" data-align=\"center\">Formule \u00e9conomique<\/th><th class=\"has-text-align-center\" data-align=\"center\">Formule tous risques<\/th><\/tr><\/thead><tbody><tr><td class=\"has-text-align-center\" data-align=\"center\"><strong>Service d\u2019assistance et de d\u00e9pannage \u00e0 quai et en mer<\/strong><\/td><td class=\"has-text-align-center\" data-align=\"center\"><i\n    class=\"safe-shortcode-icon\n                    yes\n            \"\n                                    title=oui\n            >\n<\/i><\/td><td class=\"has-text-align-center\" data-align=\"center\"><i\n    class=\"safe-shortcode-icon\n                    yes\n            \"\n                                    title=oui\n            >\n<\/i><\/td><\/tr><tr><td class=\"has-text-align-center\" data-align=\"center\"><strong>Transfert du bateau pour r\u00e9paration<\/strong><\/td><td class=\"has-text-align-center\" data-align=\"center\"><i\n    class=\"safe-shortcode-icon\n                    yes\n            \"\n                                    title=oui\n            >\n<\/i><\/td><td class=\"has-text-align-center\" data-align=\"center\"><i\n    class=\"safe-shortcode-icon\n                    yes\n            \"\n                                    title=oui\n            >\n<\/i><\/td><\/tr><tr><td class=\"has-text-align-center\" data-align=\"center\"><strong>Manutention et remorquage terrestre<\/strong><\/td><td class=\"has-text-align-center\" data-align=\"center\"><i\n    class=\"safe-shortcode-icon\n                    yes\n            \"\n                                    title=oui\n            >\n<\/i><\/td><td class=\"has-text-align-center\" data-align=\"center\"><i\n    class=\"safe-shortcode-icon\n                    yes\n            \"\n                                    title=oui\n            >\n<\/i><\/td><\/tr><tr><td class=\"has-text-align-center\" data-align=\"center\"><strong>Rapatriement du bateau en \u00e9tat de naviguer<\/strong><\/td><td class=\"has-text-align-center\" data-align=\"center\"><i\n    class=\"safe-shortcode-icon\n                    yes\n            \"\n                                    title=oui\n            >\n<\/i><\/td><td class=\"has-text-align-center\" data-align=\"center\"><i\n    class=\"safe-shortcode-icon\n                    yes\n            \"\n                                    title=oui\n            >\n<\/i><\/td><\/tr><tr><td class=\"has-text-align-center\" data-align=\"center\"><strong>R\u00e9cup\u00e9ration du bateau et \/ ou remorquage si immobilisation<\/strong><\/td><td class=\"has-text-align-center\" data-align=\"center\"><i\n    class=\"safe-shortcode-icon\n                    yes\n            \"\n                                    title=oui\n            >\n<\/i><\/td><td class=\"has-text-align-center\" data-align=\"center\"><i\n    class=\"safe-shortcode-icon\n                    yes\n            \"\n                                    title=oui\n            >\n<\/i><\/td><\/tr><tr><td class=\"has-text-align-center\" data-align=\"center\"><strong>Envoi de pi\u00e8ces d\u00e9tach\u00e9es<\/strong><\/td><td class=\"has-text-align-center\" data-align=\"center\"><i\n    class=\"safe-shortcode-icon\n                    yes\n            \"\n                                    title=oui\n            >\n<\/i><\/td><td class=\"has-text-align-center\" data-align=\"center\"><i\n    class=\"safe-shortcode-icon\n                    yes\n            \"\n                                    title=oui\n            >\n<\/i><\/td><\/tr><tr><td class=\"has-text-align-center\" data-align=\"center\"><strong>Frais de port et de gardiennage<\/strong><\/td><td class=\"has-text-align-center\" data-align=\"center\"><i\n    class=\"safe-shortcode-icon\n                    no\n            \"\n                                    title=non\n            >\n<\/i><\/td><td class=\"has-text-align-center\" data-align=\"center\"><i\n    class=\"safe-shortcode-icon\n                    no\n            \"\n                                    title=non\n            >\n<\/i><\/td><\/tr><\/tbody><\/table><\/figure>\n\n\n<div style=\"height:20px\" aria-hidden=\"true\" class=\"wp-block-spacer\"><\/div>\n<!-- \/wp:post-content -->\n\n<!-- wp:heading {\"level\":3} -->\n<h3 id=\"block-3d74bb30-b537-4f39-a2a6-8724ef1bb8c8\">Les conditions g\u00e9n\u00e9rales de l&rsquo;assurance bateau MAAF<\/h3>\n<!-- \/wp:heading -->\n\n<!-- wp:paragraph -->\n<p id=\"block-c6f6fd40-725a-473d-820d-305da7abf482\"><strong>Elles vous sont fournies lorsque vous souscrivez votre contrat d\u2019assurance.<\/strong> Ces conditions g\u00e9n\u00e9rales r\u00e9capitulent toutes les garanties qui sont propos\u00e9es par le contrat&nbsp;MAAF, ainsi que le d\u00e9tail des options suppl\u00e9mentaires.<\/p>\n<!-- \/wp:paragraph -->\n\n<!-- wp:paragraph {\"align\":\"center\"} -->\n<p class=\"has-text-align-center\" id=\"block-267ab647-3772-41b3-af45-1c654599150c\"><strong><a href=\"https:\/\/guide.reassurez-moi.fr\/guide\/wp-content\/uploads\/2019\/06\/conditions-generales-assurance-bateau-maaf-2.pdf\">T\u00e9l\u00e9charger les conditions g\u00e9n\u00e9rales de l&rsquo;assurance bateau MAAF :<\/a><\/strong><\/p>\n<!-- \/wp:paragraph -->\n\n<!-- wp:image {\"align\":\"center\",\"id\":131404,\"width\":120,\"height\":120,\"sizeSlug\":\"large\"} -->\n<div class=\"wp-block-image\"><figure class=\"aligncenter size-large is-resized\"><a href=\"https:\/\/guide.reassurez-moi.fr\/guide\/wp-content\/uploads\/2019\/06\/conditions-generales-assurance-bateau-maaf-2.pdf\"><img loading=\"lazy\" decoding=\"async\" src=\"https:\/\/guide.reassurez-moi.fr\/guide\/wp-content\/uploads\/2020\/07\/conditions-generales.jpg\" alt=\"conditions generales\" class=\"wp-image-131404\" width=\"120\" height=\"120\"\/><\/a><\/figure><\/div>\n<!-- \/wp:image -->\n<!-- wp:heading -->\n<h2 id=\"block-1b050dbc-990d-4c79-87a7-a5862c003acc\">Notre avis sur l&rsquo;assurance bateau MAAF<\/h2>\n<!-- \/wp:heading -->\n\n<!-- wp:paragraph -->\n<p id=\"block-087bc989-6f7f-4aa4-947e-064c583b799e\"><p>La MAAF propose une assurance bateau tr\u00e8s int\u00e9ressante en termes de garanties. Les formules Economique, Economique + et Tous Risques permettent d\u2019adapter la couverture \u00e0 vos besoins r\u00e9els et la diff\u00e9rence se fait sur la nature et le nombre de sinistres pris en charge.<\/p>\n<p>L\u2019assistance propos\u00e9e est quasi-int\u00e9grale, quelle que soit la formule et reste incluse d\u2019office pour les trois niveaux. L\u2019existence de la garantie frais m\u00e9dicaux (individuelle marine) est notamment bienvenue, au m\u00eame titre que le rapatriement m\u00e9dical. Pour l\u2019assistance aux personnes, seule la protection juridique plaisance est en option (non valable pour les jets-ski).<\/p>\n<p>En ce qui concerne l\u2019assistance \u00e0 l\u2019embarcation, les frais de port et de gardiennage sont les seuls exclus de la couverture. Les autres services \u00e9tudi\u00e9s par nos soins sont tous inclus, \u00e0 l\u2019instar du remorquage, du renflouement, de l\u2019envoi de pi\u00e8ces d\u00e9tach\u00e9es ou du d\u00e9pannage d\u2019urgence.<\/p>\n<p>Le point faible de l\u2019assurance plaisance MAAF r\u00e9side dans la transparence des informations communiqu\u00e9es. Aucune page du site internet ne redirige clairement vers l\u2019assurance Alcyon, pour laquelle vous devrez contacter directement un conseiller MAAF ou chercher ailleurs en ligne. Il n\u2019est alors pas possible de conna\u00eetre le prix de ce produit, malgr\u00e9 l\u2019existence de conditions g\u00e9n\u00e9rales ad\u00e9quates.<\/p><\/p>\n<!-- \/wp:paragraph -->\n\n<!-- wp:mars\/information {\"icon\":\"glass\"} -->\n<div class=\"wp-block-mars-information icon-glass\"><i class=\"icon\"><\/i><p>Pour r\u00e9sumer : une tr\u00e8s bonne assurance plaisance voilier ou bateau \u00e0 moteur, adaptable pour un jet-ski. Le manque de renseignements sur le prix ne permet pourtant pas de juger pleinement de la performance globale.<\/p><\/div>\n<!-- \/wp:mars\/information -->\n\n<!-- wp:heading -->\n<h2 id=\"block-8a6310b4-5308-425b-8adb-c526a9971985\">Quel est le prix annuel de l&rsquo;assurance bateau MAAF ?<\/h2>\n<!-- \/wp:heading -->\n\n<!-- wp:paragraph -->\n<p id=\"block-659a3066-776d-4de4-bd93-d09793e64566\"><strong>Le tarif de l\u2019assurance bateau d\u00e9pend principalement de 5 crit\u00e8res :&nbsp;<\/strong><\/p>\n<!-- \/wp:paragraph -->\n\n<!-- wp:list -->\n<ul id=\"block-ae4f8fe3-bec5-456b-9ab2-e1a4439c8d4f\"><li>&nbsp;la franchise appliqu\u00e9e ;<\/li><li>&nbsp;la zone de navigation&nbsp;;<\/li><li>le mod\u00e8le de votre bateau ;<\/li><li>les ant\u00e9c\u00e9dents de l\u2019assur\u00e9 ;<\/li><li>l\u2019usage du bateau (bateau de plaisance, bateau de croisi\u00e8re, <a href=\"https:\/\/reassurez-moi.fr\/guide\/assurance-bateau\/location\">bateau de location<\/a>, etc.).<\/li><\/ul>\n<!-- \/wp:list -->\n\n<!-- wp:paragraph -->\n<p id=\"block-5ae01985-ead4-4ba9-bef8-02fb77b05984\"><strong>Pour vous donner une id\u00e9e, voici une simulation de tarifs de l&rsquo;assurance bateau MAAF : <\/strong><\/p>\n<!-- \/wp:paragraph -->\n\n\n<p id=\"block-5ae01985-ead4-4ba9-bef8-02fb77b05984\"><strong>MAAF ne communique malheureusement pas directement ses tarifs pour son assurance bateau.<\/strong> Cette disposition est r\u00e9ellement pr\u00e9judiciable dans la mesure o\u00f9 les simulateurs de devis en ligne sont relativement d\u00e9mocratis\u00e9s sur le march\u00e9. Une simple information tarifaire aurait \u00e9t\u00e9 bienvenue et tr\u00e8s simple \u00e0 communiquer.<\/p>\n<!-- \/wp:paragraph -->\n<!-- wp:heading -->\n<h2 id=\"block-315373ef-92db-4c17-8064-827e4f744b5e\">Comment contacter l&rsquo;assurance bateau MAAF ?<\/h2>\n<!-- \/wp:heading -->\n\n<!-- wp:paragraph -->\n<p id=\"block-6e0b1731-0d28-455a-91f0-649a8ebbe2a3\"><strong>Pour une demande d\u2019informations<\/strong>, une question sur votre contrat ou une demande d\u2019attestation d\u2019assurance bateau,&nbsp;MAAF&nbsp;vous invite \u00e0 vous rendre directement en agence ou sur le site internet MAAF.<\/p>\n<!-- \/wp:paragraph -->\n\n\n<p id=\"block-6e0b1731-0d28-455a-91f0-649a8ebbe2a3\"><strong>Voici l\u2019adresse du si\u00e8ge<\/strong>&nbsp;:&nbsp;<\/p>\n<!-- \/wp:paragraph -->\n\n<!-- wp:paragraph {\"align\":\"center\"} -->\n<p class=\"has-text-align-center\" id=\"block-6e0b1731-0d28-455a-91f0-649a8ebbe2a3\"><p>MAAF ASSURANCES SA<br \/>\nChauray<br \/>\n79036 NIORT CEDEX 9<\/p><\/p>\n<!-- \/wp:paragraph -->\n<!-- wp:heading -->\n<h2 id=\"block-ee9a800c-ce0f-413a-bd37-1bbbf2afada3\">MAAF, la meilleure des assurances bateau ? (7 devis comparatifs en ligne)<\/h2>\n<!-- \/wp:heading -->\n\n<!-- wp:paragraph -->\n<p id=\"block-4d240247-b634-41b4-8266-a5860f1c5fa4\"><strong>Comparez MAAF aux autres assurances bateau en simulant un devis imm\u00e9diat,<\/strong> vous obtiendrez un comparatif de tous les assureurs avec un acc\u00e8s aux tarifs et aux garanties qui conviennent \u00e0 vos besoin et \u00e0 l&rsquo;usage de votre embarcation.<\/p>\n<!-- \/wp:paragraph -->\n\n<!-- wp:spacer {\"height\":\"20px\"} -->\n<div style=\"height:20px\" aria-hidden=\"true\" class=\"wp-block-spacer\"><\/div>\n<!-- \/wp:spacer -->\n\n<!-- wp:shortcode -->\n\n<div class=\"flex  wp-block-rm-advertizing-block fix-in-sidebar\"><div class=\"image-container flex justify-center align-items-center py-3\"><img decoding=\"async\" src=\"https:\/\/guide.reassurez-moi.fr\/guide\/wp-content\/uploads\/2025\/06\/team_opti_short.png\" alt=\"reassurez-moi illustration\" class=\"wp-block-rm-advertizing-image\" loading=\"lazy\"\/><\/div><div class=\"\n                    rm-advertblock-container\n                    flex flex-column justify-center\n                    align-items-start\n                \"><p class=\"wp-block-rm-advertizing-text\n                              \n                            \">Assurance bateau : les meilleures offres 2025<\/p><a href=\"https:\/\/reassurez-moi.fr\/guide\/assurance-bateau\" class=\"wp-block-rm-advertizing-button\"><span class=\"wp-block-rm-advertizing-button-text\">Comparer les assurances bateau<\/span><\/a><\/div><\/div>\n\n<!-- \/wp:shortcode -->\n\n<!-- wp:spacer {\"height\":\"40px\"} -->\n<div style=\"height:40px\" aria-hidden=\"true\" class=\"wp-block-spacer\"><\/div>\n<!-- \/wp:spacer -->\n\n<!-- wp:quote -->\n<blockquote class=\"wp-block-quote\"><p><em><span class=\"has-small-font-size\">En tant que courtier d&rsquo;assurance, notre mission est de vous informer et de vous conseiller sur les offres d&rsquo;assurance propos\u00e9es sur le march\u00e9. Ces fiches conseils ont pour objet de vous pr\u00e9senter les produits de nos <a href=\"https:\/\/reassurez-moi.fr\/guide\/cgu-cgv#MISE_EN_RELATION_AVEC_LES_PARTENAIRES\">assureurs partenaires<\/a> comme ceux avec lesquels nous n&rsquo;entretenons pas de liens.\u00a0Ces fiches vous donnent notre\u00a0analyse\u00a0objective\u00a0sur les contrats d&rsquo;assurance\u00a0mais aussi\u00a0des\u00a0informations sur les formalit\u00e9s d&rsquo;adh\u00e9sion.<\/span><\/em><\/p><\/blockquote>\n<!-- \/wp:quote -->","protected":false},"excerpt":{"rendered":"<p>Assurance bateau MAAF L\u2019assurance bateau n\u2019est pas une couverture obligatoire, du moins pour les particuliers. Elle est pourtant fortement conseill\u00e9e, surtout lorsque l\u2019on sait le prix que peuvent co\u00fbter les r\u00e9parations ou les dommages d\u2019un tel appareil. Afin de vous aider \u00e0 choisir, nous vous pr\u00e9sentons l&rsquo;assurance bateau&nbsp;MAAF. Les garanties de l&rsquo;assurance bateau MAAF L&rsquo;assistance [&hellip;]<\/p>\n","protected":false},"author":61,"featured_media":0,"parent":67256,"menu_order":0,"comment_status":"open","ping_status":"closed","template":"","meta":{"_acf_changed":false,"footnotes":""},"categories":[],"page_topic":[610],"class_list":["post-145790","page","type-page","status-publish","hentry"],"yoast_head":"<!-- This site is optimized with the Yoast SEO plugin v24.7 - https:\/\/yoast.com\/wordpress\/plugins\/seo\/ -->\n<title>Notre avis sur l&#039;assurance bateau MAAF | Garanties, comparatif et tarifs <\/title>\n<meta name=\"description\" content=\"D\u00e9tails de la couverture de l&#039;assurance bateau MAAF. Montants d&#039;indemnisations et garanties. Comparatif avec les meilleures offres du march\u00e9\" \/>\n<meta name=\"robots\" content=\"index, follow, max-snippet:-1, max-image-preview:large, max-video-preview:-1\" \/>\n<link rel=\"canonical\" href=\"https:\/\/guide.reassurez-moi.fr\/guide\/assurance-bateau\/maaf\" \/>\n<meta property=\"og:locale\" content=\"fr_FR\" \/>\n<meta property=\"og:type\" content=\"article\" \/>\n<meta property=\"og:title\" content=\"Notre avis sur l&#039;assurance bateau MAAF | Garanties, comparatif et tarifs\" \/>\n<meta property=\"og:description\" content=\"D\u00e9tails de la couverture de l&#039;assurance bateau MAAF. Montants d&#039;indemnisations et garanties. Comparatif avec les meilleures offres du march\u00e9\" \/>\n<meta property=\"og:url\" content=\"https:\/\/guide.reassurez-moi.fr\/guide\/assurance-bateau\/maaf\" \/>\n<meta property=\"og:site_name\" content=\"R\u00e9assurez-moi\" \/>\n<meta property=\"article:publisher\" content=\"https:\/\/www.facebook.com\/R%c3%a9assurez-moi-209456495889479\/\" \/>\n<meta property=\"og:image\" content=\"https:\/\/guide.reassurez-moi.fr\/guide\/wp-content\/uploads\/2018\/04\/image-de-partage.png\" \/>\n\t<meta property=\"og:image:width\" content=\"500\" \/>\n\t<meta property=\"og:image:height\" content=\"160\" \/>\n\t<meta property=\"og:image:type\" content=\"image\/png\" \/>\n<meta name=\"twitter:card\" content=\"summary_large_image\" \/>\n<meta name=\"twitter:site\" content=\"@reassurezmoi\" \/>\n<script type=\"application\/ld+json\" class=\"yoast-schema-graph\">{\"@context\":\"https:\/\/schema.org\",\"@graph\":[{\"@type\":\"WebPage\",\"@id\":\"https:\/\/guide.reassurez-moi.fr\/guide\/assurance-bateau\/maaf\",\"url\":\"https:\/\/guide.reassurez-moi.fr\/guide\/assurance-bateau\/maaf\",\"name\":\"L'assurance bateau MAAF | R\u00e9assurez-moi\",\"isPartOf\":{\"@id\":\"https:\/\/guide.reassurez-moi.fr\/guide\/#website\"},\"datePublished\":\"2022-02-21T22:53:23+00:00\",\"breadcrumb\":{\"@id\":\"https:\/\/guide.reassurez-moi.fr\/guide\/assurance-bateau\/maaf#breadcrumb\"},\"inLanguage\":\"fr-FR\",\"potentialAction\":[{\"@type\":\"ReadAction\",\"target\":[\"https:\/\/guide.reassurez-moi.fr\/guide\/assurance-bateau\/maaf\"]}]},{\"@type\":\"BreadcrumbList\",\"@id\":\"https:\/\/guide.reassurez-moi.fr\/guide\/assurance-bateau\/maaf#breadcrumb\",\"itemListElement\":[{\"@type\":\"ListItem\",\"position\":1,\"name\":\"Assurances\",\"item\":\"https:\/\/guide.reassurez-moi.fr\/guide\/\"},{\"@type\":\"ListItem\",\"position\":2,\"name\":\"Comparateur assurance bateau\",\"item\":\"https:\/\/guide.reassurez-moi.fr\/guide\/assurance-bateau\"},{\"@type\":\"ListItem\",\"position\":3,\"name\":\"L'assurance bateau MAAF\"}]},{\"@type\":\"WebSite\",\"@id\":\"https:\/\/guide.reassurez-moi.fr\/guide\/#website\",\"url\":\"https:\/\/guide.reassurez-moi.fr\/guide\/\",\"name\":\"R\u00e9assurez-moi\",\"description\":\"Comparateur d&#039;assurances\",\"potentialAction\":[{\"@type\":\"SearchAction\",\"target\":{\"@type\":\"EntryPoint\",\"urlTemplate\":\"https:\/\/guide.reassurez-moi.fr\/guide\/?s={search_term_string}\"},\"query-input\":{\"@type\":\"PropertyValueSpecification\",\"valueRequired\":true,\"valueName\":\"search_term_string\"}}],\"inLanguage\":\"fr-FR\"}]}<\/script>\n<!-- \/ Yoast SEO plugin. -->","yoast_head_json":{"title":"Notre avis sur l'assurance bateau MAAF | Garanties, comparatif et tarifs ","description":"D\u00e9tails de la couverture de l'assurance bateau MAAF. Montants d'indemnisations et garanties. Comparatif avec les meilleures offres du march\u00e9","robots":{"index":"index","follow":"follow","max-snippet":"max-snippet:-1","max-image-preview":"max-image-preview:large","max-video-preview":"max-video-preview:-1"},"canonical":"https:\/\/guide.reassurez-moi.fr\/guide\/assurance-bateau\/maaf","og_locale":"fr_FR","og_type":"article","og_title":"Notre avis sur l'assurance bateau MAAF | Garanties, comparatif et tarifs","og_description":"D\u00e9tails de la couverture de l'assurance bateau MAAF. Montants d'indemnisations et garanties. Comparatif avec les meilleures offres du march\u00e9","og_url":"https:\/\/guide.reassurez-moi.fr\/guide\/assurance-bateau\/maaf","og_site_name":"R\u00e9assurez-moi","article_publisher":"https:\/\/www.facebook.com\/R%c3%a9assurez-moi-209456495889479\/","og_image":[{"width":500,"height":160,"url":"https:\/\/guide.reassurez-moi.fr\/guide\/wp-content\/uploads\/2018\/04\/image-de-partage.png","type":"image\/png"}],"twitter_card":"summary_large_image","twitter_site":"@reassurezmoi","schema":{"@context":"https:\/\/schema.org","@graph":[{"@type":"WebPage","@id":"https:\/\/guide.reassurez-moi.fr\/guide\/assurance-bateau\/maaf","url":"https:\/\/guide.reassurez-moi.fr\/guide\/assurance-bateau\/maaf","name":"L'assurance bateau MAAF | R\u00e9assurez-moi","isPartOf":{"@id":"https:\/\/guide.reassurez-moi.fr\/guide\/#website"},"datePublished":"2022-02-21T22:53:23+00:00","breadcrumb":{"@id":"https:\/\/guide.reassurez-moi.fr\/guide\/assurance-bateau\/maaf#breadcrumb"},"inLanguage":"fr-FR","potentialAction":[{"@type":"ReadAction","target":["https:\/\/guide.reassurez-moi.fr\/guide\/assurance-bateau\/maaf"]}]},{"@type":"BreadcrumbList","@id":"https:\/\/guide.reassurez-moi.fr\/guide\/assurance-bateau\/maaf#breadcrumb","itemListElement":[{"@type":"ListItem","position":1,"name":"Assurances","item":"https:\/\/guide.reassurez-moi.fr\/guide\/"},{"@type":"ListItem","position":2,"name":"Comparateur assurance bateau","item":"https:\/\/guide.reassurez-moi.fr\/guide\/assurance-bateau"},{"@type":"ListItem","position":3,"name":"L'assurance bateau MAAF"}]},{"@type":"WebSite","@id":"https:\/\/guide.reassurez-moi.fr\/guide\/#website","url":"https:\/\/guide.reassurez-moi.fr\/guide\/","name":"R\u00e9assurez-moi","description":"Comparateur d&#039;assurances","potentialAction":[{"@type":"SearchAction","target":{"@type":"EntryPoint","urlTemplate":"https:\/\/guide.reassurez-moi.fr\/guide\/?s={search_term_string}"},"query-input":{"@type":"PropertyValueSpecification","valueRequired":true,"valueName":"search_term_string"}}],"inLanguage":"fr-FR"}]}},"acf":[],"_links":{"self":[{"href":"https:\/\/guide.reassurez-moi.fr\/guide\/wp-json\/wp\/v2\/pages\/145790","targetHints":{"allow":["GET"]}}],"collection":[{"href":"https:\/\/guide.reassurez-moi.fr\/guide\/wp-json\/wp\/v2\/pages"}],"about":[{"href":"https:\/\/guide.reassurez-moi.fr\/guide\/wp-json\/wp\/v2\/types\/page"}],"author":[{"embeddable":true,"href":"https:\/\/guide.reassurez-moi.fr\/guide\/wp-json\/wp\/v2\/users\/61"}],"replies":[{"embeddable":true,"href":"https:\/\/guide.reassurez-moi.fr\/guide\/wp-json\/wp\/v2\/comments?post=145790"}],"version-history":[{"count":0,"href":"https:\/\/guide.reassurez-moi.fr\/guide\/wp-json\/wp\/v2\/pages\/145790\/revisions"}],"up":[{"embeddable":true,"href":"https:\/\/guide.reassurez-moi.fr\/guide\/wp-json\/wp\/v2\/pages\/67256"}],"wp:attachment":[{"href":"https:\/\/guide.reassurez-moi.fr\/guide\/wp-json\/wp\/v2\/media?parent=145790"}],"wp:term":[{"taxonomy":"category","embeddable":true,"href":"https:\/\/guide.reassurez-moi.fr\/guide\/wp-json\/wp\/v2\/categories?post=145790"},{"taxonomy":"page_topic","embeddable":true,"href":"https:\/\/guide.reassurez-moi.fr\/guide\/wp-json\/wp\/v2\/page_topic?post=145790"}],"curies":[{"name":"wp","href":"https:\/\/api.w.org\/{rel}","templated":true}]}}