{"id":145881,"date":"2021-01-18T22:27:09","date_gmt":"2021-01-18T21:27:09","guid":{"rendered":"https:\/\/reassurez-moi.fr\/guide\/responsabilite-civile\/macif"},"modified":"2021-01-18T22:27:09","modified_gmt":"2021-01-18T21:27:09","slug":"macif","status":"publish","type":"page","link":"https:\/\/guide.reassurez-moi.fr\/guide\/responsabilite-civile\/macif","title":{"rendered":"L'assurance Responsabilit\u00e9 Civile Macif"},"content":{"rendered":"\n<h1 class=\"wp-block-heading\">L&rsquo;assurance Responsabilit\u00e9 Civile Macif<\/h1>\n\n\n\n<p><strong>L\u2019assurance Responsabilit\u00e9 Civile permet de couvrir les dommages que vous pourriez causer \u00e0 autrui. En cas de sinistre caus\u00e9 involontairement \u00e0 un tiers ou \u00e0 un de ses biens (chute d\u2019un t\u00e9l\u00e9phone portable par exemple), l\u2019assurance prend en charge les r\u00e9parations. Nous vous d\u00e9taillons l&rsquo;offre de Responsabilit\u00e9 Civile\u00a0Macif.<\/strong><\/p>\n\n\n\n<h2 class=\"wp-block-heading\">Que couvre le contrat d&rsquo;assurance Responsabilit\u00e9 Civile Macif ?<\/h2>\n\n\n\n<p><strong>Soyez attentif aux personnes couvertes par l\u2019assurance Responsabilit\u00e9 Civile que vous souhaitez souscrire. <\/strong>La plupart du temps, votre RC prend en charge vos enfants mais il n\u2019en est pas forc\u00e9ment de m\u00eame pour toutes les personnes de votre foyer.&nbsp;Pour vous aider dans vos recherches, voici le d\u00e9tail des garanties propos\u00e9es de RC par l\u2019assureur&nbsp;Macif :<\/p>\n\n\n\n<figure class=\"wp-block-table is-style-header-simple\"><table><thead><tr><th class=\"has-text-align-center\" data-align=\"center\">Garanties<\/th><th class=\"has-text-align-center\" data-align=\"center\">D\u00e9tails de la prise en charge<\/th><\/tr><\/thead><tbody><tr><td class=\"has-text-align-center\" data-align=\"center\"><strong>Personnes du foyer couvertes<\/strong><\/td><td class=\"has-text-align-center\" data-align=\"center\"><p>Conjoint et enfants \u00e0 charge<\/p><\/td><\/tr><tr><td class=\"has-text-align-center\" data-align=\"center\"><strong>Franchises<\/strong><\/td><td class=\"has-text-align-center\" data-align=\"center\"><p>76 \u20ac (sauf dommages corporels, caus\u00e9s par les enfants ou pour location saisonni\u00e8re)<\/p><\/td><\/tr><tr><td class=\"has-text-align-center\" data-align=\"center\"><strong>Limites de garanties<\/strong><\/td><td class=\"has-text-align-center\" data-align=\"center\"><p>Dommages intentionnels, faute dolosive ou impliquant un v\u00e9hicule \u00e0 moteur<\/p><\/td><\/tr><tr><td class=\"has-text-align-center\" data-align=\"center\"><strong>Garanties suppl\u00e9mentaires<\/strong><\/td><td class=\"has-text-align-center\" data-align=\"center\"><p>D\u00e9fense \/ recours et location saisonni\u00e8re<\/p><\/td><\/tr><tr><td class=\"has-text-align-center\" data-align=\"center\"><strong>Dommages caus\u00e9s par les chiens dangereux<\/strong><\/td><td class=\"has-text-align-center\" data-align=\"center\"><i\n    class=\"safe-shortcode-icon\n                    yes\n            \"\n                                    title=oui\n            >\n<\/i><\/td><\/tr><tr><td class=\"has-text-align-center\" data-align=\"center\"><strong>Objets confi\u00e9s<\/strong><\/td><td class=\"has-text-align-center\" data-align=\"center\"><i\n    class=\"safe-shortcode-icon\n                    yes\n            \"\n                                    title=oui\n            >\n<\/i><\/td><\/tr><tr><td class=\"has-text-align-center\" data-align=\"center\"><strong>Dommages \u00e0 l&rsquo;\u00e9tranger<\/strong><\/td><td class=\"has-text-align-center\" data-align=\"center\"><i\n    class=\"safe-shortcode-icon\n                    no\n            \"\n                                    title=non\n            >\n<\/i><\/td><\/tr><tr><td class=\"has-text-align-center\" data-align=\"center\"><strong>Activit\u00e9s b\u00e9n\u00e9voles<\/strong><\/td><td class=\"has-text-align-center\" data-align=\"center\"><p>Aide et secours uniquement<\/p><\/td><\/tr><tr><td class=\"has-text-align-center\" data-align=\"center\"><strong>Catastrophes naturelles<\/strong><\/td><td class=\"has-text-align-center\" data-align=\"center\"><p>Non communiqu\u00e9<\/p><\/td><\/tr><tr><td class=\"has-text-align-center\" data-align=\"center\"><strong>Location saisonni\u00e8re<\/strong><\/td><td class=\"has-text-align-center\" data-align=\"center\"><i\n    class=\"safe-shortcode-icon\n                    no\n            \"\n                                    title=non\n            >\n<\/i><\/td><\/tr><\/tbody><\/table><\/figure>\n\n\n\n<div style=\"height:20px\" aria-hidden=\"true\" class=\"wp-block-spacer\"><\/div>\n\n\n\n<h3 class=\"wp-block-heading\">Les conditions g\u00e9n\u00e9rales de l&rsquo;assurance Responsabilit\u00e9 Civile Macif<\/h3>\n\n\n\n<p><strong>Elles vous sont fournies lorsque vous souscrivez votre contrat d\u2019assurance Responsabilit\u00e9 Civile. <\/strong><\/p>\n<!-- \/wp:post-content -->\n\n<!-- wp:paragraph {\"align\":\"center\"} -->\n<p class=\"has-text-align-center\"><strong><a href=\"https:\/\/guide.reassurez-moi.fr\/guide\/wp-content\/uploads\/2019\/05\/conditions-generales-assurance-responsabilite-civile-macif.pdf\">T\u00e9l\u00e9charger les conditions g\u00e9n\u00e9rales de la RC Macif :<\/a><\/strong><\/p>\n<!-- \/wp:paragraph -->\n\n<!-- wp:image {\"align\":\"center\",\"id\":131404,\"width\":120,\"height\":120,\"sizeSlug\":\"large\"} -->\n<div class=\"wp-block-image\"><figure class=\"aligncenter size-large is-resized\"><a href=\"https:\/\/guide.reassurez-moi.fr\/guide\/wp-content\/uploads\/2019\/05\/conditions-generales-assurance-responsabilite-civile-macif.pdf\"><img loading=\"lazy\" decoding=\"async\" src=\"https:\/\/guide.reassurez-moi.fr\/guide\/wp-content\/uploads\/2020\/07\/conditions-generales.jpg\" alt=\"conditions generales\" class=\"wp-image-131404\" width=\"120\" height=\"120\"\/><\/a><\/figure><\/div>\n<!-- \/wp:image -->\n<!-- wp:heading -->\n<h2>Quel est le prix de l&rsquo;assurance Responsabilit\u00e9 Civile Macif ? <\/h2>\n<!-- \/wp:heading -->\n\n\n<p id=\"block-3e8d760f-4da7-409b-a572-b41346f7f314\"><strong>La plupart des assureurs en Responsabilit\u00e9 Civile annoncent leurs tarifs en toute transparence,&nbsp;<\/strong>pour permettre aux int\u00e9ress\u00e9s d\u2019\u00e9valuer les prix&nbsp;propos\u00e9s. Ce n\u2019est pas le cas de l&rsquo;assureur Macif qui ne les indique aucunement sur son site, pas plus qu\u2019il ne propose de simulation en ligne des tarifs qu\u2019il applique.&nbsp;<\/p>\n<!-- \/wp:paragraph -->\n<!-- wp:paragraph -->\n<p><strong>La plupart des contrats d&rsquo;assurance habitation et d&rsquo;assurance auto ont automatiquement une garantie Responsabilit\u00e9 Civile. <\/strong>Chez R\u00e9assurez-moi, nous vous proposons des contrats group\u00e9s vous permettant de faire de s\u00e9rieuses \u00e9conomies. Comparez nos offres !<\/p>\n<!-- \/wp:paragraph -->\n\n<!-- wp:columns -->\n<div class=\"wp-block-columns\"><!-- wp:column -->\n<div class=\"wp-block-column\"><!-- wp:paragraph {\"align\":\"center\"} -->\n<p class=\"has-text-align-center\"><strong>Assurance auto <\/strong><\/p>\n<!-- \/wp:paragraph -->\n\n<!-- wp:image {\"align\":\"center\",\"id\":33173,\"width\":50,\"height\":50,\"sizeSlug\":\"large\"} -->\n<div class=\"wp-block-image\"><figure class=\"aligncenter size-large is-resized\"><img loading=\"lazy\" decoding=\"async\" src=\"https:\/\/guide.reassurez-moi.fr\/guide\/wp-content\/uploads\/2018\/05\/car-4.png\" alt=\"car 4\" class=\"wp-image-33173\" width=\"50\" height=\"50\"\/><\/figure><\/div>\n<!-- \/wp:image -->\n\n<!-- wp:buttons {\"layout\":{\"type\":\"flex\",\"justifyContent\":\"center\",\"orientation\":\"horizontal\"}} -->\n<div class=\"wp-block-buttons\"><!-- wp:button {\"className\":\"is-style-rm-button-orange\"} -->\n<div class=\"wp-block-button is-style-rm-button-orange\"><a class=\"wp-block-button__link\" href=\"https:\/\/reassurez-moi.fr\/guide\/assurance-auto\">Je compare<\/a><\/div>\n<!-- \/wp:button --><\/div>\n<!-- \/wp:buttons --><\/div>\n<!-- \/wp:column -->\n\n<!-- wp:column -->\n<div class=\"wp-block-column\"><!-- wp:paragraph {\"align\":\"center\"} -->\n<p class=\"has-text-align-center\"><meta charset=\"utf-8\"><strong>Assurance habitation<\/strong><\/p>\n<!-- \/wp:paragraph -->\n\n<!-- wp:image {\"align\":\"center\",\"id\":32691,\"width\":50,\"height\":50,\"sizeSlug\":\"large\"} -->\n<div class=\"wp-block-image\"><figure class=\"aligncenter size-large is-resized\"><img loading=\"lazy\" decoding=\"async\" src=\"https:\/\/guide.reassurez-moi.fr\/guide\/wp-content\/uploads\/2018\/05\/house-1.png\" alt=\"house 1\" class=\"wp-image-32691\" width=\"50\" height=\"50\"\/><\/figure><\/div>\n<!-- \/wp:image -->\n\n<!-- wp:buttons {\"layout\":{\"type\":\"flex\",\"justifyContent\":\"center\",\"orientation\":\"horizontal\"}} -->\n<div class=\"wp-block-buttons\"><!-- wp:button {\"className\":\"is-style-rm-button-orange\"} -->\n<div class=\"wp-block-button is-style-rm-button-orange\"><a class=\"wp-block-button__link\" href=\"https:\/\/reassurez-moi.fr\/guide\/assurance-habitation\">Je compare<\/a><\/div>\n<!-- \/wp:button --><\/div>\n<!-- \/wp:buttons --><\/div>\n<!-- \/wp:column --><\/div>\n<!-- \/wp:columns -->\n\n<!-- wp:heading -->\n<h2>Quel est notre avis sur l&rsquo;assurance Responsabilit\u00e9 Civile Macif pour particulier ?<\/h2>\n<!-- \/wp:heading -->\n\n<!-- wp:paragraph -->\n<p><p>L\u2019assurance Responsabilit\u00e9 Civile (RC) de la Macif est un contrat int\u00e9ressant, dans la mesure o\u00f9 il est peu on\u00e9reux (48 \u20ac \/ an) et permet une prise en charge globale \u00e9tendue. Le fait que les membres de votre foyer (conjoint et enfants \u00e0 charge) soient couverts est particuli\u00e8rement bienvenu, au m\u00eame titre que les dommages caus\u00e9s par vos animaux de compagnie (exclusion faite des chiens dangereux de cat\u00e9gories 1 et 2).<\/p>\n<p>Le prix de la RC de la Macif est r\u00e9ellement comp\u00e9titif, puisque les sommes engag\u00e9es dans les dommages caus\u00e9s de mani\u00e8re involontaire peuvent \u00eatre tr\u00e8s \u00e9lev\u00e9es (pr\u00e9judices corporels notamment). Vous avez ici la possibilit\u00e9 de voir vos remboursements directement indemnis\u00e9s \u00e0 la victime pour moins de 50 \u20ac \/ an. La franchise, fix\u00e9e \u00e0 76 \u20ac pour tout sinistre, reste accessible, un sinistre co\u00fbtant g\u00e9n\u00e9ralement plus cher qu\u2019une centaine d\u2019euros.<\/p>\n<p>En parall\u00e8le, la RC de la Macif est applicable dans le cadre d\u2019une location saisonni\u00e8re, alors que cette garantie est plus souvent incluse dans l\u2019assurance habitation, souvent en option. La Macif pr\u00e9voit par ailleurs la defense et le recours de vos droits en cas de litige avec un tiers qui serait cons\u00e9cutif \u00e0 un sinistre garantie par son assurance Responsabilit\u00e9 Civile. La territorialit\u00e9 \u00e9tendue \u00e0 l\u2019\u00e9tranger pour des s\u00e9jours de moins d\u2019un an est \u00e9galement int\u00e9ressante.<\/p>\n<p>La Macif ne communique en revanche pas ses tarifs pour son assurance RC et R\u00e9assurez-moi a d\u00fb se les procurer par ses propres moyens. Vous pouvez obtenir un devis personnalis\u00e9 en contactant directement un conseiller de l\u2019assureur par t\u00e9l\u00e9phone.<\/p><\/p>\n<!-- \/wp:paragraph -->\n\n<div class=\"wp-block-mars-information icon-glass\"><i class=\"icon\"><\/i><p>Pour r\u00e9sumer : un tr\u00e8s bon contrat, simple et financi\u00e8rement accessible, avec une couverture \u00e9tendue et performante.<\/p><\/div>\n<!-- \/wp:mars\/information -->\n<!-- wp:heading -->\n<h2>Comment obtenir l&rsquo;attestation de Responsabilit\u00e9 Civile Macif ?<\/h2>\n<!-- \/wp:heading -->\n\n<!-- wp:paragraph -->\n<p><strong>Dans certaines situations, vous aurez besoin de pr\u00e9senter une attestation d\u2019assurance Responsabilit\u00e9 Civile. <\/strong>Cela peut \u00eatre le cas lors de l\u2019inscription \u00e0 l\u2019\u00e9cole d\u2019un de vos enfants ou encore pour la signature d\u2019une convention de charge.&nbsp;Ce document vous a \u00e9t\u00e9 obligatoirement envoy\u00e9 au moment de la souscription de votre RC. <br><br><strong>Si vous l\u2019avez perdu, vous pouvez vous la procurer de diff\u00e9rentes mani\u00e8res :&nbsp;<\/strong><\/p>\n<!-- \/wp:paragraph -->\n\n<!-- wp:list -->\n<ul><li>en vous rendant dans votre espace client Macif ;<\/li><li>en contactant votre conseiller Macif.&nbsp;<\/li><\/ul>\n<!-- \/wp:list -->\n\n<!-- wp:paragraph -->\n<p><strong>Elle vous sera envoy\u00e9e par mail ou par courrier, selon votre pr\u00e9f\u00e9rence.<\/strong><\/p>\n<!-- \/wp:paragraph -->\n\n<!-- wp:heading -->\n<h2>Comment contacter l&rsquo;assureur en RC Macif ?<\/h2>\n<!-- \/wp:heading -->\n\n<!-- wp:paragraph -->\n<p><strong>Pour une demande d\u2019informations ou une question sur votre contrat<\/strong>, Macif&nbsp;vous invite \u00e0 contacter l\u2019agence la plus proche de chez vous ou \u00e0 vous rendre sur leur site internet. <\/p>\n<!-- \/wp:paragraph -->\n\n\n<p><strong>Par courrier postal, \u00e0 l&rsquo;adresse suivante :<\/strong><\/p>\n<!-- \/wp:paragraph -->\n\n<!-- wp:paragraph {\"align\":\"center\"} -->\n<p class=\"has-text-align-center\"><p>MACIF (Mutuelle Assurance des Commer\u00e7ants et Industriels de France et des cadres et des salari\u00e9s de l\u2019industrie et du commerce)<br \/>\n2 et 4 rue de Pied de Fond<br \/>\n79000 NIORT CEDEX 9<\/p><\/p>\n<!-- \/wp:paragraph -->","protected":false},"excerpt":{"rendered":"<p>L&rsquo;assurance Responsabilit\u00e9 Civile Macif L\u2019assurance Responsabilit\u00e9 Civile permet de couvrir les dommages que vous pourriez causer \u00e0 autrui. En cas de sinistre caus\u00e9 involontairement \u00e0 un tiers ou \u00e0 un de ses biens (chute d\u2019un t\u00e9l\u00e9phone portable par exemple), l\u2019assurance prend en charge les r\u00e9parations. Nous vous d\u00e9taillons l&rsquo;offre de Responsabilit\u00e9 Civile\u00a0Macif. Que couvre le [&hellip;]<\/p>\n","protected":false},"author":61,"featured_media":0,"parent":62040,"menu_order":0,"comment_status":"closed","ping_status":"closed","template":"","meta":{"_acf_changed":false,"footnotes":""},"categories":[],"page_topic":[611],"class_list":["post-145881","page","type-page","status-publish","hentry"],"yoast_head":"<!-- This site is optimized with the Yoast SEO plugin v24.7 - https:\/\/yoast.com\/wordpress\/plugins\/seo\/ -->\n<title>Que couvre la Responsabilit\u00e9 Civile Macif ? Garanties et avis <\/title>\n<meta name=\"description\" content=\"L&#039;assurance Responsabilit\u00e9 Civile (RC) Macif en d\u00e9tails - Prix et garanties - Devis en ligne 100 % gratuits !\" \/>\n<meta name=\"robots\" content=\"index, follow, max-snippet:-1, max-image-preview:large, max-video-preview:-1\" \/>\n<link rel=\"canonical\" href=\"https:\/\/guide.reassurez-moi.fr\/guide\/responsabilite-civile\/macif\" \/>\n<meta property=\"og:locale\" content=\"fr_FR\" \/>\n<meta property=\"og:type\" content=\"article\" \/>\n<meta property=\"og:title\" content=\"Que couvre la Responsabilit\u00e9 Civile Macif ? Garanties et avis\" \/>\n<meta property=\"og:description\" content=\"L&#039;assurance Responsabilit\u00e9 Civile (RC) Macif en d\u00e9tails - Prix et garanties - Devis en ligne 100 % gratuits !\" \/>\n<meta property=\"og:url\" content=\"https:\/\/guide.reassurez-moi.fr\/guide\/responsabilite-civile\/macif\" \/>\n<meta property=\"og:site_name\" content=\"R\u00e9assurez-moi\" \/>\n<meta property=\"article:publisher\" content=\"https:\/\/www.facebook.com\/R%c3%a9assurez-moi-209456495889479\/\" \/>\n<meta property=\"og:image\" content=\"https:\/\/guide.reassurez-moi.fr\/guide\/wp-content\/uploads\/2018\/04\/image-de-partage.png\" \/>\n\t<meta property=\"og:image:width\" content=\"500\" \/>\n\t<meta property=\"og:image:height\" content=\"160\" \/>\n\t<meta property=\"og:image:type\" content=\"image\/png\" \/>\n<meta name=\"twitter:card\" content=\"summary_large_image\" \/>\n<meta name=\"twitter:site\" content=\"@reassurezmoi\" \/>\n<script type=\"application\/ld+json\" class=\"yoast-schema-graph\">{\"@context\":\"https:\/\/schema.org\",\"@graph\":[{\"@type\":\"WebPage\",\"@id\":\"https:\/\/guide.reassurez-moi.fr\/guide\/responsabilite-civile\/macif\",\"url\":\"https:\/\/guide.reassurez-moi.fr\/guide\/responsabilite-civile\/macif\",\"name\":\"L'assurance Responsabilit\u00e9 Civile Macif | R\u00e9assurez-moi\",\"isPartOf\":{\"@id\":\"https:\/\/guide.reassurez-moi.fr\/guide\/#website\"},\"datePublished\":\"2021-01-18T21:27:09+00:00\",\"breadcrumb\":{\"@id\":\"https:\/\/guide.reassurez-moi.fr\/guide\/responsabilite-civile\/macif#breadcrumb\"},\"inLanguage\":\"fr-FR\",\"potentialAction\":[{\"@type\":\"ReadAction\",\"target\":[\"https:\/\/guide.reassurez-moi.fr\/guide\/responsabilite-civile\/macif\"]}]},{\"@type\":\"BreadcrumbList\",\"@id\":\"https:\/\/guide.reassurez-moi.fr\/guide\/responsabilite-civile\/macif#breadcrumb\",\"itemListElement\":[{\"@type\":\"ListItem\",\"position\":1,\"name\":\"Assurances\",\"item\":\"https:\/\/guide.reassurez-moi.fr\/guide\/\"},{\"@type\":\"ListItem\",\"position\":2,\"name\":\"Assurance Responsabilit\u00e9 Civile\",\"item\":\"https:\/\/guide.reassurez-moi.fr\/guide\/responsabilite-civile\"},{\"@type\":\"ListItem\",\"position\":3,\"name\":\"L'assurance Responsabilit\u00e9 Civile Macif\"}]},{\"@type\":\"WebSite\",\"@id\":\"https:\/\/guide.reassurez-moi.fr\/guide\/#website\",\"url\":\"https:\/\/guide.reassurez-moi.fr\/guide\/\",\"name\":\"R\u00e9assurez-moi\",\"description\":\"Comparateur d&#039;assurances\",\"potentialAction\":[{\"@type\":\"SearchAction\",\"target\":{\"@type\":\"EntryPoint\",\"urlTemplate\":\"https:\/\/guide.reassurez-moi.fr\/guide\/?s={search_term_string}\"},\"query-input\":{\"@type\":\"PropertyValueSpecification\",\"valueRequired\":true,\"valueName\":\"search_term_string\"}}],\"inLanguage\":\"fr-FR\"}]}<\/script>\n<!-- \/ Yoast SEO plugin. -->","yoast_head_json":{"title":"Que couvre la Responsabilit\u00e9 Civile Macif ? Garanties et avis ","description":"L'assurance Responsabilit\u00e9 Civile (RC) Macif en d\u00e9tails - Prix et garanties - Devis en ligne 100 % gratuits !","robots":{"index":"index","follow":"follow","max-snippet":"max-snippet:-1","max-image-preview":"max-image-preview:large","max-video-preview":"max-video-preview:-1"},"canonical":"https:\/\/guide.reassurez-moi.fr\/guide\/responsabilite-civile\/macif","og_locale":"fr_FR","og_type":"article","og_title":"Que couvre la Responsabilit\u00e9 Civile Macif ? Garanties et avis","og_description":"L'assurance Responsabilit\u00e9 Civile (RC) Macif en d\u00e9tails - Prix et garanties - Devis en ligne 100 % gratuits !","og_url":"https:\/\/guide.reassurez-moi.fr\/guide\/responsabilite-civile\/macif","og_site_name":"R\u00e9assurez-moi","article_publisher":"https:\/\/www.facebook.com\/R%c3%a9assurez-moi-209456495889479\/","og_image":[{"width":500,"height":160,"url":"https:\/\/guide.reassurez-moi.fr\/guide\/wp-content\/uploads\/2018\/04\/image-de-partage.png","type":"image\/png"}],"twitter_card":"summary_large_image","twitter_site":"@reassurezmoi","schema":{"@context":"https:\/\/schema.org","@graph":[{"@type":"WebPage","@id":"https:\/\/guide.reassurez-moi.fr\/guide\/responsabilite-civile\/macif","url":"https:\/\/guide.reassurez-moi.fr\/guide\/responsabilite-civile\/macif","name":"L'assurance Responsabilit\u00e9 Civile Macif | R\u00e9assurez-moi","isPartOf":{"@id":"https:\/\/guide.reassurez-moi.fr\/guide\/#website"},"datePublished":"2021-01-18T21:27:09+00:00","breadcrumb":{"@id":"https:\/\/guide.reassurez-moi.fr\/guide\/responsabilite-civile\/macif#breadcrumb"},"inLanguage":"fr-FR","potentialAction":[{"@type":"ReadAction","target":["https:\/\/guide.reassurez-moi.fr\/guide\/responsabilite-civile\/macif"]}]},{"@type":"BreadcrumbList","@id":"https:\/\/guide.reassurez-moi.fr\/guide\/responsabilite-civile\/macif#breadcrumb","itemListElement":[{"@type":"ListItem","position":1,"name":"Assurances","item":"https:\/\/guide.reassurez-moi.fr\/guide\/"},{"@type":"ListItem","position":2,"name":"Assurance Responsabilit\u00e9 Civile","item":"https:\/\/guide.reassurez-moi.fr\/guide\/responsabilite-civile"},{"@type":"ListItem","position":3,"name":"L'assurance Responsabilit\u00e9 Civile Macif"}]},{"@type":"WebSite","@id":"https:\/\/guide.reassurez-moi.fr\/guide\/#website","url":"https:\/\/guide.reassurez-moi.fr\/guide\/","name":"R\u00e9assurez-moi","description":"Comparateur d&#039;assurances","potentialAction":[{"@type":"SearchAction","target":{"@type":"EntryPoint","urlTemplate":"https:\/\/guide.reassurez-moi.fr\/guide\/?s={search_term_string}"},"query-input":{"@type":"PropertyValueSpecification","valueRequired":true,"valueName":"search_term_string"}}],"inLanguage":"fr-FR"}]}},"acf":[],"_links":{"self":[{"href":"https:\/\/guide.reassurez-moi.fr\/guide\/wp-json\/wp\/v2\/pages\/145881","targetHints":{"allow":["GET"]}}],"collection":[{"href":"https:\/\/guide.reassurez-moi.fr\/guide\/wp-json\/wp\/v2\/pages"}],"about":[{"href":"https:\/\/guide.reassurez-moi.fr\/guide\/wp-json\/wp\/v2\/types\/page"}],"author":[{"embeddable":true,"href":"https:\/\/guide.reassurez-moi.fr\/guide\/wp-json\/wp\/v2\/users\/61"}],"replies":[{"embeddable":true,"href":"https:\/\/guide.reassurez-moi.fr\/guide\/wp-json\/wp\/v2\/comments?post=145881"}],"version-history":[{"count":0,"href":"https:\/\/guide.reassurez-moi.fr\/guide\/wp-json\/wp\/v2\/pages\/145881\/revisions"}],"up":[{"embeddable":true,"href":"https:\/\/guide.reassurez-moi.fr\/guide\/wp-json\/wp\/v2\/pages\/62040"}],"wp:attachment":[{"href":"https:\/\/guide.reassurez-moi.fr\/guide\/wp-json\/wp\/v2\/media?parent=145881"}],"wp:term":[{"taxonomy":"category","embeddable":true,"href":"https:\/\/guide.reassurez-moi.fr\/guide\/wp-json\/wp\/v2\/categories?post=145881"},{"taxonomy":"page_topic","embeddable":true,"href":"https:\/\/guide.reassurez-moi.fr\/guide\/wp-json\/wp\/v2\/page_topic?post=145881"}],"curies":[{"name":"wp","href":"https:\/\/api.w.org\/{rel}","templated":true}]}}