{"id":145883,"date":"2021-01-18T22:27:12","date_gmt":"2021-01-18T21:27:12","guid":{"rendered":"https:\/\/reassurez-moi.fr\/guide\/responsabilite-civile\/groupama"},"modified":"2021-01-18T22:27:12","modified_gmt":"2021-01-18T21:27:12","slug":"groupama","status":"publish","type":"page","link":"https:\/\/guide.reassurez-moi.fr\/guide\/responsabilite-civile\/groupama","title":{"rendered":"L'assurance Responsabilit\u00e9 Civile Groupama"},"content":{"rendered":"\n<h1 class=\"wp-block-heading\">L&rsquo;assurance Responsabilit\u00e9 Civile Groupama<\/h1>\n\n\n\n<p><strong>L\u2019assurance Responsabilit\u00e9 Civile permet de couvrir les dommages que vous pourriez causer \u00e0 autrui. En cas de sinistre caus\u00e9 involontairement \u00e0 un tiers ou \u00e0 un de ses biens (chute d\u2019un t\u00e9l\u00e9phone portable par exemple), l\u2019assurance prend en charge les r\u00e9parations. Nous vous d\u00e9taillons l&rsquo;offre de Responsabilit\u00e9 Civile\u00a0Groupama.<\/strong><\/p>\n\n\n\n<h2 class=\"wp-block-heading\">Que couvre le contrat d&rsquo;assurance Responsabilit\u00e9 Civile Groupama ?<\/h2>\n\n\n\n<p><strong>Soyez attentif aux personnes couvertes par l\u2019assurance Responsabilit\u00e9 Civile que vous souhaitez souscrire. <\/strong>La plupart du temps, votre RC prend en charge vos enfants mais il n\u2019en est pas forc\u00e9ment de m\u00eame pour toutes les personnes de votre foyer.&nbsp;Pour vous aider dans vos recherches, voici le d\u00e9tail des garanties propos\u00e9es de RC par l\u2019assureur&nbsp;Groupama :<\/p>\n\n\n\n<figure class=\"wp-block-table is-style-header-simple\"><table><thead><tr><th class=\"has-text-align-center\" data-align=\"center\">Garanties<\/th><th class=\"has-text-align-center\" data-align=\"center\">D\u00e9tails de la prise en charge<\/th><\/tr><\/thead><tbody><tr><td class=\"has-text-align-center\" data-align=\"center\"><strong>Personnes du foyer couvertes<\/strong><\/td><td class=\"has-text-align-center\" data-align=\"center\"><p>Personnes vivant dans le foyer et enfants \u00e0 charge poursuivant leurs \u00e9tudes<\/p><\/td><\/tr><tr><td class=\"has-text-align-center\" data-align=\"center\"><strong>Franchises<\/strong><\/td><td class=\"has-text-align-center\" data-align=\"center\"><p>Montant indiqu\u00e9 dans les conditions particuli\u00e8res du contrat<\/p><\/td><\/tr><tr><td class=\"has-text-align-center\" data-align=\"center\"><strong>Limites de garanties<\/strong><\/td><td class=\"has-text-align-center\" data-align=\"center\"><p>Activit\u00e9s \u00e0 risques (sports et loisirs), ill\u00e9gales et impliquant un v\u00e9hicule \u00e0 moteur<\/p><\/td><\/tr><tr><td class=\"has-text-align-center\" data-align=\"center\"><strong>Garanties suppl\u00e9mentaires<\/strong><\/td><td class=\"has-text-align-center\" data-align=\"center\"><p>Aucune garantie suppl\u00e9mentaire incluse<\/p><\/td><\/tr><tr><td class=\"has-text-align-center\" data-align=\"center\"><strong>Dommages caus\u00e9s par les chiens dangereux<\/strong><\/td><td class=\"has-text-align-center\" data-align=\"center\"><i\n    class=\"safe-shortcode-icon\n                    yes\n            \"\n                                    title=oui\n            >\n<\/i><\/td><\/tr><tr><td class=\"has-text-align-center\" data-align=\"center\"><strong>Objets confi\u00e9s<\/strong><\/td><td class=\"has-text-align-center\" data-align=\"center\"><i\n    class=\"safe-shortcode-icon\n                    no\n            \"\n                                    title=non\n            >\n<\/i><\/td><\/tr><tr><td class=\"has-text-align-center\" data-align=\"center\"><strong>Dommages \u00e0 l&rsquo;\u00e9tranger<\/strong><\/td><td class=\"has-text-align-center\" data-align=\"center\"><i\n    class=\"safe-shortcode-icon\n                    no\n            \"\n                                    title=non\n            >\n<\/i><\/td><\/tr><tr><td class=\"has-text-align-center\" data-align=\"center\"><strong>Activit\u00e9s b\u00e9n\u00e9voles<\/strong><\/td><td class=\"has-text-align-center\" data-align=\"center\"><p>En cas d&rsquo;aide b\u00e9n\u00e9vole uniquement<\/p><\/td><\/tr><tr><td class=\"has-text-align-center\" data-align=\"center\"><strong>Catastrophes naturelles<\/strong><\/td><td class=\"has-text-align-center\" data-align=\"center\"><p>Non inclus sans assurance habitation globale<\/p><\/td><\/tr><tr><td class=\"has-text-align-center\" data-align=\"center\"><strong>Location saisonni\u00e8re<\/strong><\/td><td class=\"has-text-align-center\" data-align=\"center\"><i\n    class=\"safe-shortcode-icon\n                    no\n            \"\n                                    title=non\n            >\n<\/i><\/td><\/tr><\/tbody><\/table><\/figure>\n\n\n\n<div style=\"height:20px\" aria-hidden=\"true\" class=\"wp-block-spacer\"><\/div>\n\n\n\n<h3 class=\"wp-block-heading\">Les conditions g\u00e9n\u00e9rales de l&rsquo;assurance Responsabilit\u00e9 Civile Groupama<\/h3>\n\n\n\n<p><strong>Elles vous sont fournies lorsque vous souscrivez votre contrat d\u2019assurance Responsabilit\u00e9 Civile. <\/strong><\/p>\n<!-- \/wp:post-content -->\n\n<!-- wp:paragraph {\"align\":\"center\"} -->\n<p class=\"has-text-align-center\"><strong><a href=\"https:\/\/guide.reassurez-moi.fr\/guide\/wp-content\/uploads\/2019\/05\/conditions-generales-assurance-responsabilite-civile-groupama.pdf\">T\u00e9l\u00e9charger les conditions g\u00e9n\u00e9rales de la RC Groupama :<\/a><\/strong><\/p>\n<!-- \/wp:paragraph -->\n\n<!-- wp:image {\"align\":\"center\",\"id\":131404,\"width\":120,\"height\":120,\"sizeSlug\":\"large\"} -->\n<div class=\"wp-block-image\"><figure class=\"aligncenter size-large is-resized\"><a href=\"https:\/\/guide.reassurez-moi.fr\/guide\/wp-content\/uploads\/2019\/05\/conditions-generales-assurance-responsabilite-civile-groupama.pdf\"><img loading=\"lazy\" decoding=\"async\" src=\"https:\/\/guide.reassurez-moi.fr\/guide\/wp-content\/uploads\/2020\/07\/conditions-generales.jpg\" alt=\"conditions generales\" class=\"wp-image-131404\" width=\"120\" height=\"120\"\/><\/a><\/figure><\/div>\n<!-- \/wp:image -->\n<!-- wp:heading -->\n<h2>Quel est le prix de l&rsquo;assurance Responsabilit\u00e9 Civile Groupama ? <\/h2>\n<!-- \/wp:heading -->\n\n\n<p id=\"block-3e8d760f-4da7-409b-a572-b41346f7f314\"><strong>La plupart des assureurs en Responsabilit\u00e9 Civile annoncent leurs tarifs en toute transparence,&nbsp;<\/strong>pour permettre aux int\u00e9ress\u00e9s d\u2019\u00e9valuer les prix&nbsp;propos\u00e9s. Ce n\u2019est pas le cas de l&rsquo;assureur Groupama qui ne les indique aucunement sur son site, pas plus qu\u2019il ne propose de simulation en ligne des tarifs qu\u2019il applique.&nbsp;<\/p>\n<!-- \/wp:paragraph -->\n<!-- wp:paragraph -->\n<p><strong>La plupart des contrats d&rsquo;assurance habitation et d&rsquo;assurance auto ont automatiquement une garantie Responsabilit\u00e9 Civile. <\/strong>Chez R\u00e9assurez-moi, nous vous proposons des contrats group\u00e9s vous permettant de faire de s\u00e9rieuses \u00e9conomies. Comparez nos offres !<\/p>\n<!-- \/wp:paragraph -->\n\n<!-- wp:columns -->\n<div class=\"wp-block-columns\"><!-- wp:column -->\n<div class=\"wp-block-column\"><!-- wp:paragraph {\"align\":\"center\"} -->\n<p class=\"has-text-align-center\"><strong>Assurance auto <\/strong><\/p>\n<!-- \/wp:paragraph -->\n\n<!-- wp:image {\"align\":\"center\",\"id\":33173,\"width\":50,\"height\":50,\"sizeSlug\":\"large\"} -->\n<div class=\"wp-block-image\"><figure class=\"aligncenter size-large is-resized\"><img loading=\"lazy\" decoding=\"async\" src=\"https:\/\/guide.reassurez-moi.fr\/guide\/wp-content\/uploads\/2018\/05\/car-4.png\" alt=\"car 4\" class=\"wp-image-33173\" width=\"50\" height=\"50\"\/><\/figure><\/div>\n<!-- \/wp:image -->\n\n<!-- wp:buttons {\"layout\":{\"type\":\"flex\",\"justifyContent\":\"center\",\"orientation\":\"horizontal\"}} -->\n<div class=\"wp-block-buttons\"><!-- wp:button {\"className\":\"is-style-rm-button-orange\"} -->\n<div class=\"wp-block-button is-style-rm-button-orange\"><a class=\"wp-block-button__link\" href=\"https:\/\/reassurez-moi.fr\/guide\/assurance-auto\">Je compare<\/a><\/div>\n<!-- \/wp:button --><\/div>\n<!-- \/wp:buttons --><\/div>\n<!-- \/wp:column -->\n\n<!-- wp:column -->\n<div class=\"wp-block-column\"><!-- wp:paragraph {\"align\":\"center\"} -->\n<p class=\"has-text-align-center\"><meta charset=\"utf-8\"><strong>Assurance habitation<\/strong><\/p>\n<!-- \/wp:paragraph -->\n\n<!-- wp:image {\"align\":\"center\",\"id\":32691,\"width\":50,\"height\":50,\"sizeSlug\":\"large\"} -->\n<div class=\"wp-block-image\"><figure class=\"aligncenter size-large is-resized\"><img loading=\"lazy\" decoding=\"async\" src=\"https:\/\/guide.reassurez-moi.fr\/guide\/wp-content\/uploads\/2018\/05\/house-1.png\" alt=\"house 1\" class=\"wp-image-32691\" width=\"50\" height=\"50\"\/><\/figure><\/div>\n<!-- \/wp:image -->\n\n<!-- wp:buttons {\"layout\":{\"type\":\"flex\",\"justifyContent\":\"center\",\"orientation\":\"horizontal\"}} -->\n<div class=\"wp-block-buttons\"><!-- wp:button {\"className\":\"is-style-rm-button-orange\"} -->\n<div class=\"wp-block-button is-style-rm-button-orange\"><a class=\"wp-block-button__link\" href=\"https:\/\/reassurez-moi.fr\/guide\/assurance-habitation\">Je compare<\/a><\/div>\n<!-- \/wp:button --><\/div>\n<!-- \/wp:buttons --><\/div>\n<!-- \/wp:column --><\/div>\n<!-- \/wp:columns -->\n\n<!-- wp:heading -->\n<h2>Quel est notre avis sur l&rsquo;assurance Responsabilit\u00e9 Civile Groupama pour particulier ?<\/h2>\n<!-- \/wp:heading -->\n\n<!-- wp:paragraph -->\n<p><p>L\u2019assurance Responsabilit\u00e9 Civile (RC) vie priv\u00e9e de Groupama est incluse dans la multirisques habitation (MRH) de l\u2019assureur. Vous pouvez toutefois y souscrire ind\u00e9pendamment, bien que l\u2019assureur ne communique pas ses tarifs pour cette garantie individuelle. Ce manque de transparence est r\u00e9ellement pr\u00e9judiciable et emp\u00eache tout particulier de conna\u00eetre simplement et rapidement une information d\u00e9terminante pour le choix du contrat.<\/p>\n<p>En termes de garanties, la RC de Groupama est relativement performante, puisqu\u2019elle couvre toutes les personnes de votre foyer, ainsi que les enfants ne r\u00e9sidant plus chez vous mais poursuivant leurs \u00e9tudes. La territorialit\u00e9 de la garantie est par ailleurs \u00e9tendue au monde entier pour des s\u00e9jours de 12 mois maximum, alors qu\u2019elle est de 3 mois pour les autres garanties de l\u2019assurance habitation. Les dommages qui pourraient \u00eatre caus\u00e9s par des chiens dangereux de cat\u00e9gories 1 et 2 sont \u00e9galement couverts, une disposition rare sur le march\u00e9.<\/p>\n<p>En contrepartie, les dommages relatifs aux objets qui vous sont confi\u00e9s temporairement sont exclus, tout comme ceux concernant les animaux de compagnie. Aucune garantie suppl\u00e9mentaire comme une assistance n\u2019est pr\u00e9vue et le manque de transparence de l\u2019assureur en mati\u00e8re de prix et de franchise est r\u00e9ellement p\u00e9nalisant.<\/p><\/p>\n<!-- \/wp:paragraph -->\n\n<div class=\"wp-block-mars-information icon-glass\"><i class=\"icon\"><\/i><p>Pour r\u00e9sumer : un contrat de Responsabilit\u00e9 Civile int\u00e9ressant en mati\u00e8re de garanties. L\u2019absence d\u2019information sur le prix et les franchises \u00e0 destination des prospects n\u2019incite en revanche pas \u00e0 la confiance.<\/p><\/div>\n<!-- \/wp:mars\/information -->\n<!-- wp:heading -->\n<h2>Comment obtenir l&rsquo;attestation de Responsabilit\u00e9 Civile Groupama ?<\/h2>\n<!-- \/wp:heading -->\n\n<!-- wp:paragraph -->\n<p><strong>Dans certaines situations, vous aurez besoin de pr\u00e9senter une attestation d\u2019assurance Responsabilit\u00e9 Civile. <\/strong>Cela peut \u00eatre le cas lors de l\u2019inscription \u00e0 l\u2019\u00e9cole d\u2019un de vos enfants ou encore pour la signature d\u2019une convention de charge.&nbsp;Ce document vous a \u00e9t\u00e9 obligatoirement envoy\u00e9 au moment de la souscription de votre RC. <br><br><strong>Si vous l\u2019avez perdu, vous pouvez vous la procurer de diff\u00e9rentes mani\u00e8res :&nbsp;<\/strong><\/p>\n<!-- \/wp:paragraph -->\n\n<!-- wp:list -->\n<ul><li>en vous rendant dans votre espace client Groupama ;<\/li><li>en contactant votre conseiller Groupama.&nbsp;<\/li><\/ul>\n<!-- \/wp:list -->\n\n<!-- wp:paragraph -->\n<p><strong>Elle vous sera envoy\u00e9e par mail ou par courrier, selon votre pr\u00e9f\u00e9rence.<\/strong><\/p>\n<!-- \/wp:paragraph -->\n\n<!-- wp:heading -->\n<h2>Comment contacter l&rsquo;assureur en RC Groupama ?<\/h2>\n<!-- \/wp:heading -->\n\n<!-- wp:paragraph -->\n<p><strong>Pour une demande d\u2019informations ou une question sur votre contrat<\/strong>, Groupama&nbsp;vous invite \u00e0 contacter l\u2019agence la plus proche de chez vous ou \u00e0 vous rendre sur leur site internet. <\/p>\n<!-- \/wp:paragraph -->\n\n\n<p><strong>Par courrier postal, \u00e0 l&rsquo;adresse suivante :<\/strong><\/p>\n<!-- \/wp:paragraph -->\n\n<!-- wp:paragraph {\"align\":\"center\"} -->\n<p class=\"has-text-align-center\"><p>CAISSE NATIONALE DE REASSURANCE MUTUELLE AGRICOLE GROUPAMA<br \/>\n8 \u2013 10, rue d\u2019Astorg<br \/>\n75383 PARIS CEDEX 08<\/p><\/p>\n<!-- \/wp:paragraph -->","protected":false},"excerpt":{"rendered":"<p>L&rsquo;assurance Responsabilit\u00e9 Civile Groupama L\u2019assurance Responsabilit\u00e9 Civile permet de couvrir les dommages que vous pourriez causer \u00e0 autrui. En cas de sinistre caus\u00e9 involontairement \u00e0 un tiers ou \u00e0 un de ses biens (chute d\u2019un t\u00e9l\u00e9phone portable par exemple), l\u2019assurance prend en charge les r\u00e9parations. Nous vous d\u00e9taillons l&rsquo;offre de Responsabilit\u00e9 Civile\u00a0Groupama. Que couvre le [&hellip;]<\/p>\n","protected":false},"author":61,"featured_media":0,"parent":62040,"menu_order":0,"comment_status":"closed","ping_status":"closed","template":"","meta":{"_acf_changed":false,"footnotes":""},"categories":[],"page_topic":[611],"class_list":["post-145883","page","type-page","status-publish","hentry"],"yoast_head":"<!-- This site is optimized with the Yoast SEO plugin v24.7 - https:\/\/yoast.com\/wordpress\/plugins\/seo\/ -->\n<title>Que couvre la Responsabilit\u00e9 Civile Groupama ? Garanties et avis <\/title>\n<meta name=\"description\" content=\"L&#039;assurance Responsabilit\u00e9 Civile (RC) Groupama en d\u00e9tails - Prix et garanties - Devis en ligne 100 % gratuits !\" \/>\n<meta name=\"robots\" content=\"index, follow, max-snippet:-1, max-image-preview:large, max-video-preview:-1\" \/>\n<link rel=\"canonical\" href=\"https:\/\/guide.reassurez-moi.fr\/guide\/responsabilite-civile\/groupama\" \/>\n<meta property=\"og:locale\" content=\"fr_FR\" \/>\n<meta property=\"og:type\" content=\"article\" \/>\n<meta property=\"og:title\" content=\"Que couvre la Responsabilit\u00e9 Civile Groupama ? Garanties et avis\" \/>\n<meta property=\"og:description\" content=\"L&#039;assurance Responsabilit\u00e9 Civile (RC) Groupama en d\u00e9tails - Prix et garanties - Devis en ligne 100 % gratuits !\" \/>\n<meta property=\"og:url\" content=\"https:\/\/guide.reassurez-moi.fr\/guide\/responsabilite-civile\/groupama\" \/>\n<meta property=\"og:site_name\" content=\"R\u00e9assurez-moi\" \/>\n<meta property=\"article:publisher\" content=\"https:\/\/www.facebook.com\/R%c3%a9assurez-moi-209456495889479\/\" \/>\n<meta property=\"og:image\" content=\"https:\/\/guide.reassurez-moi.fr\/guide\/wp-content\/uploads\/2018\/04\/image-de-partage.png\" \/>\n\t<meta property=\"og:image:width\" content=\"500\" \/>\n\t<meta property=\"og:image:height\" content=\"160\" \/>\n\t<meta property=\"og:image:type\" content=\"image\/png\" \/>\n<meta name=\"twitter:card\" content=\"summary_large_image\" \/>\n<meta name=\"twitter:site\" content=\"@reassurezmoi\" \/>\n<script type=\"application\/ld+json\" class=\"yoast-schema-graph\">{\"@context\":\"https:\/\/schema.org\",\"@graph\":[{\"@type\":\"WebPage\",\"@id\":\"https:\/\/guide.reassurez-moi.fr\/guide\/responsabilite-civile\/groupama\",\"url\":\"https:\/\/guide.reassurez-moi.fr\/guide\/responsabilite-civile\/groupama\",\"name\":\"L'assurance Responsabilit\u00e9 Civile Groupama | R\u00e9assurez-moi\",\"isPartOf\":{\"@id\":\"https:\/\/guide.reassurez-moi.fr\/guide\/#website\"},\"datePublished\":\"2021-01-18T21:27:12+00:00\",\"breadcrumb\":{\"@id\":\"https:\/\/guide.reassurez-moi.fr\/guide\/responsabilite-civile\/groupama#breadcrumb\"},\"inLanguage\":\"fr-FR\",\"potentialAction\":[{\"@type\":\"ReadAction\",\"target\":[\"https:\/\/guide.reassurez-moi.fr\/guide\/responsabilite-civile\/groupama\"]}]},{\"@type\":\"BreadcrumbList\",\"@id\":\"https:\/\/guide.reassurez-moi.fr\/guide\/responsabilite-civile\/groupama#breadcrumb\",\"itemListElement\":[{\"@type\":\"ListItem\",\"position\":1,\"name\":\"Assurances\",\"item\":\"https:\/\/guide.reassurez-moi.fr\/guide\/\"},{\"@type\":\"ListItem\",\"position\":2,\"name\":\"Assurance Responsabilit\u00e9 Civile\",\"item\":\"https:\/\/guide.reassurez-moi.fr\/guide\/responsabilite-civile\"},{\"@type\":\"ListItem\",\"position\":3,\"name\":\"L'assurance Responsabilit\u00e9 Civile Groupama\"}]},{\"@type\":\"WebSite\",\"@id\":\"https:\/\/guide.reassurez-moi.fr\/guide\/#website\",\"url\":\"https:\/\/guide.reassurez-moi.fr\/guide\/\",\"name\":\"R\u00e9assurez-moi\",\"description\":\"Comparateur d&#039;assurances\",\"potentialAction\":[{\"@type\":\"SearchAction\",\"target\":{\"@type\":\"EntryPoint\",\"urlTemplate\":\"https:\/\/guide.reassurez-moi.fr\/guide\/?s={search_term_string}\"},\"query-input\":{\"@type\":\"PropertyValueSpecification\",\"valueRequired\":true,\"valueName\":\"search_term_string\"}}],\"inLanguage\":\"fr-FR\"}]}<\/script>\n<!-- \/ Yoast SEO plugin. -->","yoast_head_json":{"title":"Que couvre la Responsabilit\u00e9 Civile Groupama ? Garanties et avis ","description":"L'assurance Responsabilit\u00e9 Civile (RC) Groupama en d\u00e9tails - Prix et garanties - Devis en ligne 100 % gratuits !","robots":{"index":"index","follow":"follow","max-snippet":"max-snippet:-1","max-image-preview":"max-image-preview:large","max-video-preview":"max-video-preview:-1"},"canonical":"https:\/\/guide.reassurez-moi.fr\/guide\/responsabilite-civile\/groupama","og_locale":"fr_FR","og_type":"article","og_title":"Que couvre la Responsabilit\u00e9 Civile Groupama ? Garanties et avis","og_description":"L'assurance Responsabilit\u00e9 Civile (RC) Groupama en d\u00e9tails - Prix et garanties - Devis en ligne 100 % gratuits !","og_url":"https:\/\/guide.reassurez-moi.fr\/guide\/responsabilite-civile\/groupama","og_site_name":"R\u00e9assurez-moi","article_publisher":"https:\/\/www.facebook.com\/R%c3%a9assurez-moi-209456495889479\/","og_image":[{"width":500,"height":160,"url":"https:\/\/guide.reassurez-moi.fr\/guide\/wp-content\/uploads\/2018\/04\/image-de-partage.png","type":"image\/png"}],"twitter_card":"summary_large_image","twitter_site":"@reassurezmoi","schema":{"@context":"https:\/\/schema.org","@graph":[{"@type":"WebPage","@id":"https:\/\/guide.reassurez-moi.fr\/guide\/responsabilite-civile\/groupama","url":"https:\/\/guide.reassurez-moi.fr\/guide\/responsabilite-civile\/groupama","name":"L'assurance Responsabilit\u00e9 Civile Groupama | R\u00e9assurez-moi","isPartOf":{"@id":"https:\/\/guide.reassurez-moi.fr\/guide\/#website"},"datePublished":"2021-01-18T21:27:12+00:00","breadcrumb":{"@id":"https:\/\/guide.reassurez-moi.fr\/guide\/responsabilite-civile\/groupama#breadcrumb"},"inLanguage":"fr-FR","potentialAction":[{"@type":"ReadAction","target":["https:\/\/guide.reassurez-moi.fr\/guide\/responsabilite-civile\/groupama"]}]},{"@type":"BreadcrumbList","@id":"https:\/\/guide.reassurez-moi.fr\/guide\/responsabilite-civile\/groupama#breadcrumb","itemListElement":[{"@type":"ListItem","position":1,"name":"Assurances","item":"https:\/\/guide.reassurez-moi.fr\/guide\/"},{"@type":"ListItem","position":2,"name":"Assurance Responsabilit\u00e9 Civile","item":"https:\/\/guide.reassurez-moi.fr\/guide\/responsabilite-civile"},{"@type":"ListItem","position":3,"name":"L'assurance Responsabilit\u00e9 Civile Groupama"}]},{"@type":"WebSite","@id":"https:\/\/guide.reassurez-moi.fr\/guide\/#website","url":"https:\/\/guide.reassurez-moi.fr\/guide\/","name":"R\u00e9assurez-moi","description":"Comparateur d&#039;assurances","potentialAction":[{"@type":"SearchAction","target":{"@type":"EntryPoint","urlTemplate":"https:\/\/guide.reassurez-moi.fr\/guide\/?s={search_term_string}"},"query-input":{"@type":"PropertyValueSpecification","valueRequired":true,"valueName":"search_term_string"}}],"inLanguage":"fr-FR"}]}},"acf":[],"_links":{"self":[{"href":"https:\/\/guide.reassurez-moi.fr\/guide\/wp-json\/wp\/v2\/pages\/145883","targetHints":{"allow":["GET"]}}],"collection":[{"href":"https:\/\/guide.reassurez-moi.fr\/guide\/wp-json\/wp\/v2\/pages"}],"about":[{"href":"https:\/\/guide.reassurez-moi.fr\/guide\/wp-json\/wp\/v2\/types\/page"}],"author":[{"embeddable":true,"href":"https:\/\/guide.reassurez-moi.fr\/guide\/wp-json\/wp\/v2\/users\/61"}],"replies":[{"embeddable":true,"href":"https:\/\/guide.reassurez-moi.fr\/guide\/wp-json\/wp\/v2\/comments?post=145883"}],"version-history":[{"count":0,"href":"https:\/\/guide.reassurez-moi.fr\/guide\/wp-json\/wp\/v2\/pages\/145883\/revisions"}],"up":[{"embeddable":true,"href":"https:\/\/guide.reassurez-moi.fr\/guide\/wp-json\/wp\/v2\/pages\/62040"}],"wp:attachment":[{"href":"https:\/\/guide.reassurez-moi.fr\/guide\/wp-json\/wp\/v2\/media?parent=145883"}],"wp:term":[{"taxonomy":"category","embeddable":true,"href":"https:\/\/guide.reassurez-moi.fr\/guide\/wp-json\/wp\/v2\/categories?post=145883"},{"taxonomy":"page_topic","embeddable":true,"href":"https:\/\/guide.reassurez-moi.fr\/guide\/wp-json\/wp\/v2\/page_topic?post=145883"}],"curies":[{"name":"wp","href":"https:\/\/api.w.org\/{rel}","templated":true}]}}