{"id":147441,"date":"2020-11-23T14:55:16","date_gmt":"2020-11-23T13:55:16","guid":{"rendered":"https:\/\/reassurez-moi.fr\/guide\/?page_id=147441"},"modified":"2026-02-02T16:37:37","modified_gmt":"2026-02-02T15:37:37","slug":"modele","status":"publish","type":"page","link":"https:\/\/guide.reassurez-moi.fr\/guide\/assurance-auto\/modele","title":{"rendered":"Assurance auto &#8211; Mod\u00e8le"},"content":{"rendered":"\n<h1 class=\"wp-block-heading\">Mod\u00e8les de lettre de l&rsquo;assurance auto<\/h1>\n\n\n\n<p><strong>Afin de vous simplifier la vie, R\u00e9assurez-moi met \u00e0 votre disposition des mod\u00e8les gratuits de documents susceptibles de vous \u00eatre demand\u00e9s dans le cadre de l&rsquo;utilisation d&rsquo;un v\u00e9hicule et de l&rsquo;assurance auto.<\/strong><\/p>\n\n\n\n<div class=\"wp-block-mars-information icon-check\"><i class=\"icon\"><\/i><p>Tous ces documents sont certifi\u00e9s par l&rsquo;\u00e9quipe juridique de R\u00e9assurez-moi.<\/p><\/div>\n\n\n\n<p><strong>Nos mod\u00e8les \u00e0 t\u00e9l\u00e9charger gratuitement :<\/strong><\/p>\n\n\n\n<div style=\"height:20px\" aria-hidden=\"true\" class=\"wp-block-spacer\"><\/div>\n\n\n        <div class=\"grid w-full gap-4 sm:grid-cols-2 \">\n                    <a href=\"\/guide\/assurance-auto\/modele\/mandat-immatriculation\" class=\"bg-white border border-gray-200 rounded shadow relative w-full\">\n                <article class=\"h-full flex flex-col p-6\">\n                    <header>\n                        <h3 class=\"text-xl font-semibold\">\n                            Assurance auto &#8211; Mod\u00e8le &#8211; Mandat immatriculation\n                        <\/h3>\n                    <\/header>\n                    <section class=\"flex-grow mt-2\">\n                        <p>Mandat pour effectuer les formalit\u00e9s d&rsquo;immatriculation Si vous souhaitez confier \u00e0 un professionnel la charge de s&rsquo;occuper de vos d\u00e9marches d&rsquo;immatriculation aupr\u00e8s de l&rsquo;ANTS, il vous faudra remplir le Cerfa\u2026<\/p>\n                    <\/section>\n                    <footer class=\"flex items-center mt-4\">\n                        <span>En savoir plus <\/span>\n                        <time datetime=\"2022-06-18 01:27\" class=\"flex-grow text-right\">\n                            18 juin 2022\n                        <\/time>\n                    <\/footer>\n                <\/article>\n            <\/a>\n                    <a href=\"\/guide\/assurance-auto\/modele\/certificat-cession\" class=\"bg-white border border-gray-200 rounded shadow relative w-full\">\n                <article class=\"h-full flex flex-col p-6\">\n                    <header>\n                        <h3 class=\"text-xl font-semibold\">\n                            Assurance auto &#8211; Mod\u00e8le &#8211; Certificat de cession\n                        <\/h3>\n                    <\/header>\n                    <section class=\"flex-grow mt-2\">\n                        <p>Certificat de cession de v\u00e9hicule Vous vous appr\u00eatez \u00e0 c\u00e9der, vendre ou donner votre v\u00e9hicule ? Pour que la cession soit en r\u00e8gle, vous aurez besoin de remplir le Cerfa\u2026<\/p>\n                    <\/section>\n                    <footer class=\"flex items-center mt-4\">\n                        <span>En savoir plus <\/span>\n                        <time datetime=\"2022-06-16 22:22\" class=\"flex-grow text-right\">\n                            16 juin 2022\n                        <\/time>\n                    <\/footer>\n                <\/article>\n            <\/a>\n                    <a href=\"\/guide\/assurance-auto\/modele\/resiliation-vente\" class=\"bg-white border border-gray-200 rounded shadow relative w-full\">\n                <article class=\"h-full flex flex-col p-6\">\n                    <header>\n                        <h3 class=\"text-xl font-semibold\">\n                            Assurance auto &#8211; Mod\u00e8le &#8211; Lettre r\u00e9siliation assurance auto vente\n                        <\/h3>\n                    <\/header>\n                    <section class=\"flex-grow mt-2\">\n                        <p>Mod\u00e8le de lettre de r\u00e9siliation assurance auto pour vente En cas de vente de votre v\u00e9hicule, il convient de r\u00e9silier votre assurance auto afin de ne pas payer une couverture\u2026<\/p>\n                    <\/section>\n                    <footer class=\"flex items-center mt-4\">\n                        <span>En savoir plus <\/span>\n                        <time datetime=\"2021-08-06 22:03\" class=\"flex-grow text-right\">\n                            6 ao\u00fbt 2021\n                        <\/time>\n                    <\/footer>\n                <\/article>\n            <\/a>\n                    <a href=\"\/guide\/assurance-auto\/modele\/resiliation-destruction-vehicule\" class=\"bg-white border border-gray-200 rounded shadow relative w-full\">\n                <article class=\"h-full flex flex-col p-6\">\n                    <header>\n                        <h3 class=\"text-xl font-semibold\">\n                            Assurance auto &#8211; Mod\u00e8le &#8211; Lettre r\u00e9siliation destruction\n                        <\/h3>\n                    <\/header>\n                    <section class=\"flex-grow mt-2\">\n                        <p>Notre mod\u00e8le de lettre de r\u00e9siliation de l&rsquo;assurance auto suite \u00e0 la destruction du v\u00e9hicule La destruction d&rsquo;un v\u00e9hicule est une des raisons permettant la r\u00e9siliation de votre assurance auto,\u2026<\/p>\n                    <\/section>\n                    <footer class=\"flex items-center mt-4\">\n                        <span>En savoir plus <\/span>\n                        <time datetime=\"2021-08-06 18:28\" class=\"flex-grow text-right\">\n                            6 ao\u00fbt 2021\n                        <\/time>\n                    <\/footer>\n                <\/article>\n            <\/a>\n                    <a href=\"\/guide\/assurance-auto\/modele\/lettre-resiliation\" class=\"bg-white border border-gray-200 rounded shadow relative w-full\">\n                <article class=\"h-full flex flex-col p-6\">\n                    <header>\n                        <h3 class=\"text-xl font-semibold\">\n                            Assurance auto &#8211; Lettre r\u00e9siliation assurance auto\n                        <\/h3>\n                    <\/header>\n                    <section class=\"flex-grow mt-2\">\n                        <p>Lettres de r\u00e9siliation de l&rsquo;assurance auto Gr\u00e2ce aux diff\u00e9rentes lois Hamon et Ch\u00e2tel, il est aujourd\u2019hui facile de r\u00e9silier son assurance auto. Pour cela, il vous faudra envoyer une lettre\u2026<\/p>\n                    <\/section>\n                    <footer class=\"flex items-center mt-4\">\n                        <span>En savoir plus <\/span>\n                        <time datetime=\"2021-03-12 00:34\" class=\"flex-grow text-right\">\n                            12 mars 2021\n                        <\/time>\n                    <\/footer>\n                <\/article>\n            <\/a>\n                    <a href=\"\/guide\/assurance-auto\/modele\/lettre-contestation-amende-non-designation-conducteur\" class=\"bg-white border border-gray-200 rounded shadow relative w-full\">\n                <article class=\"h-full flex flex-col p-6\">\n                    <header>\n                        <h3 class=\"text-xl font-semibold\">\n                            Assurance auto &#8211; Contester amende non d\u00e9signation conducteur\n                        <\/h3>\n                    <\/header>\n                    <section class=\"flex-grow mt-2\">\n                        <p>Mod\u00e8le de lettre de contestation pour non d\u00e9signation de conducteur \u00e0 t\u00e9l\u00e9charger Vous avez re\u00e7u une contravention pour non-d\u00e9signation de conducteur apr\u00e8s avoir pay\u00e9 l&rsquo;amende initiale ? Vous souhaitez contester\u2026<\/p>\n                    <\/section>\n                    <footer class=\"flex items-center mt-4\">\n                        <span>En savoir plus <\/span>\n                        <time datetime=\"2020-11-26 11:52\" class=\"flex-grow text-right\">\n                            26 novembre 2020\n                        <\/time>\n                    <\/footer>\n                <\/article>\n            <\/a>\n                    <a href=\"\/guide\/assurance-auto\/modele\/lettre-contester-amende-stationnement\" class=\"bg-white border border-gray-200 rounded shadow relative w-full\">\n                <article class=\"h-full flex flex-col p-6\">\n                    <header>\n                        <h3 class=\"text-xl font-semibold\">\n                            Assurance auto &#8211; Contester amende stationnement\n                        <\/h3>\n                    <\/header>\n                    <section class=\"flex-grow mt-2\">\n                        <p>Lettre de contestation de PV de stationnement Vous avez re\u00e7u une amende pour stationnement selon vous injustifi\u00e9e ? T\u00e9l\u00e9chargez gratuitement notre mod\u00e8le de lettre de contestation d&rsquo;amende de stationnement. Notre\u2026<\/p>\n                    <\/section>\n                    <footer class=\"flex items-center mt-4\">\n                        <span>En savoir plus <\/span>\n                        <time datetime=\"2020-11-25 16:04\" class=\"flex-grow text-right\">\n                            25 novembre 2020\n                        <\/time>\n                    <\/footer>\n                <\/article>\n            <\/a>\n                    <a href=\"\/guide\/assurance-auto\/modele\/constat-amiable\" class=\"bg-white border border-gray-200 rounded shadow relative w-full\">\n                <article class=\"h-full flex flex-col p-6\">\n                    <header>\n                        <h3 class=\"text-xl font-semibold\">\n                            Assurance auto &#8211; Constat amiable\n                        <\/h3>\n                    <\/header>\n                    <section class=\"flex-grow mt-2\">\n                        <p>Constat amiable d&rsquo;accident de voiture : mod\u00e8le gratuit & conseils Bien que ce ne soit pas obligatoire d&rsquo;un point de vue l\u00e9gal, nous vous conseillons fortement de conserver un contrat\u2026<\/p>\n                    <\/section>\n                    <footer class=\"flex items-center mt-4\">\n                        <span>En savoir plus <\/span>\n                        <time datetime=\"2020-11-23 14:39\" class=\"flex-grow text-right\">\n                            23 novembre 2020\n                        <\/time>\n                    <\/footer>\n                <\/article>\n            <\/a>\n            <\/div>\n\n","protected":false},"excerpt":{"rendered":"<p>Mod\u00e8les de lettre de l&rsquo;assurance auto Afin de vous simplifier la vie, R\u00e9assurez-moi met \u00e0 votre disposition des mod\u00e8les gratuits de documents susceptibles de vous \u00eatre demand\u00e9s dans le cadre de l&rsquo;utilisation d&rsquo;un v\u00e9hicule et de l&rsquo;assurance auto. Tous ces documents sont certifi\u00e9s par l&rsquo;\u00e9quipe juridique de R\u00e9assurez-moi. Nos mod\u00e8les \u00e0 t\u00e9l\u00e9charger gratuitement :<\/p>\n","protected":false},"author":86,"featured_media":0,"parent":15725,"menu_order":0,"comment_status":"open","ping_status":"closed","template":"","meta":{"_acf_changed":false,"footnotes":""},"categories":[],"page_topic":[564],"class_list":["post-147441","page","type-page","status-publish","hentry"],"yoast_head":"<!-- This site is optimized with the Yoast SEO plugin v24.7 - https:\/\/yoast.com\/wordpress\/plugins\/seo\/ -->\n<title>Assurance auto - Mod\u00e8les \u00e0 t\u00e9l\u00e9charger<\/title>\n<meta name=\"description\" content=\"Acc\u00e9dez en 1 clic aux documents relatifs \u00e0 l&#039;assurance auto - T\u00e9l\u00e9chargement en ligne - Mod\u00e8les 100 % gratuit.\" \/>\n<meta name=\"robots\" content=\"index, follow, max-snippet:-1, max-image-preview:large, max-video-preview:-1\" \/>\n<link rel=\"canonical\" href=\"https:\/\/guide.reassurez-moi.fr\/guide\/assurance-auto\/modele\" \/>\n<meta property=\"og:locale\" content=\"fr_FR\" \/>\n<meta property=\"og:type\" content=\"article\" \/>\n<meta property=\"og:title\" content=\"Assurance auto - Mod\u00e8les \u00e0 t\u00e9l\u00e9charger\" \/>\n<meta property=\"og:description\" content=\"Acc\u00e9dez en 1 clic aux documents relatifs \u00e0 l&#039;assurance auto - T\u00e9l\u00e9chargement en ligne - Mod\u00e8les 100 % gratuit.\" \/>\n<meta property=\"og:url\" content=\"https:\/\/guide.reassurez-moi.fr\/guide\/assurance-auto\/modele\" \/>\n<meta property=\"og:site_name\" content=\"R\u00e9assurez-moi\" \/>\n<meta property=\"article:publisher\" content=\"https:\/\/www.facebook.com\/R%c3%a9assurez-moi-209456495889479\/\" \/>\n<meta property=\"article:modified_time\" content=\"2026-02-02T15:37:37+00:00\" \/>\n<meta property=\"og:image\" content=\"https:\/\/guide.reassurez-moi.fr\/guide\/wp-content\/uploads\/2018\/04\/image-de-partage.png\" \/>\n\t<meta property=\"og:image:width\" content=\"500\" \/>\n\t<meta property=\"og:image:height\" content=\"160\" \/>\n\t<meta property=\"og:image:type\" content=\"image\/png\" \/>\n<meta name=\"twitter:card\" content=\"summary_large_image\" \/>\n<meta name=\"twitter:site\" content=\"@reassurezmoi\" \/>\n<meta name=\"twitter:label1\" content=\"Dur\u00e9e de lecture estim\u00e9e\" \/>\n\t<meta name=\"twitter:data1\" content=\"1 minute\" \/>\n<script type=\"application\/ld+json\" class=\"yoast-schema-graph\">{\"@context\":\"https:\/\/schema.org\",\"@graph\":[{\"@type\":\"WebPage\",\"@id\":\"https:\/\/guide.reassurez-moi.fr\/guide\/assurance-auto\/modele\",\"url\":\"https:\/\/guide.reassurez-moi.fr\/guide\/assurance-auto\/modele\",\"name\":\"Assurance auto - Mod\u00e8les \u00e0 t\u00e9l\u00e9charger\",\"isPartOf\":{\"@id\":\"https:\/\/guide.reassurez-moi.fr\/guide\/#website\"},\"datePublished\":\"2020-11-23T13:55:16+00:00\",\"dateModified\":\"2026-02-02T15:37:37+00:00\",\"description\":\"Acc\u00e9dez en 1 clic aux documents relatifs \u00e0 l'assurance auto - T\u00e9l\u00e9chargement en ligne - Mod\u00e8les 100 % gratuit.\",\"breadcrumb\":{\"@id\":\"https:\/\/guide.reassurez-moi.fr\/guide\/assurance-auto\/modele#breadcrumb\"},\"inLanguage\":\"fr-FR\",\"potentialAction\":[{\"@type\":\"ReadAction\",\"target\":[\"https:\/\/guide.reassurez-moi.fr\/guide\/assurance-auto\/modele\"]}]},{\"@type\":\"BreadcrumbList\",\"@id\":\"https:\/\/guide.reassurez-moi.fr\/guide\/assurance-auto\/modele#breadcrumb\",\"itemListElement\":[{\"@type\":\"ListItem\",\"position\":1,\"name\":\"Assurances\",\"item\":\"https:\/\/guide.reassurez-moi.fr\/guide\/\"},{\"@type\":\"ListItem\",\"position\":2,\"name\":\"Assurance auto\",\"item\":\"https:\/\/guide.reassurez-moi.fr\/guide\/assurance-auto\"},{\"@type\":\"ListItem\",\"position\":3,\"name\":\"Mod\u00e8le\"}]},{\"@type\":\"WebSite\",\"@id\":\"https:\/\/guide.reassurez-moi.fr\/guide\/#website\",\"url\":\"https:\/\/guide.reassurez-moi.fr\/guide\/\",\"name\":\"R\u00e9assurez-moi\",\"description\":\"Comparateur d&#039;assurances\",\"potentialAction\":[{\"@type\":\"SearchAction\",\"target\":{\"@type\":\"EntryPoint\",\"urlTemplate\":\"https:\/\/guide.reassurez-moi.fr\/guide\/?s={search_term_string}\"},\"query-input\":{\"@type\":\"PropertyValueSpecification\",\"valueRequired\":true,\"valueName\":\"search_term_string\"}}],\"inLanguage\":\"fr-FR\"}]}<\/script>\n<!-- \/ Yoast SEO plugin. -->","yoast_head_json":{"title":"Assurance auto - Mod\u00e8les \u00e0 t\u00e9l\u00e9charger","description":"Acc\u00e9dez en 1 clic aux documents relatifs \u00e0 l'assurance auto - T\u00e9l\u00e9chargement en ligne - Mod\u00e8les 100 % gratuit.","robots":{"index":"index","follow":"follow","max-snippet":"max-snippet:-1","max-image-preview":"max-image-preview:large","max-video-preview":"max-video-preview:-1"},"canonical":"https:\/\/guide.reassurez-moi.fr\/guide\/assurance-auto\/modele","og_locale":"fr_FR","og_type":"article","og_title":"Assurance auto - Mod\u00e8les \u00e0 t\u00e9l\u00e9charger","og_description":"Acc\u00e9dez en 1 clic aux documents relatifs \u00e0 l'assurance auto - T\u00e9l\u00e9chargement en ligne - Mod\u00e8les 100 % gratuit.","og_url":"https:\/\/guide.reassurez-moi.fr\/guide\/assurance-auto\/modele","og_site_name":"R\u00e9assurez-moi","article_publisher":"https:\/\/www.facebook.com\/R%c3%a9assurez-moi-209456495889479\/","article_modified_time":"2026-02-02T15:37:37+00:00","og_image":[{"width":500,"height":160,"url":"https:\/\/guide.reassurez-moi.fr\/guide\/wp-content\/uploads\/2018\/04\/image-de-partage.png","type":"image\/png"}],"twitter_card":"summary_large_image","twitter_site":"@reassurezmoi","twitter_misc":{"Dur\u00e9e de lecture estim\u00e9e":"1 minute"},"schema":{"@context":"https:\/\/schema.org","@graph":[{"@type":"WebPage","@id":"https:\/\/guide.reassurez-moi.fr\/guide\/assurance-auto\/modele","url":"https:\/\/guide.reassurez-moi.fr\/guide\/assurance-auto\/modele","name":"Assurance auto - Mod\u00e8les \u00e0 t\u00e9l\u00e9charger","isPartOf":{"@id":"https:\/\/guide.reassurez-moi.fr\/guide\/#website"},"datePublished":"2020-11-23T13:55:16+00:00","dateModified":"2026-02-02T15:37:37+00:00","description":"Acc\u00e9dez en 1 clic aux documents relatifs \u00e0 l'assurance auto - T\u00e9l\u00e9chargement en ligne - Mod\u00e8les 100 % gratuit.","breadcrumb":{"@id":"https:\/\/guide.reassurez-moi.fr\/guide\/assurance-auto\/modele#breadcrumb"},"inLanguage":"fr-FR","potentialAction":[{"@type":"ReadAction","target":["https:\/\/guide.reassurez-moi.fr\/guide\/assurance-auto\/modele"]}]},{"@type":"BreadcrumbList","@id":"https:\/\/guide.reassurez-moi.fr\/guide\/assurance-auto\/modele#breadcrumb","itemListElement":[{"@type":"ListItem","position":1,"name":"Assurances","item":"https:\/\/guide.reassurez-moi.fr\/guide\/"},{"@type":"ListItem","position":2,"name":"Assurance auto","item":"https:\/\/guide.reassurez-moi.fr\/guide\/assurance-auto"},{"@type":"ListItem","position":3,"name":"Mod\u00e8le"}]},{"@type":"WebSite","@id":"https:\/\/guide.reassurez-moi.fr\/guide\/#website","url":"https:\/\/guide.reassurez-moi.fr\/guide\/","name":"R\u00e9assurez-moi","description":"Comparateur d&#039;assurances","potentialAction":[{"@type":"SearchAction","target":{"@type":"EntryPoint","urlTemplate":"https:\/\/guide.reassurez-moi.fr\/guide\/?s={search_term_string}"},"query-input":{"@type":"PropertyValueSpecification","valueRequired":true,"valueName":"search_term_string"}}],"inLanguage":"fr-FR"}]}},"acf":[],"_links":{"self":[{"href":"https:\/\/guide.reassurez-moi.fr\/guide\/wp-json\/wp\/v2\/pages\/147441","targetHints":{"allow":["GET"]}}],"collection":[{"href":"https:\/\/guide.reassurez-moi.fr\/guide\/wp-json\/wp\/v2\/pages"}],"about":[{"href":"https:\/\/guide.reassurez-moi.fr\/guide\/wp-json\/wp\/v2\/types\/page"}],"author":[{"embeddable":true,"href":"https:\/\/guide.reassurez-moi.fr\/guide\/wp-json\/wp\/v2\/users\/86"}],"replies":[{"embeddable":true,"href":"https:\/\/guide.reassurez-moi.fr\/guide\/wp-json\/wp\/v2\/comments?post=147441"}],"version-history":[{"count":1,"href":"https:\/\/guide.reassurez-moi.fr\/guide\/wp-json\/wp\/v2\/pages\/147441\/revisions"}],"predecessor-version":[{"id":216409,"href":"https:\/\/guide.reassurez-moi.fr\/guide\/wp-json\/wp\/v2\/pages\/147441\/revisions\/216409"}],"up":[{"embeddable":true,"href":"https:\/\/guide.reassurez-moi.fr\/guide\/wp-json\/wp\/v2\/pages\/15725"}],"wp:attachment":[{"href":"https:\/\/guide.reassurez-moi.fr\/guide\/wp-json\/wp\/v2\/media?parent=147441"}],"wp:term":[{"taxonomy":"category","embeddable":true,"href":"https:\/\/guide.reassurez-moi.fr\/guide\/wp-json\/wp\/v2\/categories?post=147441"},{"taxonomy":"page_topic","embeddable":true,"href":"https:\/\/guide.reassurez-moi.fr\/guide\/wp-json\/wp\/v2\/page_topic?post=147441"}],"curies":[{"name":"wp","href":"https:\/\/api.w.org\/{rel}","templated":true}]}}