{"id":147610,"date":"2020-11-25T16:04:56","date_gmt":"2020-11-25T15:04:56","guid":{"rendered":"https:\/\/reassurez-moi.fr\/guide\/?page_id=147610"},"modified":"2026-02-02T16:37:44","modified_gmt":"2026-02-02T15:37:44","slug":"lettre-contester-amende-stationnement","status":"publish","type":"page","link":"https:\/\/guide.reassurez-moi.fr\/guide\/assurance-auto\/modele\/lettre-contester-amende-stationnement","title":{"rendered":"Assurance auto &#8211; Contester amende stationnement"},"content":{"rendered":"\n<h1 class=\"wp-block-heading\" id=\"lettre-de-contestation-de-pv-de-stationnement\">Lettre de contestation de PV de stationnement<\/h1>\n\n\n\n<p><strong>Vous avez re\u00e7u une amende pour stationnement selon vous injustifi\u00e9e ?<\/strong> <strong>T\u00e9l\u00e9chargez gratuitement notre mod\u00e8le de lettre de contestation d&rsquo;amende de stationnement.<\/strong><\/p>\n\n\n\n<div style=\"height:20px\" aria-hidden=\"true\" class=\"wp-block-spacer\"><\/div>\n\n\n\n<h2 class=\"wp-block-heading\" id=\"notre-modele-de-lettre-de-contestation-d-amende-pour-stationnement-tres-genant\">Notre mod\u00e8le de lettre de contestation d&rsquo;amende pour stationnement tr\u00e8s g\u00eanant<\/h2>\n\n\n\n<div class=\"wp-block-image\"><figure class=\"aligncenter size-full is-resized\"><a href=\"https:\/\/guide.reassurez-moi.fr\/guide\/wp-content\/uploads\/2020\/11\/lettre-contestation-stationnement-genant.docx\" target=\"_blank\" rel=\"noopener noreferrer\"><img loading=\"lazy\" decoding=\"async\" src=\"https:\/\/guide.reassurez-moi.fr\/guide\/wp-content\/uploads\/2020\/11\/lettre-contester-amende-stationnement.jpg\" alt=\"lettre contester amende stationnement\" class=\"wp-image-147637\" width=\"366\" height=\"400\" srcset=\"https:\/\/guide.reassurez-moi.fr\/guide\/wp-content\/uploads\/2020\/11\/lettre-contester-amende-stationnement.jpg 731w, https:\/\/guide.reassurez-moi.fr\/guide\/wp-content\/uploads\/2020\/11\/lettre-contester-amende-stationnement-274x300.jpg 274w, https:\/\/guide.reassurez-moi.fr\/guide\/wp-content\/uploads\/2020\/11\/lettre-contester-amende-stationnement-457x500.jpg 457w\" sizes=\"auto, (max-width: 366px) 100vw, 366px\" \/><\/a><\/figure><\/div>\n\n\n\n<ul class=\"is-style-default wp-block-list\"><li><a href=\"https:\/\/guide.reassurez-moi.fr\/guide\/wp-content\/uploads\/2020\/11\/lettre-contestation-stationnement-genant.docx\" target=\"_blank\" rel=\"noreferrer noopener\"><strong>T\u00e9l\u00e9charger le mod\u00e8le de lettre de contestation d&rsquo;amende de stationnement<\/strong><\/a>.<\/li><\/ul>\n\n\n\n<div style=\"height:20px\" aria-hidden=\"true\" class=\"wp-block-spacer\"><\/div>\n\n\n\n<div class=\"wp-block-mars-information icon-check\"><i class=\"icon\"><\/i><p>Ce mod\u00e8le de lettre pour contester une amende de stationnement est certifi\u00e9 conforme par notre d\u00e9partement juridique.<\/p><\/div>\n\n\n\n\n\n<h2 class=\"wp-block-heading\" id=\"comment-contester-une-amende-de-stationnement\">Comment contester une amende de stationnement ?<\/h2>\n\n\n\n<p><strong>Un stationnement est consid\u00e9r\u00e9 g\u00eanant s&rsquo;il bloque la circulation d&rsquo;un pi\u00e9ton, d&rsquo;un v\u00e9lo ou d&rsquo;une voiture<\/strong> (<a href=\"https:\/\/www.legifrance.gouv.fr\/codes\/article_lc\/LEGIARTI000025417044\/2012-08-01#:~:text=I.,le%20moins%20possible%20la%20circulation.\" target=\"_blank\" rel=\"noreferrer noopener\">article R417-10 du Code de la route<\/a>). Si vous recevez une telle <a href=\"https:\/\/reassurez-moi.fr\/guide\/assurance-auto\/contravention\">contravention auto<\/a> mais qu&rsquo;elle n&rsquo;est selon vous pas justifi\u00e9e, vous avez 45 jours \u00e0 compter de l&rsquo;avis de contravention pour envoyer votre lettre de contestation (30 jours pour un avis major\u00e9).<br><br><strong>Si votre contestation est recevable, vous serez convoqu\u00e9 devant le Tribunal de Police.<\/strong> L&rsquo;assistance d&rsquo;un avocat sera parfois n\u00e9cessaire. <\/p>\n\n\n\n<div class=\"wp-block-mars-information icon-arrow\"><i class=\"icon\"><\/i><p>Dans votre lettre, n&rsquo;h\u00e9sitez pas \u00e0 bien d\u00e9tailler votre motif de contestation de l&rsquo;amende de stationnement. Vous pouvez m\u00eame y joindre des photos. <\/p><\/div>\n\n\n\n<p><strong>Pour obtenir un devis d&rsquo;assurance auto en ligne et gratuitement, R\u00e9assurez-moi met \u00e0 votre disposition un comparateur des meilleurs contrats auto du march\u00e9 :<\/strong><\/p>\n\n\n\n<div class=\"wp-block-rm-advertizing-block fix-in-sidebar advertising-block-sidebar-item\">\n    <div class=\"image-container flex justify-center align-items-center\">\n        <img decoding=\"async\" src=\"https:\/\/guide.reassurez-moi.fr\/guide\/wp-content\/uploads\/2025\/06\/team_opti_short.png\"\n             alt=\"reassurez-moi illustration\"\n             class=\"wp-block-rm-advertizing-image\"\n             loading=\"lazy\"\n        \/>\n    <\/div>\n    <div class=\"rm-advertblock-container flex flex-column justify-center align-items-start\">\n        <p class=\"wp-block-rm-advertizing-text\">\n            Assurance auto\n        <\/p>\n        <p class=\"wp-block-rm-advertizing-sub-text\">\n            les meilleures offres 2026\n        <\/p>\n        <a\n            href=\"https:\/\/reassurez-moi.fr\/guide\/assurance-auto\"\n            class=\"wp-block-rm-advertizing-button\"\n        >\n            <span class=\"wp-block-rm-advertizing-button-text\">\n                Comparer\n            <\/span>\n            <span class=\"wp-block-rm-advertizing-button-sub-text\">\n                les assurances auto\n            <\/span>\n        <\/a>\n    <\/div>\n<\/div>\n\n\n","protected":false},"excerpt":{"rendered":"<p>Lettre de contestation de PV de stationnement Vous avez re\u00e7u une amende pour stationnement selon vous injustifi\u00e9e ? T\u00e9l\u00e9chargez gratuitement notre mod\u00e8le de lettre de contestation d&rsquo;amende de stationnement. Notre mod\u00e8le de lettre de contestation d&rsquo;amende pour stationnement tr\u00e8s g\u00eanant T\u00e9l\u00e9charger le mod\u00e8le de lettre de contestation d&rsquo;amende de stationnement. Ce mod\u00e8le de lettre pour\u2026<\/p>\n","protected":false},"author":86,"featured_media":0,"parent":147441,"menu_order":0,"comment_status":"open","ping_status":"closed","template":"","meta":{"_acf_changed":false,"footnotes":""},"categories":[],"page_topic":[564],"class_list":["post-147610","page","type-page","status-publish","hentry"],"yoast_head":"<!-- This site is optimized with the Yoast SEO plugin v24.7 - https:\/\/yoast.com\/wordpress\/plugins\/seo\/ -->\n<title>Lettre de contestation d&#039;amende stationnement (mod\u00e8le \u00e0 t\u00e9l\u00e9charger)<\/title>\n<meta name=\"description\" content=\"Contester une amende de stationnement avec notre lettre \u00e0 t\u00e9l\u00e9charger. Conseils et avis d&#039;experts pour faire valoir vos droits.\" \/>\n<meta name=\"robots\" content=\"index, follow, max-snippet:-1, max-image-preview:large, max-video-preview:-1\" \/>\n<link rel=\"canonical\" href=\"https:\/\/guide.reassurez-moi.fr\/guide\/assurance-auto\/modele\/lettre-contester-amende-stationnement\" \/>\n<meta property=\"og:locale\" content=\"fr_FR\" \/>\n<meta property=\"og:type\" content=\"article\" \/>\n<meta property=\"og:title\" content=\"Lettre de contestation d&#039;amende stationnement (mod\u00e8le \u00e0 t\u00e9l\u00e9charger)\" \/>\n<meta property=\"og:description\" content=\"Contester une amende de stationnement avec notre lettre \u00e0 t\u00e9l\u00e9charger. Conseils et avis d&#039;experts pour faire valoir vos droits.\" \/>\n<meta property=\"og:url\" content=\"https:\/\/guide.reassurez-moi.fr\/guide\/assurance-auto\/modele\/lettre-contester-amende-stationnement\" \/>\n<meta property=\"og:site_name\" content=\"R\u00e9assurez-moi\" \/>\n<meta property=\"article:publisher\" content=\"https:\/\/www.facebook.com\/R%c3%a9assurez-moi-209456495889479\/\" \/>\n<meta property=\"article:modified_time\" content=\"2026-02-02T15:37:44+00:00\" \/>\n<meta property=\"og:image\" content=\"https:\/\/guide.reassurez-moi.fr\/guide\/wp-content\/uploads\/2020\/11\/lettre-contester-amende-stationnement.jpg\" \/>\n<meta name=\"twitter:card\" content=\"summary_large_image\" \/>\n<meta name=\"twitter:site\" content=\"@reassurezmoi\" \/>\n<meta name=\"twitter:label1\" content=\"Dur\u00e9e de lecture estim\u00e9e\" \/>\n\t<meta name=\"twitter:data1\" content=\"2 minutes\" \/>\n<script type=\"application\/ld+json\" class=\"yoast-schema-graph\">{\"@context\":\"https:\/\/schema.org\",\"@graph\":[{\"@type\":\"WebPage\",\"@id\":\"https:\/\/guide.reassurez-moi.fr\/guide\/assurance-auto\/modele\/lettre-contester-amende-stationnement\",\"url\":\"https:\/\/guide.reassurez-moi.fr\/guide\/assurance-auto\/modele\/lettre-contester-amende-stationnement\",\"name\":\"Lettre de contestation d'amende stationnement (mod\u00e8le \u00e0 t\u00e9l\u00e9charger)\",\"isPartOf\":{\"@id\":\"https:\/\/guide.reassurez-moi.fr\/guide\/#website\"},\"primaryImageOfPage\":{\"@id\":\"https:\/\/guide.reassurez-moi.fr\/guide\/assurance-auto\/modele\/lettre-contester-amende-stationnement#primaryimage\"},\"image\":{\"@id\":\"https:\/\/guide.reassurez-moi.fr\/guide\/assurance-auto\/modele\/lettre-contester-amende-stationnement#primaryimage\"},\"thumbnailUrl\":\"https:\/\/guide.reassurez-moi.fr\/guide\/wp-content\/uploads\/2020\/11\/lettre-contester-amende-stationnement.jpg\",\"datePublished\":\"2020-11-25T15:04:56+00:00\",\"dateModified\":\"2026-02-02T15:37:44+00:00\",\"description\":\"Contester une amende de stationnement avec notre lettre \u00e0 t\u00e9l\u00e9charger. Conseils et avis d'experts pour faire valoir vos droits.\",\"breadcrumb\":{\"@id\":\"https:\/\/guide.reassurez-moi.fr\/guide\/assurance-auto\/modele\/lettre-contester-amende-stationnement#breadcrumb\"},\"inLanguage\":\"fr-FR\",\"potentialAction\":[{\"@type\":\"ReadAction\",\"target\":[\"https:\/\/guide.reassurez-moi.fr\/guide\/assurance-auto\/modele\/lettre-contester-amende-stationnement\"]}]},{\"@type\":\"ImageObject\",\"inLanguage\":\"fr-FR\",\"@id\":\"https:\/\/guide.reassurez-moi.fr\/guide\/assurance-auto\/modele\/lettre-contester-amende-stationnement#primaryimage\",\"url\":\"https:\/\/guide.reassurez-moi.fr\/guide\/wp-content\/uploads\/2020\/11\/lettre-contester-amende-stationnement.jpg\",\"contentUrl\":\"https:\/\/guide.reassurez-moi.fr\/guide\/wp-content\/uploads\/2020\/11\/lettre-contester-amende-stationnement.jpg\",\"width\":731,\"height\":800,\"caption\":\"lettre contester amende stationnement\"},{\"@type\":\"BreadcrumbList\",\"@id\":\"https:\/\/guide.reassurez-moi.fr\/guide\/assurance-auto\/modele\/lettre-contester-amende-stationnement#breadcrumb\",\"itemListElement\":[{\"@type\":\"ListItem\",\"position\":1,\"name\":\"Assurances\",\"item\":\"https:\/\/guide.reassurez-moi.fr\/guide\/\"},{\"@type\":\"ListItem\",\"position\":2,\"name\":\"Assurance auto\",\"item\":\"https:\/\/guide.reassurez-moi.fr\/guide\/assurance-auto\"},{\"@type\":\"ListItem\",\"position\":3,\"name\":\"Mod\u00e8le\",\"item\":\"https:\/\/guide.reassurez-moi.fr\/guide\/assurance-auto\/modele\"},{\"@type\":\"ListItem\",\"position\":4,\"name\":\"Contester amende stationnement\"}]},{\"@type\":\"WebSite\",\"@id\":\"https:\/\/guide.reassurez-moi.fr\/guide\/#website\",\"url\":\"https:\/\/guide.reassurez-moi.fr\/guide\/\",\"name\":\"R\u00e9assurez-moi\",\"description\":\"Comparateur d&#039;assurances\",\"potentialAction\":[{\"@type\":\"SearchAction\",\"target\":{\"@type\":\"EntryPoint\",\"urlTemplate\":\"https:\/\/guide.reassurez-moi.fr\/guide\/?s={search_term_string}\"},\"query-input\":{\"@type\":\"PropertyValueSpecification\",\"valueRequired\":true,\"valueName\":\"search_term_string\"}}],\"inLanguage\":\"fr-FR\"}]}<\/script>\n<!-- \/ Yoast SEO plugin. -->","yoast_head_json":{"title":"Lettre de contestation d'amende stationnement (mod\u00e8le \u00e0 t\u00e9l\u00e9charger)","description":"Contester une amende de stationnement avec notre lettre \u00e0 t\u00e9l\u00e9charger. Conseils et avis d'experts pour faire valoir vos droits.","robots":{"index":"index","follow":"follow","max-snippet":"max-snippet:-1","max-image-preview":"max-image-preview:large","max-video-preview":"max-video-preview:-1"},"canonical":"https:\/\/guide.reassurez-moi.fr\/guide\/assurance-auto\/modele\/lettre-contester-amende-stationnement","og_locale":"fr_FR","og_type":"article","og_title":"Lettre de contestation d'amende stationnement (mod\u00e8le \u00e0 t\u00e9l\u00e9charger)","og_description":"Contester une amende de stationnement avec notre lettre \u00e0 t\u00e9l\u00e9charger. Conseils et avis d'experts pour faire valoir vos droits.","og_url":"https:\/\/guide.reassurez-moi.fr\/guide\/assurance-auto\/modele\/lettre-contester-amende-stationnement","og_site_name":"R\u00e9assurez-moi","article_publisher":"https:\/\/www.facebook.com\/R%c3%a9assurez-moi-209456495889479\/","article_modified_time":"2026-02-02T15:37:44+00:00","og_image":[{"url":"https:\/\/guide.reassurez-moi.fr\/guide\/wp-content\/uploads\/2020\/11\/lettre-contester-amende-stationnement.jpg","type":"","width":"","height":""}],"twitter_card":"summary_large_image","twitter_site":"@reassurezmoi","twitter_misc":{"Dur\u00e9e de lecture estim\u00e9e":"2 minutes"},"schema":{"@context":"https:\/\/schema.org","@graph":[{"@type":"WebPage","@id":"https:\/\/guide.reassurez-moi.fr\/guide\/assurance-auto\/modele\/lettre-contester-amende-stationnement","url":"https:\/\/guide.reassurez-moi.fr\/guide\/assurance-auto\/modele\/lettre-contester-amende-stationnement","name":"Lettre de contestation d'amende stationnement (mod\u00e8le \u00e0 t\u00e9l\u00e9charger)","isPartOf":{"@id":"https:\/\/guide.reassurez-moi.fr\/guide\/#website"},"primaryImageOfPage":{"@id":"https:\/\/guide.reassurez-moi.fr\/guide\/assurance-auto\/modele\/lettre-contester-amende-stationnement#primaryimage"},"image":{"@id":"https:\/\/guide.reassurez-moi.fr\/guide\/assurance-auto\/modele\/lettre-contester-amende-stationnement#primaryimage"},"thumbnailUrl":"https:\/\/guide.reassurez-moi.fr\/guide\/wp-content\/uploads\/2020\/11\/lettre-contester-amende-stationnement.jpg","datePublished":"2020-11-25T15:04:56+00:00","dateModified":"2026-02-02T15:37:44+00:00","description":"Contester une amende de stationnement avec notre lettre \u00e0 t\u00e9l\u00e9charger. Conseils et avis d'experts pour faire valoir vos droits.","breadcrumb":{"@id":"https:\/\/guide.reassurez-moi.fr\/guide\/assurance-auto\/modele\/lettre-contester-amende-stationnement#breadcrumb"},"inLanguage":"fr-FR","potentialAction":[{"@type":"ReadAction","target":["https:\/\/guide.reassurez-moi.fr\/guide\/assurance-auto\/modele\/lettre-contester-amende-stationnement"]}]},{"@type":"ImageObject","inLanguage":"fr-FR","@id":"https:\/\/guide.reassurez-moi.fr\/guide\/assurance-auto\/modele\/lettre-contester-amende-stationnement#primaryimage","url":"https:\/\/guide.reassurez-moi.fr\/guide\/wp-content\/uploads\/2020\/11\/lettre-contester-amende-stationnement.jpg","contentUrl":"https:\/\/guide.reassurez-moi.fr\/guide\/wp-content\/uploads\/2020\/11\/lettre-contester-amende-stationnement.jpg","width":731,"height":800,"caption":"lettre contester amende stationnement"},{"@type":"BreadcrumbList","@id":"https:\/\/guide.reassurez-moi.fr\/guide\/assurance-auto\/modele\/lettre-contester-amende-stationnement#breadcrumb","itemListElement":[{"@type":"ListItem","position":1,"name":"Assurances","item":"https:\/\/guide.reassurez-moi.fr\/guide\/"},{"@type":"ListItem","position":2,"name":"Assurance auto","item":"https:\/\/guide.reassurez-moi.fr\/guide\/assurance-auto"},{"@type":"ListItem","position":3,"name":"Mod\u00e8le","item":"https:\/\/guide.reassurez-moi.fr\/guide\/assurance-auto\/modele"},{"@type":"ListItem","position":4,"name":"Contester amende stationnement"}]},{"@type":"WebSite","@id":"https:\/\/guide.reassurez-moi.fr\/guide\/#website","url":"https:\/\/guide.reassurez-moi.fr\/guide\/","name":"R\u00e9assurez-moi","description":"Comparateur d&#039;assurances","potentialAction":[{"@type":"SearchAction","target":{"@type":"EntryPoint","urlTemplate":"https:\/\/guide.reassurez-moi.fr\/guide\/?s={search_term_string}"},"query-input":{"@type":"PropertyValueSpecification","valueRequired":true,"valueName":"search_term_string"}}],"inLanguage":"fr-FR"}]}},"acf":[],"_links":{"self":[{"href":"https:\/\/guide.reassurez-moi.fr\/guide\/wp-json\/wp\/v2\/pages\/147610","targetHints":{"allow":["GET"]}}],"collection":[{"href":"https:\/\/guide.reassurez-moi.fr\/guide\/wp-json\/wp\/v2\/pages"}],"about":[{"href":"https:\/\/guide.reassurez-moi.fr\/guide\/wp-json\/wp\/v2\/types\/page"}],"author":[{"embeddable":true,"href":"https:\/\/guide.reassurez-moi.fr\/guide\/wp-json\/wp\/v2\/users\/86"}],"replies":[{"embeddable":true,"href":"https:\/\/guide.reassurez-moi.fr\/guide\/wp-json\/wp\/v2\/comments?post=147610"}],"version-history":[{"count":1,"href":"https:\/\/guide.reassurez-moi.fr\/guide\/wp-json\/wp\/v2\/pages\/147610\/revisions"}],"predecessor-version":[{"id":216413,"href":"https:\/\/guide.reassurez-moi.fr\/guide\/wp-json\/wp\/v2\/pages\/147610\/revisions\/216413"}],"up":[{"embeddable":true,"href":"https:\/\/guide.reassurez-moi.fr\/guide\/wp-json\/wp\/v2\/pages\/147441"}],"wp:attachment":[{"href":"https:\/\/guide.reassurez-moi.fr\/guide\/wp-json\/wp\/v2\/media?parent=147610"}],"wp:term":[{"taxonomy":"category","embeddable":true,"href":"https:\/\/guide.reassurez-moi.fr\/guide\/wp-json\/wp\/v2\/categories?post=147610"},{"taxonomy":"page_topic","embeddable":true,"href":"https:\/\/guide.reassurez-moi.fr\/guide\/wp-json\/wp\/v2\/page_topic?post=147610"}],"curies":[{"name":"wp","href":"https:\/\/api.w.org\/{rel}","templated":true}]}}