{"id":147706,"date":"2020-11-26T11:52:25","date_gmt":"2020-11-26T10:52:25","guid":{"rendered":"https:\/\/reassurez-moi.fr\/guide\/?page_id=147706"},"modified":"2026-02-02T16:37:43","modified_gmt":"2026-02-02T15:37:43","slug":"lettre-contestation-amende-non-designation-conducteur","status":"publish","type":"page","link":"https:\/\/guide.reassurez-moi.fr\/guide\/assurance-auto\/modele\/lettre-contestation-amende-non-designation-conducteur","title":{"rendered":"Assurance auto &#8211; Contester amende non d\u00e9signation conducteur"},"content":{"rendered":"\n<h1 class=\"wp-block-heading\" id=\"modele-de-lettre-de-contestation-pour-non-designation-de-conducteur-a-telecharger\">Mod\u00e8le de lettre de contestation pour non d\u00e9signation de conducteur \u00e0 t\u00e9l\u00e9charger<\/h1>\n\n\n\n<p><strong>Vous avez re\u00e7u une contravention pour non-d\u00e9signation de conducteur apr\u00e8s avoir pay\u00e9 l&rsquo;amende initiale ? Vous souhaitez contester cette contravention ?<\/strong> <strong>T\u00e9l\u00e9chargez gratuitement notre mod\u00e8le de lettre de contestation pour non d\u00e9signation de conducteur.<\/strong><\/p>\n\n\n\n<div style=\"height:20px\" aria-hidden=\"true\" class=\"wp-block-spacer\"><\/div>\n\n\n\n<h2 class=\"wp-block-heading\" id=\"contester-la-non-denonciation-de-conducteur-modele-de-lettre-gratuit-a-telecharger\">Contester la non d\u00e9nonciation de conducteur : mod\u00e8le de lettre gratuit \u00e0 t\u00e9l\u00e9charger<\/h2>\n\n\n\n<div class=\"wp-block-image\"><figure class=\"aligncenter size-full is-resized\"><a href=\"https:\/\/guide.reassurez-moi.fr\/guide\/wp-content\/uploads\/2020\/11\/modele-lettre-contestation-non-denonciation-conducteur.docx\" target=\"_blank\" rel=\"noopener noreferrer\"><img loading=\"lazy\" decoding=\"async\" src=\"https:\/\/guide.reassurez-moi.fr\/guide\/wp-content\/uploads\/2020\/11\/lettre-contester-non-denonciation-conducteur.jpg\" alt=\"lettre contester non denonciation conducteur\" class=\"wp-image-147709\" width=\"306\" height=\"400\" srcset=\"https:\/\/guide.reassurez-moi.fr\/guide\/wp-content\/uploads\/2020\/11\/lettre-contester-non-denonciation-conducteur.jpg 611w, https:\/\/guide.reassurez-moi.fr\/guide\/wp-content\/uploads\/2020\/11\/lettre-contester-non-denonciation-conducteur-229x300.jpg 229w, https:\/\/guide.reassurez-moi.fr\/guide\/wp-content\/uploads\/2020\/11\/lettre-contester-non-denonciation-conducteur-382x500.jpg 382w\" sizes=\"auto, (max-width: 306px) 100vw, 306px\" \/><\/a><\/figure><\/div>\n\n\n\n<ul class=\"is-style-default wp-block-list\"><li><a href=\"https:\/\/guide.reassurez-moi.fr\/guide\/wp-content\/uploads\/2020\/11\/modele-lettre-contestation-non-denonciation-conducteur.docx\" target=\"_blank\" rel=\"noreferrer noopener\"><strong>T\u00e9l\u00e9charger le mod\u00e8le de lettre de contestation pour non d\u00e9signation de conducteur<\/strong><\/a>.<\/li><\/ul>\n\n\n\n<div style=\"height:20px\" aria-hidden=\"true\" class=\"wp-block-spacer\"><\/div>\n\n\n\n<div class=\"wp-block-mars-information icon-check\"><i class=\"icon\"><\/i><p>Ce mod\u00e8le de lettre pour contester une amende pour non-d\u00e9nonciation de conducteur est certifi\u00e9 conforme par notre d\u00e9partement juridique.<\/p><\/div>\n\n\n\n\n\n<h2 class=\"wp-block-heading\" id=\"comment-contester-une-contravention-pour-non-designation-de-conducteur\">Comment contester une contravention pour non-d\u00e9signation de conducteur ?<\/h2>\n\n\n\n<p><strong>La <a href=\"https:\/\/reassurez-moi.fr\/guide\/assurance-auto\/contravention\">contravention<\/a> pour non-d\u00e9signation du conducteur est de 675 \u20ac<\/strong>. Or, si vous aviez pay\u00e9 de bonne foi le PV initialement re\u00e7u, payer une telle somme semble injuste, d&rsquo;autant plus si vous \u00eates votre propre patron et n&rsquo;avez pas pens\u00e9 \u00e0 vous \u00ab\u00a0auto-d\u00e9noncer\u00a0\u00bb.<br><br><strong>Pour contrer cette contravention de non d\u00e9signation<\/strong>, il est donc important de ne pas payer l&rsquo;amende et d&rsquo;envoyer une lettre de contestation en recommand\u00e9 avec accus\u00e9 de r\u00e9ception \u00e0 l\u2019adresse indiqu\u00e9e sur l\u2019avis de contravention en bas \u00e0 droite de la 1\u00e8re page. Vous pouvez aussi contester directement sur le site internet de l&rsquo;ANTAI.<\/p>\n\n\n\n<div class=\"wp-block-mars-information icon-warning\"><i class=\"icon\"><\/i><p>Si vous avez pay\u00e9 la contravention de non-d\u00e9signation de conducteur, vous ne pourrez pas demander un remboursement.<\/p><\/div>\n\n\n\n<p><strong>Pour obtenir un devis d&rsquo;assurance auto en ligne et gratuitement, <\/strong>R\u00e9assurez-moi met \u00e0 votre disposition un comparateur des meilleurs contrats auto du march\u00e9 :<\/p>\n\n\n\n<div class=\"wp-block-rm-advertizing-block fix-in-sidebar advertising-block-sidebar-item\">\n    <div class=\"image-container flex justify-center align-items-center\">\n        <img decoding=\"async\" src=\"https:\/\/guide.reassurez-moi.fr\/guide\/wp-content\/uploads\/2025\/06\/team_opti_short.png\"\n             alt=\"reassurez-moi illustration\"\n             class=\"wp-block-rm-advertizing-image\"\n             loading=\"lazy\"\n        \/>\n    <\/div>\n    <div class=\"rm-advertblock-container flex flex-column justify-center align-items-start\">\n        <p class=\"wp-block-rm-advertizing-text\">\n            Assurance auto\n        <\/p>\n        <p class=\"wp-block-rm-advertizing-sub-text\">\n            les meilleures offres 2026\n        <\/p>\n        <a\n            href=\"https:\/\/reassurez-moi.fr\/guide\/assurance-auto\"\n            class=\"wp-block-rm-advertizing-button\"\n        >\n            <span class=\"wp-block-rm-advertizing-button-text\">\n                Comparer\n            <\/span>\n            <span class=\"wp-block-rm-advertizing-button-sub-text\">\n                les assurances auto\n            <\/span>\n        <\/a>\n    <\/div>\n<\/div>\n\n\n","protected":false},"excerpt":{"rendered":"<p>Mod\u00e8le de lettre de contestation pour non d\u00e9signation de conducteur \u00e0 t\u00e9l\u00e9charger Vous avez re\u00e7u une contravention pour non-d\u00e9signation de conducteur apr\u00e8s avoir pay\u00e9 l&rsquo;amende initiale ? Vous souhaitez contester cette contravention ? T\u00e9l\u00e9chargez gratuitement notre mod\u00e8le de lettre de contestation pour non d\u00e9signation de conducteur. Contester la non d\u00e9nonciation de conducteur : mod\u00e8le de\u2026<\/p>\n","protected":false},"author":86,"featured_media":0,"parent":147441,"menu_order":0,"comment_status":"open","ping_status":"closed","template":"","meta":{"_acf_changed":false,"footnotes":""},"categories":[],"page_topic":[564],"class_list":["post-147706","page","type-page","status-publish","hentry"],"yoast_head":"<!-- This site is optimized with the Yoast SEO plugin v24.7 - https:\/\/yoast.com\/wordpress\/plugins\/seo\/ -->\n<title>Amende non-d\u00e9signation conducteur : lettre de contestation \u00e0 t\u00e9l\u00e9charger<\/title>\n<meta name=\"description\" content=\"Contester une amende pour non d\u00e9signation de conducteur - Mod\u00e8le de lettre gratuit \u00e0 t\u00e9l\u00e9charger - Conseils et avis d&#039;experts ind\u00e9pendants.\" \/>\n<meta name=\"robots\" content=\"index, follow, max-snippet:-1, max-image-preview:large, max-video-preview:-1\" \/>\n<link rel=\"canonical\" href=\"https:\/\/guide.reassurez-moi.fr\/guide\/assurance-auto\/modele\/lettre-contestation-amende-non-designation-conducteur\" \/>\n<meta property=\"og:locale\" content=\"fr_FR\" \/>\n<meta property=\"og:type\" content=\"article\" \/>\n<meta property=\"og:title\" content=\"Amende non-d\u00e9signation conducteur : lettre de contestation \u00e0 t\u00e9l\u00e9charger\" \/>\n<meta property=\"og:description\" content=\"Contester une amende pour non d\u00e9signation de conducteur - Mod\u00e8le de lettre gratuit \u00e0 t\u00e9l\u00e9charger - Conseils et avis d&#039;experts ind\u00e9pendants.\" \/>\n<meta property=\"og:url\" content=\"https:\/\/guide.reassurez-moi.fr\/guide\/assurance-auto\/modele\/lettre-contestation-amende-non-designation-conducteur\" \/>\n<meta property=\"og:site_name\" content=\"R\u00e9assurez-moi\" \/>\n<meta property=\"article:publisher\" content=\"https:\/\/www.facebook.com\/R%c3%a9assurez-moi-209456495889479\/\" \/>\n<meta property=\"article:modified_time\" content=\"2026-02-02T15:37:43+00:00\" \/>\n<meta property=\"og:image\" content=\"https:\/\/guide.reassurez-moi.fr\/guide\/wp-content\/uploads\/2020\/11\/lettre-contester-non-denonciation-conducteur.jpg\" \/>\n<meta name=\"twitter:card\" content=\"summary_large_image\" \/>\n<meta name=\"twitter:site\" content=\"@reassurezmoi\" \/>\n<meta name=\"twitter:label1\" content=\"Dur\u00e9e de lecture estim\u00e9e\" \/>\n\t<meta name=\"twitter:data1\" content=\"2 minutes\" \/>\n<script type=\"application\/ld+json\" class=\"yoast-schema-graph\">{\"@context\":\"https:\/\/schema.org\",\"@graph\":[{\"@type\":\"WebPage\",\"@id\":\"https:\/\/guide.reassurez-moi.fr\/guide\/assurance-auto\/modele\/lettre-contestation-amende-non-designation-conducteur\",\"url\":\"https:\/\/guide.reassurez-moi.fr\/guide\/assurance-auto\/modele\/lettre-contestation-amende-non-designation-conducteur\",\"name\":\"Amende non-d\u00e9signation conducteur : lettre de contestation \u00e0 t\u00e9l\u00e9charger\",\"isPartOf\":{\"@id\":\"https:\/\/guide.reassurez-moi.fr\/guide\/#website\"},\"primaryImageOfPage\":{\"@id\":\"https:\/\/guide.reassurez-moi.fr\/guide\/assurance-auto\/modele\/lettre-contestation-amende-non-designation-conducteur#primaryimage\"},\"image\":{\"@id\":\"https:\/\/guide.reassurez-moi.fr\/guide\/assurance-auto\/modele\/lettre-contestation-amende-non-designation-conducteur#primaryimage\"},\"thumbnailUrl\":\"https:\/\/guide.reassurez-moi.fr\/guide\/wp-content\/uploads\/2020\/11\/lettre-contester-non-denonciation-conducteur.jpg\",\"datePublished\":\"2020-11-26T10:52:25+00:00\",\"dateModified\":\"2026-02-02T15:37:43+00:00\",\"description\":\"Contester une amende pour non d\u00e9signation de conducteur - Mod\u00e8le de lettre gratuit \u00e0 t\u00e9l\u00e9charger - Conseils et avis d'experts ind\u00e9pendants.\",\"breadcrumb\":{\"@id\":\"https:\/\/guide.reassurez-moi.fr\/guide\/assurance-auto\/modele\/lettre-contestation-amende-non-designation-conducteur#breadcrumb\"},\"inLanguage\":\"fr-FR\",\"potentialAction\":[{\"@type\":\"ReadAction\",\"target\":[\"https:\/\/guide.reassurez-moi.fr\/guide\/assurance-auto\/modele\/lettre-contestation-amende-non-designation-conducteur\"]}]},{\"@type\":\"ImageObject\",\"inLanguage\":\"fr-FR\",\"@id\":\"https:\/\/guide.reassurez-moi.fr\/guide\/assurance-auto\/modele\/lettre-contestation-amende-non-designation-conducteur#primaryimage\",\"url\":\"https:\/\/guide.reassurez-moi.fr\/guide\/wp-content\/uploads\/2020\/11\/lettre-contester-non-denonciation-conducteur.jpg\",\"contentUrl\":\"https:\/\/guide.reassurez-moi.fr\/guide\/wp-content\/uploads\/2020\/11\/lettre-contester-non-denonciation-conducteur.jpg\",\"width\":611,\"height\":800,\"caption\":\"lettre contester non denonciation conducteur\"},{\"@type\":\"BreadcrumbList\",\"@id\":\"https:\/\/guide.reassurez-moi.fr\/guide\/assurance-auto\/modele\/lettre-contestation-amende-non-designation-conducteur#breadcrumb\",\"itemListElement\":[{\"@type\":\"ListItem\",\"position\":1,\"name\":\"Assurances\",\"item\":\"https:\/\/guide.reassurez-moi.fr\/guide\/\"},{\"@type\":\"ListItem\",\"position\":2,\"name\":\"Assurance auto\",\"item\":\"https:\/\/guide.reassurez-moi.fr\/guide\/assurance-auto\"},{\"@type\":\"ListItem\",\"position\":3,\"name\":\"Mod\u00e8le\",\"item\":\"https:\/\/guide.reassurez-moi.fr\/guide\/assurance-auto\/modele\"},{\"@type\":\"ListItem\",\"position\":4,\"name\":\"Contester amende non-d\u00e9signation conducteur\"}]},{\"@type\":\"WebSite\",\"@id\":\"https:\/\/guide.reassurez-moi.fr\/guide\/#website\",\"url\":\"https:\/\/guide.reassurez-moi.fr\/guide\/\",\"name\":\"R\u00e9assurez-moi\",\"description\":\"Comparateur d&#039;assurances\",\"potentialAction\":[{\"@type\":\"SearchAction\",\"target\":{\"@type\":\"EntryPoint\",\"urlTemplate\":\"https:\/\/guide.reassurez-moi.fr\/guide\/?s={search_term_string}\"},\"query-input\":{\"@type\":\"PropertyValueSpecification\",\"valueRequired\":true,\"valueName\":\"search_term_string\"}}],\"inLanguage\":\"fr-FR\"}]}<\/script>\n<!-- \/ Yoast SEO plugin. -->","yoast_head_json":{"title":"Amende non-d\u00e9signation conducteur : lettre de contestation \u00e0 t\u00e9l\u00e9charger","description":"Contester une amende pour non d\u00e9signation de conducteur - Mod\u00e8le de lettre gratuit \u00e0 t\u00e9l\u00e9charger - Conseils et avis d'experts ind\u00e9pendants.","robots":{"index":"index","follow":"follow","max-snippet":"max-snippet:-1","max-image-preview":"max-image-preview:large","max-video-preview":"max-video-preview:-1"},"canonical":"https:\/\/guide.reassurez-moi.fr\/guide\/assurance-auto\/modele\/lettre-contestation-amende-non-designation-conducteur","og_locale":"fr_FR","og_type":"article","og_title":"Amende non-d\u00e9signation conducteur : lettre de contestation \u00e0 t\u00e9l\u00e9charger","og_description":"Contester une amende pour non d\u00e9signation de conducteur - Mod\u00e8le de lettre gratuit \u00e0 t\u00e9l\u00e9charger - Conseils et avis d'experts ind\u00e9pendants.","og_url":"https:\/\/guide.reassurez-moi.fr\/guide\/assurance-auto\/modele\/lettre-contestation-amende-non-designation-conducteur","og_site_name":"R\u00e9assurez-moi","article_publisher":"https:\/\/www.facebook.com\/R%c3%a9assurez-moi-209456495889479\/","article_modified_time":"2026-02-02T15:37:43+00:00","og_image":[{"url":"https:\/\/guide.reassurez-moi.fr\/guide\/wp-content\/uploads\/2020\/11\/lettre-contester-non-denonciation-conducteur.jpg","type":"","width":"","height":""}],"twitter_card":"summary_large_image","twitter_site":"@reassurezmoi","twitter_misc":{"Dur\u00e9e de lecture estim\u00e9e":"2 minutes"},"schema":{"@context":"https:\/\/schema.org","@graph":[{"@type":"WebPage","@id":"https:\/\/guide.reassurez-moi.fr\/guide\/assurance-auto\/modele\/lettre-contestation-amende-non-designation-conducteur","url":"https:\/\/guide.reassurez-moi.fr\/guide\/assurance-auto\/modele\/lettre-contestation-amende-non-designation-conducteur","name":"Amende non-d\u00e9signation conducteur : lettre de contestation \u00e0 t\u00e9l\u00e9charger","isPartOf":{"@id":"https:\/\/guide.reassurez-moi.fr\/guide\/#website"},"primaryImageOfPage":{"@id":"https:\/\/guide.reassurez-moi.fr\/guide\/assurance-auto\/modele\/lettre-contestation-amende-non-designation-conducteur#primaryimage"},"image":{"@id":"https:\/\/guide.reassurez-moi.fr\/guide\/assurance-auto\/modele\/lettre-contestation-amende-non-designation-conducteur#primaryimage"},"thumbnailUrl":"https:\/\/guide.reassurez-moi.fr\/guide\/wp-content\/uploads\/2020\/11\/lettre-contester-non-denonciation-conducteur.jpg","datePublished":"2020-11-26T10:52:25+00:00","dateModified":"2026-02-02T15:37:43+00:00","description":"Contester une amende pour non d\u00e9signation de conducteur - Mod\u00e8le de lettre gratuit \u00e0 t\u00e9l\u00e9charger - Conseils et avis d'experts ind\u00e9pendants.","breadcrumb":{"@id":"https:\/\/guide.reassurez-moi.fr\/guide\/assurance-auto\/modele\/lettre-contestation-amende-non-designation-conducteur#breadcrumb"},"inLanguage":"fr-FR","potentialAction":[{"@type":"ReadAction","target":["https:\/\/guide.reassurez-moi.fr\/guide\/assurance-auto\/modele\/lettre-contestation-amende-non-designation-conducteur"]}]},{"@type":"ImageObject","inLanguage":"fr-FR","@id":"https:\/\/guide.reassurez-moi.fr\/guide\/assurance-auto\/modele\/lettre-contestation-amende-non-designation-conducteur#primaryimage","url":"https:\/\/guide.reassurez-moi.fr\/guide\/wp-content\/uploads\/2020\/11\/lettre-contester-non-denonciation-conducteur.jpg","contentUrl":"https:\/\/guide.reassurez-moi.fr\/guide\/wp-content\/uploads\/2020\/11\/lettre-contester-non-denonciation-conducteur.jpg","width":611,"height":800,"caption":"lettre contester non denonciation conducteur"},{"@type":"BreadcrumbList","@id":"https:\/\/guide.reassurez-moi.fr\/guide\/assurance-auto\/modele\/lettre-contestation-amende-non-designation-conducteur#breadcrumb","itemListElement":[{"@type":"ListItem","position":1,"name":"Assurances","item":"https:\/\/guide.reassurez-moi.fr\/guide\/"},{"@type":"ListItem","position":2,"name":"Assurance auto","item":"https:\/\/guide.reassurez-moi.fr\/guide\/assurance-auto"},{"@type":"ListItem","position":3,"name":"Mod\u00e8le","item":"https:\/\/guide.reassurez-moi.fr\/guide\/assurance-auto\/modele"},{"@type":"ListItem","position":4,"name":"Contester amende non-d\u00e9signation conducteur"}]},{"@type":"WebSite","@id":"https:\/\/guide.reassurez-moi.fr\/guide\/#website","url":"https:\/\/guide.reassurez-moi.fr\/guide\/","name":"R\u00e9assurez-moi","description":"Comparateur d&#039;assurances","potentialAction":[{"@type":"SearchAction","target":{"@type":"EntryPoint","urlTemplate":"https:\/\/guide.reassurez-moi.fr\/guide\/?s={search_term_string}"},"query-input":{"@type":"PropertyValueSpecification","valueRequired":true,"valueName":"search_term_string"}}],"inLanguage":"fr-FR"}]}},"acf":[],"_links":{"self":[{"href":"https:\/\/guide.reassurez-moi.fr\/guide\/wp-json\/wp\/v2\/pages\/147706","targetHints":{"allow":["GET"]}}],"collection":[{"href":"https:\/\/guide.reassurez-moi.fr\/guide\/wp-json\/wp\/v2\/pages"}],"about":[{"href":"https:\/\/guide.reassurez-moi.fr\/guide\/wp-json\/wp\/v2\/types\/page"}],"author":[{"embeddable":true,"href":"https:\/\/guide.reassurez-moi.fr\/guide\/wp-json\/wp\/v2\/users\/86"}],"replies":[{"embeddable":true,"href":"https:\/\/guide.reassurez-moi.fr\/guide\/wp-json\/wp\/v2\/comments?post=147706"}],"version-history":[{"count":1,"href":"https:\/\/guide.reassurez-moi.fr\/guide\/wp-json\/wp\/v2\/pages\/147706\/revisions"}],"predecessor-version":[{"id":216412,"href":"https:\/\/guide.reassurez-moi.fr\/guide\/wp-json\/wp\/v2\/pages\/147706\/revisions\/216412"}],"up":[{"embeddable":true,"href":"https:\/\/guide.reassurez-moi.fr\/guide\/wp-json\/wp\/v2\/pages\/147441"}],"wp:attachment":[{"href":"https:\/\/guide.reassurez-moi.fr\/guide\/wp-json\/wp\/v2\/media?parent=147706"}],"wp:term":[{"taxonomy":"category","embeddable":true,"href":"https:\/\/guide.reassurez-moi.fr\/guide\/wp-json\/wp\/v2\/categories?post=147706"},{"taxonomy":"page_topic","embeddable":true,"href":"https:\/\/guide.reassurez-moi.fr\/guide\/wp-json\/wp\/v2\/page_topic?post=147706"}],"curies":[{"name":"wp","href":"https:\/\/api.w.org\/{rel}","templated":true}]}}