{"id":148512,"date":"2025-05-15T21:50:03","date_gmt":"2025-05-15T19:50:03","guid":{"rendered":"https:\/\/reassurez-moi.fr\/guide\/assurance-loisirs\/velo\/qoverme"},"modified":"2026-02-02T16:28:26","modified_gmt":"2026-02-02T15:28:26","slug":"qoverme","status":"publish","type":"page","link":"https:\/\/guide.reassurez-moi.fr\/guide\/assurance-loisirs\/velo\/qoverme","title":{"rendered":"Assurance v\u00e9lo Qover"},"content":{"rendered":"\n<p><\/p>\n\n\n\n<p>Vous souhaitez assurer votre v\u00e9lo mais vous ne savez pas vers quel acteur vous tournez ? Retrouvez notre avis sur l&rsquo;assurance v\u00e9lo Qoverme ? Quel est le prix de cette garantie ? Comparatif et d\u00e9cryptage de l&rsquo;assurance v\u00e9lo Qover.<\/p>\n\n\n\n<h2 class=\"wp-block-heading\">Quelles sont les garanties de l&rsquo;assurance v\u00e9lo Qover ?<\/h2>\n\n\n\n<p><strong>Bien que l\u2019assurance v\u00e9lo ne soit pas obligatoire, elle permet de minimiser les risques que vous prenez lorsque vous l\u2019enfourchez.\u00a0<\/strong>Voici les garanties propos\u00e9es par l&rsquo;assurance v\u00e9lo Qover.<\/p>\n\n\n\n<figure class=\"wp-block-table is-style-header-double\"><table><thead><tr><th><\/th><th class=\"has-text-align-center\" data-align=\"center\">Formule unique<\/th><\/tr><\/thead><tbody><tr><td><strong>Vol du v\u00e9lo \u00e0 domicile<\/strong><\/td><td class=\"has-text-align-center\" data-align=\"center\"><i\n    class=\"safe-shortcode-icon\n                    yes\n            \"\n                                    title=oui\n            >\n<\/i><\/td><td class=\"has-text-align-center\" data-align=\"center\"><\/td><td class=\"has-text-align-center\" data-align=\"center\"><\/td><\/tr><tr><td><strong>Vol du v\u00e9lo hors domicile<\/strong><\/td><td class=\"has-text-align-center\" data-align=\"center\"><i\n    class=\"safe-shortcode-icon\n                    yes\n            \"\n                                    title=oui\n            >\n<\/i><\/td><td class=\"has-text-align-center\" data-align=\"center\"><\/td><td class=\"has-text-align-center\" data-align=\"center\"><\/td><\/tr><tr><td><strong>Vol en tous lieux<\/strong><\/td><td class=\"has-text-align-center\" data-align=\"center\"><i\n    class=\"safe-shortcode-icon\n                    yes\n            \"\n                                    title=oui\n            >\n<\/i><\/td><td class=\"has-text-align-center\" data-align=\"center\"><\/td><td class=\"has-text-align-center\" data-align=\"center\"><\/td><\/tr><tr><td><strong>Casse<\/strong><\/td><td class=\"has-text-align-center\" data-align=\"center\"><i\n    class=\"safe-shortcode-icon\n                    yes\n            \"\n                                    title=oui\n            >\n<\/i><\/td><td class=\"has-text-align-center\" data-align=\"center\"><\/td><td class=\"has-text-align-center\" data-align=\"center\"><\/td><\/tr><tr><td><strong>Assistance<\/strong><\/td><td class=\"has-text-align-center\" data-align=\"center\"><i\n    class=\"safe-shortcode-icon\n                    yes\n            \"\n                                    title=oui\n            >\n<\/i><\/td><td class=\"has-text-align-center\" data-align=\"center\"><\/td><td class=\"has-text-align-center\" data-align=\"center\"><\/td><\/tr><tr><td><strong>Garantie intemp\u00e9ries<\/strong><\/td><td class=\"has-text-align-center\" data-align=\"center\">Sous conditions<\/td><td class=\"has-text-align-center\" data-align=\"center\"><\/td><td class=\"has-text-align-center\" data-align=\"center\"><\/td><\/tr><tr><td><strong>Incendie<\/strong><\/td><td class=\"has-text-align-center\" data-align=\"center\">Sous conditions<\/td><td class=\"has-text-align-center\" data-align=\"center\"><\/td><td class=\"has-text-align-center\" data-align=\"center\"><\/td><\/tr><tr><td><strong>Indemnisation du cycliste<\/strong><\/td><td class=\"has-text-align-center\" data-align=\"center\">Sous conditions<\/td><td class=\"has-text-align-center\" data-align=\"center\"><\/td><td class=\"has-text-align-center\" data-align=\"center\"><\/td><\/tr><\/tbody><\/table><\/figure>\n\n\n<p><strong>Vous souhaitez davantage d&rsquo;information sur le contrat d&rsquo;assurance v\u00e9lo Qover ?<\/strong> Vous pouvez retrouver le d\u00e9tail des garanties et conditions d&rsquo;indemnisation dans les conditions g\u00e9n\u00e9rales ci-dessous :<\/p>\n<p><!-- \/wp:post-content --><\/p>\n<p><!-- wp:paragraph {\"align\":\"center\"} --><\/p>\n<p class=\"has-text-align-center\"><strong><a href=\"https:\/\/guide.reassurez-moi.fr\/guide\/wp-content\/uploads\/2020\/12\/cg_assurance_velo_qoverme.pdf\">T\u00e9l\u00e9charger les conditions g\u00e9n\u00e9rales de l\u2019assurance v\u00e9lo Qover<\/a> :<\/strong><\/p>\n<p><!-- \/wp:paragraph --><\/p>\n<p><!-- wp:image {\"align\":\"center\",\"id\":131404,\"width\":120,\"height\":120,\"sizeSlug\":\"full\",\"linkDestination\":\"none\"} --><\/p>\n<div class=\"wp-block-image\">\n<figure class=\"aligncenter size-full is-resized\"><a href=\"https:\/\/guide.reassurez-moi.fr\/guide\/wp-content\/uploads\/2020\/12\/cg_assurance_velo_qoverme.pdf\"><img loading=\"lazy\" decoding=\"async\" class=\"wp-image-131404\" src=\"https:\/\/guide.reassurez-moi.fr\/guide\/wp-content\/uploads\/2020\/07\/conditions-generales.jpg\" alt=\"conditions generales\" width=\"120\" height=\"120\" \/><\/a><\/figure>\n<\/div>\n<p><!-- \/wp:image --><br \/><!-- wp:heading --><\/p>\n<h2>Quel est notre avis sur l&rsquo;assurance v\u00e9lo Qover ?<\/h2>\n<p><!-- \/wp:heading --><\/p>\n<p><!-- wp:paragraph --><\/p>\n<p>L&rsquo;assurance v\u00e9lo Qover est satisfaisante. Elle garantit une assistance 24h\/24 et 7j sur 7 pour vous assurer une aide \u00e0 tout moment en cas de sinistre. En cas de panne, elle se d\u00e9place pour vous aider \u00e0 r\u00e9parer votre v\u00e9lo gratuitement et vous v\u00e9hicule jusqu&rsquo;\u00e0 chez vous en cas de besoin.<br \/>De plus, en cas de vol, elle vous rembourse \u00e0 hauteur de la valeur d&rsquo;achat du v\u00e9lo, sans tenir compte d&rsquo;un indice de v\u00e9tust\u00e9. En revanche, une franchise sera appliqu\u00e9e. De plus, en cas de sinistre n\u00e9cessitant une r\u00e9paration de plusieurs jours de votre v\u00e9lo, Qover vous rembourse les frais de location d&rsquo;un autre v\u00e9lo \u00e0 hauteur de 15\u20ac\/jour.<br \/>Ainsi, pour le tarif propos\u00e9, la couverture est int\u00e9ressante, surtout si vous avez un usage quotidien de votre v\u00e9lo.<\/p>\n<p><!-- wp:paragraph --><\/p>\n<p><!-- \/wp:paragraph --> <!-- wp:columns --><\/p>\n<div class=\"wp-block-columns\"><!-- wp:column {\"className\":\"is-style-green-top-border\"} -->\n<div class=\"wp-block-column is-style-green-top-border\"><!-- wp:heading {\"level\":3} -->\n<h3 class=\"wp-block-heading\">\ud83d\udca1 Avis d&rsquo;expert R\u00e9assurez-moi sur l&rsquo;assurance Qover<\/h3>\n<p><!-- \/wp:heading --> <!-- wp:paragraph --><\/p>\n<p>[youtube_embed id=\u00a0\u00bbT6UgXgLJMcE\u00a0\u00bb title=\u00a0\u00bbAvis d&rsquo;expert R\u00e9assurez-moi sur l&rsquo;assurance Qoverme\u00a0\u00bb description=\u00a0\u00bbcode promo, avantages, garanties, tarifs et avis sur l&rsquo;assurance v\u00e9lo par les experts en assurance R\u00e9assurez-moi\u00a0\u00bb]<\/p>\n<p><!-- \/wp:paragraph --><\/p>\n<\/div>\n<p><!-- \/wp:column --><\/p>\n<\/div>\n<p><!-- \/wp:columns --> <!-- wp:paragraph --><\/p>\n<p><!-- \/wp:paragraph --><\/p>\n<p><!-- \/wp:paragraph --><\/p>\n<p><!-- wp:heading --><\/p>\n<h2>Quel est le tarif de l&rsquo;assurance v\u00e9lo Qover ?<\/h2>\n<p><!-- \/wp:heading --><\/p>\n<p><!-- wp:paragraph --><\/p>\n<p><strong>Le prix de l\u2019assurance v\u00e9lo ou v\u00e9lo \u00e9lectrique est variable et d\u00e9pend essentiellement :<\/strong><\/p>\n<p><!-- \/wp:paragraph --><\/p>\n<p><!-- wp:list --><\/p>\n<ul>\n<li>du type de v\u00e9lo\u00a0(assurance VTT, assurance v\u00e9lo \u00e9lectrique, assurance v\u00e9lo cross, etc.) ;<\/li>\n<li>du prix d\u2019achat\u00a0du v\u00e9lo ;<\/li>\n<li>de\u00a0l\u2019usage qu\u2019il en est fait\u00a0(v\u00e9lo de comp\u00e9tition, v\u00e9lo urbain, etc.).<\/li>\n<\/ul>\n<p><!-- \/wp:list --><\/p>\n<p><strong>Pour vous faire une id\u00e9e du prix de l&rsquo;assurance v\u00e9lo chez Qover, voici une simulation des tarifs moyens pour la couverture de votre v\u00e9lo : <\/strong><\/p>\n<p><!-- \/wp:paragraph --><\/p>\n<p><!-- wp:table {\"className\":\"is-style-header-double\",\"loopVariable\":\"tarif_velo\",\"customAttributes\":[{\"name\":\"\",\"value\":\"\"},{\"name\":\"\",\"value\":\"\"}]} --><\/p>\n<figure class=\"wp-block-table is-style-header-double\">\n<table>\n<thead>\n<tr>\n<th>\u00a0<\/th>\n<th class=\"has-text-align-center\" data-align=\"center\">Tarif annuel<\/th>\n<\/tr>\n<\/thead>\n<tbody>\n<tr>\n<td>Assurance v\u00e9lo \u00e9lectrique<\/td>\n<td class=\"has-text-align-center\" data-align=\"center\">\u00c0 partir de 5\u20ac\/mois<\/td>\n<\/tr>\n<tr>\n<td>Assurance v\u00e9lo<\/td>\n<td class=\"has-text-align-center\" data-align=\"center\">\u00c0 partir de 5\u20ac\/mois<\/td>\n<\/tr>\n<\/tbody>\n<\/table>\n<\/figure>\n<p><!-- \/wp:table --><\/p>\n<p><!-- wp:heading --><\/p>\n<h2>Comment contacter l&rsquo;assurance v\u00e9lo Qover ?<\/h2>\n<p><!-- \/wp:heading --><\/p>\n<p><!-- wp:paragraph --><\/p>\n<p><strong>Pour une demande d\u2019informations<\/strong>, une question sur votre contrat ou votre prise en charge, Qover vous invite \u00e0 contacter l\u2019agence la plus proche de chez vous. Vous pouvez aussi les joindre par t\u00e9l\u00e9phone au : 09 78 46 61 24.<\/p>\n<p><strong>Enfin, si vous souhaitez recevoir ou envoyer des documents papier<\/strong> comme votre attestation d&rsquo;assurance ou votre d\u00e9claration de <a href=\"https:\/\/reassurez-moi.fr\/guide\/assurance-loisirs\/velo\/vol\">vol de v\u00e9lo<\/a>, vous pouvez leur \u00e9crire \u00e0 :<\/p>\n<p><!-- \/wp:paragraph --><\/p>\n<p><!-- wp:paragraph {\"align\":\"center\"} --><\/p>\n<p>Qover<br \/>Rue du Commerce 31<br \/>1000 Bruxelles<\/p>\n<p><!-- \/wp:paragraph --><\/p>\n<p><!-- wp:heading --><\/p>\n<h2>Qoverme, la meilleure assurance pour mon v\u00e9lo ?<\/h2>\n<p><!-- \/wp:heading --><\/p>\n<p><!-- wp:paragraph --><\/p>\n<p><strong>Comparez le Qover aux autres assurances v\u00e9lo en simulant un devis imm\u00e9diat,<\/strong>\u00a0vous obtiendrez un r\u00e9capitulatif de tous les acteurs du march\u00e9 avec un acc\u00e8s aux tarifs et aux garanties qui conviennent \u00e0 l\u2019utilisation de votre v\u00e9lo.<\/p>\n<p><!-- \/wp:paragraph --><\/p>\n<p><!-- wp:spacer {\"height\":\"20px\"} --><\/p>\n<div class=\"wp-block-spacer\" style=\"height: 20px;\" aria-hidden=\"true\">\u00a0<\/div>\n<p><!-- \/wp:spacer --><\/p>\n<p><!-- wp:shortcode --><br \/>\n<div class=\"wp-block-rm-advertizing-block fix-in-sidebar advertising-block-sidebar-item\">\n    <div class=\"image-container flex justify-center align-items-center\">\n        <img decoding=\"async\" src=\"https:\/\/guide.reassurez-moi.fr\/guide\/wp-content\/uploads\/2025\/06\/team_opti_short.png\"\n             alt=\"reassurez-moi illustration\"\n             class=\"wp-block-rm-advertizing-image\"\n             loading=\"lazy\"\n        \/>\n    <\/div>\n    <div class=\"rm-advertblock-container flex flex-column justify-center align-items-start\">\n        <p class=\"wp-block-rm-advertizing-text\">\n            Assurance v\u00e9lo\n        <\/p>\n        <p class=\"wp-block-rm-advertizing-sub-text\">\n            les meilleures offres 2026\n        <\/p>\n        <a\n            href=\"https:\/\/reassurez-moi.fr\/guide\/assurance-loisirs\/velo\"\n            class=\"wp-block-rm-advertizing-button\"\n        >\n            <span class=\"wp-block-rm-advertizing-button-text\">\n                Comparer\n            <\/span>\n            <span class=\"wp-block-rm-advertizing-button-sub-text\">\n                les assurances v\u00e9lo\n            <\/span>\n        <\/a>\n    <\/div>\n<\/div>\n<br \/><!-- \/wp:shortcode --><\/p>\n<p><!-- wp:spacer {\"height\":\"40px\"} --><\/p>\n<div class=\"wp-block-spacer\" style=\"height: 40px;\" aria-hidden=\"true\">\u00a0<\/div>\n<p><!-- \/wp:spacer --><\/p>\n<p><!-- wp:quote --><\/p>\n<blockquote class=\"wp-block-quote\">\n<p><em><span class=\"has-small-font-size\">En tant que courtier d&rsquo;assurance, notre mission est de vous informer et de vous conseiller sur les offres d&rsquo;assurance propos\u00e9es sur le march\u00e9. Ces fiches conseils ont pour objet de vous pr\u00e9senter les produits de nos <a href=\"https:\/\/reassurez-moi.fr\/guide\/cgu-cgv#MISE_EN_RELATION_AVEC_LES_PARTENAIRES\">assureurs partenaires<\/a> comme ceux avec lesquels nous n&rsquo;entretenons pas de liens.\u00a0Ces fiches vous donnent notre\u00a0analyse\u00a0objective\u00a0sur les contrats d&rsquo;assurance\u00a0mais aussi\u00a0des\u00a0informations sur les formalit\u00e9s d&rsquo;adh\u00e9sion.<\/span><\/em><\/p>\n<\/blockquote>\n<p><!-- \/wp:quote --><\/p>","protected":false},"excerpt":{"rendered":"<p>Vous souhaitez assurer votre v\u00e9lo mais vous ne savez pas vers quel acteur vous tournez ? Retrouvez notre avis sur l&rsquo;assurance v\u00e9lo Qoverme ? Quel est le prix de cette garantie ? Comparatif et d\u00e9cryptage de l&rsquo;assurance v\u00e9lo Qover. Quelles sont les garanties de l&rsquo;assurance v\u00e9lo Qover ? Bien que l\u2019assurance v\u00e9lo ne soit pas\u2026<\/p>\n","protected":false},"author":86,"featured_media":0,"parent":77513,"menu_order":0,"comment_status":"closed","ping_status":"closed","template":"","meta":{"_acf_changed":false,"footnotes":""},"categories":[],"page_topic":[787],"class_list":["post-148512","page","type-page","status-publish","hentry"],"yoast_head":"<!-- This site is optimized with the Yoast SEO plugin v24.7 - https:\/\/yoast.com\/wordpress\/plugins\/seo\/ -->\n<title>Notre avis sur l&#039;assurance v\u00e9lo Qover | Comparatif, avis, garanties<\/title>\n<meta name=\"description\" content=\"Garanties et d\u00e9tails de l&#039;assurance v\u00e9lo Qoverme. Comparatif avec les autres offres du march\u00e9 et notre avis d&#039;experts ind\u00e9pendants.\" \/>\n<meta name=\"robots\" content=\"index, follow, max-snippet:-1, max-image-preview:large, max-video-preview:-1\" \/>\n<link rel=\"canonical\" href=\"https:\/\/guide.reassurez-moi.fr\/guide\/assurance-loisirs\/velo\/qoverme\" \/>\n<meta property=\"og:locale\" content=\"fr_FR\" \/>\n<meta property=\"og:type\" content=\"article\" \/>\n<meta property=\"og:title\" content=\"Notre avis sur l&#039;assurance v\u00e9lo Qover | Comparatif, avis, garanties\" \/>\n<meta property=\"og:description\" content=\"Garanties et d\u00e9tails de l&#039;assurance v\u00e9lo Qoverme. Comparatif avec les autres offres du march\u00e9 et notre avis d&#039;experts ind\u00e9pendants.\" \/>\n<meta property=\"og:url\" content=\"https:\/\/guide.reassurez-moi.fr\/guide\/assurance-loisirs\/velo\/qoverme\" \/>\n<meta property=\"og:site_name\" content=\"R\u00e9assurez-moi\" \/>\n<meta property=\"article:publisher\" content=\"https:\/\/www.facebook.com\/R%c3%a9assurez-moi-209456495889479\/\" \/>\n<meta property=\"article:modified_time\" content=\"2026-02-02T15:28:26+00:00\" \/>\n<meta property=\"og:image\" content=\"https:\/\/guide.reassurez-moi.fr\/guide\/wp-content\/uploads\/2020\/07\/conditions-generales.jpg\" \/>\n<meta name=\"twitter:card\" content=\"summary_large_image\" \/>\n<meta name=\"twitter:site\" content=\"@reassurezmoi\" \/>\n<meta name=\"twitter:label1\" content=\"Dur\u00e9e de lecture estim\u00e9e\" \/>\n\t<meta name=\"twitter:data1\" content=\"3 minutes\" \/>\n<script type=\"application\/ld+json\" class=\"yoast-schema-graph\">{\"@context\":\"https:\/\/schema.org\",\"@graph\":[{\"@type\":\"WebPage\",\"@id\":\"https:\/\/guide.reassurez-moi.fr\/guide\/assurance-loisirs\/velo\/qoverme\",\"url\":\"https:\/\/guide.reassurez-moi.fr\/guide\/assurance-loisirs\/velo\/qoverme\",\"name\":\"Notre avis sur l'assurance v\u00e9lo Qover | Comparatif, avis, garanties\",\"isPartOf\":{\"@id\":\"https:\/\/guide.reassurez-moi.fr\/guide\/#website\"},\"primaryImageOfPage\":{\"@id\":\"https:\/\/guide.reassurez-moi.fr\/guide\/assurance-loisirs\/velo\/qoverme#primaryimage\"},\"image\":{\"@id\":\"https:\/\/guide.reassurez-moi.fr\/guide\/assurance-loisirs\/velo\/qoverme#primaryimage\"},\"thumbnailUrl\":\"https:\/\/guide.reassurez-moi.fr\/guide\/wp-content\/uploads\/2020\/07\/conditions-generales.jpg\",\"datePublished\":\"2025-05-15T19:50:03+00:00\",\"dateModified\":\"2026-02-02T15:28:26+00:00\",\"description\":\"Garanties et d\u00e9tails de l'assurance v\u00e9lo Qoverme. Comparatif avec les autres offres du march\u00e9 et notre avis d'experts ind\u00e9pendants.\",\"breadcrumb\":{\"@id\":\"https:\/\/guide.reassurez-moi.fr\/guide\/assurance-loisirs\/velo\/qoverme#breadcrumb\"},\"inLanguage\":\"fr-FR\",\"potentialAction\":[{\"@type\":\"ReadAction\",\"target\":[\"https:\/\/guide.reassurez-moi.fr\/guide\/assurance-loisirs\/velo\/qoverme\"]}]},{\"@type\":\"ImageObject\",\"inLanguage\":\"fr-FR\",\"@id\":\"https:\/\/guide.reassurez-moi.fr\/guide\/assurance-loisirs\/velo\/qoverme#primaryimage\",\"url\":\"https:\/\/guide.reassurez-moi.fr\/guide\/wp-content\/uploads\/2020\/07\/conditions-generales.jpg\",\"contentUrl\":\"https:\/\/guide.reassurez-moi.fr\/guide\/wp-content\/uploads\/2020\/07\/conditions-generales.jpg\"},{\"@type\":\"BreadcrumbList\",\"@id\":\"https:\/\/guide.reassurez-moi.fr\/guide\/assurance-loisirs\/velo\/qoverme#breadcrumb\",\"itemListElement\":[{\"@type\":\"ListItem\",\"position\":1,\"name\":\"Assurances\",\"item\":\"https:\/\/guide.reassurez-moi.fr\/guide\/\"},{\"@type\":\"ListItem\",\"position\":2,\"name\":\"Assurance loisirs\",\"item\":\"https:\/\/guide.reassurez-moi.fr\/guide\/assurance-loisirs\"},{\"@type\":\"ListItem\",\"position\":3,\"name\":\"Comparateur assurance v\u00e9lo\",\"item\":\"https:\/\/guide.reassurez-moi.fr\/guide\/assurance-loisirs\/velo\"},{\"@type\":\"ListItem\",\"position\":4,\"name\":\"Qoverme\"}]},{\"@type\":\"WebSite\",\"@id\":\"https:\/\/guide.reassurez-moi.fr\/guide\/#website\",\"url\":\"https:\/\/guide.reassurez-moi.fr\/guide\/\",\"name\":\"R\u00e9assurez-moi\",\"description\":\"Comparateur d&#039;assurances\",\"potentialAction\":[{\"@type\":\"SearchAction\",\"target\":{\"@type\":\"EntryPoint\",\"urlTemplate\":\"https:\/\/guide.reassurez-moi.fr\/guide\/?s={search_term_string}\"},\"query-input\":{\"@type\":\"PropertyValueSpecification\",\"valueRequired\":true,\"valueName\":\"search_term_string\"}}],\"inLanguage\":\"fr-FR\"}]}<\/script>\n<!-- \/ Yoast SEO plugin. -->","yoast_head_json":{"title":"Notre avis sur l'assurance v\u00e9lo Qover | Comparatif, avis, garanties","description":"Garanties et d\u00e9tails de l'assurance v\u00e9lo Qoverme. Comparatif avec les autres offres du march\u00e9 et notre avis d'experts ind\u00e9pendants.","robots":{"index":"index","follow":"follow","max-snippet":"max-snippet:-1","max-image-preview":"max-image-preview:large","max-video-preview":"max-video-preview:-1"},"canonical":"https:\/\/guide.reassurez-moi.fr\/guide\/assurance-loisirs\/velo\/qoverme","og_locale":"fr_FR","og_type":"article","og_title":"Notre avis sur l'assurance v\u00e9lo Qover | Comparatif, avis, garanties","og_description":"Garanties et d\u00e9tails de l'assurance v\u00e9lo Qoverme. Comparatif avec les autres offres du march\u00e9 et notre avis d'experts ind\u00e9pendants.","og_url":"https:\/\/guide.reassurez-moi.fr\/guide\/assurance-loisirs\/velo\/qoverme","og_site_name":"R\u00e9assurez-moi","article_publisher":"https:\/\/www.facebook.com\/R%c3%a9assurez-moi-209456495889479\/","article_modified_time":"2026-02-02T15:28:26+00:00","og_image":[{"url":"https:\/\/guide.reassurez-moi.fr\/guide\/wp-content\/uploads\/2020\/07\/conditions-generales.jpg","type":"","width":"","height":""}],"twitter_card":"summary_large_image","twitter_site":"@reassurezmoi","twitter_misc":{"Dur\u00e9e de lecture estim\u00e9e":"3 minutes"},"schema":{"@context":"https:\/\/schema.org","@graph":[{"@type":"WebPage","@id":"https:\/\/guide.reassurez-moi.fr\/guide\/assurance-loisirs\/velo\/qoverme","url":"https:\/\/guide.reassurez-moi.fr\/guide\/assurance-loisirs\/velo\/qoverme","name":"Notre avis sur l'assurance v\u00e9lo Qover | Comparatif, avis, garanties","isPartOf":{"@id":"https:\/\/guide.reassurez-moi.fr\/guide\/#website"},"primaryImageOfPage":{"@id":"https:\/\/guide.reassurez-moi.fr\/guide\/assurance-loisirs\/velo\/qoverme#primaryimage"},"image":{"@id":"https:\/\/guide.reassurez-moi.fr\/guide\/assurance-loisirs\/velo\/qoverme#primaryimage"},"thumbnailUrl":"https:\/\/guide.reassurez-moi.fr\/guide\/wp-content\/uploads\/2020\/07\/conditions-generales.jpg","datePublished":"2025-05-15T19:50:03+00:00","dateModified":"2026-02-02T15:28:26+00:00","description":"Garanties et d\u00e9tails de l'assurance v\u00e9lo Qoverme. Comparatif avec les autres offres du march\u00e9 et notre avis d'experts ind\u00e9pendants.","breadcrumb":{"@id":"https:\/\/guide.reassurez-moi.fr\/guide\/assurance-loisirs\/velo\/qoverme#breadcrumb"},"inLanguage":"fr-FR","potentialAction":[{"@type":"ReadAction","target":["https:\/\/guide.reassurez-moi.fr\/guide\/assurance-loisirs\/velo\/qoverme"]}]},{"@type":"ImageObject","inLanguage":"fr-FR","@id":"https:\/\/guide.reassurez-moi.fr\/guide\/assurance-loisirs\/velo\/qoverme#primaryimage","url":"https:\/\/guide.reassurez-moi.fr\/guide\/wp-content\/uploads\/2020\/07\/conditions-generales.jpg","contentUrl":"https:\/\/guide.reassurez-moi.fr\/guide\/wp-content\/uploads\/2020\/07\/conditions-generales.jpg"},{"@type":"BreadcrumbList","@id":"https:\/\/guide.reassurez-moi.fr\/guide\/assurance-loisirs\/velo\/qoverme#breadcrumb","itemListElement":[{"@type":"ListItem","position":1,"name":"Assurances","item":"https:\/\/guide.reassurez-moi.fr\/guide\/"},{"@type":"ListItem","position":2,"name":"Assurance loisirs","item":"https:\/\/guide.reassurez-moi.fr\/guide\/assurance-loisirs"},{"@type":"ListItem","position":3,"name":"Comparateur assurance v\u00e9lo","item":"https:\/\/guide.reassurez-moi.fr\/guide\/assurance-loisirs\/velo"},{"@type":"ListItem","position":4,"name":"Qoverme"}]},{"@type":"WebSite","@id":"https:\/\/guide.reassurez-moi.fr\/guide\/#website","url":"https:\/\/guide.reassurez-moi.fr\/guide\/","name":"R\u00e9assurez-moi","description":"Comparateur d&#039;assurances","potentialAction":[{"@type":"SearchAction","target":{"@type":"EntryPoint","urlTemplate":"https:\/\/guide.reassurez-moi.fr\/guide\/?s={search_term_string}"},"query-input":{"@type":"PropertyValueSpecification","valueRequired":true,"valueName":"search_term_string"}}],"inLanguage":"fr-FR"}]}},"acf":[],"_links":{"self":[{"href":"https:\/\/guide.reassurez-moi.fr\/guide\/wp-json\/wp\/v2\/pages\/148512","targetHints":{"allow":["GET"]}}],"collection":[{"href":"https:\/\/guide.reassurez-moi.fr\/guide\/wp-json\/wp\/v2\/pages"}],"about":[{"href":"https:\/\/guide.reassurez-moi.fr\/guide\/wp-json\/wp\/v2\/types\/page"}],"author":[{"embeddable":true,"href":"https:\/\/guide.reassurez-moi.fr\/guide\/wp-json\/wp\/v2\/users\/86"}],"replies":[{"embeddable":true,"href":"https:\/\/guide.reassurez-moi.fr\/guide\/wp-json\/wp\/v2\/comments?post=148512"}],"version-history":[{"count":3,"href":"https:\/\/guide.reassurez-moi.fr\/guide\/wp-json\/wp\/v2\/pages\/148512\/revisions"}],"predecessor-version":[{"id":208052,"href":"https:\/\/guide.reassurez-moi.fr\/guide\/wp-json\/wp\/v2\/pages\/148512\/revisions\/208052"}],"up":[{"embeddable":true,"href":"https:\/\/guide.reassurez-moi.fr\/guide\/wp-json\/wp\/v2\/pages\/77513"}],"wp:attachment":[{"href":"https:\/\/guide.reassurez-moi.fr\/guide\/wp-json\/wp\/v2\/media?parent=148512"}],"wp:term":[{"taxonomy":"category","embeddable":true,"href":"https:\/\/guide.reassurez-moi.fr\/guide\/wp-json\/wp\/v2\/categories?post=148512"},{"taxonomy":"page_topic","embeddable":true,"href":"https:\/\/guide.reassurez-moi.fr\/guide\/wp-json\/wp\/v2\/page_topic?post=148512"}],"curies":[{"name":"wp","href":"https:\/\/api.w.org\/{rel}","templated":true}]}}