{"id":149859,"date":"2024-12-03T11:33:55","date_gmt":"2024-12-03T10:33:55","guid":{"rendered":"https:\/\/reassurez-moi.fr\/guide\/mutuelle-sante\/remboursement\/test-depistage-coronavirus"},"modified":"2024-12-03T11:33:55","modified_gmt":"2024-12-03T10:33:55","slug":"test-depistage-coronavirus","status":"publish","type":"page","link":"https:\/\/guide.reassurez-moi.fr\/guide\/mutuelle-sante\/remboursement\/test-depistage-coronavirus","title":{"rendered":"Remboursement test de d\u00e9pistage du coronavirus"},"content":{"rendered":"\n<h1 class=\"wp-block-heading\" id=\"prestation-majuscule-calcul-des-remboursements-de-la-securite-sociale\">Test de d\u00e9pistage du coronavirus : prix et remboursement en 2026<\/h1>\n\n\n\n<h2 class=\"wp-block-heading\" id=\"quel-est-le-prix-de-des-prestation-singulier-prestation-pluriel\">Quel est le prix un test PCR ?<\/h2>\n\n\n\n<p><strong>Le prix courant constat\u00e9<\/strong> pour un test PCR est de 49,00 \u20ac. En fonction des <a href=\"https:\/\/reassurez-moi.fr\/guide\/mutuelle-sante\/garanties\">garanties de votre mutuelle sant\u00e9<\/a> et de la <a href=\"https:\/\/reassurez-moi.fr\/guide\/mutuelle-sante\/base-de-remboursement-securite-sociale\">BRSS<\/a>, il est possible que vous puissiez obtenir un remboursement et avoir un <a href=\"https:\/\/reassurez-moi.fr\/guide\/mutuelle-sante\/reste-a-charge\">reste-\u00e0-charge<\/a> de z\u00e9ro. <\/p>\n\n\n\n<p><\/p>\n\n\n<div class=\"wp-block-buttons\">\n<div class=\"wp-block-button is-style-rm-button-blue\"><a class=\"wp-block-button__link\" href=\"\/guide\/mutuelle-sante\/remboursement\/simulateur-remboursement-mutuelle\">&#x1f449; Calcul remboursement mutuelle simulateur<\/a><\/div>\n<\/div>\n<!-- \/wp:buttons -->\n\n<!-- wp:paragraph -->\n<p><strong>Voici un tableau reprenant les principaux tarifs visibles<\/strong> sur le march\u00e9 de  test PCR  :<\/p>\n<!-- \/wp:paragraph -->\n\n<!-- wp:table {\"className\":\"is-style-header-double\"} -->\n<figure class=\"wp-block-table is-style-header-double\"><table><thead><tr><th><\/th><th class=\"has-text-align-center\" data-align=\"center\">Prix moyen<\/th><\/tr><\/thead><tbody><tr><td>Test antig\u00e9nique (tarif semaine)<\/td><td class=\"has-text-align-center\" data-align=\"center\">20\u20ac<\/td><\/tr><tr><td>Test antig\u00e9nique (tarif week-end)<\/td><td class=\"has-text-align-center\" data-align=\"center\">25\u20ac<\/td><\/tr><tr><td>Test PCR<\/td><td class=\"has-text-align-center\" data-align=\"center\">43,89\u20ac<\/td><\/tr><\/tbody><\/table><\/figure>\n<!-- \/wp:table -->\n<!-- wp:heading -->\n<h2 id=\"notre-avis-d-expert-sur-le-remboursement-de-des-prestation-singulier-prestation-pluriel\">Notre avis d&rsquo;expert sur le remboursement de  test PCR <\/h2>\n<!-- \/wp:heading -->\n\n<!-- wp:paragraph -->\n<p>Afin d&rsquo;inciter les fran\u00e7ais \u00e0 se faire vacciner, les tests PCR ne seront plus rembours\u00e9s \u00e0 partir de l&rsquo;automne 2021. Sans prescription m\u00e9dicale ou ordonnance, ces tests dits \u00ab\u00a0de confort\u00a0\u00bb seront d\u00e9sormais payants. <\/p>\n<!-- \/wp:paragraph -->\n\n<!-- wp:buttons {\"layout\":{\"type\":\"flex\",\"justifyContent\":\"center\"}} -->\n<div class=\"wp-block-buttons\"><!-- wp:button {\"className\":\"is-style-rm-button-orange\"} -->\n<div class=\"wp-block-button is-style-rm-button-orange\"><a class=\"wp-block-button__link\" href=\"\/devis-mutuelle-sante\">Comparer les offres et obtenir un devis<\/a><\/div>\n<!-- \/wp:button --><\/div>\n<!-- \/wp:buttons -->\n\n<!-- wp:heading -->\n<h2 id=\"quel-remboursement-de-des-prestation-singulier-prestation-pluriel-par-la-securite-sociale\">Quel remboursement de  test PCR  par la S\u00e9curit\u00e9 sociale ?<\/h2>\n<!-- \/wp:heading -->\n\n<!-- wp:paragraph -->\n<p>Alors que la S\u00e9curit\u00e9 Sociale a longtemps rembours\u00e9 le test PCR \u00e0 60 % de sa base de remboursement, cela ne sera d\u00e9sormais plus le cas \u00e0 partir de septembre 2021. <br><br>Le co\u00fbt du test PCR sera d\u00e9sormais \u00e0 votre charge, sans aide de l&rsquo;Assurance Maladie (hors ordonnance m\u00e9dicale ou cas contact).<br><br>Dans le cas o\u00f9 votre test PCR est r\u00e9alis\u00e9 suite \u00e0 une ordonnance m\u00e9dicale et dans un pays de l&rsquo;UE, vous serez rembours\u00e9 \u00e0 100 % sur la base d&rsquo;un forfait de 35 \u20ac. Le remboursement des tests PCR sur prescription m\u00e9dicale est valable que vous soyez en France ou dans l&rsquo;Union Europ\u00e9enne (dans ce cas, pensez \u00e0 bien pr\u00e9senter votre carte europ\u00e9\u00e9enne d&rsquo;Assurance Maladie au moment de votre test PCR).<br><br>Concernant les tests PCR sur ordonnance et r\u00e9alis\u00e9s dans un pays hors UE\/EEE ou Suisse, ils sont pris en charge par l&rsquo;Assurance Maladie \u00e0 hauteur de 27 % du co\u00fbt du test PCR (limit\u00e9 \u00e0 35 \u20ac). <br><br>Pour diminuer vos d\u00e9penses de sant\u00e9, il peut \u00eatre int\u00e9ressant de souscrire une mutuelle sant\u00e9 qui viendra compl\u00e9ter la part non prise en charge par la S\u00e9curit\u00e9 Sociale. <\/p>\n<!-- \/wp:paragraph -->\n\n<!-- wp:heading -->\n<h2 id=\"quel-remboursement-de-des-prestation-singulier-prestation-pluriel-par-la-mutuelle-sante\">Quel remboursement de  test PCR  par la mutuelle sant\u00e9 ?<\/h2>\n<!-- \/wp:heading -->\n\n<!-- wp:paragraph -->\n<p>Pour compl\u00e9ter les remboursements de la S\u00e9curit\u00e9 Sociale, nombreux sont ceux qui choisissent de souscrire une bonne mutuelle sant\u00e9. Celle-ci vous indemnisera tout ou partie (selon le contrat souscrit) du reste \u00e0 charge. <br><br>Si vous souhaitez b\u00e9n\u00e9ficier d&rsquo;une prise en charge de vos tests PCR, il est pr\u00e9f\u00e9rable d&rsquo;avoir une bonne mutuelle. <br><br>Pour trouver une mutuelle adapt\u00e9e \u00e0 vos besoins et \u00e0 vos d\u00e9penses de sant\u00e9, n&rsquo;h\u00e9sitez pas \u00e0 utliser notre comparateur en ligne et gratuit (en haut de cette page) pour obtenir rapidement un devis. En cas de besoin, nos experts seront disponibles par t\u00e9l\u00e9phone pour vous accompagner et vous conseiller.<\/p>\n<!-- \/wp:paragraph -->\n\n<!-- wp:acf\/mars-list-of-articles {\n    \"id\": \"block_5fca00ee88b41\",\n    \"name\": \"acf\\\/mars-list-of-articles\",\n    \"data\": {\n        \"display_all\": \"0\",\n        \"_display_all\": \"field_mars_latest_posts_display_all\",\n        \"parent\": \"\",\n        \"_parent\": \"field_mars_latest_posts_parent_page\",\n        \"max\": \"5\",\n        \"_max\": \"field_mars_latest_posts_max_nb_of_articles\",\n        \"type\": \"blocks_with_text\",\n        \"_type\": \"field_mars_latest_posts_display_type\",\n        \"column\": \"2\",\n        \"_column\": \"field_mars_latest_posts_block_column\",\n        \"word_count\": \"30\",\n        \"_word_count\": \"field_mars_latest_posts_word_count\",\n        \"filter_contains\": \"\",\n        \"_filter_contains\": \"field_mars_latest_posts_filter_contains\",\n        \"filter_does_not_contain\": \"\",\n        \"_filter_does_not_contain\": \"field_mars_latest_posts_filter_does_not_contain\",\n        \"post_type_to_fetch\": \"page\",\n        \"_post_type_to_fetch\": \"field_mars_latest_post_type_to_fetch\"\n    },\n    \"align\": \"\",\n    \"mode\": \"preview\"\n} \/-->","protected":false},"excerpt":{"rendered":"<p>Test de d\u00e9pistage du coronavirus : prix et remboursement en 2026 Quel est le prix un test PCR ? Le prix courant constat\u00e9 pour un test PCR est de 49,00 \u20ac. En fonction des garanties de votre mutuelle sant\u00e9 et de la BRSS, il est possible que vous puissiez obtenir un remboursement et avoir un [&hellip;]<\/p>\n","protected":false},"author":61,"featured_media":0,"parent":148595,"menu_order":0,"comment_status":"open","ping_status":"closed","template":"","meta":{"_acf_changed":false,"footnotes":""},"categories":[],"page_topic":[526],"class_list":["post-149859","page","type-page","status-publish","hentry"],"yoast_head":"<!-- This site is optimized with the Yoast SEO plugin v24.7 - https:\/\/yoast.com\/wordpress\/plugins\/seo\/ -->\n<title>Test de d\u00e9pistage du coronavirus : Prix et Remboursement 2026<\/title>\n<meta name=\"description\" content=\"Acc\u00e9dez en 1 clic au d\u00e9tail de vos remboursements test de d\u00e9pistage du coronavirus - Outil en ligne 100 % gratuit + notre avis d&#039;expert ind\u00e9pendant !\" \/>\n<meta name=\"robots\" content=\"index, follow, max-snippet:-1, max-image-preview:large, max-video-preview:-1\" \/>\n<link rel=\"canonical\" href=\"https:\/\/guide.reassurez-moi.fr\/guide\/mutuelle-sante\/remboursement\/test-depistage-coronavirus\" \/>\n<meta property=\"og:locale\" content=\"fr_FR\" \/>\n<meta property=\"og:type\" content=\"article\" \/>\n<meta property=\"og:title\" content=\"Test de d\u00e9pistage du coronavirus : Prix et Remboursement %%currentyear%%\" \/>\n<meta property=\"og:description\" content=\"Acc\u00e9dez en 1 clic au d\u00e9tail de vos remboursements test de d\u00e9pistage du coronavirus - Outil en ligne 100 % gratuit + notre avis d&#039;expert ind\u00e9pendant !\" \/>\n<meta property=\"og:url\" content=\"https:\/\/guide.reassurez-moi.fr\/guide\/mutuelle-sante\/remboursement\/test-depistage-coronavirus\" \/>\n<meta property=\"og:site_name\" content=\"R\u00e9assurez-moi\" \/>\n<meta property=\"article:publisher\" content=\"https:\/\/www.facebook.com\/R%c3%a9assurez-moi-209456495889479\/\" \/>\n<meta property=\"og:image\" content=\"https:\/\/guide.reassurez-moi.fr\/guide\/wp-content\/uploads\/2018\/04\/image-de-partage.png\" \/>\n\t<meta property=\"og:image:width\" content=\"500\" \/>\n\t<meta property=\"og:image:height\" content=\"160\" \/>\n\t<meta property=\"og:image:type\" content=\"image\/png\" \/>\n<meta name=\"twitter:card\" content=\"summary_large_image\" \/>\n<meta name=\"twitter:site\" content=\"@reassurezmoi\" \/>\n<script type=\"application\/ld+json\" class=\"yoast-schema-graph\">{\"@context\":\"https:\/\/schema.org\",\"@graph\":[{\"@type\":\"WebPage\",\"@id\":\"https:\/\/guide.reassurez-moi.fr\/guide\/mutuelle-sante\/remboursement\/test-depistage-coronavirus\",\"url\":\"https:\/\/guide.reassurez-moi.fr\/guide\/mutuelle-sante\/remboursement\/test-depistage-coronavirus\",\"name\":\"Remboursement test de d\u00e9pistage du coronavirus | R\u00e9assurez-moi\",\"isPartOf\":{\"@id\":\"https:\/\/guide.reassurez-moi.fr\/guide\/#website\"},\"datePublished\":\"2024-12-03T10:33:55+00:00\",\"breadcrumb\":{\"@id\":\"https:\/\/guide.reassurez-moi.fr\/guide\/mutuelle-sante\/remboursement\/test-depistage-coronavirus#breadcrumb\"},\"inLanguage\":\"fr-FR\",\"potentialAction\":[{\"@type\":\"ReadAction\",\"target\":[\"https:\/\/guide.reassurez-moi.fr\/guide\/mutuelle-sante\/remboursement\/test-depistage-coronavirus\"]}]},{\"@type\":\"BreadcrumbList\",\"@id\":\"https:\/\/guide.reassurez-moi.fr\/guide\/mutuelle-sante\/remboursement\/test-depistage-coronavirus#breadcrumb\",\"itemListElement\":[{\"@type\":\"ListItem\",\"position\":1,\"name\":\"Assurances\",\"item\":\"https:\/\/guide.reassurez-moi.fr\/guide\/\"},{\"@type\":\"ListItem\",\"position\":2,\"name\":\"Mutuelle sant\u00e9\",\"item\":\"https:\/\/guide.reassurez-moi.fr\/guide\/mutuelle-sante\"},{\"@type\":\"ListItem\",\"position\":3,\"name\":\"Remboursement\",\"item\":\"https:\/\/guide.reassurez-moi.fr\/guide\/mutuelle-sante\/remboursement\"},{\"@type\":\"ListItem\",\"position\":4,\"name\":\"Remboursement test de d\u00e9pistage du coronavirus\"}]},{\"@type\":\"WebSite\",\"@id\":\"https:\/\/guide.reassurez-moi.fr\/guide\/#website\",\"url\":\"https:\/\/guide.reassurez-moi.fr\/guide\/\",\"name\":\"R\u00e9assurez-moi\",\"description\":\"Comparateur d&#039;assurances\",\"potentialAction\":[{\"@type\":\"SearchAction\",\"target\":{\"@type\":\"EntryPoint\",\"urlTemplate\":\"https:\/\/guide.reassurez-moi.fr\/guide\/?s={search_term_string}\"},\"query-input\":{\"@type\":\"PropertyValueSpecification\",\"valueRequired\":true,\"valueName\":\"search_term_string\"}}],\"inLanguage\":\"fr-FR\"}]}<\/script>\n<!-- \/ Yoast SEO plugin. -->","yoast_head_json":{"title":"Test de d\u00e9pistage du coronavirus : Prix et Remboursement 2026","description":"Acc\u00e9dez en 1 clic au d\u00e9tail de vos remboursements test de d\u00e9pistage du coronavirus - Outil en ligne 100 % gratuit + notre avis d'expert ind\u00e9pendant !","robots":{"index":"index","follow":"follow","max-snippet":"max-snippet:-1","max-image-preview":"max-image-preview:large","max-video-preview":"max-video-preview:-1"},"canonical":"https:\/\/guide.reassurez-moi.fr\/guide\/mutuelle-sante\/remboursement\/test-depistage-coronavirus","og_locale":"fr_FR","og_type":"article","og_title":"Test de d\u00e9pistage du coronavirus : Prix et Remboursement %%currentyear%%","og_description":"Acc\u00e9dez en 1 clic au d\u00e9tail de vos remboursements test de d\u00e9pistage du coronavirus - Outil en ligne 100 % gratuit + notre avis d'expert ind\u00e9pendant !","og_url":"https:\/\/guide.reassurez-moi.fr\/guide\/mutuelle-sante\/remboursement\/test-depistage-coronavirus","og_site_name":"R\u00e9assurez-moi","article_publisher":"https:\/\/www.facebook.com\/R%c3%a9assurez-moi-209456495889479\/","og_image":[{"width":500,"height":160,"url":"https:\/\/guide.reassurez-moi.fr\/guide\/wp-content\/uploads\/2018\/04\/image-de-partage.png","type":"image\/png"}],"twitter_card":"summary_large_image","twitter_site":"@reassurezmoi","schema":{"@context":"https:\/\/schema.org","@graph":[{"@type":"WebPage","@id":"https:\/\/guide.reassurez-moi.fr\/guide\/mutuelle-sante\/remboursement\/test-depistage-coronavirus","url":"https:\/\/guide.reassurez-moi.fr\/guide\/mutuelle-sante\/remboursement\/test-depistage-coronavirus","name":"Remboursement test de d\u00e9pistage du coronavirus | R\u00e9assurez-moi","isPartOf":{"@id":"https:\/\/guide.reassurez-moi.fr\/guide\/#website"},"datePublished":"2024-12-03T10:33:55+00:00","breadcrumb":{"@id":"https:\/\/guide.reassurez-moi.fr\/guide\/mutuelle-sante\/remboursement\/test-depistage-coronavirus#breadcrumb"},"inLanguage":"fr-FR","potentialAction":[{"@type":"ReadAction","target":["https:\/\/guide.reassurez-moi.fr\/guide\/mutuelle-sante\/remboursement\/test-depistage-coronavirus"]}]},{"@type":"BreadcrumbList","@id":"https:\/\/guide.reassurez-moi.fr\/guide\/mutuelle-sante\/remboursement\/test-depistage-coronavirus#breadcrumb","itemListElement":[{"@type":"ListItem","position":1,"name":"Assurances","item":"https:\/\/guide.reassurez-moi.fr\/guide\/"},{"@type":"ListItem","position":2,"name":"Mutuelle sant\u00e9","item":"https:\/\/guide.reassurez-moi.fr\/guide\/mutuelle-sante"},{"@type":"ListItem","position":3,"name":"Remboursement","item":"https:\/\/guide.reassurez-moi.fr\/guide\/mutuelle-sante\/remboursement"},{"@type":"ListItem","position":4,"name":"Remboursement test de d\u00e9pistage du coronavirus"}]},{"@type":"WebSite","@id":"https:\/\/guide.reassurez-moi.fr\/guide\/#website","url":"https:\/\/guide.reassurez-moi.fr\/guide\/","name":"R\u00e9assurez-moi","description":"Comparateur d&#039;assurances","potentialAction":[{"@type":"SearchAction","target":{"@type":"EntryPoint","urlTemplate":"https:\/\/guide.reassurez-moi.fr\/guide\/?s={search_term_string}"},"query-input":{"@type":"PropertyValueSpecification","valueRequired":true,"valueName":"search_term_string"}}],"inLanguage":"fr-FR"}]}},"acf":[],"_links":{"self":[{"href":"https:\/\/guide.reassurez-moi.fr\/guide\/wp-json\/wp\/v2\/pages\/149859","targetHints":{"allow":["GET"]}}],"collection":[{"href":"https:\/\/guide.reassurez-moi.fr\/guide\/wp-json\/wp\/v2\/pages"}],"about":[{"href":"https:\/\/guide.reassurez-moi.fr\/guide\/wp-json\/wp\/v2\/types\/page"}],"author":[{"embeddable":true,"href":"https:\/\/guide.reassurez-moi.fr\/guide\/wp-json\/wp\/v2\/users\/61"}],"replies":[{"embeddable":true,"href":"https:\/\/guide.reassurez-moi.fr\/guide\/wp-json\/wp\/v2\/comments?post=149859"}],"version-history":[{"count":0,"href":"https:\/\/guide.reassurez-moi.fr\/guide\/wp-json\/wp\/v2\/pages\/149859\/revisions"}],"up":[{"embeddable":true,"href":"https:\/\/guide.reassurez-moi.fr\/guide\/wp-json\/wp\/v2\/pages\/148595"}],"wp:attachment":[{"href":"https:\/\/guide.reassurez-moi.fr\/guide\/wp-json\/wp\/v2\/media?parent=149859"}],"wp:term":[{"taxonomy":"category","embeddable":true,"href":"https:\/\/guide.reassurez-moi.fr\/guide\/wp-json\/wp\/v2\/categories?post=149859"},{"taxonomy":"page_topic","embeddable":true,"href":"https:\/\/guide.reassurez-moi.fr\/guide\/wp-json\/wp\/v2\/page_topic?post=149859"}],"curies":[{"name":"wp","href":"https:\/\/api.w.org\/{rel}","templated":true}]}}