{"id":149875,"date":"2022-02-21T22:30:48","date_gmt":"2022-02-21T21:30:48","guid":{"rendered":"https:\/\/reassurez-moi.fr\/guide\/assurance-moto\/allianz"},"modified":"2022-02-21T22:30:48","modified_gmt":"2022-02-21T21:30:48","slug":"allianz","status":"publish","type":"page","link":"https:\/\/guide.reassurez-moi.fr\/guide\/assurance-moto\/allianz","title":{"rendered":"Assurance moto Allianz"},"content":{"rendered":"\n<h1 class=\"wp-block-heading\" id=\"assurance-moto-nom-acteur\">Assurance moto Allianz<\/h1>\n\n\n\n<p><strong>L\u2019assurance moto est obligatoire d\u00e8s lors que vous poss\u00e9dez ou utilisez un v\u00e9hicule \u00e0 deux roues. D\u00e9couvrez les formules, garanties, tarifs et solutions d\u2019assistance&nbsp;propos\u00e9es, ainsi que notre avis sur Allianz.<\/strong><\/p>\n\n\n\n<h2 class=\"wp-block-heading\" id=\"quelles-sont-les-garanties-de-l-assurance-moto-nom-acteur\">Quelles sont les garanties de l&rsquo;assurance moto Allianz ?<\/h2>\n\n\n\n<p><strong>En France, tout v\u00e9hicule terrestre \u00e0 moteur doit \u00eatre assur\u00e9<\/strong>, sous peine d\u2019\u00eatre lourdement sanctionn\u00e9 en cas de contr\u00f4le ou de sinistre. Vous devez a minima justifier d\u2019une garantie Responsabilit\u00e9 Civile (RC), comprise dans toutes les formules d\u2019assurance 2 roues disponibles sur le march\u00e9.<\/p>\n\n\n\n<p><strong>Pour que vous puissiez en savoir plus sur les garanties propos\u00e9es ou non par Allianz, nous avons r\u00e9alis\u00e9 le tableau r\u00e9capitulatif suivant :<\/strong><\/p>\n\n\n\n<figure class=\"wp-block-table is-style-header-double\"><table><thead><tr><th><\/th><th class=\"has-text-align-center\" data-align=\"center\">Interm\u00e9diaire<\/th><th class=\"has-text-align-center\" data-align=\"center\">Tous risques<\/th><\/tr><\/thead><tbody><tr><td>Responsabilit\u00e9 Civile<\/td><td class=\"has-text-align-center\" data-align=\"center\"><i\n    class=\"safe-shortcode-icon\n                    yes\n            \"\n                                    title=oui\n            >\n<\/i><\/td><td class=\"has-text-align-center\" data-align=\"center\"><i\n    class=\"safe-shortcode-icon\n                    yes\n            \"\n                                    title=oui\n            >\n<\/i><\/td><\/tr><tr><td>Bris de glace<\/td><td class=\"has-text-align-center\" data-align=\"center\"><i\n    class=\"safe-shortcode-icon\n                    no\n            \"\n                                    title=non\n            >\n<\/i><\/td><td class=\"has-text-align-center\" data-align=\"center\"><i\n    class=\"safe-shortcode-icon\n                    no\n            \"\n                                    title=non\n            >\n<\/i><\/td><\/tr><tr><td>Vol<\/td><td class=\"has-text-align-center\" data-align=\"center\"><i\n    class=\"safe-shortcode-icon\n                    yes\n            \"\n                                    title=oui\n            >\n<\/i><\/td><td class=\"has-text-align-center\" data-align=\"center\"><i\n    class=\"safe-shortcode-icon\n                    yes\n            \"\n                                    title=oui\n            >\n<\/i><\/td><\/tr><tr><td>Incendie<\/td><td class=\"has-text-align-center\" data-align=\"center\"><i\n    class=\"safe-shortcode-icon\n                    yes\n            \"\n                                    title=oui\n            >\n<\/i><\/td><td class=\"has-text-align-center\" data-align=\"center\"><i\n    class=\"safe-shortcode-icon\n                    yes\n            \"\n                                    title=oui\n            >\n<\/i><\/td><\/tr><tr><td>\u00c9v\u00e9nements climatiques<\/td><td class=\"has-text-align-center\" data-align=\"center\"><i\n    class=\"safe-shortcode-icon\n                    yes\n            \"\n                                    title=oui\n            >\n<\/i><\/td><td class=\"has-text-align-center\" data-align=\"center\"><i\n    class=\"safe-shortcode-icon\n                    yes\n            \"\n                                    title=oui\n            >\n<\/i><\/td><\/tr><tr><td>Tous accidents<\/td><td class=\"has-text-align-center\" data-align=\"center\"><i\n    class=\"safe-shortcode-icon\n                    no\n            \"\n                                    title=non\n            >\n<\/i><\/td><td class=\"has-text-align-center\" data-align=\"center\"><i\n    class=\"safe-shortcode-icon\n                    yes\n            \"\n                                    title=oui\n            >\n<\/i><\/td><\/tr><tr><td>D\u00e9fense \/ Protection du conducteur<\/td><td class=\"has-text-align-center\" data-align=\"center\"><p>En option<\/p><\/td><td class=\"has-text-align-center\" data-align=\"center\"><p>En option<\/p><\/td><\/tr><tr><td>Dommages aux v\u00e9hicules<\/td><td class=\"has-text-align-center\" data-align=\"center\"><p><i\n    class=\"safe-shortcode-icon\n                    no\n            \"\n                                    title=non\n            >\n<\/i> sauf vol par abus de confiance<\/p><\/td><td class=\"has-text-align-center\" data-align=\"center\"><p><i\n    class=\"safe-shortcode-icon\n                    no\n            \"\n                                    title=non\n            >\n<\/i> sauf vol par abus de confiance<\/p><\/td><\/tr><\/tbody><\/table><\/figure>\n\n\n\n<p><strong>Des garanties de \u00ab\u00a0confort\u00a0\u00bb et assistance :<\/strong><\/p>\n\n\n\n<figure class=\"wp-block-table is-style-header-double\"><table><thead><tr><th><\/th><th class=\"has-text-align-center\" data-align=\"center\">Interm\u00e9diaire<\/th><th class=\"has-text-align-center\" data-align=\"center\">Tous risques<\/th><\/tr><\/thead><tbody><tr><td>Casque<\/td><td class=\"has-text-align-center\" data-align=\"center\"><i\n    class=\"safe-shortcode-icon\n                    no\n            \"\n                                    title=non\n            >\n<\/i><\/td><td class=\"has-text-align-center\" data-align=\"center\"><i\n    class=\"safe-shortcode-icon\n                    yes\n            \"\n                                    title=oui\n            >\n<\/i><\/td><\/tr><tr><td>\u00c9quipement du motard<\/td><td class=\"has-text-align-center\" data-align=\"center\">En option<\/td><td class=\"has-text-align-center\" data-align=\"center\">En option<\/td><\/tr><tr><td>V\u00e9hicule de remplacement<\/td><td class=\"has-text-align-center\" data-align=\"center\"><i\n    class=\"safe-shortcode-icon\n                    no\n            \"\n                                    title=non\n            >\n<\/i><\/td><td class=\"has-text-align-center\" data-align=\"center\"><i\n    class=\"safe-shortcode-icon\n                    no\n            \"\n                                    title=non\n            >\n<\/i><\/td><\/tr><tr><td>Protection juridique<\/td><td class=\"has-text-align-center\" data-align=\"center\">En option<\/td><td class=\"has-text-align-center\" data-align=\"center\">En option<\/td><\/tr><tr><td>Assistance<\/td><td class=\"has-text-align-center\" data-align=\"center\"><p>En option<\/p><\/td><td class=\"has-text-align-center\" data-align=\"center\"><p>En option<\/p><\/td><\/tr><\/tbody><\/table><\/figure>\n\n\n<p><strong>Ces garanties sont la plupart du temps accompagn\u00e9es de franchises :<\/strong><\/p>\n<!-- \/wp:post-content -->\n\n<!-- wp:table {\"className\":\"is-style-header-double\"} -->\n<figure class=\"wp-block-table is-style-header-double\"><table><thead><tr><th><\/th><th class=\"has-text-align-center\" data-align=\"center\">Interm\u00e9diaire<\/th><th class=\"has-text-align-center\" data-align=\"center\">Tous risques<\/th><\/tr><\/thead><tbody><tr><td>Franchises<\/td><td class=\"has-text-align-center\" data-align=\"center\"><p>0 km en cas de vol \/ 25 km en cas de panne (0 km dispo en option) \/ 25 km assistance aux personnes<\/p><\/td><td class=\"has-text-align-center\" data-align=\"center\"><p>0 km en cas de vol \/ 25 km en cas de panne (0 km dispo en option) \/ 25 km assistance aux personnes<\/p><\/td><\/tr><\/tbody><\/table><\/figure>\n<!-- \/wp:table -->\n\n<!-- wp:spacer {\"height\":\"20px\"} -->\n<div style=\"height:20px\" aria-hidden=\"true\" class=\"wp-block-spacer\"><\/div>\n<!-- \/wp:spacer -->\n<h3 id=\"conditions-generales-de-l-assurance-moto-nom-acteur\">Conditions g\u00e9n\u00e9rales de l&rsquo;assurance moto Allianz<\/h3>\n<!-- \/wp:heading -->\n\n<!-- wp:paragraph -->\n<p><strong>Les conditions g\u00e9n\u00e9rales vous sont fournies lorsque vous souscrivez&nbsp;votre&nbsp;contrat d\u2019assurance moto.<\/strong>&nbsp;Vous pouvez aussi \u00e0 tout moment les demander \u00e0 votre service client, qui vous les enverra par voie postale ou \u00e9lectronique. Enfin, vous pouvez les r\u00e9cup\u00e9rer dans votre espace client en ligne.<\/p>\n<!-- \/wp:paragraph -->\n\n<!-- wp:paragraph {\"align\":\"center\"} -->\n<p class=\"has-text-align-center\"><strong><a href=\"https:\/\/guide.reassurez-moi.fr\/guide\/wp-content\/uploads\/2016\/06\/conditions-generales-assurance-moto-Allianz.pdf\">T\u00e9l\u00e9charger les conditions g\u00e9n\u00e9rales de l&rsquo;assurance moto Allianz :<\/a><\/strong><\/p>\n<!-- \/wp:paragraph -->\n\n<!-- wp:image {\"align\":\"center\",\"id\":131404,\"width\":120,\"height\":120,\"sizeSlug\":\"large\"} -->\n<div class=\"wp-block-image\"><figure class=\"aligncenter size-large is-resized\"><a href=\"https:\/\/guide.reassurez-moi.fr\/guide\/wp-content\/uploads\/2016\/06\/conditions-generales-assurance-moto-Allianz.pdf\"><img loading=\"lazy\" decoding=\"async\" src=\"https:\/\/guide.reassurez-moi.fr\/guide\/wp-content\/uploads\/2020\/07\/conditions-generales.jpg\" alt=\"conditions generales\" class=\"wp-image-131404\" width=\"120\" height=\"120\"\/><\/a><\/figure><\/div>\n<!-- \/wp:image -->\n<!-- wp:heading -->\n<h2 id=\"quel-est-notre-avis-sur-l-assurance-deux-roues-nom-acteur\">Quel est notre avis sur l&rsquo;assurance deux-roues Allianz ?<\/h2>\n<!-- \/wp:heading -->\n\n<!-- wp:paragraph -->\n<p><p>Notre avis sur le contrat d\u2019assurance moto est plut\u00f4t positif. Le plafond de remboursement de l\u2019\u00e9quipement de motard est important : 15 245 \u20ac alors qu\u2019il est g\u00e9n\u00e9ralement plut\u00f4t proche de 2 000\u20ac. Quatre niveaux de protection du conducteur sont propos\u00e9s, avec un seuil d\u2019invalidit\u00e9 minimum de 1% et un plafond qui peut atteindre un million d\u2019euros. Cependant, on peut regretter l\u2019impossibilit\u00e9 de b\u00e9n\u00e9ficier d\u2019un v\u00e9hicule de remplacement.<\/p><\/p>\n<!-- \/wp:paragraph -->\n\n<!-- wp:heading -->\n<h2 id=\"quel-est-le-prix-de-l-assurance-moto-nom-acteur\">Quel est le prix de l&rsquo;assurance moto Allianz ?<\/h2>\n<!-- \/wp:heading -->\n\n<!-- wp:paragraph -->\n<p><strong>Le co\u00fbt d\u2019une assurance moto est tr\u00e8s variable car il calcul\u00e9 selon plusieurs crit\u00e8res :<\/strong><\/p>\n<!-- \/wp:paragraph -->\n\n<!-- wp:list -->\n<ul><li>les garanties choisies (incendie, vol, protection juridique, etc.) ;<\/li><li>le niveau de garanties choisi ;<\/li><li>le lieu de r\u00e9sidence de l\u2019assur\u00e9 (et s\u2019il d\u00e9tient un parking) ;<\/li><li>l\u2019\u00e2ge de l\u2019assur\u00e9&nbsp;;<\/li><li>le mod\u00e8le et la puissance de la moto ;<\/li><li>les ant\u00e9c\u00e9dents de l\u2019assur\u00e9 (bonus-malus).<\/li><\/ul>\n<!-- \/wp:list -->\n\n\n<p> \u00c0 titre d\u2019exemple, vous trouverez ci-dessous un tableau r\u00e9capitulatif des tarifs annuels d&#039;Allianz :<\/p>\n<!-- \/wp:paragraph -->\n\n<!-- wp:table {\"className\":\"is-style-header-double\"} -->\n<figure class=\"wp-block-table is-style-header-double\"><table><thead><tr><th><\/th><th class=\"has-text-align-center\" data-align=\"center\">Interm\u00e9diaire<\/th><th class=\"has-text-align-center\" data-align=\"center\">Tous risques<\/th><\/tr><\/thead><tbody><tr><td>Courbevoie<\/td><td class=\"has-text-align-center\" data-align=\"center\">149\u20ac<\/td><td class=\"has-text-align-center\" data-align=\"center\">201\u20ac<\/td><\/tr><tr><td>Bordeaux<\/td><td class=\"has-text-align-center\" data-align=\"center\">119\u20ac<\/td><td class=\"has-text-align-center\" data-align=\"center\">159\u20ac<\/td><\/tr><\/tbody><\/table><\/figure>\n<!-- \/wp:table -->\n<!-- wp:heading -->\n<h2 id=\"comment-contacter-l-assurance-moto-nom-acteur\">Comment contacter l&rsquo;assurance moto Allianz ?<\/h2>\n<!-- \/wp:heading -->\n\n<!-- wp:paragraph -->\n<p><strong>Pour toute information compl\u00e9mentaire sur l&rsquo;assurance Allianz, rendez-vous sur leur site internet.<\/strong> Vous pouvez aussi contacter Allianz :<\/p>\n<!-- \/wp:paragraph -->\n\n<p><strong>Par t\u00e9l\u00e9phone, au <\/strong>: &lt;p&gt;0 978 978 090 du lundi au vendredi de 9h \u00e0 19h et le samedi de 9h \u00e0 14h.&lt;\/p&gt;<\/p>\n<!-- \/wp:paragraph -->\n<p><strong>Par courrier, \u00e0 l&rsquo;adresse suivante :<\/strong><\/p>\n<!-- \/wp:paragraph -->\n\n<!-- wp:paragraph {\"align\":\"center\"} -->\n<p class=\"has-text-align-center\"><p>Allianz Relation Clients<br \/>\nCase Courrier : S1803<br \/>\n1, Cours Michelet \u2013 CS 30051<br \/>\n92076 PARIS LA DEFENSE CEDEX<\/p><\/p>\n<!-- \/wp:paragraph -->\n<!-- wp:heading -->\n<h2 id=\"nom-acteur-la-meilleure-assurance-moto\">Allianz, la meilleure assurance moto ? <\/h2>\n<!-- \/wp:heading -->\n\n<!-- wp:paragraph -->\n<p><strong>Comparez l\u2019assurance moto Allianz aux autres assurances deux-roues en simulant un devis imm\u00e9diat<\/strong>, vous obtiendrez un comparatif de tous les assureurs avec un acc\u00e8s aux tarifs pratiqu\u00e9s et aux garanties qui conviennent \u00e0 votre recherche :<\/p>\n<!-- \/wp:paragraph -->\n\n<!-- wp:spacer {\"height\":\"20px\"} -->\n<div style=\"height:20px\" aria-hidden=\"true\" class=\"wp-block-spacer\"><\/div>\n<!-- \/wp:spacer -->\n\n<!-- wp:shortcode -->\n\n<div class=\"wp-block-rm-advertizing-block fix-in-sidebar advertising-block-sidebar-item\">\n    <div class=\"image-container flex justify-center align-items-center\">\n        <img decoding=\"async\" src=\"https:\/\/guide.reassurez-moi.fr\/guide\/wp-content\/uploads\/2025\/06\/team_opti_short.png\"\n             alt=\"reassurez-moi illustration\"\n             class=\"wp-block-rm-advertizing-image\"\n             loading=\"lazy\"\n        \/>\n    <\/div>\n    <div class=\"rm-advertblock-container flex flex-column justify-center align-items-start\">\n        <p class=\"wp-block-rm-advertizing-text\">\n            Assurance moto\n        <\/p>\n        <p class=\"wp-block-rm-advertizing-sub-text\">\n            les meilleures offres 2026\n        <\/p>\n        <a\n            href=\"https:\/\/reassurez-moi.fr\/guide\/assurance-moto\"\n            class=\"wp-block-rm-advertizing-button\"\n        >\n            <span class=\"wp-block-rm-advertizing-button-text\">\n                Comparer\n            <\/span>\n            <span class=\"wp-block-rm-advertizing-button-sub-text\">\n                les assurances moto\n            <\/span>\n        <\/a>\n    <\/div>\n<\/div>\n\n<!-- \/wp:shortcode -->\n\n<!-- wp:spacer {\"height\":\"40px\"} -->\n<div style=\"height:40px\" aria-hidden=\"true\" class=\"wp-block-spacer\"><\/div>\n<!-- \/wp:spacer -->\n\n<!-- wp:quote -->\n<blockquote class=\"wp-block-quote\"><p><em><span class=\"has-small-font-size\">En tant que courtier d&rsquo;assurance, notre mission est de vous informer et de vous conseiller sur les offres d&rsquo;assurance propos\u00e9es sur le march\u00e9. Ces fiches conseils ont pour objet de vous pr\u00e9senter les produits de nos <a href=\"https:\/\/reassurez-moi.fr\/guide\/cgu-cgv#MISE_EN_RELATION_AVEC_LES_PARTENAIRES\">assureurs partenaires<\/a> comme ceux avec lesquels nous n&rsquo;entretenons pas de liens.\u00a0Ces fiches vous donnent notre\u00a0analyse\u00a0objective\u00a0sur les contrats d&rsquo;assurance\u00a0mais aussi\u00a0des\u00a0informations sur les formalit\u00e9s d&rsquo;adh\u00e9sion.<\/span><\/em><\/p><\/blockquote>\n<!-- \/wp:quote -->","protected":false},"excerpt":{"rendered":"<p>Assurance moto Allianz L\u2019assurance moto est obligatoire d\u00e8s lors que vous poss\u00e9dez ou utilisez un v\u00e9hicule \u00e0 deux roues. D\u00e9couvrez les formules, garanties, tarifs et solutions d\u2019assistance&nbsp;propos\u00e9es, ainsi que notre avis sur Allianz. Quelles sont les garanties de l&rsquo;assurance moto Allianz ? En France, tout v\u00e9hicule terrestre \u00e0 moteur doit \u00eatre assur\u00e9, sous peine d\u2019\u00eatre [&hellip;]<\/p>\n","protected":false},"author":61,"featured_media":0,"parent":17219,"menu_order":0,"comment_status":"open","ping_status":"closed","template":"","meta":{"_acf_changed":false,"footnotes":""},"categories":[],"page_topic":[581],"class_list":["post-149875","page","type-page","status-publish","hentry"],"yoast_head":"<!-- This site is optimized with the Yoast SEO plugin v24.7 - https:\/\/yoast.com\/wordpress\/plugins\/seo\/ -->\n<title>Notre avis sur l&#039;assurance moto Allianz | Garanties, comparatif et tarif <\/title>\n<meta name=\"description\" content=\"L&#039;assurance moto Allianz en d\u00e9tails - Prix et garanties - Devis en ligne 100 % gratuits !\" \/>\n<meta name=\"robots\" content=\"index, follow, max-snippet:-1, max-image-preview:large, max-video-preview:-1\" \/>\n<link rel=\"canonical\" href=\"https:\/\/guide.reassurez-moi.fr\/guide\/assurance-moto\/allianz\" \/>\n<meta property=\"og:locale\" content=\"fr_FR\" \/>\n<meta property=\"og:type\" content=\"article\" \/>\n<meta property=\"og:title\" content=\"Notre avis sur l&#039;assurance moto Allianz | Garanties, comparatif et tarif\" \/>\n<meta property=\"og:description\" content=\"L&#039;assurance moto Allianz en d\u00e9tails - Prix et garanties - Devis en ligne 100 % gratuits !\" \/>\n<meta property=\"og:url\" content=\"https:\/\/guide.reassurez-moi.fr\/guide\/assurance-moto\/allianz\" \/>\n<meta property=\"og:site_name\" content=\"R\u00e9assurez-moi\" \/>\n<meta property=\"article:publisher\" content=\"https:\/\/www.facebook.com\/R%c3%a9assurez-moi-209456495889479\/\" \/>\n<meta property=\"og:image\" content=\"https:\/\/guide.reassurez-moi.fr\/guide\/wp-content\/uploads\/2018\/04\/image-de-partage.png\" \/>\n\t<meta property=\"og:image:width\" content=\"500\" \/>\n\t<meta property=\"og:image:height\" content=\"160\" \/>\n\t<meta property=\"og:image:type\" content=\"image\/png\" \/>\n<meta name=\"twitter:card\" content=\"summary_large_image\" \/>\n<meta name=\"twitter:site\" content=\"@reassurezmoi\" \/>\n<script type=\"application\/ld+json\" class=\"yoast-schema-graph\">{\"@context\":\"https:\/\/schema.org\",\"@graph\":[{\"@type\":\"WebPage\",\"@id\":\"https:\/\/guide.reassurez-moi.fr\/guide\/assurance-moto\/allianz\",\"url\":\"https:\/\/guide.reassurez-moi.fr\/guide\/assurance-moto\/allianz\",\"name\":\"Assurance moto Allianz | R\u00e9assurez-moi\",\"isPartOf\":{\"@id\":\"https:\/\/guide.reassurez-moi.fr\/guide\/#website\"},\"datePublished\":\"2022-02-21T21:30:48+00:00\",\"breadcrumb\":{\"@id\":\"https:\/\/guide.reassurez-moi.fr\/guide\/assurance-moto\/allianz#breadcrumb\"},\"inLanguage\":\"fr-FR\",\"potentialAction\":[{\"@type\":\"ReadAction\",\"target\":[\"https:\/\/guide.reassurez-moi.fr\/guide\/assurance-moto\/allianz\"]}]},{\"@type\":\"BreadcrumbList\",\"@id\":\"https:\/\/guide.reassurez-moi.fr\/guide\/assurance-moto\/allianz#breadcrumb\",\"itemListElement\":[{\"@type\":\"ListItem\",\"position\":1,\"name\":\"Assurances\",\"item\":\"https:\/\/guide.reassurez-moi.fr\/guide\/\"},{\"@type\":\"ListItem\",\"position\":2,\"name\":\"Comparateur assurance moto\",\"item\":\"https:\/\/guide.reassurez-moi.fr\/guide\/assurance-moto\"},{\"@type\":\"ListItem\",\"position\":3,\"name\":\"Assurance moto Allianz\"}]},{\"@type\":\"WebSite\",\"@id\":\"https:\/\/guide.reassurez-moi.fr\/guide\/#website\",\"url\":\"https:\/\/guide.reassurez-moi.fr\/guide\/\",\"name\":\"R\u00e9assurez-moi\",\"description\":\"Comparateur d&#039;assurances\",\"potentialAction\":[{\"@type\":\"SearchAction\",\"target\":{\"@type\":\"EntryPoint\",\"urlTemplate\":\"https:\/\/guide.reassurez-moi.fr\/guide\/?s={search_term_string}\"},\"query-input\":{\"@type\":\"PropertyValueSpecification\",\"valueRequired\":true,\"valueName\":\"search_term_string\"}}],\"inLanguage\":\"fr-FR\"}]}<\/script>\n<!-- \/ Yoast SEO plugin. -->","yoast_head_json":{"title":"Notre avis sur l'assurance moto Allianz | Garanties, comparatif et tarif ","description":"L'assurance moto Allianz en d\u00e9tails - Prix et garanties - Devis en ligne 100 % gratuits !","robots":{"index":"index","follow":"follow","max-snippet":"max-snippet:-1","max-image-preview":"max-image-preview:large","max-video-preview":"max-video-preview:-1"},"canonical":"https:\/\/guide.reassurez-moi.fr\/guide\/assurance-moto\/allianz","og_locale":"fr_FR","og_type":"article","og_title":"Notre avis sur l'assurance moto Allianz | Garanties, comparatif et tarif","og_description":"L'assurance moto Allianz en d\u00e9tails - Prix et garanties - Devis en ligne 100 % gratuits !","og_url":"https:\/\/guide.reassurez-moi.fr\/guide\/assurance-moto\/allianz","og_site_name":"R\u00e9assurez-moi","article_publisher":"https:\/\/www.facebook.com\/R%c3%a9assurez-moi-209456495889479\/","og_image":[{"width":500,"height":160,"url":"https:\/\/guide.reassurez-moi.fr\/guide\/wp-content\/uploads\/2018\/04\/image-de-partage.png","type":"image\/png"}],"twitter_card":"summary_large_image","twitter_site":"@reassurezmoi","schema":{"@context":"https:\/\/schema.org","@graph":[{"@type":"WebPage","@id":"https:\/\/guide.reassurez-moi.fr\/guide\/assurance-moto\/allianz","url":"https:\/\/guide.reassurez-moi.fr\/guide\/assurance-moto\/allianz","name":"Assurance moto Allianz | R\u00e9assurez-moi","isPartOf":{"@id":"https:\/\/guide.reassurez-moi.fr\/guide\/#website"},"datePublished":"2022-02-21T21:30:48+00:00","breadcrumb":{"@id":"https:\/\/guide.reassurez-moi.fr\/guide\/assurance-moto\/allianz#breadcrumb"},"inLanguage":"fr-FR","potentialAction":[{"@type":"ReadAction","target":["https:\/\/guide.reassurez-moi.fr\/guide\/assurance-moto\/allianz"]}]},{"@type":"BreadcrumbList","@id":"https:\/\/guide.reassurez-moi.fr\/guide\/assurance-moto\/allianz#breadcrumb","itemListElement":[{"@type":"ListItem","position":1,"name":"Assurances","item":"https:\/\/guide.reassurez-moi.fr\/guide\/"},{"@type":"ListItem","position":2,"name":"Comparateur assurance moto","item":"https:\/\/guide.reassurez-moi.fr\/guide\/assurance-moto"},{"@type":"ListItem","position":3,"name":"Assurance moto Allianz"}]},{"@type":"WebSite","@id":"https:\/\/guide.reassurez-moi.fr\/guide\/#website","url":"https:\/\/guide.reassurez-moi.fr\/guide\/","name":"R\u00e9assurez-moi","description":"Comparateur d&#039;assurances","potentialAction":[{"@type":"SearchAction","target":{"@type":"EntryPoint","urlTemplate":"https:\/\/guide.reassurez-moi.fr\/guide\/?s={search_term_string}"},"query-input":{"@type":"PropertyValueSpecification","valueRequired":true,"valueName":"search_term_string"}}],"inLanguage":"fr-FR"}]}},"acf":[],"_links":{"self":[{"href":"https:\/\/guide.reassurez-moi.fr\/guide\/wp-json\/wp\/v2\/pages\/149875","targetHints":{"allow":["GET"]}}],"collection":[{"href":"https:\/\/guide.reassurez-moi.fr\/guide\/wp-json\/wp\/v2\/pages"}],"about":[{"href":"https:\/\/guide.reassurez-moi.fr\/guide\/wp-json\/wp\/v2\/types\/page"}],"author":[{"embeddable":true,"href":"https:\/\/guide.reassurez-moi.fr\/guide\/wp-json\/wp\/v2\/users\/61"}],"replies":[{"embeddable":true,"href":"https:\/\/guide.reassurez-moi.fr\/guide\/wp-json\/wp\/v2\/comments?post=149875"}],"version-history":[{"count":0,"href":"https:\/\/guide.reassurez-moi.fr\/guide\/wp-json\/wp\/v2\/pages\/149875\/revisions"}],"up":[{"embeddable":true,"href":"https:\/\/guide.reassurez-moi.fr\/guide\/wp-json\/wp\/v2\/pages\/17219"}],"wp:attachment":[{"href":"https:\/\/guide.reassurez-moi.fr\/guide\/wp-json\/wp\/v2\/media?parent=149875"}],"wp:term":[{"taxonomy":"category","embeddable":true,"href":"https:\/\/guide.reassurez-moi.fr\/guide\/wp-json\/wp\/v2\/categories?post=149875"},{"taxonomy":"page_topic","embeddable":true,"href":"https:\/\/guide.reassurez-moi.fr\/guide\/wp-json\/wp\/v2\/page_topic?post=149875"}],"curies":[{"name":"wp","href":"https:\/\/api.w.org\/{rel}","templated":true}]}}