{"id":149968,"date":"2024-12-03T11:34:56","date_gmt":"2024-12-03T10:34:56","guid":{"rendered":"https:\/\/reassurez-moi.fr\/guide\/mutuelle-sante\/remboursement\/medecin-non-traitant"},"modified":"2024-12-03T11:34:56","modified_gmt":"2024-12-03T10:34:56","slug":"medecin-non-traitant","status":"publish","type":"page","link":"https:\/\/guide.reassurez-moi.fr\/guide\/mutuelle-sante\/remboursement\/medecin-non-traitant","title":{"rendered":"Remboursement m\u00e9decin non traitant"},"content":{"rendered":"\n<h1 class=\"wp-block-heading\" id=\"prestation-majuscule-calcul-des-remboursements-de-la-securite-sociale\">M\u00e9decin non traitant : prix et remboursement en 2026<\/h1>\n\n\n\n<h2 class=\"wp-block-heading\" id=\"quel-est-le-prix-de-des-prestation-singulier-prestation-pluriel\">Quel est le prix un m\u00e9decin non traitant ?<\/h2>\n\n\n\n<p><strong>Le prix courant constat\u00e9<\/strong> pour un m\u00e9decin non traitant est de 25,00 \u20ac. En fonction des <a href=\"https:\/\/reassurez-moi.fr\/guide\/mutuelle-sante\/garanties\">garanties de votre mutuelle sant\u00e9<\/a> et de la <a href=\"https:\/\/reassurez-moi.fr\/guide\/mutuelle-sante\/base-de-remboursement-securite-sociale\">BRSS<\/a>, il est possible que vous puissiez obtenir un remboursement et avoir un <a href=\"https:\/\/reassurez-moi.fr\/guide\/mutuelle-sante\/reste-a-charge\">reste-\u00e0-charge<\/a> de z\u00e9ro. <\/p>\n\n\n\n<p><\/p>\n\n\n\n\n<h2 class=\"wp-block-heading\" id=\"notre-avis-d-expert-sur-le-remboursement-de-des-prestation-singulier-prestation-pluriel\">Notre avis d&rsquo;expert sur le remboursement de  m\u00e9decin non traitant <\/h2>\n\n\n\n<p><ul><li>Si votre m\u00e9decin traitant n\u2019est pas disponible, son rempla\u00e7ant habituel utilisera ses feuilles de soins de mani\u00e8re \u00e0 ce que vous soyez rembours\u00e9 normalement.<\/li><\/ul><br><br>De m\u00eame, si votre m\u00e9decin traitant exerce dans un cabinet ou un centre de sant\u00e9, vous pourrez recourir \u00e0 un autre m\u00e9decin du cabinet ou du centre. Celui-ci cochera simplement la case \u00ab\u00a0M\u00e9decin traitant remplac\u00e9\u00a0\u00bb sur la feuille de soins et vous serez rembours\u00e9 normalement.<br><br><ul><li>Si vous \u00eates trop loin pour pouvoir consulter votre m\u00e9decin traitant (en vacances par exemple), vous avez la possibilit\u00e9 de consulter un autre m\u00e9decin.<\/li><\/ul><br><br>Ce dernier cochera alors la case \u00ab\u00a0Hors r\u00e9sidence\u00a0\u00bb sur la feuille de soins et vous serez rembours\u00e9 normalement.<br><br><ul><li>Enfin en cas d\u2019urgence, vous pouvez aussi consulter un m\u00e9decin autre que votre m\u00e9decin traitant. Il cochera simplement la case \u00ab\u00a0Urgence\u00a0\u00bb sur votre feuille de soins et vous serez rembours\u00e9 normalement. <\/li><\/ul><br><br>En revanche, si vous consultez un autre m\u00e9decin que votre m\u00e9decin traitant sans \u00eatre orient\u00e9 par celui-ci, ou que vous n\u2019avez pas d\u00e9clar\u00e9 de m\u00e9decin traitant, alors vous \u00eates hors du parcours de soins coordonn\u00e9s et risquez d\u2019\u00eatre moins bien rembours\u00e9 par l\u2019Assurance Maladie.\u00a0<\/p>\n\n\n\n<div class=\"wp-block-buttons is-content-justification-center is-layout-flex wp-container-core-buttons-is-layout-1 wp-block-buttons-is-layout-flex\">\n<div class=\"wp-block-button is-style-rm-button-orange\"><a class=\"wp-block-button__link\" href=\"\/devis-mutuelle-sante\">Comparer les offres et obtenir un devis<\/a><\/div>\n<\/div>\n\n\n\n<h2 class=\"wp-block-heading\" id=\"quel-remboursement-de-des-prestation-singulier-prestation-pluriel-par-la-securite-sociale\">Quel remboursement de  m\u00e9decin non traitant  par la S\u00e9curit\u00e9 sociale ?<\/h2>\n\n\n\n<p>La S\u00e9curit\u00e9 Sociale rembourse la consultation d&rsquo;un m\u00e9decin non traitant \u00e0 70 % de sa base de remboursement fix\u00e9e \u00e0 25 \u20ac. Vous serez donc rembours\u00e9 de 17,5 \u20ac. <br><br>Pour diminuer vos d\u00e9penses de sant\u00e9, il peut \u00eatre int\u00e9ressant de souscrire une mutuelle sant\u00e9 qui viendra compl\u00e9ter la part non prise en charge par la S\u00e9curit\u00e9 Sociale. <\/p>\n\n\n\n<h2 class=\"wp-block-heading\" id=\"quel-remboursement-de-des-prestation-singulier-prestation-pluriel-par-la-mutuelle-sante\">Quel remboursement de  m\u00e9decin non traitant  par la mutuelle sant\u00e9 ?<\/h2>\n\n\n\n<p>Pour compl\u00e9ter les remboursements de la S\u00e9curit\u00e9 Sociale, nombreux sont ceux qui choisissent de souscrire une bonne mutuelle sant\u00e9. Celle-ci vous indemnisera tout ou partie (selon le contrat souscrit) du reste \u00e0 charge. <br><br>Les compl\u00e9mentaires sant\u00e9 ont deux moyens d\u2019exprimer le montant de votre remboursement : en forfait, ou en pourcentage. Dans le cas du forfait, votre mutuelle sant\u00e9 vous octroie une somme fixe \u00e0 d\u00e9penser tous les ans. Dans le cas du pourcentage, votre mutuelle vous rembourse selon un pourcentage de la base de remboursement de la S\u00e9curit\u00e9 Sociale. Plus ce pourcentage est \u00e9lev\u00e9, meilleur sera votre remboursement. <br><br>Pour trouver une mutuelle adapt\u00e9e \u00e0 vos besoins et \u00e0 vos d\u00e9penses de sant\u00e9, n&rsquo;h\u00e9sitez pas \u00e0 utliser notre comparateur en ligne et gratuit (en haut de cette page) pour obtenir rapidement un devis. En cas de besoin, nos experts seront disponibles par t\u00e9l\u00e9phone pour vous accompagner et vous conseiller.<\/p>\n\n\n        <div class=\"grid w-full gap-4 sm:grid-cols-2 \">\n            <\/div>\n\n","protected":false},"excerpt":{"rendered":"<p>M\u00e9decin non traitant : prix et remboursement en 2026 Quel est le prix un m\u00e9decin non traitant ? Le prix courant constat\u00e9 pour un m\u00e9decin non traitant est de 25,00 \u20ac. En fonction des garanties de votre mutuelle sant\u00e9 et de la BRSS, il est possible que vous puissiez obtenir un remboursement et avoir un [&hellip;]<\/p>\n","protected":false},"author":61,"featured_media":0,"parent":148595,"menu_order":0,"comment_status":"open","ping_status":"closed","template":"","meta":{"_acf_changed":false,"footnotes":""},"categories":[],"page_topic":[528],"class_list":["post-149968","page","type-page","status-publish","hentry"],"yoast_head":"<!-- This site is optimized with the Yoast SEO plugin v24.7 - https:\/\/yoast.com\/wordpress\/plugins\/seo\/ -->\n<title>M\u00e9decin non traitant : Prix et Remboursement 2026<\/title>\n<meta name=\"description\" content=\"Acc\u00e9dez en 1 clic au d\u00e9tail de vos remboursements m\u00e9decin non traitant - Outil en ligne 100 % gratuit + notre avis d&#039;expert ind\u00e9pendant !\" \/>\n<meta name=\"robots\" content=\"index, follow, max-snippet:-1, max-image-preview:large, max-video-preview:-1\" \/>\n<link rel=\"canonical\" href=\"https:\/\/guide.reassurez-moi.fr\/guide\/mutuelle-sante\/remboursement\/medecin-non-traitant\" \/>\n<meta property=\"og:locale\" content=\"fr_FR\" \/>\n<meta property=\"og:type\" content=\"article\" \/>\n<meta property=\"og:title\" content=\"M\u00e9decin non traitant : Prix et Remboursement %%currentyear%%\" \/>\n<meta property=\"og:description\" content=\"Acc\u00e9dez en 1 clic au d\u00e9tail de vos remboursements m\u00e9decin non traitant - Outil en ligne 100 % gratuit + notre avis d&#039;expert ind\u00e9pendant !\" \/>\n<meta property=\"og:url\" content=\"https:\/\/guide.reassurez-moi.fr\/guide\/mutuelle-sante\/remboursement\/medecin-non-traitant\" \/>\n<meta property=\"og:site_name\" content=\"R\u00e9assurez-moi\" \/>\n<meta property=\"article:publisher\" content=\"https:\/\/www.facebook.com\/R%c3%a9assurez-moi-209456495889479\/\" \/>\n<meta property=\"og:image\" content=\"https:\/\/guide.reassurez-moi.fr\/guide\/wp-content\/uploads\/2018\/04\/image-de-partage.png\" \/>\n\t<meta property=\"og:image:width\" content=\"500\" \/>\n\t<meta property=\"og:image:height\" content=\"160\" \/>\n\t<meta property=\"og:image:type\" content=\"image\/png\" \/>\n<meta name=\"twitter:card\" content=\"summary_large_image\" \/>\n<meta name=\"twitter:site\" content=\"@reassurezmoi\" \/>\n<script type=\"application\/ld+json\" class=\"yoast-schema-graph\">{\"@context\":\"https:\/\/schema.org\",\"@graph\":[{\"@type\":\"WebPage\",\"@id\":\"https:\/\/guide.reassurez-moi.fr\/guide\/mutuelle-sante\/remboursement\/medecin-non-traitant\",\"url\":\"https:\/\/guide.reassurez-moi.fr\/guide\/mutuelle-sante\/remboursement\/medecin-non-traitant\",\"name\":\"Remboursement m\u00e9decin non traitant | R\u00e9assurez-moi\",\"isPartOf\":{\"@id\":\"https:\/\/guide.reassurez-moi.fr\/guide\/#website\"},\"datePublished\":\"2024-12-03T10:34:56+00:00\",\"breadcrumb\":{\"@id\":\"https:\/\/guide.reassurez-moi.fr\/guide\/mutuelle-sante\/remboursement\/medecin-non-traitant#breadcrumb\"},\"inLanguage\":\"fr-FR\",\"potentialAction\":[{\"@type\":\"ReadAction\",\"target\":[\"https:\/\/guide.reassurez-moi.fr\/guide\/mutuelle-sante\/remboursement\/medecin-non-traitant\"]}]},{\"@type\":\"BreadcrumbList\",\"@id\":\"https:\/\/guide.reassurez-moi.fr\/guide\/mutuelle-sante\/remboursement\/medecin-non-traitant#breadcrumb\",\"itemListElement\":[{\"@type\":\"ListItem\",\"position\":1,\"name\":\"Assurances\",\"item\":\"https:\/\/guide.reassurez-moi.fr\/guide\/\"},{\"@type\":\"ListItem\",\"position\":2,\"name\":\"Mutuelle sant\u00e9\",\"item\":\"https:\/\/guide.reassurez-moi.fr\/guide\/mutuelle-sante\"},{\"@type\":\"ListItem\",\"position\":3,\"name\":\"Remboursement\",\"item\":\"https:\/\/guide.reassurez-moi.fr\/guide\/mutuelle-sante\/remboursement\"},{\"@type\":\"ListItem\",\"position\":4,\"name\":\"Remboursement m\u00e9decin non traitant\"}]},{\"@type\":\"WebSite\",\"@id\":\"https:\/\/guide.reassurez-moi.fr\/guide\/#website\",\"url\":\"https:\/\/guide.reassurez-moi.fr\/guide\/\",\"name\":\"R\u00e9assurez-moi\",\"description\":\"Comparateur d&#039;assurances\",\"potentialAction\":[{\"@type\":\"SearchAction\",\"target\":{\"@type\":\"EntryPoint\",\"urlTemplate\":\"https:\/\/guide.reassurez-moi.fr\/guide\/?s={search_term_string}\"},\"query-input\":{\"@type\":\"PropertyValueSpecification\",\"valueRequired\":true,\"valueName\":\"search_term_string\"}}],\"inLanguage\":\"fr-FR\"}]}<\/script>\n<!-- \/ Yoast SEO plugin. -->","yoast_head_json":{"title":"M\u00e9decin non traitant : Prix et Remboursement 2026","description":"Acc\u00e9dez en 1 clic au d\u00e9tail de vos remboursements m\u00e9decin non traitant - Outil en ligne 100 % gratuit + notre avis d'expert ind\u00e9pendant !","robots":{"index":"index","follow":"follow","max-snippet":"max-snippet:-1","max-image-preview":"max-image-preview:large","max-video-preview":"max-video-preview:-1"},"canonical":"https:\/\/guide.reassurez-moi.fr\/guide\/mutuelle-sante\/remboursement\/medecin-non-traitant","og_locale":"fr_FR","og_type":"article","og_title":"M\u00e9decin non traitant : Prix et Remboursement %%currentyear%%","og_description":"Acc\u00e9dez en 1 clic au d\u00e9tail de vos remboursements m\u00e9decin non traitant - Outil en ligne 100 % gratuit + notre avis d'expert ind\u00e9pendant !","og_url":"https:\/\/guide.reassurez-moi.fr\/guide\/mutuelle-sante\/remboursement\/medecin-non-traitant","og_site_name":"R\u00e9assurez-moi","article_publisher":"https:\/\/www.facebook.com\/R%c3%a9assurez-moi-209456495889479\/","og_image":[{"width":500,"height":160,"url":"https:\/\/guide.reassurez-moi.fr\/guide\/wp-content\/uploads\/2018\/04\/image-de-partage.png","type":"image\/png"}],"twitter_card":"summary_large_image","twitter_site":"@reassurezmoi","schema":{"@context":"https:\/\/schema.org","@graph":[{"@type":"WebPage","@id":"https:\/\/guide.reassurez-moi.fr\/guide\/mutuelle-sante\/remboursement\/medecin-non-traitant","url":"https:\/\/guide.reassurez-moi.fr\/guide\/mutuelle-sante\/remboursement\/medecin-non-traitant","name":"Remboursement m\u00e9decin non traitant | R\u00e9assurez-moi","isPartOf":{"@id":"https:\/\/guide.reassurez-moi.fr\/guide\/#website"},"datePublished":"2024-12-03T10:34:56+00:00","breadcrumb":{"@id":"https:\/\/guide.reassurez-moi.fr\/guide\/mutuelle-sante\/remboursement\/medecin-non-traitant#breadcrumb"},"inLanguage":"fr-FR","potentialAction":[{"@type":"ReadAction","target":["https:\/\/guide.reassurez-moi.fr\/guide\/mutuelle-sante\/remboursement\/medecin-non-traitant"]}]},{"@type":"BreadcrumbList","@id":"https:\/\/guide.reassurez-moi.fr\/guide\/mutuelle-sante\/remboursement\/medecin-non-traitant#breadcrumb","itemListElement":[{"@type":"ListItem","position":1,"name":"Assurances","item":"https:\/\/guide.reassurez-moi.fr\/guide\/"},{"@type":"ListItem","position":2,"name":"Mutuelle sant\u00e9","item":"https:\/\/guide.reassurez-moi.fr\/guide\/mutuelle-sante"},{"@type":"ListItem","position":3,"name":"Remboursement","item":"https:\/\/guide.reassurez-moi.fr\/guide\/mutuelle-sante\/remboursement"},{"@type":"ListItem","position":4,"name":"Remboursement m\u00e9decin non traitant"}]},{"@type":"WebSite","@id":"https:\/\/guide.reassurez-moi.fr\/guide\/#website","url":"https:\/\/guide.reassurez-moi.fr\/guide\/","name":"R\u00e9assurez-moi","description":"Comparateur d&#039;assurances","potentialAction":[{"@type":"SearchAction","target":{"@type":"EntryPoint","urlTemplate":"https:\/\/guide.reassurez-moi.fr\/guide\/?s={search_term_string}"},"query-input":{"@type":"PropertyValueSpecification","valueRequired":true,"valueName":"search_term_string"}}],"inLanguage":"fr-FR"}]}},"acf":[],"_links":{"self":[{"href":"https:\/\/guide.reassurez-moi.fr\/guide\/wp-json\/wp\/v2\/pages\/149968","targetHints":{"allow":["GET"]}}],"collection":[{"href":"https:\/\/guide.reassurez-moi.fr\/guide\/wp-json\/wp\/v2\/pages"}],"about":[{"href":"https:\/\/guide.reassurez-moi.fr\/guide\/wp-json\/wp\/v2\/types\/page"}],"author":[{"embeddable":true,"href":"https:\/\/guide.reassurez-moi.fr\/guide\/wp-json\/wp\/v2\/users\/61"}],"replies":[{"embeddable":true,"href":"https:\/\/guide.reassurez-moi.fr\/guide\/wp-json\/wp\/v2\/comments?post=149968"}],"version-history":[{"count":0,"href":"https:\/\/guide.reassurez-moi.fr\/guide\/wp-json\/wp\/v2\/pages\/149968\/revisions"}],"up":[{"embeddable":true,"href":"https:\/\/guide.reassurez-moi.fr\/guide\/wp-json\/wp\/v2\/pages\/148595"}],"wp:attachment":[{"href":"https:\/\/guide.reassurez-moi.fr\/guide\/wp-json\/wp\/v2\/media?parent=149968"}],"wp:term":[{"taxonomy":"category","embeddable":true,"href":"https:\/\/guide.reassurez-moi.fr\/guide\/wp-json\/wp\/v2\/categories?post=149968"},{"taxonomy":"page_topic","embeddable":true,"href":"https:\/\/guide.reassurez-moi.fr\/guide\/wp-json\/wp\/v2\/page_topic?post=149968"}],"curies":[{"name":"wp","href":"https:\/\/api.w.org\/{rel}","templated":true}]}}