{"id":149976,"date":"2024-12-03T11:35:05","date_gmt":"2024-12-03T10:35:05","guid":{"rendered":"https:\/\/reassurez-moi.fr\/guide\/mutuelle-sante\/remboursement\/echographie"},"modified":"2024-12-03T11:35:05","modified_gmt":"2024-12-03T10:35:05","slug":"echographie","status":"publish","type":"page","link":"https:\/\/guide.reassurez-moi.fr\/guide\/mutuelle-sante\/remboursement\/echographie","title":{"rendered":"Remboursement \u00e9chographie"},"content":{"rendered":"\n<h1 class=\"wp-block-heading\" id=\"prestation-majuscule-calcul-des-remboursements-de-la-securite-sociale\">\u00c9chographie : prix et remboursement en 2026<\/h1>\n\n\n\n<h2 class=\"wp-block-heading\" id=\"quel-est-le-prix-de-des-prestation-singulier-prestation-pluriel\">Quel est le prix une \u00e9chographie ?<\/h2>\n\n\n\n<p><strong>Le prix courant constat\u00e9<\/strong> pour une \u00e9chographie est de 60,00 \u20ac. En fonction des <a href=\"https:\/\/reassurez-moi.fr\/guide\/mutuelle-sante\/garanties\">garanties de votre mutuelle sant\u00e9<\/a> et de la <a href=\"https:\/\/reassurez-moi.fr\/guide\/mutuelle-sante\/base-de-remboursement-securite-sociale\">BRSS<\/a>, il est possible que vous puissiez obtenir un remboursement et avoir un <a href=\"https:\/\/reassurez-moi.fr\/guide\/mutuelle-sante\/reste-a-charge\">reste-\u00e0-charge<\/a> de z\u00e9ro. <\/p>\n\n\n\n<p><\/p>\n\n\n<div class=\"wp-block-buttons\">\n<div class=\"wp-block-button is-style-rm-button-blue\"><a class=\"wp-block-button__link\" href=\"\/guide\/mutuelle-sante\/remboursement\/simulateur-remboursement-mutuelle\">&#x1f449; Calcul remboursement mutuelle simulateur<\/a><\/div>\n<\/div>\n<!-- \/wp:buttons -->\n\n<!-- wp:paragraph -->\n<p><strong>Voici un tableau reprenant les principaux tarifs visibles<\/strong> sur le march\u00e9 de  \u00e9chographie  :<\/p>\n<!-- \/wp:paragraph -->\n\n<!-- wp:table {\"className\":\"is-style-header-double\"} -->\n<figure class=\"wp-block-table is-style-header-double\"><table><thead><tr><th><\/th><th class=\"has-text-align-center\" data-align=\"center\">Prix moyen<\/th><\/tr><\/thead><tbody><tr><td>\u00c9chographie Pelvienne <\/td><td class=\"has-text-align-center\" data-align=\"center\">52\u20ac<\/td><\/tr><tr><td>\u00c9chographie thyro\u00efdienne <\/td><td class=\"has-text-align-center\" data-align=\"center\">35\u20ac<\/td><\/tr><tr><td>\u00c9chographie testiculaire <\/td><td class=\"has-text-align-center\" data-align=\"center\">70\u20ac<\/td><\/tr><\/tbody><\/table><\/figure>\n<!-- \/wp:table -->\n<!-- wp:heading -->\n<h2 id=\"notre-avis-d-expert-sur-le-remboursement-de-des-prestation-singulier-prestation-pluriel\">Notre avis d&rsquo;expert sur le remboursement de  \u00e9chographie <\/h2>\n<!-- \/wp:heading -->\n\n<!-- wp:paragraph -->\n<p>L\u2019\u00e9chographie abdomino-pelvienne est une technique d\u2019imagerie m\u00e9dicale qui permet d\u2019observer gr\u00e2ce \u00e0 de ultrasons les organes localis\u00e9s dans l\u2019abdomen (reins, estomac, intestins et foie, \u2026 etc, on parle alors d\u2019\u00e9chographie abdominale) et le pelvis (ut\u00e9rus, rectum et vessie, on parle alors d\u2019\u00e9chographie pelvienne). Cette technique est notamment utilis\u00e9e chez la femme enceinte durant la grossesse.<br><br>Si la prestation est prescrite dans le cadre du parcours de soin, elle est prise en charge par l\u2019Assurance maladie \u00e0 hauteur de 70% du tarif de base.<br><br>De nombreux contrats de mutuelle prennent en charge la partie compl\u00e9mentaire. Nous donnons ici le tarif d&rsquo;une \u00e9chographie d&rsquo;une \u00e9chographie de muscle.<\/p>\n<!-- \/wp:paragraph -->\n\n<!-- wp:buttons {\"layout\":{\"type\":\"flex\",\"justifyContent\":\"center\"}} -->\n<div class=\"wp-block-buttons\"><!-- wp:button {\"className\":\"is-style-rm-button-orange\"} -->\n<div class=\"wp-block-button is-style-rm-button-orange\"><a class=\"wp-block-button__link\" href=\"\/devis-mutuelle-sante\">Comparer les offres et obtenir un devis<\/a><\/div>\n<!-- \/wp:button --><\/div>\n<!-- \/wp:buttons -->\n\n<!-- wp:heading -->\n<h2 id=\"quel-remboursement-de-des-prestation-singulier-prestation-pluriel-par-la-securite-sociale\">Quel remboursement de  \u00e9chographie  par la S\u00e9curit\u00e9 sociale ?<\/h2>\n<!-- \/wp:heading -->\n\n<!-- wp:paragraph -->\n<p>La S\u00e9curit\u00e9 Sociale rembourse une \u00e9chographie \u00e0 70 % de sa base de remboursement fix\u00e9e \u00e0 37,80 \u20ac. Vous serez donc rembours\u00e9 de 26,46 \u20ac. <br><br>Pour diminuer vos d\u00e9penses de sant\u00e9, il peut \u00eatre int\u00e9ressant de souscrire une mutuelle sant\u00e9 qui viendra compl\u00e9ter la part non prise en charge par la S\u00e9curit\u00e9 Sociale. <\/p>\n<!-- \/wp:paragraph -->\n\n<!-- wp:heading -->\n<h2 id=\"quel-remboursement-de-des-prestation-singulier-prestation-pluriel-par-la-mutuelle-sante\">Quel remboursement de  \u00e9chographie  par la mutuelle sant\u00e9 ?<\/h2>\n<!-- \/wp:heading -->\n\n<!-- wp:paragraph -->\n<p>Pour compl\u00e9ter les remboursements de la S\u00e9curit\u00e9 Sociale, nombreux sont ceux qui choisissent de souscrire une bonne mutuelle sant\u00e9. Celle-ci vous indemnisera tout ou partie (selon le contrat souscrit) du reste \u00e0 charge. <br><br>Les compl\u00e9mentaires sant\u00e9 ont deux moyens d\u2019exprimer le montant de votre remboursement : en forfait, ou en pourcentage. Dans le cas du forfait, votre mutuelle sant\u00e9 vous octroie une somme fixe \u00e0 d\u00e9penser tous les ans. Dans le cas du pourcentage, votre mutuelle vous rembourse selon un pourcentage de la base de remboursement de la S\u00e9curit\u00e9 Sociale. Plus ce pourcentage est \u00e9lev\u00e9, meilleur sera votre remboursement. <br><br>Pour trouver une mutuelle adapt\u00e9e \u00e0 vos besoins et \u00e0 vos d\u00e9penses de sant\u00e9, n&rsquo;h\u00e9sitez pas \u00e0 utliser notre comparateur en ligne et gratuit (en haut de cette page) pour obtenir rapidement un devis. En cas de besoin, nos experts seront disponibles par t\u00e9l\u00e9phone pour vous accompagner et vous conseiller.<\/p>\n<!-- \/wp:paragraph -->\n\n<!-- wp:acf\/mars-list-of-articles {\n    \"id\": \"block_5fca00ee88b41\",\n    \"name\": \"acf\\\/mars-list-of-articles\",\n    \"data\": {\n        \"display_all\": \"0\",\n        \"_display_all\": \"field_mars_latest_posts_display_all\",\n        \"parent\": \"\",\n        \"_parent\": \"field_mars_latest_posts_parent_page\",\n        \"max\": \"5\",\n        \"_max\": \"field_mars_latest_posts_max_nb_of_articles\",\n        \"type\": \"blocks_with_text\",\n        \"_type\": \"field_mars_latest_posts_display_type\",\n        \"column\": \"2\",\n        \"_column\": \"field_mars_latest_posts_block_column\",\n        \"word_count\": \"30\",\n        \"_word_count\": \"field_mars_latest_posts_word_count\",\n        \"filter_contains\": \"\",\n        \"_filter_contains\": \"field_mars_latest_posts_filter_contains\",\n        \"filter_does_not_contain\": \"\",\n        \"_filter_does_not_contain\": \"field_mars_latest_posts_filter_does_not_contain\",\n        \"post_type_to_fetch\": \"page\",\n        \"_post_type_to_fetch\": \"field_mars_latest_post_type_to_fetch\"\n    },\n    \"align\": \"\",\n    \"mode\": \"preview\"\n} \/-->","protected":false},"excerpt":{"rendered":"<p>\u00c9chographie : prix et remboursement en 2026 Quel est le prix une \u00e9chographie ? Le prix courant constat\u00e9 pour une \u00e9chographie est de 60,00 \u20ac. En fonction des garanties de votre mutuelle sant\u00e9 et de la BRSS, il est possible que vous puissiez obtenir un remboursement et avoir un reste-\u00e0-charge de z\u00e9ro. &#x1f449; Calcul remboursement [&hellip;]<\/p>\n","protected":false},"author":61,"featured_media":0,"parent":148595,"menu_order":0,"comment_status":"open","ping_status":"closed","template":"","meta":{"_acf_changed":false,"footnotes":""},"categories":[],"page_topic":[524],"class_list":["post-149976","page","type-page","status-publish","hentry"],"yoast_head":"<!-- This site is optimized with the Yoast SEO plugin v24.7 - https:\/\/yoast.com\/wordpress\/plugins\/seo\/ -->\n<title>\u00c9chographie : Prix et Remboursement 2026<\/title>\n<meta name=\"description\" content=\"Acc\u00e9dez en 1 clic au d\u00e9tail de vos remboursements \u00e9chographie - Outil en ligne 100 % gratuit + notre avis d&#039;expert ind\u00e9pendant !\" \/>\n<meta name=\"robots\" content=\"index, follow, max-snippet:-1, max-image-preview:large, max-video-preview:-1\" \/>\n<link rel=\"canonical\" href=\"https:\/\/guide.reassurez-moi.fr\/guide\/mutuelle-sante\/remboursement\/echographie\" \/>\n<meta property=\"og:locale\" content=\"fr_FR\" \/>\n<meta property=\"og:type\" content=\"article\" \/>\n<meta property=\"og:title\" content=\"\u00c9chographie : Prix et Remboursement %%currentyear%%\" \/>\n<meta property=\"og:description\" content=\"Acc\u00e9dez en 1 clic au d\u00e9tail de vos remboursements \u00e9chographie - Outil en ligne 100 % gratuit + notre avis d&#039;expert ind\u00e9pendant !\" \/>\n<meta property=\"og:url\" content=\"https:\/\/guide.reassurez-moi.fr\/guide\/mutuelle-sante\/remboursement\/echographie\" \/>\n<meta property=\"og:site_name\" content=\"R\u00e9assurez-moi\" \/>\n<meta property=\"article:publisher\" content=\"https:\/\/www.facebook.com\/R%c3%a9assurez-moi-209456495889479\/\" \/>\n<meta property=\"og:image\" content=\"https:\/\/guide.reassurez-moi.fr\/guide\/wp-content\/uploads\/2018\/04\/image-de-partage.png\" \/>\n\t<meta property=\"og:image:width\" content=\"500\" \/>\n\t<meta property=\"og:image:height\" content=\"160\" \/>\n\t<meta property=\"og:image:type\" content=\"image\/png\" \/>\n<meta name=\"twitter:card\" content=\"summary_large_image\" \/>\n<meta name=\"twitter:site\" content=\"@reassurezmoi\" \/>\n<script type=\"application\/ld+json\" class=\"yoast-schema-graph\">{\"@context\":\"https:\/\/schema.org\",\"@graph\":[{\"@type\":\"WebPage\",\"@id\":\"https:\/\/guide.reassurez-moi.fr\/guide\/mutuelle-sante\/remboursement\/echographie\",\"url\":\"https:\/\/guide.reassurez-moi.fr\/guide\/mutuelle-sante\/remboursement\/echographie\",\"name\":\"Remboursement \u00e9chographie | R\u00e9assurez-moi\",\"isPartOf\":{\"@id\":\"https:\/\/guide.reassurez-moi.fr\/guide\/#website\"},\"datePublished\":\"2024-12-03T10:35:05+00:00\",\"breadcrumb\":{\"@id\":\"https:\/\/guide.reassurez-moi.fr\/guide\/mutuelle-sante\/remboursement\/echographie#breadcrumb\"},\"inLanguage\":\"fr-FR\",\"potentialAction\":[{\"@type\":\"ReadAction\",\"target\":[\"https:\/\/guide.reassurez-moi.fr\/guide\/mutuelle-sante\/remboursement\/echographie\"]}]},{\"@type\":\"BreadcrumbList\",\"@id\":\"https:\/\/guide.reassurez-moi.fr\/guide\/mutuelle-sante\/remboursement\/echographie#breadcrumb\",\"itemListElement\":[{\"@type\":\"ListItem\",\"position\":1,\"name\":\"Assurances\",\"item\":\"https:\/\/guide.reassurez-moi.fr\/guide\/\"},{\"@type\":\"ListItem\",\"position\":2,\"name\":\"Mutuelle sant\u00e9\",\"item\":\"https:\/\/guide.reassurez-moi.fr\/guide\/mutuelle-sante\"},{\"@type\":\"ListItem\",\"position\":3,\"name\":\"Remboursement\",\"item\":\"https:\/\/guide.reassurez-moi.fr\/guide\/mutuelle-sante\/remboursement\"},{\"@type\":\"ListItem\",\"position\":4,\"name\":\"Remboursement \u00e9chographie\"}]},{\"@type\":\"WebSite\",\"@id\":\"https:\/\/guide.reassurez-moi.fr\/guide\/#website\",\"url\":\"https:\/\/guide.reassurez-moi.fr\/guide\/\",\"name\":\"R\u00e9assurez-moi\",\"description\":\"Comparateur d&#039;assurances\",\"potentialAction\":[{\"@type\":\"SearchAction\",\"target\":{\"@type\":\"EntryPoint\",\"urlTemplate\":\"https:\/\/guide.reassurez-moi.fr\/guide\/?s={search_term_string}\"},\"query-input\":{\"@type\":\"PropertyValueSpecification\",\"valueRequired\":true,\"valueName\":\"search_term_string\"}}],\"inLanguage\":\"fr-FR\"}]}<\/script>\n<!-- \/ Yoast SEO plugin. -->","yoast_head_json":{"title":"\u00c9chographie : Prix et Remboursement 2026","description":"Acc\u00e9dez en 1 clic au d\u00e9tail de vos remboursements \u00e9chographie - Outil en ligne 100 % gratuit + notre avis d'expert ind\u00e9pendant !","robots":{"index":"index","follow":"follow","max-snippet":"max-snippet:-1","max-image-preview":"max-image-preview:large","max-video-preview":"max-video-preview:-1"},"canonical":"https:\/\/guide.reassurez-moi.fr\/guide\/mutuelle-sante\/remboursement\/echographie","og_locale":"fr_FR","og_type":"article","og_title":"\u00c9chographie : Prix et Remboursement %%currentyear%%","og_description":"Acc\u00e9dez en 1 clic au d\u00e9tail de vos remboursements \u00e9chographie - Outil en ligne 100 % gratuit + notre avis d'expert ind\u00e9pendant !","og_url":"https:\/\/guide.reassurez-moi.fr\/guide\/mutuelle-sante\/remboursement\/echographie","og_site_name":"R\u00e9assurez-moi","article_publisher":"https:\/\/www.facebook.com\/R%c3%a9assurez-moi-209456495889479\/","og_image":[{"width":500,"height":160,"url":"https:\/\/guide.reassurez-moi.fr\/guide\/wp-content\/uploads\/2018\/04\/image-de-partage.png","type":"image\/png"}],"twitter_card":"summary_large_image","twitter_site":"@reassurezmoi","schema":{"@context":"https:\/\/schema.org","@graph":[{"@type":"WebPage","@id":"https:\/\/guide.reassurez-moi.fr\/guide\/mutuelle-sante\/remboursement\/echographie","url":"https:\/\/guide.reassurez-moi.fr\/guide\/mutuelle-sante\/remboursement\/echographie","name":"Remboursement \u00e9chographie | R\u00e9assurez-moi","isPartOf":{"@id":"https:\/\/guide.reassurez-moi.fr\/guide\/#website"},"datePublished":"2024-12-03T10:35:05+00:00","breadcrumb":{"@id":"https:\/\/guide.reassurez-moi.fr\/guide\/mutuelle-sante\/remboursement\/echographie#breadcrumb"},"inLanguage":"fr-FR","potentialAction":[{"@type":"ReadAction","target":["https:\/\/guide.reassurez-moi.fr\/guide\/mutuelle-sante\/remboursement\/echographie"]}]},{"@type":"BreadcrumbList","@id":"https:\/\/guide.reassurez-moi.fr\/guide\/mutuelle-sante\/remboursement\/echographie#breadcrumb","itemListElement":[{"@type":"ListItem","position":1,"name":"Assurances","item":"https:\/\/guide.reassurez-moi.fr\/guide\/"},{"@type":"ListItem","position":2,"name":"Mutuelle sant\u00e9","item":"https:\/\/guide.reassurez-moi.fr\/guide\/mutuelle-sante"},{"@type":"ListItem","position":3,"name":"Remboursement","item":"https:\/\/guide.reassurez-moi.fr\/guide\/mutuelle-sante\/remboursement"},{"@type":"ListItem","position":4,"name":"Remboursement \u00e9chographie"}]},{"@type":"WebSite","@id":"https:\/\/guide.reassurez-moi.fr\/guide\/#website","url":"https:\/\/guide.reassurez-moi.fr\/guide\/","name":"R\u00e9assurez-moi","description":"Comparateur d&#039;assurances","potentialAction":[{"@type":"SearchAction","target":{"@type":"EntryPoint","urlTemplate":"https:\/\/guide.reassurez-moi.fr\/guide\/?s={search_term_string}"},"query-input":{"@type":"PropertyValueSpecification","valueRequired":true,"valueName":"search_term_string"}}],"inLanguage":"fr-FR"}]}},"acf":[],"_links":{"self":[{"href":"https:\/\/guide.reassurez-moi.fr\/guide\/wp-json\/wp\/v2\/pages\/149976","targetHints":{"allow":["GET"]}}],"collection":[{"href":"https:\/\/guide.reassurez-moi.fr\/guide\/wp-json\/wp\/v2\/pages"}],"about":[{"href":"https:\/\/guide.reassurez-moi.fr\/guide\/wp-json\/wp\/v2\/types\/page"}],"author":[{"embeddable":true,"href":"https:\/\/guide.reassurez-moi.fr\/guide\/wp-json\/wp\/v2\/users\/61"}],"replies":[{"embeddable":true,"href":"https:\/\/guide.reassurez-moi.fr\/guide\/wp-json\/wp\/v2\/comments?post=149976"}],"version-history":[{"count":0,"href":"https:\/\/guide.reassurez-moi.fr\/guide\/wp-json\/wp\/v2\/pages\/149976\/revisions"}],"up":[{"embeddable":true,"href":"https:\/\/guide.reassurez-moi.fr\/guide\/wp-json\/wp\/v2\/pages\/148595"}],"wp:attachment":[{"href":"https:\/\/guide.reassurez-moi.fr\/guide\/wp-json\/wp\/v2\/media?parent=149976"}],"wp:term":[{"taxonomy":"category","embeddable":true,"href":"https:\/\/guide.reassurez-moi.fr\/guide\/wp-json\/wp\/v2\/categories?post=149976"},{"taxonomy":"page_topic","embeddable":true,"href":"https:\/\/guide.reassurez-moi.fr\/guide\/wp-json\/wp\/v2\/page_topic?post=149976"}],"curies":[{"name":"wp","href":"https:\/\/api.w.org\/{rel}","templated":true}]}}