{"id":150260,"date":"2022-02-21T22:31:20","date_gmt":"2022-02-21T21:31:20","guid":{"rendered":"https:\/\/reassurez-moi.fr\/guide\/assurance-moto\/matmut"},"modified":"2022-02-21T22:31:20","modified_gmt":"2022-02-21T21:31:20","slug":"matmut","status":"publish","type":"page","link":"https:\/\/guide.reassurez-moi.fr\/guide\/assurance-moto\/matmut","title":{"rendered":"Assurance moto Matmut"},"content":{"rendered":"\n<h1 class=\"wp-block-heading\" id=\"assurance-moto-nom-acteur\">Assurance moto Matmut<\/h1>\n\n\n\n<p><strong>L\u2019assurance moto est obligatoire d\u00e8s lors que vous poss\u00e9dez ou utilisez un v\u00e9hicule \u00e0 deux roues. D\u00e9couvrez les formules, garanties, tarifs et solutions d\u2019assistance&nbsp;propos\u00e9es, ainsi que notre avis sur Matmut.<\/strong><\/p>\n\n\n\n<h2 class=\"wp-block-heading\" id=\"quelles-sont-les-garanties-de-l-assurance-moto-nom-acteur\">Quelles sont les garanties de l&rsquo;assurance moto Matmut ?<\/h2>\n\n\n\n<p><strong>En France, tout v\u00e9hicule terrestre \u00e0 moteur doit \u00eatre assur\u00e9<\/strong>, sous peine d\u2019\u00eatre lourdement sanctionn\u00e9 en cas de contr\u00f4le ou de sinistre. Vous devez a minima justifier d\u2019une garantie Responsabilit\u00e9 Civile (RC), comprise dans toutes les formules d\u2019assurance 2 roues disponibles sur le march\u00e9.<\/p>\n\n\n\n<p><strong>Pour que vous puissiez en savoir plus sur les garanties propos\u00e9es ou non par Matmut, nous avons r\u00e9alis\u00e9 le tableau r\u00e9capitulatif suivant :<\/strong><\/p>\n\n\n\n<figure class=\"wp-block-table is-style-header-double\"><table><thead><tr><th><\/th><th class=\"has-text-align-center\" data-align=\"center\">Tiers<\/th><th class=\"has-text-align-center\" data-align=\"center\">Tiers Bris Vol Incendie<\/th><th class=\"has-text-align-center\" data-align=\"center\">Urbaine Collision<\/th><th class=\"has-text-align-center\" data-align=\"center\">Tous risques<\/th><\/tr><\/thead><tbody><tr><td>Responsabilit\u00e9 Civile<\/td><td class=\"has-text-align-center\" data-align=\"center\"><i\n    class=\"safe-shortcode-icon\n                    yes\n            \"\n                                    title=oui\n            >\n<\/i><\/td><td class=\"has-text-align-center\" data-align=\"center\"><i\n    class=\"safe-shortcode-icon\n                    yes\n            \"\n                                    title=oui\n            >\n<\/i><\/td><td class=\"has-text-align-center\" data-align=\"center\"><i\n    class=\"safe-shortcode-icon\n                    yes\n            \"\n                                    title=oui\n            >\n<\/i><\/td><td class=\"has-text-align-center\" data-align=\"center\"><i\n    class=\"safe-shortcode-icon\n                    yes\n            \"\n                                    title=oui\n            >\n<\/i><\/td><\/tr><tr><td>Bris de glace<\/td><td class=\"has-text-align-center\" data-align=\"center\"><i\n    class=\"safe-shortcode-icon\n                    no\n            \"\n                                    title=non\n            >\n<\/i><\/td><td class=\"has-text-align-center\" data-align=\"center\"><i\n    class=\"safe-shortcode-icon\n                    yes\n            \"\n                                    title=oui\n            >\n<\/i><\/td><td class=\"has-text-align-center\" data-align=\"center\"><i\n    class=\"safe-shortcode-icon\n                    yes\n            \"\n                                    title=oui\n            >\n<\/i><\/td><td class=\"has-text-align-center\" data-align=\"center\"><i\n    class=\"safe-shortcode-icon\n                    yes\n            \"\n                                    title=oui\n            >\n<\/i><\/td><\/tr><tr><td>Vol<\/td><td class=\"has-text-align-center\" data-align=\"center\"><i\n    class=\"safe-shortcode-icon\n                    no\n            \"\n                                    title=non\n            >\n<\/i><\/td><td class=\"has-text-align-center\" data-align=\"center\"><i\n    class=\"safe-shortcode-icon\n                    yes\n            \"\n                                    title=oui\n            >\n<\/i><\/td><td class=\"has-text-align-center\" data-align=\"center\"><i\n    class=\"safe-shortcode-icon\n                    yes\n            \"\n                                    title=oui\n            >\n<\/i><\/td><td class=\"has-text-align-center\" data-align=\"center\"><i\n    class=\"safe-shortcode-icon\n                    yes\n            \"\n                                    title=oui\n            >\n<\/i><\/td><\/tr><tr><td>Incendie<\/td><td class=\"has-text-align-center\" data-align=\"center\"><i\n    class=\"safe-shortcode-icon\n                    no\n            \"\n                                    title=non\n            >\n<\/i><\/td><td class=\"has-text-align-center\" data-align=\"center\"><i\n    class=\"safe-shortcode-icon\n                    yes\n            \"\n                                    title=oui\n            >\n<\/i><\/td><td class=\"has-text-align-center\" data-align=\"center\"><i\n    class=\"safe-shortcode-icon\n                    yes\n            \"\n                                    title=oui\n            >\n<\/i><\/td><td class=\"has-text-align-center\" data-align=\"center\"><i\n    class=\"safe-shortcode-icon\n                    yes\n            \"\n                                    title=oui\n            >\n<\/i><\/td><\/tr><tr><td>Tous accidents<\/td><td class=\"has-text-align-center\" data-align=\"center\"><i\n    class=\"safe-shortcode-icon\n                    yes\n            \"\n                                    title=oui\n            >\n<\/i><\/td><td class=\"has-text-align-center\" data-align=\"center\"><i\n    class=\"safe-shortcode-icon\n                    yes\n            \"\n                                    title=oui\n            >\n<\/i><\/td><td class=\"has-text-align-center\" data-align=\"center\"><i\n    class=\"safe-shortcode-icon\n                    yes\n            \"\n                                    title=oui\n            >\n<\/i><\/td><td class=\"has-text-align-center\" data-align=\"center\"><i\n    class=\"safe-shortcode-icon\n                    yes\n            \"\n                                    title=oui\n            >\n<\/i><\/td><\/tr><tr><td>D\u00e9fense \/ Protection du conducteur<\/td><td class=\"has-text-align-center\" data-align=\"center\"><i\n    class=\"safe-shortcode-icon\n                    yes\n            \"\n                                    title=oui\n            >\n<\/i><\/td><td class=\"has-text-align-center\" data-align=\"center\"><i\n    class=\"safe-shortcode-icon\n                    yes\n            \"\n                                    title=oui\n            >\n<\/i><\/td><td class=\"has-text-align-center\" data-align=\"center\"><i\n    class=\"safe-shortcode-icon\n                    yes\n            \"\n                                    title=oui\n            >\n<\/i><\/td><td class=\"has-text-align-center\" data-align=\"center\"><i\n    class=\"safe-shortcode-icon\n                    yes\n            \"\n                                    title=oui\n            >\n<\/i><\/td><\/tr><tr><td>Dommages aux v\u00e9hicules<\/td><td class=\"has-text-align-center\" data-align=\"center\"><i\n    class=\"safe-shortcode-icon\n                    no\n            \"\n                                    title=non\n            >\n<\/i><\/td><td class=\"has-text-align-center\" data-align=\"center\"><i\n    class=\"safe-shortcode-icon\n                    no\n            \"\n                                    title=non\n            >\n<\/i><\/td><td class=\"has-text-align-center\" data-align=\"center\"><i\n    class=\"safe-shortcode-icon\n                    yes\n            \"\n                                    title=oui\n            >\n<\/i><\/td><td class=\"has-text-align-center\" data-align=\"center\"><i\n    class=\"safe-shortcode-icon\n                    yes\n            \"\n                                    title=oui\n            >\n<\/i><\/td><\/tr><\/tbody><\/table><\/figure>\n\n\n\n<p><strong>Des garanties de \u00ab\u00a0confort\u00a0\u00bb et assistance :<\/strong><\/p>\n\n\n\n<figure class=\"wp-block-table is-style-header-double\"><table><thead><tr><th><\/th><th class=\"has-text-align-center\" data-align=\"center\">Tiers<\/th><th class=\"has-text-align-center\" data-align=\"center\">Tiers Bris Vol Incendie<\/th><th class=\"has-text-align-center\" data-align=\"center\">Urbaine Collision<\/th><th class=\"has-text-align-center\" data-align=\"center\">Tous risques<\/th><\/tr><\/thead><tbody><tr><td>\u00c9quipement du motard<\/td><td class=\"has-text-align-center\" data-align=\"center\"><i\n    class=\"safe-shortcode-icon\n                    no\n            \"\n                                    title=non\n            >\n<\/i><\/td><td class=\"has-text-align-center\" data-align=\"center\"><i\n    class=\"safe-shortcode-icon\n                    no\n            \"\n                                    title=non\n            >\n<\/i><\/td><td class=\"has-text-align-center\" data-align=\"center\"><i\n    class=\"safe-shortcode-icon\n                    yes\n            \"\n                                    title=oui\n            >\n<\/i><\/td><td class=\"has-text-align-center\" data-align=\"center\"><i\n    class=\"safe-shortcode-icon\n                    yes\n            \"\n                                    title=oui\n            >\n<\/i><\/td><\/tr><tr><td>V\u00e9hicule de remplacement<\/td><td class=\"has-text-align-center\" data-align=\"center\"><i\n    class=\"safe-shortcode-icon\n                    no\n            \"\n                                    title=non\n            >\n<\/i><\/td><td class=\"has-text-align-center\" data-align=\"center\"><i\n    class=\"safe-shortcode-icon\n                    no\n            \"\n                                    title=non\n            >\n<\/i><\/td><td class=\"has-text-align-center\" data-align=\"center\"><i\n    class=\"safe-shortcode-icon\n                    yes\n            \"\n                                    title=oui\n            >\n<\/i><\/td><td class=\"has-text-align-center\" data-align=\"center\"><i\n    class=\"safe-shortcode-icon\n                    yes\n            \"\n                                    title=oui\n            >\n<\/i><\/td><\/tr><tr><td>Protection juridique<\/td><td class=\"has-text-align-center\" data-align=\"center\"><i\n    class=\"safe-shortcode-icon\n                    yes\n            \"\n                                    title=oui\n            >\n<\/i><\/td><td class=\"has-text-align-center\" data-align=\"center\"><i\n    class=\"safe-shortcode-icon\n                    yes\n            \"\n                                    title=oui\n            >\n<\/i><\/td><td class=\"has-text-align-center\" data-align=\"center\"><i\n    class=\"safe-shortcode-icon\n                    yes\n            \"\n                                    title=oui\n            >\n<\/i><\/td><td class=\"has-text-align-center\" data-align=\"center\"><i\n    class=\"safe-shortcode-icon\n                    yes\n            \"\n                                    title=oui\n            >\n<\/i><\/td><\/tr><\/tbody><\/table><\/figure>\n\n\n\n<h3 id=\"conditions-generales-de-l-assurance-moto-nom-acteur\">Conditions g\u00e9n\u00e9rales de l&rsquo;assurance moto Matmut<\/h3>\n<!-- \/wp:post-content -->\n\n<!-- wp:paragraph -->\n<p><strong>Les conditions g\u00e9n\u00e9rales vous sont fournies lorsque vous souscrivez&nbsp;votre&nbsp;contrat d\u2019assurance moto.<\/strong>&nbsp;Vous pouvez aussi \u00e0 tout moment les demander \u00e0 votre service client, qui vous les enverra par voie postale ou \u00e9lectronique. Enfin, vous pouvez les r\u00e9cup\u00e9rer dans votre espace client en ligne.<\/p>\n<!-- \/wp:paragraph -->\n\n<!-- wp:paragraph {\"align\":\"center\"} -->\n<p class=\"has-text-align-center\"><strong><a href=\"https:\/\/guide.reassurez-moi.fr\/guide\/wp-content\/uploads\/2019\/08\/matmut-cg-assurance-moto-2-roues.pdf\">T\u00e9l\u00e9charger les conditions g\u00e9n\u00e9rales de l&rsquo;assurance moto Matmut :<\/a><\/strong><\/p>\n<!-- \/wp:paragraph -->\n\n<!-- wp:image {\"align\":\"center\",\"id\":131404,\"width\":120,\"height\":120,\"sizeSlug\":\"large\"} -->\n<div class=\"wp-block-image\"><figure class=\"aligncenter size-large is-resized\"><a href=\"https:\/\/guide.reassurez-moi.fr\/guide\/wp-content\/uploads\/2019\/08\/matmut-cg-assurance-moto-2-roues.pdf\"><img loading=\"lazy\" decoding=\"async\" src=\"https:\/\/guide.reassurez-moi.fr\/guide\/wp-content\/uploads\/2020\/07\/conditions-generales.jpg\" alt=\"conditions generales\" class=\"wp-image-131404\" width=\"120\" height=\"120\"\/><\/a><\/figure><\/div>\n<!-- \/wp:image -->\n<!-- wp:heading -->\n<h2 id=\"quel-est-notre-avis-sur-l-assurance-deux-roues-nom-acteur\">Quel est notre avis sur l&rsquo;assurance deux-roues Matmut ?<\/h2>\n<!-- \/wp:heading -->\n\n<!-- wp:paragraph -->\n<p><p>Notre avis sur l\u2019assurance deux roues Matmut est plut\u00f4t positif. L\u2019offre de l\u2019assureur est compos\u00e9e de 4 formules, de la protection au tiers \u00e0 la formule tous risques. Les garanties de base sont selon nous compl\u00e8tes : RC, protection juridique suite \u00e0 accident, de nombreux dommages au 2 roues\u2026<\/p>\n<p>Il n\u2019y a pas de franchise kilom\u00e9trique en cas d\u2019accident, ce qui est appr\u00e9ciable.<\/p>\n<p>L\u2019indemnisation \u00e0 valeur d\u2019achat est disponible d\u00e8s la seconde formule pour le vol et l\u2019incendie, et d\u00e8s la formule Urbaine Collision en cas d\u2019accident. Le v\u00e9hicule de remplacement est \u00e9galement inclus d\u2019office d\u00e8s la 3e formule. Le nombre de garanties optionnelles est cependant limit\u00e9 : seules 3 sont propos\u00e9es, et ce, quelle que soit la formule.<\/p>\n<p>Des r\u00e9ductions sont pr\u00e9vues par la Matmut pour ses assur\u00e9s : bonus, \u00e9co-r\u00e9ductions, etc.<\/p>\n<p>Les prestations de ce contrat sont dans l\u2019ensemble avantageuses. Les informations \u00e0 disposition sur le site de la Matmut sont \u00e9toff\u00e9es : on peut en effet y trouver le d\u00e9tail des diff\u00e9rents niveaux de couverture, mais aussi le d\u00e9tail de l\u2019assistance pr\u00e9vue par la Matmut, les r\u00e9ductions, etc. Aucune simulation en ligne n\u2019est possible mais vous pouvez demander un devis directement en quelques clics. <\/p><\/p>\n<!-- \/wp:paragraph -->\n\n<!-- wp:heading -->\n<h2 id=\"quel-est-le-prix-de-l-assurance-moto-nom-acteur\">Quel est le prix de l&rsquo;assurance moto Matmut ?<\/h2>\n<!-- \/wp:heading -->\n\n<!-- wp:paragraph -->\n<p><strong>Le co\u00fbt d\u2019une assurance moto est tr\u00e8s variable car il calcul\u00e9 selon plusieurs crit\u00e8res :<\/strong><\/p>\n<!-- \/wp:paragraph -->\n\n<!-- wp:list -->\n<ul><li>les garanties choisies (incendie, vol, protection juridique, etc.) ;<\/li><li>le niveau de garanties choisi ;<\/li><li>le lieu de r\u00e9sidence de l\u2019assur\u00e9 (et s\u2019il d\u00e9tient un parking) ;<\/li><li>l\u2019\u00e2ge de l\u2019assur\u00e9&nbsp;;<\/li><li>le mod\u00e8le et la puissance de la moto ;<\/li><li>les ant\u00e9c\u00e9dents de l\u2019assur\u00e9 (bonus-malus).<\/li><\/ul>\n<!-- \/wp:list -->\n\n<p><strong>Malheureusement, Matmut ne transmet pas ses tarifs d&rsquo;assurance moto.<\/strong> Pour les obtenir, il vous que vous les demandiez aupr\u00e8s d&rsquo;un conseiller ou en obtenant un devis en ligne.<\/p>\n<!-- \/wp:paragraph -->\n\n<!-- wp:heading -->\n<h2 id=\"comment-contacter-l-assurance-moto-nom-acteur\">Comment contacter l&rsquo;assurance moto Matmut ?<\/h2>\n<!-- \/wp:heading -->\n\n<!-- wp:paragraph -->\n<p><strong>Pour toute information compl\u00e9mentaire sur l&rsquo;assurance Matmut, rendez-vous sur leur site internet.<\/strong> Vous pouvez aussi contacter Matmut :<\/p>\n<!-- \/wp:paragraph -->\n\n<p><strong>Par t\u00e9l\u00e9phone, au <\/strong>: &lt;p&gt;02 35 03 68 68, du lundi au vendredi de 8h \u00e0 19h, et le samedi de 9h \u00e0 17h.&lt;\/p&gt;<\/p>\n<!-- \/wp:paragraph -->\n\n<!-- wp:heading -->\n<h2 id=\"nom-acteur-la-meilleure-assurance-moto\">Matmut, la meilleure assurance moto ? <\/h2>\n<!-- \/wp:heading -->\n\n<!-- wp:paragraph -->\n<p><strong>Comparez l\u2019assurance moto Matmut aux autres assurances deux-roues en simulant un devis imm\u00e9diat<\/strong>, vous obtiendrez un comparatif de tous les assureurs avec un acc\u00e8s aux tarifs pratiqu\u00e9s et aux garanties qui conviennent \u00e0 votre recherche :<\/p>\n<!-- \/wp:paragraph -->\n\n<!-- wp:spacer {\"height\":\"20px\"} -->\n<div style=\"height:20px\" aria-hidden=\"true\" class=\"wp-block-spacer\"><\/div>\n<!-- \/wp:spacer -->\n\n<!-- wp:shortcode -->\n\n<div class=\"wp-block-rm-advertizing-block fix-in-sidebar advertising-block-sidebar-item\">\n    <div class=\"image-container flex justify-center align-items-center\">\n        <img decoding=\"async\" src=\"https:\/\/guide.reassurez-moi.fr\/guide\/wp-content\/uploads\/2025\/06\/team_opti_short.png\"\n             alt=\"reassurez-moi illustration\"\n             class=\"wp-block-rm-advertizing-image\"\n             loading=\"lazy\"\n        \/>\n    <\/div>\n    <div class=\"rm-advertblock-container flex flex-column justify-center align-items-start\">\n        <p class=\"wp-block-rm-advertizing-text\">\n            Assurance moto\n        <\/p>\n        <p class=\"wp-block-rm-advertizing-sub-text\">\n            les meilleures offres 2026\n        <\/p>\n        <a\n            href=\"https:\/\/reassurez-moi.fr\/guide\/assurance-moto\"\n            class=\"wp-block-rm-advertizing-button\"\n        >\n            <span class=\"wp-block-rm-advertizing-button-text\">\n                Comparer\n            <\/span>\n            <span class=\"wp-block-rm-advertizing-button-sub-text\">\n                les assurances moto\n            <\/span>\n        <\/a>\n    <\/div>\n<\/div>\n\n<!-- \/wp:shortcode -->\n\n<!-- wp:spacer {\"height\":\"40px\"} -->\n<div style=\"height:40px\" aria-hidden=\"true\" class=\"wp-block-spacer\"><\/div>\n<!-- \/wp:spacer -->\n\n<!-- wp:quote -->\n<blockquote class=\"wp-block-quote\"><p><em><span class=\"has-small-font-size\">En tant que courtier d&rsquo;assurance, notre mission est de vous informer et de vous conseiller sur les offres d&rsquo;assurance propos\u00e9es sur le march\u00e9. Ces fiches conseils ont pour objet de vous pr\u00e9senter les produits de nos <a href=\"https:\/\/reassurez-moi.fr\/guide\/cgu-cgv#MISE_EN_RELATION_AVEC_LES_PARTENAIRES\">assureurs partenaires<\/a> comme ceux avec lesquels nous n&rsquo;entretenons pas de liens.\u00a0Ces fiches vous donnent notre\u00a0analyse\u00a0objective\u00a0sur les contrats d&rsquo;assurance\u00a0mais aussi\u00a0des\u00a0informations sur les formalit\u00e9s d&rsquo;adh\u00e9sion.<\/span><\/em><\/p><\/blockquote>\n<!-- \/wp:quote -->","protected":false},"excerpt":{"rendered":"<p>Assurance moto Matmut L\u2019assurance moto est obligatoire d\u00e8s lors que vous poss\u00e9dez ou utilisez un v\u00e9hicule \u00e0 deux roues. D\u00e9couvrez les formules, garanties, tarifs et solutions d\u2019assistance&nbsp;propos\u00e9es, ainsi que notre avis sur Matmut. Quelles sont les garanties de l&rsquo;assurance moto Matmut ? En France, tout v\u00e9hicule terrestre \u00e0 moteur doit \u00eatre assur\u00e9, sous peine d\u2019\u00eatre [&hellip;]<\/p>\n","protected":false},"author":61,"featured_media":0,"parent":17219,"menu_order":0,"comment_status":"open","ping_status":"closed","template":"","meta":{"_acf_changed":false,"footnotes":""},"categories":[],"page_topic":[581],"class_list":["post-150260","page","type-page","status-publish","hentry"],"yoast_head":"<!-- This site is optimized with the Yoast SEO plugin v24.7 - https:\/\/yoast.com\/wordpress\/plugins\/seo\/ -->\n<title>Notre avis sur l&#039;assurance moto Matmut | Garanties, comparatif et tarif <\/title>\n<meta name=\"description\" content=\"L&#039;assurance moto Matmut en d\u00e9tails - Prix et garanties - Devis en ligne 100 % gratuits !\" \/>\n<meta name=\"robots\" content=\"index, follow, max-snippet:-1, max-image-preview:large, max-video-preview:-1\" \/>\n<link rel=\"canonical\" href=\"https:\/\/guide.reassurez-moi.fr\/guide\/assurance-moto\/matmut\" \/>\n<meta property=\"og:locale\" content=\"fr_FR\" \/>\n<meta property=\"og:type\" content=\"article\" \/>\n<meta property=\"og:title\" content=\"Notre avis sur l&#039;assurance moto Matmut | Garanties, comparatif et tarif\" \/>\n<meta property=\"og:description\" content=\"L&#039;assurance moto Matmut en d\u00e9tails - Prix et garanties - Devis en ligne 100 % gratuits !\" \/>\n<meta property=\"og:url\" content=\"https:\/\/guide.reassurez-moi.fr\/guide\/assurance-moto\/matmut\" \/>\n<meta property=\"og:site_name\" content=\"R\u00e9assurez-moi\" \/>\n<meta property=\"article:publisher\" content=\"https:\/\/www.facebook.com\/R%c3%a9assurez-moi-209456495889479\/\" \/>\n<meta property=\"og:image\" content=\"https:\/\/guide.reassurez-moi.fr\/guide\/wp-content\/uploads\/2018\/04\/image-de-partage.png\" \/>\n\t<meta property=\"og:image:width\" content=\"500\" \/>\n\t<meta property=\"og:image:height\" content=\"160\" \/>\n\t<meta property=\"og:image:type\" content=\"image\/png\" \/>\n<meta name=\"twitter:card\" content=\"summary_large_image\" \/>\n<meta name=\"twitter:site\" content=\"@reassurezmoi\" \/>\n<script type=\"application\/ld+json\" class=\"yoast-schema-graph\">{\"@context\":\"https:\/\/schema.org\",\"@graph\":[{\"@type\":\"WebPage\",\"@id\":\"https:\/\/guide.reassurez-moi.fr\/guide\/assurance-moto\/matmut\",\"url\":\"https:\/\/guide.reassurez-moi.fr\/guide\/assurance-moto\/matmut\",\"name\":\"Assurance moto Matmut | R\u00e9assurez-moi\",\"isPartOf\":{\"@id\":\"https:\/\/guide.reassurez-moi.fr\/guide\/#website\"},\"datePublished\":\"2022-02-21T21:31:20+00:00\",\"breadcrumb\":{\"@id\":\"https:\/\/guide.reassurez-moi.fr\/guide\/assurance-moto\/matmut#breadcrumb\"},\"inLanguage\":\"fr-FR\",\"potentialAction\":[{\"@type\":\"ReadAction\",\"target\":[\"https:\/\/guide.reassurez-moi.fr\/guide\/assurance-moto\/matmut\"]}]},{\"@type\":\"BreadcrumbList\",\"@id\":\"https:\/\/guide.reassurez-moi.fr\/guide\/assurance-moto\/matmut#breadcrumb\",\"itemListElement\":[{\"@type\":\"ListItem\",\"position\":1,\"name\":\"Assurances\",\"item\":\"https:\/\/guide.reassurez-moi.fr\/guide\/\"},{\"@type\":\"ListItem\",\"position\":2,\"name\":\"Comparateur assurance moto\",\"item\":\"https:\/\/guide.reassurez-moi.fr\/guide\/assurance-moto\"},{\"@type\":\"ListItem\",\"position\":3,\"name\":\"Assurance moto Matmut\"}]},{\"@type\":\"WebSite\",\"@id\":\"https:\/\/guide.reassurez-moi.fr\/guide\/#website\",\"url\":\"https:\/\/guide.reassurez-moi.fr\/guide\/\",\"name\":\"R\u00e9assurez-moi\",\"description\":\"Comparateur d&#039;assurances\",\"potentialAction\":[{\"@type\":\"SearchAction\",\"target\":{\"@type\":\"EntryPoint\",\"urlTemplate\":\"https:\/\/guide.reassurez-moi.fr\/guide\/?s={search_term_string}\"},\"query-input\":{\"@type\":\"PropertyValueSpecification\",\"valueRequired\":true,\"valueName\":\"search_term_string\"}}],\"inLanguage\":\"fr-FR\"}]}<\/script>\n<!-- \/ Yoast SEO plugin. -->","yoast_head_json":{"title":"Notre avis sur l'assurance moto Matmut | Garanties, comparatif et tarif ","description":"L'assurance moto Matmut en d\u00e9tails - Prix et garanties - Devis en ligne 100 % gratuits !","robots":{"index":"index","follow":"follow","max-snippet":"max-snippet:-1","max-image-preview":"max-image-preview:large","max-video-preview":"max-video-preview:-1"},"canonical":"https:\/\/guide.reassurez-moi.fr\/guide\/assurance-moto\/matmut","og_locale":"fr_FR","og_type":"article","og_title":"Notre avis sur l'assurance moto Matmut | Garanties, comparatif et tarif","og_description":"L'assurance moto Matmut en d\u00e9tails - Prix et garanties - Devis en ligne 100 % gratuits !","og_url":"https:\/\/guide.reassurez-moi.fr\/guide\/assurance-moto\/matmut","og_site_name":"R\u00e9assurez-moi","article_publisher":"https:\/\/www.facebook.com\/R%c3%a9assurez-moi-209456495889479\/","og_image":[{"width":500,"height":160,"url":"https:\/\/guide.reassurez-moi.fr\/guide\/wp-content\/uploads\/2018\/04\/image-de-partage.png","type":"image\/png"}],"twitter_card":"summary_large_image","twitter_site":"@reassurezmoi","schema":{"@context":"https:\/\/schema.org","@graph":[{"@type":"WebPage","@id":"https:\/\/guide.reassurez-moi.fr\/guide\/assurance-moto\/matmut","url":"https:\/\/guide.reassurez-moi.fr\/guide\/assurance-moto\/matmut","name":"Assurance moto Matmut | R\u00e9assurez-moi","isPartOf":{"@id":"https:\/\/guide.reassurez-moi.fr\/guide\/#website"},"datePublished":"2022-02-21T21:31:20+00:00","breadcrumb":{"@id":"https:\/\/guide.reassurez-moi.fr\/guide\/assurance-moto\/matmut#breadcrumb"},"inLanguage":"fr-FR","potentialAction":[{"@type":"ReadAction","target":["https:\/\/guide.reassurez-moi.fr\/guide\/assurance-moto\/matmut"]}]},{"@type":"BreadcrumbList","@id":"https:\/\/guide.reassurez-moi.fr\/guide\/assurance-moto\/matmut#breadcrumb","itemListElement":[{"@type":"ListItem","position":1,"name":"Assurances","item":"https:\/\/guide.reassurez-moi.fr\/guide\/"},{"@type":"ListItem","position":2,"name":"Comparateur assurance moto","item":"https:\/\/guide.reassurez-moi.fr\/guide\/assurance-moto"},{"@type":"ListItem","position":3,"name":"Assurance moto Matmut"}]},{"@type":"WebSite","@id":"https:\/\/guide.reassurez-moi.fr\/guide\/#website","url":"https:\/\/guide.reassurez-moi.fr\/guide\/","name":"R\u00e9assurez-moi","description":"Comparateur d&#039;assurances","potentialAction":[{"@type":"SearchAction","target":{"@type":"EntryPoint","urlTemplate":"https:\/\/guide.reassurez-moi.fr\/guide\/?s={search_term_string}"},"query-input":{"@type":"PropertyValueSpecification","valueRequired":true,"valueName":"search_term_string"}}],"inLanguage":"fr-FR"}]}},"acf":[],"_links":{"self":[{"href":"https:\/\/guide.reassurez-moi.fr\/guide\/wp-json\/wp\/v2\/pages\/150260","targetHints":{"allow":["GET"]}}],"collection":[{"href":"https:\/\/guide.reassurez-moi.fr\/guide\/wp-json\/wp\/v2\/pages"}],"about":[{"href":"https:\/\/guide.reassurez-moi.fr\/guide\/wp-json\/wp\/v2\/types\/page"}],"author":[{"embeddable":true,"href":"https:\/\/guide.reassurez-moi.fr\/guide\/wp-json\/wp\/v2\/users\/61"}],"replies":[{"embeddable":true,"href":"https:\/\/guide.reassurez-moi.fr\/guide\/wp-json\/wp\/v2\/comments?post=150260"}],"version-history":[{"count":0,"href":"https:\/\/guide.reassurez-moi.fr\/guide\/wp-json\/wp\/v2\/pages\/150260\/revisions"}],"up":[{"embeddable":true,"href":"https:\/\/guide.reassurez-moi.fr\/guide\/wp-json\/wp\/v2\/pages\/17219"}],"wp:attachment":[{"href":"https:\/\/guide.reassurez-moi.fr\/guide\/wp-json\/wp\/v2\/media?parent=150260"}],"wp:term":[{"taxonomy":"category","embeddable":true,"href":"https:\/\/guide.reassurez-moi.fr\/guide\/wp-json\/wp\/v2\/categories?post=150260"},{"taxonomy":"page_topic","embeddable":true,"href":"https:\/\/guide.reassurez-moi.fr\/guide\/wp-json\/wp\/v2\/page_topic?post=150260"}],"curies":[{"name":"wp","href":"https:\/\/api.w.org\/{rel}","templated":true}]}}