{"id":150264,"date":"2022-02-21T22:31:37","date_gmt":"2022-02-21T21:31:37","guid":{"rendered":"https:\/\/reassurez-moi.fr\/guide\/assurance-moto\/societe-generale"},"modified":"2022-02-21T22:31:37","modified_gmt":"2022-02-21T21:31:37","slug":"societe-generale","status":"publish","type":"page","link":"https:\/\/guide.reassurez-moi.fr\/guide\/assurance-moto\/societe-generale","title":{"rendered":"Assurance moto Soci\u00e9t\u00e9 G\u00e9n\u00e9rale"},"content":{"rendered":"\n<h1 class=\"wp-block-heading\" id=\"assurance-moto-nom-acteur\">Assurance moto Soci\u00e9t\u00e9 G\u00e9n\u00e9rale<\/h1>\n\n\n\n<p><strong>L\u2019assurance moto est obligatoire d\u00e8s lors que vous poss\u00e9dez ou utilisez un v\u00e9hicule \u00e0 deux roues. D\u00e9couvrez les formules, garanties, tarifs et solutions d\u2019assistance&nbsp;propos\u00e9es, ainsi que notre avis sur Soci\u00e9t\u00e9 G\u00e9n\u00e9rale.<\/strong><\/p>\n\n\n\n<h2 class=\"wp-block-heading\" id=\"quelles-sont-les-garanties-de-l-assurance-moto-nom-acteur\">Quelles sont les garanties de l&rsquo;assurance moto Soci\u00e9t\u00e9 G\u00e9n\u00e9rale ?<\/h2>\n\n\n\n<p><strong>En France, tout v\u00e9hicule terrestre \u00e0 moteur doit \u00eatre assur\u00e9<\/strong>, sous peine d\u2019\u00eatre lourdement sanctionn\u00e9 en cas de contr\u00f4le ou de sinistre. Vous devez a minima justifier d\u2019une garantie Responsabilit\u00e9 Civile (RC), comprise dans toutes les formules d\u2019assurance 2 roues disponibles sur le march\u00e9.<\/p>\n\n\n\n<p><strong>Pour que vous puissiez en savoir plus sur les garanties propos\u00e9es ou non par Soci\u00e9t\u00e9 G\u00e9n\u00e9rale, nous avons r\u00e9alis\u00e9 le tableau r\u00e9capitulatif suivant :<\/strong><\/p>\n\n\n\n<figure class=\"wp-block-table is-style-header-double\"><table><thead><tr><th><\/th><th class=\"has-text-align-center\" data-align=\"center\">Formule Indispensable<\/th><th class=\"has-text-align-center\" data-align=\"center\">Formule Renforc\u00e9e<\/th><th class=\"has-text-align-center\" data-align=\"center\">Formule Tous Risques<\/th><\/tr><\/thead><tbody><tr><td>Responsabilit\u00e9 Civile<\/td><td class=\"has-text-align-center\" data-align=\"center\"><i\n    class=\"safe-shortcode-icon\n                    yes\n            \"\n                                    title=oui\n            >\n<\/i><\/td><td class=\"has-text-align-center\" data-align=\"center\"><i\n    class=\"safe-shortcode-icon\n                    yes\n            \"\n                                    title=oui\n            >\n<\/i><\/td><td class=\"has-text-align-center\" data-align=\"center\"><i\n    class=\"safe-shortcode-icon\n                    yes\n            \"\n                                    title=oui\n            >\n<\/i><\/td><\/tr><tr><td>Bris de glace<\/td><td class=\"has-text-align-center\" data-align=\"center\"><i\n    class=\"safe-shortcode-icon\n                    no\n            \"\n                                    title=non\n            >\n<\/i><\/td><td class=\"has-text-align-center\" data-align=\"center\"><i\n    class=\"safe-shortcode-icon\n                    yes\n            \"\n                                    title=oui\n            >\n<\/i><\/td><td class=\"has-text-align-center\" data-align=\"center\"><i\n    class=\"safe-shortcode-icon\n                    yes\n            \"\n                                    title=oui\n            >\n<\/i><\/td><\/tr><tr><td>Vol<\/td><td class=\"has-text-align-center\" data-align=\"center\"><i\n    class=\"safe-shortcode-icon\n                    no\n            \"\n                                    title=non\n            >\n<\/i><\/td><td class=\"has-text-align-center\" data-align=\"center\"><i\n    class=\"safe-shortcode-icon\n                    yes\n            \"\n                                    title=oui\n            >\n<\/i><\/td><td class=\"has-text-align-center\" data-align=\"center\"><i\n    class=\"safe-shortcode-icon\n                    yes\n            \"\n                                    title=oui\n            >\n<\/i><\/td><\/tr><tr><td>Incendie<\/td><td class=\"has-text-align-center\" data-align=\"center\"><i\n    class=\"safe-shortcode-icon\n                    no\n            \"\n                                    title=non\n            >\n<\/i><\/td><td class=\"has-text-align-center\" data-align=\"center\"><i\n    class=\"safe-shortcode-icon\n                    yes\n            \"\n                                    title=oui\n            >\n<\/i><\/td><td class=\"has-text-align-center\" data-align=\"center\"><i\n    class=\"safe-shortcode-icon\n                    yes\n            \"\n                                    title=oui\n            >\n<\/i><\/td><\/tr><tr><td>\u00c9v\u00e9nements climatiques<\/td><td class=\"has-text-align-center\" data-align=\"center\"><i\n    class=\"safe-shortcode-icon\n                    no\n            \"\n                                    title=non\n            >\n<\/i><\/td><td class=\"has-text-align-center\" data-align=\"center\"><i\n    class=\"safe-shortcode-icon\n                    yes\n            \"\n                                    title=oui\n            >\n<\/i><\/td><td class=\"has-text-align-center\" data-align=\"center\"><i\n    class=\"safe-shortcode-icon\n                    yes\n            \"\n                                    title=oui\n            >\n<\/i><\/td><\/tr><tr><td>Tous accidents<\/td><td class=\"has-text-align-center\" data-align=\"center\"><i\n    class=\"safe-shortcode-icon\n                    no\n            \"\n                                    title=non\n            >\n<\/i><\/td><td class=\"has-text-align-center\" data-align=\"center\"><i\n    class=\"safe-shortcode-icon\n                    no\n            \"\n                                    title=non\n            >\n<\/i><\/td><td class=\"has-text-align-center\" data-align=\"center\"><i\n    class=\"safe-shortcode-icon\n                    yes\n            \"\n                                    title=oui\n            >\n<\/i><\/td><\/tr><tr><td>D\u00e9fense \/ Protection du conducteur<\/td><td class=\"has-text-align-center\" data-align=\"center\"><i\n    class=\"safe-shortcode-icon\n                    yes\n            \"\n                                    title=oui\n            >\n<\/i><\/td><td class=\"has-text-align-center\" data-align=\"center\"><i\n    class=\"safe-shortcode-icon\n                    yes\n            \"\n                                    title=oui\n            >\n<\/i><\/td><td class=\"has-text-align-center\" data-align=\"center\"><i\n    class=\"safe-shortcode-icon\n                    yes\n            \"\n                                    title=oui\n            >\n<\/i><\/td><\/tr><tr><td>Dommages aux v\u00e9hicules<\/td><td class=\"has-text-align-center\" data-align=\"center\"><i\n    class=\"safe-shortcode-icon\n                    no\n            \"\n                                    title=non\n            >\n<\/i><\/td><td class=\"has-text-align-center\" data-align=\"center\"><i\n    class=\"safe-shortcode-icon\n                    no\n            \"\n                                    title=non\n            >\n<\/i><\/td><td class=\"has-text-align-center\" data-align=\"center\"><i\n    class=\"safe-shortcode-icon\n                    yes\n            \"\n                                    title=oui\n            >\n<\/i><\/td><\/tr><\/tbody><\/table><\/figure>\n\n\n\n<p><strong>Des garanties de \u00ab\u00a0confort\u00a0\u00bb et assistance :<\/strong><\/p>\n\n\n\n<figure class=\"wp-block-table is-style-header-double\"><table><thead><tr><th><\/th><th class=\"has-text-align-center\" data-align=\"center\">Formule Indispensable<\/th><th class=\"has-text-align-center\" data-align=\"center\">Formule Renforc\u00e9e<\/th><th class=\"has-text-align-center\" data-align=\"center\">Formule Tous Risques<\/th><\/tr><\/thead><tbody><tr><td>Casque<\/td><td class=\"has-text-align-center\" data-align=\"center\"><i\n    class=\"safe-shortcode-icon\n                    no\n            \"\n                                    title=non\n            >\n<\/i><\/td><td class=\"has-text-align-center\" data-align=\"center\"><i\n    class=\"safe-shortcode-icon\n                    yes\n            \"\n                                    title=oui\n            >\n<\/i><\/td><td class=\"has-text-align-center\" data-align=\"center\"><i\n    class=\"safe-shortcode-icon\n                    yes\n            \"\n                                    title=oui\n            >\n<\/i><\/td><\/tr><tr><td>V\u00e9hicule de remplacement<\/td><td class=\"has-text-align-center\" data-align=\"center\"><i\n    class=\"safe-shortcode-icon\n                    no\n            \"\n                                    title=non\n            >\n<\/i><\/td><td class=\"has-text-align-center\" data-align=\"center\"><i\n    class=\"safe-shortcode-icon\n                    no\n            \"\n                                    title=non\n            >\n<\/i><\/td><td class=\"has-text-align-center\" data-align=\"center\"><i\n    class=\"safe-shortcode-icon\n                    yes\n            \"\n                                    title=oui\n            >\n<\/i><\/td><\/tr><tr><td>Assistance<\/td><td class=\"has-text-align-center\" data-align=\"center\"><i\n    class=\"safe-shortcode-icon\n                    yes\n            \"\n                                    title=oui\n            >\n<\/i><\/td><td class=\"has-text-align-center\" data-align=\"center\"><i\n    class=\"safe-shortcode-icon\n                    yes\n            \"\n                                    title=oui\n            >\n<\/i><\/td><td class=\"has-text-align-center\" data-align=\"center\"><i\n    class=\"safe-shortcode-icon\n                    yes\n            \"\n                                    title=oui\n            >\n<\/i><\/td><\/tr><\/tbody><\/table><\/figure>\n\n\n\n<h3 id=\"conditions-generales-de-l-assurance-moto-nom-acteur\">Conditions g\u00e9n\u00e9rales de l&rsquo;assurance moto Soci\u00e9t\u00e9 G\u00e9n\u00e9rale<\/h3>\n<!-- \/wp:post-content -->\n\n<!-- wp:paragraph -->\n<p><strong>Les conditions g\u00e9n\u00e9rales vous sont fournies lorsque vous souscrivez&nbsp;votre&nbsp;contrat d\u2019assurance moto.<\/strong>&nbsp;Vous pouvez aussi \u00e0 tout moment les demander \u00e0 votre service client, qui vous les enverra par voie postale ou \u00e9lectronique. Enfin, vous pouvez les r\u00e9cup\u00e9rer dans votre espace client en ligne.<\/p>\n<!-- \/wp:paragraph -->\n\n<!-- wp:paragraph {\"align\":\"center\"} -->\n<p class=\"has-text-align-center\"><strong><a href=\"https:\/\/guide.reassurez-moi.fr\/guide\/wp-content\/uploads\/2019\/08\/assurance-deux-roues-moto-societe-generale.pdf\">T\u00e9l\u00e9charger les conditions g\u00e9n\u00e9rales de l&rsquo;assurance moto Soci\u00e9t\u00e9 G\u00e9n\u00e9rale :<\/a><\/strong><\/p>\n<!-- \/wp:paragraph -->\n\n<!-- wp:image {\"align\":\"center\",\"id\":131404,\"width\":120,\"height\":120,\"sizeSlug\":\"large\"} -->\n<div class=\"wp-block-image\"><figure class=\"aligncenter size-large is-resized\"><a href=\"https:\/\/guide.reassurez-moi.fr\/guide\/wp-content\/uploads\/2019\/08\/assurance-deux-roues-moto-societe-generale.pdf\"><img loading=\"lazy\" decoding=\"async\" src=\"https:\/\/guide.reassurez-moi.fr\/guide\/wp-content\/uploads\/2020\/07\/conditions-generales.jpg\" alt=\"conditions generales\" class=\"wp-image-131404\" width=\"120\" height=\"120\"\/><\/a><\/figure><\/div>\n<!-- \/wp:image -->\n<!-- wp:heading -->\n<h2 id=\"quel-est-notre-avis-sur-l-assurance-deux-roues-nom-acteur\">Quel est notre avis sur l&rsquo;assurance deux-roues Soci\u00e9t\u00e9 G\u00e9n\u00e9rale ?<\/h2>\n<!-- \/wp:heading -->\n\n<!-- wp:paragraph -->\n<p><p>Notre avis sur cette couverture deux roues de la Soci\u00e9t\u00e9 G\u00e9n\u00e9rale est plut\u00f4t favorable. L\u2019assureur offre des garanties avantageuses et peu propos\u00e9es par la concurrence, ce qui lui permet de se d\u00e9marquer et de r\u00e9pondre encore mieux aux besoins des motards. En effet, plusieurs garanties sont peu communes, notamment la garantie cash back 3 ans, la franchise r\u00e9duite de moiti\u00e9, l\u2019avantage \u00ab hiver \u00bb, entre autres.<\/p>\n<p>Nous appr\u00e9cions \u00e9galement la pr\u00e9sence de 3 formules : indispensable, renforc\u00e9e et tous risques. La protection est tr\u00e8s compl\u00e8te d\u00e8s la formule renforc\u00e9e, qui diff\u00e8re de la formule tous risques seulement aux niveaux des garanties valeur d\u2019achat 12 mois et dommages tous accidents. L\u2019assistance en cas de panne n\u2019applique aucune franchise kilom\u00e9trique, ce qui est appr\u00e9ciable.<\/p>\n<p>La Soci\u00e9t\u00e9 G\u00e9n\u00e9rale offre \u00e9galement des offres tarifaires avantageux, par exemple une r\u00e9duction de 20 % sur la contraction d\u2019un 2e contrat deux roues, une de 10 % pour les assur\u00e9s Soci\u00e9t\u00e9 G\u00e9n\u00e9rale, etc. Ces avantages sont cumulables.<\/p>\n<p>Nous regrettons que la Soci\u00e9t\u00e9 G\u00e9n\u00e9rale ne soit pas enti\u00e8rement transparente sur son offre : nous n\u2019avons pas acc\u00e8s aux tarifs ni \u00e0 une simulation des prix, pas plus qu\u2019aux conditions g\u00e9n\u00e9rales. Nous ne connaissons ainsi pas les exclusions de garanties ni les plafonds de garanties appliqu\u00e9s, qui peuvent \u00eatre d\u00e9terminants dans la qualit\u00e9 d\u2019une telle couverture.<\/p><\/p>\n<!-- \/wp:paragraph -->\n\n<!-- wp:heading -->\n<h2 id=\"quel-est-le-prix-de-l-assurance-moto-nom-acteur\">Quel est le prix de l&rsquo;assurance moto Soci\u00e9t\u00e9 G\u00e9n\u00e9rale ?<\/h2>\n<!-- \/wp:heading -->\n\n<!-- wp:paragraph -->\n<p><strong>Le co\u00fbt d\u2019une assurance moto est tr\u00e8s variable car il calcul\u00e9 selon plusieurs crit\u00e8res :<\/strong><\/p>\n<!-- \/wp:paragraph -->\n\n<!-- wp:list -->\n<ul><li>les garanties choisies (incendie, vol, protection juridique, etc.) ;<\/li><li>le niveau de garanties choisi ;<\/li><li>le lieu de r\u00e9sidence de l\u2019assur\u00e9 (et s\u2019il d\u00e9tient un parking) ;<\/li><li>l\u2019\u00e2ge de l\u2019assur\u00e9&nbsp;;<\/li><li>le mod\u00e8le et la puissance de la moto ;<\/li><li>les ant\u00e9c\u00e9dents de l\u2019assur\u00e9 (bonus-malus).<\/li><\/ul>\n<!-- \/wp:list -->\n\n<p><strong>Malheureusement, Soci\u00e9t\u00e9 G\u00e9n\u00e9rale ne transmet pas ses tarifs d&rsquo;assurance moto.<\/strong> Pour les obtenir, il vous que vous les demandiez aupr\u00e8s d&rsquo;un conseiller ou en obtenant un devis en ligne.<\/p>\n<!-- \/wp:paragraph -->\n\n<!-- wp:heading -->\n<h2 id=\"comment-contacter-l-assurance-moto-nom-acteur\">Comment contacter l&rsquo;assurance moto Soci\u00e9t\u00e9 G\u00e9n\u00e9rale ?<\/h2>\n<!-- \/wp:heading -->\n\n<!-- wp:paragraph -->\n<p><strong>Pour toute information compl\u00e9mentaire sur l&rsquo;assurance Soci\u00e9t\u00e9 G\u00e9n\u00e9rale, rendez-vous sur leur site internet.<\/strong> Vous pouvez aussi contacter Soci\u00e9t\u00e9 G\u00e9n\u00e9rale :<\/p>\n<!-- \/wp:paragraph -->\n\n<p><strong>Par t\u00e9l\u00e9phone, au <\/strong>: &lt;p&gt;3955 de 8h \u00e0 22h en semaine, et jusqu\u2019\u00e0 20h le samedi.&lt;\/p&gt;<\/p>\n<!-- \/wp:paragraph -->\n\n<!-- wp:heading -->\n<h2 id=\"nom-acteur-la-meilleure-assurance-moto\">Soci\u00e9t\u00e9 G\u00e9n\u00e9rale, la meilleure assurance moto ? <\/h2>\n<!-- \/wp:heading -->\n\n<!-- wp:paragraph -->\n<p><strong>Comparez l\u2019assurance moto Soci\u00e9t\u00e9 G\u00e9n\u00e9rale aux autres assurances deux-roues en simulant un devis imm\u00e9diat<\/strong>, vous obtiendrez un comparatif de tous les assureurs avec un acc\u00e8s aux tarifs pratiqu\u00e9s et aux garanties qui conviennent \u00e0 votre recherche :<\/p>\n<!-- \/wp:paragraph -->\n\n<!-- wp:spacer {\"height\":\"20px\"} -->\n<div style=\"height:20px\" aria-hidden=\"true\" class=\"wp-block-spacer\"><\/div>\n<!-- \/wp:spacer -->\n\n<!-- wp:shortcode -->\n\n<div class=\"wp-block-rm-advertizing-block fix-in-sidebar advertising-block-sidebar-item\">\n    <div class=\"image-container flex justify-center align-items-center\">\n        <img decoding=\"async\" src=\"https:\/\/guide.reassurez-moi.fr\/guide\/wp-content\/uploads\/2025\/06\/team_opti_short.png\"\n             alt=\"reassurez-moi illustration\"\n             class=\"wp-block-rm-advertizing-image\"\n             loading=\"lazy\"\n        \/>\n    <\/div>\n    <div class=\"rm-advertblock-container flex flex-column justify-center align-items-start\">\n        <p class=\"wp-block-rm-advertizing-text\">\n            Assurance moto\n        <\/p>\n        <p class=\"wp-block-rm-advertizing-sub-text\">\n            les meilleures offres 2026\n        <\/p>\n        <a\n            href=\"https:\/\/reassurez-moi.fr\/guide\/assurance-moto\"\n            class=\"wp-block-rm-advertizing-button\"\n        >\n            <span class=\"wp-block-rm-advertizing-button-text\">\n                Comparer\n            <\/span>\n            <span class=\"wp-block-rm-advertizing-button-sub-text\">\n                les assurances moto\n            <\/span>\n        <\/a>\n    <\/div>\n<\/div>\n\n<!-- \/wp:shortcode -->\n\n<!-- wp:spacer {\"height\":\"40px\"} -->\n<div style=\"height:40px\" aria-hidden=\"true\" class=\"wp-block-spacer\"><\/div>\n<!-- \/wp:spacer -->\n\n<!-- wp:quote -->\n<blockquote class=\"wp-block-quote\"><p><em><span class=\"has-small-font-size\">En tant que courtier d&rsquo;assurance, notre mission est de vous informer et de vous conseiller sur les offres d&rsquo;assurance propos\u00e9es sur le march\u00e9. Ces fiches conseils ont pour objet de vous pr\u00e9senter les produits de nos <a href=\"https:\/\/reassurez-moi.fr\/guide\/cgu-cgv#MISE_EN_RELATION_AVEC_LES_PARTENAIRES\">assureurs partenaires<\/a> comme ceux avec lesquels nous n&rsquo;entretenons pas de liens.\u00a0Ces fiches vous donnent notre\u00a0analyse\u00a0objective\u00a0sur les contrats d&rsquo;assurance\u00a0mais aussi\u00a0des\u00a0informations sur les formalit\u00e9s d&rsquo;adh\u00e9sion.<\/span><\/em><\/p><\/blockquote>\n<!-- \/wp:quote -->","protected":false},"excerpt":{"rendered":"<p>Assurance moto Soci\u00e9t\u00e9 G\u00e9n\u00e9rale L\u2019assurance moto est obligatoire d\u00e8s lors que vous poss\u00e9dez ou utilisez un v\u00e9hicule \u00e0 deux roues. D\u00e9couvrez les formules, garanties, tarifs et solutions d\u2019assistance&nbsp;propos\u00e9es, ainsi que notre avis sur Soci\u00e9t\u00e9 G\u00e9n\u00e9rale. Quelles sont les garanties de l&rsquo;assurance moto Soci\u00e9t\u00e9 G\u00e9n\u00e9rale ? En France, tout v\u00e9hicule terrestre \u00e0 moteur doit \u00eatre assur\u00e9, [&hellip;]<\/p>\n","protected":false},"author":61,"featured_media":0,"parent":17219,"menu_order":0,"comment_status":"open","ping_status":"closed","template":"","meta":{"_acf_changed":false,"footnotes":""},"categories":[],"page_topic":[581],"class_list":["post-150264","page","type-page","status-publish","hentry"],"yoast_head":"<!-- This site is optimized with the Yoast SEO plugin v24.7 - https:\/\/yoast.com\/wordpress\/plugins\/seo\/ -->\n<title>Notre avis sur l&#039;assurance moto Soci\u00e9t\u00e9 G\u00e9n\u00e9rale | Garanties, comparatif et tarif <\/title>\n<meta name=\"description\" content=\"L&#039;assurance moto Soci\u00e9t\u00e9 G\u00e9n\u00e9rale en d\u00e9tails - Prix et garanties - Devis en ligne 100 % gratuits !\" \/>\n<meta name=\"robots\" content=\"index, follow, max-snippet:-1, max-image-preview:large, max-video-preview:-1\" \/>\n<link rel=\"canonical\" href=\"https:\/\/guide.reassurez-moi.fr\/guide\/assurance-moto\/societe-generale\" \/>\n<meta property=\"og:locale\" content=\"fr_FR\" \/>\n<meta property=\"og:type\" content=\"article\" \/>\n<meta property=\"og:title\" content=\"Notre avis sur l&#039;assurance moto Soci\u00e9t\u00e9 G\u00e9n\u00e9rale | Garanties, comparatif et tarif\" \/>\n<meta property=\"og:description\" content=\"L&#039;assurance moto Soci\u00e9t\u00e9 G\u00e9n\u00e9rale en d\u00e9tails - Prix et garanties - Devis en ligne 100 % gratuits !\" \/>\n<meta property=\"og:url\" content=\"https:\/\/guide.reassurez-moi.fr\/guide\/assurance-moto\/societe-generale\" \/>\n<meta property=\"og:site_name\" content=\"R\u00e9assurez-moi\" \/>\n<meta property=\"article:publisher\" content=\"https:\/\/www.facebook.com\/R%c3%a9assurez-moi-209456495889479\/\" \/>\n<meta property=\"og:image\" content=\"https:\/\/guide.reassurez-moi.fr\/guide\/wp-content\/uploads\/2018\/04\/image-de-partage.png\" \/>\n\t<meta property=\"og:image:width\" content=\"500\" \/>\n\t<meta property=\"og:image:height\" content=\"160\" \/>\n\t<meta property=\"og:image:type\" content=\"image\/png\" \/>\n<meta name=\"twitter:card\" content=\"summary_large_image\" \/>\n<meta name=\"twitter:site\" content=\"@reassurezmoi\" \/>\n<script type=\"application\/ld+json\" class=\"yoast-schema-graph\">{\"@context\":\"https:\/\/schema.org\",\"@graph\":[{\"@type\":\"WebPage\",\"@id\":\"https:\/\/guide.reassurez-moi.fr\/guide\/assurance-moto\/societe-generale\",\"url\":\"https:\/\/guide.reassurez-moi.fr\/guide\/assurance-moto\/societe-generale\",\"name\":\"Assurance moto Soci\u00e9t\u00e9 G\u00e9n\u00e9rale | R\u00e9assurez-moi\",\"isPartOf\":{\"@id\":\"https:\/\/guide.reassurez-moi.fr\/guide\/#website\"},\"datePublished\":\"2022-02-21T21:31:37+00:00\",\"breadcrumb\":{\"@id\":\"https:\/\/guide.reassurez-moi.fr\/guide\/assurance-moto\/societe-generale#breadcrumb\"},\"inLanguage\":\"fr-FR\",\"potentialAction\":[{\"@type\":\"ReadAction\",\"target\":[\"https:\/\/guide.reassurez-moi.fr\/guide\/assurance-moto\/societe-generale\"]}]},{\"@type\":\"BreadcrumbList\",\"@id\":\"https:\/\/guide.reassurez-moi.fr\/guide\/assurance-moto\/societe-generale#breadcrumb\",\"itemListElement\":[{\"@type\":\"ListItem\",\"position\":1,\"name\":\"Assurances\",\"item\":\"https:\/\/guide.reassurez-moi.fr\/guide\/\"},{\"@type\":\"ListItem\",\"position\":2,\"name\":\"Comparateur assurance moto\",\"item\":\"https:\/\/guide.reassurez-moi.fr\/guide\/assurance-moto\"},{\"@type\":\"ListItem\",\"position\":3,\"name\":\"Assurance moto Soci\u00e9t\u00e9 G\u00e9n\u00e9rale\"}]},{\"@type\":\"WebSite\",\"@id\":\"https:\/\/guide.reassurez-moi.fr\/guide\/#website\",\"url\":\"https:\/\/guide.reassurez-moi.fr\/guide\/\",\"name\":\"R\u00e9assurez-moi\",\"description\":\"Comparateur d&#039;assurances\",\"potentialAction\":[{\"@type\":\"SearchAction\",\"target\":{\"@type\":\"EntryPoint\",\"urlTemplate\":\"https:\/\/guide.reassurez-moi.fr\/guide\/?s={search_term_string}\"},\"query-input\":{\"@type\":\"PropertyValueSpecification\",\"valueRequired\":true,\"valueName\":\"search_term_string\"}}],\"inLanguage\":\"fr-FR\"}]}<\/script>\n<!-- \/ Yoast SEO plugin. -->","yoast_head_json":{"title":"Notre avis sur l'assurance moto Soci\u00e9t\u00e9 G\u00e9n\u00e9rale | Garanties, comparatif et tarif ","description":"L'assurance moto Soci\u00e9t\u00e9 G\u00e9n\u00e9rale en d\u00e9tails - Prix et garanties - Devis en ligne 100 % gratuits !","robots":{"index":"index","follow":"follow","max-snippet":"max-snippet:-1","max-image-preview":"max-image-preview:large","max-video-preview":"max-video-preview:-1"},"canonical":"https:\/\/guide.reassurez-moi.fr\/guide\/assurance-moto\/societe-generale","og_locale":"fr_FR","og_type":"article","og_title":"Notre avis sur l'assurance moto Soci\u00e9t\u00e9 G\u00e9n\u00e9rale | Garanties, comparatif et tarif","og_description":"L'assurance moto Soci\u00e9t\u00e9 G\u00e9n\u00e9rale en d\u00e9tails - Prix et garanties - Devis en ligne 100 % gratuits !","og_url":"https:\/\/guide.reassurez-moi.fr\/guide\/assurance-moto\/societe-generale","og_site_name":"R\u00e9assurez-moi","article_publisher":"https:\/\/www.facebook.com\/R%c3%a9assurez-moi-209456495889479\/","og_image":[{"width":500,"height":160,"url":"https:\/\/guide.reassurez-moi.fr\/guide\/wp-content\/uploads\/2018\/04\/image-de-partage.png","type":"image\/png"}],"twitter_card":"summary_large_image","twitter_site":"@reassurezmoi","schema":{"@context":"https:\/\/schema.org","@graph":[{"@type":"WebPage","@id":"https:\/\/guide.reassurez-moi.fr\/guide\/assurance-moto\/societe-generale","url":"https:\/\/guide.reassurez-moi.fr\/guide\/assurance-moto\/societe-generale","name":"Assurance moto Soci\u00e9t\u00e9 G\u00e9n\u00e9rale | R\u00e9assurez-moi","isPartOf":{"@id":"https:\/\/guide.reassurez-moi.fr\/guide\/#website"},"datePublished":"2022-02-21T21:31:37+00:00","breadcrumb":{"@id":"https:\/\/guide.reassurez-moi.fr\/guide\/assurance-moto\/societe-generale#breadcrumb"},"inLanguage":"fr-FR","potentialAction":[{"@type":"ReadAction","target":["https:\/\/guide.reassurez-moi.fr\/guide\/assurance-moto\/societe-generale"]}]},{"@type":"BreadcrumbList","@id":"https:\/\/guide.reassurez-moi.fr\/guide\/assurance-moto\/societe-generale#breadcrumb","itemListElement":[{"@type":"ListItem","position":1,"name":"Assurances","item":"https:\/\/guide.reassurez-moi.fr\/guide\/"},{"@type":"ListItem","position":2,"name":"Comparateur assurance moto","item":"https:\/\/guide.reassurez-moi.fr\/guide\/assurance-moto"},{"@type":"ListItem","position":3,"name":"Assurance moto Soci\u00e9t\u00e9 G\u00e9n\u00e9rale"}]},{"@type":"WebSite","@id":"https:\/\/guide.reassurez-moi.fr\/guide\/#website","url":"https:\/\/guide.reassurez-moi.fr\/guide\/","name":"R\u00e9assurez-moi","description":"Comparateur d&#039;assurances","potentialAction":[{"@type":"SearchAction","target":{"@type":"EntryPoint","urlTemplate":"https:\/\/guide.reassurez-moi.fr\/guide\/?s={search_term_string}"},"query-input":{"@type":"PropertyValueSpecification","valueRequired":true,"valueName":"search_term_string"}}],"inLanguage":"fr-FR"}]}},"acf":[],"_links":{"self":[{"href":"https:\/\/guide.reassurez-moi.fr\/guide\/wp-json\/wp\/v2\/pages\/150264","targetHints":{"allow":["GET"]}}],"collection":[{"href":"https:\/\/guide.reassurez-moi.fr\/guide\/wp-json\/wp\/v2\/pages"}],"about":[{"href":"https:\/\/guide.reassurez-moi.fr\/guide\/wp-json\/wp\/v2\/types\/page"}],"author":[{"embeddable":true,"href":"https:\/\/guide.reassurez-moi.fr\/guide\/wp-json\/wp\/v2\/users\/61"}],"replies":[{"embeddable":true,"href":"https:\/\/guide.reassurez-moi.fr\/guide\/wp-json\/wp\/v2\/comments?post=150264"}],"version-history":[{"count":0,"href":"https:\/\/guide.reassurez-moi.fr\/guide\/wp-json\/wp\/v2\/pages\/150264\/revisions"}],"up":[{"embeddable":true,"href":"https:\/\/guide.reassurez-moi.fr\/guide\/wp-json\/wp\/v2\/pages\/17219"}],"wp:attachment":[{"href":"https:\/\/guide.reassurez-moi.fr\/guide\/wp-json\/wp\/v2\/media?parent=150264"}],"wp:term":[{"taxonomy":"category","embeddable":true,"href":"https:\/\/guide.reassurez-moi.fr\/guide\/wp-json\/wp\/v2\/categories?post=150264"},{"taxonomy":"page_topic","embeddable":true,"href":"https:\/\/guide.reassurez-moi.fr\/guide\/wp-json\/wp\/v2\/page_topic?post=150264"}],"curies":[{"name":"wp","href":"https:\/\/api.w.org\/{rel}","templated":true}]}}