{"id":150804,"date":"2021-01-18T22:27:40","date_gmt":"2021-01-18T21:27:40","guid":{"rendered":"https:\/\/reassurez-moi.fr\/guide\/responsabilite-civile\/allianz"},"modified":"2021-01-18T22:27:40","modified_gmt":"2021-01-18T21:27:40","slug":"allianz","status":"publish","type":"page","link":"https:\/\/guide.reassurez-moi.fr\/guide\/responsabilite-civile\/allianz","title":{"rendered":"L'assurance Responsabilit\u00e9 Civile Allianz"},"content":{"rendered":"\n<h1 class=\"wp-block-heading\">L&rsquo;assurance Responsabilit\u00e9 Civile Allianz<\/h1>\n\n\n\n<p><strong>L\u2019assurance Responsabilit\u00e9 Civile permet de couvrir les dommages que vous pourriez causer \u00e0 autrui. En cas de sinistre caus\u00e9 involontairement \u00e0 un tiers ou \u00e0 un de ses biens (chute d\u2019un t\u00e9l\u00e9phone portable par exemple), l\u2019assurance prend en charge les r\u00e9parations. Nous vous d\u00e9taillons l&rsquo;offre de Responsabilit\u00e9 Civile\u00a0Allianz.<\/strong><\/p>\n\n\n\n<h2 class=\"wp-block-heading\">Que couvre le contrat d&rsquo;assurance Responsabilit\u00e9 Civile Allianz ?<\/h2>\n\n\n\n<p><strong>Soyez attentif aux personnes couvertes par l\u2019assurance Responsabilit\u00e9 Civile que vous souhaitez souscrire. <\/strong>La plupart du temps, votre RC prend en charge vos enfants mais il n\u2019en est pas forc\u00e9ment de m\u00eame pour toutes les personnes de votre foyer.&nbsp;Pour vous aider dans vos recherches, voici le d\u00e9tail des garanties propos\u00e9es de RC par l\u2019assureur&nbsp;Allianz :<\/p>\n\n\n\n<figure class=\"wp-block-table is-style-header-simple\"><table><thead><tr><th class=\"has-text-align-center\" data-align=\"center\">Garanties<\/th><th class=\"has-text-align-center\" data-align=\"center\">D\u00e9tails de la prise en charge<\/th><\/tr><\/thead><tbody><tr><td class=\"has-text-align-center\" data-align=\"center\"><strong>Personnes du foyer couvertes<\/strong><\/td><td class=\"has-text-align-center\" data-align=\"center\"><p>\u2013 Toute personne vivant \u00e0 votre foyer, y compris les enfants mineurs h\u00e9berg\u00e9s occasionnellement<br \/>\n\u2013 Vos enfants c\u00e9libataires ou ceux de votre conjoint s\u2019ils sont encore \u00e9tudiants ou s\u2019ils sont handicap\u00e9s physiques ou mentaux<br \/>\n\u2013 Toute personne assumant la garde be\u0301ne\u0301vole de vos enfants ou de vos animaux si sa responsabilite\u0301 est recherche\u0301e<br \/>\ndu fait de cette garde<\/p><\/td><\/tr><tr><td class=\"has-text-align-center\" data-align=\"center\"><strong>Franchises<\/strong><\/td><td class=\"has-text-align-center\" data-align=\"center\"><p>D\u00e9finies aux conditions particuli\u00e8res<br \/>\n\u2013 En cas de dommages mat\u00e9riels aux biens lou\u00e9s : 10 % avec un minimum de 150 \u20ac<\/p><\/td><\/tr><tr><td class=\"has-text-align-center\" data-align=\"center\"><strong>Limites de garanties<\/strong><\/td><td class=\"has-text-align-center\" data-align=\"center\"><p>\u2013 Dommages corporels : 8 000 000 \u20ac<br \/>\n\u2013 Dommages mat\u00e9riels : 1 500 000 \u20ac<br \/>\n\u2013 Atteintes \u00e0 l\u2019environnement : 300 000 \u20ac<\/p><\/td><\/tr><tr><td class=\"has-text-align-center\" data-align=\"center\"><strong>Garanties suppl\u00e9mentaires<\/strong><\/td><td class=\"has-text-align-center\" data-align=\"center\"><p>\u2013 RC vie priv\u00e9e<br \/>\n\u2013 RC d\u00e9g\u00e2ts des eaux\/incendies<br \/>\n\u2013 RC s\u00e9jour\/voyage\/f\u00eate familiale<br \/>\n\u2013 RC propri\u00e9taire d\u2019immeuble<\/p><\/td><\/tr><tr><td class=\"has-text-align-center\" data-align=\"center\"><strong>Dommages caus\u00e9s par les chiens dangereux<\/strong><\/td><td class=\"has-text-align-center\" data-align=\"center\"><p><i\n    class=\"safe-shortcode-icon\n                    no\n            \"\n                                    title=non\n            >\n<\/i>, \u00e0 l\u2019exception des pitbulls<\/p><\/td><\/tr><tr><td class=\"has-text-align-center\" data-align=\"center\"><strong>Objets confi\u00e9s<\/strong><\/td><td class=\"has-text-align-center\" data-align=\"center\"><i\n    class=\"safe-shortcode-icon\n                    no\n            \"\n                                    title=non\n            >\n<\/i><\/td><\/tr><tr><td class=\"has-text-align-center\" data-align=\"center\"><strong>Dommages \u00e0 l&rsquo;\u00e9tranger<\/strong><\/td><td class=\"has-text-align-center\" data-align=\"center\"><i\n    class=\"safe-shortcode-icon\n                    yes\n            \"\n                                    title=oui\n            >\n<\/i><\/td><\/tr><tr><td class=\"has-text-align-center\" data-align=\"center\"><strong>Activit\u00e9s b\u00e9n\u00e9voles<\/strong><\/td><td class=\"has-text-align-center\" data-align=\"center\"><p>NC<\/p><\/td><\/tr><tr><td class=\"has-text-align-center\" data-align=\"center\"><strong>Catastrophes naturelles<\/strong><\/td><td class=\"has-text-align-center\" data-align=\"center\"><i\n    class=\"safe-shortcode-icon\n                    yes\n            \"\n                                    title=oui\n            >\n<\/i><\/td><\/tr><tr><td class=\"has-text-align-center\" data-align=\"center\"><strong>Location saisonni\u00e8re<\/strong><\/td><td class=\"has-text-align-center\" data-align=\"center\"><p>En option<\/p><\/td><\/tr><\/tbody><\/table><\/figure>\n\n\n\n<div style=\"height:20px\" aria-hidden=\"true\" class=\"wp-block-spacer\"><\/div>\n\n\n\n<h3 class=\"wp-block-heading\">Les conditions g\u00e9n\u00e9rales de l&rsquo;assurance Responsabilit\u00e9 Civile Allianz<\/h3>\n\n\n\n<p><strong>Elles vous sont fournies lorsque vous souscrivez votre contrat d\u2019assurance Responsabilit\u00e9 Civile. <\/strong><\/p>\n<!-- \/wp:post-content -->\n\n<!-- wp:paragraph {\"align\":\"center\"} -->\n<p class=\"has-text-align-center\"><strong><a href=\"https:\/\/guide.reassurez-moi.fr\/guide\/wp-content\/uploads\/2019\/10\/assurance-habitation-responsabilite-civile-allianz-conditions-generales.pdf\">T\u00e9l\u00e9charger les conditions g\u00e9n\u00e9rales de la RC Allianz :<\/a><\/strong><\/p>\n<!-- \/wp:paragraph -->\n\n<!-- wp:image {\"align\":\"center\",\"id\":131404,\"width\":120,\"height\":120,\"sizeSlug\":\"large\"} -->\n<div class=\"wp-block-image\"><figure class=\"aligncenter size-large is-resized\"><a href=\"https:\/\/guide.reassurez-moi.fr\/guide\/wp-content\/uploads\/2019\/10\/assurance-habitation-responsabilite-civile-allianz-conditions-generales.pdf\"><img loading=\"lazy\" decoding=\"async\" src=\"https:\/\/guide.reassurez-moi.fr\/guide\/wp-content\/uploads\/2020\/07\/conditions-generales.jpg\" alt=\"conditions generales\" class=\"wp-image-131404\" width=\"120\" height=\"120\"\/><\/a><\/figure><\/div>\n<!-- \/wp:image -->\n<!-- wp:heading -->\n<h2>Quel est le prix de l&rsquo;assurance Responsabilit\u00e9 Civile Allianz ? <\/h2>\n<!-- \/wp:heading -->\n\n<p><strong>Le&nbsp;<a href=\"https:\/\/reassurez-moi.fr\/guide\/responsabilite-civile\/prix\">tarif de l\u2019assurance Responsabilit\u00e9 Civile<\/a>&nbsp;est variable selon les assureurs.<\/strong> Il est donc utile de comparer plusieurs offres avant de s\u2019engager ! Il est \u00e9galement important de tenir compte du montant de la franchise applicable. En effet, cette somme sera forc\u00e9ment \u00e0 votre charge, quel que soit le montant du sinistre.<\/p>\n<!-- \/wp:paragraph -->\n\n<!-- wp:table {\"className\":\"is-style-header-double\"} -->\n<figure class=\"wp-block-table is-style-header-double\"><table><thead><tr><th><\/th><th class=\"has-text-align-center\" data-align=\"center\">Capital mobilier<\/th><th class=\"has-text-align-center\" data-align=\"center\">Tarif annuel<\/th><th class=\"has-text-align-center\" data-align=\"center\">Franchise<\/th><\/tr><\/thead><tbody><tr><td>Couple \/ 2 enfants \/ appartement 4 pi\u00e8ces 70 m2 d\u2019une valeur de 150 000 \u20ac<\/td><td class=\"has-text-align-center\" data-align=\"center\">Selon les caract\u00e9ristiques exactes du profil\t<\/td><td class=\"has-text-align-center\" data-align=\"center\">232,32\u20ac<\/td><td class=\"has-text-align-center\" data-align=\"center\">139\u20ac<\/td><\/tr><tr><td>Couple \/ 2 enfants \/ maison 5 pi\u00e8ces 130 m2 d\u2019une valeur de 200 000 \u20ac<\/td><td class=\"has-text-align-center\" data-align=\"center\">Selon les caract\u00e9ristiques exactes du profil\t<\/td><td class=\"has-text-align-center\" data-align=\"center\">436,22\u20ac<\/td><td class=\"has-text-align-center\" data-align=\"center\">139\u20ac<\/td><\/tr><\/tbody><\/table><\/figure>\n<!-- \/wp:table -->\n\n<!-- wp:paragraph -->\n<p><strong>La plupart des contrats d&rsquo;assurance habitation et d&rsquo;assurance auto ont automatiquement une garantie Responsabilit\u00e9 Civile. <\/strong>Chez R\u00e9assurez-moi, nous vous proposons des contrats group\u00e9s vous permettant de faire de s\u00e9rieuses \u00e9conomies. Comparez nos offres !<\/p>\n<!-- \/wp:paragraph -->\n\n<!-- wp:columns -->\n<div class=\"wp-block-columns\"><!-- wp:column -->\n<div class=\"wp-block-column\"><!-- wp:paragraph {\"align\":\"center\"} -->\n<p class=\"has-text-align-center\"><strong>Assurance auto <\/strong><\/p>\n<!-- \/wp:paragraph -->\n\n<!-- wp:image {\"align\":\"center\",\"id\":33173,\"width\":50,\"height\":50,\"sizeSlug\":\"large\"} -->\n<div class=\"wp-block-image\"><figure class=\"aligncenter size-large is-resized\"><img loading=\"lazy\" decoding=\"async\" src=\"https:\/\/guide.reassurez-moi.fr\/guide\/wp-content\/uploads\/2018\/05\/car-4.png\" alt=\"car 4\" class=\"wp-image-33173\" width=\"50\" height=\"50\"\/><\/figure><\/div>\n<!-- \/wp:image -->\n\n<!-- wp:buttons {\"layout\":{\"type\":\"flex\",\"justifyContent\":\"center\",\"orientation\":\"horizontal\"}} -->\n<div class=\"wp-block-buttons\"><!-- wp:button {\"className\":\"is-style-rm-button-orange\"} -->\n<div class=\"wp-block-button is-style-rm-button-orange\"><a class=\"wp-block-button__link\" href=\"https:\/\/reassurez-moi.fr\/guide\/assurance-auto\">Je compare<\/a><\/div>\n<!-- \/wp:button --><\/div>\n<!-- \/wp:buttons --><\/div>\n<!-- \/wp:column -->\n\n<!-- wp:column -->\n<div class=\"wp-block-column\"><!-- wp:paragraph {\"align\":\"center\"} -->\n<p class=\"has-text-align-center\"><meta charset=\"utf-8\"><strong>Assurance habitation<\/strong><\/p>\n<!-- \/wp:paragraph -->\n\n<!-- wp:image {\"align\":\"center\",\"id\":32691,\"width\":50,\"height\":50,\"sizeSlug\":\"large\"} -->\n<div class=\"wp-block-image\"><figure class=\"aligncenter size-large is-resized\"><img loading=\"lazy\" decoding=\"async\" src=\"https:\/\/guide.reassurez-moi.fr\/guide\/wp-content\/uploads\/2018\/05\/house-1.png\" alt=\"house 1\" class=\"wp-image-32691\" width=\"50\" height=\"50\"\/><\/figure><\/div>\n<!-- \/wp:image -->\n\n<!-- wp:buttons {\"layout\":{\"type\":\"flex\",\"justifyContent\":\"center\",\"orientation\":\"horizontal\"}} -->\n<div class=\"wp-block-buttons\"><!-- wp:button {\"className\":\"is-style-rm-button-orange\"} -->\n<div class=\"wp-block-button is-style-rm-button-orange\"><a class=\"wp-block-button__link\" href=\"https:\/\/reassurez-moi.fr\/guide\/assurance-habitation\">Je compare<\/a><\/div>\n<!-- \/wp:button --><\/div>\n<!-- \/wp:buttons --><\/div>\n<!-- \/wp:column --><\/div>\n<!-- \/wp:columns -->\n\n<!-- wp:heading -->\n<h2>Quel est notre avis sur l&rsquo;assurance Responsabilit\u00e9 Civile Allianz pour particulier ?<\/h2>\n<!-- \/wp:heading -->\n\n<!-- wp:paragraph -->\n<p><p>Notre avis sur la couverture Responsabilit\u00e9 Civile propos\u00e9e par le contrat habitation d\u2019Allianz est positif. Nous appr\u00e9cions la vari\u00e9t\u00e9 des garanties incluses : les RC vie priv\u00e9e, propri\u00e9taire d\u2019immeuble, incendie\/d\u00e9g\u00e2t des eaux, et s\u00e9jour\/voyage\/f\u00eate familiale sont en inclusion. En parall\u00e8le, il vous est possible de souscrire un grand nombre de garanties optionnelles, comme par exemple les RC chiens dangereux, ruches, propri\u00e9taire d\u2019un terrain non b\u00e2ti, chambres d\u2019h\u00f4tes, assistance maternelle, etc.<\/p>\n<p>Les plafonds d\u2019indemnisation sont \u00e9lev\u00e9s. Les sinistres sont enti\u00e8rement digitalis\u00e9s, permettant un suivi en ligne rapide depuis votre espace client ou votre application mobile.<\/p>\n<p>Seul b\u00e9mol que nous relevons ici : le tarif qui peut vite augmenter avec l\u2019ajout d\u2019options.<\/p><\/p>\n<!-- \/wp:paragraph -->\n\n\n<!-- wp:heading -->\n<h2>Comment obtenir l&rsquo;attestation de Responsabilit\u00e9 Civile Allianz ?<\/h2>\n<!-- \/wp:heading -->\n\n<!-- wp:paragraph -->\n<p><strong>Dans certaines situations, vous aurez besoin de pr\u00e9senter une attestation d\u2019assurance Responsabilit\u00e9 Civile. <\/strong>Cela peut \u00eatre le cas lors de l\u2019inscription \u00e0 l\u2019\u00e9cole d\u2019un de vos enfants ou encore pour la signature d\u2019une convention de charge.&nbsp;Ce document vous a \u00e9t\u00e9 obligatoirement envoy\u00e9 au moment de la souscription de votre RC. <br><br><strong>Si vous l\u2019avez perdu, vous pouvez vous la procurer de diff\u00e9rentes mani\u00e8res :&nbsp;<\/strong><\/p>\n<!-- \/wp:paragraph -->\n\n<!-- wp:list -->\n<ul><li>en vous rendant dans votre espace client Allianz ;<\/li><li>en contactant votre conseiller Allianz.&nbsp;<\/li><\/ul>\n<!-- \/wp:list -->\n\n<!-- wp:paragraph -->\n<p><strong>Elle vous sera envoy\u00e9e par mail ou par courrier, selon votre pr\u00e9f\u00e9rence.<\/strong><\/p>\n<!-- \/wp:paragraph -->\n\n<!-- wp:heading -->\n<h2>Comment contacter l&rsquo;assureur en RC Allianz ?<\/h2>\n<!-- \/wp:heading -->\n\n<!-- wp:paragraph -->\n<p><strong>Pour une demande d\u2019informations ou une question sur votre contrat<\/strong>, Allianz&nbsp;vous invite \u00e0 contacter l\u2019agence la plus proche de chez vous ou \u00e0 vous rendre sur leur site internet. <\/p>\n<!-- \/wp:paragraph -->\n\n<p><strong>Vous pouvez \u00e9galement les contacter par t\u00e9l\u00e9phone, au :<\/strong><\/p>\n<!-- \/wp:paragraph -->\n\n<!-- wp:paragraph {\"align\":\"center\"} -->\n<p class=\"has-text-align-center\"><p>0 805 502 020<\/p><\/p>\n<!-- \/wp:paragraph -->\n<p><strong>Par courrier postal, \u00e0 l&rsquo;adresse suivante :<\/strong><\/p>\n<!-- \/wp:paragraph -->\n\n<!-- wp:paragraph {\"align\":\"center\"} -->\n<p class=\"has-text-align-center\"><p>Allianz France<br \/>\n1 cours Michelet<br \/>\nCS 30051<br \/>\n92 076 Paris La D\u00e9fense Cedex<\/p><\/p>\n<!-- \/wp:paragraph -->","protected":false},"excerpt":{"rendered":"<p>L&rsquo;assurance Responsabilit\u00e9 Civile Allianz L\u2019assurance Responsabilit\u00e9 Civile permet de couvrir les dommages que vous pourriez causer \u00e0 autrui. En cas de sinistre caus\u00e9 involontairement \u00e0 un tiers ou \u00e0 un de ses biens (chute d\u2019un t\u00e9l\u00e9phone portable par exemple), l\u2019assurance prend en charge les r\u00e9parations. Nous vous d\u00e9taillons l&rsquo;offre de Responsabilit\u00e9 Civile\u00a0Allianz. Que couvre le [&hellip;]<\/p>\n","protected":false},"author":61,"featured_media":0,"parent":62040,"menu_order":0,"comment_status":"closed","ping_status":"closed","template":"","meta":{"_acf_changed":false,"footnotes":""},"categories":[],"page_topic":[611],"class_list":["post-150804","page","type-page","status-publish","hentry"],"yoast_head":"<!-- This site is optimized with the Yoast SEO plugin v24.7 - https:\/\/yoast.com\/wordpress\/plugins\/seo\/ -->\n<title>Que couvre la Responsabilit\u00e9 Civile Allianz ? Garanties et avis <\/title>\n<meta name=\"description\" content=\"L&#039;assurance Responsabilit\u00e9 Civile (RC) Allianz en d\u00e9tails - Prix et garanties - Devis en ligne 100 % gratuits !\" \/>\n<meta name=\"robots\" content=\"index, follow, max-snippet:-1, max-image-preview:large, max-video-preview:-1\" \/>\n<link rel=\"canonical\" href=\"https:\/\/guide.reassurez-moi.fr\/guide\/responsabilite-civile\/allianz\" \/>\n<meta property=\"og:locale\" content=\"fr_FR\" \/>\n<meta property=\"og:type\" content=\"article\" \/>\n<meta property=\"og:title\" content=\"Que couvre la Responsabilit\u00e9 Civile Allianz ? Garanties et avis\" \/>\n<meta property=\"og:description\" content=\"L&#039;assurance Responsabilit\u00e9 Civile (RC) Allianz en d\u00e9tails - Prix et garanties - Devis en ligne 100 % gratuits !\" \/>\n<meta property=\"og:url\" content=\"https:\/\/guide.reassurez-moi.fr\/guide\/responsabilite-civile\/allianz\" \/>\n<meta property=\"og:site_name\" content=\"R\u00e9assurez-moi\" \/>\n<meta property=\"article:publisher\" content=\"https:\/\/www.facebook.com\/R%c3%a9assurez-moi-209456495889479\/\" \/>\n<meta property=\"og:image\" content=\"https:\/\/guide.reassurez-moi.fr\/guide\/wp-content\/uploads\/2018\/04\/image-de-partage.png\" \/>\n\t<meta property=\"og:image:width\" content=\"500\" \/>\n\t<meta property=\"og:image:height\" content=\"160\" \/>\n\t<meta property=\"og:image:type\" content=\"image\/png\" \/>\n<meta name=\"twitter:card\" content=\"summary_large_image\" \/>\n<meta name=\"twitter:site\" content=\"@reassurezmoi\" \/>\n<script type=\"application\/ld+json\" class=\"yoast-schema-graph\">{\"@context\":\"https:\/\/schema.org\",\"@graph\":[{\"@type\":\"WebPage\",\"@id\":\"https:\/\/guide.reassurez-moi.fr\/guide\/responsabilite-civile\/allianz\",\"url\":\"https:\/\/guide.reassurez-moi.fr\/guide\/responsabilite-civile\/allianz\",\"name\":\"L'assurance Responsabilit\u00e9 Civile Allianz | R\u00e9assurez-moi\",\"isPartOf\":{\"@id\":\"https:\/\/guide.reassurez-moi.fr\/guide\/#website\"},\"datePublished\":\"2021-01-18T21:27:40+00:00\",\"breadcrumb\":{\"@id\":\"https:\/\/guide.reassurez-moi.fr\/guide\/responsabilite-civile\/allianz#breadcrumb\"},\"inLanguage\":\"fr-FR\",\"potentialAction\":[{\"@type\":\"ReadAction\",\"target\":[\"https:\/\/guide.reassurez-moi.fr\/guide\/responsabilite-civile\/allianz\"]}]},{\"@type\":\"BreadcrumbList\",\"@id\":\"https:\/\/guide.reassurez-moi.fr\/guide\/responsabilite-civile\/allianz#breadcrumb\",\"itemListElement\":[{\"@type\":\"ListItem\",\"position\":1,\"name\":\"Assurances\",\"item\":\"https:\/\/guide.reassurez-moi.fr\/guide\/\"},{\"@type\":\"ListItem\",\"position\":2,\"name\":\"Assurance Responsabilit\u00e9 Civile\",\"item\":\"https:\/\/guide.reassurez-moi.fr\/guide\/responsabilite-civile\"},{\"@type\":\"ListItem\",\"position\":3,\"name\":\"L'assurance Responsabilit\u00e9 Civile Allianz\"}]},{\"@type\":\"WebSite\",\"@id\":\"https:\/\/guide.reassurez-moi.fr\/guide\/#website\",\"url\":\"https:\/\/guide.reassurez-moi.fr\/guide\/\",\"name\":\"R\u00e9assurez-moi\",\"description\":\"Comparateur d&#039;assurances\",\"potentialAction\":[{\"@type\":\"SearchAction\",\"target\":{\"@type\":\"EntryPoint\",\"urlTemplate\":\"https:\/\/guide.reassurez-moi.fr\/guide\/?s={search_term_string}\"},\"query-input\":{\"@type\":\"PropertyValueSpecification\",\"valueRequired\":true,\"valueName\":\"search_term_string\"}}],\"inLanguage\":\"fr-FR\"}]}<\/script>\n<!-- \/ Yoast SEO plugin. -->","yoast_head_json":{"title":"Que couvre la Responsabilit\u00e9 Civile Allianz ? Garanties et avis ","description":"L'assurance Responsabilit\u00e9 Civile (RC) Allianz en d\u00e9tails - Prix et garanties - Devis en ligne 100 % gratuits !","robots":{"index":"index","follow":"follow","max-snippet":"max-snippet:-1","max-image-preview":"max-image-preview:large","max-video-preview":"max-video-preview:-1"},"canonical":"https:\/\/guide.reassurez-moi.fr\/guide\/responsabilite-civile\/allianz","og_locale":"fr_FR","og_type":"article","og_title":"Que couvre la Responsabilit\u00e9 Civile Allianz ? Garanties et avis","og_description":"L'assurance Responsabilit\u00e9 Civile (RC) Allianz en d\u00e9tails - Prix et garanties - Devis en ligne 100 % gratuits !","og_url":"https:\/\/guide.reassurez-moi.fr\/guide\/responsabilite-civile\/allianz","og_site_name":"R\u00e9assurez-moi","article_publisher":"https:\/\/www.facebook.com\/R%c3%a9assurez-moi-209456495889479\/","og_image":[{"width":500,"height":160,"url":"https:\/\/guide.reassurez-moi.fr\/guide\/wp-content\/uploads\/2018\/04\/image-de-partage.png","type":"image\/png"}],"twitter_card":"summary_large_image","twitter_site":"@reassurezmoi","schema":{"@context":"https:\/\/schema.org","@graph":[{"@type":"WebPage","@id":"https:\/\/guide.reassurez-moi.fr\/guide\/responsabilite-civile\/allianz","url":"https:\/\/guide.reassurez-moi.fr\/guide\/responsabilite-civile\/allianz","name":"L'assurance Responsabilit\u00e9 Civile Allianz | R\u00e9assurez-moi","isPartOf":{"@id":"https:\/\/guide.reassurez-moi.fr\/guide\/#website"},"datePublished":"2021-01-18T21:27:40+00:00","breadcrumb":{"@id":"https:\/\/guide.reassurez-moi.fr\/guide\/responsabilite-civile\/allianz#breadcrumb"},"inLanguage":"fr-FR","potentialAction":[{"@type":"ReadAction","target":["https:\/\/guide.reassurez-moi.fr\/guide\/responsabilite-civile\/allianz"]}]},{"@type":"BreadcrumbList","@id":"https:\/\/guide.reassurez-moi.fr\/guide\/responsabilite-civile\/allianz#breadcrumb","itemListElement":[{"@type":"ListItem","position":1,"name":"Assurances","item":"https:\/\/guide.reassurez-moi.fr\/guide\/"},{"@type":"ListItem","position":2,"name":"Assurance Responsabilit\u00e9 Civile","item":"https:\/\/guide.reassurez-moi.fr\/guide\/responsabilite-civile"},{"@type":"ListItem","position":3,"name":"L'assurance Responsabilit\u00e9 Civile Allianz"}]},{"@type":"WebSite","@id":"https:\/\/guide.reassurez-moi.fr\/guide\/#website","url":"https:\/\/guide.reassurez-moi.fr\/guide\/","name":"R\u00e9assurez-moi","description":"Comparateur d&#039;assurances","potentialAction":[{"@type":"SearchAction","target":{"@type":"EntryPoint","urlTemplate":"https:\/\/guide.reassurez-moi.fr\/guide\/?s={search_term_string}"},"query-input":{"@type":"PropertyValueSpecification","valueRequired":true,"valueName":"search_term_string"}}],"inLanguage":"fr-FR"}]}},"acf":[],"_links":{"self":[{"href":"https:\/\/guide.reassurez-moi.fr\/guide\/wp-json\/wp\/v2\/pages\/150804","targetHints":{"allow":["GET"]}}],"collection":[{"href":"https:\/\/guide.reassurez-moi.fr\/guide\/wp-json\/wp\/v2\/pages"}],"about":[{"href":"https:\/\/guide.reassurez-moi.fr\/guide\/wp-json\/wp\/v2\/types\/page"}],"author":[{"embeddable":true,"href":"https:\/\/guide.reassurez-moi.fr\/guide\/wp-json\/wp\/v2\/users\/61"}],"replies":[{"embeddable":true,"href":"https:\/\/guide.reassurez-moi.fr\/guide\/wp-json\/wp\/v2\/comments?post=150804"}],"version-history":[{"count":0,"href":"https:\/\/guide.reassurez-moi.fr\/guide\/wp-json\/wp\/v2\/pages\/150804\/revisions"}],"up":[{"embeddable":true,"href":"https:\/\/guide.reassurez-moi.fr\/guide\/wp-json\/wp\/v2\/pages\/62040"}],"wp:attachment":[{"href":"https:\/\/guide.reassurez-moi.fr\/guide\/wp-json\/wp\/v2\/media?parent=150804"}],"wp:term":[{"taxonomy":"category","embeddable":true,"href":"https:\/\/guide.reassurez-moi.fr\/guide\/wp-json\/wp\/v2\/categories?post=150804"},{"taxonomy":"page_topic","embeddable":true,"href":"https:\/\/guide.reassurez-moi.fr\/guide\/wp-json\/wp\/v2\/page_topic?post=150804"}],"curies":[{"name":"wp","href":"https:\/\/api.w.org\/{rel}","templated":true}]}}