{"id":152500,"date":"2023-11-15T14:56:21","date_gmt":"2023-11-15T13:56:21","guid":{"rendered":"https:\/\/reassurez-moi.fr\/guide\/per\/aviva"},"modified":"2023-11-15T14:56:21","modified_gmt":"2023-11-15T13:56:21","slug":"aviva","status":"publish","type":"page","link":"https:\/\/guide.reassurez-moi.fr\/guide\/per\/aviva","title":{"rendered":"PER Abeille Assurances"},"content":{"rendered":"\n<h1 class=\"wp-block-heading\">Le Plan d&rsquo;\u00c9pargne Retraite Abeille Assurances<\/h1>\n\n\n\n<p><strong>Le plan d\u2019\u00e9pargne retraite (PER) est un produit d&rsquo;\u00e9pargne qui permet de se constituer un compl\u00e9ment de retraite en ponctionnant sur son revenu salarial. Cette \u00e9pargne est disponible sous forme de rente viag\u00e8re d\u00e8s ses 60 ans ou \u00e0 l\u2019obtention de ses droits \u00e0 la retraite. Accessible \u00e0 tous, le PER n\u2019en demeure pas moins complexe. Que penser du PER propos\u00e9 par Abeille Assurances ? Quel est le rendement du PER Abeille Assurances ? Le d\u00e9tail de l&rsquo;offre et notre avis d&rsquo;expert sur le PER Abeille Assurances ! <\/strong><\/p>\n\n\n\n<h2 class=\"wp-block-heading\">Abeille Assurances, le meilleur PER ?<\/h2>\n\n\n\n<p><strong>Si les contrats de Plan \u00c9pargne Retraite peuvent \u00eatre per\u00e7us comme un placement s\u00e9curitaire, <\/strong>il convient cependant&nbsp;d\u2019\u00e9tudier diff\u00e9rents contrats pour choisir d&rsquo;\u00e9lire le plus  efficace et performant selon vos besoins. Comme son nom l\u2019indique, il doit vous permettre de constituer une \u00e9pargne confortable pour votre retraite, il est donc utile d\u2019y passer un peu de temps.<\/p>\n\n\n\n<div style=\"height:20px\" aria-hidden=\"true\" class=\"wp-block-spacer\"><\/div>\n\n\n\n<div class=\"flex  wp-block-rm-advertizing-block fix-in-sidebar\"><div class=\"image-container flex justify-center align-items-center py-3\"><img decoding=\"async\" src=\"https:\/\/guide.reassurez-moi.fr\/guide\/wp-content\/uploads\/2025\/06\/team_opti_short.png\" alt=\"reassurez-moi illustration\" class=\"wp-block-rm-advertizing-image\" loading=\"lazy\"\/><\/div><div class=\"\n                    rm-advertblock-container\n                    flex flex-column justify-center\n                    align-items-start\n                \"><p class=\"wp-block-rm-advertizing-text\n                              \n                            \">Plan \u00c9pargne Retraite : les meilleures offres 2026<\/p><a href=\"https:\/\/reassurez-moi.fr\/guide\/per\/meilleur\" class=\"wp-block-rm-advertizing-button\"><span class=\"wp-block-rm-advertizing-button-text\">Je compare 12 PER<\/span><\/a><\/div><\/div>\n\n\n\n\n<div style=\"height:20px\" aria-hidden=\"true\" class=\"wp-block-spacer\"><\/div>\n\n\n\n<blockquote class=\"wp-block-quote is-layout-flow wp-block-quote-is-layout-flow\"><p><em><span class=\"has-small-font-size\">En tant que courtier d&rsquo;assurance, notre mission est de vous informer et de vous conseiller sur les offres d&rsquo;assurance propos\u00e9es sur le march\u00e9. Ces fiches conseils ont pour objet de vous pr\u00e9senter les produits de nos <a href=\"https:\/\/reassurez-moi.fr\/guide\/cgu-cgv#MISE_EN_RELATION_AVEC_LES_PARTENAIRES\">assureurs partenaires<\/a> comme ceux avec lesquels nous n&rsquo;entretenons pas de liens.\u00a0Ces fiches vous donnent notre\u00a0analyse\u00a0objective\u00a0sur les contrats d&rsquo;assurance\u00a0mais aussi\u00a0des\u00a0informations sur les formalit\u00e9s d&rsquo;adh\u00e9sion.<\/span><\/em><\/p><\/blockquote>\n\n\n\n<h2 class=\"wp-block-heading\">Quel est le rendement du PER Abeille Assurances ? <\/h2>\n\n\n\n<p><strong>Voici les diff\u00e9rentes performances g\u00e9n\u00e9r\u00e9es par le Plan \u00c9pargne Retraite Abeille Assurances : <\/strong><\/p>\n\n\n\n<figure class=\"wp-block-table is-style-header-simple\"><table><thead><tr><th class=\"has-text-align-center\" data-align=\"center\"><strong>Taux PER Abeille Assurances 2022<\/strong><\/th><th class=\"has-text-align-center\" data-align=\"center\"><strong>Performance sur 3 ans<\/strong><\/th><\/tr><\/thead><tbody><tr><td class=\"has-text-align-center\" data-align=\"center\"><p>2 %        <\/p><\/td><td class=\"has-text-align-center\" data-align=\"center\">7,58 %\t<\/td><\/tr><\/tbody><\/table><\/figure>\n\n\n\n<p><br><strong>Voici le d\u00e9tail des garanties pr\u00e9voyance du contrat Abeille Assurances : <\/strong><\/p>\n\n\n\n<figure class=\"wp-block-table is-style-header-double\"><table><thead><tr><th><\/th><th class=\"has-text-align-center\" data-align=\"center\">Plan \u00c9pargne Retraite Abeille Assurances<\/th><\/tr><\/thead><tbody><tr><td><strong>D\u00e9c\u00e8s plancher<\/strong><\/td><td class=\"has-text-align-center\" data-align=\"center\"><i\n    class=\"safe-shortcode-icon\n                    no\n            \"\n                                    title=non\n            >\n<\/i><\/td><\/tr><tr><td><strong>Exon\u00e9ration des cotisations<\/strong><\/td><td class=\"has-text-align-center\" data-align=\"center\"><i\n    class=\"safe-shortcode-icon\n                    no\n            \"\n                                    title=non\n            >\n<\/i><\/td><\/tr><tr><td><strong>Garantie de bonne fin<\/strong><\/td><td class=\"has-text-align-center\" data-align=\"center\"><i\n    class=\"safe-shortcode-icon\n                    no\n            \"\n                                    title=non\n            >\n<\/i><\/td><\/tr><\/tbody><\/table><\/figure>\n\n\n\n<p><strong>Le volet unit\u00e9 de compte d\u2019un contrat PER est cl\u00e9.&nbsp;<\/strong>Les int\u00e9r\u00eats g\u00e9n\u00e9r\u00e9s sur le fonds euros sont ensuite r\u00e9partis entre les diff\u00e9rents supports en unit\u00e9s de compte choisis par le souscripteur. Voici le d\u00e9tail des possibilit\u00e9s qui s\u2019offrent \u00e0 vous pour le PER Abeille Assurances : <\/p>\n\n\n\n<figure class=\"wp-block-table is-style-header-simple\"><table><thead><tr><th class=\"has-text-align-center\" data-align=\"center\"><strong>La gestion du PER Abeille Assurances<\/strong><\/th><th class=\"has-text-align-center\" data-align=\"center\"><strong>D\u00e9tails<\/strong><\/th><\/tr><\/thead><tbody><tr><td class=\"has-text-align-center\" data-align=\"center\"><strong>Nombre total d\u2019UC disponibles<\/strong><\/td><td class=\"has-text-align-center\" data-align=\"center\">40<\/td><\/tr><tr><td class=\"has-text-align-center\" data-align=\"center\"><strong>Acc\u00e8s \u00e0 une gestion libre<\/strong><\/td><td class=\"has-text-align-center\" data-align=\"center\"><i\n    class=\"safe-shortcode-icon\n                    yes\n            \"\n                                    title=oui\n            >\n<\/i><\/td><\/tr><tr><td class=\"has-text-align-center\" data-align=\"center\"><strong>Acc\u00e8s \u00e0 une gestion horizon<\/strong><\/td><td class=\"has-text-align-center\" data-align=\"center\"><i\n    class=\"safe-shortcode-icon\n                    yes\n            \"\n                                    title=oui\n            >\n<\/i><\/td><\/tr><tr><td class=\"has-text-align-center\" data-align=\"center\"><strong>Acc\u00e8s \u00e0 une gestion par d\u00e9cret<\/strong><\/td><td class=\"has-text-align-center\" data-align=\"center\"><i\n    class=\"safe-shortcode-icon\n                    yes\n            \"\n                                    title=oui\n            >\n<\/i><\/td><\/tr><\/tbody><\/table><\/figure>\n\n\n<p><strong>Pour retrouver l&rsquo;ensemble des modalit\u00e9s de gestion <\/strong>et de fonctionnement du plan \u00e9pargne retraite Abeille Assurances, retrouvez ci-joint les CG du contrat PER Abeille Assurances que nous vous proposons en t\u00e9l\u00e9chargement :<\/p>\n<!-- \/wp:paragraph -->\n\n<!-- wp:paragraph {\"align\":\"center\"} -->\n<p class=\"has-text-align-center\"><strong><a href=\"https:\/\/guide.reassurez-moi.fr\/guide\/wp-content\/uploads\/2019\/06\/aviva-fiche-contrat-perp-retraite.pdf\">T\u00e9l\u00e9charger les conditions g\u00e9n\u00e9rales du PER Abeille Assurances<\/a> :<\/strong><\/p>\n<!-- \/wp:paragraph -->\n\n<!-- wp:image {\"align\":\"center\",\"id\":73864,\"width\":125,\"height\":125,\"sizeSlug\":\"large\",\"linkDestination\":\"none\"} -->\n<div class=\"wp-block-image\"><figure class=\"aligncenter size-large is-resized\"><a href=\"https:\/\/guide.reassurez-moi.fr\/guide\/wp-content\/uploads\/2019\/06\/aviva-fiche-contrat-perp-retraite.pdf\"><img loading=\"lazy\" decoding=\"async\" src=\"https:\/\/guide.reassurez-moi.fr\/guide\/wp-content\/uploads\/2019\/09\/telecharger-lettre-500x500.jpg\" alt=\"telecharger lettre\" class=\"wp-image-73864\" width=\"125\" height=\"125\"\/><\/a><\/figure><\/div>\n<!-- \/wp:image -->\n<!-- wp:heading -->\n<h2>Quelle est la fiscalit\u00e9 du Plan \u00c9pargne Retraite Abeille Assurances ?<\/h2>\n<!-- \/wp:heading -->\n\n<!-- wp:paragraph -->\n<p><strong>La prise en compte des&nbsp;<a href=\"https:\/\/reassurez-moi.fr\/guide\/per\/fiscalite\">frais des contrats PER<\/a>&nbsp;est particuli\u00e8rement importante<\/strong>&nbsp;puisqu\u2019ils interviennent au moment de la souscription mais aussi pendant la dur\u00e9e de vie du contrat (frais entrants et frais sortants) et \u00e0 sa cl\u00f4ture. <\/p>\n<!-- \/wp:paragraph -->\n\n<!-- wp:mars\/information -->\n<div class=\"wp-block-mars-information icon-info\"><i class=\"icon\"><\/i><p><strong>Vous \u00eates TNS ?<\/strong> Alors vous b\u00e9n\u00e9ficiez d&rsquo;une fiscalit\u00e9 avantageuse ! En effet, les versements sur le PER peuvent \u00eatre d\u00e9duit de votre assiette fiscale. Cela vous permet d&rsquo;\u00e9pargner tout en faisant des \u00e9conomies d&rsquo;imp\u00f4ts.<\/p><\/div>\n<!-- \/wp:mars\/information -->\n\n<!-- wp:spacer {\"height\":\"20px\"} -->\n<div style=\"height:20px\" aria-hidden=\"true\" class=\"wp-block-spacer\"><\/div>\n<!-- \/wp:spacer -->\n\n<!-- wp:table {\"className\":\"is-style-header-simple\"} -->\n<figure class=\"wp-block-table is-style-header-simple\"><table><thead><tr><th><strong>PER <strong>Abeille Assurances<\/strong><\/th><th class=\"has-text-align-center\" data-align=\"center\"><strong>Pourcentage appliqu\u00e9<\/strong><\/th><\/tr><\/thead><tbody><tr><td><strong>Frais sur les versements<\/strong><\/td><td class=\"has-text-align-center\" data-align=\"center\">5 % du montant du versement<\/td><\/tr><tr><td><strong>Frais de gestion UC<\/strong><\/td><td class=\"has-text-align-center\" data-align=\"center\"><p>0,97 % des int\u00e9r\u00eats per\u00e7us<\/p><\/td><\/tr><tr><td><strong>Frais sur les arr\u00e9rages<\/strong><\/td><td class=\"has-text-align-center\" data-align=\"center\"><p>3 % des int\u00e9r\u00eats per\u00e7us<\/p><\/td><\/tr><tr><td><strong>Frais de gestion financi\u00e8re en cours de vie de l\u2019adh\u00e9sion<\/strong><\/td><td class=\"has-text-align-center\" data-align=\"center\"><p>0,97 % des int\u00e9r\u00eats per\u00e7us<\/p><\/td><\/tr><tr><td><strong>Frais de transfert <\/strong><\/td><td class=\"has-text-align-center\" data-align=\"center\"><p>5 % de la valeur pour les transferts entrants<br \/>\n5 % de la valeur du transfert sur les sortants<\/p><\/td><\/tr><tr><td><strong>Sortie en capital<\/strong><\/td><td class=\"has-text-align-center\" data-align=\"center\"><p>\u00e0 hauteur de 20%<\/p><\/td><\/tr><tr><td><strong>Annuit\u00e9s garanties\/r\u00e9versibles<\/strong><\/td><td class=\"has-text-align-center\" data-align=\"center\"><i\n    class=\"safe-shortcode-icon\n                    yes\n            \"\n                                    title=oui\n            >\n<\/i><\/td><\/tr><tr><td><strong>Rente viag\u00e8re\/r\u00e9versible<\/strong><\/td><td class=\"has-text-align-center\" data-align=\"center\"><i\n    class=\"safe-shortcode-icon\n                    yes\n            \"\n                                    title=oui\n            >\n<\/i><\/td><\/tr><\/tbody><\/table><\/figure>\n<!-- \/wp:table -->\n\n\n<!-- wp:heading -->\n<h2>Quel est notre avis sur le PER Abeille Assurances ? <\/h2>\n<!-- \/wp:heading -->\n\n<!-- wp:paragraph -->\n<p><p>Notre avis sur ce contrat est plut\u00f4t r\u00e9serv\u00e9, et ce, pour plusieurs raisons. Le PER Retraite Abeille Assurances m\u00e9riterait quelques am\u00e9liorations, notamment au niveau des frais qui sont dans l\u2019ensemble cons\u00e9quents : 5 % de frais sur versements, 5 % de frais de transfert, 0,97 % de frais de gestion\u2026 Le volet pr\u00e9voyance est tr\u00e8s faible : d\u00e9c\u00e8s plancher, garantie de bonne fin et exon\u00e9ration des cotisations ne sont pas des options propos\u00e9es. Par ailleurs, le versement initial minimum est fix\u00e9 \u00e0 750 \u20ac, ce qui est tr\u00e8s \u00e9lev\u00e9.<\/p>\n<p>En revanche, le fonds euros est assez performant et les supports sont vari\u00e9s (40 supports, 7 cat\u00e9gories AMF). Les diff\u00e9rentes sorties au moment de la retraite sont int\u00e9ressantes : il est possible de choisir la rente ou le capital. La libert\u00e9 de versements est un atout pour ce contrat. Enfin, deux modes de gestion sont disponibles : la gestion \u00e9volutive \u00ab d\u00e9cret \u00bb, mode assez s\u00e9curitaire, et la gestion \u00e9volutive Abeille Assurance, moins s\u00e9curitaire mais qui privil\u00e9gie la recherche d\u2019un rendement plus \u00e9lev\u00e9 plus longtemps.<\/p><\/p>\n<!-- \/wp:paragraph -->\n\n<!-- wp:heading -->\n<h2>Quelles sont les conditions de souscription du Plan \u00e9pargne retraite Abeille Assurances ?<\/h2>\n<!-- \/wp:heading -->\n\n<!-- wp:paragraph -->\n<p>Concernant le PER&nbsp;Abeille Assurances, voici les modalit\u00e9s \u00e0 respecter :&nbsp;&nbsp;<\/p>\n<!-- \/wp:paragraph -->\n\n<!-- wp:list -->\n<ul><li><strong>versement initial minimum<\/strong>&nbsp;: 750\u20ac ;<\/li><li><strong>mode de souscription<\/strong>&nbsp;:&nbsp;contrat classique et\/ou en ligne.<\/li><\/ul>\n<!-- \/wp:list -->\n\n<!-- wp:mars\/information -->\n<div class=\"wp-block-mars-information icon-info\"><i class=\"icon\"><\/i><p><strong>Quand souscrire un contrat PER ?<\/strong>\u00a0Le plus t\u00f4t possible ! Plus t\u00f4t vous commencez, plus les int\u00e9r\u00eats pourront cro\u00eetre. <\/p><\/div>\n<!-- \/wp:mars\/information -->\n\n<!-- wp:spacer -->\n<div style=\"height:100px\" aria-hidden=\"true\" class=\"wp-block-spacer\"><\/div>\n<!-- \/wp:spacer -->","protected":false},"excerpt":{"rendered":"<p>Le Plan d&rsquo;\u00c9pargne Retraite Abeille Assurances Le plan d\u2019\u00e9pargne retraite (PER) est un produit d&rsquo;\u00e9pargne qui permet de se constituer un compl\u00e9ment de retraite en ponctionnant sur son revenu salarial. Cette \u00e9pargne est disponible sous forme de rente viag\u00e8re d\u00e8s ses 60 ans ou \u00e0 l\u2019obtention de ses droits \u00e0 la retraite. Accessible \u00e0 tous, [&hellip;]<\/p>\n","protected":false},"author":61,"featured_media":0,"parent":66263,"menu_order":0,"comment_status":"open","ping_status":"closed","template":"","meta":{"_acf_changed":false,"footnotes":""},"categories":[],"page_topic":[786],"class_list":["post-152500","page","type-page","status-publish","hentry"],"yoast_head":"<!-- This site is optimized with the Yoast SEO plugin v24.7 - https:\/\/yoast.com\/wordpress\/plugins\/seo\/ -->\n<title>Notre avis sur le PER propos\u00e9 par Abeille Assurances | Rendement et conseils<\/title>\n<meta name=\"description\" content=\"Tous les d\u00e9tails du Plan \u00c9pargne retraite Abeille Assurances - Trouvez la formule la plus adapt\u00e9e \u00e0 votre \u00e9pargne ! Comparatif &amp; avis\" \/>\n<meta name=\"robots\" content=\"index, follow, max-snippet:-1, max-image-preview:large, max-video-preview:-1\" \/>\n<link rel=\"canonical\" href=\"https:\/\/guide.reassurez-moi.fr\/guide\/per\/aviva\" \/>\n<meta property=\"og:locale\" content=\"fr_FR\" \/>\n<meta property=\"og:type\" content=\"article\" \/>\n<meta property=\"og:title\" content=\"Notre avis sur le PER propos\u00e9 par Abeille Assurances | Rendement et conseils\" \/>\n<meta property=\"og:description\" content=\"Tous les d\u00e9tails du Plan \u00c9pargne retraite Abeille Assurances - Trouvez la formule la plus adapt\u00e9e \u00e0 votre \u00e9pargne ! Comparatif &amp; avis\" \/>\n<meta property=\"og:url\" content=\"https:\/\/guide.reassurez-moi.fr\/guide\/per\/aviva\" \/>\n<meta property=\"og:site_name\" content=\"R\u00e9assurez-moi\" \/>\n<meta property=\"article:publisher\" content=\"https:\/\/www.facebook.com\/R%c3%a9assurez-moi-209456495889479\/\" \/>\n<meta property=\"og:image\" content=\"https:\/\/guide.reassurez-moi.fr\/guide\/wp-content\/uploads\/2018\/04\/image-de-partage.png\" \/>\n\t<meta property=\"og:image:width\" content=\"500\" \/>\n\t<meta property=\"og:image:height\" content=\"160\" \/>\n\t<meta property=\"og:image:type\" content=\"image\/png\" \/>\n<meta name=\"twitter:card\" content=\"summary_large_image\" \/>\n<meta name=\"twitter:site\" content=\"@reassurezmoi\" \/>\n<script type=\"application\/ld+json\" class=\"yoast-schema-graph\">{\"@context\":\"https:\/\/schema.org\",\"@graph\":[{\"@type\":\"WebPage\",\"@id\":\"https:\/\/guide.reassurez-moi.fr\/guide\/per\/aviva\",\"url\":\"https:\/\/guide.reassurez-moi.fr\/guide\/per\/aviva\",\"name\":\"PER Abeille Assurances | R\u00e9assurez-moi\",\"isPartOf\":{\"@id\":\"https:\/\/guide.reassurez-moi.fr\/guide\/#website\"},\"datePublished\":\"2023-11-15T13:56:21+00:00\",\"breadcrumb\":{\"@id\":\"https:\/\/guide.reassurez-moi.fr\/guide\/per\/aviva#breadcrumb\"},\"inLanguage\":\"fr-FR\",\"potentialAction\":[{\"@type\":\"ReadAction\",\"target\":[\"https:\/\/guide.reassurez-moi.fr\/guide\/per\/aviva\"]}]},{\"@type\":\"BreadcrumbList\",\"@id\":\"https:\/\/guide.reassurez-moi.fr\/guide\/per\/aviva#breadcrumb\",\"itemListElement\":[{\"@type\":\"ListItem\",\"position\":1,\"name\":\"Assurances\",\"item\":\"https:\/\/guide.reassurez-moi.fr\/guide\/\"},{\"@type\":\"ListItem\",\"position\":2,\"name\":\"PER\",\"item\":\"https:\/\/guide.reassurez-moi.fr\/guide\/per\"},{\"@type\":\"ListItem\",\"position\":3,\"name\":\"PER Abeille Assurances\"}]},{\"@type\":\"WebSite\",\"@id\":\"https:\/\/guide.reassurez-moi.fr\/guide\/#website\",\"url\":\"https:\/\/guide.reassurez-moi.fr\/guide\/\",\"name\":\"R\u00e9assurez-moi\",\"description\":\"Comparateur d&#039;assurances\",\"potentialAction\":[{\"@type\":\"SearchAction\",\"target\":{\"@type\":\"EntryPoint\",\"urlTemplate\":\"https:\/\/guide.reassurez-moi.fr\/guide\/?s={search_term_string}\"},\"query-input\":{\"@type\":\"PropertyValueSpecification\",\"valueRequired\":true,\"valueName\":\"search_term_string\"}}],\"inLanguage\":\"fr-FR\"}]}<\/script>\n<!-- \/ Yoast SEO plugin. -->","yoast_head_json":{"title":"Notre avis sur le PER propos\u00e9 par Abeille Assurances | Rendement et conseils","description":"Tous les d\u00e9tails du Plan \u00c9pargne retraite Abeille Assurances - Trouvez la formule la plus adapt\u00e9e \u00e0 votre \u00e9pargne ! Comparatif & avis","robots":{"index":"index","follow":"follow","max-snippet":"max-snippet:-1","max-image-preview":"max-image-preview:large","max-video-preview":"max-video-preview:-1"},"canonical":"https:\/\/guide.reassurez-moi.fr\/guide\/per\/aviva","og_locale":"fr_FR","og_type":"article","og_title":"Notre avis sur le PER propos\u00e9 par Abeille Assurances | Rendement et conseils","og_description":"Tous les d\u00e9tails du Plan \u00c9pargne retraite Abeille Assurances - Trouvez la formule la plus adapt\u00e9e \u00e0 votre \u00e9pargne ! Comparatif & avis","og_url":"https:\/\/guide.reassurez-moi.fr\/guide\/per\/aviva","og_site_name":"R\u00e9assurez-moi","article_publisher":"https:\/\/www.facebook.com\/R%c3%a9assurez-moi-209456495889479\/","og_image":[{"width":500,"height":160,"url":"https:\/\/guide.reassurez-moi.fr\/guide\/wp-content\/uploads\/2018\/04\/image-de-partage.png","type":"image\/png"}],"twitter_card":"summary_large_image","twitter_site":"@reassurezmoi","schema":{"@context":"https:\/\/schema.org","@graph":[{"@type":"WebPage","@id":"https:\/\/guide.reassurez-moi.fr\/guide\/per\/aviva","url":"https:\/\/guide.reassurez-moi.fr\/guide\/per\/aviva","name":"PER Abeille Assurances | R\u00e9assurez-moi","isPartOf":{"@id":"https:\/\/guide.reassurez-moi.fr\/guide\/#website"},"datePublished":"2023-11-15T13:56:21+00:00","breadcrumb":{"@id":"https:\/\/guide.reassurez-moi.fr\/guide\/per\/aviva#breadcrumb"},"inLanguage":"fr-FR","potentialAction":[{"@type":"ReadAction","target":["https:\/\/guide.reassurez-moi.fr\/guide\/per\/aviva"]}]},{"@type":"BreadcrumbList","@id":"https:\/\/guide.reassurez-moi.fr\/guide\/per\/aviva#breadcrumb","itemListElement":[{"@type":"ListItem","position":1,"name":"Assurances","item":"https:\/\/guide.reassurez-moi.fr\/guide\/"},{"@type":"ListItem","position":2,"name":"PER","item":"https:\/\/guide.reassurez-moi.fr\/guide\/per"},{"@type":"ListItem","position":3,"name":"PER Abeille Assurances"}]},{"@type":"WebSite","@id":"https:\/\/guide.reassurez-moi.fr\/guide\/#website","url":"https:\/\/guide.reassurez-moi.fr\/guide\/","name":"R\u00e9assurez-moi","description":"Comparateur d&#039;assurances","potentialAction":[{"@type":"SearchAction","target":{"@type":"EntryPoint","urlTemplate":"https:\/\/guide.reassurez-moi.fr\/guide\/?s={search_term_string}"},"query-input":{"@type":"PropertyValueSpecification","valueRequired":true,"valueName":"search_term_string"}}],"inLanguage":"fr-FR"}]}},"acf":[],"_links":{"self":[{"href":"https:\/\/guide.reassurez-moi.fr\/guide\/wp-json\/wp\/v2\/pages\/152500","targetHints":{"allow":["GET"]}}],"collection":[{"href":"https:\/\/guide.reassurez-moi.fr\/guide\/wp-json\/wp\/v2\/pages"}],"about":[{"href":"https:\/\/guide.reassurez-moi.fr\/guide\/wp-json\/wp\/v2\/types\/page"}],"author":[{"embeddable":true,"href":"https:\/\/guide.reassurez-moi.fr\/guide\/wp-json\/wp\/v2\/users\/61"}],"replies":[{"embeddable":true,"href":"https:\/\/guide.reassurez-moi.fr\/guide\/wp-json\/wp\/v2\/comments?post=152500"}],"version-history":[{"count":0,"href":"https:\/\/guide.reassurez-moi.fr\/guide\/wp-json\/wp\/v2\/pages\/152500\/revisions"}],"up":[{"embeddable":true,"href":"https:\/\/guide.reassurez-moi.fr\/guide\/wp-json\/wp\/v2\/pages\/66263"}],"wp:attachment":[{"href":"https:\/\/guide.reassurez-moi.fr\/guide\/wp-json\/wp\/v2\/media?parent=152500"}],"wp:term":[{"taxonomy":"category","embeddable":true,"href":"https:\/\/guide.reassurez-moi.fr\/guide\/wp-json\/wp\/v2\/categories?post=152500"},{"taxonomy":"page_topic","embeddable":true,"href":"https:\/\/guide.reassurez-moi.fr\/guide\/wp-json\/wp\/v2\/page_topic?post=152500"}],"curies":[{"name":"wp","href":"https:\/\/api.w.org\/{rel}","templated":true}]}}