{"id":155763,"date":"2021-03-12T00:34:05","date_gmt":"2021-03-11T23:34:05","guid":{"rendered":"https:\/\/reassurez-moi.fr\/guide\/?page_id=155763"},"modified":"2026-02-02T16:37:45","modified_gmt":"2026-02-02T15:37:45","slug":"lettre-resiliation","status":"publish","type":"page","link":"https:\/\/guide.reassurez-moi.fr\/guide\/assurance-auto\/modele\/lettre-resiliation","title":{"rendered":"Assurance auto &#8211; Lettre r\u00e9siliation assurance auto"},"content":{"rendered":"\n<h1 class=\"wp-block-heading\" id=\"lettres-de-resiliation-de-l-assurance-auto\">Lettres de r\u00e9siliation de l&rsquo;assurance auto <\/h1>\n\n\n\n<p><strong>Gr\u00e2ce aux diff\u00e9rentes lois Hamon et Ch\u00e2tel, il est aujourd\u2019hui facile de r\u00e9silier son assurance auto. Pour cela, il vous faudra envoyer une lettre de r\u00e9siliation \u00e0 votre assureur auto pour l\u2019avertir de votre d\u00e9cision. Selon le motif de votre r\u00e9siliation, diff\u00e9rents formats sont \u00e0 respecter. Voici nos mod\u00e8les de lettre de r\u00e9siliation d&rsquo;assurance auto selon les diff\u00e9rents cas de figure possibles. <\/strong><\/p>\n\n\n\n<h2 class=\"wp-block-heading\" id=\"notre-lettre-de-resiliation-de-l-assurance-auto-en-cas-de-destruction\"><strong>Notre lettre de r\u00e9siliation de l\u2019assurance auto en cas de destruction<\/strong><\/h2>\n\n\n\n<p><strong>En cas de destruction du v\u00e9hicule ou vol de ce dernier, vous avez la possibilit\u00e9 de r\u00e9silier votre assurance auto.<\/strong>&nbsp;Il arrive qu\u2019apr\u00e8s un accident, une catastrophe naturelle ou encore une infraction, votre v\u00e9hicule soit hors d\u2019usage et que les r\u00e9parations ne soient pas envisageables. Ce cas est consid\u00e9r\u00e9 comme force majeure et vous permet de r\u00e9silier votre assurance auto.<br><br><strong>Pour cela, vous devrez envoy\u00e9 une lettre de r\u00e9siliation d\u2019assurance auto \u00e0 votre assureur.&nbsp;<\/strong>Cette derni\u00e8re devra \u00eatre accompagn\u00e9e du certificat de destruction du v\u00e9hicule ainsi que de sa carte grise, portant l\u2019inscription \u00ab&nbsp;v\u00e9hicule d\u00e9truit&nbsp;\u00bb.<\/p>\n\n\n\n<div style=\"height:20px\" aria-hidden=\"true\" class=\"wp-block-spacer\"><\/div>\n\n\n\n<p class=\"has-text-align-center\"><a href=\"https:\/\/guide.reassurez-moi.fr\/guide\/wp-content\/uploads\/2020\/07\/lettre_resiliation_assurance_auto_destruction.docx\">T\u00e9l\u00e9charger la lettre de r\u00e9siliation de l\u2019assurance auto pour destruction du v\u00e9hicule :<\/a><\/p>\n\n\n\n<div class=\"wp-block-image\"><figure class=\"aligncenter size-full is-resized\"><a href=\"https:\/\/guide.reassurez-moi.fr\/guide\/wp-content\/uploads\/2020\/07\/lettre_resiliation_assurance_auto_destruction.docx\" target=\"_blank\" rel=\"noreferrer noopener\"><img loading=\"lazy\" decoding=\"async\" src=\"https:\/\/guide.reassurez-moi.fr\/guide\/wp-content\/uploads\/2018\/04\/lettre-type-resiliation-mutuelle.png\" alt=\"lettre resiliation destruction auto\" class=\"wp-image-30842\" width=\"222\" height=\"313\"\/><\/a><\/figure><\/div>\n\n\n\n\n\n<p><strong>Pour souscrire un nouveau contrat auto et obtenir un devis d&rsquo;assurance en ligne et gratuitement, <\/strong>R\u00e9assurez-moi met \u00e0 votre disposition un comparateur des meilleurs contrats auto du march\u00e9 :<\/p>\n\n\n\n<div class=\"wp-block-rm-advertizing-block fix-in-sidebar advertising-block-sidebar-item\">\n    <div class=\"image-container flex justify-center align-items-center\">\n        <img decoding=\"async\" src=\"https:\/\/guide.reassurez-moi.fr\/guide\/wp-content\/uploads\/2025\/06\/team_opti_short.png\"\n             alt=\"reassurez-moi illustration\"\n             class=\"wp-block-rm-advertizing-image\"\n             loading=\"lazy\"\n        \/>\n    <\/div>\n    <div class=\"rm-advertblock-container flex flex-column justify-center align-items-start\">\n        <p class=\"wp-block-rm-advertizing-text\">\n            Assurance auto\n        <\/p>\n        <p class=\"wp-block-rm-advertizing-sub-text\">\n            les meilleures offres 2026\n        <\/p>\n        <a\n            href=\"https:\/\/reassurez-moi.fr\/guide\/assurance-auto\"\n            class=\"wp-block-rm-advertizing-button\"\n        >\n            <span class=\"wp-block-rm-advertizing-button-text\">\n                Comparer\n            <\/span>\n            <span class=\"wp-block-rm-advertizing-button-sub-text\">\n                les assurances auto\n            <\/span>\n        <\/a>\n    <\/div>\n<\/div>\n\n\n\n\n\n<h2 class=\"wp-block-heading\" id=\"notre-lettre-de-resiliation-de-l-assurance-auto-en-cas-de-vente-du-vehicule\">Notre lettre de r\u00e9siliation de l&rsquo;assurance auto en cas de vente du v\u00e9hicule <\/h2>\n\n\n\n<p><strong>La vente ou la s\u00e9paration de votre v\u00e9hicule sont des raisons qui permettent la r\u00e9siliation de votre assurance auto, sans \u00e9ch\u00e9ance.&nbsp;<\/strong>D\u00e8s le lendemain de la vente du v\u00e9hicule, votre assurance auto sera automatiquement suspendue. Pour autant, votre assureur doit \u00eatre pr\u00e9venu de la vente du v\u00e9hicule, ce qui induit l\u2019envoi d\u2019une lettre de r\u00e9siliation de votre assurance auto.<\/p>\n\n\n\n<p><strong>La lettre de r\u00e9siliation de l\u2019assurance auto suite \u00e0 la vente du v\u00e9hicule devra \u00eatre accompagn\u00e9e d\u2019une copie du contrat de&nbsp;<a href=\"https:\/\/reassurez-moi.fr\/guide\/assurance-auto\/cession\">cession du v\u00e9hicule<\/a>.<\/strong><\/p>\n\n\n\n<div style=\"height:20px\" aria-hidden=\"true\" class=\"wp-block-spacer\"><\/div>\n\n\n\n<p class=\"has-text-align-center\"><a href=\"https:\/\/guide.reassurez-moi.fr\/guide\/wp-content\/uploads\/2019\/01\/lettre-de-resiliation-assurance-auto-vente.docx\">T\u00e9l\u00e9charger la lettre de r\u00e9siliation de l&rsquo;assurance auto en cas de vente :<\/a><\/p>\n\n\n\n<div class=\"wp-block-image\"><figure class=\"aligncenter size-full is-resized\"><a href=\"https:\/\/guide.reassurez-moi.fr\/guide\/wp-content\/uploads\/2019\/01\/lettre-de-resiliation-assurance-auto-vente.docx\" target=\"_blank\" rel=\"noreferrer noopener\"><img loading=\"lazy\" decoding=\"async\" src=\"https:\/\/guide.reassurez-moi.fr\/guide\/wp-content\/uploads\/2018\/04\/lettre-type-resiliation-mutuelle.png\" alt=\"lettre resiliation\" class=\"wp-image-30842\" width=\"222\" height=\"313\"\/><\/a><\/figure><\/div>\n\n\n\n<div style=\"height:20px\" aria-hidden=\"true\" class=\"wp-block-spacer\"><\/div>\n\n\n\n<div class=\"wp-block-mars-information icon-info\"><i class=\"icon\"><\/i><p>Si votre prime d\u2019assurance est annuelle, votre assureur devra proc\u00e9der au remboursement des sommes dues pour la p\u00e9riode allant de la vente du v\u00e9hicule \u00e0 la date d\u2019\u00e9ch\u00e9ance du contrat.<\/p><\/div>\n\n\n\n\n\n<h2 class=\"wp-block-heading\" id=\"resiliation-d-assurance-auto-et-loi-chatel-notre-modele-de-lettre\"><strong>R\u00e9siliation d\u2019assurance auto et loi Chatel, notre mod\u00e8le de lettre&nbsp;<\/strong><\/h2>\n\n\n\n<p><strong>Depuis 2005, la&nbsp;<a href=\"https:\/\/reassurez-moi.fr\/guide\/assurance-auto\/loi-chatel\">loi Ch\u00e2tel<\/a>&nbsp;oblige les assureurs \u00e0 pr\u00e9venir les assur\u00e9s de la date d\u2019\u00e9ch\u00e9ance de leur contrat.<\/strong>&nbsp;Applicable pour toutes les assurances \u00e0 la consommation, cette loi favorise la concurrence et permet \u00e0 l\u2019assur\u00e9 de ne peut plus voir son contrat reconduit automatiquement.<br><br><strong>Cette loi est une obligation pour les assureurs.&nbsp;<\/strong>L\u2019avis d\u2019\u00e9ch\u00e9ance de votre assurance auto doit vous \u00eatre envoy\u00e9 entre 3 mois et 2 semaines avant la date limite de r\u00e9siliation avant le renouvellement de votre contrat.<br><br><strong>Trois cas de figure peuvent se pr\u00e9senter :<\/strong><\/p>\n\n\n\n<ul class=\"wp-block-list\"><li><strong>vous recevez votre avis d\u2019\u00e9ch\u00e9ance et souhaitez r\u00e9silier votre assurance auto.&nbsp;<\/strong>Dans ce cas, vous devrez envoyer votre lettre de r\u00e9siliation au maximum 15 jours avant l\u2019expiration du d\u00e9lai de date limite ;<\/li><\/ul>\n\n\n\n<ul class=\"wp-block-list\"><li><strong>vous recevez votre avis d\u2019\u00e9ch\u00e9ance moins de 15 jours avant la date limite.&nbsp;<\/strong>Vous b\u00e9n\u00e9ficiez donc de 20 jours suppl\u00e9mentaires \u00e0 compter de la date de r\u00e9ception pour la r\u00e9siliation de votre assurance auto ;<\/li><\/ul>\n\n\n\n<ul class=\"wp-block-list\"><li><strong>vous ne recevez pas votre avis d\u2019\u00e9ch\u00e9ance.<\/strong>&nbsp;Votre assureur est en faute et vous pouvez faire appel \u00e0 la loi Chatel pour r\u00e9silier votre contrat d\u2019assurance auto \u00e0 tout moment \u00e0 compter de sa date d\u2019\u00e9ch\u00e9ance.<\/li><\/ul>\n\n\n\n<div style=\"height:20px\" aria-hidden=\"true\" class=\"wp-block-spacer\"><\/div>\n\n\n\n<p class=\"has-text-align-center\"><a href=\"https:\/\/guide.reassurez-moi.fr\/guide\/wp-content\/uploads\/2019\/01\/lettre-de-resiliation-assurance-auto-loi-chatel.docx\">T\u00e9l\u00e9charger notre lettre de r\u00e9siliation de l\u2019assurance auto loi Chatel&nbsp;<\/a>:<\/p>\n\n\n\n<div class=\"wp-block-image\"><figure class=\"aligncenter size-full is-resized\"><a href=\"https:\/\/guide.reassurez-moi.fr\/guide\/wp-content\/uploads\/2019\/01\/lettre-de-resiliation-assurance-auto-loi-chatel.docx\" target=\"_blank\" rel=\"noreferrer noopener\"><img loading=\"lazy\" decoding=\"async\" src=\"https:\/\/guide.reassurez-moi.fr\/guide\/wp-content\/uploads\/2018\/04\/lettre-type-resiliation-mutuelle.png\" alt=\"lettre resiliation\" class=\"wp-image-30842\" width=\"222\" height=\"313\"\/><\/a><\/figure><\/div>\n\n\n\n\n\n<h2 class=\"wp-block-heading\" id=\"notre-lettre-de-resiliation-de-l-assurance-auto-loi-hamon\"><strong>Notre lettre de r\u00e9siliation de l\u2019assurance auto loi Hamon<\/strong><\/h2>\n\n\n\n<p><strong>Gr\u00e2ce \u00e0 la&nbsp;<a href=\"https:\/\/reassurez-moi.fr\/guide\/assurance-auto\/loi-hamon\">loi Hamon, l\u2019assurance auto<\/a>&nbsp;a vu ses conditions de r\u00e9siliation s\u2019assouplir.<\/strong>&nbsp;Depuis le 29 d\u00e9cembre 2014, l\u2019assur\u00e9 a la possibilit\u00e9 de r\u00e9silier son contrat d\u2019assurance auto, \u00e0 tout moment apr\u00e8s la premi\u00e8re ann\u00e9e d\u2019adh\u00e9sion. Ainsi, si vous avez trouv\u00e9 une assurance auto moins ch\u00e8re ou une <a href=\"https:\/\/reassurez-moi.fr\/guide\/assurance-auto\/meilleure\">meilleure couverture pour votre v\u00e9hicule<\/a>, n&rsquo;h\u00e9sitez pas \u00e0 vous d\u00e9faire de votre ancien assureur !   <br><br><strong>Cette disposition n\u2019exige aucun justificatif.&nbsp;<\/strong>Ainsi, vous \u00eates libre de remettre en concurrence votre assurance auto tous les ans afin de b\u00e9n\u00e9ficier des meilleurs tarifs et garanties pour votre v\u00e9hicule.<\/p>\n\n\n\n<div style=\"height:20px\" aria-hidden=\"true\" class=\"wp-block-spacer\"><\/div>\n\n\n\n<p class=\"has-text-align-center\"><a href=\"https:\/\/guide.reassurez-moi.fr\/guide\/wp-content\/uploads\/2019\/01\/modele-lettre-resiliation-auto-loi-hamon.docx\">Lettre de r\u00e9siliation de l\u2019assurance auto avec la loi Hamo<\/a>n :<\/p>\n\n\n\n<div class=\"wp-block-image\"><figure class=\"aligncenter size-full is-resized\"><a href=\"https:\/\/guide.reassurez-moi.fr\/guide\/wp-content\/uploads\/2019\/01\/modele-lettre-resiliation-auto-loi-hamon.docx\" target=\"_blank\" rel=\"noreferrer noopener\"><img loading=\"lazy\" decoding=\"async\" src=\"https:\/\/guide.reassurez-moi.fr\/guide\/wp-content\/uploads\/2018\/04\/lettre-type-resiliation-mutuelle.png\" alt=\"lettre resiliation\" class=\"wp-image-30842\" width=\"222\" height=\"313\"\/><\/a><\/figure><\/div>\n\n\n","protected":false},"excerpt":{"rendered":"<p>Lettres de r\u00e9siliation de l&rsquo;assurance auto Gr\u00e2ce aux diff\u00e9rentes lois Hamon et Ch\u00e2tel, il est aujourd\u2019hui facile de r\u00e9silier son assurance auto. Pour cela, il vous faudra envoyer une lettre de r\u00e9siliation \u00e0 votre assureur auto pour l\u2019avertir de votre d\u00e9cision. Selon le motif de votre r\u00e9siliation, diff\u00e9rents formats sont \u00e0 respecter. Voici nos mod\u00e8les\u2026<\/p>\n","protected":false},"author":86,"featured_media":0,"parent":147441,"menu_order":0,"comment_status":"open","ping_status":"closed","template":"","meta":{"_acf_changed":false,"footnotes":""},"categories":[],"page_topic":[564],"class_list":["post-155763","page","type-page","status-publish","hentry"],"yoast_head":"<!-- This site is optimized with the Yoast SEO plugin v24.7 - https:\/\/yoast.com\/wordpress\/plugins\/seo\/ -->\n<title>Lettres de r\u00e9siliation de l&#039;assurance auto - Mod\u00e8les \u00e0 t\u00e9l\u00e9charger<\/title>\n<meta name=\"description\" content=\"Compl\u00e9tez et t\u00e9l\u00e9chargez votre lettre de r\u00e9siliation d&#039;assurance auto. Diff\u00e9rents mod\u00e8les selon la situation : vente, \u00e9ch\u00e9ance, loi Hamon etc\" \/>\n<meta name=\"robots\" content=\"index, follow, max-snippet:-1, max-image-preview:large, max-video-preview:-1\" \/>\n<link rel=\"canonical\" href=\"https:\/\/guide.reassurez-moi.fr\/guide\/assurance-auto\/modele\/lettre-resiliation\" \/>\n<meta property=\"og:locale\" content=\"fr_FR\" \/>\n<meta property=\"og:type\" content=\"article\" \/>\n<meta property=\"og:title\" content=\"Lettres de r\u00e9siliation de l&#039;assurance auto - Mod\u00e8les \u00e0 t\u00e9l\u00e9charger\" \/>\n<meta property=\"og:description\" content=\"Compl\u00e9tez et t\u00e9l\u00e9chargez votre lettre de r\u00e9siliation d&#039;assurance auto. Diff\u00e9rents mod\u00e8les selon la situation : vente, \u00e9ch\u00e9ance, loi Hamon etc\" \/>\n<meta property=\"og:url\" content=\"https:\/\/guide.reassurez-moi.fr\/guide\/assurance-auto\/modele\/lettre-resiliation\" \/>\n<meta property=\"og:site_name\" content=\"R\u00e9assurez-moi\" \/>\n<meta property=\"article:publisher\" content=\"https:\/\/www.facebook.com\/R%c3%a9assurez-moi-209456495889479\/\" \/>\n<meta property=\"article:modified_time\" content=\"2026-02-02T15:37:45+00:00\" \/>\n<meta property=\"og:image\" content=\"https:\/\/guide.reassurez-moi.fr\/guide\/wp-content\/uploads\/2018\/04\/lettre-type-resiliation-mutuelle.png\" \/>\n<meta name=\"twitter:card\" content=\"summary_large_image\" \/>\n<meta name=\"twitter:site\" content=\"@reassurezmoi\" \/>\n<meta name=\"twitter:label1\" content=\"Dur\u00e9e de lecture estim\u00e9e\" \/>\n\t<meta name=\"twitter:data1\" content=\"5 minutes\" \/>\n<script type=\"application\/ld+json\" class=\"yoast-schema-graph\">{\"@context\":\"https:\/\/schema.org\",\"@graph\":[{\"@type\":\"WebPage\",\"@id\":\"https:\/\/guide.reassurez-moi.fr\/guide\/assurance-auto\/modele\/lettre-resiliation\",\"url\":\"https:\/\/guide.reassurez-moi.fr\/guide\/assurance-auto\/modele\/lettre-resiliation\",\"name\":\"Lettres de r\u00e9siliation de l'assurance auto - Mod\u00e8les \u00e0 t\u00e9l\u00e9charger\",\"isPartOf\":{\"@id\":\"https:\/\/guide.reassurez-moi.fr\/guide\/#website\"},\"primaryImageOfPage\":{\"@id\":\"https:\/\/guide.reassurez-moi.fr\/guide\/assurance-auto\/modele\/lettre-resiliation#primaryimage\"},\"image\":{\"@id\":\"https:\/\/guide.reassurez-moi.fr\/guide\/assurance-auto\/modele\/lettre-resiliation#primaryimage\"},\"thumbnailUrl\":\"https:\/\/guide.reassurez-moi.fr\/guide\/wp-content\/uploads\/2018\/04\/lettre-type-resiliation-mutuelle.png\",\"datePublished\":\"2021-03-11T23:34:05+00:00\",\"dateModified\":\"2026-02-02T15:37:45+00:00\",\"description\":\"Compl\u00e9tez et t\u00e9l\u00e9chargez votre lettre de r\u00e9siliation d'assurance auto. Diff\u00e9rents mod\u00e8les selon la situation : vente, \u00e9ch\u00e9ance, loi Hamon etc\",\"breadcrumb\":{\"@id\":\"https:\/\/guide.reassurez-moi.fr\/guide\/assurance-auto\/modele\/lettre-resiliation#breadcrumb\"},\"inLanguage\":\"fr-FR\",\"potentialAction\":[{\"@type\":\"ReadAction\",\"target\":[\"https:\/\/guide.reassurez-moi.fr\/guide\/assurance-auto\/modele\/lettre-resiliation\"]}]},{\"@type\":\"ImageObject\",\"inLanguage\":\"fr-FR\",\"@id\":\"https:\/\/guide.reassurez-moi.fr\/guide\/assurance-auto\/modele\/lettre-resiliation#primaryimage\",\"url\":\"https:\/\/guide.reassurez-moi.fr\/guide\/wp-content\/uploads\/2018\/04\/lettre-type-resiliation-mutuelle-e1650325816765.png\",\"contentUrl\":\"https:\/\/guide.reassurez-moi.fr\/guide\/wp-content\/uploads\/2018\/04\/lettre-type-resiliation-mutuelle-e1650325816765.png\",\"width\":80,\"height\":113,\"caption\":\"lettre type resiliation mutuelle\"},{\"@type\":\"BreadcrumbList\",\"@id\":\"https:\/\/guide.reassurez-moi.fr\/guide\/assurance-auto\/modele\/lettre-resiliation#breadcrumb\",\"itemListElement\":[{\"@type\":\"ListItem\",\"position\":1,\"name\":\"Assurances\",\"item\":\"https:\/\/guide.reassurez-moi.fr\/guide\/\"},{\"@type\":\"ListItem\",\"position\":2,\"name\":\"Assurance auto\",\"item\":\"https:\/\/guide.reassurez-moi.fr\/guide\/assurance-auto\"},{\"@type\":\"ListItem\",\"position\":3,\"name\":\"Mod\u00e8le\",\"item\":\"https:\/\/guide.reassurez-moi.fr\/guide\/assurance-auto\/modele\"},{\"@type\":\"ListItem\",\"position\":4,\"name\":\"Lettre de r\u00e9siliation\"}]},{\"@type\":\"WebSite\",\"@id\":\"https:\/\/guide.reassurez-moi.fr\/guide\/#website\",\"url\":\"https:\/\/guide.reassurez-moi.fr\/guide\/\",\"name\":\"R\u00e9assurez-moi\",\"description\":\"Comparateur d&#039;assurances\",\"potentialAction\":[{\"@type\":\"SearchAction\",\"target\":{\"@type\":\"EntryPoint\",\"urlTemplate\":\"https:\/\/guide.reassurez-moi.fr\/guide\/?s={search_term_string}\"},\"query-input\":{\"@type\":\"PropertyValueSpecification\",\"valueRequired\":true,\"valueName\":\"search_term_string\"}}],\"inLanguage\":\"fr-FR\"}]}<\/script>\n<!-- \/ Yoast SEO plugin. -->","yoast_head_json":{"title":"Lettres de r\u00e9siliation de l'assurance auto - Mod\u00e8les \u00e0 t\u00e9l\u00e9charger","description":"Compl\u00e9tez et t\u00e9l\u00e9chargez votre lettre de r\u00e9siliation d'assurance auto. Diff\u00e9rents mod\u00e8les selon la situation : vente, \u00e9ch\u00e9ance, loi Hamon etc","robots":{"index":"index","follow":"follow","max-snippet":"max-snippet:-1","max-image-preview":"max-image-preview:large","max-video-preview":"max-video-preview:-1"},"canonical":"https:\/\/guide.reassurez-moi.fr\/guide\/assurance-auto\/modele\/lettre-resiliation","og_locale":"fr_FR","og_type":"article","og_title":"Lettres de r\u00e9siliation de l'assurance auto - Mod\u00e8les \u00e0 t\u00e9l\u00e9charger","og_description":"Compl\u00e9tez et t\u00e9l\u00e9chargez votre lettre de r\u00e9siliation d'assurance auto. Diff\u00e9rents mod\u00e8les selon la situation : vente, \u00e9ch\u00e9ance, loi Hamon etc","og_url":"https:\/\/guide.reassurez-moi.fr\/guide\/assurance-auto\/modele\/lettre-resiliation","og_site_name":"R\u00e9assurez-moi","article_publisher":"https:\/\/www.facebook.com\/R%c3%a9assurez-moi-209456495889479\/","article_modified_time":"2026-02-02T15:37:45+00:00","og_image":[{"url":"https:\/\/guide.reassurez-moi.fr\/guide\/wp-content\/uploads\/2018\/04\/lettre-type-resiliation-mutuelle.png","type":"","width":"","height":""}],"twitter_card":"summary_large_image","twitter_site":"@reassurezmoi","twitter_misc":{"Dur\u00e9e de lecture estim\u00e9e":"5 minutes"},"schema":{"@context":"https:\/\/schema.org","@graph":[{"@type":"WebPage","@id":"https:\/\/guide.reassurez-moi.fr\/guide\/assurance-auto\/modele\/lettre-resiliation","url":"https:\/\/guide.reassurez-moi.fr\/guide\/assurance-auto\/modele\/lettre-resiliation","name":"Lettres de r\u00e9siliation de l'assurance auto - Mod\u00e8les \u00e0 t\u00e9l\u00e9charger","isPartOf":{"@id":"https:\/\/guide.reassurez-moi.fr\/guide\/#website"},"primaryImageOfPage":{"@id":"https:\/\/guide.reassurez-moi.fr\/guide\/assurance-auto\/modele\/lettre-resiliation#primaryimage"},"image":{"@id":"https:\/\/guide.reassurez-moi.fr\/guide\/assurance-auto\/modele\/lettre-resiliation#primaryimage"},"thumbnailUrl":"https:\/\/guide.reassurez-moi.fr\/guide\/wp-content\/uploads\/2018\/04\/lettre-type-resiliation-mutuelle.png","datePublished":"2021-03-11T23:34:05+00:00","dateModified":"2026-02-02T15:37:45+00:00","description":"Compl\u00e9tez et t\u00e9l\u00e9chargez votre lettre de r\u00e9siliation d'assurance auto. Diff\u00e9rents mod\u00e8les selon la situation : vente, \u00e9ch\u00e9ance, loi Hamon etc","breadcrumb":{"@id":"https:\/\/guide.reassurez-moi.fr\/guide\/assurance-auto\/modele\/lettre-resiliation#breadcrumb"},"inLanguage":"fr-FR","potentialAction":[{"@type":"ReadAction","target":["https:\/\/guide.reassurez-moi.fr\/guide\/assurance-auto\/modele\/lettre-resiliation"]}]},{"@type":"ImageObject","inLanguage":"fr-FR","@id":"https:\/\/guide.reassurez-moi.fr\/guide\/assurance-auto\/modele\/lettre-resiliation#primaryimage","url":"https:\/\/guide.reassurez-moi.fr\/guide\/wp-content\/uploads\/2018\/04\/lettre-type-resiliation-mutuelle-e1650325816765.png","contentUrl":"https:\/\/guide.reassurez-moi.fr\/guide\/wp-content\/uploads\/2018\/04\/lettre-type-resiliation-mutuelle-e1650325816765.png","width":80,"height":113,"caption":"lettre type resiliation mutuelle"},{"@type":"BreadcrumbList","@id":"https:\/\/guide.reassurez-moi.fr\/guide\/assurance-auto\/modele\/lettre-resiliation#breadcrumb","itemListElement":[{"@type":"ListItem","position":1,"name":"Assurances","item":"https:\/\/guide.reassurez-moi.fr\/guide\/"},{"@type":"ListItem","position":2,"name":"Assurance auto","item":"https:\/\/guide.reassurez-moi.fr\/guide\/assurance-auto"},{"@type":"ListItem","position":3,"name":"Mod\u00e8le","item":"https:\/\/guide.reassurez-moi.fr\/guide\/assurance-auto\/modele"},{"@type":"ListItem","position":4,"name":"Lettre de r\u00e9siliation"}]},{"@type":"WebSite","@id":"https:\/\/guide.reassurez-moi.fr\/guide\/#website","url":"https:\/\/guide.reassurez-moi.fr\/guide\/","name":"R\u00e9assurez-moi","description":"Comparateur d&#039;assurances","potentialAction":[{"@type":"SearchAction","target":{"@type":"EntryPoint","urlTemplate":"https:\/\/guide.reassurez-moi.fr\/guide\/?s={search_term_string}"},"query-input":{"@type":"PropertyValueSpecification","valueRequired":true,"valueName":"search_term_string"}}],"inLanguage":"fr-FR"}]}},"acf":[],"_links":{"self":[{"href":"https:\/\/guide.reassurez-moi.fr\/guide\/wp-json\/wp\/v2\/pages\/155763","targetHints":{"allow":["GET"]}}],"collection":[{"href":"https:\/\/guide.reassurez-moi.fr\/guide\/wp-json\/wp\/v2\/pages"}],"about":[{"href":"https:\/\/guide.reassurez-moi.fr\/guide\/wp-json\/wp\/v2\/types\/page"}],"author":[{"embeddable":true,"href":"https:\/\/guide.reassurez-moi.fr\/guide\/wp-json\/wp\/v2\/users\/86"}],"replies":[{"embeddable":true,"href":"https:\/\/guide.reassurez-moi.fr\/guide\/wp-json\/wp\/v2\/comments?post=155763"}],"version-history":[{"count":1,"href":"https:\/\/guide.reassurez-moi.fr\/guide\/wp-json\/wp\/v2\/pages\/155763\/revisions"}],"predecessor-version":[{"id":216414,"href":"https:\/\/guide.reassurez-moi.fr\/guide\/wp-json\/wp\/v2\/pages\/155763\/revisions\/216414"}],"up":[{"embeddable":true,"href":"https:\/\/guide.reassurez-moi.fr\/guide\/wp-json\/wp\/v2\/pages\/147441"}],"wp:attachment":[{"href":"https:\/\/guide.reassurez-moi.fr\/guide\/wp-json\/wp\/v2\/media?parent=155763"}],"wp:term":[{"taxonomy":"category","embeddable":true,"href":"https:\/\/guide.reassurez-moi.fr\/guide\/wp-json\/wp\/v2\/categories?post=155763"},{"taxonomy":"page_topic","embeddable":true,"href":"https:\/\/guide.reassurez-moi.fr\/guide\/wp-json\/wp\/v2\/page_topic?post=155763"}],"curies":[{"name":"wp","href":"https:\/\/api.w.org\/{rel}","templated":true}]}}