{"id":157018,"date":"2021-04-14T20:43:35","date_gmt":"2021-04-14T18:43:35","guid":{"rendered":"https:\/\/reassurez-moi.fr\/guide\/?page_id=157018"},"modified":"2026-02-02T15:08:20","modified_gmt":"2026-02-02T14:08:20","slug":"connectee","status":"publish","type":"page","link":"https:\/\/guide.reassurez-moi.fr\/guide\/assurance-auto\/connectee","title":{"rendered":"Assurance auto &#8211; Connect\u00e9e"},"content":{"rendered":"\n<h1 class=\"wp-block-heading\" id=\"qu-est-ce-que-l-assurance-auto-connectee\">Qu&rsquo;est-ce que l&rsquo;assurance auto connect\u00e9e ?<\/h1>\n\n\n\n<p><strong>Depuis quelques ann\u00e9es, il existe une alternative \u00e0 l&rsquo;assurance auto classique : l&rsquo;assurance auto connect\u00e9e. Son objectif est le m\u00eame : couvrir le conducteur dans le cadre de sa conduite et en cas de sinistre. Cependant son fonctionnement diff\u00e8re en ce qu&rsquo;elle est capable &#8211; gr\u00e2ce \u00e0 un boitier connect\u00e9 &#8211; d&rsquo;\u00e9valuer la conduite et de r\u00e9compenser les conducteurs prudents au volant. \u00c0 la cl\u00e9, une diminution de 50 % de la prime d&rsquo;assurance auto selon les assureurs. Qu&rsquo;en est-il dans les faits ? Le syst\u00e8me fonctionne-t-il vraiment ? \u00c0 qui s&rsquo;adresse-t-il ? R\u00e9assurez-moi vous en dit plus !<\/strong><\/p>\n\n\n\n<h2 class=\"wp-block-heading\" id=\"quelles-sont-les-meilleures-assurances-auto-connectees-en-currentyear\">Quelles sont les meilleures assurances auto connect\u00e9es ? <\/h2>\n\n\n\n<p><strong>Les offres d&rsquo;assurance auto connect\u00e9e fleurissent sur le march\u00e9. <\/strong>Le concept de payer son assurance selon sa bonne conduite en tant que conducteur s\u00e9duit de plus en plus de consommateurs, et les assureurs l&rsquo;ont compris ! Ainsi, de nombreux acteurs se sont positionn\u00e9s et proposent \u00e0 la vente des assurances auto dites connect\u00e9es. Pour vous aider \u00e0 trouver la meilleure assurance auto connect\u00e9e, voici notre comparatif des diff\u00e9rentes offres du march\u00e9 et notre avis sur leur offre :  <\/p>\n\n\n\n<figure class=\"wp-block-table is-style-header-simple\"><table><thead><tr><th>Assureur<\/th><th class=\"has-text-align-center\" data-align=\"center\">Assurance auto connect\u00e9e<\/th><th>Tarif mensuel<\/th><\/tr><\/thead><tbody><tr><td><img loading=\"lazy\" decoding=\"async\" width=\"100\" height=\"100\" class=\"wp-image-77907\" style=\"width: 100px;\" src=\"https:\/\/guide.reassurez-moi.fr\/guide\/wp-content\/uploads\/2019\/09\/direct-assurance.jpg\" alt=\"direct assurance\" srcset=\"https:\/\/guide.reassurez-moi.fr\/guide\/wp-content\/uploads\/2019\/09\/direct-assurance.jpg 350w, https:\/\/guide.reassurez-moi.fr\/guide\/wp-content\/uploads\/2019\/09\/direct-assurance-150x150.jpg 150w, https:\/\/guide.reassurez-moi.fr\/guide\/wp-content\/uploads\/2019\/09\/direct-assurance-300x300.jpg 300w\" sizes=\"auto, (max-width: 100px) 100vw, 100px\" \/><\/td><td class=\"has-text-align-center\" data-align=\"center\">Avec son contrat Youdrive, Direct Assurance avantage les conducteurs prudents au volant. Vous pouvez faire une simulation des \u00e9conomies \u00e0 la cl\u00e9 en t\u00e9l\u00e9chargeant l&rsquo;application mobile Youdrive. La DriveBox est ensuite gratuite et s&rsquo;installe en moins de 5 min sur votre v\u00e9hicule. <\/td><td><a href=\"https:\/\/reassurez-moi.fr\/guide\/assurance-auto\">\u00c0 partir de 11 \u20ac\/mois<\/a><\/td><\/tr><tr><td><img loading=\"lazy\" decoding=\"async\" width=\"250\" height=\"140\" class=\"wp-image-157119\" style=\"width: 250px;\" src=\"https:\/\/guide.reassurez-moi.fr\/guide\/wp-content\/uploads\/2021\/04\/acommeassure-assurance-auto-connectee.jpg\" alt=\"acommeassure assurance auto connectee\"><\/td><td class=\"has-text-align-center\" data-align=\"center\">Id\u00e9al pour les jeunes conducteurs, l&rsquo;assurance auto connect\u00e9e propos\u00e9e par AcommeAssure fonctionne \u00e9galement \u00e0 l&rsquo;aide d&rsquo;un bo\u00eetier envoy\u00e9 gratuitement et \u00e0 placer dans votre voiture. Le contrat Novys permet de r\u00e9aliser des \u00e9conomies jusqu&rsquo;\u00e0 40% sur votre prime d&rsquo;assurance.<\/td><td><meta charset=\"utf-8\"><a href=\"https:\/\/reassurez-moi.fr\/guide\/assurance-auto\">\u00c0 partir de 15 \u20ac\/mois<\/a><\/td><\/tr><tr><td><img decoding=\"async\" src=\"https:\/\/guide.reassurez-moi.fr\/guide\/wp-content\/uploads\/2020\/05\/allianz-3.jpg\" alt=\"allianz 3\" style=\"width: 200px;\"><\/td><td class=\"has-text-align-center\" data-align=\"center\">Allianz Conduite Connect\u00e9e est la premi\u00e8re solution d&rsquo;assurance auto connect\u00e9e \u00e0 s&rsquo;\u00eatre lanc\u00e9e sur le march\u00e9. En cas de sinistre, elle permet d&rsquo;\u00eatre moins expos\u00e9 au risque d&rsquo;\u00eatre r\u00e9sili\u00e9 par son assureur mais votre prime d&rsquo;assurance sera revue \u00e0 la hausse. \u00c9conomies jusqu&rsquo;\u00e0 30% sur une assurance auto classique <\/td><td><a href=\"https:\/\/reassurez-moi.fr\/guide\/assurance-auto\">Devis en ligne<\/a><\/td><\/tr><\/tbody><\/table><\/figure>\n\n\n\n<h2 class=\"wp-block-heading\" id=\"assurance-auto-connectee-de-quoi-s-agit-il\">Assurance auto connect\u00e9e : de quoi s&rsquo;agit-il ?<\/h2>\n\n\n\n<p><strong>L&rsquo;assurance auto connect\u00e9e, aussi appel\u00e9e \u00ab\u00a0<em>Pay How You Drive<\/em>\u00a0\u00bb <\/strong>(comprendre ici \u00ab\u00a0payez selon votre conduite\u00a0\u00bb) promet \u00e0 son souscripteur une baisse de sa prime d&rsquo;assurance auto si celui-ci conduit de mani\u00e8re prudente. Si tel est le cas, alors le coefficient de bonus-malus du conducteur est impact\u00e9 positivement et ses cotisations d&rsquo;assurance diminuent. <\/p>\n\n\n\n<div class=\"wp-block-mars-information icon-check\"><i class=\"icon\"><\/i><p>Pour juger de la conduite d&rsquo;un automobiliste, les assureurs se reposent sur la technologie, via un boitier ou une application smartphone faisant remonter les donn\u00e9es de conduite.<\/p><\/div>\n\n\n\n<p><strong>Jusqu&rsquo;\u00e0 pr\u00e9sent, quelques dizaines de milliers d&rsquo;assur\u00e9s se sont laiss\u00e9s tenter par ce dispositif.<\/strong> Il est d&rsquo;ailleurs davantage pl\u00e9biscit\u00e9 aupr\u00e8s des conducteurs pr\u00e9sentant un malus et\/ou une <a href=\"https:\/\/reassurez-moi.fr\/guide\/assurance-auto\/prime\">prime d&rsquo;assurance auto<\/a> \u00e9lev\u00e9e comme, entre autres, les jeunes conducteurs.<br><br><strong>Besoin de souscrire une assurance auto ?<\/strong> Conventionnelle ou connect\u00e9e ? Plut\u00f4t que de vous rendre d&rsquo;agence en agence, nous vous recommandons d&rsquo;utiliser notre comparateur en ligne d&rsquo;assurances auto. Notre outil, gratuit et anonyme, vous proposera en quelques minutes des devis d&rsquo;assurance adapt\u00e9s \u00e0 votre profil, \u00e0 vos besoins et \u00e0 votre v\u00e9hicule donc des assurances auto connect\u00e9e !<\/p>\n\n\n\n<div style=\"height:20px\" aria-hidden=\"true\" class=\"wp-block-spacer\"><\/div>\n\n\n\n<div class=\"wp-block-rm-advertizing-block fix-in-sidebar advertising-block-sidebar-item\">\n    <div class=\"image-container flex justify-center align-items-center\">\n        <img decoding=\"async\" src=\"https:\/\/guide.reassurez-moi.fr\/guide\/wp-content\/uploads\/2025\/06\/team_opti_short.png\"\n             alt=\"reassurez-moi illustration\"\n             class=\"wp-block-rm-advertizing-image\"\n             loading=\"lazy\"\n        \/>\n    <\/div>\n    <div class=\"rm-advertblock-container flex flex-column justify-center align-items-start\">\n        <p class=\"wp-block-rm-advertizing-text\">\n            Assurance auto\n        <\/p>\n        <p class=\"wp-block-rm-advertizing-sub-text\">\n            les meilleures offres 2026\n        <\/p>\n        <a\n            href=\"https:\/\/reassurez-moi.fr\/guide\/assurance-auto\"\n            class=\"wp-block-rm-advertizing-button\"\n        >\n            <span class=\"wp-block-rm-advertizing-button-text\">\n                Comparer\n            <\/span>\n            <span class=\"wp-block-rm-advertizing-button-sub-text\">\n                les assurances auto\n            <\/span>\n        <\/a>\n    <\/div>\n<\/div>\n\n\n\n<h2 class=\"wp-block-heading\" id=\"comment-fonctionne-l-assurance-auto-connectee\">Comment fonctionne l&rsquo;assurance auto connect\u00e9e ?<\/h2>\n\n\n\n<p><strong>Si vous d\u00e9cidez de souscrire une assurance auto connect\u00e9e<\/strong>, votre compagnie d&rsquo;assurance vous demandera dans un premier temps d&rsquo;installer la technologie permettant d&rsquo;analyser vos donn\u00e9es de conduite. Il s&rsquo;agira au choix : <\/p>\n\n\n\n<ul class=\"wp-block-list\"><li>d&rsquo;un boitier install\u00e9 dans votre v\u00e9hicule (par vous ou par un garagiste) ;<\/li><li>ou d&rsquo;une simple application sur votre smartphone.<\/li><\/ul>\n\n\n\n<p><strong>Une fois install\u00e9e, la technologie du <em>Pay How you Drive<\/em> (PHYD) \u00e9valuera les informations suivantes :<\/strong> <\/p>\n\n\n\n<ul class=\"wp-block-list\"><li>votre kilom\u00e9trage ;<\/li><li>la vitesse \u00e0 laquelle vous empruntez vos virages ;<\/li><li>vos fluctuations de vitesse (acc\u00e9l\u00e9rations, freinages). <\/li><\/ul>\n\n\n\n<p><strong>Ces donn\u00e9es une fois restitu\u00e9es donneront lieu \u00e0 un \u00ab\u00a0score de conduite\u00a0\u00bb.<\/strong> Score auquel aura acc\u00e8s votre assureur et \u00e0 partir duquel il pourra fixer votre prime d&rsquo;assurance. Vous pourrez \u00e9galement, en tant que conducteur, consulter ce score.<\/p>\n\n\n\n<h2 class=\"wp-block-heading\" id=\"pourquoi-choisir-l-assurance-auto-connectee\">Pourquoi choisir l&rsquo;assurance auto connect\u00e9e ?<\/h2>\n\n\n\n<p><strong>L&rsquo;avantage de l&rsquo;assurance voiture connect\u00e9e est bien entendu la promesse d&rsquo;une r\u00e9duction de votre prime d&rsquo;assurance. <\/strong>Certains assureurs annoncent en effet jusqu&rsquo;\u00e0 50 % d&rsquo;\u00e9conomies sur vos cotisations d&rsquo;assurance. De quoi motiver les conducteurs jugeant leur propre conduite prudente.<\/p>\n\n\n\n<div class=\"wp-block-mars-information icon-info\"><i class=\"icon\"><\/i><p>Bon \u00e0 savoir : si le score obtenu est mauvais, la prime d&rsquo;assurance auto ne sera pas pour autant major\u00e9e.<\/p><\/div>\n\n\n\n<p><strong>Comme nous l&rsquo;\u00e9voquions pr\u00e9c\u00e9demment, cette assurance auto connect\u00e9e est souvent envisag\u00e9e par les jeunes conducteurs<\/strong> et\/ou conducteurs n&rsquo;ayant pas conduit depuis longtemps pour compenser la prime plus \u00e9lev\u00e9e qui leur est syst\u00e9matiquement impos\u00e9e par les assureurs. <br><br><strong>Qui plus est, le score de conduite obtenu \u00e9tant accessible au conducteur<\/strong>, celui-ci peut le consulter pour en apprendre davantage sur ses habitudes au volant et au besoin, adapter \/ am\u00e9liorer sa conduite. Certains assureurs proposent m\u00eame des conseils sur leur application.<br><br><strong>Enfin, pour les personnes inqui\u00e8tes de l&rsquo;usage fait de leurs donn\u00e9es<\/strong>, sachez que les informations collect\u00e9es par le boitier ou l&rsquo;application mobile sont prot\u00e9g\u00e9es par la CNIL et ne peuvent \u00eatre transmises \u00e0 des tiers, ni utilis\u00e9es \u00e0 des fins commerciales. Pass\u00e9s plusieurs mois, les donn\u00e9es seront rendues anonymes, avant d&rsquo;\u00eatre supprim\u00e9es d\u00e9finitivement.<\/p>\n\n\n\n<h2 class=\"wp-block-heading\" id=\"quels-sont-les-inconvenients-du-pay-how-you-drive\">Quels sont les inconv\u00e9nients du <em>Pay How You Drive<\/em> ?<\/h2>\n\n\n\n<p><strong>Comme tout, l&rsquo;assurance voiture connect\u00e9e pr\u00e9sente quelques inconv\u00e9nients.<\/strong> Le premier \u00e9tant que la technologie qui r\u00e9cup\u00e8re et analyse vos donn\u00e9es de conduite ne dispose pas d&rsquo;un \u00e9l\u00e9ment de contexte. Impossible pour le boitier de savoir si ce freinage brusque est le signe d&rsquo;une mauvaise conduite ou le bon r\u00e9flexe d&rsquo;un conducteur venant, par exemple, d&rsquo;\u00e9viter un accrochage. Qui plus est, il est pour l&rsquo;heure difficile de se justifier pour le conducteur, le syst\u00e8me ne proposant pas de surveillance visuelle via une cam\u00e9ra.<br><br><strong>Autre inconv\u00e9nient : la sensation d&rsquo;\u00eatre scrut\u00e9. <\/strong>Le dispositif \u00e9tudie votre fa\u00e7on de conduire dans le d\u00e9tail et r\u00e9colte ces donn\u00e9es pour les analyser. Or, se sentir observ\u00e9 peut \u00eatre un frein pour certaines personnes, voire provoquer un stress et impacter n\u00e9gativement leur conduite. Objectif oppos\u00e9 \u00e0 celui initialement recherch\u00e9.<\/p>\n\n\n\n<h2 class=\"wp-block-heading\" id=\"quel-est-le-cout-de-l-assurance-auto-connectee\">Quel est le co\u00fbt de l&rsquo;assurance auto connect\u00e9e ? <\/h2>\n\n\n\n<p><strong>Le <a href=\"https:\/\/reassurez-moi.fr\/guide\/assurance-auto\/prix\">co\u00fbt de base de votre assurance auto<\/a> sera celui de la formule que vous aurez choisie : au tiers, interm\u00e9diaire ou tous risques.<\/strong> Et, c&rsquo;est sur cette prime que l&rsquo;assurance auto connect\u00e9e promet d&rsquo;intervenir. Les assureurs annoncent ainsi jusqu&rsquo;\u00e0 50 % d&rsquo;\u00e9conomies sur votre cotisation mensuelle si votre conduite a \u00e9t\u00e9 jug\u00e9e prudente comme propos\u00e9 par le contrat <a href=\"https:\/\/reassurez-moi.fr\/guide\/assurance-auto\/youdrive\">Youdrive de Direct Assurance<\/a>.<\/p>\n\n\n\n<blockquote class=\"wp-block-quote is-layout-flow wp-block-quote-is-layout-flow\"><p><strong>\u00c0 titre d&rsquo;exemple : <\/strong>si vous \u00eates un <a href=\"https:\/\/reassurez-moi.fr\/guide\/assurance-auto\/jeune-conducteur\">jeune conducteur assur\u00e9 au tiers<\/a> avec une cotisation mensuelle de 120 \u20ac, et que votre conduite responsable &#8211; calcul\u00e9e gr\u00e2ce au <em>Pay How You Drive<\/em> &#8211; vous permet d&rsquo;obtenir une diminution de 30 % de cette prime, vous ne paierez alors plus que 84 \u20ac&nbsp;et aurez \u00e9conomis\u00e9 36 \u20ac. \u00c0 l&rsquo;ann\u00e9e, ces \u00e9conomies accumul\u00e9es ne sont pas n\u00e9gligeables.<\/p><\/blockquote>\n\n\n\n<h2 class=\"wp-block-heading\" id=\"quelles-sont-les-alternatives-au-pay-how-you-drive\">Quelles sont les alternatives au <em>Pay How You Drive<\/em> ? <\/h2>\n\n\n\n<p><strong>Vous n&rsquo;\u00eates pas convaincu par le syst\u00e8me de l&rsquo;assurance auto connect\u00e9e mais souhaitez malgr\u00e9 tout faire des \u00e9conomies sur votre prime d&rsquo;assurance auto ?<\/strong> Pas d&rsquo;inqui\u00e9tude, d&rsquo;autres options existent :<\/p>\n\n\n\n<ul class=\"wp-block-list\"><li>Jeunes conducteurs, nous vous recommandons de faire la conduite accompagn\u00e9e. Votre surprime sera ainsi deux fois moins \u00e9lev\u00e9e qu&rsquo;un jeune conducteur n&rsquo;ayant pas fait la conduite accompagn\u00e9e. <\/li><\/ul>\n\n\n\n<ul class=\"wp-block-list\"><li>Consid\u00e9rez le <em>Pay As You Drive<\/em> : plut\u00f4t que de payer une prime d&rsquo;assurance bas\u00e9e sur la qualit\u00e9 de votre conduite, vous payez votre <a href=\"https:\/\/reassurez-moi.fr\/guide\/assurance-auto\/au-kilometre\">assurance auto en fonction du nombre de kilom\u00e8tres parcourus<\/a>. Une option \u00e0 consid\u00e9rer pour les conducteurs parcourant peu de kilom\u00e8tres.<\/li><\/ul>\n\n\n\n<ul class=\"wp-block-list\"><li>Enfin, nous vous recommandons de comparer les offres du march\u00e9 afin de choisir un contrat au meilleur rapport \u00ab\u00a0qualit\u00e9 de couverture \/ montant des cotisations\u00a0\u00bb. Veillez aussi \u00e0 ne souscrire que les <a href=\"https:\/\/reassurez-moi.fr\/guide\/assurance-auto\/garanties\">garanties d&rsquo;assurance auto<\/a> dont vous avez besoin pour ne rien payer inutilement. <\/li><\/ul>\n","protected":false},"excerpt":{"rendered":"<p>Qu&rsquo;est-ce que l&rsquo;assurance auto connect\u00e9e ? Depuis quelques ann\u00e9es, il existe une alternative \u00e0 l&rsquo;assurance auto classique : l&rsquo;assurance auto connect\u00e9e. Son objectif est le m\u00eame : couvrir le conducteur dans le cadre de sa conduite et en cas de sinistre. Cependant son fonctionnement diff\u00e8re en ce qu&rsquo;elle est capable &#8211; gr\u00e2ce \u00e0 un boitier\u2026<\/p>\n","protected":false},"author":86,"featured_media":0,"parent":15725,"menu_order":0,"comment_status":"open","ping_status":"closed","template":"","meta":{"_acf_changed":false,"footnotes":""},"categories":[],"page_topic":[560],"class_list":["post-157018","page","type-page","status-publish","hentry"],"yoast_head":"<!-- This site is optimized with the Yoast SEO plugin v24.7 - https:\/\/yoast.com\/wordpress\/plugins\/seo\/ -->\n<title>Faut-il souscrire \u00e0 une assurance auto connect\u00e9e ? Avis et tarifs<\/title>\n<meta name=\"description\" content=\"\u00c9conomisez jusqu&#039;\u00e0 50 % sur vos cotisations gr\u00e2ce \u00e0 l&#039;assurance auto connect\u00e9e - Devis 100 % en ligne &amp; gratuits + Conseils d&#039;experts.\" \/>\n<meta name=\"robots\" content=\"index, follow, max-snippet:-1, max-image-preview:large, max-video-preview:-1\" \/>\n<link rel=\"canonical\" href=\"https:\/\/guide.reassurez-moi.fr\/guide\/assurance-auto\/connectee\" \/>\n<meta property=\"og:locale\" content=\"fr_FR\" \/>\n<meta property=\"og:type\" content=\"article\" \/>\n<meta property=\"og:title\" content=\"Faut-il souscrire \u00e0 une assurance auto connect\u00e9e ? Avis et tarifs\" \/>\n<meta property=\"og:description\" content=\"\u00c9conomisez jusqu&#039;\u00e0 50 % sur vos cotisations gr\u00e2ce \u00e0 l&#039;assurance auto connect\u00e9e - Devis 100 % en ligne &amp; gratuits + Conseils d&#039;experts.\" \/>\n<meta property=\"og:url\" content=\"https:\/\/guide.reassurez-moi.fr\/guide\/assurance-auto\/connectee\" \/>\n<meta property=\"og:site_name\" content=\"R\u00e9assurez-moi\" \/>\n<meta property=\"article:publisher\" content=\"https:\/\/www.facebook.com\/R%c3%a9assurez-moi-209456495889479\/\" \/>\n<meta property=\"article:modified_time\" content=\"2026-02-02T14:08:20+00:00\" \/>\n<meta property=\"og:image\" content=\"https:\/\/guide.reassurez-moi.fr\/guide\/wp-content\/uploads\/2019\/09\/direct-assurance.jpg\" \/>\n<meta name=\"twitter:card\" content=\"summary_large_image\" \/>\n<meta name=\"twitter:site\" content=\"@reassurezmoi\" \/>\n<meta name=\"twitter:label1\" content=\"Dur\u00e9e de lecture estim\u00e9e\" \/>\n\t<meta name=\"twitter:data1\" content=\"7 minutes\" \/>\n<script type=\"application\/ld+json\" class=\"yoast-schema-graph\">{\"@context\":\"https:\/\/schema.org\",\"@graph\":[{\"@type\":\"WebPage\",\"@id\":\"https:\/\/guide.reassurez-moi.fr\/guide\/assurance-auto\/connectee\",\"url\":\"https:\/\/guide.reassurez-moi.fr\/guide\/assurance-auto\/connectee\",\"name\":\"Faut-il souscrire \u00e0 une assurance auto connect\u00e9e ? Avis et tarifs\",\"isPartOf\":{\"@id\":\"https:\/\/guide.reassurez-moi.fr\/guide\/#website\"},\"primaryImageOfPage\":{\"@id\":\"https:\/\/guide.reassurez-moi.fr\/guide\/assurance-auto\/connectee#primaryimage\"},\"image\":{\"@id\":\"https:\/\/guide.reassurez-moi.fr\/guide\/assurance-auto\/connectee#primaryimage\"},\"thumbnailUrl\":\"https:\/\/guide.reassurez-moi.fr\/guide\/wp-content\/uploads\/2019\/09\/direct-assurance.jpg\",\"datePublished\":\"2021-04-14T18:43:35+00:00\",\"dateModified\":\"2026-02-02T14:08:20+00:00\",\"description\":\"\u00c9conomisez jusqu'\u00e0 50 % sur vos cotisations gr\u00e2ce \u00e0 l'assurance auto connect\u00e9e - Devis 100 % en ligne & gratuits + Conseils d'experts.\",\"breadcrumb\":{\"@id\":\"https:\/\/guide.reassurez-moi.fr\/guide\/assurance-auto\/connectee#breadcrumb\"},\"inLanguage\":\"fr-FR\",\"potentialAction\":[{\"@type\":\"ReadAction\",\"target\":[\"https:\/\/guide.reassurez-moi.fr\/guide\/assurance-auto\/connectee\"]}]},{\"@type\":\"ImageObject\",\"inLanguage\":\"fr-FR\",\"@id\":\"https:\/\/guide.reassurez-moi.fr\/guide\/assurance-auto\/connectee#primaryimage\",\"url\":\"https:\/\/guide.reassurez-moi.fr\/guide\/wp-content\/uploads\/2019\/09\/direct-assurance.jpg\",\"contentUrl\":\"https:\/\/guide.reassurez-moi.fr\/guide\/wp-content\/uploads\/2019\/09\/direct-assurance.jpg\",\"width\":350,\"height\":350,\"caption\":\"direct assurance\"},{\"@type\":\"BreadcrumbList\",\"@id\":\"https:\/\/guide.reassurez-moi.fr\/guide\/assurance-auto\/connectee#breadcrumb\",\"itemListElement\":[{\"@type\":\"ListItem\",\"position\":1,\"name\":\"Assurances\",\"item\":\"https:\/\/guide.reassurez-moi.fr\/guide\/\"},{\"@type\":\"ListItem\",\"position\":2,\"name\":\"Assurance auto\",\"item\":\"https:\/\/guide.reassurez-moi.fr\/guide\/assurance-auto\"},{\"@type\":\"ListItem\",\"position\":3,\"name\":\"Assurance connect\u00e9e\"}]},{\"@type\":\"WebSite\",\"@id\":\"https:\/\/guide.reassurez-moi.fr\/guide\/#website\",\"url\":\"https:\/\/guide.reassurez-moi.fr\/guide\/\",\"name\":\"R\u00e9assurez-moi\",\"description\":\"Comparateur d&#039;assurances\",\"potentialAction\":[{\"@type\":\"SearchAction\",\"target\":{\"@type\":\"EntryPoint\",\"urlTemplate\":\"https:\/\/guide.reassurez-moi.fr\/guide\/?s={search_term_string}\"},\"query-input\":{\"@type\":\"PropertyValueSpecification\",\"valueRequired\":true,\"valueName\":\"search_term_string\"}}],\"inLanguage\":\"fr-FR\"}]}<\/script>\n<!-- \/ Yoast SEO plugin. -->","yoast_head_json":{"title":"Faut-il souscrire \u00e0 une assurance auto connect\u00e9e ? Avis et tarifs","description":"\u00c9conomisez jusqu'\u00e0 50 % sur vos cotisations gr\u00e2ce \u00e0 l'assurance auto connect\u00e9e - Devis 100 % en ligne & gratuits + Conseils d'experts.","robots":{"index":"index","follow":"follow","max-snippet":"max-snippet:-1","max-image-preview":"max-image-preview:large","max-video-preview":"max-video-preview:-1"},"canonical":"https:\/\/guide.reassurez-moi.fr\/guide\/assurance-auto\/connectee","og_locale":"fr_FR","og_type":"article","og_title":"Faut-il souscrire \u00e0 une assurance auto connect\u00e9e ? Avis et tarifs","og_description":"\u00c9conomisez jusqu'\u00e0 50 % sur vos cotisations gr\u00e2ce \u00e0 l'assurance auto connect\u00e9e - Devis 100 % en ligne & gratuits + Conseils d'experts.","og_url":"https:\/\/guide.reassurez-moi.fr\/guide\/assurance-auto\/connectee","og_site_name":"R\u00e9assurez-moi","article_publisher":"https:\/\/www.facebook.com\/R%c3%a9assurez-moi-209456495889479\/","article_modified_time":"2026-02-02T14:08:20+00:00","og_image":[{"url":"https:\/\/guide.reassurez-moi.fr\/guide\/wp-content\/uploads\/2019\/09\/direct-assurance.jpg","type":"","width":"","height":""}],"twitter_card":"summary_large_image","twitter_site":"@reassurezmoi","twitter_misc":{"Dur\u00e9e de lecture estim\u00e9e":"7 minutes"},"schema":{"@context":"https:\/\/schema.org","@graph":[{"@type":"WebPage","@id":"https:\/\/guide.reassurez-moi.fr\/guide\/assurance-auto\/connectee","url":"https:\/\/guide.reassurez-moi.fr\/guide\/assurance-auto\/connectee","name":"Faut-il souscrire \u00e0 une assurance auto connect\u00e9e ? Avis et tarifs","isPartOf":{"@id":"https:\/\/guide.reassurez-moi.fr\/guide\/#website"},"primaryImageOfPage":{"@id":"https:\/\/guide.reassurez-moi.fr\/guide\/assurance-auto\/connectee#primaryimage"},"image":{"@id":"https:\/\/guide.reassurez-moi.fr\/guide\/assurance-auto\/connectee#primaryimage"},"thumbnailUrl":"https:\/\/guide.reassurez-moi.fr\/guide\/wp-content\/uploads\/2019\/09\/direct-assurance.jpg","datePublished":"2021-04-14T18:43:35+00:00","dateModified":"2026-02-02T14:08:20+00:00","description":"\u00c9conomisez jusqu'\u00e0 50 % sur vos cotisations gr\u00e2ce \u00e0 l'assurance auto connect\u00e9e - Devis 100 % en ligne & gratuits + Conseils d'experts.","breadcrumb":{"@id":"https:\/\/guide.reassurez-moi.fr\/guide\/assurance-auto\/connectee#breadcrumb"},"inLanguage":"fr-FR","potentialAction":[{"@type":"ReadAction","target":["https:\/\/guide.reassurez-moi.fr\/guide\/assurance-auto\/connectee"]}]},{"@type":"ImageObject","inLanguage":"fr-FR","@id":"https:\/\/guide.reassurez-moi.fr\/guide\/assurance-auto\/connectee#primaryimage","url":"https:\/\/guide.reassurez-moi.fr\/guide\/wp-content\/uploads\/2019\/09\/direct-assurance.jpg","contentUrl":"https:\/\/guide.reassurez-moi.fr\/guide\/wp-content\/uploads\/2019\/09\/direct-assurance.jpg","width":350,"height":350,"caption":"direct assurance"},{"@type":"BreadcrumbList","@id":"https:\/\/guide.reassurez-moi.fr\/guide\/assurance-auto\/connectee#breadcrumb","itemListElement":[{"@type":"ListItem","position":1,"name":"Assurances","item":"https:\/\/guide.reassurez-moi.fr\/guide\/"},{"@type":"ListItem","position":2,"name":"Assurance auto","item":"https:\/\/guide.reassurez-moi.fr\/guide\/assurance-auto"},{"@type":"ListItem","position":3,"name":"Assurance connect\u00e9e"}]},{"@type":"WebSite","@id":"https:\/\/guide.reassurez-moi.fr\/guide\/#website","url":"https:\/\/guide.reassurez-moi.fr\/guide\/","name":"R\u00e9assurez-moi","description":"Comparateur d&#039;assurances","potentialAction":[{"@type":"SearchAction","target":{"@type":"EntryPoint","urlTemplate":"https:\/\/guide.reassurez-moi.fr\/guide\/?s={search_term_string}"},"query-input":{"@type":"PropertyValueSpecification","valueRequired":true,"valueName":"search_term_string"}}],"inLanguage":"fr-FR"}]}},"acf":[],"_links":{"self":[{"href":"https:\/\/guide.reassurez-moi.fr\/guide\/wp-json\/wp\/v2\/pages\/157018","targetHints":{"allow":["GET"]}}],"collection":[{"href":"https:\/\/guide.reassurez-moi.fr\/guide\/wp-json\/wp\/v2\/pages"}],"about":[{"href":"https:\/\/guide.reassurez-moi.fr\/guide\/wp-json\/wp\/v2\/types\/page"}],"author":[{"embeddable":true,"href":"https:\/\/guide.reassurez-moi.fr\/guide\/wp-json\/wp\/v2\/users\/86"}],"replies":[{"embeddable":true,"href":"https:\/\/guide.reassurez-moi.fr\/guide\/wp-json\/wp\/v2\/comments?post=157018"}],"version-history":[{"count":2,"href":"https:\/\/guide.reassurez-moi.fr\/guide\/wp-json\/wp\/v2\/pages\/157018\/revisions"}],"predecessor-version":[{"id":215517,"href":"https:\/\/guide.reassurez-moi.fr\/guide\/wp-json\/wp\/v2\/pages\/157018\/revisions\/215517"}],"up":[{"embeddable":true,"href":"https:\/\/guide.reassurez-moi.fr\/guide\/wp-json\/wp\/v2\/pages\/15725"}],"wp:attachment":[{"href":"https:\/\/guide.reassurez-moi.fr\/guide\/wp-json\/wp\/v2\/media?parent=157018"}],"wp:term":[{"taxonomy":"category","embeddable":true,"href":"https:\/\/guide.reassurez-moi.fr\/guide\/wp-json\/wp\/v2\/categories?post=157018"},{"taxonomy":"page_topic","embeddable":true,"href":"https:\/\/guide.reassurez-moi.fr\/guide\/wp-json\/wp\/v2\/page_topic?post=157018"}],"curies":[{"name":"wp","href":"https:\/\/api.w.org\/{rel}","templated":true}]}}