{"id":157582,"date":"2022-10-19T15:16:58","date_gmt":"2022-10-19T13:16:58","guid":{"rendered":"https:\/\/reassurez-moi.fr\/guide\/assurance-auto\/ornikar"},"modified":"2022-10-19T15:16:58","modified_gmt":"2022-10-19T13:16:58","slug":"ornikar","status":"publish","type":"page","link":"https:\/\/guide.reassurez-moi.fr\/guide\/assurance-auto\/ornikar","title":{"rendered":"Assurance auto Ornikar"},"content":{"rendered":"\n<h1 class=\"wp-block-heading\" id=\"assurance-auto-nom-acteur\">Assurance auto Ornikar<\/h1>\n\n\n\n<p><strong>Conducteur occasionnel ou averti, jeune conducteur ou automobiliste confirm\u00e9 : l&rsquo;assurance auto est obligatoire pour tous en France. Vous avez le devoir d\u2019assurer votre voiture, par le minimum l\u00e9gal de la Responsabilit\u00e9 Civile. Vous \u00eates \u00e0 la recherche du contrat le plus couvrant au meilleur prix et ne savez que penser de l\u2019assurance auto Ornikar ? Prix, \u00e9tendue de la couverture, franchises, avis et comparatif : R\u00e9assurez-moi d\u00e9crypte pour vous les contrats d\u2019assurance auto Ornikar.<\/strong><\/p>\n\n\n\n<h2 class=\"wp-block-heading\" id=\"quel-est-le-prix-de-l-assurance-auto-nom-acteur\"><strong>Quel est le prix de l&rsquo;assurance auto Ornikar ? <\/strong><\/h2>\n\n\n\n<p><strong>Pour vous permettre de mieux \u00e9valuer le&nbsp;<a href=\"https:\/\/reassurez-moi.fr\/guide\/assurance-auto\/prix\">co\u00fbt de l\u2019assurance auto<\/a> Ornikar<\/strong>, nous avons r\u00e9alis\u00e9 le tableau de prix suivant :<\/p>\n\n\n\n<figure class=\"wp-block-table is-style-header-double\"><table><thead><tr><th><\/th><th class=\"has-text-align-center\" data-align=\"center\">Formule Jeune conduteur<\/th><\/tr><\/thead><tbody><tr><td><strong>Jeune femme active assur\u00e9e depuis 2012 sans sinistre, trajets priv\u00e9s \/ travail, citadine. <\/strong><\/td><td class=\"has-text-align-center\" data-align=\"center\">389,95 \u20ac\/an<\/td><\/tr><\/tbody><\/table><\/figure>\n\n\n\n<h2 class=\"wp-block-heading\" id=\"quelles-sont-les-garanties-de-l-assurance-auto-nom-acteur\"><strong>Quelles sont les garanties de l\u2019assurance auto Ornikar ?<\/strong><\/h2>\n\n\n\n<p><strong>La garantie Responsabilit\u00e9 Civile (RC) est la seule protection l\u00e9galement obligatoire en mati\u00e8re d\u2019assurance auto.<\/strong>&nbsp;Focus sur les garanties de l\u2019assurance auto Ornikar.<\/p>\n\n\n\n<p class=\"has-medium-font-size\"><strong>Socle commun de garanties de l\u2019assurance auto Ornikar :<\/strong><\/p>\n\n\n\n<figure class=\"wp-block-table is-style-header-double\"><table><thead><tr><th><\/th><th class=\"has-text-align-center\" data-align=\"center\">Formule Jeune conduteur<\/th><\/tr><\/thead><tbody><tr><td><strong>Niveau de couverture<\/strong><\/td><td class=\"has-text-align-center\" data-align=\"center\">Jeune conducteur<\/td><\/tr><tr><td><strong>Bris de glace<\/strong><\/td><td class=\"has-text-align-center\" data-align=\"center\">En option (pour 3,51 \u20ac\u00a0de plus par mois)<\/td><\/tr><tr><td><strong>Vol<\/strong><\/td><td class=\"has-text-align-center\" data-align=\"center\">En option (pour 3,51 \u20ac\u00a0de plus par mois)<\/td><\/tr><tr><td><strong>Incendie<\/strong><\/td><td class=\"has-text-align-center\" data-align=\"center\">En option (pour 3,51 \u20ac\u00a0de plus par mois)<\/td><\/tr><tr><td><strong>\u00c9v\u00e9nements climatiques<\/strong><\/td><td class=\"has-text-align-center\" data-align=\"center\"><i\n    class=\"safe-shortcode-icon\n                    no\n            \"\n                                    title=non\n            >\n<\/i><\/td><\/tr><tr><td><strong>Dommages tous accidents<\/strong><\/td><td class=\"has-text-align-center\" data-align=\"center\"><i\n    class=\"safe-shortcode-icon\n                    no\n            \"\n                                    title=non\n            >\n<\/i><\/td><\/tr><\/tbody><\/table><\/figure>\n\n\n<p class=\"has-medium-font-size\"><strong>D\u00e9fense et protection du conducteur de l\u2019assurance auto Ornikar<\/strong>&nbsp;:<\/p>\n<!-- \/wp:post-content -->\n\n<!-- wp:table {\"className\":\"is-style-header-double\"} -->\n<figure class=\"wp-block-table is-style-header-double\"><table><thead><tr><th><\/th><th class=\"has-text-align-center\" data-align=\"center\">Formule Jeune conduteur<\/th><\/tr><\/thead><tbody><tr><td><strong>Inclus ou option<\/strong><\/td><td class=\"has-text-align-center\" data-align=\"center\">Inclus<\/td><\/tr><\/tbody><\/table><\/figure>\n<!-- \/wp:table -->\n<p class=\"has-medium-font-size\"><strong>Dommages au v\u00e9hicule de l\u2019assurance auto Ornikar<\/strong>&nbsp;:<\/p>\n<!-- \/wp:paragraph -->\n\n<!-- wp:table {\"className\":\"is-style-header-double\"} -->\n<figure class=\"wp-block-table is-style-header-double\"><table><thead><tr><th><\/th><th class=\"has-text-align-center\" data-align=\"center\">Formule Jeune conduteur<\/th><\/tr><\/thead><tbody><tr><td><strong>R\u00e9troviseurs ext\u00e9rieurs<\/strong><\/td><td class=\"has-text-align-center\" data-align=\"center\"><i\n    class=\"safe-shortcode-icon\n                    no\n            \"\n                                    title=non\n            >\n<\/i><\/td><\/tr><tr><td><strong>Clignotants avants<\/strong><\/td><td class=\"has-text-align-center\" data-align=\"center\"><i\n    class=\"safe-shortcode-icon\n                    no\n            \"\n                                    title=non\n            >\n<\/i><\/td><\/tr><\/tbody><\/table><\/figure>\n<!-- \/wp:table -->\n\n<p class=\"has-medium-font-size\"><strong>Assistance de l\u2019assurance auto Ornikar :<\/strong><\/p>\n<!-- \/wp:paragraph -->\n\n<!-- wp:table {\"className\":\"is-style-header-double\"} -->\n<figure class=\"wp-block-table is-style-header-double\"><table><thead><tr><th><\/th><th class=\"has-text-align-center\" data-align=\"center\">Formule Jeune conduteur<\/th><\/tr><\/thead><tbody><tr><td><strong>Envoi d\u2019un proche au chevet<\/strong><\/td><td class=\"has-text-align-center\" data-align=\"center\">Cf. dispositions g\u00e9n\u00e9rales du contrat<\/td><\/tr><tr><td><strong>Mise \u00e0 disposition d\u2019un chauffeur<\/strong><\/td><td class=\"has-text-align-center\" data-align=\"center\">Cf. dispositions g\u00e9n\u00e9rales du contrat<\/td><\/tr><tr><td><strong>Retour au domicile<\/strong><\/td><td class=\"has-text-align-center\" data-align=\"center\">Cf. dispositions g\u00e9n\u00e9rales du contrat<\/td><\/tr><tr><td><strong>Envoi de pi\u00e8ces d\u00e9tach\u00e9es<\/strong><\/td><td class=\"has-text-align-center\" data-align=\"center\">Cf. dispositions g\u00e9n\u00e9rales du contrat<\/td><\/tr><tr><td><strong>Assistance en cas de crevaison<\/strong><\/td><td class=\"has-text-align-center\" data-align=\"center\">Cf. dispositions g\u00e9n\u00e9rales du contrat<\/td><\/tr><\/tbody><\/table><\/figure>\n<!-- \/wp:table -->\n<p class=\"has-medium-font-size\"><strong>Les franchises de l&rsquo;assurance auto Ornikar : <\/strong><\/p>\n<!-- \/wp:paragraph -->\n\n<!-- wp:table {\"className\":\"is-style-header-double\"} -->\n<figure class=\"wp-block-table is-style-header-double\"><table><thead><tr><th><\/th><th class=\"has-text-align-center\" data-align=\"center\">Formule Jeune conduteur<\/th><\/tr><\/thead><tbody><tr><td><strong>Franchise vol (\u20ac)<\/strong><\/td><td class=\"has-text-align-center\" data-align=\"center\">250 \u20ac + 10 % des dommages (max 650 \u20ac)<\/td><\/tr><\/tbody><\/table><\/figure>\n<!-- \/wp:table -->\n\n<!-- wp:heading -->\n<h2 id=\"notre-avis-sur-l-assurance-auto-nom-acteur\"><strong>Notre avis sur l\u2019assurance auto Ornikar<\/strong><\/h2>\n<!-- \/wp:heading -->\n\n<!-- wp:paragraph -->\n<p><p>Ornikar offre une couverture assurance pour les jeunes conducteurs \u00e0 des prix selon nous tr\u00e8s attractifs lorsque compar\u00e9s aux autres offres jeune conducteur du march\u00e9. Attention toutefois \u00e0 vos niveaus de garanties. V\u00e9rifiez bien qu&rsquo;ils couvrent vos besoins en tant que conducteur et, au besoin, ajoutez des garanties otpionnelles (possibilit\u00e9 offerte par Ornikar). <\/p>\n<p>On appr\u00e9cie l&rsquo;ergonomie du site internet d&rsquo;Ornikar, qui permet d&rsquo;obtenir un devis en ligne rapidement, et la disponibilit\u00e9 de ses \u00e9quipes. <\/p><\/p>\n<!-- \/wp:paragraph -->\n\n\n<!-- wp:heading -->\n<h2 id=\"nom-acteur-la-meilleure-des-assurances-auto-18-devis-comparatifs-en-ligne\"><strong>Ornikar, la meilleure des assurances auto ?<\/strong><\/h2>\n<!-- \/wp:heading -->\n\n<!-- wp:paragraph -->\n<p><strong>Comparez l&rsquo;assurance auto Ornikar aux autres contrats en simulant un devis imm\u00e9diat<\/strong>, vous obtiendrez un comparatif de tous les assureurs avec un acc\u00e8s aux tarifs et aux garanties qui vous conviennent.<\/p>\n<!-- \/wp:paragraph -->\n\n<!-- wp:shortcode -->\n\n<div class=\"wp-block-rm-advertizing-block fix-in-sidebar advertising-block-sidebar-item\">\n    <div class=\"image-container flex justify-center align-items-center\">\n        <img decoding=\"async\" src=\"https:\/\/guide.reassurez-moi.fr\/guide\/wp-content\/uploads\/2025\/06\/team_opti_short.png\"\n             alt=\"reassurez-moi illustration\"\n             class=\"wp-block-rm-advertizing-image\"\n             loading=\"lazy\"\n        \/>\n    <\/div>\n    <div class=\"rm-advertblock-container flex flex-column justify-center align-items-start\">\n        <p class=\"wp-block-rm-advertizing-text\">\n            Assurance auto\n        <\/p>\n        <p class=\"wp-block-rm-advertizing-sub-text\">\n            les meilleures offres 2026\n        <\/p>\n        <a\n            href=\"https:\/\/reassurez-moi.fr\/guide\/assurance-auto\"\n            class=\"wp-block-rm-advertizing-button\"\n        >\n            <span class=\"wp-block-rm-advertizing-button-text\">\n                Comparer\n            <\/span>\n            <span class=\"wp-block-rm-advertizing-button-sub-text\">\n                les assurances auto\n            <\/span>\n        <\/a>\n    <\/div>\n<\/div>\n\n<!-- \/wp:shortcode -->\n\n<!-- wp:spacer {\"height\":\"20px\"} -->\n<div style=\"height:20px\" aria-hidden=\"true\" class=\"wp-block-spacer\"><\/div>\n<!-- \/wp:spacer -->\n\n<!-- wp:spacer {\"height\":\"40px\"} -->\n<div style=\"height:40px\" aria-hidden=\"true\" class=\"wp-block-spacer\"><\/div>\n<!-- \/wp:spacer -->\n\n<!-- wp:quote -->\n<blockquote class=\"wp-block-quote\"><p><em><span class=\"has-small-font-size\">En tant que courtier d&rsquo;assurance, notre mission est de vous informer et de vous conseiller sur les offres d&rsquo;assurance propos\u00e9es sur le march\u00e9. Ces fiches conseils ont pour objet de vous pr\u00e9senter les produits de nos <a href=\"https:\/\/reassurez-moi.fr\/guide\/cgu-cgv#MISE_EN_RELATION_AVEC_LES_PARTENAIRES\">assureurs partenaires<\/a> comme ceux avec lesquels nous n&rsquo;entretenons pas de liens.\u00a0Ces fiches vous donnent notre\u00a0analyse\u00a0objective\u00a0sur les contrats d&rsquo;assurance\u00a0mais aussi\u00a0des\u00a0informations sur les formalit\u00e9s d&rsquo;adh\u00e9sion.<\/span><\/em><\/p><\/blockquote>\n<!-- \/wp:quote -->\n\n<!-- wp:heading -->\n<h2 id=\"l-indemnisation-par-votre-assurance-auto-nom-acteur\"><strong>L\u2019indemnisation par votre assurance auto Ornikar<\/strong><\/h2>\n<!-- \/wp:heading -->\n\n<!-- wp:paragraph -->\n<p><strong>Voici ce que l\u2019on retrouve comme&nbsp;inclusion par d\u00e9faut dans le contrat :<\/strong><\/p>\n<!-- \/wp:paragraph -->\n\n<!-- wp:list {\"className\":\"is-style-default\"} -->\n<ul class=\"is-style-default\"><li><strong>Pour la formule Jeune conduteur <\/strong>:&nbsp;les frais li\u00e9s \u00e0 une blessure ou au d\u00e9c\u00e8s du conducteur sont pris en charge jusqu&#039;\u00e0 150 000 \u20ac.<\/li><\/ul>\n<!-- \/wp:list -->\n\n\n<!-- wp:heading -->\n<h2 id=\"contacts-de-l-assurance-auto-nom-acteur\"><strong>Contact de l\u2019assurance auto Ornikar<\/strong><\/h2>\n<!-- \/wp:heading -->\n\n<!-- wp:heading {\"level\":3} -->\n<h3 id=\"comment-joindre-nom-acteur\">Comment joindre Ornikar ?<\/h3>\n<!-- \/wp:heading -->\n\n<p><strong>Vous pouvez contacter l&rsquo;assureur Ornikar au :<\/strong><\/p>\n<!-- \/wp:paragraph -->\n\n<!-- wp:paragraph -->\n<p><strong>01 76 49 75 22<\/strong>&nbsp;du lundi au samedi de 10h \u00e0 20h.<\/p>\n<!-- \/wp:paragraph -->\n\n<!-- wp:spacer {\"height\":\"20px\"} -->\n<div style=\"height:20px\" aria-hidden=\"true\" class=\"wp-block-spacer\"><\/div>\n<!-- \/wp:spacer -->","protected":false},"excerpt":{"rendered":"<p>Assurance auto Ornikar Conducteur occasionnel ou averti, jeune conducteur ou automobiliste confirm\u00e9 : l&rsquo;assurance auto est obligatoire pour tous en France. Vous avez le devoir d\u2019assurer votre voiture, par le minimum l\u00e9gal de la Responsabilit\u00e9 Civile. Vous \u00eates \u00e0 la recherche du contrat le plus couvrant au meilleur prix et ne savez que penser de [&hellip;]<\/p>\n","protected":false},"author":61,"featured_media":0,"parent":15725,"menu_order":0,"comment_status":"open","ping_status":"closed","template":"","meta":{"_acf_changed":false,"footnotes":""},"categories":[],"page_topic":[733],"class_list":["post-157582","page","type-page","status-publish","hentry"],"yoast_head":"<!-- This site is optimized with the Yoast SEO plugin v24.7 - https:\/\/yoast.com\/wordpress\/plugins\/seo\/ -->\n<title>Notre avis sur l&#039;assurance auto Ornikar | Garanties, comparatif et tarifs <\/title>\n<meta name=\"description\" content=\"Toutes les garanties et franchises Ornikar expliqu\u00e9es - Trouvez la formule la plus adapt\u00e9e \u00e0 votre v\u00e9hicule - Comparatif avec 18 assurances\" \/>\n<meta name=\"robots\" content=\"index, follow, max-snippet:-1, max-image-preview:large, max-video-preview:-1\" \/>\n<link rel=\"canonical\" href=\"https:\/\/guide.reassurez-moi.fr\/guide\/assurance-auto\/ornikar\" \/>\n<meta property=\"og:locale\" content=\"fr_FR\" \/>\n<meta property=\"og:type\" content=\"article\" \/>\n<meta property=\"og:title\" content=\"Notre avis sur l&#039;assurance auto Ornikar | Garanties, comparatif et tarifs\" \/>\n<meta property=\"og:description\" content=\"Toutes les garanties et franchises Ornikar expliqu\u00e9es - Trouvez la formule la plus adapt\u00e9e \u00e0 votre v\u00e9hicule - Comparatif avec 18 assurances\" \/>\n<meta property=\"og:url\" content=\"https:\/\/guide.reassurez-moi.fr\/guide\/assurance-auto\/ornikar\" \/>\n<meta property=\"og:site_name\" content=\"R\u00e9assurez-moi\" \/>\n<meta property=\"article:publisher\" content=\"https:\/\/www.facebook.com\/R%c3%a9assurez-moi-209456495889479\/\" \/>\n<meta property=\"og:image\" content=\"https:\/\/guide.reassurez-moi.fr\/guide\/wp-content\/uploads\/2018\/04\/image-de-partage.png\" \/>\n\t<meta property=\"og:image:width\" content=\"500\" \/>\n\t<meta property=\"og:image:height\" content=\"160\" \/>\n\t<meta property=\"og:image:type\" content=\"image\/png\" \/>\n<meta name=\"twitter:card\" content=\"summary_large_image\" \/>\n<meta name=\"twitter:site\" content=\"@reassurezmoi\" \/>\n<script type=\"application\/ld+json\" class=\"yoast-schema-graph\">{\"@context\":\"https:\/\/schema.org\",\"@graph\":[{\"@type\":\"WebPage\",\"@id\":\"https:\/\/guide.reassurez-moi.fr\/guide\/assurance-auto\/ornikar\",\"url\":\"https:\/\/guide.reassurez-moi.fr\/guide\/assurance-auto\/ornikar\",\"name\":\"Assurance auto Ornikar | R\u00e9assurez-moi\",\"isPartOf\":{\"@id\":\"https:\/\/guide.reassurez-moi.fr\/guide\/#website\"},\"datePublished\":\"2022-10-19T13:16:58+00:00\",\"breadcrumb\":{\"@id\":\"https:\/\/guide.reassurez-moi.fr\/guide\/assurance-auto\/ornikar#breadcrumb\"},\"inLanguage\":\"fr-FR\",\"potentialAction\":[{\"@type\":\"ReadAction\",\"target\":[\"https:\/\/guide.reassurez-moi.fr\/guide\/assurance-auto\/ornikar\"]}]},{\"@type\":\"BreadcrumbList\",\"@id\":\"https:\/\/guide.reassurez-moi.fr\/guide\/assurance-auto\/ornikar#breadcrumb\",\"itemListElement\":[{\"@type\":\"ListItem\",\"position\":1,\"name\":\"Assurances\",\"item\":\"https:\/\/guide.reassurez-moi.fr\/guide\/\"},{\"@type\":\"ListItem\",\"position\":2,\"name\":\"Assurance auto\",\"item\":\"https:\/\/guide.reassurez-moi.fr\/guide\/assurance-auto\"},{\"@type\":\"ListItem\",\"position\":3,\"name\":\"Assurance auto Ornikar\"}]},{\"@type\":\"WebSite\",\"@id\":\"https:\/\/guide.reassurez-moi.fr\/guide\/#website\",\"url\":\"https:\/\/guide.reassurez-moi.fr\/guide\/\",\"name\":\"R\u00e9assurez-moi\",\"description\":\"Comparateur d&#039;assurances\",\"potentialAction\":[{\"@type\":\"SearchAction\",\"target\":{\"@type\":\"EntryPoint\",\"urlTemplate\":\"https:\/\/guide.reassurez-moi.fr\/guide\/?s={search_term_string}\"},\"query-input\":{\"@type\":\"PropertyValueSpecification\",\"valueRequired\":true,\"valueName\":\"search_term_string\"}}],\"inLanguage\":\"fr-FR\"}]}<\/script>\n<!-- \/ Yoast SEO plugin. -->","yoast_head_json":{"title":"Notre avis sur l'assurance auto Ornikar | Garanties, comparatif et tarifs ","description":"Toutes les garanties et franchises Ornikar expliqu\u00e9es - Trouvez la formule la plus adapt\u00e9e \u00e0 votre v\u00e9hicule - Comparatif avec 18 assurances","robots":{"index":"index","follow":"follow","max-snippet":"max-snippet:-1","max-image-preview":"max-image-preview:large","max-video-preview":"max-video-preview:-1"},"canonical":"https:\/\/guide.reassurez-moi.fr\/guide\/assurance-auto\/ornikar","og_locale":"fr_FR","og_type":"article","og_title":"Notre avis sur l'assurance auto Ornikar | Garanties, comparatif et tarifs","og_description":"Toutes les garanties et franchises Ornikar expliqu\u00e9es - Trouvez la formule la plus adapt\u00e9e \u00e0 votre v\u00e9hicule - Comparatif avec 18 assurances","og_url":"https:\/\/guide.reassurez-moi.fr\/guide\/assurance-auto\/ornikar","og_site_name":"R\u00e9assurez-moi","article_publisher":"https:\/\/www.facebook.com\/R%c3%a9assurez-moi-209456495889479\/","og_image":[{"width":500,"height":160,"url":"https:\/\/guide.reassurez-moi.fr\/guide\/wp-content\/uploads\/2018\/04\/image-de-partage.png","type":"image\/png"}],"twitter_card":"summary_large_image","twitter_site":"@reassurezmoi","schema":{"@context":"https:\/\/schema.org","@graph":[{"@type":"WebPage","@id":"https:\/\/guide.reassurez-moi.fr\/guide\/assurance-auto\/ornikar","url":"https:\/\/guide.reassurez-moi.fr\/guide\/assurance-auto\/ornikar","name":"Assurance auto Ornikar | R\u00e9assurez-moi","isPartOf":{"@id":"https:\/\/guide.reassurez-moi.fr\/guide\/#website"},"datePublished":"2022-10-19T13:16:58+00:00","breadcrumb":{"@id":"https:\/\/guide.reassurez-moi.fr\/guide\/assurance-auto\/ornikar#breadcrumb"},"inLanguage":"fr-FR","potentialAction":[{"@type":"ReadAction","target":["https:\/\/guide.reassurez-moi.fr\/guide\/assurance-auto\/ornikar"]}]},{"@type":"BreadcrumbList","@id":"https:\/\/guide.reassurez-moi.fr\/guide\/assurance-auto\/ornikar#breadcrumb","itemListElement":[{"@type":"ListItem","position":1,"name":"Assurances","item":"https:\/\/guide.reassurez-moi.fr\/guide\/"},{"@type":"ListItem","position":2,"name":"Assurance auto","item":"https:\/\/guide.reassurez-moi.fr\/guide\/assurance-auto"},{"@type":"ListItem","position":3,"name":"Assurance auto Ornikar"}]},{"@type":"WebSite","@id":"https:\/\/guide.reassurez-moi.fr\/guide\/#website","url":"https:\/\/guide.reassurez-moi.fr\/guide\/","name":"R\u00e9assurez-moi","description":"Comparateur d&#039;assurances","potentialAction":[{"@type":"SearchAction","target":{"@type":"EntryPoint","urlTemplate":"https:\/\/guide.reassurez-moi.fr\/guide\/?s={search_term_string}"},"query-input":{"@type":"PropertyValueSpecification","valueRequired":true,"valueName":"search_term_string"}}],"inLanguage":"fr-FR"}]}},"acf":[],"_links":{"self":[{"href":"https:\/\/guide.reassurez-moi.fr\/guide\/wp-json\/wp\/v2\/pages\/157582","targetHints":{"allow":["GET"]}}],"collection":[{"href":"https:\/\/guide.reassurez-moi.fr\/guide\/wp-json\/wp\/v2\/pages"}],"about":[{"href":"https:\/\/guide.reassurez-moi.fr\/guide\/wp-json\/wp\/v2\/types\/page"}],"author":[{"embeddable":true,"href":"https:\/\/guide.reassurez-moi.fr\/guide\/wp-json\/wp\/v2\/users\/61"}],"replies":[{"embeddable":true,"href":"https:\/\/guide.reassurez-moi.fr\/guide\/wp-json\/wp\/v2\/comments?post=157582"}],"version-history":[{"count":0,"href":"https:\/\/guide.reassurez-moi.fr\/guide\/wp-json\/wp\/v2\/pages\/157582\/revisions"}],"up":[{"embeddable":true,"href":"https:\/\/guide.reassurez-moi.fr\/guide\/wp-json\/wp\/v2\/pages\/15725"}],"wp:attachment":[{"href":"https:\/\/guide.reassurez-moi.fr\/guide\/wp-json\/wp\/v2\/media?parent=157582"}],"wp:term":[{"taxonomy":"category","embeddable":true,"href":"https:\/\/guide.reassurez-moi.fr\/guide\/wp-json\/wp\/v2\/categories?post=157582"},{"taxonomy":"page_topic","embeddable":true,"href":"https:\/\/guide.reassurez-moi.fr\/guide\/wp-json\/wp\/v2\/page_topic?post=157582"}],"curies":[{"name":"wp","href":"https:\/\/api.w.org\/{rel}","templated":true}]}}