{"id":157724,"date":"2021-11-04T23:59:01","date_gmt":"2021-11-04T22:59:01","guid":{"rendered":"https:\/\/reassurez-moi.fr\/guide\/assurance-auto\/complementaire\/securycar"},"modified":"2021-11-04T23:59:01","modified_gmt":"2021-11-04T22:59:01","slug":"securycar","status":"publish","type":"page","link":"https:\/\/guide.reassurez-moi.fr\/guide\/assurance-auto\/complementaire\/securycar","title":{"rendered":"Compl\u00e9mentaire auto Securycar"},"content":{"rendered":"\n<h1 class=\"wp-block-heading\" id=\"complementaire-auto-nom-acteur\">Compl\u00e9mentaire auto Securycar<\/h1>\n\n\n\n<p><strong>La compl\u00e9mentaire auto est une option encore peu connue mais particuli\u00e8rement avantageuse. Elle offre un ensemble de garanties suppl\u00e9mentaires qui viennent compl\u00e9ter celles de votre assurance auto habituelle, souvent pour un co\u00fbt additionnel mod\u00e9r\u00e9. Quel est notre avis sur la compl\u00e9mentaire auto Securycar ? Quelles sont les garanties propos\u00e9es par la compl\u00e9mentaire Securycar ? R\u00e9ponses.<\/strong><\/p>\n\n\n\n<h2 class=\"wp-block-heading\" id=\"quel-est-le-tarif-nom-acteur-de\">Quel est le tarif de Securycar ? <\/h2>\n\n\n\n<p><strong>Pour vous permettre de mieux \u00e9valuer le&nbsp;co\u00fbt de la compl\u00e9mentaire auto Securycar, nous avons r\u00e9alis\u00e9 le tableau de prix suivant :<\/strong><\/p>\n\n\n\n<figure class=\"wp-block-table is-style-header-simple\"><table><thead><tr><th class=\"has-text-align-center\" data-align=\"center\">Formules<\/th><th class=\"has-text-align-center\" data-align=\"center\">Tarifs mensuels<\/th><\/tr><\/thead><tbody><tr><td class=\"has-text-align-center\" data-align=\"center\">SecuryT<\/td><td class=\"has-text-align-center\" data-align=\"center\">Obtenus sur demande aupr\u00e8s de Securycar<\/td><\/tr><tr><td class=\"has-text-align-center\" data-align=\"center\">SecuryT+<\/td><td class=\"has-text-align-center\" data-align=\"center\">Obtenus sur demande aupr\u00e8s de Securycar<\/td><\/tr><tr><td class=\"has-text-align-center\" data-align=\"center\">Gamma+<\/td><td class=\"has-text-align-center\" data-align=\"center\">Obtenus sur demande aupr\u00e8s de Securycar<\/td><\/tr><\/tbody><\/table><\/figure>\n\n\n\n<h2 class=\"wp-block-heading\" id=\"quelles-sont-les-garanties-de-l-assurance-nom-acteur\">Quelles sont les garanties de la compl\u00e9mentaire Securycar ?<\/h2>\n\n\n\n<p>Voyons ici les garanties propos\u00e9es par Securycar :<\/p>\n\n\n\n<figure class=\"wp-block-table is-style-header-simple\"><table><thead><tr><th class=\"has-text-align-center\" data-align=\"center\">Garanties<\/th><th class=\"has-text-align-center\" data-align=\"center\">SecuryT<\/th><th class=\"has-text-align-center\" data-align=\"center\">SecuryT+<\/th><th class=\"has-text-align-center\" data-align=\"center\">Gamma+<\/th><\/tr><\/thead><tbody><tr><td class=\"has-text-align-center\" data-align=\"center\">V\u00e9hicule de remplacement<\/td><td class=\"has-text-align-center\" data-align=\"center\"><i\n    class=\"safe-shortcode-icon\n                    yes\n            \"\n                                    title=oui\n            >\n<\/i><\/td><td class=\"has-text-align-center\" data-align=\"center\"><i\n    class=\"safe-shortcode-icon\n                    yes\n            \"\n                                    title=oui\n            >\n<\/i><\/td><td class=\"has-text-align-center\" data-align=\"center\"><i\n    class=\"safe-shortcode-icon\n                    yes\n            \"\n                                    title=oui\n            >\n<\/i> sauf en cas d&#039;incendie<\/td><\/tr><tr><td class=\"has-text-align-center\" data-align=\"center\">Stage de r\u00e9cup\u00e9ration de points<\/td><td class=\"has-text-align-center\" data-align=\"center\"><i\n    class=\"safe-shortcode-icon\n                    yes\n            \"\n                                    title=oui\n            >\n<\/i><\/td><td class=\"has-text-align-center\" data-align=\"center\"><i\n    class=\"safe-shortcode-icon\n                    yes\n            \"\n                                    title=oui\n            >\n<\/i><\/td><td class=\"has-text-align-center\" data-align=\"center\"><i\n    class=\"safe-shortcode-icon\n                    no\n            \"\n                                    title=non\n            >\n<\/i><\/td><\/tr><tr><td class=\"has-text-align-center\" data-align=\"center\">Assistance conducteur et passagers<\/td><td class=\"has-text-align-center\" data-align=\"center\"><i\n    class=\"safe-shortcode-icon\n                    yes\n            \"\n                                    title=oui\n            >\n<\/i><\/td><td class=\"has-text-align-center\" data-align=\"center\"><i\n    class=\"safe-shortcode-icon\n                    yes\n            \"\n                                    title=oui\n            >\n<\/i><\/td><td class=\"has-text-align-center\" data-align=\"center\"><i\n    class=\"safe-shortcode-icon\n                    no\n            \"\n                                    title=non\n            >\n<\/i><\/td><\/tr><tr><td class=\"has-text-align-center\" data-align=\"center\">Assistance 24h\/24<\/td><td class=\"has-text-align-center\" data-align=\"center\"><i\n    class=\"safe-shortcode-icon\n                    yes\n            \"\n                                    title=oui\n            >\n<\/i><\/td><td class=\"has-text-align-center\" data-align=\"center\"><i\n    class=\"safe-shortcode-icon\n                    yes\n            \"\n                                    title=oui\n            >\n<\/i><\/td><td class=\"has-text-align-center\" data-align=\"center\"><i\n    class=\"safe-shortcode-icon\n                    no\n            \"\n                                    title=non\n            >\n<\/i><\/td><\/tr><tr><td class=\"has-text-align-center\" data-align=\"center\">Couverture des frais de r\u00e9paration en cas de panne<\/td><td class=\"has-text-align-center\" data-align=\"center\"><i\n    class=\"safe-shortcode-icon\n                    yes\n            \"\n                                    title=oui\n            >\n<\/i><\/td><td class=\"has-text-align-center\" data-align=\"center\"><i\n    class=\"safe-shortcode-icon\n                    yes\n            \"\n                                    title=oui\n            >\n<\/i><\/td><td class=\"has-text-align-center\" data-align=\"center\"><i\n    class=\"safe-shortcode-icon\n                    no\n            \"\n                                    title=non\n            >\n<\/i><\/td><\/tr><tr><td class=\"has-text-align-center\" data-align=\"center\">Plafond de prise en charge<\/td><td class=\"has-text-align-center\" data-align=\"center\">De 1 000 \u00e0 5 000 \u20ac (en cas de vol)<\/td><td class=\"has-text-align-center\" data-align=\"center\">De 3 000 \u00e0 7 000 \u20ac (en cas de vol)<\/td><td class=\"has-text-align-center\" data-align=\"center\">De 1 500 \u00e0 3 000 \u20ac (en cas de vol)<\/td><\/tr><tr><td class=\"has-text-align-center\" data-align=\"center\">Garantie pneus<\/td><td class=\"has-text-align-center\" data-align=\"center\"><i\n    class=\"safe-shortcode-icon\n                    yes\n            \"\n                                    title=oui\n            >\n<\/i><\/td><td class=\"has-text-align-center\" data-align=\"center\"><i\n    class=\"safe-shortcode-icon\n                    yes\n            \"\n                                    title=oui\n            >\n<\/i><\/td><td class=\"has-text-align-center\" data-align=\"center\"><i\n    class=\"safe-shortcode-icon\n                    no\n            \"\n                                    title=non\n            >\n<\/i><\/td><\/tr><tr><td class=\"has-text-align-center\" data-align=\"center\">Garantie vol<\/td><td class=\"has-text-align-center\" data-align=\"center\"><i\n    class=\"safe-shortcode-icon\n                    yes\n            \"\n                                    title=oui\n            >\n<\/i><\/td><td class=\"has-text-align-center\" data-align=\"center\"><i\n    class=\"safe-shortcode-icon\n                    yes\n            \"\n                                    title=oui\n            >\n<\/i><\/td><td class=\"has-text-align-center\" data-align=\"center\"><i\n    class=\"safe-shortcode-icon\n                    yes\n            \"\n                                    title=oui\n            >\n<\/i><\/td><\/tr><tr><td class=\"has-text-align-center\" data-align=\"center\">Garantie bris de glace<\/td><td class=\"has-text-align-center\" data-align=\"center\"><i\n    class=\"safe-shortcode-icon\n                    yes\n            \"\n                                    title=oui\n            >\n<\/i><\/td><td class=\"has-text-align-center\" data-align=\"center\"><i\n    class=\"safe-shortcode-icon\n                    yes\n            \"\n                                    title=oui\n            >\n<\/i><\/td><td class=\"has-text-align-center\" data-align=\"center\"><i\n    class=\"safe-shortcode-icon\n                    yes\n            \"\n                                    title=oui\n            >\n<\/i><\/td><\/tr><tr><td class=\"has-text-align-center\" data-align=\"center\">Rachat de franchise accident responsable<\/td><td class=\"has-text-align-center\" data-align=\"center\"><i\n    class=\"safe-shortcode-icon\n                    yes\n            \"\n                                    title=oui\n            >\n<\/i> 600 \u20ac<\/td><td class=\"has-text-align-center\" data-align=\"center\"><i\n    class=\"safe-shortcode-icon\n                    yes\n            \"\n                                    title=oui\n            >\n<\/i> 1 000 \u20ac<\/td><td class=\"has-text-align-center\" data-align=\"center\"><i\n    class=\"safe-shortcode-icon\n                    yes\n            \"\n                                    title=oui\n            >\n<\/i> 450 \u20ac<\/td><\/tr><tr><td class=\"has-text-align-center\" data-align=\"center\">Rachat de franchise bris de glace<\/td><td class=\"has-text-align-center\" data-align=\"center\"><i\n    class=\"safe-shortcode-icon\n                    yes\n            \"\n                                    title=oui\n            >\n<\/i> 150 \u20ac<\/td><td class=\"has-text-align-center\" data-align=\"center\"><i\n    class=\"safe-shortcode-icon\n                    yes\n            \"\n                                    title=oui\n            >\n<\/i> 300 \u20ac<\/td><td class=\"has-text-align-center\" data-align=\"center\"><i\n    class=\"safe-shortcode-icon\n                    yes\n            \"\n                                    title=oui\n            >\n<\/i> 150 \u20ac<\/td><\/tr><\/tbody><\/table><\/figure>\n\n\n\n\n<h2 class=\"wp-block-heading\" id=\"quelle-est-notre-avis-sur-nom-acteur\">Quelle est notre avis sur Securycar ?<\/h2>\n\n\n\n<p><p>On appr\u00e9cie le fait que Securycar propose plusieurs formules de compl\u00e9mentaire auto. Cela vous permet de choisir l&rsquo;offre la plus adapt\u00e9 \u00e0 votre conduite et votre v\u00e9hicule. Les indemnites propos\u00e9es en cas de vol notamment sont int\u00e9ressantes, ainsi que les rachats de franchise propos\u00e9s.<\/p>\n<p>Toutefois il est regrettable que nous ne puissions acc\u00e9der aux tarifs. Impossible d&rsquo;\u00e9tablir s&rsquo;il s&rsquo;agit ou non d&rsquo;une offre avec un bon rapport qualit\u00e9 \/ prix. Pour les obtenir, il faut contacter un conseiller par t\u00e9l\u00e9phone, envoyer un mail ou bien remplir un formulaire commercial. Autre b\u00e9mol, le site internet de Securycar gagnerait \u00e0 modernis\u00e9.<\/p><\/p>\n\n\n\n<h2 class=\"wp-block-heading\" id=\"comment-contacter-nom-acteur\"><strong>Comment contacter Securycar ?<\/strong><\/h2>\n\n\n\n<p><strong>Vous pouvez contacter la compl\u00e9mentaire auto Securycar :<\/strong><\/p>\n\n\n<p><strong>Par t\u00e9l\u00e9phone, au :<\/strong> 05 49 49 77 77 du lundi au vendredi de 8h30 \u00e0 18h<\/p>\n<!-- \/wp:paragraph -->\n<p><strong>Par courrier, \u00e0 l&rsquo;adresse suivante :<\/strong><\/p>\n<!-- \/wp:paragraph -->\n\n<!-- wp:paragraph -->\n<p><p>Securycar &#8211; CS 70139<br \/>\n12 boulevard Ren\u00e9 Descartes<br \/>\n86360 Chasseneuil-du-Poitou<\/p><\/p>\n<!-- \/wp:paragraph -->\n<!-- wp:paragraph -->\n<p><strong>Directement sur le site internet Securycar.<\/strong><\/p>\n<!-- \/wp:paragraph -->\n\n<!-- wp:heading -->\n<h2 id=\"nom-acteur-la-meilleure-complementaire-auto\">Securycar, la meilleure compl\u00e9mentaire auto ?<\/h2>\n<!-- \/wp:heading -->\n\n<!-- wp:paragraph -->\n<p><strong>Comparez la compl\u00e9mentaire auto Securycar aux autres contrats du march\u00e9 en simulant un devis imm\u00e9diat.<\/strong> Vous obtiendrez un comparatif de tous les assureurs avec un acc\u00e8s aux tarifs et aux garanties qui vous conviennent :<\/p>\n<!-- \/wp:paragraph -->\n\n<!-- wp:shortcode -->\n\n\n<div class=\"wp-block-rm-advertizing-block fix-in-sidebar advertising-block-sidebar-item\">\n    <div class=\"image-container flex justify-center align-items-center\">\n        <img decoding=\"async\" src=\"https:\/\/guide.reassurez-moi.fr\/guide\/wp-content\/uploads\/2025\/06\/team_opti_short.png\"\n             alt=\"reassurez-moi illustration\"\n             class=\"wp-block-rm-advertizing-image\"\n             loading=\"lazy\"\n        \/>\n    <\/div>\n    <div class=\"rm-advertblock-container flex flex-column justify-center align-items-start\">\n        <p class=\"wp-block-rm-advertizing-text\">\n            Compl\u00e9mentaire auto\n        <\/p>\n        <p class=\"wp-block-rm-advertizing-sub-text\">\n            les meilleures offres 2026\n        <\/p>\n        <a\n            href=\"https:\/\/reassurez-moi.fr\/guide\/assurance-auto\/complementaire\"\n            class=\"wp-block-rm-advertizing-button\"\n        >\n            <span class=\"wp-block-rm-advertizing-button-text\">\n                Comparer\n            <\/span>\n            <span class=\"wp-block-rm-advertizing-button-sub-text\">\n                les compl\u00e9mentaires auto\n            <\/span>\n        <\/a>\n    <\/div>\n<\/div>\n\n<!-- \/wp:shortcode -->\n\n<!-- wp:spacer {\"height\":\"20px\"} -->\n<div style=\"height:20px\" aria-hidden=\"true\" class=\"wp-block-spacer\"><\/div>\n<!-- \/wp:spacer -->\n\n<!-- wp:quote -->\n<blockquote class=\"wp-block-quote\"><p><em><span class=\"has-small-font-size\">En tant que courtier d&rsquo;assurance, notre mission est de vous informer et de vous conseiller sur les offres d&rsquo;assurance propos\u00e9es sur le march\u00e9. Ces fiches conseils ont pour objet de vous pr\u00e9senter les produits de nos <a href=\"https:\/\/reassurez-moi.fr\/guide\/cgu-cgv#MISE_EN_RELATION_AVEC_LES_PARTENAIRES\">assureurs partenaires<\/a> comme ceux avec lesquels nous n&rsquo;entretenons pas de liens.\u00a0Ces fiches vous donnent notre\u00a0analyse\u00a0objective\u00a0sur les contrats d&rsquo;assurance\u00a0mais aussi\u00a0des\u00a0informations sur les formalit\u00e9s d&rsquo;adh\u00e9sion.<\/span><\/em><\/p><\/blockquote>\n<!-- \/wp:quote -->\n\n<!-- wp:spacer {\"height\":\"20px\"} -->\n<div style=\"height:20px\" aria-hidden=\"true\" class=\"wp-block-spacer\"><\/div>\n<!-- \/wp:spacer -->","protected":false},"excerpt":{"rendered":"<p>Compl\u00e9mentaire auto Securycar La compl\u00e9mentaire auto est une option encore peu connue mais particuli\u00e8rement avantageuse. Elle offre un ensemble de garanties suppl\u00e9mentaires qui viennent compl\u00e9ter celles de votre assurance auto habituelle, souvent pour un co\u00fbt additionnel mod\u00e9r\u00e9. Quel est notre avis sur la compl\u00e9mentaire auto Securycar ? Quelles sont les garanties propos\u00e9es par la compl\u00e9mentaire [&hellip;]<\/p>\n","protected":false},"author":61,"featured_media":0,"parent":84133,"menu_order":0,"comment_status":"open","ping_status":"closed","template":"","meta":{"_acf_changed":false,"footnotes":""},"categories":[],"page_topic":[565],"class_list":["post-157724","page","type-page","status-publish","hentry"],"yoast_head":"<!-- This site is optimized with the Yoast SEO plugin v24.7 - https:\/\/yoast.com\/wordpress\/plugins\/seo\/ -->\n<title>Compl\u00e9mentaire auto Securycar | Avis, comparatif et garanties d\u00e9taill\u00e9es<\/title>\n<meta name=\"description\" content=\"Toutes les garanties et franchises Securycar expliqu\u00e9es - Trouvez la meilleure compl\u00e9mentaire auto - Comparatif 100 % gratuit.\" \/>\n<meta name=\"robots\" content=\"index, follow, max-snippet:-1, max-image-preview:large, max-video-preview:-1\" \/>\n<link rel=\"canonical\" href=\"https:\/\/guide.reassurez-moi.fr\/guide\/assurance-auto\/complementaire\/securycar\" \/>\n<meta property=\"og:locale\" content=\"fr_FR\" \/>\n<meta property=\"og:type\" content=\"article\" \/>\n<meta property=\"og:title\" content=\"Compl\u00e9mentaire auto Securycar | Avis, comparatif et garanties d\u00e9taill\u00e9es\" \/>\n<meta property=\"og:description\" content=\"Toutes les garanties et franchises Securycar expliqu\u00e9es - Trouvez la meilleure compl\u00e9mentaire auto - Comparatif 100 % gratuit.\" \/>\n<meta property=\"og:url\" content=\"https:\/\/guide.reassurez-moi.fr\/guide\/assurance-auto\/complementaire\/securycar\" \/>\n<meta property=\"og:site_name\" content=\"R\u00e9assurez-moi\" \/>\n<meta property=\"article:publisher\" content=\"https:\/\/www.facebook.com\/R%c3%a9assurez-moi-209456495889479\/\" \/>\n<meta property=\"og:image\" content=\"https:\/\/guide.reassurez-moi.fr\/guide\/wp-content\/uploads\/2018\/04\/image-de-partage.png\" \/>\n\t<meta property=\"og:image:width\" content=\"500\" \/>\n\t<meta property=\"og:image:height\" content=\"160\" \/>\n\t<meta property=\"og:image:type\" content=\"image\/png\" \/>\n<meta name=\"twitter:card\" content=\"summary_large_image\" \/>\n<meta name=\"twitter:site\" content=\"@reassurezmoi\" \/>\n<script type=\"application\/ld+json\" class=\"yoast-schema-graph\">{\"@context\":\"https:\/\/schema.org\",\"@graph\":[{\"@type\":\"WebPage\",\"@id\":\"https:\/\/guide.reassurez-moi.fr\/guide\/assurance-auto\/complementaire\/securycar\",\"url\":\"https:\/\/guide.reassurez-moi.fr\/guide\/assurance-auto\/complementaire\/securycar\",\"name\":\"Compl\u00e9mentaire auto Securycar | R\u00e9assurez-moi\",\"isPartOf\":{\"@id\":\"https:\/\/guide.reassurez-moi.fr\/guide\/#website\"},\"datePublished\":\"2021-11-04T22:59:01+00:00\",\"breadcrumb\":{\"@id\":\"https:\/\/guide.reassurez-moi.fr\/guide\/assurance-auto\/complementaire\/securycar#breadcrumb\"},\"inLanguage\":\"fr-FR\",\"potentialAction\":[{\"@type\":\"ReadAction\",\"target\":[\"https:\/\/guide.reassurez-moi.fr\/guide\/assurance-auto\/complementaire\/securycar\"]}]},{\"@type\":\"BreadcrumbList\",\"@id\":\"https:\/\/guide.reassurez-moi.fr\/guide\/assurance-auto\/complementaire\/securycar#breadcrumb\",\"itemListElement\":[{\"@type\":\"ListItem\",\"position\":1,\"name\":\"Assurances\",\"item\":\"https:\/\/guide.reassurez-moi.fr\/guide\/\"},{\"@type\":\"ListItem\",\"position\":2,\"name\":\"Assurance auto\",\"item\":\"https:\/\/guide.reassurez-moi.fr\/guide\/assurance-auto\"},{\"@type\":\"ListItem\",\"position\":3,\"name\":\"Compl\u00e9mentaire\",\"item\":\"https:\/\/guide.reassurez-moi.fr\/guide\/assurance-auto\/complementaire\"},{\"@type\":\"ListItem\",\"position\":4,\"name\":\"Compl\u00e9mentaire auto Securycar\"}]},{\"@type\":\"WebSite\",\"@id\":\"https:\/\/guide.reassurez-moi.fr\/guide\/#website\",\"url\":\"https:\/\/guide.reassurez-moi.fr\/guide\/\",\"name\":\"R\u00e9assurez-moi\",\"description\":\"Comparateur d&#039;assurances\",\"potentialAction\":[{\"@type\":\"SearchAction\",\"target\":{\"@type\":\"EntryPoint\",\"urlTemplate\":\"https:\/\/guide.reassurez-moi.fr\/guide\/?s={search_term_string}\"},\"query-input\":{\"@type\":\"PropertyValueSpecification\",\"valueRequired\":true,\"valueName\":\"search_term_string\"}}],\"inLanguage\":\"fr-FR\"}]}<\/script>\n<!-- \/ Yoast SEO plugin. -->","yoast_head_json":{"title":"Compl\u00e9mentaire auto Securycar | Avis, comparatif et garanties d\u00e9taill\u00e9es","description":"Toutes les garanties et franchises Securycar expliqu\u00e9es - Trouvez la meilleure compl\u00e9mentaire auto - Comparatif 100 % gratuit.","robots":{"index":"index","follow":"follow","max-snippet":"max-snippet:-1","max-image-preview":"max-image-preview:large","max-video-preview":"max-video-preview:-1"},"canonical":"https:\/\/guide.reassurez-moi.fr\/guide\/assurance-auto\/complementaire\/securycar","og_locale":"fr_FR","og_type":"article","og_title":"Compl\u00e9mentaire auto Securycar | Avis, comparatif et garanties d\u00e9taill\u00e9es","og_description":"Toutes les garanties et franchises Securycar expliqu\u00e9es - Trouvez la meilleure compl\u00e9mentaire auto - Comparatif 100 % gratuit.","og_url":"https:\/\/guide.reassurez-moi.fr\/guide\/assurance-auto\/complementaire\/securycar","og_site_name":"R\u00e9assurez-moi","article_publisher":"https:\/\/www.facebook.com\/R%c3%a9assurez-moi-209456495889479\/","og_image":[{"width":500,"height":160,"url":"https:\/\/guide.reassurez-moi.fr\/guide\/wp-content\/uploads\/2018\/04\/image-de-partage.png","type":"image\/png"}],"twitter_card":"summary_large_image","twitter_site":"@reassurezmoi","schema":{"@context":"https:\/\/schema.org","@graph":[{"@type":"WebPage","@id":"https:\/\/guide.reassurez-moi.fr\/guide\/assurance-auto\/complementaire\/securycar","url":"https:\/\/guide.reassurez-moi.fr\/guide\/assurance-auto\/complementaire\/securycar","name":"Compl\u00e9mentaire auto Securycar | R\u00e9assurez-moi","isPartOf":{"@id":"https:\/\/guide.reassurez-moi.fr\/guide\/#website"},"datePublished":"2021-11-04T22:59:01+00:00","breadcrumb":{"@id":"https:\/\/guide.reassurez-moi.fr\/guide\/assurance-auto\/complementaire\/securycar#breadcrumb"},"inLanguage":"fr-FR","potentialAction":[{"@type":"ReadAction","target":["https:\/\/guide.reassurez-moi.fr\/guide\/assurance-auto\/complementaire\/securycar"]}]},{"@type":"BreadcrumbList","@id":"https:\/\/guide.reassurez-moi.fr\/guide\/assurance-auto\/complementaire\/securycar#breadcrumb","itemListElement":[{"@type":"ListItem","position":1,"name":"Assurances","item":"https:\/\/guide.reassurez-moi.fr\/guide\/"},{"@type":"ListItem","position":2,"name":"Assurance auto","item":"https:\/\/guide.reassurez-moi.fr\/guide\/assurance-auto"},{"@type":"ListItem","position":3,"name":"Compl\u00e9mentaire","item":"https:\/\/guide.reassurez-moi.fr\/guide\/assurance-auto\/complementaire"},{"@type":"ListItem","position":4,"name":"Compl\u00e9mentaire auto Securycar"}]},{"@type":"WebSite","@id":"https:\/\/guide.reassurez-moi.fr\/guide\/#website","url":"https:\/\/guide.reassurez-moi.fr\/guide\/","name":"R\u00e9assurez-moi","description":"Comparateur d&#039;assurances","potentialAction":[{"@type":"SearchAction","target":{"@type":"EntryPoint","urlTemplate":"https:\/\/guide.reassurez-moi.fr\/guide\/?s={search_term_string}"},"query-input":{"@type":"PropertyValueSpecification","valueRequired":true,"valueName":"search_term_string"}}],"inLanguage":"fr-FR"}]}},"acf":[],"_links":{"self":[{"href":"https:\/\/guide.reassurez-moi.fr\/guide\/wp-json\/wp\/v2\/pages\/157724","targetHints":{"allow":["GET"]}}],"collection":[{"href":"https:\/\/guide.reassurez-moi.fr\/guide\/wp-json\/wp\/v2\/pages"}],"about":[{"href":"https:\/\/guide.reassurez-moi.fr\/guide\/wp-json\/wp\/v2\/types\/page"}],"author":[{"embeddable":true,"href":"https:\/\/guide.reassurez-moi.fr\/guide\/wp-json\/wp\/v2\/users\/61"}],"replies":[{"embeddable":true,"href":"https:\/\/guide.reassurez-moi.fr\/guide\/wp-json\/wp\/v2\/comments?post=157724"}],"version-history":[{"count":0,"href":"https:\/\/guide.reassurez-moi.fr\/guide\/wp-json\/wp\/v2\/pages\/157724\/revisions"}],"up":[{"embeddable":true,"href":"https:\/\/guide.reassurez-moi.fr\/guide\/wp-json\/wp\/v2\/pages\/84133"}],"wp:attachment":[{"href":"https:\/\/guide.reassurez-moi.fr\/guide\/wp-json\/wp\/v2\/media?parent=157724"}],"wp:term":[{"taxonomy":"category","embeddable":true,"href":"https:\/\/guide.reassurez-moi.fr\/guide\/wp-json\/wp\/v2\/categories?post=157724"},{"taxonomy":"page_topic","embeddable":true,"href":"https:\/\/guide.reassurez-moi.fr\/guide\/wp-json\/wp\/v2\/page_topic?post=157724"}],"curies":[{"name":"wp","href":"https:\/\/api.w.org\/{rel}","templated":true}]}}