{"id":15814,"date":"2016-06-09T15:59:21","date_gmt":"2016-06-09T14:59:21","guid":{"rendered":"http:\/\/reassurez-moi.fr\/guide\/?page_id=15814"},"modified":"2026-02-02T16:38:27","modified_gmt":"2026-02-02T15:38:27","slug":"assureurs","status":"publish","type":"page","link":"https:\/\/guide.reassurez-moi.fr\/guide\/assurance-auto\/assureurs","title":{"rendered":"Assurance auto &#8211; Assureurs"},"content":{"rendered":"\n<h1 class=\"wp-block-heading\" id=\"les-assureurs-en-assurance-auto\">Les assureurs en assurance&nbsp;auto<\/h1>\n\n\n\n<p><strong>Nous avons r\u00e9dig\u00e9 des fiches conseils pour chacun des assureurs afin de vous donner notre analyse sur leur contrat d&rsquo;assurance auto&nbsp;mais aussi des&nbsp;informations sur les formalit\u00e9s d&rsquo;adh\u00e9sion. Ainsi, vous trouverez dans ces fiches notre avis sur les garanties propos\u00e9es et les exclusions mais&nbsp;\u00e9galement les d\u00e9marches \u00e0 effectuer&nbsp;pour un changement d&rsquo;assurance. Enfin, ne manquez pas de consulter&nbsp;notre <a href=\"https:\/\/reassurez-moi.fr\/guide\/assurance-auto\">guide assurance auto<\/a>&nbsp;afin d\u2019obtenir des conseils et de vous aider \u00e0 s\u00e9lectionner le contrat adapt\u00e9 \u00e0 vos besoins.<\/strong><\/p>\n\n\n\n<div style=\"height:20px\" aria-hidden=\"true\" class=\"wp-block-spacer\"><\/div>\n\n\n\n<ul class=\"is-style-arrow-right wp-block-list\"><li><a href=\"https:\/\/reassurez-moi.fr\/guide\/assurance-auto\/abeille-assurances\">Abeille Assurances<\/a><\/li><li><a href=\"https:\/\/reassurez-moi.fr\/guide\/assurance-auto\/acommeassure\">AcommeAssure<\/a><\/li><li><a href=\"https:\/\/reassurez-moi.fr\/guide\/assurance-auto\/active-assurances\">Active Assurances<\/a><\/li><li><a href=\"https:\/\/reassurez-moi.fr\/guide\/assurance-auto\/ag2rlamondiale\">AG2R La Mondiale<\/a><\/li><li><a href=\"https:\/\/reassurez-moi.fr\/guide\/assurance-auto\/allianz\">Allianz<\/a><\/li><li><a href=\"https:\/\/reassurez-moi.fr\/guide\/assurance-auto\/amf-assurances\">AMF\u00a0Assurances<\/a><\/li><li><a href=\"https:\/\/reassurez-moi.fr\/guide\/assurance-auto\/amv\">AMV<\/a><\/li><li><a href=\"https:\/\/reassurez-moi.fr\/guide\/assurance-auto\/aon-assurances\">Aon Assurances<\/a><\/li><li><a href=\"https:\/\/reassurez-moi.fr\/guide\/assurance-auto\/april\">April<\/a><\/li><li><a href=\"https:\/\/reassurez-moi.fr\/guide\/assurance-auto\/areas\">Areas<\/a><\/li><li><a href=\"https:\/\/reassurez-moi.fr\/guide\/assurance-auto\/ascar\">Ascar<\/a><\/li><li><a href=\"https:\/\/reassurez-moi.fr\/guide\/assurance-auto\/assu-2000\">Assu 2000<\/a><\/li><li><a href=\"https:\/\/reassurez-moi.fr\/guide\/assurance-auto\/assureo\">Assur\u00e9o<\/a><\/li><li><a href=\"https:\/\/reassurez-moi.fr\/guide\/assurance-auto\/netvox\">AssurOnline<\/a><\/li><li><a href=\"https:\/\/reassurez-moi.fr\/guide\/assurance-auto\/assurpeople\">Assurpeople<\/a><\/li><li><a href=\"https:\/\/reassurez-moi.fr\/guide\/assurance-auto\/axa\">Axa<\/a><\/li><li><a href=\"https:\/\/reassurez-moi.fr\/guide\/assurance-auto\/best-assurances\">Best Assurances<\/a><\/li><li><a href=\"https:\/\/reassurez-moi.fr\/guide\/assurance-auto\/bonus-50\">Bonus 50<\/a><\/li><li><a href=\"https:\/\/reassurez-moi.fr\/guide\/assurance-auto\/carrefour\">Carrefour<\/a><\/li><li><a href=\"https:\/\/reassurez-moi.fr\/guide\/assurance-auto\/car-y\">Car-y<\/a><\/li><li><a href=\"https:\/\/reassurez-moi.fr\/guide\/assurance-auto\/cic\">CIC<\/a><\/li><li><a href=\"https:\/\/reassurez-moi.fr\/guide\/assurance-auto\/clavel\">Clavel<\/a><\/li><li><a href=\"https:\/\/reassurez-moi.fr\/guide\/assurance-auto\/credit-agricole\">Cr\u00e9dit Agricole<\/a><\/li><li><a href=\"https:\/\/reassurez-moi.fr\/guide\/assurance-auto\/direct-assurance\">Direct Assurance<\/a><\/li><li><a href=\"https:\/\/reassurez-moi.fr\/guide\/assurance-auto\/eca-assurances\">Eca Assurances<\/a><\/li><li><a href=\"https:\/\/reassurez-moi.fr\/guide\/assurance-auto\/elsassur\">Elsassur<\/a><\/li><li><a href=\"https:\/\/reassurez-moi.fr\/guide\/assurance-auto\/euro-assurance\">Euro Assurance<\/a><\/li><li><a href=\"https:\/\/reassurez-moi.fr\/guide\/assurance-auto\/eurofil\">Eurofil<\/a><\/li><li><a href=\"https:\/\/reassurez-moi.fr\/guide\/assurance-auto\/au-kilometre\/flitter\">Flitter<\/a><\/li><li><a href=\"https:\/\/reassurez-moi.fr\/guide\/assurance-auto\/gan-assurances\">Gan Assurances<\/a><\/li><li><a href=\"https:\/\/reassurez-moi.fr\/guide\/assurance-auto\/generali\">Generali<\/a><\/li><li><a href=\"https:\/\/reassurez-moi.fr\/guide\/assurance-auto\/gmf\">GMF<\/a><\/li><li><a href=\"https:\/\/reassurez-moi.fr\/guide\/assurance-auto\/groupama\">Groupama<\/a><\/li><li><a href=\"https:\/\/reassurez-moi.fr\/guide\/assurance-auto\/leocare\">Leocare<\/a><\/li><li><a href=\"https:\/\/reassurez-moi.fr\/guide\/assurance-auto\/olivier-assurances\">L&rsquo;Olivier Assurances<\/a><\/li><li><a href=\"https:\/\/reassurez-moi.fr\/guide\/assurance-auto\/lovys\">Lovys<\/a><\/li><li><a href=\"https:\/\/reassurez-moi.fr\/guide\/assurance-auto\/maaf\">MAAF<\/a><\/li><li><a href=\"https:\/\/reassurez-moi.fr\/guide\/assurance-auto\/macif\">MACIF<\/a><\/li><li><a href=\"https:\/\/reassurez-moi.fr\/guide\/assurance-auto\/macsf-assurances\">MACSF<\/a><\/li><li><a href=\"https:\/\/reassurez-moi.fr\/guide\/assurance-auto\/malj\">Malj<\/a><\/li><li><a href=\"https:\/\/reassurez-moi.fr\/guide\/assurance-auto\/matmut\">Matmut<\/a><\/li><li><a href=\"https:\/\/reassurez-moi.fr\/guide\/assurance-auto\/maxance\">Maxance<\/a><\/li><li><a href=\"https:\/\/reassurez-moi.fr\/guide\/assurance-auto\/mfa\">MFA<\/a><\/li><li><a href=\"https:\/\/reassurez-moi.fr\/guide\/assurance-auto\/mma\">MMA<\/a><\/li><li><a href=\"https:\/\/reassurez-moi.fr\/guide\/assurance-auto\/mutuelle-des-motards\">Mutuelle des Motards<\/a><\/li><li><a href=\"https:\/\/reassurez-moi.fr\/guide\/assurance-auto\/novelia\">Novelia<\/a><\/li><li><a href=\"https:\/\/reassurez-moi.fr\/guide\/assurance-auto\/ornikar\">Ornikar<\/a><\/li><li><a href=\"https:\/\/reassurez-moi.fr\/guide\/assurance-auto\/pro-btp\">Pro BTP<\/a><\/li><li><a href=\"https:\/\/reassurez-moi.fr\/guide\/assurance-auto\/quattro-assurances\">Quattro Assurances<\/a><\/li><li><a href=\"https:\/\/reassurez-moi.fr\/guide\/assurance-auto\/renault-assurances\">Renault Assurances<\/a><\/li><li><a href=\"https:\/\/reassurez-moi.fr\/guide\/assurance-auto\/serenis\">S\u00e9r\u00e9nis<\/a><\/li><li><a href=\"https:\/\/reassurez-moi.fr\/guide\/assurance-auto\/tea-cerede\">Tea Cerede<\/a><\/li><li><a href=\"https:\/\/reassurez-moi.fr\/guide\/assurance-auto\/thelem-assurances\">Th\u00e9lem Assurances<\/a><\/li><li><a href=\"https:\/\/reassurez-moi.fr\/guide\/assurance-auto\/volkswagen\">Volkswagen<\/a><\/li><li><a href=\"https:\/\/reassurez-moi.fr\/guide\/assurance-auto\/zenith-assurance\">Zenith assurance<\/a><\/li><\/ul>\n\n\n\n<div style=\"height:20px\" aria-hidden=\"true\" class=\"wp-block-spacer\"><\/div>\n\n\n\n<div class=\"wp-block-rm-advertizing-block fix-in-sidebar advertising-block-sidebar-item\">\n    <div class=\"image-container flex justify-center align-items-center\">\n        <img decoding=\"async\" src=\"https:\/\/guide.reassurez-moi.fr\/guide\/wp-content\/uploads\/2025\/06\/team_opti_short.png\"\n             alt=\"reassurez-moi illustration\"\n             class=\"wp-block-rm-advertizing-image\"\n             loading=\"lazy\"\n        \/>\n    <\/div>\n    <div class=\"rm-advertblock-container flex flex-column justify-center align-items-start\">\n        <p class=\"wp-block-rm-advertizing-text\">\n            Assurance auto\n        <\/p>\n        <p class=\"wp-block-rm-advertizing-sub-text\">\n            les meilleures offres 2026\n        <\/p>\n        <a\n            href=\"https:\/\/reassurez-moi.fr\/guide\/assurance-auto\"\n            class=\"wp-block-rm-advertizing-button\"\n        >\n            <span class=\"wp-block-rm-advertizing-button-text\">\n                Comparer\n            <\/span>\n            <span class=\"wp-block-rm-advertizing-button-sub-text\">\n                les assurances auto\n            <\/span>\n        <\/a>\n    <\/div>\n<\/div>\n","protected":false},"excerpt":{"rendered":"<p>Les assureurs en assurance&nbsp;auto Nous avons r\u00e9dig\u00e9 des fiches conseils pour chacun des assureurs afin de vous donner notre analyse sur leur contrat d&rsquo;assurance auto&nbsp;mais aussi des&nbsp;informations sur les formalit\u00e9s d&rsquo;adh\u00e9sion. Ainsi, vous trouverez dans ces fiches notre avis sur les garanties propos\u00e9es et les exclusions mais&nbsp;\u00e9galement les d\u00e9marches \u00e0 effectuer&nbsp;pour un changement d&rsquo;assurance. Enfin,\u2026<\/p>\n","protected":false},"author":86,"featured_media":15819,"parent":15725,"menu_order":0,"comment_status":"open","ping_status":"closed","template":"","meta":{"_acf_changed":false,"footnotes":""},"categories":[],"page_topic":[733],"class_list":["post-15814","page","type-page","status-publish","has-post-thumbnail","hentry"],"yoast_head":"<!-- This site is optimized with the Yoast SEO plugin v24.7 - https:\/\/yoast.com\/wordpress\/plugins\/seo\/ -->\n<title>Quels sont les acteurs de l&#039;assurance auto ? Fiches par assureurs<\/title>\n<meta name=\"description\" content=\"Voici les principaux assureurs qui proposent un contrat auto avec notre comparatif par garanties et des conseils sur leurs services.\" \/>\n<meta name=\"robots\" content=\"index, follow, max-snippet:-1, max-image-preview:large, max-video-preview:-1\" \/>\n<link rel=\"canonical\" href=\"https:\/\/guide.reassurez-moi.fr\/guide\/assurance-auto\/assureurs\" \/>\n<meta property=\"og:locale\" content=\"fr_FR\" \/>\n<meta property=\"og:type\" content=\"article\" \/>\n<meta property=\"og:title\" content=\"Quels sont les acteurs de l&#039;assurance auto ? Fiches par assureurs\" \/>\n<meta property=\"og:description\" content=\"Voici les principaux assureurs qui proposent un contrat auto avec notre comparatif par garanties et des conseils sur leurs services.\" \/>\n<meta property=\"og:url\" content=\"https:\/\/guide.reassurez-moi.fr\/guide\/assurance-auto\/assureurs\" \/>\n<meta property=\"og:site_name\" content=\"R\u00e9assurez-moi\" \/>\n<meta property=\"article:publisher\" content=\"https:\/\/www.facebook.com\/R%c3%a9assurez-moi-209456495889479\/\" \/>\n<meta property=\"article:modified_time\" content=\"2026-02-02T15:38:27+00:00\" \/>\n<meta property=\"og:image\" content=\"https:\/\/guide.reassurez-moi.fr\/guide\/wp-content\/uploads\/2016\/06\/Assureurs-auto.jpg\" \/>\n\t<meta property=\"og:image:width\" content=\"300\" \/>\n\t<meta property=\"og:image:height\" content=\"215\" \/>\n\t<meta property=\"og:image:type\" content=\"image\/jpeg\" \/>\n<meta name=\"twitter:card\" content=\"summary_large_image\" \/>\n<meta name=\"twitter:site\" content=\"@reassurezmoi\" \/>\n<meta name=\"twitter:label1\" content=\"Dur\u00e9e de lecture estim\u00e9e\" \/>\n\t<meta name=\"twitter:data1\" content=\"1 minute\" \/>\n<script type=\"application\/ld+json\" class=\"yoast-schema-graph\">{\"@context\":\"https:\/\/schema.org\",\"@graph\":[{\"@type\":\"WebPage\",\"@id\":\"https:\/\/guide.reassurez-moi.fr\/guide\/assurance-auto\/assureurs\",\"url\":\"https:\/\/guide.reassurez-moi.fr\/guide\/assurance-auto\/assureurs\",\"name\":\"Quels sont les acteurs de l'assurance auto ? Fiches par assureurs\",\"isPartOf\":{\"@id\":\"https:\/\/guide.reassurez-moi.fr\/guide\/#website\"},\"primaryImageOfPage\":{\"@id\":\"https:\/\/guide.reassurez-moi.fr\/guide\/assurance-auto\/assureurs#primaryimage\"},\"image\":{\"@id\":\"https:\/\/guide.reassurez-moi.fr\/guide\/assurance-auto\/assureurs#primaryimage\"},\"thumbnailUrl\":\"https:\/\/guide.reassurez-moi.fr\/guide\/wp-content\/uploads\/2016\/06\/Assureurs-auto.jpg\",\"datePublished\":\"2016-06-09T14:59:21+00:00\",\"dateModified\":\"2026-02-02T15:38:27+00:00\",\"description\":\"Voici les principaux assureurs qui proposent un contrat auto avec notre comparatif par garanties et des conseils sur leurs services.\",\"breadcrumb\":{\"@id\":\"https:\/\/guide.reassurez-moi.fr\/guide\/assurance-auto\/assureurs#breadcrumb\"},\"inLanguage\":\"fr-FR\",\"potentialAction\":[{\"@type\":\"ReadAction\",\"target\":[\"https:\/\/guide.reassurez-moi.fr\/guide\/assurance-auto\/assureurs\"]}]},{\"@type\":\"ImageObject\",\"inLanguage\":\"fr-FR\",\"@id\":\"https:\/\/guide.reassurez-moi.fr\/guide\/assurance-auto\/assureurs#primaryimage\",\"url\":\"https:\/\/guide.reassurez-moi.fr\/guide\/wp-content\/uploads\/2016\/06\/Assureurs-auto.jpg\",\"contentUrl\":\"https:\/\/guide.reassurez-moi.fr\/guide\/wp-content\/uploads\/2016\/06\/Assureurs-auto.jpg\",\"width\":300,\"height\":215,\"caption\":\"Assureurs auto\"},{\"@type\":\"BreadcrumbList\",\"@id\":\"https:\/\/guide.reassurez-moi.fr\/guide\/assurance-auto\/assureurs#breadcrumb\",\"itemListElement\":[{\"@type\":\"ListItem\",\"position\":1,\"name\":\"Assurances\",\"item\":\"https:\/\/guide.reassurez-moi.fr\/guide\/\"},{\"@type\":\"ListItem\",\"position\":2,\"name\":\"Assurance auto\",\"item\":\"https:\/\/guide.reassurez-moi.fr\/guide\/assurance-auto\"},{\"@type\":\"ListItem\",\"position\":3,\"name\":\"Assureurs\"}]},{\"@type\":\"WebSite\",\"@id\":\"https:\/\/guide.reassurez-moi.fr\/guide\/#website\",\"url\":\"https:\/\/guide.reassurez-moi.fr\/guide\/\",\"name\":\"R\u00e9assurez-moi\",\"description\":\"Comparateur d&#039;assurances\",\"potentialAction\":[{\"@type\":\"SearchAction\",\"target\":{\"@type\":\"EntryPoint\",\"urlTemplate\":\"https:\/\/guide.reassurez-moi.fr\/guide\/?s={search_term_string}\"},\"query-input\":{\"@type\":\"PropertyValueSpecification\",\"valueRequired\":true,\"valueName\":\"search_term_string\"}}],\"inLanguage\":\"fr-FR\"}]}<\/script>\n<!-- \/ Yoast SEO plugin. -->","yoast_head_json":{"title":"Quels sont les acteurs de l'assurance auto ? Fiches par assureurs","description":"Voici les principaux assureurs qui proposent un contrat auto avec notre comparatif par garanties et des conseils sur leurs services.","robots":{"index":"index","follow":"follow","max-snippet":"max-snippet:-1","max-image-preview":"max-image-preview:large","max-video-preview":"max-video-preview:-1"},"canonical":"https:\/\/guide.reassurez-moi.fr\/guide\/assurance-auto\/assureurs","og_locale":"fr_FR","og_type":"article","og_title":"Quels sont les acteurs de l'assurance auto ? Fiches par assureurs","og_description":"Voici les principaux assureurs qui proposent un contrat auto avec notre comparatif par garanties et des conseils sur leurs services.","og_url":"https:\/\/guide.reassurez-moi.fr\/guide\/assurance-auto\/assureurs","og_site_name":"R\u00e9assurez-moi","article_publisher":"https:\/\/www.facebook.com\/R%c3%a9assurez-moi-209456495889479\/","article_modified_time":"2026-02-02T15:38:27+00:00","og_image":[{"width":300,"height":215,"url":"https:\/\/guide.reassurez-moi.fr\/guide\/wp-content\/uploads\/2016\/06\/Assureurs-auto.jpg","type":"image\/jpeg"}],"twitter_card":"summary_large_image","twitter_site":"@reassurezmoi","twitter_misc":{"Dur\u00e9e de lecture estim\u00e9e":"1 minute"},"schema":{"@context":"https:\/\/schema.org","@graph":[{"@type":"WebPage","@id":"https:\/\/guide.reassurez-moi.fr\/guide\/assurance-auto\/assureurs","url":"https:\/\/guide.reassurez-moi.fr\/guide\/assurance-auto\/assureurs","name":"Quels sont les acteurs de l'assurance auto ? Fiches par assureurs","isPartOf":{"@id":"https:\/\/guide.reassurez-moi.fr\/guide\/#website"},"primaryImageOfPage":{"@id":"https:\/\/guide.reassurez-moi.fr\/guide\/assurance-auto\/assureurs#primaryimage"},"image":{"@id":"https:\/\/guide.reassurez-moi.fr\/guide\/assurance-auto\/assureurs#primaryimage"},"thumbnailUrl":"https:\/\/guide.reassurez-moi.fr\/guide\/wp-content\/uploads\/2016\/06\/Assureurs-auto.jpg","datePublished":"2016-06-09T14:59:21+00:00","dateModified":"2026-02-02T15:38:27+00:00","description":"Voici les principaux assureurs qui proposent un contrat auto avec notre comparatif par garanties et des conseils sur leurs services.","breadcrumb":{"@id":"https:\/\/guide.reassurez-moi.fr\/guide\/assurance-auto\/assureurs#breadcrumb"},"inLanguage":"fr-FR","potentialAction":[{"@type":"ReadAction","target":["https:\/\/guide.reassurez-moi.fr\/guide\/assurance-auto\/assureurs"]}]},{"@type":"ImageObject","inLanguage":"fr-FR","@id":"https:\/\/guide.reassurez-moi.fr\/guide\/assurance-auto\/assureurs#primaryimage","url":"https:\/\/guide.reassurez-moi.fr\/guide\/wp-content\/uploads\/2016\/06\/Assureurs-auto.jpg","contentUrl":"https:\/\/guide.reassurez-moi.fr\/guide\/wp-content\/uploads\/2016\/06\/Assureurs-auto.jpg","width":300,"height":215,"caption":"Assureurs auto"},{"@type":"BreadcrumbList","@id":"https:\/\/guide.reassurez-moi.fr\/guide\/assurance-auto\/assureurs#breadcrumb","itemListElement":[{"@type":"ListItem","position":1,"name":"Assurances","item":"https:\/\/guide.reassurez-moi.fr\/guide\/"},{"@type":"ListItem","position":2,"name":"Assurance auto","item":"https:\/\/guide.reassurez-moi.fr\/guide\/assurance-auto"},{"@type":"ListItem","position":3,"name":"Assureurs"}]},{"@type":"WebSite","@id":"https:\/\/guide.reassurez-moi.fr\/guide\/#website","url":"https:\/\/guide.reassurez-moi.fr\/guide\/","name":"R\u00e9assurez-moi","description":"Comparateur d&#039;assurances","potentialAction":[{"@type":"SearchAction","target":{"@type":"EntryPoint","urlTemplate":"https:\/\/guide.reassurez-moi.fr\/guide\/?s={search_term_string}"},"query-input":{"@type":"PropertyValueSpecification","valueRequired":true,"valueName":"search_term_string"}}],"inLanguage":"fr-FR"}]}},"acf":[],"_links":{"self":[{"href":"https:\/\/guide.reassurez-moi.fr\/guide\/wp-json\/wp\/v2\/pages\/15814","targetHints":{"allow":["GET"]}}],"collection":[{"href":"https:\/\/guide.reassurez-moi.fr\/guide\/wp-json\/wp\/v2\/pages"}],"about":[{"href":"https:\/\/guide.reassurez-moi.fr\/guide\/wp-json\/wp\/v2\/types\/page"}],"author":[{"embeddable":true,"href":"https:\/\/guide.reassurez-moi.fr\/guide\/wp-json\/wp\/v2\/users\/86"}],"replies":[{"embeddable":true,"href":"https:\/\/guide.reassurez-moi.fr\/guide\/wp-json\/wp\/v2\/comments?post=15814"}],"version-history":[{"count":1,"href":"https:\/\/guide.reassurez-moi.fr\/guide\/wp-json\/wp\/v2\/pages\/15814\/revisions"}],"predecessor-version":[{"id":216428,"href":"https:\/\/guide.reassurez-moi.fr\/guide\/wp-json\/wp\/v2\/pages\/15814\/revisions\/216428"}],"up":[{"embeddable":true,"href":"https:\/\/guide.reassurez-moi.fr\/guide\/wp-json\/wp\/v2\/pages\/15725"}],"wp:featuredmedia":[{"embeddable":true,"href":"https:\/\/guide.reassurez-moi.fr\/guide\/wp-json\/wp\/v2\/media\/15819"}],"wp:attachment":[{"href":"https:\/\/guide.reassurez-moi.fr\/guide\/wp-json\/wp\/v2\/media?parent=15814"}],"wp:term":[{"taxonomy":"category","embeddable":true,"href":"https:\/\/guide.reassurez-moi.fr\/guide\/wp-json\/wp\/v2\/categories?post=15814"},{"taxonomy":"page_topic","embeddable":true,"href":"https:\/\/guide.reassurez-moi.fr\/guide\/wp-json\/wp\/v2\/page_topic?post=15814"}],"curies":[{"name":"wp","href":"https:\/\/api.w.org\/{rel}","templated":true}]}}