{"id":158681,"date":"2021-05-18T09:17:09","date_gmt":"2021-05-18T07:17:09","guid":{"rendered":"https:\/\/reassurez-moi.fr\/guide\/?page_id=158681"},"modified":"2025-03-25T13:16:06","modified_gmt":"2025-03-25T12:16:06","slug":"numero-fiscal","status":"publish","type":"page","link":"https:\/\/guide.reassurez-moi.fr\/guide\/impots\/numero-fiscal","title":{"rendered":"Imp\u00f4ts &#8211; Num\u00e9ro fiscal"},"content":{"rendered":"\n<h1 class=\"wp-block-heading\" id=\"comment-faire-la-demande-de-numero-fiscal\">O\u00f9 trouver son num\u00e9ro fiscal ?<\/h1>\n\n\n\n<p>Le num\u00e9ro fiscal, \u00e9galement appel\u00e9 num\u00e9ro d&rsquo;identification fiscale (NIF), est essentiel pour toutes vos d\u00e9marches administratives et fiscales en France, notamment pour votre d\u00e9claration d&rsquo;<a href=\"https:\/\/reassurez-moi.fr\/guide\/impots\">imp\u00f4ts<\/a>. D\u00e9couvrez o\u00f9 vous pouvez le retrouver, comment le r\u00e9cup\u00e9rer si vous ne l&rsquo;avez pas, et pourquoi il est indispensable.<\/p>\n\n\n\n<h2 class=\"wp-block-heading\" id=\"qu-est-ce-que-le-nif\">Qu&rsquo;est-ce que le num\u00e9ro fiscal (NIF) ?<\/h2>\n\n\n\n<p>Le num\u00e9ro fiscal ou <strong>NIF<\/strong> est un identifiant unique attribu\u00e9 par l\u2019administration fiscale fran\u00e7aise \u00e0 chaque contribuable, particulier ou entreprise. Ce <strong>num\u00e9ro fiscal<\/strong> est ainsi requis pour toutes vos d\u00e9marches fiscales : d\u00e9claration des revenus, paiement des imp\u00f4ts, demandes de remboursement. Il permet en effet \u00e0 l\u2019administration fiscale de vous identifier et de traiter vos dossiers fiscaux de mani\u00e8re s\u00e9curis\u00e9e.<\/p>\n\n\n\n<div class=\"wp-block-mars-information icon-info without-background\"><p>&#x1f50e; <strong>Num\u00e9ro fiscal vs. SIREN<\/strong> : Notez que si vous \u00eates une entreprise, vous recevrez un <strong>num\u00e9ro SIREN<\/strong> en tant qu\u2019identifiant, qui est distinct du <strong>num\u00e9ro fiscal<\/strong> personnel des particuliers.<\/p><\/div>\n\n\n\n<div class=\"flex  wp-block-rm-advertizing-block fix-in-sidebar\"><div class=\"image-container flex justify-center align-items-center py-3\"><img decoding=\"async\" src=\"https:\/\/guide.reassurez-moi.fr\/guide\/wp-content\/uploads\/2025\/06\/team_opti_short.png\" alt=\"reassurez-moi illustration\" class=\"wp-block-rm-advertizing-image\" loading=\"lazy\"\/><\/div><div class=\"\n                    rm-advertblock-container\n                    flex flex-column justify-center\n                    align-items-start\n                \"><p class=\"wp-block-rm-advertizing-text\n                              \n                            \">Trouvez la meilleure solution de r\u00e9duction d&rsquo;imp\u00f4t<\/p><a href=\"https:\/\/reassurez-moi.fr\/guide\/partenaire\/impots\/cleerly\/cleerly\" class=\"wp-block-rm-advertizing-button\"><span class=\"wp-block-rm-advertizing-button-text\">Simulation gratuite<\/span><\/a><\/div><\/div>\n\n\n\n<h4 class=\"wp-block-heading\"><\/h4>\n\n\n\n<h2 class=\"wp-block-heading\" id=\"ou-trouver-le-nif\">O\u00f9 trouver son num\u00e9ro d&rsquo;identification fiscale ?<\/h2>\n\n\n\n<p>Le num\u00e9ro fiscal est indiqu\u00e9 sur plusieurs documents fiscaux importants que vous recevez de l&rsquo;administration fiscale. Vous pouvez alors le trouver sur :<\/p>\n\n\n\n<ul class=\"wp-block-list is-style-arrow-right\">\n<li><strong>D\u00e9claration d\u2019imp\u00f4ts pr\u00e9-remplie<\/strong> : Sur la premi\u00e8re page, en haut \u00e0 gauche.<\/li>\n\n\n\n<li><strong>Avis d\u2019imposition<\/strong> : Le num\u00e9ro fiscal est situ\u00e9 dans l&rsquo;encadr\u00e9 \u201cMes R\u00e9f\u00e9rences\u201d sur la premi\u00e8re page.<\/li>\n\n\n\n<li><strong>Taxe d\u2019habitation et taxe fonci\u00e8re<\/strong> : Le NIF y est mentionn\u00e9 sur vos avis de taxe.<\/li>\n\n\n\n<li><strong>Courriers des finances publiques<\/strong> : Vous trouverez votre num\u00e9ro fiscal sur tous les courriers re\u00e7us des services fiscaux.<\/li>\n\n\n\n<li><strong>Espace Particulier en ligne<\/strong> : Si vous ne trouvez pas votre num\u00e9ro fiscal, vous pouvez le demander directement dans votre espace personnel sur le site imp\u00f4ts.gouv.fr.<\/li>\n<\/ul>\n\n\n\n<h2 class=\"wp-block-heading\">Comment obtenir son num\u00e9ro fiscal pour la premi\u00e8re fois ?<\/h2>\n\n\n\n<p>Si vous n&rsquo;avez jamais d\u00e9clar\u00e9 vos imp\u00f4ts, l&rsquo;<strong>obtention de votre num\u00e9ro fiscal<\/strong> se fait g\u00e9n\u00e9ralement avant votre premi\u00e8re d\u00e9claration d&rsquo;imp\u00f4ts. Voici donc les \u00e9tapes d\u00e9taill\u00e9es :<\/p>\n\n\n\n<ul class=\"wp-block-list is-style-arrow-right\">\n<li><strong>Par courrier<\/strong> : L&rsquo;administration fiscale vous enverra un courrier avec votre num\u00e9ro fiscal ainsi qu&rsquo;un mot de passe pour cr\u00e9er votre <strong>Espace Particulier<\/strong>. Ce courrier contient \u00e9galement d&rsquo;autres informations fiscales importantes.<\/li>\n\n\n\n<li><strong>En ligne<\/strong> : Si vous ne recevez pas ce courrier ou si vous \u00eates press\u00e9, vous pouvez demander votre num\u00e9ro fiscal directement via le site imp\u00f4ts.gouv.fr. Cliquez sur la rubrique \u00ab\u00a0Demande de num\u00e9ro fiscal\u00a0\u00bb pour recevoir votre identifiant par e-mail.<\/li>\n\n\n\n<li><strong>Au guichet ou par t\u00e9l\u00e9phone<\/strong> : Vous pouvez aussi vous rendre dans votre <a href=\"https:\/\/reassurez-moi.fr\/guide\/impots\/centre-impots\">centre des finances publiques<\/a> ou contacter le service client pour obtenir votre num\u00e9ro fiscal.<\/li>\n<\/ul>\n\n\n\n<div class=\"wp-block-mars-information icon-info without-background\"><p>En tout cas, une fois cette \u00e9tape accomplie, vous pourrez acc\u00e9der \u00e0 votre <strong>Espace Particulier<\/strong> et commencer vos d\u00e9marches fiscales.<\/p><\/div>\n\n\n\n<h2 class=\"wp-block-heading\" id=\"comment-faire-une-demande-de-numero-fiscal\">Comment faire une demande de num\u00e9ro d&rsquo;identification fiscale (NIF) ?<\/h2>\n\n\n\n<p>Si vous n&rsquo;avez pas encore de num\u00e9ro fiscal, vous pouvez en faire la demande de plusieurs fa\u00e7ons :<\/p>\n\n\n\n<ul class=\"wp-block-list is-style-pros-2\">\n<li><strong>En ligne<\/strong> : Sur votre <strong>Espace Particulier<\/strong> (si vous \u00eates d\u00e9j\u00e0 inscrit), vous pouvez directement faire une demande pour recevoir votre num\u00e9ro fiscal. Sinon, suivez la proc\u00e9dure sur le site imp\u00f4ts.gouv.fr.<\/li>\n\n\n\n<li><strong>Au guichet des finances publiques<\/strong> : Vous pouvez vous rendre dans un centre des finances publiques pour faire la demande de votre num\u00e9ro fiscal. Un agent v\u00e9rifiera votre \u00e9tat civil et vous fournira votre NIF.<\/li>\n\n\n\n<li><strong>Par t\u00e9l\u00e9phone ou courrier<\/strong> : Vous pouvez \u00e9galement appeler ou envoyer une demande par courrier \u00e0 votre centre des finances publiques. Vous devrez fournir vos informations personnelles et une pi\u00e8ce d&rsquo;identit\u00e9.<\/li>\n<\/ul>\n\n\n\n<h2 class=\"wp-block-heading\" id=\"que-faire-si-je-n-ai-pas-numero-fiscal\">Que faire si je n\u2019ai pas de num\u00e9ro fiscal ?<\/h2>\n\n\n\n<p>Plusieurs situations peuvent expliquer l&rsquo;absence de num\u00e9ro fiscal :<\/p>\n\n\n\n<ul class=\"wp-block-list is-style-arrow-right\">\n<li><strong>Vous \u00eates mineur ou \u00e9tudiant<\/strong> : Vous n\u2019avez pas de num\u00e9ro fiscal tant que vous n\u2019avez pas fait votre premi\u00e8re d\u00e9claration de revenus.<\/li>\n\n\n\n<li><strong>Rattachement au foyer fiscal<\/strong> : Si vous \u00eates rattach\u00e9 au foyer fiscal de vos parents, vous n&rsquo;avez pas encore de num\u00e9ro fiscal personnel.<\/li>\n<\/ul>\n\n\n\n<p>Si vous \u00eates dans ces cas, vous recevrez automatiquement un num\u00e9ro fiscal lors de votre premi\u00e8re d\u00e9claration. Sinon, vous pouvez en faire la demande via le site des imp\u00f4ts.<\/p>\n\n\n\n<div class=\"wp-block-mars-information icon-info\"><p>&#x1f4a1; <strong>Bon \u00e0 savoir<\/strong> : que l\u2019on soit mari\u00e9 ou\u00a0<a href=\"https:\/\/reassurez-moi.fr\/guide\/impots\/pacs\">pacs\u00e9<\/a>, chacun des deux conjoints doit disposer de son propre num\u00e9ro fiscal, m\u00eame en cas de d\u00e9claration commune.\u00a0<\/p><\/div>\n\n\n\n<h2 class=\"wp-block-heading\" id=\"que-faire-si-j-ai-perdu-mon-numero-fiscal\">Que faire si j\u2019ai perdu mon num\u00e9ro d&rsquo;identification fiscale ?<\/h2>\n\n\n\n<p>Perdre son num\u00e9ro fiscal peut arriver, mais pas d&rsquo;inqui\u00e9tude ! Voici comment le r\u00e9cup\u00e9rer :<\/p>\n\n\n\n<ul class=\"wp-block-list is-style-arrow-right\">\n<li><strong>En ligne<\/strong> : Connectez-vous \u00e0 votre <strong>Espace Particulier<\/strong> et suivez les instructions pour recevoir votre num\u00e9ro fiscal par e-mail.<\/li>\n\n\n\n<li><strong>Via FranceConnect<\/strong> : Si vous utilisez FranceConnect, vous pourrez acc\u00e9der \u00e0 votre num\u00e9ro fiscal directement sans passer par votre <strong>Espace Particulier<\/strong>.<\/li>\n\n\n\n<li><strong>Par courrier<\/strong> : Si vous ne parvenez pas \u00e0 r\u00e9cup\u00e9rer votre num\u00e9ro fiscal en ligne, vous pouvez adresser une demande \u00e9crite \u00e0 votre centre des finances publiques. Vous devrez alors fournir vos informations personnelles et une copie de votre pi\u00e8ce d\u2019identit\u00e9.<\/li>\n<\/ul>\n\n\n\n<div class=\"wp-block-columns is-layout-flex wp-container-core-columns-is-layout-1 wp-block-columns-is-layout-flex\">\n<div class=\"wp-block-column is-style-blue-border is-layout-flow wp-block-column-is-layout-flow\">\n<h2 class=\"wp-block-heading\">FAQ Num\u00e9ro d&rsquo;identification fiscale<\/h2>\n\n\n\n<h3 class=\"wp-block-heading\"><strong>Qu&rsquo;est-ce que le code NIF ?<\/strong><\/h3>\n\n\n\n<p>Le num\u00e9ro d&rsquo;identification fiscale, appel\u00e9 plus souvent num\u00e9ro fiscal de r\u00e9f\u00e9rence, est un num\u00e9ro d&rsquo;identification attribu\u00e9 aux contribuables par les administrations fiscales en France, mais aussi dans la plupart des \u00c9tats membres de l&rsquo;Union Europ\u00e9enne. Ne pas confondre avec le revenu fiscal de r\u00e9f\u00e9rence.<\/p>\n\n\n\n<h3 class=\"wp-block-heading\"><strong>Pourquoi est-il important de conna\u00eetre son num\u00e9ro fiscal ?<\/strong><\/h3>\n\n\n\n<p>Le num\u00e9ro fiscal est essentiel pour toutes vos d\u00e9marches fiscales en France. Il est n\u00e9cessaire pour :<\/p>\n\n\n\n<ul class=\"wp-block-list\">\n<li><a href=\"https:\/\/reassurez-moi.fr\/guide\/impots\/remplir-declaration\">Remplir votre d\u00e9claration de revenus<\/a> chaque ann\u00e9e.<\/li>\n\n\n\n<li>Effectuer le paiement de vos imp\u00f4ts.<\/li>\n\n\n\n<li>Obtenir des remboursements en cas de trop-pay\u00e9 ou d\u2019autres avantages fiscaux.<\/li>\n\n\n\n<li>Acc\u00e9der \u00e0 votre Espace Particulier et consulter vos documents fiscaux en ligne.<\/li>\n<\/ul>\n\n\n\n<h3 class=\"wp-block-heading\"><strong>O\u00f9 trouver son num\u00e9ro fiscal en France ?<\/strong><\/h3>\n\n\n\n<p>Le num\u00e9ro fiscal figure sur les documents suivants\u00a0:<br>&#x2705; <strong>Votre d\u00e9claration de revenus pr\u00e9-remplie<\/strong>, en haut \u00e0 gauche de la premi\u00e8re page, avec le num\u00e9ro d&rsquo;acc\u00e8s en ligne\u00a0;<br>&#x2705; <strong>Vos avis d\u2019imp\u00f4t<\/strong> (imp\u00f4t sur le revenu, taxe d\u2019habitation, <a href=\"https:\/\/reassurez-moi.fr\/guide\/impots\/taxe-fonciere\">taxe fonci\u00e8re<\/a>) en haut \u00e0 gauche, rubrique \u00ab\u00a0Vos r\u00e9f\u00e9rences\u00a0\u00bb.<\/p>\n\n\n\n<h3 class=\"wp-block-heading\"><strong>Comment obtenir son num\u00e9ro fiscal en ligne ?<\/strong><\/h3>\n\n\n\n<p>Vous pouvez obtenir votre num\u00e9ro fiscal de r\u00e9f\u00e9rence en ligne, directement sur votre espace particulier sur impots.gouv.fr. Que ce soit pour demander le renvoi de votre num\u00e9ro fiscal ou pour l&rsquo;obtenir pour la premi\u00e8re fois, vous pourrez en faire la demande directement dans la rubrique \u00ab\u00a0Aide\u00a0\u00bb de votre espace personnel.<\/p>\n<\/div>\n<\/div>\n","protected":false},"excerpt":{"rendered":"<p>O\u00f9 trouver son num\u00e9ro fiscal ? Le num\u00e9ro fiscal, \u00e9galement appel\u00e9 num\u00e9ro d&rsquo;identification fiscale (NIF), est essentiel pour toutes vos d\u00e9marches administratives et fiscales en France, notamment pour votre d\u00e9claration d&rsquo;imp\u00f4ts. D\u00e9couvrez o\u00f9 vous pouvez le retrouver, comment le r\u00e9cup\u00e9rer si vous ne l&rsquo;avez pas, et pourquoi il est indispensable. Qu&rsquo;est-ce que le num\u00e9ro fiscal\u2026<\/p>\n","protected":false},"author":67,"featured_media":0,"parent":156767,"menu_order":0,"comment_status":"open","ping_status":"closed","template":"","meta":{"_acf_changed":false,"footnotes":""},"categories":[],"page_topic":[582],"class_list":["post-158681","page","type-page","status-publish","hentry"],"yoast_head":"<!-- This site is optimized with the Yoast SEO plugin v24.7 - https:\/\/yoast.com\/wordpress\/plugins\/seo\/ -->\n<title>Num\u00e9ro d&#039;identification fiscale : O\u00f9 trouver son num\u00e9ro fiscal ?<\/title>\n<meta name=\"description\" content=\"\u00c0 quoi sert le num\u00e9ro d&#039;identification fiscale et o\u00f9 le trouver ? Comment l&#039;obtenir pour la premi\u00e8re fois ? Guide complet sur le NIF !\" \/>\n<meta name=\"robots\" content=\"index, follow, max-snippet:-1, max-image-preview:large, max-video-preview:-1\" \/>\n<link rel=\"canonical\" href=\"https:\/\/guide.reassurez-moi.fr\/guide\/impots\/numero-fiscal\" \/>\n<meta property=\"og:locale\" content=\"fr_FR\" \/>\n<meta property=\"og:type\" content=\"article\" \/>\n<meta property=\"og:title\" content=\"Num\u00e9ro d&#039;identification fiscale : O\u00f9 trouver son num\u00e9ro fiscal ?\" \/>\n<meta property=\"og:description\" content=\"\u00c0 quoi sert le num\u00e9ro d&#039;identification fiscale et o\u00f9 le trouver ? Comment l&#039;obtenir pour la premi\u00e8re fois ? Guide complet sur le NIF !\" \/>\n<meta property=\"og:url\" content=\"https:\/\/guide.reassurez-moi.fr\/guide\/impots\/numero-fiscal\" \/>\n<meta property=\"og:site_name\" content=\"R\u00e9assurez-moi\" \/>\n<meta property=\"article:publisher\" content=\"https:\/\/www.facebook.com\/R%c3%a9assurez-moi-209456495889479\/\" \/>\n<meta property=\"article:modified_time\" content=\"2025-03-25T12:16:06+00:00\" \/>\n<meta property=\"og:image\" content=\"https:\/\/guide.reassurez-moi.fr\/guide\/wp-content\/uploads\/2018\/04\/image-de-partage.png\" \/>\n\t<meta property=\"og:image:width\" content=\"500\" \/>\n\t<meta property=\"og:image:height\" content=\"160\" \/>\n\t<meta property=\"og:image:type\" content=\"image\/png\" \/>\n<meta name=\"twitter:card\" content=\"summary_large_image\" \/>\n<meta name=\"twitter:site\" content=\"@reassurezmoi\" \/>\n<meta name=\"twitter:label1\" content=\"Dur\u00e9e de lecture estim\u00e9e\" \/>\n\t<meta name=\"twitter:data1\" content=\"8 minutes\" \/>\n<script type=\"application\/ld+json\" class=\"yoast-schema-graph\">{\"@context\":\"https:\/\/schema.org\",\"@graph\":[{\"@type\":\"WebPage\",\"@id\":\"https:\/\/guide.reassurez-moi.fr\/guide\/impots\/numero-fiscal\",\"url\":\"https:\/\/guide.reassurez-moi.fr\/guide\/impots\/numero-fiscal\",\"name\":\"Num\u00e9ro d'identification fiscale : O\u00f9 trouver son num\u00e9ro fiscal ?\",\"isPartOf\":{\"@id\":\"https:\/\/guide.reassurez-moi.fr\/guide\/#website\"},\"datePublished\":\"2021-05-18T07:17:09+00:00\",\"dateModified\":\"2025-03-25T12:16:06+00:00\",\"description\":\"\u00c0 quoi sert le num\u00e9ro d'identification fiscale et o\u00f9 le trouver ? Comment l'obtenir pour la premi\u00e8re fois ? Guide complet sur le NIF !\",\"breadcrumb\":{\"@id\":\"https:\/\/guide.reassurez-moi.fr\/guide\/impots\/numero-fiscal#breadcrumb\"},\"inLanguage\":\"fr-FR\",\"potentialAction\":[{\"@type\":\"ReadAction\",\"target\":[\"https:\/\/guide.reassurez-moi.fr\/guide\/impots\/numero-fiscal\"]}]},{\"@type\":\"BreadcrumbList\",\"@id\":\"https:\/\/guide.reassurez-moi.fr\/guide\/impots\/numero-fiscal#breadcrumb\",\"itemListElement\":[{\"@type\":\"ListItem\",\"position\":1,\"name\":\"Assurances\",\"item\":\"https:\/\/guide.reassurez-moi.fr\/guide\/\"},{\"@type\":\"ListItem\",\"position\":2,\"name\":\"Imp\u00f4ts\",\"item\":\"https:\/\/guide.reassurez-moi.fr\/guide\/impots\"},{\"@type\":\"ListItem\",\"position\":3,\"name\":\"Num\u00e9ro fiscal\"}]},{\"@type\":\"WebSite\",\"@id\":\"https:\/\/guide.reassurez-moi.fr\/guide\/#website\",\"url\":\"https:\/\/guide.reassurez-moi.fr\/guide\/\",\"name\":\"R\u00e9assurez-moi\",\"description\":\"Comparateur d&#039;assurances\",\"potentialAction\":[{\"@type\":\"SearchAction\",\"target\":{\"@type\":\"EntryPoint\",\"urlTemplate\":\"https:\/\/guide.reassurez-moi.fr\/guide\/?s={search_term_string}\"},\"query-input\":{\"@type\":\"PropertyValueSpecification\",\"valueRequired\":true,\"valueName\":\"search_term_string\"}}],\"inLanguage\":\"fr-FR\"}]}<\/script>\n<!-- \/ Yoast SEO plugin. -->","yoast_head_json":{"title":"Num\u00e9ro d'identification fiscale : O\u00f9 trouver son num\u00e9ro fiscal ?","description":"\u00c0 quoi sert le num\u00e9ro d'identification fiscale et o\u00f9 le trouver ? Comment l'obtenir pour la premi\u00e8re fois ? Guide complet sur le NIF !","robots":{"index":"index","follow":"follow","max-snippet":"max-snippet:-1","max-image-preview":"max-image-preview:large","max-video-preview":"max-video-preview:-1"},"canonical":"https:\/\/guide.reassurez-moi.fr\/guide\/impots\/numero-fiscal","og_locale":"fr_FR","og_type":"article","og_title":"Num\u00e9ro d'identification fiscale : O\u00f9 trouver son num\u00e9ro fiscal ?","og_description":"\u00c0 quoi sert le num\u00e9ro d'identification fiscale et o\u00f9 le trouver ? Comment l'obtenir pour la premi\u00e8re fois ? Guide complet sur le NIF !","og_url":"https:\/\/guide.reassurez-moi.fr\/guide\/impots\/numero-fiscal","og_site_name":"R\u00e9assurez-moi","article_publisher":"https:\/\/www.facebook.com\/R%c3%a9assurez-moi-209456495889479\/","article_modified_time":"2025-03-25T12:16:06+00:00","og_image":[{"width":500,"height":160,"url":"https:\/\/guide.reassurez-moi.fr\/guide\/wp-content\/uploads\/2018\/04\/image-de-partage.png","type":"image\/png"}],"twitter_card":"summary_large_image","twitter_site":"@reassurezmoi","twitter_misc":{"Dur\u00e9e de lecture estim\u00e9e":"8 minutes"},"schema":{"@context":"https:\/\/schema.org","@graph":[{"@type":"WebPage","@id":"https:\/\/guide.reassurez-moi.fr\/guide\/impots\/numero-fiscal","url":"https:\/\/guide.reassurez-moi.fr\/guide\/impots\/numero-fiscal","name":"Num\u00e9ro d'identification fiscale : O\u00f9 trouver son num\u00e9ro fiscal ?","isPartOf":{"@id":"https:\/\/guide.reassurez-moi.fr\/guide\/#website"},"datePublished":"2021-05-18T07:17:09+00:00","dateModified":"2025-03-25T12:16:06+00:00","description":"\u00c0 quoi sert le num\u00e9ro d'identification fiscale et o\u00f9 le trouver ? Comment l'obtenir pour la premi\u00e8re fois ? Guide complet sur le NIF !","breadcrumb":{"@id":"https:\/\/guide.reassurez-moi.fr\/guide\/impots\/numero-fiscal#breadcrumb"},"inLanguage":"fr-FR","potentialAction":[{"@type":"ReadAction","target":["https:\/\/guide.reassurez-moi.fr\/guide\/impots\/numero-fiscal"]}]},{"@type":"BreadcrumbList","@id":"https:\/\/guide.reassurez-moi.fr\/guide\/impots\/numero-fiscal#breadcrumb","itemListElement":[{"@type":"ListItem","position":1,"name":"Assurances","item":"https:\/\/guide.reassurez-moi.fr\/guide\/"},{"@type":"ListItem","position":2,"name":"Imp\u00f4ts","item":"https:\/\/guide.reassurez-moi.fr\/guide\/impots"},{"@type":"ListItem","position":3,"name":"Num\u00e9ro fiscal"}]},{"@type":"WebSite","@id":"https:\/\/guide.reassurez-moi.fr\/guide\/#website","url":"https:\/\/guide.reassurez-moi.fr\/guide\/","name":"R\u00e9assurez-moi","description":"Comparateur d&#039;assurances","potentialAction":[{"@type":"SearchAction","target":{"@type":"EntryPoint","urlTemplate":"https:\/\/guide.reassurez-moi.fr\/guide\/?s={search_term_string}"},"query-input":{"@type":"PropertyValueSpecification","valueRequired":true,"valueName":"search_term_string"}}],"inLanguage":"fr-FR"}]}},"acf":[],"_links":{"self":[{"href":"https:\/\/guide.reassurez-moi.fr\/guide\/wp-json\/wp\/v2\/pages\/158681","targetHints":{"allow":["GET"]}}],"collection":[{"href":"https:\/\/guide.reassurez-moi.fr\/guide\/wp-json\/wp\/v2\/pages"}],"about":[{"href":"https:\/\/guide.reassurez-moi.fr\/guide\/wp-json\/wp\/v2\/types\/page"}],"author":[{"embeddable":true,"href":"https:\/\/guide.reassurez-moi.fr\/guide\/wp-json\/wp\/v2\/users\/67"}],"replies":[{"embeddable":true,"href":"https:\/\/guide.reassurez-moi.fr\/guide\/wp-json\/wp\/v2\/comments?post=158681"}],"version-history":[{"count":1,"href":"https:\/\/guide.reassurez-moi.fr\/guide\/wp-json\/wp\/v2\/pages\/158681\/revisions"}],"predecessor-version":[{"id":206789,"href":"https:\/\/guide.reassurez-moi.fr\/guide\/wp-json\/wp\/v2\/pages\/158681\/revisions\/206789"}],"up":[{"embeddable":true,"href":"https:\/\/guide.reassurez-moi.fr\/guide\/wp-json\/wp\/v2\/pages\/156767"}],"wp:attachment":[{"href":"https:\/\/guide.reassurez-moi.fr\/guide\/wp-json\/wp\/v2\/media?parent=158681"}],"wp:term":[{"taxonomy":"category","embeddable":true,"href":"https:\/\/guide.reassurez-moi.fr\/guide\/wp-json\/wp\/v2\/categories?post=158681"},{"taxonomy":"page_topic","embeddable":true,"href":"https:\/\/guide.reassurez-moi.fr\/guide\/wp-json\/wp\/v2\/page_topic?post=158681"}],"curies":[{"name":"wp","href":"https:\/\/api.w.org\/{rel}","templated":true}]}}