{"id":158969,"date":"2026-04-14T14:47:16","date_gmt":"2026-04-14T12:47:16","guid":{"rendered":"https:\/\/reassurez-moi.fr\/guide\/mutuelle-sante\/gmf"},"modified":"2026-04-14T14:47:16","modified_gmt":"2026-04-14T12:47:16","slug":"gmf","status":"publish","type":"page","link":"https:\/\/guide.reassurez-moi.fr\/guide\/mutuelle-sante\/gmf","title":{"rendered":"Tout savoir sur la mutuelle sant\u00e9 GMF"},"content":{"rendered":"\n<h1 class=\"wp-block-heading\" id=\"mutuelle-sante-nom-acteur\">Mutuelle sant\u00e9 GMF : tarif, remboursement et avis d&rsquo;expert<\/h1>\n\n\n\n<p>&lt;p&gt;La GMF (Garantie Mutuelle des Fonctionnaires) est une mutuelle d&#039;assurance cr\u00e9\u00e9e en 1934 pour prot\u00e9ger les agents de la fonction publique. Elle propose une gamme compl\u00e8te d&#039;assurances incluant la sant\u00e9, la pr\u00e9voyance, l&#039;automobile et l&#039;habitation, avec des tarifs adapt\u00e9s aux fonctionnaires. Aujourd&#039;hui membre du groupe Cov\u00e9a, la GMF maintient son engagement historique envers les agents du secteur public.&lt;\/p&gt;<\/p>\n\n\n\n<p>Vous souhaitez des informations sur la mutuelle&nbsp;GMF ? D\u00e9couvrez notre analyse compl\u00e8te : formules, remboursements, tarifs et notre avis d&rsquo;expert ind\u00e9pendant.<\/p>\n\n\n\n<h2 class=\"wp-block-heading\" id=\"quels-sont-les-remboursements-proposes-par-la-mutuelle-nom-acteur\">Quels sont les remboursements propos\u00e9s par la mutuelle <strong>GMF<\/strong> ?<\/h2>\n\n\n\n<figure class=\"wp-block-table is-style-header-double\"><table><thead><tr><th><\/th><th class=\"has-text-align-center\" data-align=\"center\">Formule 222<\/th><th class=\"has-text-align-center\" data-align=\"center\">Formule 333<\/th><\/tr><\/thead><tbody><tr><td>Chirurgie<\/td><td class=\"has-text-align-center\" data-align=\"center\">150% BR (127 \u20ac)<\/td><td class=\"has-text-align-center\" data-align=\"center\">190% BR (199 \u20ac)<\/td><\/tr><tr><td>Chambre individuelle<\/td><td class=\"has-text-align-center\" data-align=\"center\">40\u20ac \/jour<\/td><td class=\"has-text-align-center\" data-align=\"center\"><meta charset=\"utf-8\">60\u20ac \/jour<\/td><\/tr><tr><td>Intervention ophtalmologique<\/td><td class=\"has-text-align-center\" data-align=\"center\">150% BR (18 \u20ac)<\/td><td class=\"has-text-align-center\" data-align=\"center\"><meta charset=\"utf-8\">190% BR (28 \u20ac)<\/td><\/tr><tr><td>Semelles orthop\u00e9diques<\/td><td class=\"has-text-align-center\" data-align=\"center\">150% BR<\/td><td class=\"has-text-align-center\" data-align=\"center\"><meta charset=\"utf-8\">190% BR<\/td><\/tr><tr><td><a href=\"https:\/\/reassurez-moi.fr\/guide\/mutuelle-sante\/mutuelle-dentaire\" data-type=\"page\" data-id=\"156832\">Soins dentaires<\/a>, Inlays-Onlays<\/td><td class=\"has-text-align-center\" data-align=\"center\">175 % BR (413 \u20ac)<\/td><td class=\"has-text-align-center\" data-align=\"center\"><meta charset=\"utf-8\">250% BR (193 \u20ac)<\/td><\/tr><tr><td>Lunettes<\/td><td class=\"has-text-align-center\" data-align=\"center\">SS + 65 \u20ac \/ verre et SS + 40 \u20ac pour les montures \u20ac (170 \u20ac)<\/td><td class=\"has-text-align-center\" data-align=\"center\"><meta charset=\"utf-8\">SS + 115 \u20ac \/ verre et SS + 70 \u20ac pour les montures \u20ac (267 \u20ac)<\/td><\/tr><tr><td>Lentilles<\/td><td class=\"has-text-align-center\" data-align=\"center\">Forfait lentilles de 100 \u20ac<\/td><td class=\"has-text-align-center\" data-align=\"center\">Forfait lentilles de 200 \u20ac (180 \u20ac)<\/td><\/tr><tr><td><meta charset=\"utf-8\">Ost\u00e9opathie<\/td><td class=\"has-text-align-center\" data-align=\"center\">20 \u20ac\/s\u00e9ance ; max 3\/an<\/td><td class=\"has-text-align-center\" data-align=\"center\"><meta charset=\"utf-8\">25 \u20ac\/s\u00e9ance ; max 4\/an<\/td><\/tr><tr><td>Auditif<\/td><td class=\"has-text-align-center\" data-align=\"center\">130 % BR (140 \u20ac)<\/td><td class=\"has-text-align-center\" data-align=\"center\"><meta charset=\"utf-8\">170% BR (220 \u20ac)<\/td><\/tr><tr><td>IRM<\/td><td class=\"has-text-align-center\" data-align=\"center\">150% BR<\/td><td class=\"has-text-align-center\" data-align=\"center\"><meta charset=\"utf-8\">190% BR<\/td><\/tr><\/tbody><\/table><\/figure>\n\n\n<div style=\"height:30px\" aria-hidden=\"true\" class=\"wp-block-spacer\"><\/div>\n<!-- \/wp:post-content -->\n\n<!-- wp:paragraph -->\n<p><strong>Les conditions g\u00e9n\u00e9rales de la mutuelle GMF vous sont fournies lorsque vous souscrivez votre contrat d&rsquo;adh\u00e9sion. <\/strong>Vous pouvez aussi \u00e0 tout moment les demander \u00e0 votre service relations&nbsp;GMF, qui vous les enverra par voie postale ou \u00e9lectronique. Enfin, vous pouvez les r\u00e9cup\u00e9rer dans votre espace client en ligne.<\/p>\n<!-- \/wp:paragraph -->\n\n<!-- wp:spacer {\"height\":\"30px\"} -->\n<div style=\"height:30px\" aria-hidden=\"true\" class=\"wp-block-spacer\"><\/div>\n<!-- \/wp:spacer -->\n<!-- wp:heading -->\n<h2 class=\"wp-block-heading\" id=\"quel-est-le-tarif-de-la-mutuelle-sante-nom-acteur\"><strong>Quel est le tarif de la mutuelle sant\u00e9 GMF\u200b<\/strong> ?<\/h2>\n<!-- \/wp:heading -->\n\n<!-- wp:paragraph -->\n<p>Le <a href=\"https:\/\/reassurez-moi.fr\/guide\/mutuelle-sante\/tarif\">co\u00fbt d&rsquo;une mutuelle sant\u00e9<\/a> est tr\u00e8s variable car il est calcul\u00e9 selon plusieurs crit\u00e8res tels que le niveau de garanties, votre profil ou encore la composition de votre famille.<\/p>\n<!-- \/wp:paragraph -->\n\n<p>Voici des <strong>exemples de tarifs mensuels <\/strong>pour la mutuelle sant\u00e9&nbsp;GMF&nbsp;:<\/p>\n<!-- \/wp:paragraph -->\n\n<!-- wp:table {\"hasFixedLayout\":false,\"className\":\"is-style-header-double\"} -->\n<figure class=\"wp-block-table is-style-header-double\"><table><thead><tr><th><\/th><th class=\"has-text-align-center\" data-align=\"center\">Formule 222<\/th><th class=\"has-text-align-center\" data-align=\"center\">Formule 333<\/th><\/tr><\/thead><tbody><tr><td>Jeune parisien<\/td><td class=\"has-text-align-center\" data-align=\"center\">35\u20ac<\/td><td class=\"has-text-align-center\" data-align=\"center\">45\u20ac<\/td><\/tr><tr><td>Famille lyonnaise de 2 enfants<\/td><td class=\"has-text-align-center\" data-align=\"center\">39\u20ac<\/td><td class=\"has-text-align-center\" data-align=\"center\">52\u20ac<\/td><\/tr><\/tbody><\/table><\/figure>\n<!-- \/wp:table -->\n\n<!-- wp:heading -->\n<h2 class=\"wp-block-heading\" id=\"quelles-sont-les-garanties-d-assistance-de-la-mutuelle-sante-nom-acteur\">Quelles sont les garanties d&rsquo;assistance de la mutuelle sant\u00e9 GMF ?<\/h2>\n<!-- \/wp:heading -->\n\n<figure class=\"wp-block-table is-style-header-double\"><table><thead><tr><th><\/th><th class=\"has-text-align-center\" data-align=\"center\">Formule 222<\/th><th class=\"has-text-align-center\" data-align=\"center\">Formule 333<\/th><\/tr><\/thead><tbody><tr><td>Aide \u00e0 domicile<\/td><td class=\"has-text-align-center\" data-align=\"center\"><i\n    class=\"safe-shortcode-icon\n                    yes\n            \"\n                                    title=oui\n            >\n<\/i><\/td><td class=\"has-text-align-center\" data-align=\"center\"><i\n    class=\"safe-shortcode-icon\n                    yes\n            \"\n                                    title=oui\n            >\n<\/i><\/td><\/tr><tr><td>Envoi d&rsquo;un proche au chevet<\/td><td class=\"has-text-align-center\" data-align=\"center\"><i\n    class=\"safe-shortcode-icon\n                    yes\n            \"\n                                    title=oui\n            >\n<\/i><\/td><td class=\"has-text-align-center\" data-align=\"center\"><i\n    class=\"safe-shortcode-icon\n                    yes\n            \"\n                                    title=oui\n            >\n<\/i><\/td><\/tr><tr><td>Garde des enfants<\/td><td class=\"has-text-align-center\" data-align=\"center\"><i\n    class=\"safe-shortcode-icon\n                    yes\n            \"\n                                    title=oui\n            >\n<\/i><\/td><td class=\"has-text-align-center\" data-align=\"center\"><i\n    class=\"safe-shortcode-icon\n                    yes\n            \"\n                                    title=oui\n            >\n<\/i><\/td><\/tr><tr><td>Livraison repas\/m\u00e9dicaments<\/td><td class=\"has-text-align-center\" data-align=\"center\"><i\n    class=\"safe-shortcode-icon\n                    yes\n            \"\n                                    title=oui\n            >\n<\/i><\/td><td class=\"has-text-align-center\" data-align=\"center\"><i\n    class=\"safe-shortcode-icon\n                    yes\n            \"\n                                    title=oui\n            >\n<\/i><\/td><\/tr><tr><td>\u00c9cole \u00e0 domicile<\/td><td class=\"has-text-align-center\" data-align=\"center\"><i\n    class=\"safe-shortcode-icon\n                    yes\n            \"\n                                    title=oui\n            >\n<\/i><\/td><td class=\"has-text-align-center\" data-align=\"center\"><i\n    class=\"safe-shortcode-icon\n                    yes\n            \"\n                                    title=oui\n            >\n<\/i><\/td><\/tr><tr><td>Garde des animaux<\/td><td class=\"has-text-align-center\" data-align=\"center\"><i\n    class=\"safe-shortcode-icon\n                    yes\n            \"\n                                    title=oui\n            >\n<\/i><\/td><td class=\"has-text-align-center\" data-align=\"center\"><i\n    class=\"safe-shortcode-icon\n                    yes\n            \"\n                                    title=oui\n            >\n<\/i><\/td><\/tr><tr><td>Rapatriement en cas de d\u00e9c\u00e8s<\/td><td class=\"has-text-align-center\" data-align=\"center\">En option<\/td><td class=\"has-text-align-center\" data-align=\"center\">En option<\/td><\/tr><\/tbody><\/table><\/figure>\n<!-- \/wp:table -->\n\n<!-- wp:heading -->\n<h2 class=\"wp-block-heading\" id=\"quel-est-notre-avis-sur-l-assurance-sante-nom-acteur\">Quel est notre avis sur l&rsquo;assurance sant\u00e9 GMF ?<\/h2>\n<!-- \/wp:heading -->\n\n<!-- wp:columns -->\n<div class=\"wp-block-columns\"><!-- wp:column {\"className\":\"is-style-green-top-border\"} -->\n<div class=\"wp-block-column is-style-green-top-border\"><!-- wp:paragraph {\"align\":\"center\"} -->\n<p class=\"has-text-align-center\"><strong>On aime :<\/strong><\/p>\n<!-- \/wp:paragraph -->\n\n<!-- wp:paragraph {\"align\":\"center\"} -->\n<p class=\"has-text-align-center\"><ul>\n<li>tiers payant \u00e9tendu sur les 3 modules &#8211; acc\u00e8s au r\u00e9seau de soins &quot;Sant\u00e9clair&quot;, permettant d&rsquo;obtenir des tarifs privil\u00e9gis<\/li>\n<\/ul><\/p>\n<!-- \/wp:paragraph --><\/div>\n<!-- \/wp:column -->\n\n<!-- wp:column {\"className\":\"is-style-red-top-border\"} -->\n<div class=\"wp-block-column is-style-red-top-border\"><!-- wp:paragraph {\"align\":\"center\"} -->\n<p class=\"has-text-align-center\"><strong>On aime moins :<\/strong><\/p>\n<!-- \/wp:paragraph -->\n\n<!-- wp:paragraph {\"align\":\"center\"} -->\n<p class=\"has-text-align-center\"><ul>\n<li>volet Assistance peu d\u00e9velopp\u00e9<\/li>\n<\/ul><\/p>\n<!-- \/wp:paragraph --><\/div>\n<!-- \/wp:column --><\/div>\n<!-- \/wp:columns -->\n\n<!-- wp:heading -->\n<h2 class=\"wp-block-heading\" id=\"nom-acteur-la-meilleure-mutuelle-sante\">GMF, la meilleure mutuelle sant\u00e9 ?<\/h2>\n<!-- \/wp:heading -->\n\n<!-- wp:paragraph -->\n<p><strong>Comparez les mutuelles en <a href=\"https:\/\/reassurez-moi.fr\/devis-mutuelle-sante\" data-type=\"URL\" data-id=\"https:\/\/reassurez-moi.fr\/devis-mutuelle-sante\">simulant un devis<\/a> <\/strong>imm\u00e9diat sur notre outil aupr\u00e8s de nos partenaires, vous obtiendrez un comparatif de tous les assureurs avec un acc\u00e8s aux tarifs et aux garanties qui vous conviennent.<\/p>\n<!-- \/wp:paragraph -->\n\n<!-- wp:quote -->\n<blockquote class=\"wp-block-quote\"><!-- wp:paragraph -->\n<p><em><span class=\"has-small-font-size\">En tant que courtier d&rsquo;assurance, notre mission est de vous informer et de vous conseiller sur les offres d&rsquo;assurance propos\u00e9es sur le march\u00e9. Ces fiches conseils ont pour objet de vous pr\u00e9senter les produits de nos assureurs partenaires comme ceux avec lesquels nous n&rsquo;entretenons pas de liens.\u00a0Ces fiches vous donnent notre\u00a0analyse\u00a0objective\u00a0sur les contrats d&rsquo;assurance\u00a0mais aussi\u00a0des\u00a0informations sur les formalit\u00e9s d&rsquo;adh\u00e9sion.<\/span><\/em><br><\/p>\n<!-- \/wp:paragraph --><\/blockquote>\n<!-- \/wp:quote -->\n\n<!-- wp:heading -->\n<h2 class=\"wp-block-heading\" id=\"comment-souscrire-la-mutuelle-sante-nom-acteur\">Comment souscrire<strong> \u00e0<\/strong> la mutuelle GMF\u200b ?<\/h2>\n<!-- \/wp:heading -->\n\n<!-- wp:list -->\n<ul class=\"wp-block-list\"><!-- wp:list-item -->\n<li>\u00c2ge maximum de souscription : 70 ans<\/li>\n<!-- \/wp:list-item --><\/ul>\n<!-- \/wp:list -->\n\n<!-- wp:list -->\n<ul class=\"wp-block-list\"><!-- wp:list-item -->\n<li>Souscription en ligne : possible<\/li>\n<!-- \/wp:list-item --><\/ul>\n<!-- \/wp:list -->\n\n<!-- wp:heading -->\n<h2 class=\"wp-block-heading\" id=\"comment-contacter-la-mutuelle-sante-nom-acteur\"><strong>Comment contacter la mutuelle sant\u00e9 GMF ?<\/strong><\/h2>\n<!-- \/wp:heading -->\n\n<!-- wp:paragraph -->\n<p>Pour une demande de devis, d&rsquo;indemnisation, d&rsquo;avenant au contrat ou pour tout renseignement, vous pouvez contacter la mutuelle sant\u00e9 GMF directement sur son site internet, ou :<\/p>\n<!-- \/wp:paragraph -->\n\n<p><strong>Par t\u00e9l\u00e9phone, au :<\/strong><\/p>\n<!-- \/wp:paragraph -->\n\n<!-- wp:paragraph -->\n<p><p>0 970 809 809 (du lundi au vendredi de 8h \u00e0 20h)<\/p><\/p>\n<!-- \/wp:paragraph -->\n<p><strong>Par courrier, \u00e0 l&rsquo;adresse suivante : <\/strong><\/p>\n<!-- \/wp:paragraph -->\n\n<!-- wp:paragraph -->\n<p><p>GMF Assurances 21-23 BD Richard Lenoir 75011 Paris<\/p><\/p>\n<!-- \/wp:paragraph -->","protected":false},"excerpt":{"rendered":"<p>Mutuelle sant\u00e9 GMF : tarif, remboursement et avis d&rsquo;expert &lt;p&gt;La GMF (Garantie Mutuelle des Fonctionnaires) est une mutuelle d&#039;assurance cr\u00e9\u00e9e en 1934 pour prot\u00e9ger les agents de la fonction publique. Elle propose une gamme compl\u00e8te d&#039;assurances incluant la sant\u00e9, la pr\u00e9voyance, l&#039;automobile et l&#039;habitation, avec des tarifs adapt\u00e9s aux fonctionnaires. Aujourd&#039;hui membre du groupe Cov\u00e9a, [&hellip;]<\/p>\n","protected":false},"author":93,"featured_media":0,"parent":16807,"menu_order":0,"comment_status":"open","ping_status":"closed","template":"","meta":{"_acf_changed":false,"footnotes":""},"categories":[],"page_topic":[506],"class_list":["post-158969","page","type-page","status-publish","hentry"],"yoast_head":"<!-- This site is optimized with the Yoast SEO plugin v24.7 - https:\/\/yoast.com\/wordpress\/plugins\/seo\/ -->\n<title>Mutuelle Sant\u00e9 GMF : avis, remboursement et tarifs 2026<\/title>\n<meta name=\"description\" content=\"D\u00e9tails des garanties et remboursements de la mutuelle GMF : tarif, garanties - notre avis d&#039;expert ind\u00e9pendant\" \/>\n<meta name=\"robots\" content=\"index, follow, max-snippet:-1, max-image-preview:large, max-video-preview:-1\" \/>\n<link rel=\"canonical\" href=\"https:\/\/guide.reassurez-moi.fr\/guide\/mutuelle-sante\/gmf\" \/>\n<meta property=\"og:locale\" content=\"fr_FR\" \/>\n<meta property=\"og:type\" content=\"article\" \/>\n<meta property=\"og:title\" content=\"Mutuelle Sant\u00e9 GMF : avis, remboursement et tarifs %%currentyear%%\" \/>\n<meta property=\"og:description\" content=\"D\u00e9tails des garanties et remboursements de la mutuelle GMF : tarif, garanties - notre avis d&#039;expert ind\u00e9pendant\" \/>\n<meta property=\"og:url\" content=\"https:\/\/guide.reassurez-moi.fr\/guide\/mutuelle-sante\/gmf\" \/>\n<meta property=\"og:site_name\" content=\"R\u00e9assurez-moi\" \/>\n<meta property=\"article:publisher\" content=\"https:\/\/www.facebook.com\/R%c3%a9assurez-moi-209456495889479\/\" \/>\n<meta property=\"og:image\" content=\"https:\/\/guide.reassurez-moi.fr\/guide\/wp-content\/uploads\/2018\/04\/image-de-partage.png\" \/>\n\t<meta property=\"og:image:width\" content=\"500\" \/>\n\t<meta property=\"og:image:height\" content=\"160\" \/>\n\t<meta property=\"og:image:type\" content=\"image\/png\" \/>\n<meta name=\"twitter:card\" content=\"summary_large_image\" \/>\n<meta name=\"twitter:site\" content=\"@reassurezmoi\" \/>\n<script type=\"application\/ld+json\" class=\"yoast-schema-graph\">{\"@context\":\"https:\/\/schema.org\",\"@graph\":[{\"@type\":\"WebPage\",\"@id\":\"https:\/\/guide.reassurez-moi.fr\/guide\/mutuelle-sante\/gmf\",\"url\":\"https:\/\/guide.reassurez-moi.fr\/guide\/mutuelle-sante\/gmf\",\"name\":\"Tout savoir sur la mutuelle sant\u00e9 GMF | R\u00e9assurez-moi\",\"isPartOf\":{\"@id\":\"https:\/\/guide.reassurez-moi.fr\/guide\/#website\"},\"datePublished\":\"2026-04-14T12:47:16+00:00\",\"breadcrumb\":{\"@id\":\"https:\/\/guide.reassurez-moi.fr\/guide\/mutuelle-sante\/gmf#breadcrumb\"},\"inLanguage\":\"fr-FR\",\"potentialAction\":[{\"@type\":\"ReadAction\",\"target\":[\"https:\/\/guide.reassurez-moi.fr\/guide\/mutuelle-sante\/gmf\"]}]},{\"@type\":\"BreadcrumbList\",\"@id\":\"https:\/\/guide.reassurez-moi.fr\/guide\/mutuelle-sante\/gmf#breadcrumb\",\"itemListElement\":[{\"@type\":\"ListItem\",\"position\":1,\"name\":\"Assurances\",\"item\":\"https:\/\/guide.reassurez-moi.fr\/guide\/\"},{\"@type\":\"ListItem\",\"position\":2,\"name\":\"Mutuelle sant\u00e9\",\"item\":\"https:\/\/guide.reassurez-moi.fr\/guide\/mutuelle-sante\"},{\"@type\":\"ListItem\",\"position\":3,\"name\":\"Tout savoir sur la mutuelle sant\u00e9 GMF\"}]},{\"@type\":\"WebSite\",\"@id\":\"https:\/\/guide.reassurez-moi.fr\/guide\/#website\",\"url\":\"https:\/\/guide.reassurez-moi.fr\/guide\/\",\"name\":\"R\u00e9assurez-moi\",\"description\":\"Comparateur d&#039;assurances\",\"potentialAction\":[{\"@type\":\"SearchAction\",\"target\":{\"@type\":\"EntryPoint\",\"urlTemplate\":\"https:\/\/guide.reassurez-moi.fr\/guide\/?s={search_term_string}\"},\"query-input\":{\"@type\":\"PropertyValueSpecification\",\"valueRequired\":true,\"valueName\":\"search_term_string\"}}],\"inLanguage\":\"fr-FR\"}]}<\/script>\n<!-- \/ Yoast SEO plugin. -->","yoast_head_json":{"title":"Mutuelle Sant\u00e9 GMF : avis, remboursement et tarifs 2026","description":"D\u00e9tails des garanties et remboursements de la mutuelle GMF : tarif, garanties - notre avis d'expert ind\u00e9pendant","robots":{"index":"index","follow":"follow","max-snippet":"max-snippet:-1","max-image-preview":"max-image-preview:large","max-video-preview":"max-video-preview:-1"},"canonical":"https:\/\/guide.reassurez-moi.fr\/guide\/mutuelle-sante\/gmf","og_locale":"fr_FR","og_type":"article","og_title":"Mutuelle Sant\u00e9 GMF : avis, remboursement et tarifs %%currentyear%%","og_description":"D\u00e9tails des garanties et remboursements de la mutuelle GMF : tarif, garanties - notre avis d'expert ind\u00e9pendant","og_url":"https:\/\/guide.reassurez-moi.fr\/guide\/mutuelle-sante\/gmf","og_site_name":"R\u00e9assurez-moi","article_publisher":"https:\/\/www.facebook.com\/R%c3%a9assurez-moi-209456495889479\/","og_image":[{"width":500,"height":160,"url":"https:\/\/guide.reassurez-moi.fr\/guide\/wp-content\/uploads\/2018\/04\/image-de-partage.png","type":"image\/png"}],"twitter_card":"summary_large_image","twitter_site":"@reassurezmoi","schema":{"@context":"https:\/\/schema.org","@graph":[{"@type":"WebPage","@id":"https:\/\/guide.reassurez-moi.fr\/guide\/mutuelle-sante\/gmf","url":"https:\/\/guide.reassurez-moi.fr\/guide\/mutuelle-sante\/gmf","name":"Tout savoir sur la mutuelle sant\u00e9 GMF | R\u00e9assurez-moi","isPartOf":{"@id":"https:\/\/guide.reassurez-moi.fr\/guide\/#website"},"datePublished":"2026-04-14T12:47:16+00:00","breadcrumb":{"@id":"https:\/\/guide.reassurez-moi.fr\/guide\/mutuelle-sante\/gmf#breadcrumb"},"inLanguage":"fr-FR","potentialAction":[{"@type":"ReadAction","target":["https:\/\/guide.reassurez-moi.fr\/guide\/mutuelle-sante\/gmf"]}]},{"@type":"BreadcrumbList","@id":"https:\/\/guide.reassurez-moi.fr\/guide\/mutuelle-sante\/gmf#breadcrumb","itemListElement":[{"@type":"ListItem","position":1,"name":"Assurances","item":"https:\/\/guide.reassurez-moi.fr\/guide\/"},{"@type":"ListItem","position":2,"name":"Mutuelle sant\u00e9","item":"https:\/\/guide.reassurez-moi.fr\/guide\/mutuelle-sante"},{"@type":"ListItem","position":3,"name":"Tout savoir sur la mutuelle sant\u00e9 GMF"}]},{"@type":"WebSite","@id":"https:\/\/guide.reassurez-moi.fr\/guide\/#website","url":"https:\/\/guide.reassurez-moi.fr\/guide\/","name":"R\u00e9assurez-moi","description":"Comparateur d&#039;assurances","potentialAction":[{"@type":"SearchAction","target":{"@type":"EntryPoint","urlTemplate":"https:\/\/guide.reassurez-moi.fr\/guide\/?s={search_term_string}"},"query-input":{"@type":"PropertyValueSpecification","valueRequired":true,"valueName":"search_term_string"}}],"inLanguage":"fr-FR"}]}},"acf":[],"_links":{"self":[{"href":"https:\/\/guide.reassurez-moi.fr\/guide\/wp-json\/wp\/v2\/pages\/158969","targetHints":{"allow":["GET"]}}],"collection":[{"href":"https:\/\/guide.reassurez-moi.fr\/guide\/wp-json\/wp\/v2\/pages"}],"about":[{"href":"https:\/\/guide.reassurez-moi.fr\/guide\/wp-json\/wp\/v2\/types\/page"}],"author":[{"embeddable":true,"href":"https:\/\/guide.reassurez-moi.fr\/guide\/wp-json\/wp\/v2\/users\/93"}],"replies":[{"embeddable":true,"href":"https:\/\/guide.reassurez-moi.fr\/guide\/wp-json\/wp\/v2\/comments?post=158969"}],"version-history":[{"count":1,"href":"https:\/\/guide.reassurez-moi.fr\/guide\/wp-json\/wp\/v2\/pages\/158969\/revisions"}],"predecessor-version":[{"id":218588,"href":"https:\/\/guide.reassurez-moi.fr\/guide\/wp-json\/wp\/v2\/pages\/158969\/revisions\/218588"}],"up":[{"embeddable":true,"href":"https:\/\/guide.reassurez-moi.fr\/guide\/wp-json\/wp\/v2\/pages\/16807"}],"wp:attachment":[{"href":"https:\/\/guide.reassurez-moi.fr\/guide\/wp-json\/wp\/v2\/media?parent=158969"}],"wp:term":[{"taxonomy":"category","embeddable":true,"href":"https:\/\/guide.reassurez-moi.fr\/guide\/wp-json\/wp\/v2\/categories?post=158969"},{"taxonomy":"page_topic","embeddable":true,"href":"https:\/\/guide.reassurez-moi.fr\/guide\/wp-json\/wp\/v2\/page_topic?post=158969"}],"curies":[{"name":"wp","href":"https:\/\/api.w.org\/{rel}","templated":true}]}}