{"id":159181,"date":"2022-04-08T22:35:14","date_gmt":"2022-04-08T20:35:14","guid":{"rendered":"https:\/\/reassurez-moi.fr\/guide\/mutuelle-sante\/la-medicale"},"modified":"2022-04-08T22:35:14","modified_gmt":"2022-04-08T20:35:14","slug":"la-medicale","status":"publish","type":"page","link":"https:\/\/guide.reassurez-moi.fr\/guide\/mutuelle-sante\/la-medicale","title":{"rendered":"Tout savoir sur la mutuelle sant\u00e9 La M\u00e9dicale"},"content":{"rendered":"\n<h1 class=\"wp-block-heading\" id=\"mutuelle-sante-nom-acteur\">Mutuelle sant\u00e9 La M\u00e9dicale : tarif, remboursement et avis d&rsquo;expert<\/h1>\n\n\n\npresentation_acteur|raw\n\n\n\n<p>Vous souhaitez des informations sur la mutuelle&nbsp;La M\u00e9dicale ? D\u00e9couvrez notre analyse compl\u00e8te : formules, remboursements, tarifs et notre avis d&rsquo;expert ind\u00e9pendant.<\/p>\n\n\n\n<h2 class=\"wp-block-heading\" id=\"quels-sont-les-remboursements-proposes-par-la-mutuelle-nom-acteur\">Quels sont les remboursements propos\u00e9s par la mutuelle <strong>La M\u00e9dicale<\/strong> ?<\/h2>\n\n\n\n<figure class=\"wp-block-table is-style-header-double\"><table><thead><tr><th><\/th><th class=\"has-text-align-center\" data-align=\"center\">Equilibre<\/th><th class=\"has-text-align-center\" data-align=\"center\">Tranquillit\u00e9 Optique Standard<\/th><\/tr><\/thead><tbody><tr><td>Chirurgie<\/td><td class=\"has-text-align-center\" data-align=\"center\">200% BR (218 \u20ac)        <\/td><td class=\"has-text-align-center\" data-align=\"center\">300% BR (355 \u20ac)<\/td><\/tr><tr><td>Chambre individuelle<\/td><td class=\"has-text-align-center\" data-align=\"center\">64 \u20ac \/jour        <\/td><td class=\"has-text-align-center\" data-align=\"center\"><meta charset=\"utf-8\">118 \u20ac \/jour<\/td><\/tr><tr><td>Intervention ophtalmologique<\/td><td class=\"has-text-align-center\" data-align=\"center\">100% BR (7 \u20ac)        <\/td><td class=\"has-text-align-center\" data-align=\"center\"><meta charset=\"utf-8\">200% BR (30 \u20ac)<\/td><\/tr><tr><td><a href=\"https:\/\/reassurez-moi.fr\/guide\/mutuelle-sante\/mutuelle-dentaire\" data-type=\"page\" data-id=\"156832\">Soins dentaires<\/a>, Inlays-Onlays<\/td><td class=\"has-text-align-center\" data-align=\"center\">200% BR (140 \u20ac)       <\/td><td class=\"has-text-align-center\" data-align=\"center\"><meta charset=\"utf-8\">300% BR (247 \u20ac)<\/td><\/tr><tr><td>Lunettes<\/td><td class=\"has-text-align-center\" data-align=\"center\">SS + Forfait optique de 220 \u20ac (220 \u20ac)       <\/td><td class=\"has-text-align-center\" data-align=\"center\"><meta charset=\"utf-8\">SS + Forfait optique de 200 \u20ac (200 \u20ac)<\/td><\/tr><tr><td>Lentilles<\/td><td class=\"has-text-align-center\" data-align=\"center\">Forfait optique refus\u00e9 de 110 \u20ac        <\/td><td class=\"has-text-align-center\" data-align=\"center\">Forfait optique refus\u00e9 de 84 \u20ac<\/td><\/tr><tr><td>Auditif<\/td><td class=\"has-text-align-center\" data-align=\"center\">150% BR (180 \u20ac)        <\/td><td class=\"has-text-align-center\" data-align=\"center\"><meta charset=\"utf-8\">225% BR ( 330 \u20ac)<\/td><\/tr><\/tbody><\/table><\/figure>\n\n\n\n\n<h2 class=\"wp-block-heading\" id=\"quel-est-le-tarif-de-la-mutuelle-sante-nom-acteur\"><strong>Quel est le tarif de la mutuelle sant\u00e9 La M\u00e9dicale\u200b<\/strong> ?<\/h2>\n\n\n\n<p>Le <a href=\"https:\/\/reassurez-moi.fr\/guide\/mutuelle-sante\/tarif\">co\u00fbt d&rsquo;une mutuelle sant\u00e9<\/a> est tr\u00e8s variable car il est calcul\u00e9 selon plusieurs crit\u00e8res<strong> <\/strong>tels que le niveau de garanties, votre profil ou encore la composition de votre famille.<\/p>\n\n\n<p>Voici des <strong>exemples de tarifs mensuels <\/strong>pour la mutuelle sant\u00e9&nbsp;La M\u00e9dicale&nbsp;:<\/p>\n<!-- \/wp:paragraph -->\n\n<!-- wp:table {\"hasFixedLayout\":false,\"className\":\"is-style-header-double\"} -->\n<figure class=\"wp-block-table is-style-header-double\"><table><thead><tr><th><\/th><th class=\"has-text-align-center\" data-align=\"center\">Equilibre<\/th><th class=\"has-text-align-center\" data-align=\"center\">Tranquillit\u00e9 Optique Standard<\/th><\/tr><\/thead><tbody><tr><td>Jeune parisien<\/td><td class=\"has-text-align-center\" data-align=\"center\">23\u20ac<\/td><td class=\"has-text-align-center\" data-align=\"center\">52\u20ac<\/td><\/tr><tr><td>Famille lyonnaise de 2 enfants<\/td><td class=\"has-text-align-center\" data-align=\"center\">24\u20ac<\/td><td class=\"has-text-align-center\" data-align=\"center\">56\u20ac<\/td><\/tr><\/tbody><\/table><\/figure>\n<!-- \/wp:table -->\n\n<!-- wp:heading -->\n<h2 class=\"wp-block-heading\" id=\"quelles-sont-les-garanties-d-assistance-de-la-mutuelle-sante-nom-acteur\">Quelles sont les garanties d&rsquo;assistance de la mutuelle sant\u00e9 La M\u00e9dicale ?<\/h2>\n<!-- \/wp:heading -->\n\n<figure class=\"wp-block-table is-style-header-double\"><table><thead><tr><th><\/th><th class=\"has-text-align-center\" data-align=\"center\">Equilibre<\/th><th class=\"has-text-align-center\" data-align=\"center\">Tranquillit\u00e9 Optique Standard<\/th><\/tr><\/thead><tbody><tr><td>Aide \u00e0 domicile<\/td><td class=\"has-text-align-center\" data-align=\"center\">En option<\/td><td class=\"has-text-align-center\" data-align=\"center\">En option<\/td><\/tr><tr><td>Garde des enfants<\/td><td class=\"has-text-align-center\" data-align=\"center\">En option<\/td><td class=\"has-text-align-center\" data-align=\"center\">En option<\/td><\/tr><tr><td>Livraison repas\/m\u00e9dicaments<\/td><td class=\"has-text-align-center\" data-align=\"center\">En option<\/td><td class=\"has-text-align-center\" data-align=\"center\">En option<\/td><\/tr><tr><td>\u00c9cole \u00e0 domicile<\/td><td class=\"has-text-align-center\" data-align=\"center\">En option<\/td><td class=\"has-text-align-center\" data-align=\"center\">En option<\/td><\/tr><tr><td>Garde des animaux<\/td><td class=\"has-text-align-center\" data-align=\"center\">En option<\/td><td class=\"has-text-align-center\" data-align=\"center\">En option<\/td><\/tr><tr><td>Rapatriement en cas de d\u00e9c\u00e8s<\/td><td class=\"has-text-align-center\" data-align=\"center\">En option<\/td><td class=\"has-text-align-center\" data-align=\"center\">En option<\/td><\/tr><\/tbody><\/table><\/figure>\n<!-- \/wp:table -->\n\n<!-- wp:heading -->\n<h2 class=\"wp-block-heading\" id=\"quel-est-notre-avis-sur-l-assurance-sante-nom-acteur\">Quel est notre avis sur l&rsquo;assurance sant\u00e9 La M\u00e9dicale ?<\/h2>\n<!-- \/wp:heading -->\n\n<!-- wp:columns -->\n<div class=\"wp-block-columns\"><!-- wp:column {\"className\":\"is-style-green-top-border\"} -->\n<div class=\"wp-block-column is-style-green-top-border\"><!-- wp:paragraph {\"align\":\"center\"} -->\n<p class=\"has-text-align-center\"><strong>On aime :<\/strong><\/p>\n<!-- \/wp:paragraph -->\n\n<!-- wp:paragraph {\"align\":\"center\"} -->\n<p class=\"has-text-align-center\"><ul>\n<li>prise en charge de chirurgie r\u00e9fractive, chambre particuli\u00e8re, lit d&rsquo;accompagnement et m\u00e9decines douces sur toutes les formules<\/li>\n<\/ul><\/p>\n<!-- \/wp:paragraph --><\/div>\n<!-- \/wp:column -->\n\n<!-- wp:column {\"className\":\"is-style-red-top-border\"} -->\n<div class=\"wp-block-column is-style-red-top-border\"><!-- wp:paragraph {\"align\":\"center\"} -->\n<p class=\"has-text-align-center\"><strong>On aime moins :<\/strong><\/p>\n<!-- \/wp:paragraph -->\n\n<!-- wp:paragraph {\"align\":\"center\"} -->\n<p class=\"has-text-align-center\"><ul>\n<li>volet Assistance tr\u00e8s peu convaincant<\/li>\n<li>absence d&rsquo;un r\u00e9seau de soins<\/li>\n<li>tarifs peu avantageux, notamment sur les profils Famille<\/li>\n<\/ul><\/p>\n<!-- \/wp:paragraph --><\/div>\n<!-- \/wp:column --><\/div>\n<!-- \/wp:columns -->\n\n<!-- wp:heading -->\n<h2 class=\"wp-block-heading\" id=\"nom-acteur-la-meilleure-mutuelle-sante\">La M\u00e9dicale, la meilleure mutuelle sant\u00e9 ?<\/h2>\n<!-- \/wp:heading -->\n\n<!-- wp:paragraph -->\n<p><strong>Comparez les mutuelles en <a href=\"https:\/\/reassurez-moi.fr\/devis-mutuelle-sante\" data-type=\"URL\" data-id=\"https:\/\/reassurez-moi.fr\/devis-mutuelle-sante\">simulant un devis<\/a> <\/strong>imm\u00e9diat sur notre outil aupr\u00e8s de nos partenaires, vous obtiendrez un comparatif de tous les assureurs avec un acc\u00e8s aux tarifs et aux garanties qui vous conviennent.<\/p>\n<!-- \/wp:paragraph -->\n\n<!-- wp:quote -->\n<blockquote class=\"wp-block-quote\"><!-- wp:paragraph -->\n<p><em><span class=\"has-small-font-size\">En tant que courtier d&rsquo;assurance, notre mission est de vous informer et de vous conseiller sur les offres d&rsquo;assurance propos\u00e9es sur le march\u00e9. Ces fiches conseils ont pour objet de vous pr\u00e9senter les produits de nos assureurs partenaires comme ceux avec lesquels nous n&rsquo;entretenons pas de liens.&nbsp;Ces fiches vous donnent notre&nbsp;analyse&nbsp;objective&nbsp;sur les contrats d&rsquo;assurance&nbsp;mais aussi&nbsp;des&nbsp;informations sur les formalit\u00e9s d&rsquo;adh\u00e9sion.<\/span><\/em><br><em><span class=\"has-small-font-size\"><a href=\"https:\/\/reassurez-moi.fr\/guide\/mutuelle-sante\/assureurs\" data-type=\"URL\" data-id=\"https:\/\/reassurez-moi.fr\/guide\/mutuelle-sante\/assureurs\"> &gt; Voir tous les assureurs proposant de la mutuelle.<\/a><\/span><\/em><br><em><span class=\"has-small-font-size\"><a href=\"https:\/\/reassurez-moi.fr\/guide\/partenaires\" data-type=\"URL\" data-id=\"https:\/\/reassurez-moi.fr\/guide\/mutuelle-sante\/assureurs\"> &gt; Voir la liste de nos partenaires<\/a><\/span><\/em><br><\/p>\n<!-- \/wp:paragraph --><\/blockquote>\n<!-- \/wp:quote -->\n\n<!-- wp:heading -->\n<h2 class=\"wp-block-heading\" id=\"comment-souscrire-la-mutuelle-sante-nom-acteur\">Comment souscrire<strong> \u00e0<\/strong> la mutuelle La M\u00e9dicale\u200b ?<\/h2>\n<!-- \/wp:heading -->\n\n<!-- wp:list -->\n<ul class=\"wp-block-list\"><!-- wp:list-item -->\n<li>\u00c2ge maximum de souscription : 65 ans<\/li>\n<!-- \/wp:list-item --><\/ul>\n<!-- \/wp:list -->\n\n<!-- wp:list -->\n<ul class=\"wp-block-list\"><!-- wp:list-item -->\n<li>Souscription en ligne : possible<\/li>\n<!-- \/wp:list-item --><\/ul>\n<!-- \/wp:list -->\n\n<!-- wp:heading -->\n<h2 class=\"wp-block-heading\" id=\"comment-contacter-la-mutuelle-sante-nom-acteur\"><strong>Comment contacter la mutuelle sant\u00e9 La M\u00e9dicale ?<\/strong><\/h2>\n<!-- \/wp:heading -->\n\n<!-- wp:paragraph -->\n<p>Pour une demande de devis, d&rsquo;indemnisation, d&rsquo;avenant au contrat ou pour tout renseignement, vous pouvez contacter la mutuelle sant\u00e9 La M\u00e9dicale directement sur son site internet, ou :<\/p>\n<!-- \/wp:paragraph -->\n\n<p><strong>Par t\u00e9l\u00e9phone, au :<\/strong><\/p>\n<!-- \/wp:paragraph -->\n\n<!-- wp:paragraph -->\n<p><p>0 969 32 4000 (du lundi au vendredi de 9h \u00e0 17h30)<\/p><\/p>\n<!-- \/wp:paragraph -->\n<p><strong>Par courrier, \u00e0 l&rsquo;adresse suivante : <\/strong><\/p>\n<!-- \/wp:paragraph -->\n\n<!-- wp:paragraph -->\n<p><p>LA MEDICALE VIE PREVOYANCE<br \/>\n50\/56, rue de la Procession<br \/>\n75015 Paris<\/p><\/p>\n<!-- \/wp:paragraph -->","protected":false},"excerpt":{"rendered":"<p>Mutuelle sant\u00e9 La M\u00e9dicale : tarif, remboursement et avis d&rsquo;expert presentation_acteur|raw Vous souhaitez des informations sur la mutuelle&nbsp;La M\u00e9dicale ? D\u00e9couvrez notre analyse compl\u00e8te : formules, remboursements, tarifs et notre avis d&rsquo;expert ind\u00e9pendant. Quels sont les remboursements propos\u00e9s par la mutuelle La M\u00e9dicale ? Equilibre Tranquillit\u00e9 Optique Standard Chirurgie 200% BR (218 \u20ac) 300% BR [&hellip;]<\/p>\n","protected":false},"author":61,"featured_media":0,"parent":16807,"menu_order":0,"comment_status":"open","ping_status":"closed","template":"","meta":{"_acf_changed":false,"footnotes":""},"categories":[],"page_topic":[506],"class_list":["post-159181","page","type-page","status-publish","hentry"],"yoast_head":"<!-- This site is optimized with the Yoast SEO plugin v24.7 - https:\/\/yoast.com\/wordpress\/plugins\/seo\/ -->\n<title>Mutuelle Sant\u00e9 La M\u00e9dicale : avis, remboursement et tarifs 2026<\/title>\n<meta name=\"description\" content=\"D\u00e9tails des garanties et remboursements de la mutuelle La M\u00e9dicale : tarif, garanties - notre avis d&#039;expert ind\u00e9pendant\" \/>\n<meta name=\"robots\" content=\"index, follow, max-snippet:-1, max-image-preview:large, max-video-preview:-1\" \/>\n<link rel=\"canonical\" href=\"https:\/\/guide.reassurez-moi.fr\/guide\/mutuelle-sante\/la-medicale\" \/>\n<meta property=\"og:locale\" content=\"fr_FR\" \/>\n<meta property=\"og:type\" content=\"article\" \/>\n<meta property=\"og:title\" content=\"Mutuelle Sant\u00e9 La M\u00e9dicale : avis, remboursement et tarifs %%currentyear%%\" \/>\n<meta property=\"og:description\" content=\"D\u00e9tails des garanties et remboursements de la mutuelle La M\u00e9dicale : tarif, garanties - notre avis d&#039;expert ind\u00e9pendant\" \/>\n<meta property=\"og:url\" content=\"https:\/\/guide.reassurez-moi.fr\/guide\/mutuelle-sante\/la-medicale\" \/>\n<meta property=\"og:site_name\" content=\"R\u00e9assurez-moi\" \/>\n<meta property=\"article:publisher\" content=\"https:\/\/www.facebook.com\/R%c3%a9assurez-moi-209456495889479\/\" \/>\n<meta property=\"og:image\" content=\"https:\/\/guide.reassurez-moi.fr\/guide\/wp-content\/uploads\/2018\/04\/image-de-partage.png\" \/>\n\t<meta property=\"og:image:width\" content=\"500\" \/>\n\t<meta property=\"og:image:height\" content=\"160\" \/>\n\t<meta property=\"og:image:type\" content=\"image\/png\" \/>\n<meta name=\"twitter:card\" content=\"summary_large_image\" \/>\n<meta name=\"twitter:site\" content=\"@reassurezmoi\" \/>\n<script type=\"application\/ld+json\" class=\"yoast-schema-graph\">{\"@context\":\"https:\/\/schema.org\",\"@graph\":[{\"@type\":\"WebPage\",\"@id\":\"https:\/\/guide.reassurez-moi.fr\/guide\/mutuelle-sante\/la-medicale\",\"url\":\"https:\/\/guide.reassurez-moi.fr\/guide\/mutuelle-sante\/la-medicale\",\"name\":\"Mutuelle sant\u00e9 La M\u00e9dicale | R\u00e9assurez-moi\",\"isPartOf\":{\"@id\":\"https:\/\/guide.reassurez-moi.fr\/guide\/#website\"},\"datePublished\":\"2022-04-08T20:35:14+00:00\",\"breadcrumb\":{\"@id\":\"https:\/\/guide.reassurez-moi.fr\/guide\/mutuelle-sante\/la-medicale#breadcrumb\"},\"inLanguage\":\"fr-FR\",\"potentialAction\":[{\"@type\":\"ReadAction\",\"target\":[\"https:\/\/guide.reassurez-moi.fr\/guide\/mutuelle-sante\/la-medicale\"]}]},{\"@type\":\"BreadcrumbList\",\"@id\":\"https:\/\/guide.reassurez-moi.fr\/guide\/mutuelle-sante\/la-medicale#breadcrumb\",\"itemListElement\":[{\"@type\":\"ListItem\",\"position\":1,\"name\":\"Assurances\",\"item\":\"https:\/\/guide.reassurez-moi.fr\/guide\/\"},{\"@type\":\"ListItem\",\"position\":2,\"name\":\"Mutuelle sant\u00e9\",\"item\":\"https:\/\/guide.reassurez-moi.fr\/guide\/mutuelle-sante\"},{\"@type\":\"ListItem\",\"position\":3,\"name\":\"Tout savoir sur la mutuelle sant\u00e9 La M\u00e9dicale\"}]},{\"@type\":\"WebSite\",\"@id\":\"https:\/\/guide.reassurez-moi.fr\/guide\/#website\",\"url\":\"https:\/\/guide.reassurez-moi.fr\/guide\/\",\"name\":\"R\u00e9assurez-moi\",\"description\":\"Comparateur d&#039;assurances\",\"potentialAction\":[{\"@type\":\"SearchAction\",\"target\":{\"@type\":\"EntryPoint\",\"urlTemplate\":\"https:\/\/guide.reassurez-moi.fr\/guide\/?s={search_term_string}\"},\"query-input\":{\"@type\":\"PropertyValueSpecification\",\"valueRequired\":true,\"valueName\":\"search_term_string\"}}],\"inLanguage\":\"fr-FR\"}]}<\/script>\n<!-- \/ Yoast SEO plugin. -->","yoast_head_json":{"title":"Mutuelle Sant\u00e9 La M\u00e9dicale : avis, remboursement et tarifs 2026","description":"D\u00e9tails des garanties et remboursements de la mutuelle La M\u00e9dicale : tarif, garanties - notre avis d'expert ind\u00e9pendant","robots":{"index":"index","follow":"follow","max-snippet":"max-snippet:-1","max-image-preview":"max-image-preview:large","max-video-preview":"max-video-preview:-1"},"canonical":"https:\/\/guide.reassurez-moi.fr\/guide\/mutuelle-sante\/la-medicale","og_locale":"fr_FR","og_type":"article","og_title":"Mutuelle Sant\u00e9 La M\u00e9dicale : avis, remboursement et tarifs %%currentyear%%","og_description":"D\u00e9tails des garanties et remboursements de la mutuelle La M\u00e9dicale : tarif, garanties - notre avis d'expert ind\u00e9pendant","og_url":"https:\/\/guide.reassurez-moi.fr\/guide\/mutuelle-sante\/la-medicale","og_site_name":"R\u00e9assurez-moi","article_publisher":"https:\/\/www.facebook.com\/R%c3%a9assurez-moi-209456495889479\/","og_image":[{"width":500,"height":160,"url":"https:\/\/guide.reassurez-moi.fr\/guide\/wp-content\/uploads\/2018\/04\/image-de-partage.png","type":"image\/png"}],"twitter_card":"summary_large_image","twitter_site":"@reassurezmoi","schema":{"@context":"https:\/\/schema.org","@graph":[{"@type":"WebPage","@id":"https:\/\/guide.reassurez-moi.fr\/guide\/mutuelle-sante\/la-medicale","url":"https:\/\/guide.reassurez-moi.fr\/guide\/mutuelle-sante\/la-medicale","name":"Mutuelle sant\u00e9 La M\u00e9dicale | R\u00e9assurez-moi","isPartOf":{"@id":"https:\/\/guide.reassurez-moi.fr\/guide\/#website"},"datePublished":"2022-04-08T20:35:14+00:00","breadcrumb":{"@id":"https:\/\/guide.reassurez-moi.fr\/guide\/mutuelle-sante\/la-medicale#breadcrumb"},"inLanguage":"fr-FR","potentialAction":[{"@type":"ReadAction","target":["https:\/\/guide.reassurez-moi.fr\/guide\/mutuelle-sante\/la-medicale"]}]},{"@type":"BreadcrumbList","@id":"https:\/\/guide.reassurez-moi.fr\/guide\/mutuelle-sante\/la-medicale#breadcrumb","itemListElement":[{"@type":"ListItem","position":1,"name":"Assurances","item":"https:\/\/guide.reassurez-moi.fr\/guide\/"},{"@type":"ListItem","position":2,"name":"Mutuelle sant\u00e9","item":"https:\/\/guide.reassurez-moi.fr\/guide\/mutuelle-sante"},{"@type":"ListItem","position":3,"name":"Tout savoir sur la mutuelle sant\u00e9 La M\u00e9dicale"}]},{"@type":"WebSite","@id":"https:\/\/guide.reassurez-moi.fr\/guide\/#website","url":"https:\/\/guide.reassurez-moi.fr\/guide\/","name":"R\u00e9assurez-moi","description":"Comparateur d&#039;assurances","potentialAction":[{"@type":"SearchAction","target":{"@type":"EntryPoint","urlTemplate":"https:\/\/guide.reassurez-moi.fr\/guide\/?s={search_term_string}"},"query-input":{"@type":"PropertyValueSpecification","valueRequired":true,"valueName":"search_term_string"}}],"inLanguage":"fr-FR"}]}},"acf":[],"_links":{"self":[{"href":"https:\/\/guide.reassurez-moi.fr\/guide\/wp-json\/wp\/v2\/pages\/159181","targetHints":{"allow":["GET"]}}],"collection":[{"href":"https:\/\/guide.reassurez-moi.fr\/guide\/wp-json\/wp\/v2\/pages"}],"about":[{"href":"https:\/\/guide.reassurez-moi.fr\/guide\/wp-json\/wp\/v2\/types\/page"}],"author":[{"embeddable":true,"href":"https:\/\/guide.reassurez-moi.fr\/guide\/wp-json\/wp\/v2\/users\/61"}],"replies":[{"embeddable":true,"href":"https:\/\/guide.reassurez-moi.fr\/guide\/wp-json\/wp\/v2\/comments?post=159181"}],"version-history":[{"count":0,"href":"https:\/\/guide.reassurez-moi.fr\/guide\/wp-json\/wp\/v2\/pages\/159181\/revisions"}],"up":[{"embeddable":true,"href":"https:\/\/guide.reassurez-moi.fr\/guide\/wp-json\/wp\/v2\/pages\/16807"}],"wp:attachment":[{"href":"https:\/\/guide.reassurez-moi.fr\/guide\/wp-json\/wp\/v2\/media?parent=159181"}],"wp:term":[{"taxonomy":"category","embeddable":true,"href":"https:\/\/guide.reassurez-moi.fr\/guide\/wp-json\/wp\/v2\/categories?post=159181"},{"taxonomy":"page_topic","embeddable":true,"href":"https:\/\/guide.reassurez-moi.fr\/guide\/wp-json\/wp\/v2\/page_topic?post=159181"}],"curies":[{"name":"wp","href":"https:\/\/api.w.org\/{rel}","templated":true}]}}