{"id":160634,"date":"2021-06-09T18:11:57","date_gmt":"2021-06-09T16:11:57","guid":{"rendered":"https:\/\/reassurez-moi.fr\/guide\/?page_id=160634"},"modified":"2026-01-13T11:18:49","modified_gmt":"2026-01-13T10:18:49","slug":"frais-garde","status":"publish","type":"page","link":"https:\/\/guide.reassurez-moi.fr\/guide\/impots\/frais-garde","title":{"rendered":"Imp\u00f4ts &#8211; Frais de garde"},"content":{"rendered":"\n<h1 class=\"wp-block-heading\" id=\"quels-sont-les-frais-de-garde-deductibles-des-impots\">Comment b\u00e9n\u00e9ficier d&rsquo;un cr\u00e9dit d&rsquo;imp\u00f4t pour les frais de garde en 2026 ?<\/h1>\n\n\n\n<p>Faire garder son enfant co\u00fbte cher, mais bonne nouvelle : une partie de ces frais de garde est d\u00e9ductible d&rsquo;<a href=\"https:\/\/reassurez-moi.fr\/guide\/impots\">imp\u00f4t<\/a>. Que ce soit en cr\u00e8che, chez une assistante maternelle agr\u00e9\u00e9e ou en garderie p\u00e9riscolaire, vous pouvez obtenir un cr\u00e9dit d\u2019imp\u00f4t jusqu\u2019\u00e0 1 750 \u20ac par enfant. Voici toutes les conditions \u00e0 conna\u00eetre pour en profiter pleinement lors de votre d\u00e9claration d\u2019imp\u00f4t.<\/p>\n\n\n\n<div class=\"wp-block-columns is-layout-flex wp-container-core-columns-is-layout-1 wp-block-columns-is-layout-flex\">\n<div class=\"wp-block-column is-style-green-top-border is-layout-flow wp-block-column-is-layout-flow\">\n<h3 class=\"wp-block-heading\">\u00c0 retenir<\/h3>\n\n\n\n<ul class=\"wp-block-list is-style-default\">\n<li><strong>50 % des frais de garde hors domicile<\/strong> rembours\u00e9s sous conditions ;<\/li>\n\n\n\n<li><strong>Plafond : 3 500 \u20ac par enfant de moins de 6 ans<\/strong> ;<\/li>\n\n\n\n<li>Le cr\u00e9dit d\u2019imp\u00f4t maximum est de <strong>1 750 \u20ac<\/strong> (875 \u20ac en garde altern\u00e9e) ;<\/li>\n\n\n\n<li>S\u2019applique uniquement aux <strong>enfants de moins de 6 ans au 1er janvier <\/strong>de l&rsquo;ann\u00e9e des revenus d\u00e9clar\u00e9s ;<\/li>\n\n\n\n<li>Certaines aides doivent \u00eatre d\u00e9duites ;<\/li>\n\n\n\n<li>\u00c0 d\u00e9clarer dans le formulaire <strong>2042-RICI<\/strong>, cases 7GA \u00e0 7GG.<\/li>\n<\/ul>\n<\/div>\n<\/div>\n\n\n\n<h2 class=\"wp-block-heading\" id=\"les-frais-de-garde-sont-ils-deductibles-des-impots\">Qui peut b\u00e9n\u00e9ficier du cr\u00e9dit d&rsquo;imp\u00f4t frais de garde ?<\/h2>\n\n\n\n<p>Vous \u00eates \u00e9ligible si vous faites garder votre enfant de <strong>moins de 6 ans<\/strong> <strong>en dehors de votre domicile<\/strong>, que vous soyez imposable ou non. Aucune condition li\u00e9e \u00e0 votre activit\u00e9 professionnelle n\u2019est requise.<\/p>\n\n\n\n<h3 class=\"wp-block-heading\"><strong>Modes de garde \u00e9ligibles<\/strong><\/h3>\n\n\n\n<ul class=\"wp-block-list is-style-pros-2\">\n<li>Cr\u00e8ches, haltes-garderies<\/li>\n\n\n\n<li>Assistantes maternelles agr\u00e9\u00e9es<\/li>\n\n\n\n<li>Garderies scolaires (hors temps de classe)<\/li>\n\n\n\n<li>Centres de loisirs sans h\u00e9bergement<\/li>\n<\/ul>\n\n\n\n<div class=\"wp-block-mars-information icon-info\"><p>\ud83d\udca1 <strong>Bon \u00e0 savoir<\/strong> : Les frais de garde \u00e0 domicile rel\u00e8vent d\u2019un autre cr\u00e9dit d\u2019imp\u00f4t (emploi \u00e0 domicile).<\/p><\/div>\n\n\n\n<h3 class=\"wp-block-heading\"><strong>D\u00e9penses exclues du cr\u00e9dit d\u2019imp\u00f4t<\/strong><\/h3>\n\n\n\n<p>Certaines charges ne sont pas prises en compte, notamment :<\/p>\n\n\n\n<ul class=\"wp-block-list is-style-cons-2\">\n<li>Les <strong>frais de repas<\/strong><\/li>\n\n\n\n<li>Les <strong>suppl\u00e9ments exceptionnels<\/strong><\/li>\n\n\n\n<li>Les <strong>activit\u00e9s ext\u00e9rieures payantes<\/strong><\/li>\n<\/ul>\n\n\n\n<div class=\"wp-block-mars-information icon-info without-background\"><p>\ud83d\udd0d En revanche, les <strong>indemnit\u00e9s vers\u00e9es \u00e0 l\u2019assistante maternelle<\/strong> couvrant les jeux, le mat\u00e9riel d\u2019\u00e9veil, le chauffage, l&rsquo;eau et l&rsquo;\u00e9lectricit\u00e9 sont retenues forfaitairement \u00e0 hauteur de <strong>2,65 \u20ac<\/strong> par jour d\u2019accueil.<\/p><\/div>\n\n\n\n<h2 class=\"wp-block-heading\">Quel est le montant du cr\u00e9dit d&rsquo;imp\u00f4t en 2026 ?<\/h2>\n\n\n\n<p>Le cr\u00e9dit d\u2019imp\u00f4t repr\u00e9sente <strong>50 % des sommes vers\u00e9es<\/strong>, apr\u00e8s d\u00e9duction des aides per\u00e7ues.<\/p>\n\n\n\n<p>Les aides \u00e0 d\u00e9duire sont les suivantes :<\/p>\n\n\n\n<ul class=\"wp-block-list is-style-arrow-right\">\n<li>Compl\u00e9ment de libre choix du mode de garde (PAJE) ;<\/li>\n\n\n\n<li>Aide de l\u2019employeur ou du comit\u00e9 d\u2019entreprise exon\u00e9r\u00e9e d&rsquo;imp\u00f4t dans la limite de 2 421 \u20ac en 2024.<\/li>\n<\/ul>\n\n\n\n<h3 class=\"wp-block-heading\"><strong>Plafond de d\u00e9penses \u00e9ligibles<\/strong><\/h3>\n\n\n\n<figure class=\"wp-block-table\"><table><thead><tr><th>Situation<\/th><th class=\"has-text-align-center\" data-align=\"center\">Plafond d\u00e9penses<\/th><th class=\"has-text-align-center\" data-align=\"center\">Cr\u00e9dit d\u2019imp\u00f4t maximum<\/th><\/tr><\/thead><tbody><tr><td>Enfant &lt; 6 ans (charge exclusive\/principale)<\/td><td class=\"has-text-align-center\" data-align=\"center\">3 500 \u20ac<\/td><td class=\"has-text-align-center\" data-align=\"center\">1 750 \u20ac<\/td><\/tr><tr><td>Garde altern\u00e9e<\/td><td class=\"has-text-align-center\" data-align=\"center\">1 750 \u20ac par parent<\/td><td class=\"has-text-align-center\" data-align=\"center\">875 \u20ac max chacun<\/td><\/tr><\/tbody><\/table><\/figure>\n\n\n\n<h3 class=\"wp-block-heading\"><strong>Exemple de calcul du cr\u00e9dit d\u2019imp\u00f4t<\/strong><\/h3>\n\n\n\n<p>Lucie paie 4 000 \u20ac pour la garde de son enfant en cr\u00e8che. Elle re\u00e7oit 1 200 \u20ac d\u2019aides CAF et 1 000 \u20ac de son employeur.<\/p>\n\n\n\n<ul class=\"wp-block-list\">\n<li>D\u00e9penses nettes : 4 000 \u20ac \u2013 1 200 \u20ac \u2013 1 000 \u20ac = <strong>1 800 \u20ac<\/strong><\/li>\n\n\n\n<li>Cr\u00e9dit d\u2019imp\u00f4t : 50 % de 1 800 \u20ac = <strong>900 \u20ac<\/strong><\/li>\n<\/ul>\n\n\n\n<blockquote class=\"wp-block-quote is-layout-flow wp-block-quote-is-layout-flow\">\n<p>Si ses frais nets d\u00e9passaient 3 500 \u20ac, seule cette limite serait retenue pour le calcul.<\/p>\n<\/blockquote>\n\n\n\n<div class=\"flex  wp-block-rm-advertizing-block fix-in-sidebar\"><div class=\"image-container flex justify-center align-items-center py-3\"><img decoding=\"async\" src=\"https:\/\/guide.reassurez-moi.fr\/guide\/wp-content\/uploads\/2025\/06\/team_opti_short.png\" alt=\"reassurez-moi illustration\" class=\"wp-block-rm-advertizing-image\" loading=\"lazy\"\/><\/div><div class=\"\n                    rm-advertblock-container\n                    flex flex-column justify-center\n                    align-items-start\n                \"><p class=\"wp-block-rm-advertizing-text\n                              \n                            \">Trouvez la meilleure solution de r\u00e9duction d&rsquo;imp\u00f4t<\/p><a href=\"https:\/\/reassurez-moi.fr\/guide\/partenaire\/impots\/cleerly\/cleerly\" class=\"wp-block-rm-advertizing-button\"><span class=\"wp-block-rm-advertizing-button-text\">Simulation gratuite<\/span><\/a><\/div><\/div>\n\n\n\n<h2 class=\"wp-block-heading\">Frais de garde apr\u00e8s 6 ans : quelles options ?<\/h2>\n\n\n\n<p>\u00c0 partir de 6 ans, le cr\u00e9dit d\u2019imp\u00f4t pour frais de garde hors domicile ne s\u2019applique plus. Mais vous pouvez b\u00e9n\u00e9ficier d\u2019un autre cr\u00e9dit d\u2019imp\u00f4t, dans le cadre de <strong>l\u2019emploi \u00e0 domicile<\/strong> :<\/p>\n\n\n\n<ul class=\"wp-block-list is-style-pros-2\">\n<li>Nounou ou baby-sitter employ\u00e9 \u00e0 domicile ;<\/li>\n\n\n\n<li>Cr\u00e9dit d\u2019imp\u00f4t de <strong>50 %<\/strong>, plafonn\u00e9 \u00e0 :<\/li>\n<\/ul>\n\n\n\n<ul class=\"wp-block-list\">\n<li>12 000 \u20ac par an ;<\/li>\n\n\n\n<li>+ 1500 \u20ac par enfant \u00e0 charge (jusqu&rsquo;\u00e0 15 000 \u20ac maximum)<\/li>\n<\/ul>\n\n\n\n<div class=\"wp-block-mars-information icon-info\"><p>\ud83d\udd0d<strong> \u00c0 explorer aussi <\/strong>: frais p\u00e9riscolaires d\u00e9ductibles, centre de loisirs apr\u00e8s 6 ans, garderie d\u00e9ductible (uniquement si la garde est \u00e0 domicile).<\/p><\/div>\n\n\n\n<h2 class=\"wp-block-heading\">Comment d\u00e9clarer les frais de garde aux imp\u00f4ts ?<\/h2>\n\n\n\n<p>Les frais sont \u00e0 d\u00e9clarer dans le formulaire <strong>2042-RICI<\/strong> :<\/p>\n\n\n\n<figure class=\"wp-block-table\"><table class=\"has-fixed-layout\"><thead><tr><th>Situation<\/th><th class=\"has-text-align-center\" data-align=\"center\">Case \u00e0 remplir<\/th><\/tr><\/thead><tbody><tr><td>Enfant \u00e0 charge exclusive\/principale<\/td><td class=\"has-text-align-center\" data-align=\"center\">7GA \/ 7GB \/ 7GC<\/td><\/tr><tr><td>En garde altern\u00e9e<\/td><td class=\"has-text-align-center\" data-align=\"center\">7GE \/ 7GF \/ 7GG<\/td><\/tr><\/tbody><\/table><\/figure>\n\n\n\n<div class=\"wp-block-mars-information icon-info\"><p>\ud83d\udca1 Pensez \u00e0 d\u00e9duire les aides et \u00e0 conserver tous vos justificatifs pendant <strong>3 ans<\/strong>. Si vous utilisez Pajemploi ou un service agr\u00e9\u00e9, les montants peuvent appara\u00eetre automatiquement dans votre d\u00e9claration en ligne.<\/p><\/div>\n\n\n\n<h2 class=\"wp-block-heading\">Quand recevrez-vous le remboursement du cr\u00e9dit d&rsquo;imp\u00f4t ?<\/h2>\n\n\n\n<p>Gr\u00e2ce \u00e0 l\u2019avance de cr\u00e9dit d\u2019imp\u00f4t, votre <a href=\"https:\/\/reassurez-moi.fr\/guide\/impots\/remboursement\">remboursement<\/a> se d\u00e9roulera comme suit :<\/p>\n\n\n\n<ul class=\"wp-block-list is-style-arrow-right\">\n<li>Vous recevez <strong>60 % <\/strong>du montant estim\u00e9 en janvier ;<\/li>\n\n\n\n<li>Le solde est vers\u00e9 apr\u00e8s<strong> l&rsquo;\u00e9t\u00e9<\/strong>, apr\u00e8s traitement de votre <a href=\"https:\/\/reassurez-moi.fr\/guide\/impots\/remplir-declaration\">d\u00e9claration d&rsquo;imp\u00f4t<\/a>.<\/li>\n<\/ul>\n\n\n\n<div class=\"wp-block-columns is-layout-flex wp-container-core-columns-is-layout-2 wp-block-columns-is-layout-flex\">\n<div class=\"wp-block-column is-style-green-top-border is-layout-flow wp-block-column-is-layout-flow\">\n<h2 class=\"wp-block-heading\">Propri\u00e9taires : cumulez les avantages fiscaux<\/h2>\n\n\n\n<p>Vous \u00eates <strong>propri\u00e9taire<\/strong> avec de jeunes enfants \u00e0 charge ? En plus des <strong>frais de garde<\/strong>, vous pouvez b\u00e9n\u00e9ficier de cr\u00e9dits d\u2019imp\u00f4t pour :<\/p>\n\n\n\n<ul class=\"wp-block-list is-style-pros-2\">\n<li>R\u00e9novation \u00e9nerg\u00e9tique ;<\/li>\n\n\n\n<li>Travaux d\u2019adaptation ;<\/li>\n\n\n\n<li>Emploi \u00e0 domicile.<\/li>\n<\/ul>\n<\/div>\n<\/div>\n\n\n\n<div class=\"wp-block-columns is-layout-flex wp-container-core-columns-is-layout-3 wp-block-columns-is-layout-flex\">\n<div class=\"wp-block-column is-style-blue-border is-layout-flow wp-block-column-is-layout-flow\">\n<h2 class=\"wp-block-heading\">FAQ Frais de garde et imp\u00f4t<\/h2>\n\n\n\n<h3 class=\"wp-block-heading\"><strong>Quels sont les frais de garderie d\u00e9ductibles des imp\u00f4ts ?<\/strong><\/h3>\n\n\n\n<p>Seuls les frais engag\u00e9s pour des enfants de moins de 6 ans gard\u00e9s hors domicile sont concern\u00e9s.<\/p>\n\n\n\n<h3 class=\"wp-block-heading\"><strong>Peut-on b\u00e9n\u00e9ficier d&rsquo;une d\u00e9duction des frais de garde apr\u00e8s 6 ans ?<\/strong><\/h3>\n\n\n\n<p>Oui, mais uniquement si vous employez quelqu\u2019un \u00e0 domicile.<\/p>\n\n\n\n<h3 class=\"wp-block-heading\"><strong>Quelle est la case pour les frais de garde sur la d\u00e9claration ?<\/strong><\/h3>\n\n\n\n<p>7GA \u00e0 7GG, selon la situation familiale.<\/p>\n<\/div>\n<\/div>\n\n\n\n<div data-tf-live=\"01JRWVFVV40Y04VBFZDHYMD2AG\"><\/div><script src=\"\/\/embed.typeform.com\/next\/embed.js\"><\/script>\n","protected":false},"excerpt":{"rendered":"<p>Comment b\u00e9n\u00e9ficier d&rsquo;un cr\u00e9dit d&rsquo;imp\u00f4t pour les frais de garde en 2026 ? Faire garder son enfant co\u00fbte cher, mais bonne nouvelle : une partie de ces frais de garde est d\u00e9ductible d&rsquo;imp\u00f4t. Que ce soit en cr\u00e8che, chez une assistante maternelle agr\u00e9\u00e9e ou en garderie p\u00e9riscolaire, vous pouvez obtenir un cr\u00e9dit d\u2019imp\u00f4t jusqu\u2019\u00e0 1\u2026<\/p>\n","protected":false},"author":67,"featured_media":0,"parent":156767,"menu_order":0,"comment_status":"open","ping_status":"closed","template":"","meta":{"_acf_changed":false,"footnotes":""},"categories":[],"page_topic":[582],"class_list":["post-160634","page","type-page","status-publish","hentry"],"yoast_head":"<!-- This site is optimized with the Yoast SEO plugin v24.7 - https:\/\/yoast.com\/wordpress\/plugins\/seo\/ -->\n<title>Frais de garde imp\u00f4t 2026 : montant, conditions et d\u00e9claration<\/title>\n<meta name=\"description\" content=\"Tout savoir sur le cr\u00e9dit d\u2019imp\u00f4t pour frais de garde en 2026 : conditions, plafond, calcul, aides \u00e0 d\u00e9duire, d\u00e9claration et remboursement \u2714\ufe0f\" \/>\n<meta name=\"robots\" content=\"index, follow, max-snippet:-1, max-image-preview:large, max-video-preview:-1\" \/>\n<link rel=\"canonical\" href=\"https:\/\/guide.reassurez-moi.fr\/guide\/impots\/frais-garde\" \/>\n<meta property=\"og:locale\" content=\"fr_FR\" \/>\n<meta property=\"og:type\" content=\"article\" \/>\n<meta property=\"og:title\" content=\"Frais de garde imp\u00f4t 2026 : montant, conditions et d\u00e9claration\" \/>\n<meta property=\"og:description\" content=\"Tout savoir sur le cr\u00e9dit d\u2019imp\u00f4t pour frais de garde en 2026 : conditions, plafond, calcul, aides \u00e0 d\u00e9duire, d\u00e9claration et remboursement \u2714\ufe0f\" \/>\n<meta property=\"og:url\" content=\"https:\/\/guide.reassurez-moi.fr\/guide\/impots\/frais-garde\" \/>\n<meta property=\"og:site_name\" content=\"R\u00e9assurez-moi\" \/>\n<meta property=\"article:publisher\" content=\"https:\/\/www.facebook.com\/R%c3%a9assurez-moi-209456495889479\/\" \/>\n<meta property=\"article:modified_time\" content=\"2026-01-13T10:18:49+00:00\" \/>\n<meta property=\"og:image\" content=\"https:\/\/guide.reassurez-moi.fr\/guide\/wp-content\/uploads\/2018\/04\/image-de-partage.png\" \/>\n\t<meta property=\"og:image:width\" content=\"500\" \/>\n\t<meta property=\"og:image:height\" content=\"160\" \/>\n\t<meta property=\"og:image:type\" content=\"image\/png\" \/>\n<meta name=\"twitter:card\" content=\"summary_large_image\" \/>\n<meta name=\"twitter:site\" content=\"@reassurezmoi\" \/>\n<meta name=\"twitter:label1\" content=\"Dur\u00e9e de lecture estim\u00e9e\" \/>\n\t<meta name=\"twitter:data1\" content=\"8 minutes\" \/>\n<script type=\"application\/ld+json\" class=\"yoast-schema-graph\">{\"@context\":\"https:\/\/schema.org\",\"@graph\":[{\"@type\":\"WebPage\",\"@id\":\"https:\/\/guide.reassurez-moi.fr\/guide\/impots\/frais-garde\",\"url\":\"https:\/\/guide.reassurez-moi.fr\/guide\/impots\/frais-garde\",\"name\":\"Frais de garde imp\u00f4t 2026 : montant, conditions et d\u00e9claration\",\"isPartOf\":{\"@id\":\"https:\/\/guide.reassurez-moi.fr\/guide\/#website\"},\"datePublished\":\"2021-06-09T16:11:57+00:00\",\"dateModified\":\"2026-01-13T10:18:49+00:00\",\"description\":\"Tout savoir sur le cr\u00e9dit d\u2019imp\u00f4t pour frais de garde en 2026 : conditions, plafond, calcul, aides \u00e0 d\u00e9duire, d\u00e9claration et remboursement \u2714\ufe0f\",\"breadcrumb\":{\"@id\":\"https:\/\/guide.reassurez-moi.fr\/guide\/impots\/frais-garde#breadcrumb\"},\"inLanguage\":\"fr-FR\",\"potentialAction\":[{\"@type\":\"ReadAction\",\"target\":[\"https:\/\/guide.reassurez-moi.fr\/guide\/impots\/frais-garde\"]}]},{\"@type\":\"BreadcrumbList\",\"@id\":\"https:\/\/guide.reassurez-moi.fr\/guide\/impots\/frais-garde#breadcrumb\",\"itemListElement\":[{\"@type\":\"ListItem\",\"position\":1,\"name\":\"Assurances\",\"item\":\"https:\/\/guide.reassurez-moi.fr\/guide\/\"},{\"@type\":\"ListItem\",\"position\":2,\"name\":\"Imp\u00f4ts\",\"item\":\"https:\/\/guide.reassurez-moi.fr\/guide\/impots\"},{\"@type\":\"ListItem\",\"position\":3,\"name\":\"Frais de garde\"}]},{\"@type\":\"WebSite\",\"@id\":\"https:\/\/guide.reassurez-moi.fr\/guide\/#website\",\"url\":\"https:\/\/guide.reassurez-moi.fr\/guide\/\",\"name\":\"R\u00e9assurez-moi\",\"description\":\"Comparateur d&#039;assurances\",\"potentialAction\":[{\"@type\":\"SearchAction\",\"target\":{\"@type\":\"EntryPoint\",\"urlTemplate\":\"https:\/\/guide.reassurez-moi.fr\/guide\/?s={search_term_string}\"},\"query-input\":{\"@type\":\"PropertyValueSpecification\",\"valueRequired\":true,\"valueName\":\"search_term_string\"}}],\"inLanguage\":\"fr-FR\"}]}<\/script>\n<!-- \/ Yoast SEO plugin. -->","yoast_head_json":{"title":"Frais de garde imp\u00f4t 2026 : montant, conditions et d\u00e9claration","description":"Tout savoir sur le cr\u00e9dit d\u2019imp\u00f4t pour frais de garde en 2026 : conditions, plafond, calcul, aides \u00e0 d\u00e9duire, d\u00e9claration et remboursement \u2714\ufe0f","robots":{"index":"index","follow":"follow","max-snippet":"max-snippet:-1","max-image-preview":"max-image-preview:large","max-video-preview":"max-video-preview:-1"},"canonical":"https:\/\/guide.reassurez-moi.fr\/guide\/impots\/frais-garde","og_locale":"fr_FR","og_type":"article","og_title":"Frais de garde imp\u00f4t 2026 : montant, conditions et d\u00e9claration","og_description":"Tout savoir sur le cr\u00e9dit d\u2019imp\u00f4t pour frais de garde en 2026 : conditions, plafond, calcul, aides \u00e0 d\u00e9duire, d\u00e9claration et remboursement \u2714\ufe0f","og_url":"https:\/\/guide.reassurez-moi.fr\/guide\/impots\/frais-garde","og_site_name":"R\u00e9assurez-moi","article_publisher":"https:\/\/www.facebook.com\/R%c3%a9assurez-moi-209456495889479\/","article_modified_time":"2026-01-13T10:18:49+00:00","og_image":[{"width":500,"height":160,"url":"https:\/\/guide.reassurez-moi.fr\/guide\/wp-content\/uploads\/2018\/04\/image-de-partage.png","type":"image\/png"}],"twitter_card":"summary_large_image","twitter_site":"@reassurezmoi","twitter_misc":{"Dur\u00e9e de lecture estim\u00e9e":"8 minutes"},"schema":{"@context":"https:\/\/schema.org","@graph":[{"@type":"WebPage","@id":"https:\/\/guide.reassurez-moi.fr\/guide\/impots\/frais-garde","url":"https:\/\/guide.reassurez-moi.fr\/guide\/impots\/frais-garde","name":"Frais de garde imp\u00f4t 2026 : montant, conditions et d\u00e9claration","isPartOf":{"@id":"https:\/\/guide.reassurez-moi.fr\/guide\/#website"},"datePublished":"2021-06-09T16:11:57+00:00","dateModified":"2026-01-13T10:18:49+00:00","description":"Tout savoir sur le cr\u00e9dit d\u2019imp\u00f4t pour frais de garde en 2026 : conditions, plafond, calcul, aides \u00e0 d\u00e9duire, d\u00e9claration et remboursement \u2714\ufe0f","breadcrumb":{"@id":"https:\/\/guide.reassurez-moi.fr\/guide\/impots\/frais-garde#breadcrumb"},"inLanguage":"fr-FR","potentialAction":[{"@type":"ReadAction","target":["https:\/\/guide.reassurez-moi.fr\/guide\/impots\/frais-garde"]}]},{"@type":"BreadcrumbList","@id":"https:\/\/guide.reassurez-moi.fr\/guide\/impots\/frais-garde#breadcrumb","itemListElement":[{"@type":"ListItem","position":1,"name":"Assurances","item":"https:\/\/guide.reassurez-moi.fr\/guide\/"},{"@type":"ListItem","position":2,"name":"Imp\u00f4ts","item":"https:\/\/guide.reassurez-moi.fr\/guide\/impots"},{"@type":"ListItem","position":3,"name":"Frais de garde"}]},{"@type":"WebSite","@id":"https:\/\/guide.reassurez-moi.fr\/guide\/#website","url":"https:\/\/guide.reassurez-moi.fr\/guide\/","name":"R\u00e9assurez-moi","description":"Comparateur d&#039;assurances","potentialAction":[{"@type":"SearchAction","target":{"@type":"EntryPoint","urlTemplate":"https:\/\/guide.reassurez-moi.fr\/guide\/?s={search_term_string}"},"query-input":{"@type":"PropertyValueSpecification","valueRequired":true,"valueName":"search_term_string"}}],"inLanguage":"fr-FR"}]}},"acf":[],"_links":{"self":[{"href":"https:\/\/guide.reassurez-moi.fr\/guide\/wp-json\/wp\/v2\/pages\/160634","targetHints":{"allow":["GET"]}}],"collection":[{"href":"https:\/\/guide.reassurez-moi.fr\/guide\/wp-json\/wp\/v2\/pages"}],"about":[{"href":"https:\/\/guide.reassurez-moi.fr\/guide\/wp-json\/wp\/v2\/types\/page"}],"author":[{"embeddable":true,"href":"https:\/\/guide.reassurez-moi.fr\/guide\/wp-json\/wp\/v2\/users\/67"}],"replies":[{"embeddable":true,"href":"https:\/\/guide.reassurez-moi.fr\/guide\/wp-json\/wp\/v2\/comments?post=160634"}],"version-history":[{"count":5,"href":"https:\/\/guide.reassurez-moi.fr\/guide\/wp-json\/wp\/v2\/pages\/160634\/revisions"}],"predecessor-version":[{"id":214380,"href":"https:\/\/guide.reassurez-moi.fr\/guide\/wp-json\/wp\/v2\/pages\/160634\/revisions\/214380"}],"up":[{"embeddable":true,"href":"https:\/\/guide.reassurez-moi.fr\/guide\/wp-json\/wp\/v2\/pages\/156767"}],"wp:attachment":[{"href":"https:\/\/guide.reassurez-moi.fr\/guide\/wp-json\/wp\/v2\/media?parent=160634"}],"wp:term":[{"taxonomy":"category","embeddable":true,"href":"https:\/\/guide.reassurez-moi.fr\/guide\/wp-json\/wp\/v2\/categories?post=160634"},{"taxonomy":"page_topic","embeddable":true,"href":"https:\/\/guide.reassurez-moi.fr\/guide\/wp-json\/wp\/v2\/page_topic?post=160634"}],"curies":[{"name":"wp","href":"https:\/\/api.w.org\/{rel}","templated":true}]}}