{"id":163786,"date":"2021-08-03T10:37:17","date_gmt":"2021-08-03T08:37:17","guid":{"rendered":"https:\/\/reassurez-moi.fr\/guide\/?page_id=163786"},"modified":"2026-02-02T16:25:08","modified_gmt":"2026-02-02T15:25:08","slug":"lettre-resiliation","status":"publish","type":"page","link":"https:\/\/guide.reassurez-moi.fr\/guide\/assurance-vie\/modele\/lettre-resiliation","title":{"rendered":"Assurance vie &#8211; Lettre r\u00e9siliation"},"content":{"rendered":"\n<h1 class=\"wp-block-heading\">Lettre de r\u00e9siliation de l&rsquo;assurance vie<\/h1>\n\n\n\n<p><meta charset=\"utf-8\"><strong>Votre assurance vie ne vous convient plus et vous souhaitez r\u00e9silier votre contrat ? Pour vous faciliter la d\u00e9marche, voici notre mod\u00e8le de lettre type de r\u00e9siliation de l&rsquo;assurance vie \u00e0 t\u00e9l\u00e9charger gratuitement.<\/strong><\/p>\n\n\n\n<div style=\"height:20px\" aria-hidden=\"true\" class=\"wp-block-spacer\"><\/div>\n\n\n\n<h2 class=\"wp-block-heading\">Mod\u00e8le de lettre de r\u00e9siliation de l&rsquo;assurance vie<\/h2>\n\n\n\n<p><meta charset=\"utf-8\"><strong>Voici notre mod\u00e8le de courrier de r\u00e9siliation \u00e0 envoyer \u00e0 votre assurance vie :<\/strong><\/p>\n\n\n\n<div style=\"height:20px\" aria-hidden=\"true\" class=\"wp-block-spacer\"><\/div>\n\n\n\n<div class=\"wp-block-image\"><figure class=\"aligncenter size-full\"><a href=\"https:\/\/guide.reassurez-moi.fr\/guide\/wp-content\/uploads\/2021\/08\/lettre-resiliation-assurance-vie.pdf\"><img loading=\"lazy\" decoding=\"async\" width=\"433\" height=\"607\" src=\"https:\/\/guide.reassurez-moi.fr\/guide\/wp-content\/uploads\/2021\/08\/lettre-resiliation-assurance-vie.jpg\" alt=\"lettre resiliation assurance vie\" class=\"wp-image-164034\" srcset=\"https:\/\/guide.reassurez-moi.fr\/guide\/wp-content\/uploads\/2021\/08\/lettre-resiliation-assurance-vie.jpg 433w, https:\/\/guide.reassurez-moi.fr\/guide\/wp-content\/uploads\/2021\/08\/lettre-resiliation-assurance-vie-214x300.jpg 214w, https:\/\/guide.reassurez-moi.fr\/guide\/wp-content\/uploads\/2021\/08\/lettre-resiliation-assurance-vie-357x500.jpg 357w\" sizes=\"auto, (max-width: 433px) 100vw, 433px\" \/><\/a><\/figure><\/div>\n\n\n\n<div style=\"height:20px\" aria-hidden=\"true\" class=\"wp-block-spacer\"><\/div>\n\n\n\n<ul class=\"wp-block-list\"><li><a href=\"https:\/\/guide.reassurez-moi.fr\/guide\/wp-content\/uploads\/2021\/08\/lettre-resiliation-assurance-vie.pdf\">Mod\u00e8le de lettre de r\u00e9siliation de l&rsquo;assurance vie gratuit \u00e0 t\u00e9l\u00e9charger [format PDF].<\/a><\/li><\/ul>\n\n\n\n<div class=\"wp-block-mars-information icon-check\"><i class=\"icon\"><\/i><p>Cette lettre de r\u00e9siliation du contrat d&rsquo;assurance vie est certifi\u00e9e conforme par notre d\u00e9partement juridique.<\/p><\/div>\n\n\n\n\n\n\n\n<h2 class=\"wp-block-heading\">Comment fonctionne la r\u00e9siliation de l&rsquo;assurance vie ?<\/h2>\n\n\n\n<p><strong><a href=\"https:\/\/reassurez-moi.fr\/guide\/assurance-vie\/resiliation\">L\u2019assurance vie peut \u00eatre r\u00e9sili\u00e9e<\/a> \u00e0 tout moment par son souscripteur&nbsp;:&nbsp;<\/strong>il n\u2019y a pas de pr\u00e9avis \u00e0 donner et pas de date d\u2019\u00e9ch\u00e9ance. Contrairement \u00e0 ce que beaucoup pensent, le capital de l&rsquo;assurance vie n\u2019est pas non plus bloqu\u00e9 pendant 8 ans.<\/p>\n\n\n\n<blockquote class=\"wp-block-quote is-layout-flow wp-block-quote-is-layout-flow\"><p>Ainsi, il suffit de proc\u00e9der \u00e0 un rachat total, si vous avez par exemple trouv\u00e9 un contrat plus r\u00e9mun\u00e9rateur ailleurs ou si vous estimez que le portefeuille de supports disponibles n\u2019est pas assez fourni.<\/p><\/blockquote>\n\n\n\n<p><strong>La proc\u00e9dure de demande de rachat total de l&rsquo;assurance vie (\u00e9quivalente \u00e0 une r\u00e9siliation) est tr\u00e8s simple<\/strong>&nbsp;: il vous suffira de notifier votre d\u00e9cision \u00e0 l\u2019assureur par courrier avec accus\u00e9 de r\u00e9ception. Sachez qu\u2019il est d\u00e9sormais possible, aupr\u00e8s de certains \u00e9tablissements, de demander le rachat (en tout cas partiel) en ligne, directement depuis votre espace personnel.<br><br><strong>Afin d\u2019acc\u00e9l\u00e9rer le processus, joignez \u00e0 votre demande&nbsp;:<\/strong><\/p>\n\n\n\n<ul class=\"wp-block-list\"><li>votre RIB(relev\u00e9 d&rsquo;identit\u00e9 bancaire) ;<\/li><li>votre dernier relev\u00e9 de situation ;<\/li><li>une copie de votre contrat.<\/li><\/ul>\n\n\n\n<p><strong>Besoin d&rsquo;une assurance vie plus performante ? <\/strong>R\u00e9assurez-moi vous propose son propre comparateur d\u2019assurances vie. Ce dernier est gratuit, anonyme et sans engagement. De plus, nos experts sont disponibles par t\u00e9l\u00e9phone ou en ligne si vous avez besoin d\u2019aide :<\/p>\n\n\n\n<div class=\"wp-block-buttons is-content-justification-center is-layout-flex wp-block-buttons-is-layout-flex\">\n<div class=\"wp-block-button is-style-rm-button-orange\"><a class=\"wp-block-button__link\">Comparer 40 contrats d&rsquo;assurance vie<\/a><\/div>\n<\/div>\n\n\n\n\n","protected":false},"excerpt":{"rendered":"<p>Lettre de r\u00e9siliation de l&rsquo;assurance vie Votre assurance vie ne vous convient plus et vous souhaitez r\u00e9silier votre contrat ? Pour vous faciliter la d\u00e9marche, voici notre mod\u00e8le de lettre type de r\u00e9siliation de l&rsquo;assurance vie \u00e0 t\u00e9l\u00e9charger gratuitement. Mod\u00e8le de lettre de r\u00e9siliation de l&rsquo;assurance vie Voici notre mod\u00e8le de courrier de r\u00e9siliation \u00e0\u2026<\/p>\n","protected":false},"author":86,"featured_media":0,"parent":163767,"menu_order":0,"comment_status":"open","ping_status":"closed","template":"","meta":{"_acf_changed":false,"footnotes":""},"categories":[],"page_topic":[580],"class_list":["post-163786","page","type-page","status-publish","hentry"],"yoast_head":"<!-- This site is optimized with the Yoast SEO plugin v24.7 - https:\/\/yoast.com\/wordpress\/plugins\/seo\/ -->\n<title>Lettre de r\u00e9siliation de l&#039;assurance vie - Mod\u00e8le gratuit \u00e0 t\u00e9l\u00e9charger<\/title>\n<meta name=\"description\" content=\"Compl\u00e9tez et t\u00e9l\u00e9chargez votre lettre de r\u00e9siliation d&#039;assurance vie. Mod\u00e8le \u00e0 t\u00e9l\u00e9charger en PDF + conseils pour une r\u00e9siliation rapide.\" \/>\n<meta name=\"robots\" content=\"index, follow, max-snippet:-1, max-image-preview:large, max-video-preview:-1\" \/>\n<link rel=\"canonical\" href=\"https:\/\/guide.reassurez-moi.fr\/guide\/assurance-vie\/modele\/lettre-resiliation\" \/>\n<meta property=\"og:locale\" content=\"fr_FR\" \/>\n<meta property=\"og:type\" content=\"article\" \/>\n<meta property=\"og:title\" content=\"Lettre de r\u00e9siliation de l&#039;assurance vie - Mod\u00e8le gratuit \u00e0 t\u00e9l\u00e9charger\" \/>\n<meta property=\"og:description\" content=\"Compl\u00e9tez et t\u00e9l\u00e9chargez votre lettre de r\u00e9siliation d&#039;assurance vie. Mod\u00e8le \u00e0 t\u00e9l\u00e9charger en PDF + conseils pour une r\u00e9siliation rapide.\" \/>\n<meta property=\"og:url\" content=\"https:\/\/guide.reassurez-moi.fr\/guide\/assurance-vie\/modele\/lettre-resiliation\" \/>\n<meta property=\"og:site_name\" content=\"R\u00e9assurez-moi\" \/>\n<meta property=\"article:publisher\" content=\"https:\/\/www.facebook.com\/R%c3%a9assurez-moi-209456495889479\/\" \/>\n<meta property=\"article:modified_time\" content=\"2026-02-02T15:25:08+00:00\" \/>\n<meta property=\"og:image\" content=\"https:\/\/guide.reassurez-moi.fr\/guide\/wp-content\/uploads\/2021\/08\/lettre-resiliation-assurance-vie.jpg\" \/>\n<meta name=\"twitter:card\" content=\"summary_large_image\" \/>\n<meta name=\"twitter:site\" content=\"@reassurezmoi\" \/>\n<meta name=\"twitter:label1\" content=\"Dur\u00e9e de lecture estim\u00e9e\" \/>\n\t<meta name=\"twitter:data1\" content=\"2 minutes\" \/>\n<script type=\"application\/ld+json\" class=\"yoast-schema-graph\">{\"@context\":\"https:\/\/schema.org\",\"@graph\":[{\"@type\":\"WebPage\",\"@id\":\"https:\/\/guide.reassurez-moi.fr\/guide\/assurance-vie\/modele\/lettre-resiliation\",\"url\":\"https:\/\/guide.reassurez-moi.fr\/guide\/assurance-vie\/modele\/lettre-resiliation\",\"name\":\"Lettre de r\u00e9siliation de l'assurance vie - Mod\u00e8le gratuit \u00e0 t\u00e9l\u00e9charger\",\"isPartOf\":{\"@id\":\"https:\/\/guide.reassurez-moi.fr\/guide\/#website\"},\"primaryImageOfPage\":{\"@id\":\"https:\/\/guide.reassurez-moi.fr\/guide\/assurance-vie\/modele\/lettre-resiliation#primaryimage\"},\"image\":{\"@id\":\"https:\/\/guide.reassurez-moi.fr\/guide\/assurance-vie\/modele\/lettre-resiliation#primaryimage\"},\"thumbnailUrl\":\"https:\/\/guide.reassurez-moi.fr\/guide\/wp-content\/uploads\/2021\/08\/lettre-resiliation-assurance-vie.jpg\",\"datePublished\":\"2021-08-03T08:37:17+00:00\",\"dateModified\":\"2026-02-02T15:25:08+00:00\",\"description\":\"Compl\u00e9tez et t\u00e9l\u00e9chargez votre lettre de r\u00e9siliation d'assurance vie. Mod\u00e8le \u00e0 t\u00e9l\u00e9charger en PDF + conseils pour une r\u00e9siliation rapide.\",\"breadcrumb\":{\"@id\":\"https:\/\/guide.reassurez-moi.fr\/guide\/assurance-vie\/modele\/lettre-resiliation#breadcrumb\"},\"inLanguage\":\"fr-FR\",\"potentialAction\":[{\"@type\":\"ReadAction\",\"target\":[\"https:\/\/guide.reassurez-moi.fr\/guide\/assurance-vie\/modele\/lettre-resiliation\"]}]},{\"@type\":\"ImageObject\",\"inLanguage\":\"fr-FR\",\"@id\":\"https:\/\/guide.reassurez-moi.fr\/guide\/assurance-vie\/modele\/lettre-resiliation#primaryimage\",\"url\":\"https:\/\/guide.reassurez-moi.fr\/guide\/wp-content\/uploads\/2021\/08\/lettre-resiliation-assurance-vie.jpg\",\"contentUrl\":\"https:\/\/guide.reassurez-moi.fr\/guide\/wp-content\/uploads\/2021\/08\/lettre-resiliation-assurance-vie.jpg\",\"width\":433,\"height\":607,\"caption\":\"lettre resiliation assurance vie\"},{\"@type\":\"BreadcrumbList\",\"@id\":\"https:\/\/guide.reassurez-moi.fr\/guide\/assurance-vie\/modele\/lettre-resiliation#breadcrumb\",\"itemListElement\":[{\"@type\":\"ListItem\",\"position\":1,\"name\":\"Assurances\",\"item\":\"https:\/\/guide.reassurez-moi.fr\/guide\/\"},{\"@type\":\"ListItem\",\"position\":2,\"name\":\"Assurance vie\",\"item\":\"https:\/\/guide.reassurez-moi.fr\/guide\/assurance-vie\"},{\"@type\":\"ListItem\",\"position\":3,\"name\":\"Mod\u00e8le\",\"item\":\"https:\/\/guide.reassurez-moi.fr\/guide\/assurance-vie\/modele\"},{\"@type\":\"ListItem\",\"position\":4,\"name\":\"Lettre de r\u00e9siliation\"}]},{\"@type\":\"WebSite\",\"@id\":\"https:\/\/guide.reassurez-moi.fr\/guide\/#website\",\"url\":\"https:\/\/guide.reassurez-moi.fr\/guide\/\",\"name\":\"R\u00e9assurez-moi\",\"description\":\"Comparateur d&#039;assurances\",\"potentialAction\":[{\"@type\":\"SearchAction\",\"target\":{\"@type\":\"EntryPoint\",\"urlTemplate\":\"https:\/\/guide.reassurez-moi.fr\/guide\/?s={search_term_string}\"},\"query-input\":{\"@type\":\"PropertyValueSpecification\",\"valueRequired\":true,\"valueName\":\"search_term_string\"}}],\"inLanguage\":\"fr-FR\"}]}<\/script>\n<!-- \/ Yoast SEO plugin. -->","yoast_head_json":{"title":"Lettre de r\u00e9siliation de l'assurance vie - Mod\u00e8le gratuit \u00e0 t\u00e9l\u00e9charger","description":"Compl\u00e9tez et t\u00e9l\u00e9chargez votre lettre de r\u00e9siliation d'assurance vie. Mod\u00e8le \u00e0 t\u00e9l\u00e9charger en PDF + conseils pour une r\u00e9siliation rapide.","robots":{"index":"index","follow":"follow","max-snippet":"max-snippet:-1","max-image-preview":"max-image-preview:large","max-video-preview":"max-video-preview:-1"},"canonical":"https:\/\/guide.reassurez-moi.fr\/guide\/assurance-vie\/modele\/lettre-resiliation","og_locale":"fr_FR","og_type":"article","og_title":"Lettre de r\u00e9siliation de l'assurance vie - Mod\u00e8le gratuit \u00e0 t\u00e9l\u00e9charger","og_description":"Compl\u00e9tez et t\u00e9l\u00e9chargez votre lettre de r\u00e9siliation d'assurance vie. Mod\u00e8le \u00e0 t\u00e9l\u00e9charger en PDF + conseils pour une r\u00e9siliation rapide.","og_url":"https:\/\/guide.reassurez-moi.fr\/guide\/assurance-vie\/modele\/lettre-resiliation","og_site_name":"R\u00e9assurez-moi","article_publisher":"https:\/\/www.facebook.com\/R%c3%a9assurez-moi-209456495889479\/","article_modified_time":"2026-02-02T15:25:08+00:00","og_image":[{"url":"https:\/\/guide.reassurez-moi.fr\/guide\/wp-content\/uploads\/2021\/08\/lettre-resiliation-assurance-vie.jpg","type":"","width":"","height":""}],"twitter_card":"summary_large_image","twitter_site":"@reassurezmoi","twitter_misc":{"Dur\u00e9e de lecture estim\u00e9e":"2 minutes"},"schema":{"@context":"https:\/\/schema.org","@graph":[{"@type":"WebPage","@id":"https:\/\/guide.reassurez-moi.fr\/guide\/assurance-vie\/modele\/lettre-resiliation","url":"https:\/\/guide.reassurez-moi.fr\/guide\/assurance-vie\/modele\/lettre-resiliation","name":"Lettre de r\u00e9siliation de l'assurance vie - Mod\u00e8le gratuit \u00e0 t\u00e9l\u00e9charger","isPartOf":{"@id":"https:\/\/guide.reassurez-moi.fr\/guide\/#website"},"primaryImageOfPage":{"@id":"https:\/\/guide.reassurez-moi.fr\/guide\/assurance-vie\/modele\/lettre-resiliation#primaryimage"},"image":{"@id":"https:\/\/guide.reassurez-moi.fr\/guide\/assurance-vie\/modele\/lettre-resiliation#primaryimage"},"thumbnailUrl":"https:\/\/guide.reassurez-moi.fr\/guide\/wp-content\/uploads\/2021\/08\/lettre-resiliation-assurance-vie.jpg","datePublished":"2021-08-03T08:37:17+00:00","dateModified":"2026-02-02T15:25:08+00:00","description":"Compl\u00e9tez et t\u00e9l\u00e9chargez votre lettre de r\u00e9siliation d'assurance vie. Mod\u00e8le \u00e0 t\u00e9l\u00e9charger en PDF + conseils pour une r\u00e9siliation rapide.","breadcrumb":{"@id":"https:\/\/guide.reassurez-moi.fr\/guide\/assurance-vie\/modele\/lettre-resiliation#breadcrumb"},"inLanguage":"fr-FR","potentialAction":[{"@type":"ReadAction","target":["https:\/\/guide.reassurez-moi.fr\/guide\/assurance-vie\/modele\/lettre-resiliation"]}]},{"@type":"ImageObject","inLanguage":"fr-FR","@id":"https:\/\/guide.reassurez-moi.fr\/guide\/assurance-vie\/modele\/lettre-resiliation#primaryimage","url":"https:\/\/guide.reassurez-moi.fr\/guide\/wp-content\/uploads\/2021\/08\/lettre-resiliation-assurance-vie.jpg","contentUrl":"https:\/\/guide.reassurez-moi.fr\/guide\/wp-content\/uploads\/2021\/08\/lettre-resiliation-assurance-vie.jpg","width":433,"height":607,"caption":"lettre resiliation assurance vie"},{"@type":"BreadcrumbList","@id":"https:\/\/guide.reassurez-moi.fr\/guide\/assurance-vie\/modele\/lettre-resiliation#breadcrumb","itemListElement":[{"@type":"ListItem","position":1,"name":"Assurances","item":"https:\/\/guide.reassurez-moi.fr\/guide\/"},{"@type":"ListItem","position":2,"name":"Assurance vie","item":"https:\/\/guide.reassurez-moi.fr\/guide\/assurance-vie"},{"@type":"ListItem","position":3,"name":"Mod\u00e8le","item":"https:\/\/guide.reassurez-moi.fr\/guide\/assurance-vie\/modele"},{"@type":"ListItem","position":4,"name":"Lettre de r\u00e9siliation"}]},{"@type":"WebSite","@id":"https:\/\/guide.reassurez-moi.fr\/guide\/#website","url":"https:\/\/guide.reassurez-moi.fr\/guide\/","name":"R\u00e9assurez-moi","description":"Comparateur d&#039;assurances","potentialAction":[{"@type":"SearchAction","target":{"@type":"EntryPoint","urlTemplate":"https:\/\/guide.reassurez-moi.fr\/guide\/?s={search_term_string}"},"query-input":{"@type":"PropertyValueSpecification","valueRequired":true,"valueName":"search_term_string"}}],"inLanguage":"fr-FR"}]}},"acf":[],"_links":{"self":[{"href":"https:\/\/guide.reassurez-moi.fr\/guide\/wp-json\/wp\/v2\/pages\/163786","targetHints":{"allow":["GET"]}}],"collection":[{"href":"https:\/\/guide.reassurez-moi.fr\/guide\/wp-json\/wp\/v2\/pages"}],"about":[{"href":"https:\/\/guide.reassurez-moi.fr\/guide\/wp-json\/wp\/v2\/types\/page"}],"author":[{"embeddable":true,"href":"https:\/\/guide.reassurez-moi.fr\/guide\/wp-json\/wp\/v2\/users\/86"}],"replies":[{"embeddable":true,"href":"https:\/\/guide.reassurez-moi.fr\/guide\/wp-json\/wp\/v2\/comments?post=163786"}],"version-history":[{"count":1,"href":"https:\/\/guide.reassurez-moi.fr\/guide\/wp-json\/wp\/v2\/pages\/163786\/revisions"}],"predecessor-version":[{"id":216202,"href":"https:\/\/guide.reassurez-moi.fr\/guide\/wp-json\/wp\/v2\/pages\/163786\/revisions\/216202"}],"up":[{"embeddable":true,"href":"https:\/\/guide.reassurez-moi.fr\/guide\/wp-json\/wp\/v2\/pages\/163767"}],"wp:attachment":[{"href":"https:\/\/guide.reassurez-moi.fr\/guide\/wp-json\/wp\/v2\/media?parent=163786"}],"wp:term":[{"taxonomy":"category","embeddable":true,"href":"https:\/\/guide.reassurez-moi.fr\/guide\/wp-json\/wp\/v2\/categories?post=163786"},{"taxonomy":"page_topic","embeddable":true,"href":"https:\/\/guide.reassurez-moi.fr\/guide\/wp-json\/wp\/v2\/page_topic?post=163786"}],"curies":[{"name":"wp","href":"https:\/\/api.w.org\/{rel}","templated":true}]}}