{"id":163806,"date":"2021-08-03T10:58:52","date_gmt":"2021-08-03T08:58:52","guid":{"rendered":"https:\/\/reassurez-moi.fr\/guide\/?page_id=163806"},"modified":"2026-02-02T16:25:05","modified_gmt":"2026-02-02T15:25:05","slug":"lettre-rachat-partiel","status":"publish","type":"page","link":"https:\/\/guide.reassurez-moi.fr\/guide\/assurance-vie\/modele\/lettre-rachat-partiel","title":{"rendered":"Assurance vie &#8211; Lettre rachat partiel"},"content":{"rendered":"\n<h1 class=\"wp-block-heading\">Lettre de rachat partiel de l&rsquo;assurance vie<\/h1>\n\n\n\n<p><meta charset=\"utf-8\"><strong>Vous aimeriez proc\u00e9der au rachat partiel de votre assurance vie ? Pour vous faciliter la d\u00e9marche, voici notre exemple de lettre type de rachat partiel de l&rsquo;assurance vie, \u00e0 t\u00e9l\u00e9charger gratuitement.<\/strong><\/p>\n\n\n\n<div style=\"height:20px\" aria-hidden=\"true\" class=\"wp-block-spacer\"><\/div>\n\n\n\n<h2 class=\"wp-block-heading\">Mod\u00e8le de lettre de rachat partiel de l&rsquo;assurance vie<\/h2>\n\n\n\n<p><meta charset=\"utf-8\"><strong>Voici notre mod\u00e8le de lettre pour le rachat partiel de l&rsquo;assurance vie \u00e0 envoyer \u00e0 votre assureur :<\/strong><\/p>\n\n\n\n<div style=\"height:20px\" aria-hidden=\"true\" class=\"wp-block-spacer\"><\/div>\n\n\n\n<div class=\"wp-block-image\"><figure class=\"aligncenter size-full\"><a href=\"https:\/\/guide.reassurez-moi.fr\/guide\/wp-content\/uploads\/2021\/08\/lettre-rachat-partiel-assurance-vie.pdf\"><img loading=\"lazy\" decoding=\"async\" width=\"433\" height=\"607\" src=\"https:\/\/guide.reassurez-moi.fr\/guide\/wp-content\/uploads\/2021\/08\/lettre-rachat-partiel-assurance-vie.jpg\" alt=\"lettre rachat partiel assurance vie\" class=\"wp-image-164037\" srcset=\"https:\/\/guide.reassurez-moi.fr\/guide\/wp-content\/uploads\/2021\/08\/lettre-rachat-partiel-assurance-vie.jpg 433w, https:\/\/guide.reassurez-moi.fr\/guide\/wp-content\/uploads\/2021\/08\/lettre-rachat-partiel-assurance-vie-214x300.jpg 214w, https:\/\/guide.reassurez-moi.fr\/guide\/wp-content\/uploads\/2021\/08\/lettre-rachat-partiel-assurance-vie-357x500.jpg 357w\" sizes=\"auto, (max-width: 433px) 100vw, 433px\" \/><\/a><\/figure><\/div>\n\n\n\n<div style=\"height:20px\" aria-hidden=\"true\" class=\"wp-block-spacer\"><\/div>\n\n\n\n<ul class=\"wp-block-list\"><li><a href=\"https:\/\/guide.reassurez-moi.fr\/guide\/wp-content\/uploads\/2021\/08\/lettre-rachat-partiel-assurance-vie.pdf\">Mod\u00e8le de lettre de rachat partiel de l&rsquo;assurance vie gratuit \u00e0 t\u00e9l\u00e9charger [format PDF].<\/a><\/li><\/ul>\n\n\n\n<div class=\"wp-block-mars-information icon-check\"><i class=\"icon\"><\/i><p>Cette lettre type de demande de rachat partiel de l&rsquo;assurance vie est certifi\u00e9e conforme par notre d\u00e9partement juridique.<\/p><\/div>\n\n\n\n\n\n\n\n<h2 class=\"wp-block-heading\">Comment fonctionne le rachat partiel de l&rsquo;assurance vie ?<\/h2>\n\n\n\n<p><strong>Seul le souscripteur peut demander un <a href=\"https:\/\/reassurez-moi.fr\/guide\/assurance-vie\/rachat\">rachat sur son contrat d\u2019assurance vie<\/a>.<\/strong>&nbsp;En principe, il n&rsquo;y a pas de frais de rachat. La r\u00e9cup\u00e9ration de capitaux depuis votre contrat d\u2019assurance vie est libre et gratuite. En termes de d\u00e9lai, l\u2019assureur aura 2 mois pour transf\u00e9rer l\u2019argent sur le compte que vous lui aurez indiqu\u00e9. Dans les faits, cela est souvent plus rapide.<\/p>\n\n\n\n<p><strong>La proc\u00e9dure de demande de rachat en assurance vie est simple&nbsp;et peut \u00eatre r\u00e9alis\u00e9e \u00e0 tout moment. Vous pouvez aussi bien&nbsp;:<\/strong><\/p>\n\n\n\n<ul class=\"wp-block-list\"><li>faire votre demande en ligne sur le site de l\u2019assureur \/ de la banque, en g\u00e9n\u00e9ral via un formulaire ou directement sur votre espace personnel ;<\/li><\/ul>\n\n\n\n<ul class=\"wp-block-list\"><li>remplir un formulaire papier ;<\/li><\/ul>\n\n\n\n<ul class=\"wp-block-list\"><li>envoyer un courrier avec accus\u00e9 de r\u00e9ception \u00e0 l\u2019\u00e9tablissement, en ajoutant une copie de votre pi\u00e8ce d\u2019identit\u00e9, un RIB et votre dernier relev\u00e9 d\u2019assurance vie.<\/li><\/ul>\n\n\n\n<div class=\"wp-block-mars-information icon-glass\"><i class=\"icon\"><\/i><p>Le rachat partiel de l&rsquo;assurance vie apr\u00e8s 8 ans de contrat est plus strat\u00e9gique car vous aurez atteint un seuil \u00e0 partir duquel l&rsquo;imposition est plus int\u00e9ressante.<\/p><\/div>\n\n\n\n<p><strong>Besoin d&rsquo;une assurance vie plus performante ? <\/strong>R\u00e9assurez-moi vous propose son propre comparateur d\u2019assurances vie. Ce dernier est gratuit, anonyme et sans engagement. De plus, nos experts sont disponibles par t\u00e9l\u00e9phone ou en ligne si vous avez besoin d\u2019aide :<\/p>\n\n\n\n<div class=\"wp-block-buttons is-content-justification-center is-layout-flex wp-block-buttons-is-layout-flex\">\n<div class=\"wp-block-button is-style-rm-button-orange\"><a class=\"wp-block-button__link\">Comparer 40 contrats d&rsquo;assurance vie<\/a><\/div>\n<\/div>\n\n\n\n\n","protected":false},"excerpt":{"rendered":"<p>Lettre de rachat partiel de l&rsquo;assurance vie Vous aimeriez proc\u00e9der au rachat partiel de votre assurance vie ? Pour vous faciliter la d\u00e9marche, voici notre exemple de lettre type de rachat partiel de l&rsquo;assurance vie, \u00e0 t\u00e9l\u00e9charger gratuitement. Mod\u00e8le de lettre de rachat partiel de l&rsquo;assurance vie Voici notre mod\u00e8le de lettre pour le rachat\u2026<\/p>\n","protected":false},"author":86,"featured_media":0,"parent":163767,"menu_order":0,"comment_status":"open","ping_status":"closed","template":"","meta":{"_acf_changed":false,"footnotes":""},"categories":[],"page_topic":[580],"class_list":["post-163806","page","type-page","status-publish","hentry"],"yoast_head":"<!-- This site is optimized with the Yoast SEO plugin v24.7 - https:\/\/yoast.com\/wordpress\/plugins\/seo\/ -->\n<title>Lettre de rachat partiel de l&#039;assurance vie - Mod\u00e8le gratuit \u00e0 t\u00e9l\u00e9charger<\/title>\n<meta name=\"description\" content=\"Compl\u00e9tez et t\u00e9l\u00e9chargez votre lettre de rachat partiel d&#039;assurance vie. Mod\u00e8le \u00e0 t\u00e9l\u00e9charger en PDF + nos conseils d&#039;experts 100 % gratuit.\" \/>\n<meta name=\"robots\" content=\"index, follow, max-snippet:-1, max-image-preview:large, max-video-preview:-1\" \/>\n<link rel=\"canonical\" href=\"https:\/\/guide.reassurez-moi.fr\/guide\/assurance-vie\/modele\/lettre-rachat-partiel\" \/>\n<meta property=\"og:locale\" content=\"fr_FR\" \/>\n<meta property=\"og:type\" content=\"article\" \/>\n<meta property=\"og:title\" content=\"Lettre de rachat partiel de l&#039;assurance vie - Mod\u00e8le gratuit \u00e0 t\u00e9l\u00e9charger\" \/>\n<meta property=\"og:description\" content=\"Compl\u00e9tez et t\u00e9l\u00e9chargez votre lettre de rachat partiel d&#039;assurance vie. Mod\u00e8le \u00e0 t\u00e9l\u00e9charger en PDF + nos conseils d&#039;experts 100 % gratuit.\" \/>\n<meta property=\"og:url\" content=\"https:\/\/guide.reassurez-moi.fr\/guide\/assurance-vie\/modele\/lettre-rachat-partiel\" \/>\n<meta property=\"og:site_name\" content=\"R\u00e9assurez-moi\" \/>\n<meta property=\"article:publisher\" content=\"https:\/\/www.facebook.com\/R%c3%a9assurez-moi-209456495889479\/\" \/>\n<meta property=\"article:modified_time\" content=\"2026-02-02T15:25:05+00:00\" \/>\n<meta property=\"og:image\" content=\"https:\/\/guide.reassurez-moi.fr\/guide\/wp-content\/uploads\/2021\/08\/lettre-rachat-partiel-assurance-vie.jpg\" \/>\n<meta name=\"twitter:card\" content=\"summary_large_image\" \/>\n<meta name=\"twitter:site\" content=\"@reassurezmoi\" \/>\n<meta name=\"twitter:label1\" content=\"Dur\u00e9e de lecture estim\u00e9e\" \/>\n\t<meta name=\"twitter:data1\" content=\"2 minutes\" \/>\n<script type=\"application\/ld+json\" class=\"yoast-schema-graph\">{\"@context\":\"https:\/\/schema.org\",\"@graph\":[{\"@type\":\"WebPage\",\"@id\":\"https:\/\/guide.reassurez-moi.fr\/guide\/assurance-vie\/modele\/lettre-rachat-partiel\",\"url\":\"https:\/\/guide.reassurez-moi.fr\/guide\/assurance-vie\/modele\/lettre-rachat-partiel\",\"name\":\"Lettre de rachat partiel de l'assurance vie - Mod\u00e8le gratuit \u00e0 t\u00e9l\u00e9charger\",\"isPartOf\":{\"@id\":\"https:\/\/guide.reassurez-moi.fr\/guide\/#website\"},\"primaryImageOfPage\":{\"@id\":\"https:\/\/guide.reassurez-moi.fr\/guide\/assurance-vie\/modele\/lettre-rachat-partiel#primaryimage\"},\"image\":{\"@id\":\"https:\/\/guide.reassurez-moi.fr\/guide\/assurance-vie\/modele\/lettre-rachat-partiel#primaryimage\"},\"thumbnailUrl\":\"https:\/\/guide.reassurez-moi.fr\/guide\/wp-content\/uploads\/2021\/08\/lettre-rachat-partiel-assurance-vie.jpg\",\"datePublished\":\"2021-08-03T08:58:52+00:00\",\"dateModified\":\"2026-02-02T15:25:05+00:00\",\"description\":\"Compl\u00e9tez et t\u00e9l\u00e9chargez votre lettre de rachat partiel d'assurance vie. Mod\u00e8le \u00e0 t\u00e9l\u00e9charger en PDF + nos conseils d'experts 100 % gratuit.\",\"breadcrumb\":{\"@id\":\"https:\/\/guide.reassurez-moi.fr\/guide\/assurance-vie\/modele\/lettre-rachat-partiel#breadcrumb\"},\"inLanguage\":\"fr-FR\",\"potentialAction\":[{\"@type\":\"ReadAction\",\"target\":[\"https:\/\/guide.reassurez-moi.fr\/guide\/assurance-vie\/modele\/lettre-rachat-partiel\"]}]},{\"@type\":\"ImageObject\",\"inLanguage\":\"fr-FR\",\"@id\":\"https:\/\/guide.reassurez-moi.fr\/guide\/assurance-vie\/modele\/lettre-rachat-partiel#primaryimage\",\"url\":\"https:\/\/guide.reassurez-moi.fr\/guide\/wp-content\/uploads\/2021\/08\/lettre-rachat-partiel-assurance-vie.jpg\",\"contentUrl\":\"https:\/\/guide.reassurez-moi.fr\/guide\/wp-content\/uploads\/2021\/08\/lettre-rachat-partiel-assurance-vie.jpg\",\"width\":433,\"height\":607,\"caption\":\"lettre rachat partiel assurance vie\"},{\"@type\":\"BreadcrumbList\",\"@id\":\"https:\/\/guide.reassurez-moi.fr\/guide\/assurance-vie\/modele\/lettre-rachat-partiel#breadcrumb\",\"itemListElement\":[{\"@type\":\"ListItem\",\"position\":1,\"name\":\"Assurances\",\"item\":\"https:\/\/guide.reassurez-moi.fr\/guide\/\"},{\"@type\":\"ListItem\",\"position\":2,\"name\":\"Assurance vie\",\"item\":\"https:\/\/guide.reassurez-moi.fr\/guide\/assurance-vie\"},{\"@type\":\"ListItem\",\"position\":3,\"name\":\"Mod\u00e8le\",\"item\":\"https:\/\/guide.reassurez-moi.fr\/guide\/assurance-vie\/modele\"},{\"@type\":\"ListItem\",\"position\":4,\"name\":\"Lettre de rachat partiel\"}]},{\"@type\":\"WebSite\",\"@id\":\"https:\/\/guide.reassurez-moi.fr\/guide\/#website\",\"url\":\"https:\/\/guide.reassurez-moi.fr\/guide\/\",\"name\":\"R\u00e9assurez-moi\",\"description\":\"Comparateur d&#039;assurances\",\"potentialAction\":[{\"@type\":\"SearchAction\",\"target\":{\"@type\":\"EntryPoint\",\"urlTemplate\":\"https:\/\/guide.reassurez-moi.fr\/guide\/?s={search_term_string}\"},\"query-input\":{\"@type\":\"PropertyValueSpecification\",\"valueRequired\":true,\"valueName\":\"search_term_string\"}}],\"inLanguage\":\"fr-FR\"}]}<\/script>\n<!-- \/ Yoast SEO plugin. -->","yoast_head_json":{"title":"Lettre de rachat partiel de l'assurance vie - Mod\u00e8le gratuit \u00e0 t\u00e9l\u00e9charger","description":"Compl\u00e9tez et t\u00e9l\u00e9chargez votre lettre de rachat partiel d'assurance vie. Mod\u00e8le \u00e0 t\u00e9l\u00e9charger en PDF + nos conseils d'experts 100 % gratuit.","robots":{"index":"index","follow":"follow","max-snippet":"max-snippet:-1","max-image-preview":"max-image-preview:large","max-video-preview":"max-video-preview:-1"},"canonical":"https:\/\/guide.reassurez-moi.fr\/guide\/assurance-vie\/modele\/lettre-rachat-partiel","og_locale":"fr_FR","og_type":"article","og_title":"Lettre de rachat partiel de l'assurance vie - Mod\u00e8le gratuit \u00e0 t\u00e9l\u00e9charger","og_description":"Compl\u00e9tez et t\u00e9l\u00e9chargez votre lettre de rachat partiel d'assurance vie. Mod\u00e8le \u00e0 t\u00e9l\u00e9charger en PDF + nos conseils d'experts 100 % gratuit.","og_url":"https:\/\/guide.reassurez-moi.fr\/guide\/assurance-vie\/modele\/lettre-rachat-partiel","og_site_name":"R\u00e9assurez-moi","article_publisher":"https:\/\/www.facebook.com\/R%c3%a9assurez-moi-209456495889479\/","article_modified_time":"2026-02-02T15:25:05+00:00","og_image":[{"url":"https:\/\/guide.reassurez-moi.fr\/guide\/wp-content\/uploads\/2021\/08\/lettre-rachat-partiel-assurance-vie.jpg","type":"","width":"","height":""}],"twitter_card":"summary_large_image","twitter_site":"@reassurezmoi","twitter_misc":{"Dur\u00e9e de lecture estim\u00e9e":"2 minutes"},"schema":{"@context":"https:\/\/schema.org","@graph":[{"@type":"WebPage","@id":"https:\/\/guide.reassurez-moi.fr\/guide\/assurance-vie\/modele\/lettre-rachat-partiel","url":"https:\/\/guide.reassurez-moi.fr\/guide\/assurance-vie\/modele\/lettre-rachat-partiel","name":"Lettre de rachat partiel de l'assurance vie - Mod\u00e8le gratuit \u00e0 t\u00e9l\u00e9charger","isPartOf":{"@id":"https:\/\/guide.reassurez-moi.fr\/guide\/#website"},"primaryImageOfPage":{"@id":"https:\/\/guide.reassurez-moi.fr\/guide\/assurance-vie\/modele\/lettre-rachat-partiel#primaryimage"},"image":{"@id":"https:\/\/guide.reassurez-moi.fr\/guide\/assurance-vie\/modele\/lettre-rachat-partiel#primaryimage"},"thumbnailUrl":"https:\/\/guide.reassurez-moi.fr\/guide\/wp-content\/uploads\/2021\/08\/lettre-rachat-partiel-assurance-vie.jpg","datePublished":"2021-08-03T08:58:52+00:00","dateModified":"2026-02-02T15:25:05+00:00","description":"Compl\u00e9tez et t\u00e9l\u00e9chargez votre lettre de rachat partiel d'assurance vie. Mod\u00e8le \u00e0 t\u00e9l\u00e9charger en PDF + nos conseils d'experts 100 % gratuit.","breadcrumb":{"@id":"https:\/\/guide.reassurez-moi.fr\/guide\/assurance-vie\/modele\/lettre-rachat-partiel#breadcrumb"},"inLanguage":"fr-FR","potentialAction":[{"@type":"ReadAction","target":["https:\/\/guide.reassurez-moi.fr\/guide\/assurance-vie\/modele\/lettre-rachat-partiel"]}]},{"@type":"ImageObject","inLanguage":"fr-FR","@id":"https:\/\/guide.reassurez-moi.fr\/guide\/assurance-vie\/modele\/lettre-rachat-partiel#primaryimage","url":"https:\/\/guide.reassurez-moi.fr\/guide\/wp-content\/uploads\/2021\/08\/lettre-rachat-partiel-assurance-vie.jpg","contentUrl":"https:\/\/guide.reassurez-moi.fr\/guide\/wp-content\/uploads\/2021\/08\/lettre-rachat-partiel-assurance-vie.jpg","width":433,"height":607,"caption":"lettre rachat partiel assurance vie"},{"@type":"BreadcrumbList","@id":"https:\/\/guide.reassurez-moi.fr\/guide\/assurance-vie\/modele\/lettre-rachat-partiel#breadcrumb","itemListElement":[{"@type":"ListItem","position":1,"name":"Assurances","item":"https:\/\/guide.reassurez-moi.fr\/guide\/"},{"@type":"ListItem","position":2,"name":"Assurance vie","item":"https:\/\/guide.reassurez-moi.fr\/guide\/assurance-vie"},{"@type":"ListItem","position":3,"name":"Mod\u00e8le","item":"https:\/\/guide.reassurez-moi.fr\/guide\/assurance-vie\/modele"},{"@type":"ListItem","position":4,"name":"Lettre de rachat partiel"}]},{"@type":"WebSite","@id":"https:\/\/guide.reassurez-moi.fr\/guide\/#website","url":"https:\/\/guide.reassurez-moi.fr\/guide\/","name":"R\u00e9assurez-moi","description":"Comparateur d&#039;assurances","potentialAction":[{"@type":"SearchAction","target":{"@type":"EntryPoint","urlTemplate":"https:\/\/guide.reassurez-moi.fr\/guide\/?s={search_term_string}"},"query-input":{"@type":"PropertyValueSpecification","valueRequired":true,"valueName":"search_term_string"}}],"inLanguage":"fr-FR"}]}},"acf":[],"_links":{"self":[{"href":"https:\/\/guide.reassurez-moi.fr\/guide\/wp-json\/wp\/v2\/pages\/163806","targetHints":{"allow":["GET"]}}],"collection":[{"href":"https:\/\/guide.reassurez-moi.fr\/guide\/wp-json\/wp\/v2\/pages"}],"about":[{"href":"https:\/\/guide.reassurez-moi.fr\/guide\/wp-json\/wp\/v2\/types\/page"}],"author":[{"embeddable":true,"href":"https:\/\/guide.reassurez-moi.fr\/guide\/wp-json\/wp\/v2\/users\/86"}],"replies":[{"embeddable":true,"href":"https:\/\/guide.reassurez-moi.fr\/guide\/wp-json\/wp\/v2\/comments?post=163806"}],"version-history":[{"count":1,"href":"https:\/\/guide.reassurez-moi.fr\/guide\/wp-json\/wp\/v2\/pages\/163806\/revisions"}],"predecessor-version":[{"id":216199,"href":"https:\/\/guide.reassurez-moi.fr\/guide\/wp-json\/wp\/v2\/pages\/163806\/revisions\/216199"}],"up":[{"embeddable":true,"href":"https:\/\/guide.reassurez-moi.fr\/guide\/wp-json\/wp\/v2\/pages\/163767"}],"wp:attachment":[{"href":"https:\/\/guide.reassurez-moi.fr\/guide\/wp-json\/wp\/v2\/media?parent=163806"}],"wp:term":[{"taxonomy":"category","embeddable":true,"href":"https:\/\/guide.reassurez-moi.fr\/guide\/wp-json\/wp\/v2\/categories?post=163806"},{"taxonomy":"page_topic","embeddable":true,"href":"https:\/\/guide.reassurez-moi.fr\/guide\/wp-json\/wp\/v2\/page_topic?post=163806"}],"curies":[{"name":"wp","href":"https:\/\/api.w.org\/{rel}","templated":true}]}}