{"id":163866,"date":"2021-08-03T15:21:18","date_gmt":"2021-08-03T13:21:18","guid":{"rendered":"https:\/\/reassurez-moi.fr\/guide\/?page_id=163866"},"modified":"2026-02-02T16:25:02","modified_gmt":"2026-02-02T15:25:02","slug":"lettre-clause-beneficiaire","status":"publish","type":"page","link":"https:\/\/guide.reassurez-moi.fr\/guide\/assurance-vie\/modele\/lettre-clause-beneficiaire","title":{"rendered":"Assurance vie &#8211; Lettre clause b\u00e9n\u00e9ficiaire"},"content":{"rendered":"\n<h1 class=\"wp-block-heading\" id=\"lettre-de-modification-de-clause-beneficiaire-d-assurance-vie\">Lettre de modification de clause b\u00e9n\u00e9ficiaire d&rsquo;assurance vie<\/h1>\n\n\n\n<p><meta charset=\"utf-8\"><strong>Vous souhaitez apporter des changements \u00e0 la clause b\u00e9n\u00e9ficiaires de votre contrat d&rsquo;assurance vie ? Pour vous faciliter la d\u00e9marche, voici notre mod\u00e8le de lettre de modification de la clause b\u00e9n\u00e9ficiaire d&rsquo;assurance vie, \u00e0 t\u00e9l\u00e9charger gratuitement.<\/strong><\/p>\n\n\n\n<div style=\"height:20px\" aria-hidden=\"true\" class=\"wp-block-spacer\"><\/div>\n\n\n\n<h2 class=\"wp-block-heading\" id=\"modele-de-lettre-de-clause-beneficiaire-d-assurance-vie\">Mod\u00e8le de lettre de clause b\u00e9n\u00e9ficiaire d&rsquo;assurance vie<\/h2>\n\n\n\n<div style=\"height:20px\" aria-hidden=\"true\" class=\"wp-block-spacer\"><\/div>\n\n\n\n<div class=\"wp-block-image\"><figure class=\"aligncenter size-full is-resized\"><a href=\"https:\/\/guide.reassurez-moi.fr\/guide\/wp-content\/uploads\/2021\/08\/modification-clause-beneciaire-contrat-assurance-vie.pdf\"><img loading=\"lazy\" decoding=\"async\" src=\"https:\/\/guide.reassurez-moi.fr\/guide\/wp-content\/uploads\/2021\/08\/lettre-modification-clause-beneficiaire-assurance-vie.jpg\" alt=\"lettre modification clause beneficiaire assurance vie\" class=\"wp-image-163864\" width=\"322\" height=\"454\" srcset=\"https:\/\/guide.reassurez-moi.fr\/guide\/wp-content\/uploads\/2021\/08\/lettre-modification-clause-beneficiaire-assurance-vie.jpg 429w, https:\/\/guide.reassurez-moi.fr\/guide\/wp-content\/uploads\/2021\/08\/lettre-modification-clause-beneficiaire-assurance-vie-213x300.jpg 213w, https:\/\/guide.reassurez-moi.fr\/guide\/wp-content\/uploads\/2021\/08\/lettre-modification-clause-beneficiaire-assurance-vie-355x500.jpg 355w\" sizes=\"auto, (max-width: 322px) 100vw, 322px\" \/><\/a><\/figure><\/div>\n\n\n\n<div style=\"height:20px\" aria-hidden=\"true\" class=\"wp-block-spacer\"><\/div>\n\n\n\n<ul class=\"wp-block-list\"><li><a href=\"https:\/\/guide.reassurez-moi.fr\/guide\/wp-content\/uploads\/2021\/08\/modification-clause-beneciaire-contrat-assurance-vie.pdf\">Mod\u00e8le de lettre de clause b\u00e9n\u00e9ficiaire d&rsquo;assurance vie [format PDF].<\/a><\/li><\/ul>\n\n\n\n<div style=\"height:20px\" aria-hidden=\"true\" class=\"wp-block-spacer\"><\/div>\n\n\n\n<div class=\"wp-block-mars-information icon-check\"><i class=\"icon\"><\/i><p>Ce mod\u00e8le de lettre de modification de clause b\u00e9n\u00e9ficiaire d&rsquo;assurance vie \u00e0 t\u00e9l\u00e9charger est certifi\u00e9 conforme par notre d\u00e9partement juridique.<\/p><\/div>\n\n\n\n\n\n<h2 class=\"wp-block-heading\" id=\"a-quel-moment-modifier-le-beneficiaire-sur-son-contrat-d-assurance-vie\">\u00c0 quel moment modifier le b\u00e9n\u00e9ficiaire sur son contrat d&rsquo;assurance vie ? <\/h2>\n\n\n\n<p><strong>La modification de la <a href=\"https:\/\/reassurez-moi.fr\/guide\/assurance-vie\/beneficiaire\">clause b\u00e9n\u00e9ficiaire d&rsquo;assurance vie<\/a> est en possible \u00e0 tout moment dans la vie du contrat et ce, quelle qu\u2019en soit la raison, comme par exemple&nbsp;:<\/strong><\/p>\n\n\n\n<ul class=\"wp-block-list\"><li>le souscripteur a chang\u00e9 d\u2019avis quant au destinataire du capital ;<\/li><li>Sa situation familiale a \u00e9volu\u00e9 ;<\/li><li>le b\u00e9n\u00e9ficiaire initialement d\u00e9sign\u00e9 est d\u00e9c\u00e9d\u00e9.<\/li><\/ul>\n\n\n\n<div class=\"wp-block-mars-information icon-info\"><i class=\"icon\"><\/i><p>Si la clause b\u00e9n\u00e9ficiaire est int\u00e9gr\u00e9e au contrat, un simple avenant de celui-ci fera l\u2019affaire (avec accus\u00e9 de r\u00e9ception). La clause pourra \u00e9galement \u00eatre modifi\u00e9e dans le testament ou devant notaire.<\/p><\/div>\n\n\n\n<p><strong>Un des principaux atouts de l\u2019assurance vie est son r\u00e9gime fiscal au d\u00e9c\u00e8s du souscripteur car les fonds sont exclus de la succession.<\/strong>&nbsp;La seule condition impos\u00e9e est que l\u2019assur\u00e9 ait d\u00e9sign\u00e9 des b\u00e9n\u00e9ficiaires. Sans quoi, l\u2019argent d\u00e9tenu sur le contrat vie sera int\u00e9gr\u00e9 \u00e0 l\u2019actif successoral et soumis \u00e0 la m\u00eame fiscalit\u00e9.<br><br><strong>Ainsi, si vous n\u2019avez pas d\u00e9sign\u00e9 de b\u00e9n\u00e9ficiaire de votre assurance vie, il est possible de le faire via votre testament<\/strong>. Vous pouvez aussi changer les b\u00e9n\u00e9ficiaires dans ce dernier. Le notaire qui recevra votre demande aura, dans ce cas, soin d\u2019indiquer que cela <em>abroge toute disposition pr\u00e9c\u00e9dent<\/em>e. Cette mention permet d\u2019\u00e9viter tout malentendu et difficult\u00e9 d\u2019interpr\u00e9tation.<\/p>\n\n\n\n<div style=\"height:20px\" aria-hidden=\"true\" class=\"wp-block-spacer\"><\/div>\n\n\n\n<p><strong>Besoin d&rsquo;une assurance vie plus performante ? <\/strong>R\u00e9assurez-moi vous propose son propre comparateur d\u2019assurances vie. Ce dernier est gratuit, anonyme et sans engagement. De plus, nos experts sont disponibles par t\u00e9l\u00e9phone ou en ligne si vous avez besoin d\u2019aide :<\/p>\n\n\n\n<div class=\"flex  wp-block-rm-advertizing-block fix-in-sidebar\"><div class=\"image-container flex justify-center align-items-center py-3\"><img decoding=\"async\" src=\"https:\/\/guide.reassurez-moi.fr\/guide\/wp-content\/uploads\/2025\/06\/team_opti_short.png\" alt=\"reassurez-moi illustration\" class=\"wp-block-rm-advertizing-image\" loading=\"lazy\"\/><\/div><div class=\"\n                    rm-advertblock-container\n                    flex flex-column justify-center\n                    align-items-start\n                \"><p class=\"wp-block-rm-advertizing-text\n                              \n                            \">Les meilleurs contrats d&rsquo;assurance vie en 2025<\/p><a href=\"https:\/\/reassurez-moi.fr\/guide\/assurance-vie\" class=\"wp-block-rm-advertizing-button\"><span class=\"wp-block-rm-advertizing-button-text\">Comparer les assurances vie<\/span><\/a><\/div><\/div>\n\n\n\n<div class=\"wp-block-buttons is-horizontal is-content-justification-center is-layout-flex wp-container-core-buttons-is-layout-1 wp-block-buttons-is-layout-flex\"><\/div>\n\n\n","protected":false},"excerpt":{"rendered":"<p>Lettre de modification de clause b\u00e9n\u00e9ficiaire d&rsquo;assurance vie Vous souhaitez apporter des changements \u00e0 la clause b\u00e9n\u00e9ficiaires de votre contrat d&rsquo;assurance vie ? Pour vous faciliter la d\u00e9marche, voici notre mod\u00e8le de lettre de modification de la clause b\u00e9n\u00e9ficiaire d&rsquo;assurance vie, \u00e0 t\u00e9l\u00e9charger gratuitement. Mod\u00e8le de lettre de clause b\u00e9n\u00e9ficiaire d&rsquo;assurance vie Mod\u00e8le de lettre\u2026<\/p>\n","protected":false},"author":86,"featured_media":0,"parent":163767,"menu_order":0,"comment_status":"open","ping_status":"closed","template":"","meta":{"_acf_changed":false,"footnotes":""},"categories":[],"page_topic":[580],"class_list":["post-163866","page","type-page","status-publish","hentry"],"yoast_head":"<!-- This site is optimized with the Yoast SEO plugin v24.7 - https:\/\/yoast.com\/wordpress\/plugins\/seo\/ -->\n<title>Mod\u00e8le de lettre de clause b\u00e9n\u00e9ficiaire d&#039;assurance vie [\u00c0 t\u00e9l\u00e9charger]<\/title>\n<meta name=\"description\" content=\"Compl\u00e9tez et t\u00e9l\u00e9chargez votre mod\u00e8le de lettre de modification de clause b\u00e9n\u00e9ficiaire d&#039;assurance vie. \u00c0 t\u00e9l\u00e9charger en PDF - 100 % gratuit.\" \/>\n<meta name=\"robots\" content=\"index, follow, max-snippet:-1, max-image-preview:large, max-video-preview:-1\" \/>\n<link rel=\"canonical\" href=\"https:\/\/guide.reassurez-moi.fr\/guide\/assurance-vie\/modele\/lettre-clause-beneficiaire\" \/>\n<meta property=\"og:locale\" content=\"fr_FR\" \/>\n<meta property=\"og:type\" content=\"article\" \/>\n<meta property=\"og:title\" content=\"Mod\u00e8le de lettre de clause b\u00e9n\u00e9ficiaire d&#039;assurance vie [\u00c0 t\u00e9l\u00e9charger]\" \/>\n<meta property=\"og:description\" content=\"Compl\u00e9tez et t\u00e9l\u00e9chargez votre mod\u00e8le de lettre de modification de clause b\u00e9n\u00e9ficiaire d&#039;assurance vie. \u00c0 t\u00e9l\u00e9charger en PDF - 100 % gratuit.\" \/>\n<meta property=\"og:url\" content=\"https:\/\/guide.reassurez-moi.fr\/guide\/assurance-vie\/modele\/lettre-clause-beneficiaire\" \/>\n<meta property=\"og:site_name\" content=\"R\u00e9assurez-moi\" \/>\n<meta property=\"article:publisher\" content=\"https:\/\/www.facebook.com\/R%c3%a9assurez-moi-209456495889479\/\" \/>\n<meta property=\"article:modified_time\" content=\"2026-02-02T15:25:02+00:00\" \/>\n<meta property=\"og:image\" content=\"https:\/\/guide.reassurez-moi.fr\/guide\/wp-content\/uploads\/2021\/08\/lettre-modification-clause-beneficiaire-assurance-vie.jpg\" \/>\n<meta name=\"twitter:card\" content=\"summary_large_image\" \/>\n<meta name=\"twitter:site\" content=\"@reassurezmoi\" \/>\n<meta name=\"twitter:label1\" content=\"Dur\u00e9e de lecture estim\u00e9e\" \/>\n\t<meta name=\"twitter:data1\" content=\"2 minutes\" \/>\n<script type=\"application\/ld+json\" class=\"yoast-schema-graph\">{\"@context\":\"https:\/\/schema.org\",\"@graph\":[{\"@type\":\"WebPage\",\"@id\":\"https:\/\/guide.reassurez-moi.fr\/guide\/assurance-vie\/modele\/lettre-clause-beneficiaire\",\"url\":\"https:\/\/guide.reassurez-moi.fr\/guide\/assurance-vie\/modele\/lettre-clause-beneficiaire\",\"name\":\"Mod\u00e8le de lettre de clause b\u00e9n\u00e9ficiaire d'assurance vie [\u00c0 t\u00e9l\u00e9charger]\",\"isPartOf\":{\"@id\":\"https:\/\/guide.reassurez-moi.fr\/guide\/#website\"},\"primaryImageOfPage\":{\"@id\":\"https:\/\/guide.reassurez-moi.fr\/guide\/assurance-vie\/modele\/lettre-clause-beneficiaire#primaryimage\"},\"image\":{\"@id\":\"https:\/\/guide.reassurez-moi.fr\/guide\/assurance-vie\/modele\/lettre-clause-beneficiaire#primaryimage\"},\"thumbnailUrl\":\"https:\/\/guide.reassurez-moi.fr\/guide\/wp-content\/uploads\/2021\/08\/lettre-modification-clause-beneficiaire-assurance-vie.jpg\",\"datePublished\":\"2021-08-03T13:21:18+00:00\",\"dateModified\":\"2026-02-02T15:25:02+00:00\",\"description\":\"Compl\u00e9tez et t\u00e9l\u00e9chargez votre mod\u00e8le de lettre de modification de clause b\u00e9n\u00e9ficiaire d'assurance vie. \u00c0 t\u00e9l\u00e9charger en PDF - 100 % gratuit.\",\"breadcrumb\":{\"@id\":\"https:\/\/guide.reassurez-moi.fr\/guide\/assurance-vie\/modele\/lettre-clause-beneficiaire#breadcrumb\"},\"inLanguage\":\"fr-FR\",\"potentialAction\":[{\"@type\":\"ReadAction\",\"target\":[\"https:\/\/guide.reassurez-moi.fr\/guide\/assurance-vie\/modele\/lettre-clause-beneficiaire\"]}]},{\"@type\":\"ImageObject\",\"inLanguage\":\"fr-FR\",\"@id\":\"https:\/\/guide.reassurez-moi.fr\/guide\/assurance-vie\/modele\/lettre-clause-beneficiaire#primaryimage\",\"url\":\"https:\/\/guide.reassurez-moi.fr\/guide\/wp-content\/uploads\/2021\/08\/lettre-modification-clause-beneficiaire-assurance-vie.jpg\",\"contentUrl\":\"https:\/\/guide.reassurez-moi.fr\/guide\/wp-content\/uploads\/2021\/08\/lettre-modification-clause-beneficiaire-assurance-vie.jpg\",\"width\":429,\"height\":605,\"caption\":\"lettre modification clause beneficiaire assurance vie\"},{\"@type\":\"BreadcrumbList\",\"@id\":\"https:\/\/guide.reassurez-moi.fr\/guide\/assurance-vie\/modele\/lettre-clause-beneficiaire#breadcrumb\",\"itemListElement\":[{\"@type\":\"ListItem\",\"position\":1,\"name\":\"Assurances\",\"item\":\"https:\/\/guide.reassurez-moi.fr\/guide\/\"},{\"@type\":\"ListItem\",\"position\":2,\"name\":\"Assurance vie\",\"item\":\"https:\/\/guide.reassurez-moi.fr\/guide\/assurance-vie\"},{\"@type\":\"ListItem\",\"position\":3,\"name\":\"Mod\u00e8le\",\"item\":\"https:\/\/guide.reassurez-moi.fr\/guide\/assurance-vie\/modele\"},{\"@type\":\"ListItem\",\"position\":4,\"name\":\"Lettre clause b\u00e9n\u00e9ficiaire\"}]},{\"@type\":\"WebSite\",\"@id\":\"https:\/\/guide.reassurez-moi.fr\/guide\/#website\",\"url\":\"https:\/\/guide.reassurez-moi.fr\/guide\/\",\"name\":\"R\u00e9assurez-moi\",\"description\":\"Comparateur d&#039;assurances\",\"potentialAction\":[{\"@type\":\"SearchAction\",\"target\":{\"@type\":\"EntryPoint\",\"urlTemplate\":\"https:\/\/guide.reassurez-moi.fr\/guide\/?s={search_term_string}\"},\"query-input\":{\"@type\":\"PropertyValueSpecification\",\"valueRequired\":true,\"valueName\":\"search_term_string\"}}],\"inLanguage\":\"fr-FR\"}]}<\/script>\n<!-- \/ Yoast SEO plugin. -->","yoast_head_json":{"title":"Mod\u00e8le de lettre de clause b\u00e9n\u00e9ficiaire d'assurance vie [\u00c0 t\u00e9l\u00e9charger]","description":"Compl\u00e9tez et t\u00e9l\u00e9chargez votre mod\u00e8le de lettre de modification de clause b\u00e9n\u00e9ficiaire d'assurance vie. \u00c0 t\u00e9l\u00e9charger en PDF - 100 % gratuit.","robots":{"index":"index","follow":"follow","max-snippet":"max-snippet:-1","max-image-preview":"max-image-preview:large","max-video-preview":"max-video-preview:-1"},"canonical":"https:\/\/guide.reassurez-moi.fr\/guide\/assurance-vie\/modele\/lettre-clause-beneficiaire","og_locale":"fr_FR","og_type":"article","og_title":"Mod\u00e8le de lettre de clause b\u00e9n\u00e9ficiaire d'assurance vie [\u00c0 t\u00e9l\u00e9charger]","og_description":"Compl\u00e9tez et t\u00e9l\u00e9chargez votre mod\u00e8le de lettre de modification de clause b\u00e9n\u00e9ficiaire d'assurance vie. \u00c0 t\u00e9l\u00e9charger en PDF - 100 % gratuit.","og_url":"https:\/\/guide.reassurez-moi.fr\/guide\/assurance-vie\/modele\/lettre-clause-beneficiaire","og_site_name":"R\u00e9assurez-moi","article_publisher":"https:\/\/www.facebook.com\/R%c3%a9assurez-moi-209456495889479\/","article_modified_time":"2026-02-02T15:25:02+00:00","og_image":[{"url":"https:\/\/guide.reassurez-moi.fr\/guide\/wp-content\/uploads\/2021\/08\/lettre-modification-clause-beneficiaire-assurance-vie.jpg","type":"","width":"","height":""}],"twitter_card":"summary_large_image","twitter_site":"@reassurezmoi","twitter_misc":{"Dur\u00e9e de lecture estim\u00e9e":"2 minutes"},"schema":{"@context":"https:\/\/schema.org","@graph":[{"@type":"WebPage","@id":"https:\/\/guide.reassurez-moi.fr\/guide\/assurance-vie\/modele\/lettre-clause-beneficiaire","url":"https:\/\/guide.reassurez-moi.fr\/guide\/assurance-vie\/modele\/lettre-clause-beneficiaire","name":"Mod\u00e8le de lettre de clause b\u00e9n\u00e9ficiaire d'assurance vie [\u00c0 t\u00e9l\u00e9charger]","isPartOf":{"@id":"https:\/\/guide.reassurez-moi.fr\/guide\/#website"},"primaryImageOfPage":{"@id":"https:\/\/guide.reassurez-moi.fr\/guide\/assurance-vie\/modele\/lettre-clause-beneficiaire#primaryimage"},"image":{"@id":"https:\/\/guide.reassurez-moi.fr\/guide\/assurance-vie\/modele\/lettre-clause-beneficiaire#primaryimage"},"thumbnailUrl":"https:\/\/guide.reassurez-moi.fr\/guide\/wp-content\/uploads\/2021\/08\/lettre-modification-clause-beneficiaire-assurance-vie.jpg","datePublished":"2021-08-03T13:21:18+00:00","dateModified":"2026-02-02T15:25:02+00:00","description":"Compl\u00e9tez et t\u00e9l\u00e9chargez votre mod\u00e8le de lettre de modification de clause b\u00e9n\u00e9ficiaire d'assurance vie. \u00c0 t\u00e9l\u00e9charger en PDF - 100 % gratuit.","breadcrumb":{"@id":"https:\/\/guide.reassurez-moi.fr\/guide\/assurance-vie\/modele\/lettre-clause-beneficiaire#breadcrumb"},"inLanguage":"fr-FR","potentialAction":[{"@type":"ReadAction","target":["https:\/\/guide.reassurez-moi.fr\/guide\/assurance-vie\/modele\/lettre-clause-beneficiaire"]}]},{"@type":"ImageObject","inLanguage":"fr-FR","@id":"https:\/\/guide.reassurez-moi.fr\/guide\/assurance-vie\/modele\/lettre-clause-beneficiaire#primaryimage","url":"https:\/\/guide.reassurez-moi.fr\/guide\/wp-content\/uploads\/2021\/08\/lettre-modification-clause-beneficiaire-assurance-vie.jpg","contentUrl":"https:\/\/guide.reassurez-moi.fr\/guide\/wp-content\/uploads\/2021\/08\/lettre-modification-clause-beneficiaire-assurance-vie.jpg","width":429,"height":605,"caption":"lettre modification clause beneficiaire assurance vie"},{"@type":"BreadcrumbList","@id":"https:\/\/guide.reassurez-moi.fr\/guide\/assurance-vie\/modele\/lettre-clause-beneficiaire#breadcrumb","itemListElement":[{"@type":"ListItem","position":1,"name":"Assurances","item":"https:\/\/guide.reassurez-moi.fr\/guide\/"},{"@type":"ListItem","position":2,"name":"Assurance vie","item":"https:\/\/guide.reassurez-moi.fr\/guide\/assurance-vie"},{"@type":"ListItem","position":3,"name":"Mod\u00e8le","item":"https:\/\/guide.reassurez-moi.fr\/guide\/assurance-vie\/modele"},{"@type":"ListItem","position":4,"name":"Lettre clause b\u00e9n\u00e9ficiaire"}]},{"@type":"WebSite","@id":"https:\/\/guide.reassurez-moi.fr\/guide\/#website","url":"https:\/\/guide.reassurez-moi.fr\/guide\/","name":"R\u00e9assurez-moi","description":"Comparateur d&#039;assurances","potentialAction":[{"@type":"SearchAction","target":{"@type":"EntryPoint","urlTemplate":"https:\/\/guide.reassurez-moi.fr\/guide\/?s={search_term_string}"},"query-input":{"@type":"PropertyValueSpecification","valueRequired":true,"valueName":"search_term_string"}}],"inLanguage":"fr-FR"}]}},"acf":[],"_links":{"self":[{"href":"https:\/\/guide.reassurez-moi.fr\/guide\/wp-json\/wp\/v2\/pages\/163866","targetHints":{"allow":["GET"]}}],"collection":[{"href":"https:\/\/guide.reassurez-moi.fr\/guide\/wp-json\/wp\/v2\/pages"}],"about":[{"href":"https:\/\/guide.reassurez-moi.fr\/guide\/wp-json\/wp\/v2\/types\/page"}],"author":[{"embeddable":true,"href":"https:\/\/guide.reassurez-moi.fr\/guide\/wp-json\/wp\/v2\/users\/86"}],"replies":[{"embeddable":true,"href":"https:\/\/guide.reassurez-moi.fr\/guide\/wp-json\/wp\/v2\/comments?post=163866"}],"version-history":[{"count":1,"href":"https:\/\/guide.reassurez-moi.fr\/guide\/wp-json\/wp\/v2\/pages\/163866\/revisions"}],"predecessor-version":[{"id":216196,"href":"https:\/\/guide.reassurez-moi.fr\/guide\/wp-json\/wp\/v2\/pages\/163866\/revisions\/216196"}],"up":[{"embeddable":true,"href":"https:\/\/guide.reassurez-moi.fr\/guide\/wp-json\/wp\/v2\/pages\/163767"}],"wp:attachment":[{"href":"https:\/\/guide.reassurez-moi.fr\/guide\/wp-json\/wp\/v2\/media?parent=163866"}],"wp:term":[{"taxonomy":"category","embeddable":true,"href":"https:\/\/guide.reassurez-moi.fr\/guide\/wp-json\/wp\/v2\/categories?post=163866"},{"taxonomy":"page_topic","embeddable":true,"href":"https:\/\/guide.reassurez-moi.fr\/guide\/wp-json\/wp\/v2\/page_topic?post=163866"}],"curies":[{"name":"wp","href":"https:\/\/api.w.org\/{rel}","templated":true}]}}