{"id":164191,"date":"2021-08-06T18:28:25","date_gmt":"2021-08-06T16:28:25","guid":{"rendered":"https:\/\/reassurez-moi.fr\/guide\/?page_id=164191"},"modified":"2026-02-02T16:37:53","modified_gmt":"2026-02-02T15:37:53","slug":"resiliation-destruction-vehicule","status":"publish","type":"page","link":"https:\/\/guide.reassurez-moi.fr\/guide\/assurance-auto\/modele\/resiliation-destruction-vehicule","title":{"rendered":"Assurance auto &#8211; Mod\u00e8le &#8211; Lettre r\u00e9siliation destruction"},"content":{"rendered":"\n<h1 class=\"wp-block-heading\">Notre mod\u00e8le de lettre de r\u00e9siliation de l&rsquo;assurance auto suite \u00e0 la destruction du v\u00e9hicule<\/h1>\n\n\n\n<p><strong>La destruction d&rsquo;un v\u00e9hicule est une des raisons permettant la r\u00e9siliation de votre assurance auto, hors \u00e9ch\u00e9ance. Ainsi, si votre v\u00e9hicule est hors d&rsquo;usage et vou\u00e9 \u00e0 la destruction, vous devrez en informer votre assureur afin qu&rsquo;il r\u00e9silie votre assurance auto. Quelles d\u00e9marches effectuer ? R\u00e9ponses et conseils !<\/strong><\/p>\n\n\n\n<h2 class=\"has-text-align-left wp-block-heading\">Lettre de r\u00e9siliation d&rsquo;assurance auto pour destruction<\/h2>\n\n\n\n<div class=\"wp-block-image\"><figure class=\"aligncenter size-full\"><a href=\"https:\/\/guide.reassurez-moi.fr\/guide\/wp-content\/uploads\/2021\/08\/Lettre-resiliation-assurance-auto-destruction.pdf\"><img loading=\"lazy\" decoding=\"async\" width=\"212\" height=\"298\" src=\"https:\/\/guide.reassurez-moi.fr\/guide\/wp-content\/uploads\/2021\/08\/lettre-resiliation-assurance-auto-destruction-1.jpg\" alt=\"lettre resiliation assurance auto destruction 1\" class=\"wp-image-164197\"\/><\/a><\/figure><\/div>\n\n\n\n<ul class=\"is-style-arrow-right wp-block-list\"><li><a href=\"https:\/\/guide.reassurez-moi.fr\/guide\/wp-content\/uploads\/2021\/08\/Lettre-resiliation-assurance-auto-destruction.pdf\">T\u00e9l\u00e9charger notre mod\u00e8le de lettre de r\u00e9siliation de l&rsquo;assurance auto pour destruction<\/a><\/li><\/ul>\n\n\n\n<div class=\"wp-block-mars-information icon-check\"><i class=\"icon\"><\/i><p>Ce mod\u00e8le de lettre pour l&rsquo;assurance auto a \u00e9t\u00e9 certifi\u00e9 par les \u00e9quipes juridiques de R\u00e9assurez-moi. <\/p><\/div>\n\n\n\n\n\n<h2 class=\"wp-block-heading\">Comment peut-on r\u00e9silier son assurance auto en cas de destruction du v\u00e9hicule ?<\/h2>\n\n\n\n<p><strong>Vous avez \u00e9t\u00e9 victime d&rsquo;un accident et votre voiture est bonne pour la casse ?<\/strong> Des intemp\u00e9ries sont venues endommag\u00e9es votre v\u00e9hicule, au point de le rendre hors d&rsquo;usage ? Votre voiture ne roule plus et les r\u00e9parations ne valent pas la peine ? <\/p>\n\n\n\n<p><strong>Dans ces diff\u00e9rents cas de figure, votre voiture n&rsquo;a plus raison d&rsquo;\u00eatre assur\u00e9e car vous ne pouvez plus vous en servir. <\/strong>On parle alors de destruction du v\u00e9hicule. Ainsi, vous pouvez demander \u00e0 votre assureur auto de r\u00e9silier votre contrat, sans avoir \u00e0 attendre l&rsquo;\u00e9ch\u00e9ance de votre contrat. <\/p>\n\n\n\n<p><strong>D\u00e8s lors que votre voiture est consid\u00e9r\u00e9e hors service, alors vous pouvez envoyer \u00e0 votre assureur la lettre de r\u00e9siliation<\/strong> et votre souhait de <a href=\"https:\/\/reassurez-moi.fr\/guide\/assurance-auto\/resilier\">r\u00e9silier votre assurance auto<\/a> dans les 10 jours suivants la destruction. <\/p>\n\n\n\n<p><strong>Vous devrez joindre \u00e0 votre courrier certains \u00e9l\u00e9ments,<\/strong> attestant la destruction de votre v\u00e9hicule. Il peut s&rsquo;agir de : <\/p>\n\n\n\n<ul class=\"wp-block-list\"><li>le certificat de destruction, <\/li><li>la carte grise de votre v\u00e9hicule avec la mention \u00ab\u00a0v\u00e9hicule d\u00e9truit\u00a0\u00bb.<\/li><\/ul>\n\n\n\n<p>Votre assureur devra vous rembourser vos cotisations pay\u00e9es en avance, au prorata du montant non utilis\u00e9. <\/p>\n\n\n\n<p><strong>Si vous souhaitez vous \u00e9quiper d&rsquo;un nouveau v\u00e9hicule, cela peut \u00eatre l&rsquo;occasion de <a href=\"https:\/\/reassurez-moi.fr\/guide\/assurance-auto\/changer\">changer d&rsquo;assureur auto<\/a>. <\/strong>De nouvelles offres sont disponibles sur le march\u00e9, proposant un rapport prix\/garanties toujours plus int\u00e9ressant. Gr\u00e2ce \u00e0 notre comparateur d&rsquo;assurances auto, trouvez les meilleures offres du march\u00e9 et souscrivez directement en ligne votre nouvelle assurance. <\/p>\n\n\n\n<div class=\"wp-block-rm-advertizing-block fix-in-sidebar advertising-block-sidebar-item\">\n    <div class=\"image-container flex justify-center align-items-center\">\n        <img decoding=\"async\" src=\"https:\/\/guide.reassurez-moi.fr\/guide\/wp-content\/uploads\/2025\/06\/team_opti_short.png\"\n             alt=\"reassurez-moi illustration\"\n             class=\"wp-block-rm-advertizing-image\"\n             loading=\"lazy\"\n        \/>\n    <\/div>\n    <div class=\"rm-advertblock-container flex flex-column justify-center align-items-start\">\n        <p class=\"wp-block-rm-advertizing-text\">\n            Assurance auto\n        <\/p>\n        <p class=\"wp-block-rm-advertizing-sub-text\">\n            les meilleures offres 2026\n        <\/p>\n        <a\n            href=\"https:\/\/reassurez-moi.fr\/guide\/assurance-auto\"\n            class=\"wp-block-rm-advertizing-button\"\n        >\n            <span class=\"wp-block-rm-advertizing-button-text\">\n                Comparer\n            <\/span>\n            <span class=\"wp-block-rm-advertizing-button-sub-text\">\n                les assurances auto\n            <\/span>\n        <\/a>\n    <\/div>\n<\/div>\n\n\n\n<div style=\"height:100px\" aria-hidden=\"true\" class=\"wp-block-spacer\"><\/div>\n","protected":false},"excerpt":{"rendered":"<p>Notre mod\u00e8le de lettre de r\u00e9siliation de l&rsquo;assurance auto suite \u00e0 la destruction du v\u00e9hicule La destruction d&rsquo;un v\u00e9hicule est une des raisons permettant la r\u00e9siliation de votre assurance auto, hors \u00e9ch\u00e9ance. Ainsi, si votre v\u00e9hicule est hors d&rsquo;usage et vou\u00e9 \u00e0 la destruction, vous devrez en informer votre assureur afin qu&rsquo;il r\u00e9silie votre assurance\u2026<\/p>\n","protected":false},"author":86,"featured_media":0,"parent":147441,"menu_order":0,"comment_status":"open","ping_status":"closed","template":"","meta":{"_acf_changed":false,"footnotes":""},"categories":[],"page_topic":[564],"class_list":["post-164191","page","type-page","status-publish","hentry"],"yoast_head":"<!-- This site is optimized with the Yoast SEO plugin v24.7 - https:\/\/yoast.com\/wordpress\/plugins\/seo\/ -->\n<title>Lettre de r\u00e9siliation d&#039;assurance auto pour destruction - Mod\u00e8le gratuit<\/title>\n<meta name=\"description\" content=\"T\u00e9l\u00e9charger la lettre de r\u00e9siliation de l&#039;assurance auto suite \u00e0 la destruction d&#039;un v\u00e9hicule. D\u00e9tails des documents \u00e0 joindre \u00e0 la la lettre\" \/>\n<meta name=\"robots\" content=\"index, follow, max-snippet:-1, max-image-preview:large, max-video-preview:-1\" \/>\n<link rel=\"canonical\" href=\"https:\/\/guide.reassurez-moi.fr\/guide\/assurance-auto\/modele\/resiliation-destruction-vehicule\" \/>\n<meta property=\"og:locale\" content=\"fr_FR\" \/>\n<meta property=\"og:type\" content=\"article\" \/>\n<meta property=\"og:title\" content=\"Lettre de r\u00e9siliation d&#039;assurance auto pour destruction - Mod\u00e8le gratuit\" \/>\n<meta property=\"og:description\" content=\"T\u00e9l\u00e9charger la lettre de r\u00e9siliation de l&#039;assurance auto suite \u00e0 la destruction d&#039;un v\u00e9hicule. D\u00e9tails des documents \u00e0 joindre \u00e0 la la lettre\" \/>\n<meta property=\"og:url\" content=\"https:\/\/guide.reassurez-moi.fr\/guide\/assurance-auto\/modele\/resiliation-destruction-vehicule\" \/>\n<meta property=\"og:site_name\" content=\"R\u00e9assurez-moi\" \/>\n<meta property=\"article:publisher\" content=\"https:\/\/www.facebook.com\/R%c3%a9assurez-moi-209456495889479\/\" \/>\n<meta property=\"article:modified_time\" content=\"2026-02-02T15:37:53+00:00\" \/>\n<meta property=\"og:image\" content=\"https:\/\/guide.reassurez-moi.fr\/guide\/wp-content\/uploads\/2021\/08\/lettre-resiliation-assurance-auto-destruction-1.jpg\" \/>\n<meta name=\"twitter:card\" content=\"summary_large_image\" \/>\n<meta name=\"twitter:site\" content=\"@reassurezmoi\" \/>\n<meta name=\"twitter:label1\" content=\"Dur\u00e9e de lecture estim\u00e9e\" \/>\n\t<meta name=\"twitter:data1\" content=\"2 minutes\" \/>\n<script type=\"application\/ld+json\" class=\"yoast-schema-graph\">{\"@context\":\"https:\/\/schema.org\",\"@graph\":[{\"@type\":\"WebPage\",\"@id\":\"https:\/\/guide.reassurez-moi.fr\/guide\/assurance-auto\/modele\/resiliation-destruction-vehicule\",\"url\":\"https:\/\/guide.reassurez-moi.fr\/guide\/assurance-auto\/modele\/resiliation-destruction-vehicule\",\"name\":\"Lettre de r\u00e9siliation d'assurance auto pour destruction - Mod\u00e8le gratuit\",\"isPartOf\":{\"@id\":\"https:\/\/guide.reassurez-moi.fr\/guide\/#website\"},\"primaryImageOfPage\":{\"@id\":\"https:\/\/guide.reassurez-moi.fr\/guide\/assurance-auto\/modele\/resiliation-destruction-vehicule#primaryimage\"},\"image\":{\"@id\":\"https:\/\/guide.reassurez-moi.fr\/guide\/assurance-auto\/modele\/resiliation-destruction-vehicule#primaryimage\"},\"thumbnailUrl\":\"https:\/\/guide.reassurez-moi.fr\/guide\/wp-content\/uploads\/2021\/08\/lettre-resiliation-assurance-auto-destruction-1.jpg\",\"datePublished\":\"2021-08-06T16:28:25+00:00\",\"dateModified\":\"2026-02-02T15:37:53+00:00\",\"description\":\"T\u00e9l\u00e9charger la lettre de r\u00e9siliation de l'assurance auto suite \u00e0 la destruction d'un v\u00e9hicule. D\u00e9tails des documents \u00e0 joindre \u00e0 la la lettre\",\"breadcrumb\":{\"@id\":\"https:\/\/guide.reassurez-moi.fr\/guide\/assurance-auto\/modele\/resiliation-destruction-vehicule#breadcrumb\"},\"inLanguage\":\"fr-FR\",\"potentialAction\":[{\"@type\":\"ReadAction\",\"target\":[\"https:\/\/guide.reassurez-moi.fr\/guide\/assurance-auto\/modele\/resiliation-destruction-vehicule\"]}]},{\"@type\":\"ImageObject\",\"inLanguage\":\"fr-FR\",\"@id\":\"https:\/\/guide.reassurez-moi.fr\/guide\/assurance-auto\/modele\/resiliation-destruction-vehicule#primaryimage\",\"url\":\"https:\/\/guide.reassurez-moi.fr\/guide\/wp-content\/uploads\/2021\/08\/lettre-resiliation-assurance-auto-destruction-1.jpg\",\"contentUrl\":\"https:\/\/guide.reassurez-moi.fr\/guide\/wp-content\/uploads\/2021\/08\/lettre-resiliation-assurance-auto-destruction-1.jpg\",\"width\":212,\"height\":298,\"caption\":\"lettre resiliation assurance auto destruction 1\"},{\"@type\":\"BreadcrumbList\",\"@id\":\"https:\/\/guide.reassurez-moi.fr\/guide\/assurance-auto\/modele\/resiliation-destruction-vehicule#breadcrumb\",\"itemListElement\":[{\"@type\":\"ListItem\",\"position\":1,\"name\":\"Assurances\",\"item\":\"https:\/\/guide.reassurez-moi.fr\/guide\/\"},{\"@type\":\"ListItem\",\"position\":2,\"name\":\"Assurance auto\",\"item\":\"https:\/\/guide.reassurez-moi.fr\/guide\/assurance-auto\"},{\"@type\":\"ListItem\",\"position\":3,\"name\":\"Mod\u00e8le\",\"item\":\"https:\/\/guide.reassurez-moi.fr\/guide\/assurance-auto\/modele\"},{\"@type\":\"ListItem\",\"position\":4,\"name\":\"R\u00e9siliation pour destruction du v\u00e9hicule\"}]},{\"@type\":\"WebSite\",\"@id\":\"https:\/\/guide.reassurez-moi.fr\/guide\/#website\",\"url\":\"https:\/\/guide.reassurez-moi.fr\/guide\/\",\"name\":\"R\u00e9assurez-moi\",\"description\":\"Comparateur d&#039;assurances\",\"potentialAction\":[{\"@type\":\"SearchAction\",\"target\":{\"@type\":\"EntryPoint\",\"urlTemplate\":\"https:\/\/guide.reassurez-moi.fr\/guide\/?s={search_term_string}\"},\"query-input\":{\"@type\":\"PropertyValueSpecification\",\"valueRequired\":true,\"valueName\":\"search_term_string\"}}],\"inLanguage\":\"fr-FR\"}]}<\/script>\n<!-- \/ Yoast SEO plugin. -->","yoast_head_json":{"title":"Lettre de r\u00e9siliation d'assurance auto pour destruction - Mod\u00e8le gratuit","description":"T\u00e9l\u00e9charger la lettre de r\u00e9siliation de l'assurance auto suite \u00e0 la destruction d'un v\u00e9hicule. D\u00e9tails des documents \u00e0 joindre \u00e0 la la lettre","robots":{"index":"index","follow":"follow","max-snippet":"max-snippet:-1","max-image-preview":"max-image-preview:large","max-video-preview":"max-video-preview:-1"},"canonical":"https:\/\/guide.reassurez-moi.fr\/guide\/assurance-auto\/modele\/resiliation-destruction-vehicule","og_locale":"fr_FR","og_type":"article","og_title":"Lettre de r\u00e9siliation d'assurance auto pour destruction - Mod\u00e8le gratuit","og_description":"T\u00e9l\u00e9charger la lettre de r\u00e9siliation de l'assurance auto suite \u00e0 la destruction d'un v\u00e9hicule. D\u00e9tails des documents \u00e0 joindre \u00e0 la la lettre","og_url":"https:\/\/guide.reassurez-moi.fr\/guide\/assurance-auto\/modele\/resiliation-destruction-vehicule","og_site_name":"R\u00e9assurez-moi","article_publisher":"https:\/\/www.facebook.com\/R%c3%a9assurez-moi-209456495889479\/","article_modified_time":"2026-02-02T15:37:53+00:00","og_image":[{"url":"https:\/\/guide.reassurez-moi.fr\/guide\/wp-content\/uploads\/2021\/08\/lettre-resiliation-assurance-auto-destruction-1.jpg","type":"","width":"","height":""}],"twitter_card":"summary_large_image","twitter_site":"@reassurezmoi","twitter_misc":{"Dur\u00e9e de lecture estim\u00e9e":"2 minutes"},"schema":{"@context":"https:\/\/schema.org","@graph":[{"@type":"WebPage","@id":"https:\/\/guide.reassurez-moi.fr\/guide\/assurance-auto\/modele\/resiliation-destruction-vehicule","url":"https:\/\/guide.reassurez-moi.fr\/guide\/assurance-auto\/modele\/resiliation-destruction-vehicule","name":"Lettre de r\u00e9siliation d'assurance auto pour destruction - Mod\u00e8le gratuit","isPartOf":{"@id":"https:\/\/guide.reassurez-moi.fr\/guide\/#website"},"primaryImageOfPage":{"@id":"https:\/\/guide.reassurez-moi.fr\/guide\/assurance-auto\/modele\/resiliation-destruction-vehicule#primaryimage"},"image":{"@id":"https:\/\/guide.reassurez-moi.fr\/guide\/assurance-auto\/modele\/resiliation-destruction-vehicule#primaryimage"},"thumbnailUrl":"https:\/\/guide.reassurez-moi.fr\/guide\/wp-content\/uploads\/2021\/08\/lettre-resiliation-assurance-auto-destruction-1.jpg","datePublished":"2021-08-06T16:28:25+00:00","dateModified":"2026-02-02T15:37:53+00:00","description":"T\u00e9l\u00e9charger la lettre de r\u00e9siliation de l'assurance auto suite \u00e0 la destruction d'un v\u00e9hicule. D\u00e9tails des documents \u00e0 joindre \u00e0 la la lettre","breadcrumb":{"@id":"https:\/\/guide.reassurez-moi.fr\/guide\/assurance-auto\/modele\/resiliation-destruction-vehicule#breadcrumb"},"inLanguage":"fr-FR","potentialAction":[{"@type":"ReadAction","target":["https:\/\/guide.reassurez-moi.fr\/guide\/assurance-auto\/modele\/resiliation-destruction-vehicule"]}]},{"@type":"ImageObject","inLanguage":"fr-FR","@id":"https:\/\/guide.reassurez-moi.fr\/guide\/assurance-auto\/modele\/resiliation-destruction-vehicule#primaryimage","url":"https:\/\/guide.reassurez-moi.fr\/guide\/wp-content\/uploads\/2021\/08\/lettre-resiliation-assurance-auto-destruction-1.jpg","contentUrl":"https:\/\/guide.reassurez-moi.fr\/guide\/wp-content\/uploads\/2021\/08\/lettre-resiliation-assurance-auto-destruction-1.jpg","width":212,"height":298,"caption":"lettre resiliation assurance auto destruction 1"},{"@type":"BreadcrumbList","@id":"https:\/\/guide.reassurez-moi.fr\/guide\/assurance-auto\/modele\/resiliation-destruction-vehicule#breadcrumb","itemListElement":[{"@type":"ListItem","position":1,"name":"Assurances","item":"https:\/\/guide.reassurez-moi.fr\/guide\/"},{"@type":"ListItem","position":2,"name":"Assurance auto","item":"https:\/\/guide.reassurez-moi.fr\/guide\/assurance-auto"},{"@type":"ListItem","position":3,"name":"Mod\u00e8le","item":"https:\/\/guide.reassurez-moi.fr\/guide\/assurance-auto\/modele"},{"@type":"ListItem","position":4,"name":"R\u00e9siliation pour destruction du v\u00e9hicule"}]},{"@type":"WebSite","@id":"https:\/\/guide.reassurez-moi.fr\/guide\/#website","url":"https:\/\/guide.reassurez-moi.fr\/guide\/","name":"R\u00e9assurez-moi","description":"Comparateur d&#039;assurances","potentialAction":[{"@type":"SearchAction","target":{"@type":"EntryPoint","urlTemplate":"https:\/\/guide.reassurez-moi.fr\/guide\/?s={search_term_string}"},"query-input":{"@type":"PropertyValueSpecification","valueRequired":true,"valueName":"search_term_string"}}],"inLanguage":"fr-FR"}]}},"acf":[],"_links":{"self":[{"href":"https:\/\/guide.reassurez-moi.fr\/guide\/wp-json\/wp\/v2\/pages\/164191","targetHints":{"allow":["GET"]}}],"collection":[{"href":"https:\/\/guide.reassurez-moi.fr\/guide\/wp-json\/wp\/v2\/pages"}],"about":[{"href":"https:\/\/guide.reassurez-moi.fr\/guide\/wp-json\/wp\/v2\/types\/page"}],"author":[{"embeddable":true,"href":"https:\/\/guide.reassurez-moi.fr\/guide\/wp-json\/wp\/v2\/users\/86"}],"replies":[{"embeddable":true,"href":"https:\/\/guide.reassurez-moi.fr\/guide\/wp-json\/wp\/v2\/comments?post=164191"}],"version-history":[{"count":1,"href":"https:\/\/guide.reassurez-moi.fr\/guide\/wp-json\/wp\/v2\/pages\/164191\/revisions"}],"predecessor-version":[{"id":216417,"href":"https:\/\/guide.reassurez-moi.fr\/guide\/wp-json\/wp\/v2\/pages\/164191\/revisions\/216417"}],"up":[{"embeddable":true,"href":"https:\/\/guide.reassurez-moi.fr\/guide\/wp-json\/wp\/v2\/pages\/147441"}],"wp:attachment":[{"href":"https:\/\/guide.reassurez-moi.fr\/guide\/wp-json\/wp\/v2\/media?parent=164191"}],"wp:term":[{"taxonomy":"category","embeddable":true,"href":"https:\/\/guide.reassurez-moi.fr\/guide\/wp-json\/wp\/v2\/categories?post=164191"},{"taxonomy":"page_topic","embeddable":true,"href":"https:\/\/guide.reassurez-moi.fr\/guide\/wp-json\/wp\/v2\/page_topic?post=164191"}],"curies":[{"name":"wp","href":"https:\/\/api.w.org\/{rel}","templated":true}]}}