{"id":164203,"date":"2021-08-06T22:03:33","date_gmt":"2021-08-06T20:03:33","guid":{"rendered":"https:\/\/reassurez-moi.fr\/guide\/?page_id=164203"},"modified":"2026-02-02T16:37:52","modified_gmt":"2026-02-02T15:37:52","slug":"resiliation-vente","status":"publish","type":"page","link":"https:\/\/guide.reassurez-moi.fr\/guide\/assurance-auto\/modele\/resiliation-vente","title":{"rendered":"Assurance auto &#8211; Mod\u00e8le &#8211; Lettre r\u00e9siliation assurance auto vente"},"content":{"rendered":"\n<h1 class=\"wp-block-heading\">Mod\u00e8le de lettre de r\u00e9siliation assurance auto pour vente<\/h1>\n\n\n\n<p><strong>En cas de vente de votre v\u00e9hicule, il convient de r\u00e9silier votre assurance auto afin de ne pas payer une couverture dont vous n&rsquo;avez plus besoin. En effet, cela sera au nouveau propri\u00e9taire d&rsquo;assurer le v\u00e9hicule et son usage. <\/strong><\/p>\n\n\n\n<h2 class=\"wp-block-heading\">Notre lettre de r\u00e9siliation d&rsquo;assurance auto suite \u00e0 la vente du v\u00e9hicule <\/h2>\n\n\n\n<div class=\"wp-block-image\"><figure class=\"aligncenter size-full\"><a href=\"https:\/\/guide.reassurez-moi.fr\/guide\/wp-content\/uploads\/2021\/08\/Lettre-re\u0301siliation-assurance-auto-vente.pdf\"><img loading=\"lazy\" decoding=\"async\" width=\"338\" height=\"477\" src=\"https:\/\/guide.reassurez-moi.fr\/guide\/wp-content\/uploads\/2021\/08\/lettre-resiliation-assurance-vente-vehicule.jpg\" alt=\"lettre resiliation assurance vente vehicule\" class=\"wp-image-164205\" srcset=\"https:\/\/guide.reassurez-moi.fr\/guide\/wp-content\/uploads\/2021\/08\/lettre-resiliation-assurance-vente-vehicule.jpg 338w, https:\/\/guide.reassurez-moi.fr\/guide\/wp-content\/uploads\/2021\/08\/lettre-resiliation-assurance-vente-vehicule-213x300.jpg 213w\" sizes=\"auto, (max-width: 338px) 100vw, 338px\" \/><\/a><\/figure><\/div>\n\n\n\n<ul class=\"is-style-arrow-right wp-block-list\"><li><a href=\"https:\/\/guide.reassurez-moi.fr\/guide\/wp-content\/uploads\/2021\/08\/Lettre-re\u0301siliation-assurance-auto-vente.pdf\">T\u00e9l\u00e9charger notre mod\u00e8le de lettre de r\u00e9siliation assurance auto pour vente<\/a><\/li><\/ul>\n\n\n\n<div class=\"wp-block-mars-information icon-check\"><i class=\"icon\"><\/i><p>Cette lettre de r\u00e9siliation suite \u00e0 la vente de votre v\u00e9hicule a \u00e9t\u00e9 certifi\u00e9e par notre d\u00e9partement juridique.  <\/p><\/div>\n\n\n\n<div style=\"height:100px\" aria-hidden=\"true\" class=\"wp-block-spacer\"><\/div>\n\n\n\n<h2 class=\"wp-block-heading\">Quelle est la proc\u00e9dure pour r\u00e9silier son assurance auto en cas de vente du v\u00e9hicule ? <\/h2>\n\n\n\n<p><strong>En cas de vente ou <a href=\"https:\/\/reassurez-moi.fr\/guide\/assurance-auto\/cession\">cession de votre v\u00e9hicule<\/a>, <\/strong>que vous ayez dans l&rsquo;id\u00e9e d&rsquo;acheter un nouveau v\u00e9hicule ou non, vous devrez pr\u00e9venir votre assureur auto. La vente de votre voiture est une raisons permettant de r\u00e9silier son assurance auto hors \u00e9ch\u00e9ance (avant le terme du contrat). <\/p>\n\n\n\n<p><strong>D\u00e8s lors que votre v\u00e9hicule n&rsquo;est plus en possession,<\/strong> il vous faudra en informer votre assureur. N&rsquo;oubliez pas de joindre \u00e0 votre lettre de r\u00e9siliation la preuve de vente ou cession de votre v\u00e9hicule. <\/p>\n\n\n\n<p><strong>La <a href=\"https:\/\/reassurez-moi.fr\/guide\/assurance-auto\/resilier\">r\u00e9siliation de votre assurance auto<\/a> suite \u00e0 la vente du v\u00e9hicule sera effective<\/strong> r\u00e9troactivement d\u00e8s le soir de la vente \u00e0 minuit. En cas de cotisations pay\u00e9es d&rsquo;avance, elles vous seront rembours\u00e9es par votre assureur auto. <\/p>\n\n\n\n<p><strong>Si vous avez vendu votre voiture pour vous \u00e9quiper d&rsquo;un nouveau mod\u00e8le, c&rsquo;est l&rsquo;occasion de remettre en concurrence votre assurance auto. <\/strong>Le march\u00e9 s&rsquo;est grandement diversifi\u00e9 et de nouvelles offres comp\u00e9titives sont d\u00e9sormais accessibles. Gr\u00e2ce \u00e0 notre comparateur d&rsquo;assurances auto, trouvez le meilleur contrat pour votre nouveau v\u00e9hicule ! <\/p>\n\n\n\n<p> <\/p>\n\n\n\n<div class=\"wp-block-rm-advertizing-block fix-in-sidebar advertising-block-sidebar-item\">\n    <div class=\"image-container flex justify-center align-items-center\">\n        <img decoding=\"async\" src=\"https:\/\/guide.reassurez-moi.fr\/guide\/wp-content\/uploads\/2025\/06\/team_opti_short.png\"\n             alt=\"reassurez-moi illustration\"\n             class=\"wp-block-rm-advertizing-image\"\n             loading=\"lazy\"\n        \/>\n    <\/div>\n    <div class=\"rm-advertblock-container flex flex-column justify-center align-items-start\">\n        <p class=\"wp-block-rm-advertizing-text\">\n            Assurance auto\n        <\/p>\n        <p class=\"wp-block-rm-advertizing-sub-text\">\n            les meilleures offres 2026\n        <\/p>\n        <a\n            href=\"https:\/\/reassurez-moi.fr\/guide\/assurance-auto\"\n            class=\"wp-block-rm-advertizing-button\"\n        >\n            <span class=\"wp-block-rm-advertizing-button-text\">\n                Comparer\n            <\/span>\n            <span class=\"wp-block-rm-advertizing-button-sub-text\">\n                les assurances auto\n            <\/span>\n        <\/a>\n    <\/div>\n<\/div>\n\n\n\n<div style=\"height:100px\" aria-hidden=\"true\" class=\"wp-block-spacer\"><\/div>\n","protected":false},"excerpt":{"rendered":"<p>Mod\u00e8le de lettre de r\u00e9siliation assurance auto pour vente En cas de vente de votre v\u00e9hicule, il convient de r\u00e9silier votre assurance auto afin de ne pas payer une couverture dont vous n&rsquo;avez plus besoin. En effet, cela sera au nouveau propri\u00e9taire d&rsquo;assurer le v\u00e9hicule et son usage. Notre lettre de r\u00e9siliation d&rsquo;assurance auto suite\u2026<\/p>\n","protected":false},"author":86,"featured_media":0,"parent":147441,"menu_order":0,"comment_status":"open","ping_status":"closed","template":"","meta":{"_acf_changed":false,"footnotes":""},"categories":[],"page_topic":[564],"class_list":["post-164203","page","type-page","status-publish","hentry"],"yoast_head":"<!-- This site is optimized with the Yoast SEO plugin v24.7 - https:\/\/yoast.com\/wordpress\/plugins\/seo\/ -->\n<title>Mod\u00e8le de lettre de r\u00e9siliation assurance auto pour vente<\/title>\n<meta name=\"description\" content=\"T\u00e9l\u00e9charger notre mod\u00e8le de lettre de r\u00e9siliation en cas de vente de votre v\u00e9hicule. Conseils pour r\u00e9silier dans les d\u00e9lais votre assurance\" \/>\n<meta name=\"robots\" content=\"index, follow, max-snippet:-1, max-image-preview:large, max-video-preview:-1\" \/>\n<link rel=\"canonical\" href=\"https:\/\/guide.reassurez-moi.fr\/guide\/assurance-auto\/modele\/resiliation-vente\" \/>\n<meta property=\"og:locale\" content=\"fr_FR\" \/>\n<meta property=\"og:type\" content=\"article\" \/>\n<meta property=\"og:title\" content=\"Mod\u00e8le de lettre de r\u00e9siliation assurance auto pour vente\" \/>\n<meta property=\"og:description\" content=\"T\u00e9l\u00e9charger notre mod\u00e8le de lettre de r\u00e9siliation en cas de vente de votre v\u00e9hicule. Conseils pour r\u00e9silier dans les d\u00e9lais votre assurance\" \/>\n<meta property=\"og:url\" content=\"https:\/\/guide.reassurez-moi.fr\/guide\/assurance-auto\/modele\/resiliation-vente\" \/>\n<meta property=\"og:site_name\" content=\"R\u00e9assurez-moi\" \/>\n<meta property=\"article:publisher\" content=\"https:\/\/www.facebook.com\/R%c3%a9assurez-moi-209456495889479\/\" \/>\n<meta property=\"article:modified_time\" content=\"2026-02-02T15:37:52+00:00\" \/>\n<meta property=\"og:image\" content=\"https:\/\/guide.reassurez-moi.fr\/guide\/wp-content\/uploads\/2021\/08\/lettre-resiliation-assurance-vente-vehicule.jpg\" \/>\n<meta name=\"twitter:card\" content=\"summary_large_image\" \/>\n<meta name=\"twitter:site\" content=\"@reassurezmoi\" \/>\n<meta name=\"twitter:label1\" content=\"Dur\u00e9e de lecture estim\u00e9e\" \/>\n\t<meta name=\"twitter:data1\" content=\"2 minutes\" \/>\n<script type=\"application\/ld+json\" class=\"yoast-schema-graph\">{\"@context\":\"https:\/\/schema.org\",\"@graph\":[{\"@type\":\"WebPage\",\"@id\":\"https:\/\/guide.reassurez-moi.fr\/guide\/assurance-auto\/modele\/resiliation-vente\",\"url\":\"https:\/\/guide.reassurez-moi.fr\/guide\/assurance-auto\/modele\/resiliation-vente\",\"name\":\"Mod\u00e8le de lettre de r\u00e9siliation assurance auto pour vente\",\"isPartOf\":{\"@id\":\"https:\/\/guide.reassurez-moi.fr\/guide\/#website\"},\"primaryImageOfPage\":{\"@id\":\"https:\/\/guide.reassurez-moi.fr\/guide\/assurance-auto\/modele\/resiliation-vente#primaryimage\"},\"image\":{\"@id\":\"https:\/\/guide.reassurez-moi.fr\/guide\/assurance-auto\/modele\/resiliation-vente#primaryimage\"},\"thumbnailUrl\":\"https:\/\/guide.reassurez-moi.fr\/guide\/wp-content\/uploads\/2021\/08\/lettre-resiliation-assurance-vente-vehicule.jpg\",\"datePublished\":\"2021-08-06T20:03:33+00:00\",\"dateModified\":\"2026-02-02T15:37:52+00:00\",\"description\":\"T\u00e9l\u00e9charger notre mod\u00e8le de lettre de r\u00e9siliation en cas de vente de votre v\u00e9hicule. Conseils pour r\u00e9silier dans les d\u00e9lais votre assurance\",\"breadcrumb\":{\"@id\":\"https:\/\/guide.reassurez-moi.fr\/guide\/assurance-auto\/modele\/resiliation-vente#breadcrumb\"},\"inLanguage\":\"fr-FR\",\"potentialAction\":[{\"@type\":\"ReadAction\",\"target\":[\"https:\/\/guide.reassurez-moi.fr\/guide\/assurance-auto\/modele\/resiliation-vente\"]}]},{\"@type\":\"ImageObject\",\"inLanguage\":\"fr-FR\",\"@id\":\"https:\/\/guide.reassurez-moi.fr\/guide\/assurance-auto\/modele\/resiliation-vente#primaryimage\",\"url\":\"https:\/\/guide.reassurez-moi.fr\/guide\/wp-content\/uploads\/2021\/08\/lettre-resiliation-assurance-vente-vehicule.jpg\",\"contentUrl\":\"https:\/\/guide.reassurez-moi.fr\/guide\/wp-content\/uploads\/2021\/08\/lettre-resiliation-assurance-vente-vehicule.jpg\",\"width\":338,\"height\":477,\"caption\":\"lettre resiliation assurance vente vehicule\"},{\"@type\":\"BreadcrumbList\",\"@id\":\"https:\/\/guide.reassurez-moi.fr\/guide\/assurance-auto\/modele\/resiliation-vente#breadcrumb\",\"itemListElement\":[{\"@type\":\"ListItem\",\"position\":1,\"name\":\"Assurances\",\"item\":\"https:\/\/guide.reassurez-moi.fr\/guide\/\"},{\"@type\":\"ListItem\",\"position\":2,\"name\":\"Assurance auto\",\"item\":\"https:\/\/guide.reassurez-moi.fr\/guide\/assurance-auto\"},{\"@type\":\"ListItem\",\"position\":3,\"name\":\"Mod\u00e8le\",\"item\":\"https:\/\/guide.reassurez-moi.fr\/guide\/assurance-auto\/modele\"},{\"@type\":\"ListItem\",\"position\":4,\"name\":\"R\u00e9siliation suite \u00e0 la vente du v\u00e9hicule\"}]},{\"@type\":\"WebSite\",\"@id\":\"https:\/\/guide.reassurez-moi.fr\/guide\/#website\",\"url\":\"https:\/\/guide.reassurez-moi.fr\/guide\/\",\"name\":\"R\u00e9assurez-moi\",\"description\":\"Comparateur d&#039;assurances\",\"potentialAction\":[{\"@type\":\"SearchAction\",\"target\":{\"@type\":\"EntryPoint\",\"urlTemplate\":\"https:\/\/guide.reassurez-moi.fr\/guide\/?s={search_term_string}\"},\"query-input\":{\"@type\":\"PropertyValueSpecification\",\"valueRequired\":true,\"valueName\":\"search_term_string\"}}],\"inLanguage\":\"fr-FR\"}]}<\/script>\n<!-- \/ Yoast SEO plugin. -->","yoast_head_json":{"title":"Mod\u00e8le de lettre de r\u00e9siliation assurance auto pour vente","description":"T\u00e9l\u00e9charger notre mod\u00e8le de lettre de r\u00e9siliation en cas de vente de votre v\u00e9hicule. Conseils pour r\u00e9silier dans les d\u00e9lais votre assurance","robots":{"index":"index","follow":"follow","max-snippet":"max-snippet:-1","max-image-preview":"max-image-preview:large","max-video-preview":"max-video-preview:-1"},"canonical":"https:\/\/guide.reassurez-moi.fr\/guide\/assurance-auto\/modele\/resiliation-vente","og_locale":"fr_FR","og_type":"article","og_title":"Mod\u00e8le de lettre de r\u00e9siliation assurance auto pour vente","og_description":"T\u00e9l\u00e9charger notre mod\u00e8le de lettre de r\u00e9siliation en cas de vente de votre v\u00e9hicule. Conseils pour r\u00e9silier dans les d\u00e9lais votre assurance","og_url":"https:\/\/guide.reassurez-moi.fr\/guide\/assurance-auto\/modele\/resiliation-vente","og_site_name":"R\u00e9assurez-moi","article_publisher":"https:\/\/www.facebook.com\/R%c3%a9assurez-moi-209456495889479\/","article_modified_time":"2026-02-02T15:37:52+00:00","og_image":[{"url":"https:\/\/guide.reassurez-moi.fr\/guide\/wp-content\/uploads\/2021\/08\/lettre-resiliation-assurance-vente-vehicule.jpg","type":"","width":"","height":""}],"twitter_card":"summary_large_image","twitter_site":"@reassurezmoi","twitter_misc":{"Dur\u00e9e de lecture estim\u00e9e":"2 minutes"},"schema":{"@context":"https:\/\/schema.org","@graph":[{"@type":"WebPage","@id":"https:\/\/guide.reassurez-moi.fr\/guide\/assurance-auto\/modele\/resiliation-vente","url":"https:\/\/guide.reassurez-moi.fr\/guide\/assurance-auto\/modele\/resiliation-vente","name":"Mod\u00e8le de lettre de r\u00e9siliation assurance auto pour vente","isPartOf":{"@id":"https:\/\/guide.reassurez-moi.fr\/guide\/#website"},"primaryImageOfPage":{"@id":"https:\/\/guide.reassurez-moi.fr\/guide\/assurance-auto\/modele\/resiliation-vente#primaryimage"},"image":{"@id":"https:\/\/guide.reassurez-moi.fr\/guide\/assurance-auto\/modele\/resiliation-vente#primaryimage"},"thumbnailUrl":"https:\/\/guide.reassurez-moi.fr\/guide\/wp-content\/uploads\/2021\/08\/lettre-resiliation-assurance-vente-vehicule.jpg","datePublished":"2021-08-06T20:03:33+00:00","dateModified":"2026-02-02T15:37:52+00:00","description":"T\u00e9l\u00e9charger notre mod\u00e8le de lettre de r\u00e9siliation en cas de vente de votre v\u00e9hicule. Conseils pour r\u00e9silier dans les d\u00e9lais votre assurance","breadcrumb":{"@id":"https:\/\/guide.reassurez-moi.fr\/guide\/assurance-auto\/modele\/resiliation-vente#breadcrumb"},"inLanguage":"fr-FR","potentialAction":[{"@type":"ReadAction","target":["https:\/\/guide.reassurez-moi.fr\/guide\/assurance-auto\/modele\/resiliation-vente"]}]},{"@type":"ImageObject","inLanguage":"fr-FR","@id":"https:\/\/guide.reassurez-moi.fr\/guide\/assurance-auto\/modele\/resiliation-vente#primaryimage","url":"https:\/\/guide.reassurez-moi.fr\/guide\/wp-content\/uploads\/2021\/08\/lettre-resiliation-assurance-vente-vehicule.jpg","contentUrl":"https:\/\/guide.reassurez-moi.fr\/guide\/wp-content\/uploads\/2021\/08\/lettre-resiliation-assurance-vente-vehicule.jpg","width":338,"height":477,"caption":"lettre resiliation assurance vente vehicule"},{"@type":"BreadcrumbList","@id":"https:\/\/guide.reassurez-moi.fr\/guide\/assurance-auto\/modele\/resiliation-vente#breadcrumb","itemListElement":[{"@type":"ListItem","position":1,"name":"Assurances","item":"https:\/\/guide.reassurez-moi.fr\/guide\/"},{"@type":"ListItem","position":2,"name":"Assurance auto","item":"https:\/\/guide.reassurez-moi.fr\/guide\/assurance-auto"},{"@type":"ListItem","position":3,"name":"Mod\u00e8le","item":"https:\/\/guide.reassurez-moi.fr\/guide\/assurance-auto\/modele"},{"@type":"ListItem","position":4,"name":"R\u00e9siliation suite \u00e0 la vente du v\u00e9hicule"}]},{"@type":"WebSite","@id":"https:\/\/guide.reassurez-moi.fr\/guide\/#website","url":"https:\/\/guide.reassurez-moi.fr\/guide\/","name":"R\u00e9assurez-moi","description":"Comparateur d&#039;assurances","potentialAction":[{"@type":"SearchAction","target":{"@type":"EntryPoint","urlTemplate":"https:\/\/guide.reassurez-moi.fr\/guide\/?s={search_term_string}"},"query-input":{"@type":"PropertyValueSpecification","valueRequired":true,"valueName":"search_term_string"}}],"inLanguage":"fr-FR"}]}},"acf":[],"_links":{"self":[{"href":"https:\/\/guide.reassurez-moi.fr\/guide\/wp-json\/wp\/v2\/pages\/164203","targetHints":{"allow":["GET"]}}],"collection":[{"href":"https:\/\/guide.reassurez-moi.fr\/guide\/wp-json\/wp\/v2\/pages"}],"about":[{"href":"https:\/\/guide.reassurez-moi.fr\/guide\/wp-json\/wp\/v2\/types\/page"}],"author":[{"embeddable":true,"href":"https:\/\/guide.reassurez-moi.fr\/guide\/wp-json\/wp\/v2\/users\/86"}],"replies":[{"embeddable":true,"href":"https:\/\/guide.reassurez-moi.fr\/guide\/wp-json\/wp\/v2\/comments?post=164203"}],"version-history":[{"count":1,"href":"https:\/\/guide.reassurez-moi.fr\/guide\/wp-json\/wp\/v2\/pages\/164203\/revisions"}],"predecessor-version":[{"id":216416,"href":"https:\/\/guide.reassurez-moi.fr\/guide\/wp-json\/wp\/v2\/pages\/164203\/revisions\/216416"}],"up":[{"embeddable":true,"href":"https:\/\/guide.reassurez-moi.fr\/guide\/wp-json\/wp\/v2\/pages\/147441"}],"wp:attachment":[{"href":"https:\/\/guide.reassurez-moi.fr\/guide\/wp-json\/wp\/v2\/media?parent=164203"}],"wp:term":[{"taxonomy":"category","embeddable":true,"href":"https:\/\/guide.reassurez-moi.fr\/guide\/wp-json\/wp\/v2\/categories?post=164203"},{"taxonomy":"page_topic","embeddable":true,"href":"https:\/\/guide.reassurez-moi.fr\/guide\/wp-json\/wp\/v2\/page_topic?post=164203"}],"curies":[{"name":"wp","href":"https:\/\/api.w.org\/{rel}","templated":true}]}}