{"id":16507,"date":"2016-06-20T14:10:26","date_gmt":"2016-06-20T13:10:26","guid":{"rendered":"http:\/\/reassurez-moi.fr\/guide\/?page_id=16507"},"modified":"2026-02-02T15:12:22","modified_gmt":"2026-02-02T14:12:22","slug":"quelle-assurance-choisir","status":"publish","type":"page","link":"https:\/\/guide.reassurez-moi.fr\/guide\/assurance-auto\/quelle-assurance-choisir","title":{"rendered":"Assurance auto &#8211; Quelle assurance choisir"},"content":{"rendered":"\n<h1 class=\"wp-block-heading\" id=\"quelle-assurance-choisir-pour-son-vehicule\">Quelle assurance&nbsp;choisir pour son v\u00e9hicule ?<\/h1>\n\n\n\n<p><strong>Il est important de bien&nbsp;savoir ce que couvre votre assurance auto&nbsp;afin de choisir un contrat adapt\u00e9 \u00e0 votre situation et \u00e9viter les mauvaises surprises en cas de sinistre. Vous trouverez ici le d\u00e9tail des assurances&nbsp;auto pour bien comprendre ce que couvre les contrats propos\u00e9s.<\/strong><\/p>\n\n\n\n<h2 class=\"wp-block-heading\" id=\"le-contrat-d-assurance-auto\">Le contrat d&rsquo;assurance auto<\/h2>\n\n\n\n<p>Tout contrat d&rsquo;assurance auto comporte diverses franchises permettant de r\u00e9duire la cotisation. Pour l&rsquo;assur\u00e9, ces franchises correspondent \u00e0 un engagement de conserver \u00e0 sa charge une partie des dommages. C&rsquo;est donc un crit\u00e8re particuli\u00e8rement important en termes de comparaison des garanties.<\/p>\n\n\n\n<p>Selon le risque couvert, les franchises peuvent s&rsquo;exprimer de fa\u00e7on :<\/p>\n\n\n\n<ul class=\"wp-block-list\"><li>absolue (le montant est automatiquement d\u00e9duit de l&rsquo;indemnit\u00e9).<\/li><li>simple ou relative (l&rsquo;assureur prend en charge l&rsquo;int\u00e9gralit\u00e9 du montant des dommages s&rsquo;il exc\u00e8de cette franchise).<\/li><li>proportionnelle en fonction du montant des dommages, avec g\u00e9n\u00e9ralement un minimum (seuil) et un maximum (plafond).<\/li><li>en kilom\u00e8tres, notamment pour l&rsquo;assistance en cas de panne.<\/li><\/ul>\n\n\n\n<h2 class=\"wp-block-heading\" id=\"bien-choisir-son-contrat-d-assurance-auto\">Bien choisir son contrat d&rsquo;assurance auto<\/h2>\n\n\n\n<p><strong>Votre contrat d&rsquo;assurance auto est compos\u00e9 de plusieurs&nbsp;garanties pouvant vous couvrir selon diff\u00e9rents cas de sinistre<\/strong>. Vous trouverez le d\u00e9tail ci-dessous de ses garanties et la couverture qu&rsquo;elles proposent.<\/p>\n\n\n\n<div style=\"height:20px\" aria-hidden=\"true\" class=\"wp-block-spacer\"><\/div>\n\n\n\n<h3 class=\"wp-block-heading\" id=\"la-franchise-responsabilite-civile-de-l-assurance-auto\">La franchise Responsabilit\u00e9 Civile de l&rsquo;assurance auto<\/h3>\n\n\n\n<p><strong>Exprim\u00e9e en brut sur certains contrats, elle reste rare. <\/strong>Elle peut \u00eatre impos\u00e9e ou propos\u00e9e en option pour une r\u00e9duction de cotisation. Attention tout de m\u00eame au pr\u00eat de volant: une franchise suppl\u00e9mentaire peut vous \u00eatre demand\u00e9e en cas de conduite exclusive si vous n&rsquo;\u00eates pas le conducteur au moment de l&rsquo;accident. De m\u00eame, si le conducteur est un novice (moins de 3 ans de permis ou d&rsquo;assurance selon les acteurs), la franchise peut \u00eatre assez \u00e9lev\u00e9e (maximum 3000 \u20ac sur notre banc d&rsquo;essai).<\/p>\n\n\n\n<div style=\"height:20px\" aria-hidden=\"true\" class=\"wp-block-spacer\"><\/div>\n\n\n\n<h3 class=\"wp-block-heading\" id=\"la-franchise-dommages\">La franchise dommages<\/h3>\n\n\n\n<p><strong>Pr\u00e9sente sur tous les contrats, elle repr\u00e9sente votre reste \u00e0 charge en cas d&rsquo;<a href=\"https:\/\/reassurez-moi.fr\/guide\/assurance-auto\/accident-responsable\">accident responsable<\/a>. <\/strong>Elle s&rsquo;exprime de fa\u00e7on absolue ou proportionnelle selon les acteurs. Prenez garde au montant de ces franchises notamment en cas de cotisation bon march\u00e9. De m\u00eame, si les franchises variables peuvent \u00eatre int\u00e9ressantes notamment si le plafond est raisonnable, prenez garde aux plafonds trop \u00e9lev\u00e9s ou \u00e0 l&rsquo;absence de plafond.<\/p>\n\n\n\n<div style=\"height:20px\" aria-hidden=\"true\" class=\"wp-block-spacer\"><\/div>\n\n\n\n<h3 class=\"wp-block-heading\" id=\"la-franchise-vol\">La franchise vol<\/h3>\n\n\n\n<p><strong>La franchise vol est souvent \u00e9gale \u00e0 celle des dommages mais&nbsp;certains assureurs vous demanderont une franchise plus \u00e9lev\u00e9e pour la couverture de ce risque. <\/strong>De m\u00eame, une autre franchise peut \u00eatre associ\u00e9e aux objets transport\u00e9s s&rsquo;ils sont vol\u00e9s sans le v\u00e9hicule (cela peut \u00eatre le cas si vous d\u00e9clar\u00e9 une <a href=\"https:\/\/reassurez-moi.fr\/guide\/assurance-auto\/remorque\">remorque \u00e0 votre assureur<\/a>). <\/p>\n\n\n\n<div style=\"height:20px\" aria-hidden=\"true\" class=\"wp-block-spacer\"><\/div>\n\n\n\n<h3 class=\"wp-block-heading\" id=\"la-franchise-bris-de-glace\">La franchise bris de glace<\/h3>\n\n\n\n<p><strong>Beaucoup de contrats n&rsquo;imposent aucune franchise sur ce risque ou la limitent aux r\u00e9parations <\/strong>effectu\u00e9es hors du r\u00e9seau agr\u00e9\u00e9. Les autres imposent une franchise <a href=\"https:\/\/reassurez-moi.fr\/guide\/assurance-auto\/garantie-bris-glace\">bris de glace<\/a> absolue ou variable qui n&rsquo;exc\u00e8de g\u00e9n\u00e9ralement pas 100 \u20ac.<\/p>\n\n\n\n<div style=\"height:20px\" aria-hidden=\"true\" class=\"wp-block-spacer\"><\/div>\n\n\n\n<h3 class=\"wp-block-heading\" id=\"la-franchise-kilometrique\">La franchise kilom\u00e9trique<\/h3>\n\n\n\n<p><strong>Valable pour les prestations d&rsquo;assistance, la franchise kilom\u00e9trique est souvent nulle en cas d&rsquo;accident ou de vol mais peut aller de 25 \u00e0 50 km<\/strong> pour l&rsquo;assistance aux personnes ou en cas de panne. Une assistance 0 km est souvent propos\u00e9e en option.<\/p>\n\n\n\n<div style=\"height:20px\" aria-hidden=\"true\" class=\"wp-block-spacer\"><\/div>\n\n\n\n<h3 class=\"wp-block-heading\" id=\"la-franchise-sur-la-garantie-du-conducteur\">La franchise sur la garantie du conducteur<\/h3>\n\n\n\n<p><strong>Si les assureurs mettent souvent en avant des plafonds d&rsquo;indemnisation int\u00e9ressants, il convient de prendre garde \u00e0 la franchise sur la <a href=\"https:\/\/reassurez-moi.fr\/guide\/assurance-auto\/garantie-conducteur\">garantie du conducteur<\/a>,<\/strong> exprim\u00e9e en pourcentage de l&rsquo;atteinte \u00e0 l&rsquo;int\u00e9grit\u00e9 physique et\/ou psychique (AIPP). Le taux d&rsquo;AIPP est d\u00e9termin\u00e9 sur une \u00e9chelle de 0 \u00e0 100. La plu\u00adpart des acteurs la fixent \u00e0 11 % mais certains, qui sont \u00e0 privil\u00e9gier, interviennent quel que soit le taux d&rsquo;AIPP. D&rsquo;autres, enfin, fixent un seuil plus \u00e9lev\u00e9, \u00e0 partir de 15 ou 20 % d&rsquo;AIPP.<\/p>\n\n\n\n<div class=\"wp-block-rm-advertizing-block fix-in-sidebar advertising-block-sidebar-item\">\n    <div class=\"image-container flex justify-center align-items-center\">\n        <img decoding=\"async\" src=\"https:\/\/guide.reassurez-moi.fr\/guide\/wp-content\/uploads\/2025\/06\/team_opti_short.png\"\n             alt=\"reassurez-moi illustration\"\n             class=\"wp-block-rm-advertizing-image\"\n             loading=\"lazy\"\n        \/>\n    <\/div>\n    <div class=\"rm-advertblock-container flex flex-column justify-center align-items-start\">\n        <p class=\"wp-block-rm-advertizing-text\">\n            Assurance auto\n        <\/p>\n        <p class=\"wp-block-rm-advertizing-sub-text\">\n            les meilleures offres 2026\n        <\/p>\n        <a\n            href=\"https:\/\/reassurez-moi.fr\/guide\/assurance-auto\"\n            class=\"wp-block-rm-advertizing-button\"\n        >\n            <span class=\"wp-block-rm-advertizing-button-text\">\n                Comparer\n            <\/span>\n            <span class=\"wp-block-rm-advertizing-button-sub-text\">\n                les assurances auto\n            <\/span>\n        <\/a>\n    <\/div>\n<\/div>\n\n\n\n<h2 class=\"wp-block-heading\" id=\"comment-s-appliquent-les-franchises-en-cas-de-dommages-aux-vehicules\">Comment s&rsquo;appliquent&nbsp;les&nbsp;franchises&nbsp;en cas de dommages aux v\u00e9hicules ?<\/h2>\n\n\n\n<p><strong>Il est important de savoir&nbsp;comment fonctionne la franchise selon le degr\u00e9 de responsabilit\u00e9 suite \u00e0 un sinistre afin d&rsquo;\u00e9viter les mauvaises surprises pour \u00eatre indemnis\u00e9.<\/strong><\/p>\n\n\n\n<ul class=\"wp-block-list\"><li style=\"text-align: justify;\">Si vous \u00eates enti\u00e8rement responsable : la franchise sera totalement d\u00e9duite.<\/li><li style=\"text-align: justify;\">Si vous \u00eates partiellement responsable : la franchise sera appliqu\u00e9e dans le m\u00eame pourcentage que celui de votre responsabilit\u00e9 (50 % chacun).<\/li><li style=\"text-align: justify;\">Si vous n&rsquo;\u00eates pas responsable : aucune franchise ne vous sera demand\u00e9e.<\/li><\/ul>\n\n\n\n<p><strong>Outre les franchises catastrophe naturelle (380 \u20ac), technologique (aucune) et en cas de collision avec un animal sauvage pour les accidents survenus apr\u00e8s le 7 ao\u00fbt 2010 <\/strong>(500 \u20ac) qui sont impos\u00e9es l\u00e9galement, les autres franchises peuvent \u00eatre rachet\u00e9es (augmentation de la cotisation) ou doubl\u00e9es (diminution de la cotisation) selon les contrats.&nbsp;De plus certains assureurs peuvent ajouter une franchise suppl\u00e9mentaire afin de r\u00e9duire la cotisation.<\/p>\n","protected":false},"excerpt":{"rendered":"<p>Quelle assurance&nbsp;choisir pour son v\u00e9hicule ? Il est important de bien&nbsp;savoir ce que couvre votre assurance auto&nbsp;afin de choisir un contrat adapt\u00e9 \u00e0 votre situation et \u00e9viter les mauvaises surprises en cas de sinistre. Vous trouverez ici le d\u00e9tail des assurances&nbsp;auto pour bien comprendre ce que couvre les contrats propos\u00e9s. Le contrat d&rsquo;assurance auto Tout\u2026<\/p>\n","protected":false},"author":86,"featured_media":0,"parent":15725,"menu_order":0,"comment_status":"open","ping_status":"closed","template":"","meta":{"_acf_changed":false,"footnotes":""},"categories":[],"page_topic":[560],"class_list":["post-16507","page","type-page","status-publish","hentry"],"yoast_head":"<!-- This site is optimized with the Yoast SEO plugin v24.7 - https:\/\/yoast.com\/wordpress\/plugins\/seo\/ -->\n<title>Quelle assurance auto choisir ? Conseils et comparatif<\/title>\n<meta name=\"description\" content=\"Les points d&#039;attention \u00e0 conna\u00eetre avant de choisir votre assurance auto. Conseils de nos experts pour adapter votre contrat \u00e0 vos besoins\" \/>\n<meta name=\"robots\" content=\"index, follow, max-snippet:-1, max-image-preview:large, max-video-preview:-1\" \/>\n<link rel=\"canonical\" href=\"https:\/\/guide.reassurez-moi.fr\/guide\/assurance-auto\/quelle-assurance-choisir\" \/>\n<meta property=\"og:locale\" content=\"fr_FR\" \/>\n<meta property=\"og:type\" content=\"article\" \/>\n<meta property=\"og:title\" content=\"Quelle assurance auto choisir ? Conseils et comparatif\" \/>\n<meta property=\"og:description\" content=\"Les points d&#039;attention \u00e0 conna\u00eetre avant de choisir votre assurance auto. Conseils de nos experts pour adapter votre contrat \u00e0 vos besoins\" \/>\n<meta property=\"og:url\" content=\"https:\/\/guide.reassurez-moi.fr\/guide\/assurance-auto\/quelle-assurance-choisir\" \/>\n<meta property=\"og:site_name\" content=\"R\u00e9assurez-moi\" \/>\n<meta property=\"article:publisher\" content=\"https:\/\/www.facebook.com\/R%c3%a9assurez-moi-209456495889479\/\" \/>\n<meta property=\"article:modified_time\" content=\"2026-02-02T14:12:22+00:00\" \/>\n<meta property=\"og:image\" content=\"https:\/\/guide.reassurez-moi.fr\/guide\/wp-content\/uploads\/2018\/04\/image-de-partage.png\" \/>\n\t<meta property=\"og:image:width\" content=\"500\" \/>\n\t<meta property=\"og:image:height\" content=\"160\" \/>\n\t<meta property=\"og:image:type\" content=\"image\/png\" \/>\n<meta name=\"twitter:card\" content=\"summary_large_image\" \/>\n<meta name=\"twitter:site\" content=\"@reassurezmoi\" \/>\n<meta name=\"twitter:label1\" content=\"Dur\u00e9e de lecture estim\u00e9e\" \/>\n\t<meta name=\"twitter:data1\" content=\"4 minutes\" \/>\n<script type=\"application\/ld+json\" class=\"yoast-schema-graph\">{\"@context\":\"https:\/\/schema.org\",\"@graph\":[{\"@type\":\"WebPage\",\"@id\":\"https:\/\/guide.reassurez-moi.fr\/guide\/assurance-auto\/quelle-assurance-choisir\",\"url\":\"https:\/\/guide.reassurez-moi.fr\/guide\/assurance-auto\/quelle-assurance-choisir\",\"name\":\"Quelle assurance auto choisir ? Conseils et comparatif\",\"isPartOf\":{\"@id\":\"https:\/\/guide.reassurez-moi.fr\/guide\/#website\"},\"datePublished\":\"2016-06-20T13:10:26+00:00\",\"dateModified\":\"2026-02-02T14:12:22+00:00\",\"description\":\"Les points d'attention \u00e0 conna\u00eetre avant de choisir votre assurance auto. Conseils de nos experts pour adapter votre contrat \u00e0 vos besoins\",\"breadcrumb\":{\"@id\":\"https:\/\/guide.reassurez-moi.fr\/guide\/assurance-auto\/quelle-assurance-choisir#breadcrumb\"},\"inLanguage\":\"fr-FR\",\"potentialAction\":[{\"@type\":\"ReadAction\",\"target\":[\"https:\/\/guide.reassurez-moi.fr\/guide\/assurance-auto\/quelle-assurance-choisir\"]}]},{\"@type\":\"BreadcrumbList\",\"@id\":\"https:\/\/guide.reassurez-moi.fr\/guide\/assurance-auto\/quelle-assurance-choisir#breadcrumb\",\"itemListElement\":[{\"@type\":\"ListItem\",\"position\":1,\"name\":\"Assurances\",\"item\":\"https:\/\/guide.reassurez-moi.fr\/guide\/\"},{\"@type\":\"ListItem\",\"position\":2,\"name\":\"Assurance auto\",\"item\":\"https:\/\/guide.reassurez-moi.fr\/guide\/assurance-auto\"},{\"@type\":\"ListItem\",\"position\":3,\"name\":\"Quelle assurance choisir\"}]},{\"@type\":\"WebSite\",\"@id\":\"https:\/\/guide.reassurez-moi.fr\/guide\/#website\",\"url\":\"https:\/\/guide.reassurez-moi.fr\/guide\/\",\"name\":\"R\u00e9assurez-moi\",\"description\":\"Comparateur d&#039;assurances\",\"potentialAction\":[{\"@type\":\"SearchAction\",\"target\":{\"@type\":\"EntryPoint\",\"urlTemplate\":\"https:\/\/guide.reassurez-moi.fr\/guide\/?s={search_term_string}\"},\"query-input\":{\"@type\":\"PropertyValueSpecification\",\"valueRequired\":true,\"valueName\":\"search_term_string\"}}],\"inLanguage\":\"fr-FR\"}]}<\/script>\n<!-- \/ Yoast SEO plugin. -->","yoast_head_json":{"title":"Quelle assurance auto choisir ? Conseils et comparatif","description":"Les points d'attention \u00e0 conna\u00eetre avant de choisir votre assurance auto. Conseils de nos experts pour adapter votre contrat \u00e0 vos besoins","robots":{"index":"index","follow":"follow","max-snippet":"max-snippet:-1","max-image-preview":"max-image-preview:large","max-video-preview":"max-video-preview:-1"},"canonical":"https:\/\/guide.reassurez-moi.fr\/guide\/assurance-auto\/quelle-assurance-choisir","og_locale":"fr_FR","og_type":"article","og_title":"Quelle assurance auto choisir ? Conseils et comparatif","og_description":"Les points d'attention \u00e0 conna\u00eetre avant de choisir votre assurance auto. Conseils de nos experts pour adapter votre contrat \u00e0 vos besoins","og_url":"https:\/\/guide.reassurez-moi.fr\/guide\/assurance-auto\/quelle-assurance-choisir","og_site_name":"R\u00e9assurez-moi","article_publisher":"https:\/\/www.facebook.com\/R%c3%a9assurez-moi-209456495889479\/","article_modified_time":"2026-02-02T14:12:22+00:00","og_image":[{"width":500,"height":160,"url":"https:\/\/guide.reassurez-moi.fr\/guide\/wp-content\/uploads\/2018\/04\/image-de-partage.png","type":"image\/png"}],"twitter_card":"summary_large_image","twitter_site":"@reassurezmoi","twitter_misc":{"Dur\u00e9e de lecture estim\u00e9e":"4 minutes"},"schema":{"@context":"https:\/\/schema.org","@graph":[{"@type":"WebPage","@id":"https:\/\/guide.reassurez-moi.fr\/guide\/assurance-auto\/quelle-assurance-choisir","url":"https:\/\/guide.reassurez-moi.fr\/guide\/assurance-auto\/quelle-assurance-choisir","name":"Quelle assurance auto choisir ? Conseils et comparatif","isPartOf":{"@id":"https:\/\/guide.reassurez-moi.fr\/guide\/#website"},"datePublished":"2016-06-20T13:10:26+00:00","dateModified":"2026-02-02T14:12:22+00:00","description":"Les points d'attention \u00e0 conna\u00eetre avant de choisir votre assurance auto. Conseils de nos experts pour adapter votre contrat \u00e0 vos besoins","breadcrumb":{"@id":"https:\/\/guide.reassurez-moi.fr\/guide\/assurance-auto\/quelle-assurance-choisir#breadcrumb"},"inLanguage":"fr-FR","potentialAction":[{"@type":"ReadAction","target":["https:\/\/guide.reassurez-moi.fr\/guide\/assurance-auto\/quelle-assurance-choisir"]}]},{"@type":"BreadcrumbList","@id":"https:\/\/guide.reassurez-moi.fr\/guide\/assurance-auto\/quelle-assurance-choisir#breadcrumb","itemListElement":[{"@type":"ListItem","position":1,"name":"Assurances","item":"https:\/\/guide.reassurez-moi.fr\/guide\/"},{"@type":"ListItem","position":2,"name":"Assurance auto","item":"https:\/\/guide.reassurez-moi.fr\/guide\/assurance-auto"},{"@type":"ListItem","position":3,"name":"Quelle assurance choisir"}]},{"@type":"WebSite","@id":"https:\/\/guide.reassurez-moi.fr\/guide\/#website","url":"https:\/\/guide.reassurez-moi.fr\/guide\/","name":"R\u00e9assurez-moi","description":"Comparateur d&#039;assurances","potentialAction":[{"@type":"SearchAction","target":{"@type":"EntryPoint","urlTemplate":"https:\/\/guide.reassurez-moi.fr\/guide\/?s={search_term_string}"},"query-input":{"@type":"PropertyValueSpecification","valueRequired":true,"valueName":"search_term_string"}}],"inLanguage":"fr-FR"}]}},"acf":[],"_links":{"self":[{"href":"https:\/\/guide.reassurez-moi.fr\/guide\/wp-json\/wp\/v2\/pages\/16507","targetHints":{"allow":["GET"]}}],"collection":[{"href":"https:\/\/guide.reassurez-moi.fr\/guide\/wp-json\/wp\/v2\/pages"}],"about":[{"href":"https:\/\/guide.reassurez-moi.fr\/guide\/wp-json\/wp\/v2\/types\/page"}],"author":[{"embeddable":true,"href":"https:\/\/guide.reassurez-moi.fr\/guide\/wp-json\/wp\/v2\/users\/86"}],"replies":[{"embeddable":true,"href":"https:\/\/guide.reassurez-moi.fr\/guide\/wp-json\/wp\/v2\/comments?post=16507"}],"version-history":[{"count":2,"href":"https:\/\/guide.reassurez-moi.fr\/guide\/wp-json\/wp\/v2\/pages\/16507\/revisions"}],"predecessor-version":[{"id":215591,"href":"https:\/\/guide.reassurez-moi.fr\/guide\/wp-json\/wp\/v2\/pages\/16507\/revisions\/215591"}],"up":[{"embeddable":true,"href":"https:\/\/guide.reassurez-moi.fr\/guide\/wp-json\/wp\/v2\/pages\/15725"}],"wp:attachment":[{"href":"https:\/\/guide.reassurez-moi.fr\/guide\/wp-json\/wp\/v2\/media?parent=16507"}],"wp:term":[{"taxonomy":"category","embeddable":true,"href":"https:\/\/guide.reassurez-moi.fr\/guide\/wp-json\/wp\/v2\/categories?post=16507"},{"taxonomy":"page_topic","embeddable":true,"href":"https:\/\/guide.reassurez-moi.fr\/guide\/wp-json\/wp\/v2\/page_topic?post=16507"}],"curies":[{"name":"wp","href":"https:\/\/api.w.org\/{rel}","templated":true}]}}