{"id":167970,"date":"2021-09-28T12:03:10","date_gmt":"2021-09-28T10:03:10","guid":{"rendered":"https:\/\/reassurez-moi.fr\/guide\/?page_id=167970"},"modified":"2026-02-02T14:55:12","modified_gmt":"2026-02-02T13:55:12","slug":"modele","status":"publish","type":"page","link":"https:\/\/guide.reassurez-moi.fr\/guide\/pret-immobilier\/immobilier\/modele","title":{"rendered":"Immobilier &#8211; Mod\u00e8le"},"content":{"rendered":"\n<h1 class=\"wp-block-heading\"><meta charset=\"utf-8\">Mod\u00e8les de lettres relatifs au domaine immobilier<\/h1>\n\n\n\n<p><meta charset=\"utf-8\"><strong>Afin de vous simplifier la vie, R\u00e9assurez-moi met \u00e0 votre disposition des mod\u00e8les gratuits de documents susceptibles de vous \u00eatre demand\u00e9s dans le cadre d&rsquo;une transaction immobili\u00e8re, d&rsquo;une vente, d&rsquo;un achat ou de la location d&rsquo;un bien immobilier.<\/strong><\/p>\n\n\n\n<div class=\"wp-block-mars-information icon-check\"><i class=\"icon\"><\/i><p>Tous ces documents sont certifi\u00e9s par l&rsquo;\u00e9quipe juridique de R\u00e9assurez-moi.<\/p><\/div>\n\n\n\n<p><meta charset=\"utf-8\"><strong>Nos mod\u00e8les de lettres gratuites pour l&rsquo;immobilier \u00e0 t\u00e9l\u00e9charger :<\/strong><\/p>\n\n\n        <div class=\"grid w-full gap-4 sm:grid-cols-2 \">\n                    <a href=\"\/guide\/pret-immobilier\/immobilier\/modele\/compromis-vente\" class=\"bg-white border border-gray-200 rounded shadow relative w-full\">\n                <article class=\"h-full flex flex-col p-6\">\n                    <header>\n                        <h3 class=\"text-xl font-semibold\">\n                            Mod\u00e8le compromis de vente immobilier\n                        <\/h3>\n                    <\/header>\n                    <section class=\"flex-grow mt-2\">\n                        <p>Ce mod\u00e8le de compromis de vente a \u00e9t\u00e9 con\u00e7u pour s&rsquo;adapter \u00e0 diff\u00e9rentes transactions immobili\u00e8res. Il englobe tous les \u00e9l\u00e9ments juridiques essentiels, assurant ainsi une transaction claire et conforme aux\u2026<\/p>\n                    <\/section>\n                    <footer class=\"flex items-center mt-4\">\n                        <span>En savoir plus <\/span>\n                        <time datetime=\"2023-11-13 13:03\" class=\"flex-grow text-right\">\n                            13 novembre 2023\n                        <\/time>\n                    <\/footer>\n                <\/article>\n            <\/a>\n                    <a href=\"\/guide\/pret-immobilier\/immobilier\/modele\/quittance-loyer\" class=\"bg-white border border-gray-200 rounded shadow relative w-full\">\n                <article class=\"h-full flex flex-col p-6\">\n                    <header>\n                        <h3 class=\"text-xl font-semibold\">\n                            Immobilier &#8211; Mod\u00e8le &#8211; Quittance de loyer\n                        <\/h3>\n                    <\/header>\n                    <section class=\"flex-grow mt-2\">\n                        <p>Mod\u00e8le de quittance de loyer La quittance de loyer est un document qui atteste du paiement du loyer par le locataire au bailleur. Elle doit \u00eatre remise gratuitement au locataire\u2026<\/p>\n                    <\/section>\n                    <footer class=\"flex items-center mt-4\">\n                        <span>En savoir plus <\/span>\n                        <time datetime=\"2023-11-02 15:36\" class=\"flex-grow text-right\">\n                            2 novembre 2023\n                        <\/time>\n                    <\/footer>\n                <\/article>\n            <\/a>\n                    <a href=\"\/guide\/pret-immobilier\/immobilier\/modele\/offre-achat\" class=\"bg-white border border-gray-200 rounded shadow relative w-full\">\n                <article class=\"h-full flex flex-col p-6\">\n                    <header>\n                        <h3 class=\"text-xl font-semibold\">\n                            Immobilier &#8211; Offre d&rsquo;achat mod\u00e8le\n                        <\/h3>\n                    <\/header>\n                    <section class=\"flex-grow mt-2\">\n                        <p>Mod\u00e8le d\u2019offre d&rsquo;achat immobilier : que doit-elle contenir ? Vous venez de visiter le bien immobilier de vos r\u00eaves ?! C&rsquo;est peut-\u00eatre le moment de faire une proposition au vendeur\u2026<\/p>\n                    <\/section>\n                    <footer class=\"flex items-center mt-4\">\n                        <span>En savoir plus <\/span>\n                        <time datetime=\"2023-03-24 13:13\" class=\"flex-grow text-right\">\n                            24 mars 2023\n                        <\/time>\n                    <\/footer>\n                <\/article>\n            <\/a>\n                    <a href=\"\/guide\/pret-immobilier\/immobilier\/modele\/procuration-etat-des-lieux\" class=\"bg-white border border-gray-200 rounded shadow relative w-full\">\n                <article class=\"h-full flex flex-col p-6\">\n                    <header>\n                        <h3 class=\"text-xl font-semibold\">\n                            Immobilier &#8211; Procuration \u00e9tat des lieux\n                        <\/h3>\n                    <\/header>\n                    <section class=\"flex-grow mt-2\">\n                        <p>Comment r\u00e9aliser une procuration pour un \u00e9tat des lieux ? Vous devez r\u00e9aliser un \u00e9tat des lieux (d\u2019entr\u00e9e ou de sortie) pour votre logement mais vous \u00eates dans l\u2019impossibilit\u00e9 de\u2026<\/p>\n                    <\/section>\n                    <footer class=\"flex items-center mt-4\">\n                        <span>En savoir plus <\/span>\n                        <time datetime=\"2023-03-20 20:06\" class=\"flex-grow text-right\">\n                            20 mars 2023\n                        <\/time>\n                    <\/footer>\n                <\/article>\n            <\/a>\n                    <a href=\"\/guide\/pret-immobilier\/immobilier\/modele\/lettre-resiliation-bail\" class=\"bg-white border border-gray-200 rounded shadow relative w-full\">\n                <article class=\"h-full flex flex-col p-6\">\n                    <header>\n                        <h3 class=\"text-xl font-semibold\">\n                            Immobilier &#8211; Lettre r\u00e9siliation bail\n                        <\/h3>\n                    <\/header>\n                    <section class=\"flex-grow mt-2\">\n                        <p>Mod\u00e8le de lettre de r\u00e9siliation de bail Si vous \u00eates locataire, vous avez alors sign\u00e9 un bail de location. C&rsquo;est un contrat qui lie un propri\u00e9taire et un locataire, et\u2026<\/p>\n                    <\/section>\n                    <footer class=\"flex items-center mt-4\">\n                        <span>En savoir plus <\/span>\n                        <time datetime=\"2023-02-23 16:17\" class=\"flex-grow text-right\">\n                            23 f\u00e9vrier 2023\n                        <\/time>\n                    <\/footer>\n                <\/article>\n            <\/a>\n                    <a href=\"\/guide\/pret-immobilier\/immobilier\/modele\/bail-location\" class=\"bg-white border border-gray-200 rounded shadow relative w-full\">\n                <article class=\"h-full flex flex-col p-6\">\n                    <header>\n                        <h3 class=\"text-xl font-semibold\">\n                            Immobilier &#8211; Bail location\n                        <\/h3>\n                    <\/header>\n                    <section class=\"flex-grow mt-2\">\n                        <p>Mod\u00e8le de bail de location Le bail locatif n&rsquo;est autre que le contrat de location qui lie le propri\u00e9taire bailleur au locataire de son bien immobilier. R\u00e9gi par la loi\u2026<\/p>\n                    <\/section>\n                    <footer class=\"flex items-center mt-4\">\n                        <span>En savoir plus <\/span>\n                        <time datetime=\"2021-09-28 17:32\" class=\"flex-grow text-right\">\n                            28 septembre 2021\n                        <\/time>\n                    <\/footer>\n                <\/article>\n            <\/a>\n            <\/div>\n\n","protected":false},"excerpt":{"rendered":"<p>Mod\u00e8les de lettres relatifs au domaine immobilier Afin de vous simplifier la vie, R\u00e9assurez-moi met \u00e0 votre disposition des mod\u00e8les gratuits de documents susceptibles de vous \u00eatre demand\u00e9s dans le cadre d&rsquo;une transaction immobili\u00e8re, d&rsquo;une vente, d&rsquo;un achat ou de la location d&rsquo;un bien immobilier. Tous ces documents sont certifi\u00e9s par l&rsquo;\u00e9quipe juridique de R\u00e9assurez-moi.\u2026<\/p>\n","protected":false},"author":67,"featured_media":0,"parent":10429,"menu_order":0,"comment_status":"open","ping_status":"closed","template":"","meta":{"_acf_changed":false,"footnotes":""},"categories":[],"page_topic":[554],"class_list":["post-167970","page","type-page","status-publish","hentry"],"yoast_head":"<!-- This site is optimized with the Yoast SEO plugin v24.7 - https:\/\/yoast.com\/wordpress\/plugins\/seo\/ -->\n<title>Immobilier - Mod\u00e8les \u00e0 t\u00e9l\u00e9charger gratuitement<\/title>\n<meta name=\"description\" content=\"Acc\u00e9dez en 1 clic aux documents relatifs au domaine immobilier - T\u00e9l\u00e9chargement en ligne - Mod\u00e8les 100 % gratuit.\" \/>\n<meta name=\"robots\" content=\"index, follow, max-snippet:-1, max-image-preview:large, max-video-preview:-1\" \/>\n<link rel=\"canonical\" href=\"https:\/\/guide.reassurez-moi.fr\/guide\/pret-immobilier\/immobilier\/modele\" \/>\n<meta property=\"og:locale\" content=\"fr_FR\" \/>\n<meta property=\"og:type\" content=\"article\" \/>\n<meta property=\"og:title\" content=\"Immobilier - Mod\u00e8les \u00e0 t\u00e9l\u00e9charger gratuitement\" \/>\n<meta property=\"og:description\" content=\"Acc\u00e9dez en 1 clic aux documents relatifs au domaine immobilier - T\u00e9l\u00e9chargement en ligne - Mod\u00e8les 100 % gratuit.\" \/>\n<meta property=\"og:url\" content=\"https:\/\/guide.reassurez-moi.fr\/guide\/pret-immobilier\/immobilier\/modele\" \/>\n<meta property=\"og:site_name\" content=\"R\u00e9assurez-moi\" \/>\n<meta property=\"article:publisher\" content=\"https:\/\/www.facebook.com\/R%c3%a9assurez-moi-209456495889479\/\" \/>\n<meta property=\"article:modified_time\" content=\"2026-02-02T13:55:12+00:00\" \/>\n<meta property=\"og:image\" content=\"https:\/\/guide.reassurez-moi.fr\/guide\/wp-content\/uploads\/2018\/04\/image-de-partage.png\" \/>\n\t<meta property=\"og:image:width\" content=\"500\" \/>\n\t<meta property=\"og:image:height\" content=\"160\" \/>\n\t<meta property=\"og:image:type\" content=\"image\/png\" \/>\n<meta name=\"twitter:card\" content=\"summary_large_image\" \/>\n<meta name=\"twitter:site\" content=\"@reassurezmoi\" \/>\n<meta name=\"twitter:label1\" content=\"Dur\u00e9e de lecture estim\u00e9e\" \/>\n\t<meta name=\"twitter:data1\" content=\"1 minute\" \/>\n<script type=\"application\/ld+json\" class=\"yoast-schema-graph\">{\"@context\":\"https:\/\/schema.org\",\"@graph\":[{\"@type\":\"WebPage\",\"@id\":\"https:\/\/guide.reassurez-moi.fr\/guide\/pret-immobilier\/immobilier\/modele\",\"url\":\"https:\/\/guide.reassurez-moi.fr\/guide\/pret-immobilier\/immobilier\/modele\",\"name\":\"Immobilier - Mod\u00e8les \u00e0 t\u00e9l\u00e9charger gratuitement\",\"isPartOf\":{\"@id\":\"https:\/\/guide.reassurez-moi.fr\/guide\/#website\"},\"datePublished\":\"2021-09-28T10:03:10+00:00\",\"dateModified\":\"2026-02-02T13:55:12+00:00\",\"description\":\"Acc\u00e9dez en 1 clic aux documents relatifs au domaine immobilier - T\u00e9l\u00e9chargement en ligne - Mod\u00e8les 100 % gratuit.\",\"breadcrumb\":{\"@id\":\"https:\/\/guide.reassurez-moi.fr\/guide\/pret-immobilier\/immobilier\/modele#breadcrumb\"},\"inLanguage\":\"fr-FR\",\"potentialAction\":[{\"@type\":\"ReadAction\",\"target\":[\"https:\/\/guide.reassurez-moi.fr\/guide\/pret-immobilier\/immobilier\/modele\"]}]},{\"@type\":\"BreadcrumbList\",\"@id\":\"https:\/\/guide.reassurez-moi.fr\/guide\/pret-immobilier\/immobilier\/modele#breadcrumb\",\"itemListElement\":[{\"@type\":\"ListItem\",\"position\":1,\"name\":\"Assurances\",\"item\":\"https:\/\/guide.reassurez-moi.fr\/guide\/\"},{\"@type\":\"ListItem\",\"position\":2,\"name\":\"Pr\u00eat immobilier\",\"item\":\"https:\/\/guide.reassurez-moi.fr\/guide\/pret-immobilier\"},{\"@type\":\"ListItem\",\"position\":3,\"name\":\"Achat immobilier\",\"item\":\"https:\/\/guide.reassurez-moi.fr\/guide\/pret-immobilier\/immobilier\"},{\"@type\":\"ListItem\",\"position\":4,\"name\":\"Mod\u00e8les\"}]},{\"@type\":\"WebSite\",\"@id\":\"https:\/\/guide.reassurez-moi.fr\/guide\/#website\",\"url\":\"https:\/\/guide.reassurez-moi.fr\/guide\/\",\"name\":\"R\u00e9assurez-moi\",\"description\":\"Comparateur d&#039;assurances\",\"potentialAction\":[{\"@type\":\"SearchAction\",\"target\":{\"@type\":\"EntryPoint\",\"urlTemplate\":\"https:\/\/guide.reassurez-moi.fr\/guide\/?s={search_term_string}\"},\"query-input\":{\"@type\":\"PropertyValueSpecification\",\"valueRequired\":true,\"valueName\":\"search_term_string\"}}],\"inLanguage\":\"fr-FR\"}]}<\/script>\n<!-- \/ Yoast SEO plugin. -->","yoast_head_json":{"title":"Immobilier - Mod\u00e8les \u00e0 t\u00e9l\u00e9charger gratuitement","description":"Acc\u00e9dez en 1 clic aux documents relatifs au domaine immobilier - T\u00e9l\u00e9chargement en ligne - Mod\u00e8les 100 % gratuit.","robots":{"index":"index","follow":"follow","max-snippet":"max-snippet:-1","max-image-preview":"max-image-preview:large","max-video-preview":"max-video-preview:-1"},"canonical":"https:\/\/guide.reassurez-moi.fr\/guide\/pret-immobilier\/immobilier\/modele","og_locale":"fr_FR","og_type":"article","og_title":"Immobilier - Mod\u00e8les \u00e0 t\u00e9l\u00e9charger gratuitement","og_description":"Acc\u00e9dez en 1 clic aux documents relatifs au domaine immobilier - T\u00e9l\u00e9chargement en ligne - Mod\u00e8les 100 % gratuit.","og_url":"https:\/\/guide.reassurez-moi.fr\/guide\/pret-immobilier\/immobilier\/modele","og_site_name":"R\u00e9assurez-moi","article_publisher":"https:\/\/www.facebook.com\/R%c3%a9assurez-moi-209456495889479\/","article_modified_time":"2026-02-02T13:55:12+00:00","og_image":[{"width":500,"height":160,"url":"https:\/\/guide.reassurez-moi.fr\/guide\/wp-content\/uploads\/2018\/04\/image-de-partage.png","type":"image\/png"}],"twitter_card":"summary_large_image","twitter_site":"@reassurezmoi","twitter_misc":{"Dur\u00e9e de lecture estim\u00e9e":"1 minute"},"schema":{"@context":"https:\/\/schema.org","@graph":[{"@type":"WebPage","@id":"https:\/\/guide.reassurez-moi.fr\/guide\/pret-immobilier\/immobilier\/modele","url":"https:\/\/guide.reassurez-moi.fr\/guide\/pret-immobilier\/immobilier\/modele","name":"Immobilier - Mod\u00e8les \u00e0 t\u00e9l\u00e9charger gratuitement","isPartOf":{"@id":"https:\/\/guide.reassurez-moi.fr\/guide\/#website"},"datePublished":"2021-09-28T10:03:10+00:00","dateModified":"2026-02-02T13:55:12+00:00","description":"Acc\u00e9dez en 1 clic aux documents relatifs au domaine immobilier - T\u00e9l\u00e9chargement en ligne - Mod\u00e8les 100 % gratuit.","breadcrumb":{"@id":"https:\/\/guide.reassurez-moi.fr\/guide\/pret-immobilier\/immobilier\/modele#breadcrumb"},"inLanguage":"fr-FR","potentialAction":[{"@type":"ReadAction","target":["https:\/\/guide.reassurez-moi.fr\/guide\/pret-immobilier\/immobilier\/modele"]}]},{"@type":"BreadcrumbList","@id":"https:\/\/guide.reassurez-moi.fr\/guide\/pret-immobilier\/immobilier\/modele#breadcrumb","itemListElement":[{"@type":"ListItem","position":1,"name":"Assurances","item":"https:\/\/guide.reassurez-moi.fr\/guide\/"},{"@type":"ListItem","position":2,"name":"Pr\u00eat immobilier","item":"https:\/\/guide.reassurez-moi.fr\/guide\/pret-immobilier"},{"@type":"ListItem","position":3,"name":"Achat immobilier","item":"https:\/\/guide.reassurez-moi.fr\/guide\/pret-immobilier\/immobilier"},{"@type":"ListItem","position":4,"name":"Mod\u00e8les"}]},{"@type":"WebSite","@id":"https:\/\/guide.reassurez-moi.fr\/guide\/#website","url":"https:\/\/guide.reassurez-moi.fr\/guide\/","name":"R\u00e9assurez-moi","description":"Comparateur d&#039;assurances","potentialAction":[{"@type":"SearchAction","target":{"@type":"EntryPoint","urlTemplate":"https:\/\/guide.reassurez-moi.fr\/guide\/?s={search_term_string}"},"query-input":{"@type":"PropertyValueSpecification","valueRequired":true,"valueName":"search_term_string"}}],"inLanguage":"fr-FR"}]}},"acf":[],"_links":{"self":[{"href":"https:\/\/guide.reassurez-moi.fr\/guide\/wp-json\/wp\/v2\/pages\/167970","targetHints":{"allow":["GET"]}}],"collection":[{"href":"https:\/\/guide.reassurez-moi.fr\/guide\/wp-json\/wp\/v2\/pages"}],"about":[{"href":"https:\/\/guide.reassurez-moi.fr\/guide\/wp-json\/wp\/v2\/types\/page"}],"author":[{"embeddable":true,"href":"https:\/\/guide.reassurez-moi.fr\/guide\/wp-json\/wp\/v2\/users\/67"}],"replies":[{"embeddable":true,"href":"https:\/\/guide.reassurez-moi.fr\/guide\/wp-json\/wp\/v2\/comments?post=167970"}],"version-history":[{"count":3,"href":"https:\/\/guide.reassurez-moi.fr\/guide\/wp-json\/wp\/v2\/pages\/167970\/revisions"}],"predecessor-version":[{"id":215444,"href":"https:\/\/guide.reassurez-moi.fr\/guide\/wp-json\/wp\/v2\/pages\/167970\/revisions\/215444"}],"up":[{"embeddable":true,"href":"https:\/\/guide.reassurez-moi.fr\/guide\/wp-json\/wp\/v2\/pages\/10429"}],"wp:attachment":[{"href":"https:\/\/guide.reassurez-moi.fr\/guide\/wp-json\/wp\/v2\/media?parent=167970"}],"wp:term":[{"taxonomy":"category","embeddable":true,"href":"https:\/\/guide.reassurez-moi.fr\/guide\/wp-json\/wp\/v2\/categories?post=167970"},{"taxonomy":"page_topic","embeddable":true,"href":"https:\/\/guide.reassurez-moi.fr\/guide\/wp-json\/wp\/v2\/page_topic?post=167970"}],"curies":[{"name":"wp","href":"https:\/\/api.w.org\/{rel}","templated":true}]}}