{"id":170138,"date":"2022-01-11T17:00:07","date_gmt":"2022-01-11T16:00:07","guid":{"rendered":"https:\/\/reassurez-moi.fr\/guide\/retraite\/caisse\/carsat-bretagne"},"modified":"2026-01-13T17:14:00","modified_gmt":"2026-01-13T16:14:00","slug":"carsat-bretagne","status":"publish","type":"page","link":"https:\/\/guide.reassurez-moi.fr\/guide\/retraite\/caisse\/carsat-bretagne","title":{"rendered":"Carsat de Bretagne"},"content":{"rendered":"\n<h1 class=\"wp-block-heading\" id=\"comment-contacter-la-carsat-region\">Comment contacter la Carsat Bretagne ?<\/h1>\n\n\n\n<p><strong>Vous souhaitez contacter la Carsat Bretagne pour prendre rendez-vous, obtenir des informations, d\u00e9clarer votre d\u00e9part en retraite ou encore, faire une r\u00e9clamation ? Voici les diff\u00e9rentes moyens de contacter l&rsquo;assurance retraite Bretagne. Toutes les coordonn\u00e9es renseign\u00e9es ici sont gratuites et v\u00e9rifi\u00e9es. <meta charset=\"utf-8\"><\/strong><\/p>\n\n\n\n<h2 class=\"wp-block-heading\" id=\"carsat-region-comment-acceder-a-votre-espace-personnel\">Carsat Bretagne : comment acc\u00e9der \u00e0 votre espace personnel ?<\/h2>\n\n\n\n<p><strong>L&rsquo;assurance retraite Bretagne, comme toutes les autres Carsat<\/strong>, poss\u00e8de un site internet que vous pouvez consulter pour obtenir un renseignement ou, si vous \u00eates adh\u00e9rent, pour vous connecter \u00e0 votre espace personnel et acc\u00e9der aux documents et informations vous concernant vous et votre retraite.<br><br><strong>Vous n&rsquo;avez pas encore d&rsquo;espace personnel Carsat Bretagne mais souhaitez en cr\u00e9er un ?<\/strong> Rien de plus simple ! Pour cela, rendez-vous sur le site en ligne de l&rsquo;assurance retraite Bretagne : carsat-bretagne.fr.<br><br><strong>Une fois sur ce site, suivez les \u00e9tapes suivantes : <\/strong><\/p>\n\n\n\n<ol class=\"wp-block-list\"><li>Cliquez sur \u00ab\u00a0Cr\u00e9er mon compte\u00a0\u00bb (en haut \u00e0 droite de la page d&rsquo;accueil).<\/li><li>Renseignez votre num\u00e9ro de S\u00e9curit\u00e9 sociale et une adresse mail.<\/li><li>Renseignez \u00e9galement vos nom, pr\u00e9nom et date de naissance.<\/li><\/ol>\n\n\n\n<p><strong>Via votre espace personnel, vous pourrez \u00e9galement \u00e9changez des mails avec votre Carsat Bretagne (messagerie interne mise \u00e0 disposition). <\/strong><\/p>\n\n\n\n<div class=\"wp-block-mars-information icon-arrow\"><i class=\"icon\"><\/i><p>Des difficult\u00e9s pour vous connecter \u00e0 votre compte Carsat Bretagne ? Contactez l&rsquo;assistance t\u00e9l\u00e9phonique au 0 971 10 20 10 du lundi au vendredi de 8h \u00e0 17h.<\/p><\/div>\n\n\n\n<h2 class=\"wp-block-heading\" id=\"quelle-est-l-adresse-de-la-carsat-region\">Quelle est l\u2019adresse de la Carsat Bretagne ?<\/h2>\n\n\n\n<p><strong>Vous souhaitez vous rendre en personne aupr\u00e8s de la Carsat Bretagne ? Ou lui faire parvenir un courrier ?<\/strong> Vous aurez dans ce cas besoin de l&rsquo;adresse de la Carsat Bretagne :<\/p>\n\n\n\n<figure class=\"wp-block-table is-style-header-double\"><table><thead><tr><th class=\"has-text-align-center\" data-align=\"center\"><\/th><th class=\"has-text-align-center\" data-align=\"center\">D\u00e9partements inclus<\/th><th class=\"has-text-align-center\" data-align=\"center\">Adresse<\/th><\/tr><\/thead><tbody><tr><td class=\"has-text-align-center\" data-align=\"center\">Carsat Bretagne<\/td><td class=\"has-text-align-center\" data-align=\"center\"><p>C\u00f4tes d&rsquo;Armor (22)<br \/>\nFinist\u00e8re (29)<br \/>\nIlle-et-Vilaine (35)<br \/>\nMorbihan (56)<\/p><\/td><td class=\"has-text-align-center\" data-align=\"center\"><p>236 rue de Ch\u00e2teaugiron<br \/>\n35030 Rennes Cedex 9<\/p><\/td><\/tr><\/tbody><\/table><\/figure>\n\n\n\n<h2 class=\"wp-block-heading\" id=\"quel-est-le-numero-de-telephone-de-la-carsat-region\">Quel est le num\u00e9ro de t\u00e9l\u00e9phone de la Carsat Bretagne ?<\/h2>\n\n\n\n<p><strong>Vous vous demandez comment prendre rendez-vous avec la Carsat Bretagne sans vous d\u00e9placer au pr\u00e9alable ?<\/strong><br><br><strong>Pour contacter la Carsat Bretagne, vous devrez donc composer ce num\u00e9ro : <\/strong><\/p>\n\n\n\n<div style=\"height:10px\" aria-hidden=\"true\" class=\"wp-block-spacer\"><\/div>\n\n\n\n<div class=\"wp-block-image\"><figure class=\"aligncenter size-full is-resized\"><img loading=\"lazy\" decoding=\"async\" src=\"https:\/\/guide.reassurez-moi.fr\/guide\/wp-content\/uploads\/2020\/01\/telephone-cpam.jpg\" alt=\"telephone\" class=\"wp-image-103761\" width=\"50\" height=\"50\"\/><\/figure><\/div>\n\n\n\n<p class=\"has-text-align-center\" style=\"font-size:25px\"><strong>3960<\/strong><\/p>\n\n\n\n<p class=\"has-text-align-center\"><em>Du lundi au vendredi de 8h \u00e0 17h &#8211; Service gratuit + prix d&rsquo;un appel.<\/em><\/p>\n\n\n\n<div style=\"height:10px\" aria-hidden=\"true\" class=\"wp-block-spacer\"><\/div>\n\n\n\n<p><strong>Pour un appel depuis l&rsquo;\u00e9tranger, composez en revanche le : <\/strong>+33 9 71 10 39 60.<br><br><strong>Et, en cas de difficult\u00e9 de connexion \u00e0 votre compte en ligne Carsat Bretagne<\/strong>, vous pouvez contacter l&rsquo;assistance t\u00e9l\u00e9phonique au : 0 971 10 20 10 (du lundi au vendredi de 8h \u00e0 17h).<\/p>\n\n\n\n<h2 class=\"wp-block-heading\" id=\"quels-sont-les-horaires-d-ouverture-de-la-carsat-region\">Quels sont les horaires d\u2019ouverture de la Carsat Bretagne ?<\/h2>\n\n\n\n<p><strong>Si vous souhaitez vous rendre en personne aupr\u00e8s de la Carsat Bretagne<\/strong>, ou tout simplement l&rsquo;appeler durant ses horaires d&rsquo;ouverture, voici le d\u00e9tail des horaires d&rsquo;ouverture de la caisse de retraite Bretagne :<\/p>\n\n\n\n<figure class=\"wp-block-table is-style-header-double\"><table><thead><tr><th class=\"has-text-align-center\" data-align=\"center\">Jours<\/th><th class=\"has-text-align-center\" data-align=\"center\">Horaires de la Carsat Bretagne<\/th><\/tr><\/thead><tbody><tr><td class=\"has-text-align-center\" data-align=\"center\">Lundi<\/td><td class=\"has-text-align-center\" data-align=\"center\">de 8h00 \u00e0 17h00<\/td><\/tr><tr><td class=\"has-text-align-center\" data-align=\"center\">Mardi<\/td><td class=\"has-text-align-center\" data-align=\"center\"><meta charset=\"utf-8\"><meta charset=\"utf-8\">de 8h00 \u00e0 17h00<\/td><\/tr><tr><td class=\"has-text-align-center\" data-align=\"center\">Mercredi<\/td><td class=\"has-text-align-center\" data-align=\"center\"><meta charset=\"utf-8\"><meta charset=\"utf-8\">de 8h00 \u00e0 17h00<\/td><\/tr><tr><td class=\"has-text-align-center\" data-align=\"center\">Jeudi<\/td><td class=\"has-text-align-center\" data-align=\"center\"><meta charset=\"utf-8\"><meta charset=\"utf-8\">de 8h00 \u00e0 17h00<\/td><\/tr><tr><td class=\"has-text-align-center\" data-align=\"center\">Vendredi<\/td><td class=\"has-text-align-center\" data-align=\"center\"><meta charset=\"utf-8\"><meta charset=\"utf-8\">de 8h00 \u00e0 17h00<\/td><\/tr><tr><td class=\"has-text-align-center\" data-align=\"center\">Samedi<\/td><td class=\"has-text-align-center\" data-align=\"center\">Ferm\u00e9<\/td><\/tr><tr><td class=\"has-text-align-center\" data-align=\"center\">Dimanche<\/td><td class=\"has-text-align-center\" data-align=\"center\">Ferm\u00e9<\/td><\/tr><\/tbody><\/table><\/figure>\n\n\n\n<div class=\"wp-block-mars-information icon-warning\"><i class=\"icon\"><\/i><p>Les lignes t\u00e9l\u00e9phoniques de l&rsquo;assurance retraite Bretagne pouvant \u00eatre tr\u00e8s prises, il est recommand\u00e9 d&rsquo;appeler du mercredi au vendredi, de 8h \u00e0 9h30, de 12h30 \u00e0 14h ou encore, de 16h \u00e0 17h. <\/p><\/div>\n\n\n\n<h2 class=\"wp-block-heading\" id=\"quel-est-le-calendrier-de-paiement-de-la-carsat-region\">Quel est le calendrier de paiement de la Carsat Bretagne ?<\/h2>\n\n\n\n<p><strong>Si vous d\u00e9pendez de la Carsat -Moselle<\/strong>, votre retraite sera pay\u00e9e le 1<sup>er<\/sup>&nbsp;jour du mois de la mensualit\u00e9 concern\u00e9e (ou au premier jour ouvr\u00e9 qui suit, s\u2019il s\u2019agit d\u2019un samedi ou d\u2019un jour f\u00e9ri\u00e9) :<\/p>\n\n\n\n<figure class=\"wp-block-table is-style-header-simple\"><table><thead><tr><th class=\"has-text-align-center\" data-align=\"center\">Mois<\/th><th class=\"has-text-align-center\" data-align=\"center\">Date de versement de la retraite<\/th><\/tr><\/thead><tbody><tr><td class=\"has-text-align-center\" data-align=\"center\">D\u00e9cembre 2023<\/td><td class=\"has-text-align-center\" data-align=\"center\">9 janvier 2024<\/td><\/tr><tr><td class=\"has-text-align-center\" data-align=\"center\">Janvier 2024<\/td><td class=\"has-text-align-center\" data-align=\"center\">9 f\u00e9vrier 2024<\/td><\/tr><tr><td class=\"has-text-align-center\" data-align=\"center\">F\u00e9vrier 2024<\/td><td class=\"has-text-align-center\" data-align=\"center\">8 mars 2024<\/td><\/tr><tr><td class=\"has-text-align-center\" data-align=\"center\">Mars 2024<\/td><td class=\"has-text-align-center\" data-align=\"center\">9 avril 2024<\/td><\/tr><tr><td class=\"has-text-align-center\" data-align=\"center\">Avril 2024<\/td><td class=\"has-text-align-center\" data-align=\"center\">7 mai 2024<\/td><\/tr><tr><td class=\"has-text-align-center\" data-align=\"center\">Mai 2024<\/td><td class=\"has-text-align-center\" data-align=\"center\">7 juin 2024<\/td><\/tr><tr><td class=\"has-text-align-center\" data-align=\"center\">Juin 2024<\/td><td class=\"has-text-align-center\" data-align=\"center\">9 juillet 2024<\/td><\/tr><tr><td class=\"has-text-align-center\" data-align=\"center\">Juillet 2024<\/td><td class=\"has-text-align-center\" data-align=\"center\">9 ao\u00fbt 2024<\/td><\/tr><tr><td class=\"has-text-align-center\" data-align=\"center\">Ao\u00fbt 2024<\/td><td class=\"has-text-align-center\" data-align=\"center\">9 septembre 2024<\/td><\/tr><tr><td class=\"has-text-align-center\" data-align=\"center\">Septembre 2024<\/td><td class=\"has-text-align-center\" data-align=\"center\">9 octobre 2024<\/td><\/tr><tr><td class=\"has-text-align-center\" data-align=\"center\">Octobre 2024<\/td><td class=\"has-text-align-center\" data-align=\"center\">8 novembre 2024<\/td><\/tr><tr><td class=\"has-text-align-center\" data-align=\"center\">Novembre 2024<\/td><td class=\"has-text-align-center\" data-align=\"center\">9 d\u00e9cembre 2024<\/td><\/tr><\/tbody><\/table><\/figure>\n\n\n\n<h2 class=\"wp-block-heading\" id=\"pour-quelles-raisons-contacter-l-assurance-retraite-region\">Pour quelles raisons contacter l\u2019assurance retraite Bretagne ?<\/h2>\n\n\n\n<p><strong>Plusieurs raisons peuvent motiver votre souhait de contacter la Carsat Bretagne, \u00e0 savoir : <\/strong><\/p>\n\n\n\n<ul class=\"wp-block-list\"><li><strong>obtenir un renseignement ou un document en lien avec votre retraite <\/strong><\/li><\/ul>\n\n\n\n<ul class=\"wp-block-list\"><li><strong>demander \u00e0 b\u00e9n\u00e9ficier de l&rsquo;allocation de cessation anticip\u00e9e d&rsquo;activit\u00e9 des travailleurs de l&rsquo;amiante (ATA) <\/strong><\/li><\/ul>\n\n\n\n<ul class=\"wp-block-list\"><li><strong>demander \u00e0 b\u00e9n\u00e9ficier d&rsquo;une aide sociale<\/strong><\/li><\/ul>\n\n\n\n<ul class=\"wp-block-list\"><li><strong>d\u00e9clarer votre d\u00e9part en retraite <\/strong><\/li><\/ul>\n\n\n\n<ul class=\"wp-block-list\"><li><strong>d\u00e9clarer un changement de situation personnelle <\/strong><\/li><\/ul>\n\n\n\n<ul class=\"wp-block-list\"><li><strong>D\u00e9clarer le d\u00e9c\u00e8s d&rsquo;un adh\u00e9rent \u00e0 la Carsat Bretagne<\/strong><\/li><\/ul>\n\n\n\n<ul class=\"wp-block-list\"><li><strong>conna\u00eetre les processus de recrutement de la Carsat Bretagne <\/strong><\/li><\/ul>\n\n\n\n<ul class=\"wp-block-list\"><li><strong>faire une r\u00e9clamation aupr\u00e8s de la Carsat Bretagne<\/strong><\/li><\/ul>\n\n\n\n<p><strong>L&rsquo;adresse de la commission de recours amiable de la Carsat Bretagne est la suivante : <\/strong><\/p>\n\n\n\n<div style=\"height:10px\" aria-hidden=\"true\" class=\"wp-block-spacer\"><\/div>\n\n\n\n<div class=\"wp-block-image\"><figure class=\"aligncenter size-full is-resized\"><img loading=\"lazy\" decoding=\"async\" src=\"https:\/\/guide.reassurez-moi.fr\/guide\/wp-content\/uploads\/2019\/08\/courrier.jpg\" alt=\"courrier\" class=\"wp-image-71241\" width=\"50\" height=\"50\"\/><\/figure><\/div>\n\n\n\n<p class=\"has-text-align-center\"><strong>Le m\u00e9diateur de l&rsquo;Assurance retraite<\/strong><br>Cnav, 110 avenue de Flandre<br>75951 Paris Cedex 19<\/p>\n\n\n\n<div style=\"height:10px\" aria-hidden=\"true\" class=\"wp-block-spacer\"><\/div>\n\n\n\n<p><strong>Vous pouvez \u00e9galement contacter le m\u00e9diateur de la Carsat Bretagne par mail : <\/strong><\/p>\n\n\n\n<div class=\"wp-block-image\"><figure class=\"aligncenter size-full is-resized\"><img loading=\"lazy\" decoding=\"async\" src=\"https:\/\/guide.reassurez-moi.fr\/guide\/wp-content\/uploads\/2020\/03\/mail.jpg\" alt=\"mail\" class=\"wp-image-115726\" width=\"50\" height=\"50\"\/><\/figure><\/div>\n\n\n\n<p class=\"has-text-align-center\">mediateur@cnav.fr<\/p>\n\n\n\n<div style=\"height:25px\" aria-hidden=\"true\" class=\"wp-block-spacer\"><\/div>\n\n\n\n<div class=\"flex  wp-block-rm-advertizing-block \"><div class=\"\n                    rm-advertblock-container\n                    flex flex-column justify-center\n                    align-items-center w-full\n                \"><p class=\"wp-block-rm-advertizing-text\n                              \n                            \">Partez \u00e0 la retraite sereinement gr\u00e2ce \u00e0 un accompagnement personnalis\u00e9 <\/p><a href=\"https:\/\/reassurez-moi.fr\/guide\/retraite\/comment-preparer-sa-retraite\" class=\"wp-block-rm-advertizing-button\"><span class=\"wp-block-rm-advertizing-button-text\">J&rsquo;en profite <\/span><\/a><\/div><\/div>\n\n","protected":false},"excerpt":{"rendered":"<p>Comment contacter la Carsat Bretagne ? Vous souhaitez contacter la Carsat Bretagne pour prendre rendez-vous, obtenir des informations, d\u00e9clarer votre d\u00e9part en retraite ou encore, faire une r\u00e9clamation ? Voici les diff\u00e9rentes moyens de contacter l&rsquo;assurance retraite Bretagne. Toutes les coordonn\u00e9es renseign\u00e9es ici sont gratuites et v\u00e9rifi\u00e9es. Carsat Bretagne : comment acc\u00e9der \u00e0 votre espace [&hellip;]<\/p>\n","protected":false},"author":61,"featured_media":0,"parent":169549,"menu_order":0,"comment_status":"closed","ping_status":"closed","template":"","meta":{"_acf_changed":false,"footnotes":""},"categories":[],"page_topic":[602],"class_list":["post-170138","page","type-page","status-publish","hentry"],"yoast_head":"<!-- This site is optimized with the Yoast SEO plugin v24.7 - https:\/\/yoast.com\/wordpress\/plugins\/seo\/ -->\n<title>Comment contacter la Carsat de Bretagne ? Mise \u00e0 jour 2026<\/title>\n<meta name=\"description\" content=\"Tous les contacts pour joindre rapidement l&#039;assurance retraite de Bretagne : t\u00e9l\u00e9phone, adresse et mail - Services v\u00e9rifi\u00e9s &amp; actualis\u00e9s !\" \/>\n<meta name=\"robots\" content=\"index, follow, max-snippet:-1, max-image-preview:large, max-video-preview:-1\" \/>\n<link rel=\"canonical\" href=\"https:\/\/guide.reassurez-moi.fr\/guide\/retraite\/caisse\/carsat-bretagne\" \/>\n<meta property=\"og:locale\" content=\"fr_FR\" \/>\n<meta property=\"og:type\" content=\"article\" \/>\n<meta property=\"og:title\" content=\"Comment contacter la Carsat de Bretagne ? Mise \u00e0 jour %%currentyear%%\" \/>\n<meta property=\"og:description\" content=\"Tous les contacts pour joindre rapidement l&#039;assurance retraite de Bretagne : t\u00e9l\u00e9phone, adresse et mail - Services v\u00e9rifi\u00e9s &amp; actualis\u00e9s !\" \/>\n<meta property=\"og:url\" content=\"https:\/\/guide.reassurez-moi.fr\/guide\/retraite\/caisse\/carsat-bretagne\" \/>\n<meta property=\"og:site_name\" content=\"R\u00e9assurez-moi\" \/>\n<meta property=\"article:publisher\" content=\"https:\/\/www.facebook.com\/R%c3%a9assurez-moi-209456495889479\/\" \/>\n<meta property=\"article:modified_time\" content=\"2026-01-13T16:14:00+00:00\" \/>\n<meta property=\"og:image\" content=\"https:\/\/guide.reassurez-moi.fr\/guide\/wp-content\/uploads\/2018\/04\/image-de-partage.png\" \/>\n\t<meta property=\"og:image:width\" content=\"500\" \/>\n\t<meta property=\"og:image:height\" content=\"160\" \/>\n\t<meta property=\"og:image:type\" content=\"image\/png\" \/>\n<meta name=\"twitter:card\" content=\"summary_large_image\" \/>\n<meta name=\"twitter:site\" content=\"@reassurezmoi\" \/>\n<script type=\"application\/ld+json\" class=\"yoast-schema-graph\">{\"@context\":\"https:\/\/schema.org\",\"@graph\":[{\"@type\":\"WebPage\",\"@id\":\"https:\/\/guide.reassurez-moi.fr\/guide\/retraite\/caisse\/carsat-bretagne\",\"url\":\"https:\/\/guide.reassurez-moi.fr\/guide\/retraite\/caisse\/carsat-bretagne\",\"name\":\"Carsat de Bretagne | R\u00e9assurez-moi\",\"isPartOf\":{\"@id\":\"https:\/\/guide.reassurez-moi.fr\/guide\/#website\"},\"datePublished\":\"2022-01-11T16:00:07+00:00\",\"dateModified\":\"2026-01-13T16:14:00+00:00\",\"breadcrumb\":{\"@id\":\"https:\/\/guide.reassurez-moi.fr\/guide\/retraite\/caisse\/carsat-bretagne#breadcrumb\"},\"inLanguage\":\"fr-FR\",\"potentialAction\":[{\"@type\":\"ReadAction\",\"target\":[\"https:\/\/guide.reassurez-moi.fr\/guide\/retraite\/caisse\/carsat-bretagne\"]}]},{\"@type\":\"BreadcrumbList\",\"@id\":\"https:\/\/guide.reassurez-moi.fr\/guide\/retraite\/caisse\/carsat-bretagne#breadcrumb\",\"itemListElement\":[{\"@type\":\"ListItem\",\"position\":1,\"name\":\"Assurances\",\"item\":\"https:\/\/guide.reassurez-moi.fr\/guide\/\"},{\"@type\":\"ListItem\",\"position\":2,\"name\":\"Retraite\",\"item\":\"https:\/\/guide.reassurez-moi.fr\/guide\/retraite\"},{\"@type\":\"ListItem\",\"position\":3,\"name\":\"Caisses de retraite\",\"item\":\"https:\/\/guide.reassurez-moi.fr\/guide\/retraite\/caisse\"},{\"@type\":\"ListItem\",\"position\":4,\"name\":\"Carsat de Bretagne\"}]},{\"@type\":\"WebSite\",\"@id\":\"https:\/\/guide.reassurez-moi.fr\/guide\/#website\",\"url\":\"https:\/\/guide.reassurez-moi.fr\/guide\/\",\"name\":\"R\u00e9assurez-moi\",\"description\":\"Comparateur d&#039;assurances\",\"potentialAction\":[{\"@type\":\"SearchAction\",\"target\":{\"@type\":\"EntryPoint\",\"urlTemplate\":\"https:\/\/guide.reassurez-moi.fr\/guide\/?s={search_term_string}\"},\"query-input\":{\"@type\":\"PropertyValueSpecification\",\"valueRequired\":true,\"valueName\":\"search_term_string\"}}],\"inLanguage\":\"fr-FR\"}]}<\/script>\n<!-- \/ Yoast SEO plugin. -->","yoast_head_json":{"title":"Comment contacter la Carsat de Bretagne ? Mise \u00e0 jour 2026","description":"Tous les contacts pour joindre rapidement l'assurance retraite de Bretagne : t\u00e9l\u00e9phone, adresse et mail - Services v\u00e9rifi\u00e9s & actualis\u00e9s !","robots":{"index":"index","follow":"follow","max-snippet":"max-snippet:-1","max-image-preview":"max-image-preview:large","max-video-preview":"max-video-preview:-1"},"canonical":"https:\/\/guide.reassurez-moi.fr\/guide\/retraite\/caisse\/carsat-bretagne","og_locale":"fr_FR","og_type":"article","og_title":"Comment contacter la Carsat de Bretagne ? Mise \u00e0 jour %%currentyear%%","og_description":"Tous les contacts pour joindre rapidement l'assurance retraite de Bretagne : t\u00e9l\u00e9phone, adresse et mail - Services v\u00e9rifi\u00e9s & actualis\u00e9s !","og_url":"https:\/\/guide.reassurez-moi.fr\/guide\/retraite\/caisse\/carsat-bretagne","og_site_name":"R\u00e9assurez-moi","article_publisher":"https:\/\/www.facebook.com\/R%c3%a9assurez-moi-209456495889479\/","article_modified_time":"2026-01-13T16:14:00+00:00","og_image":[{"width":500,"height":160,"url":"https:\/\/guide.reassurez-moi.fr\/guide\/wp-content\/uploads\/2018\/04\/image-de-partage.png","type":"image\/png"}],"twitter_card":"summary_large_image","twitter_site":"@reassurezmoi","schema":{"@context":"https:\/\/schema.org","@graph":[{"@type":"WebPage","@id":"https:\/\/guide.reassurez-moi.fr\/guide\/retraite\/caisse\/carsat-bretagne","url":"https:\/\/guide.reassurez-moi.fr\/guide\/retraite\/caisse\/carsat-bretagne","name":"Carsat de Bretagne | R\u00e9assurez-moi","isPartOf":{"@id":"https:\/\/guide.reassurez-moi.fr\/guide\/#website"},"datePublished":"2022-01-11T16:00:07+00:00","dateModified":"2026-01-13T16:14:00+00:00","breadcrumb":{"@id":"https:\/\/guide.reassurez-moi.fr\/guide\/retraite\/caisse\/carsat-bretagne#breadcrumb"},"inLanguage":"fr-FR","potentialAction":[{"@type":"ReadAction","target":["https:\/\/guide.reassurez-moi.fr\/guide\/retraite\/caisse\/carsat-bretagne"]}]},{"@type":"BreadcrumbList","@id":"https:\/\/guide.reassurez-moi.fr\/guide\/retraite\/caisse\/carsat-bretagne#breadcrumb","itemListElement":[{"@type":"ListItem","position":1,"name":"Assurances","item":"https:\/\/guide.reassurez-moi.fr\/guide\/"},{"@type":"ListItem","position":2,"name":"Retraite","item":"https:\/\/guide.reassurez-moi.fr\/guide\/retraite"},{"@type":"ListItem","position":3,"name":"Caisses de retraite","item":"https:\/\/guide.reassurez-moi.fr\/guide\/retraite\/caisse"},{"@type":"ListItem","position":4,"name":"Carsat de Bretagne"}]},{"@type":"WebSite","@id":"https:\/\/guide.reassurez-moi.fr\/guide\/#website","url":"https:\/\/guide.reassurez-moi.fr\/guide\/","name":"R\u00e9assurez-moi","description":"Comparateur d&#039;assurances","potentialAction":[{"@type":"SearchAction","target":{"@type":"EntryPoint","urlTemplate":"https:\/\/guide.reassurez-moi.fr\/guide\/?s={search_term_string}"},"query-input":{"@type":"PropertyValueSpecification","valueRequired":true,"valueName":"search_term_string"}}],"inLanguage":"fr-FR"}]}},"acf":[],"_links":{"self":[{"href":"https:\/\/guide.reassurez-moi.fr\/guide\/wp-json\/wp\/v2\/pages\/170138","targetHints":{"allow":["GET"]}}],"collection":[{"href":"https:\/\/guide.reassurez-moi.fr\/guide\/wp-json\/wp\/v2\/pages"}],"about":[{"href":"https:\/\/guide.reassurez-moi.fr\/guide\/wp-json\/wp\/v2\/types\/page"}],"author":[{"embeddable":true,"href":"https:\/\/guide.reassurez-moi.fr\/guide\/wp-json\/wp\/v2\/users\/61"}],"replies":[{"embeddable":true,"href":"https:\/\/guide.reassurez-moi.fr\/guide\/wp-json\/wp\/v2\/comments?post=170138"}],"version-history":[{"count":1,"href":"https:\/\/guide.reassurez-moi.fr\/guide\/wp-json\/wp\/v2\/pages\/170138\/revisions"}],"predecessor-version":[{"id":214538,"href":"https:\/\/guide.reassurez-moi.fr\/guide\/wp-json\/wp\/v2\/pages\/170138\/revisions\/214538"}],"up":[{"embeddable":true,"href":"https:\/\/guide.reassurez-moi.fr\/guide\/wp-json\/wp\/v2\/pages\/169549"}],"wp:attachment":[{"href":"https:\/\/guide.reassurez-moi.fr\/guide\/wp-json\/wp\/v2\/media?parent=170138"}],"wp:term":[{"taxonomy":"category","embeddable":true,"href":"https:\/\/guide.reassurez-moi.fr\/guide\/wp-json\/wp\/v2\/categories?post=170138"},{"taxonomy":"page_topic","embeddable":true,"href":"https:\/\/guide.reassurez-moi.fr\/guide\/wp-json\/wp\/v2\/page_topic?post=170138"}],"curies":[{"name":"wp","href":"https:\/\/api.w.org\/{rel}","templated":true}]}}