{"id":172342,"date":"2022-09-20T12:10:52","date_gmt":"2022-09-20T10:10:52","guid":{"rendered":"https:\/\/reassurez-moi.fr\/guide\/retraite\/caisse\/ircec"},"modified":"2026-01-13T17:04:55","modified_gmt":"2026-01-13T16:04:55","slug":"ircec","status":"publish","type":"page","link":"https:\/\/guide.reassurez-moi.fr\/guide\/retraite\/caisse\/ircec","title":{"rendered":"Caisse de retraite IRCEC"},"content":{"rendered":"\n<h1 class=\"wp-block-heading\">IRCEC : retraite, cotisations et contact <\/h1>\n\n\n\n<p><strong>Toutes les informations n\u00e9cessaires sur votre caisse de retraite IRCEC afin de g\u00e9rer vos d\u00e9marches administratives et b\u00e9n\u00e9ficier de toutes les informations pour les contacter comment la contacter.<\/strong><\/p>\n\n\n\n<h2 class=\"wp-block-heading\">Quelles professions sont affili\u00e9es \u00e0 l&#039;IRCEC ?<\/h2>\n\n\n\n<p><strong>Si vous \u00eates salari\u00e9 de la fonction priv\u00e9e ou publique, c&rsquo;est votre employeur qui se charge de pr\u00e9lever vos cotisations de retraite<\/strong> (calcul\u00e9e en fonction de votre salaire) et de les reverser \u00e0 la <a href=\"https:\/\/reassurez-moi.fr\/guide\/retraite\/caisse\">caisse de retraite<\/a> correspondant \u00e0 votre secteur d&rsquo;activit\u00e9.<br><br><strong>Voici les secteurs professionnels associ\u00e9s \u00e0 la caisse de retraite IRCEC : <\/strong><\/p>\n\n\n\n<p>Artistes et auteurs d&rsquo;oeuvres originales<\/p>\n\n\n\n<h2 class=\"wp-block-heading\">Comment contacter la caisse de retraite IRCEC ?<\/h2>\n\n\n\n<p><strong>Voici les moyens de contacter<\/strong> l&#039;IRCEC :<\/p>\n\n\n\n<ul class=\"wp-block-list\">\n<li><strong>Directement sur le site internet de l&#039;IRCEC.<\/strong><\/li>\n<\/ul>\n\n\n<ul class=\"wp-block-list\">\n<li><strong>En envoyant un mail \u00e0 l&rsquo;adresse mail suivante :<\/strong> contact@ircec.fr<\/li>\n<\/ul>\n<!-- \/wp:list -->\n\n<!-- wp:spacer {\"height\":\"10px\"} -->\n<div style=\"height:10px\" aria-hidden=\"true\" class=\"wp-block-spacer\"><\/div>\n<!-- \/wp:spacer -->\n<ul class=\"wp-block-list\"><!-- wp:list-item -->\n<li><strong>En joignant la caisse de retraite IRCEC par t\u00e9l\u00e9phone au : <\/strong>01 80 50 18 88<\/li>\n<!-- \/wp:list-item --><\/ul>\n<!-- \/wp:list -->\n\n<!-- wp:paragraph {\"align\":\"left\"} -->\n<p class=\"has-text-align-left\">Du lundi au vendredi de 9h45 \u00e0 16h30.<\/p>\n<!-- \/wp:paragraph -->\n\n<!-- wp:spacer {\"height\":\"10px\"} -->\n<div style=\"height:10px\" aria-hidden=\"true\" class=\"wp-block-spacer\"><\/div>\n<!-- \/wp:spacer -->\n<ul class=\"wp-block-list\"><!-- wp:list-item -->\n<li><strong>En contactant votre caisse de retraite par courrier \u00e0 l&rsquo;adresse suivante :<\/strong><\/li>\n<!-- \/wp:list-item --><\/ul>\n<!-- \/wp:list -->\n\n<!-- wp:paragraph {\"align\":\"left\"} -->\n<p class=\"has-text-align-left\"><p>IRCEC<br \/>\n30 Rue de la Victoire<br \/>\n75009 Paris<\/p><\/p>\n<!-- \/wp:paragraph -->\n<!-- wp:heading -->\n<h2 class=\"wp-block-heading\">Quelles sont les aides de la caisse de retraite IRCEC ?<\/h2>\n<!-- \/wp:heading -->\n\n<!-- wp:paragraph -->\n<p><strong>Les caisses de retraite peuvent proposer des aides financi\u00e8res et mat\u00e9rielles aux retrait\u00e9s en difficult\u00e9. <\/strong>Objectif de la d\u00e9marche, permettre au plus grand nombre de continuer \u00e0 vivre son quotidien en toute autonomie et dans les meilleures conditions possibles.<\/p>\n<!-- \/wp:paragraph -->\n\n\n<!-- wp:paragraph -->\n<p><strong>N&rsquo;h\u00e9sitez pas \u00e0 contacter votre caisse de retraite pour savoir si vous pouvez b\u00e9n\u00e9ficier de l&rsquo;une de ces aides <\/strong>(si vous avez plusieurs caisses de retraite, adressez-vous \u00e0 celle aupr\u00e8s de laquelle vous avez le plus cotis\u00e9). <\/p>\n<!-- \/wp:paragraph -->\n\n<!-- wp:mars\/information {\"icon\":\"warning\"} -->\n<div class=\"wp-block-mars-information icon-warning without-background\"><i class=\"icon\"><\/i><p>Si vous b\u00e9n\u00e9ficiez de l&rsquo;allocation personnalis\u00e9e d&rsquo;autonomie (APA), ou si vous y \u00eates \u00e9ligible, vous ne pourrez pas obtenir une aide \u00e9quivalente de la part de votre caisse de retraite.<\/p><\/div>\n<!-- \/wp:mars\/information -->\n\n<!-- wp:heading -->\n<h2 class=\"wp-block-heading\">Quel est le montant des cotisations de retraite avec l&#039;IRCEC ?<\/h2>\n<!-- \/wp:heading -->\n\n<!-- wp:paragraph -->\n<p><strong>Toutes les caisses de retraite ne se basent pas sur les m\u00eames crit\u00e8res pour calculer vos cotisations de retraite.<\/strong> Ainsi, dans le cas de la caisse de retraite IRCEC, voici le mode de calcul des cotisations :<\/p>\n<!-- \/wp:paragraph -->\n\n<!-- wp:paragraph {\"align\":\"center\"} -->\n<p class=\"has-text-align-center\"><p>Retraite compl\u00e9mentaire = Valeur du point X Nombre de points X Taux de pension<\/p><\/p>\n<!-- \/wp:paragraph -->\n\n<!-- wp:spacer {\"height\":\"10px\"} -->\n<div style=\"height:10px\" aria-hidden=\"true\" class=\"wp-block-spacer\"><\/div>\n<!-- \/wp:spacer -->\n\n<!-- wp:quote -->\n<blockquote class=\"wp-block-quote\"><!-- wp:paragraph -->\n<p>Si vous d\u00e9cidez de b\u00e9n\u00e9ficier du dispositif de retraite progressive, sachez que vous continuez \u00e0 cotiser pendant cette p\u00e9riode de transition. Les trimestres cumul\u00e9s durant votre retraite progressive devront \u00eatre pris en compte au moment du versement d\u00e9finitif de votre retraite.<\/p>\n<!-- \/wp:paragraph --><\/blockquote>\n<!-- \/wp:quote -->\n\n<!-- wp:paragraph -->\n<p><strong>\u00c0 environ deux ans de votre d\u00e9part en retraite, il est conseill\u00e9 de demander votre relev\u00e9 de carri\u00e8re \u00e0 votre caisse de retraite (ou \u00e0 vos caisses). <\/strong>Ce document recense l&rsquo;ensemble de vos droits \u00e0 la retraite.<\/p>\n<!-- \/wp:paragraph -->\n\n\n<!-- wp:heading -->\n<h2 class=\"wp-block-heading\">Comment constituer son dossier de retraite avec l&#039;IRCEC ? <\/h2>\n<!-- \/wp:heading -->\n\n<!-- wp:paragraph -->\n<p><strong>Il est d\u00e9sormais possible de constituer votre dossier de d\u00e9part en retraite en ligne, directement sur le site internet de l&#039;IRCEC.<\/strong><\/p>\n<!-- \/wp:paragraph -->\n\n<!-- wp:quote -->\n<blockquote class=\"wp-block-quote\"><!-- wp:paragraph -->\n<p>Il est plus que recommand\u00e9 &#8211; pour toucher votre pension de retraite \u00e0 temps &#8211; de d\u00e9marcher votre caisse 4 \u00e0 6 mois avant votre date effective de d\u00e9part en retraite.<\/p>\n<!-- \/wp:paragraph --><\/blockquote>\n<!-- \/wp:quote -->\n\n<!-- wp:paragraph -->\n<p><strong>Plusieurs documents vous seront demand\u00e9es pour justifier de ce d\u00e9part en retraite :<\/strong><\/p>\n<!-- \/wp:paragraph -->\n\n<!-- wp:list {\"className\":\"is-style-default\"} -->\n<ul class=\"wp-block-list is-style-default\"><!-- wp:list-item -->\n<li>votre formulaire de demande de retraite compl\u00e9t\u00e9 et sign\u00e9 ;<\/li>\n<!-- \/wp:list-item -->\n\n<!-- wp:list-item -->\n<li>une copie de votre pi\u00e8ce d&rsquo;identit\u00e9 en cours de validit\u00e9 ;<\/li>\n<!-- \/wp:list-item -->\n\n<!-- wp:list-item -->\n<li>un document prouvant votre nationalit\u00e9 (livret de famille par exemple) ;<\/li>\n<!-- \/wp:list-item -->\n\n<!-- wp:list-item -->\n<li>un copie de votre dernier avis d&rsquo;imposition ;<\/li>\n<!-- \/wp:list-item -->\n\n<!-- wp:list-item -->\n<li>un relev\u00e9 d&rsquo;identit\u00e9 bancaire (RIB) ; <\/li>\n<!-- \/wp:list-item -->\n\n<!-- wp:list-item -->\n<li>les bulletins de paye de votre derni\u00e8re ann\u00e9e d&rsquo;activit\u00e9 ou une attestation de votre employeur ; <\/li>\n<!-- \/wp:list-item -->\n\n<!-- wp:list-item -->\n<li><span style=\"color: initial; font-family: -apple-system, BlinkMacSystemFont, \"Segoe UI\", Roboto, Oxygen-Sans, Ubuntu, Cantarell, \"Helvetica Neue\", sans-serif;\">une attestation P\u00f4le Emploi de vos \u00e9ventuelles p\u00e9riodes de ch\u00f4mage<\/span> ;<\/li>\n<!-- \/wp:list-item -->\n\n<!-- wp:list-item -->\n<li>une attestation de la CPAM ou le d\u00e9tail de vos indemnit\u00e9s journali\u00e8res ces 2 derni\u00e8res ann\u00e9es ;<\/li>\n<!-- \/wp:list-item -->\n\n<!-- wp:list-item -->\n<li>une attestation de carri\u00e8re longue si vous \u00eates dans ce cas de figure. <\/li>\n<!-- \/wp:list-item --><\/ul>\n<!-- \/wp:list -->\n\n<!-- wp:spacer {\"height\":\"20px\"} -->\n<div style=\"height:20px\" aria-hidden=\"true\" class=\"wp-block-spacer\"><\/div>\n<!-- \/wp:spacer -->\n\n<!-- wp:mars\/information {\"icon\":\"glass\"} -->\n<div class=\"wp-block-mars-information icon-glass without-background\"><i class=\"icon\"><\/i><p>Pr\u00e9parer sa retraite c&rsquo;est une d\u00e9marche administrative, mais c&rsquo;est aussi une pr\u00e9paration psychologique \u00e0 cette nouvelle \u00e9tape de votre vie ! Si vous avez besoin d&rsquo;aide pour pr\u00e9parer votre d\u00e9part \u00e0 la retraite, n&rsquo;h\u00e9sitez pas \u00e0 vous faire accompagner.<\/p><\/div>\n<!-- \/wp:mars\/information -->\n\n<!-- wp:heading -->\n<h2 class=\"wp-block-heading\">Comment envoyer des documents \u00e0 la caisse de retraite IRCEC ?<\/h2>\n<!-- \/wp:heading -->\n\n<!-- wp:paragraph -->\n<p><strong>Pour envoyer ces documents \u00e0 votre caisse de retraite IRCEC, plusieurs options s&rsquo;offrent \u00e0 vous : <\/strong><\/p>\n<!-- \/wp:paragraph -->\n\n<!-- wp:list -->\n<ul class=\"wp-block-list\"><!-- wp:list-item -->\n<li>Vous connecter \u00e0 votre espace personnel sur le site de l&#039;IRCEC en ligne et transmettre vos documents de mani\u00e8re d\u00e9mat\u00e9rialis\u00e9e.<\/li>\n<!-- \/wp:list-item --><\/ul>\n<!-- \/wp:list -->\n\n<ul class=\"wp-block-list\"><!-- wp:list-item -->\n<li>Envoyer vos documents par mail \u00e0 : contact@ircec.fr<\/li>\n<!-- \/wp:list-item --><\/ul>\n<!-- \/wp:list -->\n<ul class=\"wp-block-list\"><!-- wp:list-item -->\n<li>Envoyer vos documents par courrier \u00e0 cette adresse : <\/li>\n<!-- \/wp:list-item --><\/ul>\n<!-- \/wp:list -->\n\n<!-- wp:paragraph {\"align\":\"left\"} -->\n<p class=\"has-text-align-left\"><p>IRCEC<br \/>\n30 Rue de la Victoire<br \/>\n75009 Paris<\/p><\/p>\n<!-- \/wp:paragraph -->\n<!-- wp:heading -->\n<h2 class=\"wp-block-heading\">O\u00f9 trouver son num\u00e9ro de cotisant \u00e0 la caisse de retraite IRCEC ?<\/h2>\n<!-- \/wp:heading -->\n\n<!-- wp:paragraph -->\n<p><strong>Votre num\u00e9ro de retraite doit figurer sur votre notification de pension de retraite<\/strong>, document qui vous a \u00e9t\u00e9 envoy\u00e9 lors de la prise d&rsquo;effet de votre retraite. Votre num\u00e9ro de cotisant \u00e0 la caisse de retraite IRCEC peut \u00e9galement \u00eatre consult\u00e9 sur votre derni\u00e8re attestation fiscale. <\/p>\n<!-- \/wp:paragraph -->\n\n<!-- wp:mars\/information -->\n<div class=\"wp-block-mars-information icon-info without-background\"><i class=\"icon\"><\/i><p>Le num\u00e9ro de cotisant \u00e0 la caisse de retraite est compos\u00e9 de\u00a0caract\u00e8res alphanum\u00e9riques et se termine par une lettre.<\/p><\/div>\n<!-- \/wp:mars\/information -->\n\n<!-- wp:paragraph -->\n<p><strong>Et, pour trouver la meilleure mutuelle, adapt\u00e9e \u00e0 vos besoins de sant\u00e9 et \u00e0 votre portefeuille<\/strong>, n&rsquo;h\u00e9sitez pas \u00e0 utiliser notre comparateur en ligne de compl\u00e9mentaires sant\u00e9. Notre outil est gratuit et vous proposeras en quelques minutes des devis tarif\u00e9s adapt\u00e9s \u00e0 vos attentes : <\/p>\n<!-- \/wp:paragraph -->\n\n<!-- wp:spacer {\"height\":\"20px\"} -->\n<div style=\"height:20px\" aria-hidden=\"true\" class=\"wp-block-spacer\"><\/div>\n<!-- \/wp:spacer -->\n\n<!-- wp:block {\"ref\":185684} \/-->","protected":false},"excerpt":{"rendered":"<p>IRCEC : retraite, cotisations et contact Toutes les informations n\u00e9cessaires sur votre caisse de retraite IRCEC afin de g\u00e9rer vos d\u00e9marches administratives et b\u00e9n\u00e9ficier de toutes les informations pour les contacter comment la contacter. Quelles professions sont affili\u00e9es \u00e0 l&#039;IRCEC ? Si vous \u00eates salari\u00e9 de la fonction priv\u00e9e ou publique, c&rsquo;est votre employeur qui [&hellip;]<\/p>\n","protected":false},"author":61,"featured_media":0,"parent":169549,"menu_order":0,"comment_status":"closed","ping_status":"closed","template":"","meta":{"_acf_changed":false,"footnotes":""},"categories":[],"page_topic":[602],"class_list":["post-172342","page","type-page","status-publish","hentry"],"yoast_head":"<!-- This site is optimized with the Yoast SEO plugin v24.7 - https:\/\/yoast.com\/wordpress\/plugins\/seo\/ -->\n<title>IRCEC : prise de rendez-vous, horaires et contact <\/title>\n<meta name=\"description\" content=\"Coordonn\u00e9es de contact et services disponibles de la caisse de retraite IRCEC. Adresse, t\u00e9l\u00e9phone et formulaire de prise de rendez-vous.\" \/>\n<meta name=\"robots\" content=\"index, follow, max-snippet:-1, max-image-preview:large, max-video-preview:-1\" \/>\n<link rel=\"canonical\" href=\"https:\/\/guide.reassurez-moi.fr\/guide\/retraite\/caisse\/ircec\" \/>\n<meta property=\"og:locale\" content=\"fr_FR\" \/>\n<meta property=\"og:type\" content=\"article\" \/>\n<meta property=\"og:title\" content=\"IRCEC : prise de rendez-vous, horaires et contact\" \/>\n<meta property=\"og:description\" content=\"Coordonn\u00e9es de contact et services disponibles de la caisse de retraite IRCEC. Adresse, t\u00e9l\u00e9phone et formulaire de prise de rendez-vous.\" \/>\n<meta property=\"og:url\" content=\"https:\/\/guide.reassurez-moi.fr\/guide\/retraite\/caisse\/ircec\" \/>\n<meta property=\"og:site_name\" content=\"R\u00e9assurez-moi\" \/>\n<meta property=\"article:publisher\" content=\"https:\/\/www.facebook.com\/R%c3%a9assurez-moi-209456495889479\/\" \/>\n<meta property=\"article:modified_time\" content=\"2026-01-13T16:04:55+00:00\" \/>\n<meta property=\"og:image\" content=\"https:\/\/guide.reassurez-moi.fr\/guide\/wp-content\/uploads\/2018\/04\/image-de-partage.png\" \/>\n\t<meta property=\"og:image:width\" content=\"500\" \/>\n\t<meta property=\"og:image:height\" content=\"160\" \/>\n\t<meta property=\"og:image:type\" content=\"image\/png\" \/>\n<meta name=\"twitter:card\" content=\"summary_large_image\" \/>\n<meta name=\"twitter:site\" content=\"@reassurezmoi\" \/>\n<script type=\"application\/ld+json\" class=\"yoast-schema-graph\">{\"@context\":\"https:\/\/schema.org\",\"@graph\":[{\"@type\":\"WebPage\",\"@id\":\"https:\/\/guide.reassurez-moi.fr\/guide\/retraite\/caisse\/ircec\",\"url\":\"https:\/\/guide.reassurez-moi.fr\/guide\/retraite\/caisse\/ircec\",\"name\":\"Caisse de retraite IRCEC | R\u00e9assurez-moi\",\"isPartOf\":{\"@id\":\"https:\/\/guide.reassurez-moi.fr\/guide\/#website\"},\"datePublished\":\"2022-09-20T10:10:52+00:00\",\"dateModified\":\"2026-01-13T16:04:55+00:00\",\"breadcrumb\":{\"@id\":\"https:\/\/guide.reassurez-moi.fr\/guide\/retraite\/caisse\/ircec#breadcrumb\"},\"inLanguage\":\"fr-FR\",\"potentialAction\":[{\"@type\":\"ReadAction\",\"target\":[\"https:\/\/guide.reassurez-moi.fr\/guide\/retraite\/caisse\/ircec\"]}]},{\"@type\":\"BreadcrumbList\",\"@id\":\"https:\/\/guide.reassurez-moi.fr\/guide\/retraite\/caisse\/ircec#breadcrumb\",\"itemListElement\":[{\"@type\":\"ListItem\",\"position\":1,\"name\":\"Assurances\",\"item\":\"https:\/\/guide.reassurez-moi.fr\/guide\/\"},{\"@type\":\"ListItem\",\"position\":2,\"name\":\"Retraite\",\"item\":\"https:\/\/guide.reassurez-moi.fr\/guide\/retraite\"},{\"@type\":\"ListItem\",\"position\":3,\"name\":\"Caisses de retraite\",\"item\":\"https:\/\/guide.reassurez-moi.fr\/guide\/retraite\/caisse\"},{\"@type\":\"ListItem\",\"position\":4,\"name\":\"Caisse de retraite IRCEC\"}]},{\"@type\":\"WebSite\",\"@id\":\"https:\/\/guide.reassurez-moi.fr\/guide\/#website\",\"url\":\"https:\/\/guide.reassurez-moi.fr\/guide\/\",\"name\":\"R\u00e9assurez-moi\",\"description\":\"Comparateur d&#039;assurances\",\"potentialAction\":[{\"@type\":\"SearchAction\",\"target\":{\"@type\":\"EntryPoint\",\"urlTemplate\":\"https:\/\/guide.reassurez-moi.fr\/guide\/?s={search_term_string}\"},\"query-input\":{\"@type\":\"PropertyValueSpecification\",\"valueRequired\":true,\"valueName\":\"search_term_string\"}}],\"inLanguage\":\"fr-FR\"}]}<\/script>\n<!-- \/ Yoast SEO plugin. -->","yoast_head_json":{"title":"IRCEC : prise de rendez-vous, horaires et contact ","description":"Coordonn\u00e9es de contact et services disponibles de la caisse de retraite IRCEC. Adresse, t\u00e9l\u00e9phone et formulaire de prise de rendez-vous.","robots":{"index":"index","follow":"follow","max-snippet":"max-snippet:-1","max-image-preview":"max-image-preview:large","max-video-preview":"max-video-preview:-1"},"canonical":"https:\/\/guide.reassurez-moi.fr\/guide\/retraite\/caisse\/ircec","og_locale":"fr_FR","og_type":"article","og_title":"IRCEC : prise de rendez-vous, horaires et contact","og_description":"Coordonn\u00e9es de contact et services disponibles de la caisse de retraite IRCEC. Adresse, t\u00e9l\u00e9phone et formulaire de prise de rendez-vous.","og_url":"https:\/\/guide.reassurez-moi.fr\/guide\/retraite\/caisse\/ircec","og_site_name":"R\u00e9assurez-moi","article_publisher":"https:\/\/www.facebook.com\/R%c3%a9assurez-moi-209456495889479\/","article_modified_time":"2026-01-13T16:04:55+00:00","og_image":[{"width":500,"height":160,"url":"https:\/\/guide.reassurez-moi.fr\/guide\/wp-content\/uploads\/2018\/04\/image-de-partage.png","type":"image\/png"}],"twitter_card":"summary_large_image","twitter_site":"@reassurezmoi","schema":{"@context":"https:\/\/schema.org","@graph":[{"@type":"WebPage","@id":"https:\/\/guide.reassurez-moi.fr\/guide\/retraite\/caisse\/ircec","url":"https:\/\/guide.reassurez-moi.fr\/guide\/retraite\/caisse\/ircec","name":"Caisse de retraite IRCEC | R\u00e9assurez-moi","isPartOf":{"@id":"https:\/\/guide.reassurez-moi.fr\/guide\/#website"},"datePublished":"2022-09-20T10:10:52+00:00","dateModified":"2026-01-13T16:04:55+00:00","breadcrumb":{"@id":"https:\/\/guide.reassurez-moi.fr\/guide\/retraite\/caisse\/ircec#breadcrumb"},"inLanguage":"fr-FR","potentialAction":[{"@type":"ReadAction","target":["https:\/\/guide.reassurez-moi.fr\/guide\/retraite\/caisse\/ircec"]}]},{"@type":"BreadcrumbList","@id":"https:\/\/guide.reassurez-moi.fr\/guide\/retraite\/caisse\/ircec#breadcrumb","itemListElement":[{"@type":"ListItem","position":1,"name":"Assurances","item":"https:\/\/guide.reassurez-moi.fr\/guide\/"},{"@type":"ListItem","position":2,"name":"Retraite","item":"https:\/\/guide.reassurez-moi.fr\/guide\/retraite"},{"@type":"ListItem","position":3,"name":"Caisses de retraite","item":"https:\/\/guide.reassurez-moi.fr\/guide\/retraite\/caisse"},{"@type":"ListItem","position":4,"name":"Caisse de retraite IRCEC"}]},{"@type":"WebSite","@id":"https:\/\/guide.reassurez-moi.fr\/guide\/#website","url":"https:\/\/guide.reassurez-moi.fr\/guide\/","name":"R\u00e9assurez-moi","description":"Comparateur d&#039;assurances","potentialAction":[{"@type":"SearchAction","target":{"@type":"EntryPoint","urlTemplate":"https:\/\/guide.reassurez-moi.fr\/guide\/?s={search_term_string}"},"query-input":{"@type":"PropertyValueSpecification","valueRequired":true,"valueName":"search_term_string"}}],"inLanguage":"fr-FR"}]}},"acf":[],"_links":{"self":[{"href":"https:\/\/guide.reassurez-moi.fr\/guide\/wp-json\/wp\/v2\/pages\/172342","targetHints":{"allow":["GET"]}}],"collection":[{"href":"https:\/\/guide.reassurez-moi.fr\/guide\/wp-json\/wp\/v2\/pages"}],"about":[{"href":"https:\/\/guide.reassurez-moi.fr\/guide\/wp-json\/wp\/v2\/types\/page"}],"author":[{"embeddable":true,"href":"https:\/\/guide.reassurez-moi.fr\/guide\/wp-json\/wp\/v2\/users\/61"}],"replies":[{"embeddable":true,"href":"https:\/\/guide.reassurez-moi.fr\/guide\/wp-json\/wp\/v2\/comments?post=172342"}],"version-history":[{"count":1,"href":"https:\/\/guide.reassurez-moi.fr\/guide\/wp-json\/wp\/v2\/pages\/172342\/revisions"}],"predecessor-version":[{"id":214502,"href":"https:\/\/guide.reassurez-moi.fr\/guide\/wp-json\/wp\/v2\/pages\/172342\/revisions\/214502"}],"up":[{"embeddable":true,"href":"https:\/\/guide.reassurez-moi.fr\/guide\/wp-json\/wp\/v2\/pages\/169549"}],"wp:attachment":[{"href":"https:\/\/guide.reassurez-moi.fr\/guide\/wp-json\/wp\/v2\/media?parent=172342"}],"wp:term":[{"taxonomy":"category","embeddable":true,"href":"https:\/\/guide.reassurez-moi.fr\/guide\/wp-json\/wp\/v2\/categories?post=172342"},{"taxonomy":"page_topic","embeddable":true,"href":"https:\/\/guide.reassurez-moi.fr\/guide\/wp-json\/wp\/v2\/page_topic?post=172342"}],"curies":[{"name":"wp","href":"https:\/\/api.w.org\/{rel}","templated":true}]}}