{"id":182997,"date":"2022-05-17T22:44:53","date_gmt":"2022-05-17T20:44:53","guid":{"rendered":"https:\/\/reassurez-moi.fr\/guide\/assurance-voyage\/mondial-assistance"},"modified":"2022-05-17T22:44:53","modified_gmt":"2022-05-17T20:44:53","slug":"mondial-assistance","status":"publish","type":"page","link":"https:\/\/guide.reassurez-moi.fr\/guide\/assurance-voyage\/mondial-assistance","title":{"rendered":"L'assurance voyage Mondial Assistance"},"content":{"rendered":"\n<h1 class=\"wp-block-heading\" id=\"l-assurance-voyage-nom-acteur\">L&rsquo;assurance voyage Mondial Assistance<\/h1>\n\n\n\n<p><strong>M\u00eame si elle est rarement obligatoire, la souscription d&rsquo;une assurance voyage est fortement conseill\u00e9e&nbsp;en cas de d\u00e9placement. Que penser de l\u2019assurance voyage&nbsp;Mondial Assistance&nbsp;? Que couvre-t-elle ? On vous dit tout sur les garanties voyage propos\u00e9es par Mondial Assistance.<\/strong><\/p>\n\n\n\n<h2 class=\"wp-block-heading\" id=\"quelles-sont-les-garanties-de-l-assurance-voyage-nom-acteur\">Quelles sont les garanties de l&rsquo;assurance voyage Mondial Assistance ?<\/h2>\n\n\n\n<p><strong>Tous les contrats d\u2019assurance voyage propos\u00e9s par Mondial Assistance ne sont pas identiques en termes de garanties incluses<\/strong>, de plafonds d\u2019indemnisation ou encore, de franchises\u2026 De m\u00eame, si vous partez 2 semaines, vous n\u2019aurez pas les m\u00eames besoins que si vous partiez en tour du monde !<br><br><strong>Pour vous aider dans vos recherches<\/strong>, voici un tableau r\u00e9capitulatif des diff\u00e9rentes garanties de soins et d\u2019assistance propos\u00e9es par l\u2019assurance voyage Mondial Assistance :<\/p>\n\n\n\n<p class=\"has-text-align-center has-medium-font-size\"><strong>Garantie classiques d&rsquo;assurance voyage Mondial Assistance :<\/strong><\/p>\n\n\n\n<figure class=\"wp-block-table is-style-header-simple\"><table><thead><tr><th class=\"has-text-align-center\" data-align=\"center\">Garanties<\/th><th class=\"has-text-align-center\" data-align=\"center\">Assurance voyage Mondial Assistance<\/th><\/tr><\/thead><tbody><tr><td class=\"has-text-align-center\" data-align=\"center\"><strong>Frais m\u00e9dicaux<\/strong><\/td><td class=\"has-text-align-center\" data-align=\"center\">Entre 200 000 et 300 000 euros (selon le pays visit\u00e9)<\/td><\/tr><tr><td class=\"has-text-align-center\" data-align=\"center\"><strong>Garantie annulation<\/strong><\/td><td class=\"has-text-align-center\" data-align=\"center\">Jusqu&#039;\u00e0 8 000 \u20ac par assur\u00e9 et par ann\u00e9e civile<\/td><\/tr><tr><td class=\"has-text-align-center\" data-align=\"center\"><strong>Responsabilit\u00e9 Civile \u00e0 l&rsquo;\u00e9tranger<\/strong><\/td><td class=\"has-text-align-center\" data-align=\"center\">Jusqu\u2019\u00e0 4 500 000 \u20ac<\/td><\/tr><tr><td class=\"has-text-align-center\" data-align=\"center\"><strong>Garantie bagages<\/strong><\/td><td class=\"has-text-align-center\" data-align=\"center\">Jusqu&#039;\u00e0 3 000 \u20ac<\/td><\/tr><\/tbody><\/table><\/figure>\n\n\n\n<p class=\"has-text-align-center has-medium-font-size\"><strong>Garanties d&rsquo;assistance d&rsquo;assurance voyage Mondial Assistance :<\/strong><\/p>\n\n\n\n<figure class=\"wp-block-table is-style-header-simple\"><table><thead><tr><th class=\"has-text-align-center\" data-align=\"center\">Assistance<\/th><th class=\"has-text-align-center\" data-align=\"center\">Assurance voyage Mondial Assistance<\/th><\/tr><\/thead><tbody><tr><td class=\"has-text-align-center\" data-align=\"center\"><strong>Assistance rapatriement<\/strong><\/td><td class=\"has-text-align-center\" data-align=\"center\">Frais r\u00e9els<\/td><\/tr><tr><td class=\"has-text-align-center\" data-align=\"center\"><strong>Assistance juridique<\/strong><\/td><td class=\"has-text-align-center\" data-align=\"center\"><i\n    class=\"safe-shortcode-icon\n                    yes\n            \"\n                                    title=oui\n            >\n<\/i><\/td><\/tr><tr><td class=\"has-text-align-center\" data-align=\"center\"><strong>Assistance m\u00e9dicale<\/strong><\/td><td class=\"has-text-align-center\" data-align=\"center\"><i\n    class=\"safe-shortcode-icon\n                    yes\n            \"\n                                    title=oui\n            >\n<\/i><\/td><\/tr><\/tbody><\/table><\/figure>\n\n\n<div style=\"height:20px\" aria-hidden=\"true\" class=\"wp-block-spacer\"><\/div>\n<!-- \/wp:post-content -->\n\n<!-- wp:heading {\"level\":3} -->\n<h3 id=\"conditions-generales-de-l-assurance-voyage-nom-acteur\">Conditions g\u00e9n\u00e9rales de l&rsquo;assurance voyage Mondial Assistance<\/h3>\n<!-- \/wp:heading -->\n\n<!-- wp:paragraph -->\n<p><strong>Les conditions g\u00e9n\u00e9rales vous sont fournies lorsque vous souscrivez votre&nbsp;assurance voyage.<\/strong> Vous pouvez aussi, \u00e0 tout moment, les demander \u00e0 votre service client, qui vous les enverra par voie postale ou \u00e9lectronique. Enfin, vous pouvez les r\u00e9cup\u00e9rer dans votre espace client en ligne.<\/p>\n<!-- \/wp:paragraph -->\n\n<!-- wp:paragraph {\"align\":\"center\"} -->\n<p class=\"has-text-align-center\"><strong><a href=\"https:\/\/guide.reassurez-moi.fr\/guide\/wp-content\/uploads\/2022\/05\/assurance_voyage_mondial_assistance_cg.pdf\">T\u00e9l\u00e9charger les conditions g\u00e9n\u00e9rales de l&rsquo;assurance voyage Mondial Assistance :<\/a><\/strong><\/p>\n<!-- \/wp:paragraph -->\n\n<!-- wp:image {\"align\":\"center\",\"id\":131404,\"width\":120,\"height\":120,\"sizeSlug\":\"full\"} -->\n<div class=\"wp-block-image\"><figure class=\"aligncenter size-full is-resized\"><a href=\"https:\/\/guide.reassurez-moi.fr\/guide\/wp-content\/uploads\/2022\/05\/assurance_voyage_mondial_assistance_cg.pdf\"><img loading=\"lazy\" decoding=\"async\" src=\"https:\/\/guide.reassurez-moi.fr\/guide\/wp-content\/uploads\/2020\/07\/conditions-generales.jpg\" alt=\"conditions generales\" class=\"wp-image-131404\" width=\"120\" height=\"120\"\/><\/a><\/figure><\/div>\n<!-- \/wp:image -->\n\n<!-- wp:spacer {\"height\":\"20px\"} -->\n<div style=\"height:20px\" aria-hidden=\"true\" class=\"wp-block-spacer\"><\/div>\n<!-- \/wp:spacer -->\n<h2 id=\"quel-est-notre-avis-sur-l-assurance-voyage-nom-acteur\">Quel est notre avis sur l&rsquo;assurance voyage Mondial Assistance ?<\/h2>\n<!-- \/wp:heading -->\n\n<!-- wp:paragraph -->\n<p><p>L&rsquo;assurance voyage Mondial Assistance est une marque distribu\u00e9e par Allianz Travel. Mondial Assistance propose de nombreuses assurances voyage afin de s&rsquo;adapter aux besoins de chaque profil de voyageur. <\/p>\n<p>Des vacances aux longs s\u00e9jours, en passant par l&rsquo;assurance pour expatri\u00e9s, Mondial Assistance est reconnu pour la diversit\u00e9 de ses offres et la qualit\u00e9 de ses prestations. <\/p>\n<p>Les garanties d&rsquo;assistance sont particuli\u00e8rement compl\u00e8tes et le service client tr\u00e8s r\u00e9actif en cas de sinistre. On appr\u00e9cie que l&rsquo;assistance propos\u00e9e par Mondial Assistance soit disponible d\u00e8s la pr\u00e9paration de son voyage, afin de pouvoir acc\u00e9der \u00e0 toutes les informations n\u00e9cessaires \u00e0 la bonne organisation de votre s\u00e9jour. De m\u00eame, pendant votre d\u00e9placement, si vous \u00eates affili\u00e9 \u00e0 la S\u00e9curit\u00e9 Sociale, vous n&rsquo;aurez aucun frais \u00e0 avancer en cas d&rsquo;hospitalisation d&rsquo;urgence. <\/p>\n<p>Pour la diversit\u00e9 de ses offres, la disponibilit\u00e9 de ses \u00e9quipes et son professionnalisme, nous conseillons les assurances voyage Mondial Assistance.  <\/p><\/p>\n<!-- \/wp:paragraph -->\n<!-- wp:heading -->\n<h2 id=\"nom-acteur-la-meilleure-assurance-voyage\">Mondial Assistance, la meilleure assurance voyage ?<\/h2>\n<!-- \/wp:heading -->\n\n<!-- wp:paragraph -->\n<p><strong>Comparez l\u2019assurance voyage Mondial Assistance aux autres assurances du march\u00e9 en simulant un devis imm\u00e9diat<\/strong>, vous obtiendrez un comparatif de tous les assureurs avec un acc\u00e8s aux tarifs pratiqu\u00e9s et aux garanties qui conviennent \u00e0 votre recherche :<\/p>\n<!-- \/wp:paragraph -->\n\n<!-- wp:spacer {\"height\":\"20px\"} -->\n<div style=\"height:20px\" aria-hidden=\"true\" class=\"wp-block-spacer\"><\/div>\n<!-- \/wp:spacer -->\n\n<!-- wp:shortcode -->\n\n\n<div class=\"wp-block-rm-advertizing-block fix-in-sidebar advertising-block-sidebar-item\">\n    <div class=\"image-container flex justify-center align-items-center\">\n        <img decoding=\"async\" src=\"https:\/\/guide.reassurez-moi.fr\/guide\/wp-content\/uploads\/2025\/06\/team_opti_short.png\"\n             alt=\"reassurez-moi illustration\"\n             class=\"wp-block-rm-advertizing-image\"\n             loading=\"lazy\"\n        \/>\n    <\/div>\n    <div class=\"rm-advertblock-container flex flex-column justify-center align-items-start\">\n        <p class=\"wp-block-rm-advertizing-text\">\n            Assurance de voyage\n        <\/p>\n        <p class=\"wp-block-rm-advertizing-sub-text\">\n            les meilleures offres 2026\n        <\/p>\n        <a\n            href=\"https:\/\/reassurez-moi.fr\/guide\/assurance-voyage\"\n            class=\"wp-block-rm-advertizing-button\"\n        >\n            <span class=\"wp-block-rm-advertizing-button-text\">\n                Comparer\n            <\/span>\n            <span class=\"wp-block-rm-advertizing-button-sub-text\">\n                Nos assurances voyage\n            <\/span>\n        <\/a>\n    <\/div>\n<\/div>\n\n\n<!-- \/wp:shortcode -->\n\n<!-- wp:spacer {\"height\":\"40px\"} -->\n<div style=\"height:40px\" aria-hidden=\"true\" class=\"wp-block-spacer\"><\/div>\n<!-- \/wp:spacer -->\n\n<!-- wp:quote -->\n<blockquote class=\"wp-block-quote\"><p><em><span class=\"has-small-font-size\">En tant que courtier d&rsquo;assurance, notre mission est de vous informer et de vous conseiller sur les offres d&rsquo;assurance propos\u00e9es sur le march\u00e9. Ces fiches conseils ont pour objet de vous pr\u00e9senter les produits de nos <a href=\"https:\/\/reassurez-moi.fr\/guide\/cgu-cgv#MISE_EN_RELATION_AVEC_LES_PARTENAIRES\">assureurs partenaires<\/a> comme ceux avec lesquels nous n&rsquo;entretenons pas de liens.\u00a0Ces fiches vous donnent notre\u00a0analyse\u00a0objective\u00a0sur les contrats d&rsquo;assurance\u00a0mais aussi\u00a0des\u00a0informations sur les formalit\u00e9s d&rsquo;adh\u00e9sion.<\/span><\/em><\/p><\/blockquote>\n<!-- \/wp:quote -->\n\n<!-- wp:heading -->\n<h2 id=\"quel-est-le-prix-de-l-assurance-voyage-nom-acteur\">Quel est le prix de l&rsquo;assurance voyage Mondial Assistance ?<\/h2>\n<!-- \/wp:heading -->\n\n<!-- wp:paragraph -->\n<p><strong>Le <a href=\"https:\/\/reassurez-moi.fr\/guide\/assurance-voyage\/prix\">prix d\u2019une assurance voyage<\/a> est variable car il prend en compte plusieurs crit\u00e8res<\/strong>&nbsp;:<\/p>\n<!-- \/wp:paragraph -->\n\n<!-- wp:list -->\n<ul><li>la destination de votre voyage \u00e0 l\u2019\u00e9tranger ;<\/li><li>la dur\u00e9e de celui-ci ;<\/li><li>sa nature (vacances, voyage professionnel, PVT\u2026) ;<\/li><li>votre \u00e2ge.<\/li><\/ul>\n<!-- \/wp:list -->\n\n<p><strong>Voici un exemple des tarifs pouvant \u00eatre pratiqu\u00e9s par Mondial Assistance :<\/strong><\/p>\n<!-- \/wp:paragraph -->\n\n<!-- wp:table {\"className\":\"is-style-header-double\"} -->\n<figure class=\"wp-block-table is-style-header-double\"><table><thead><tr><th><\/th><th class=\"has-text-align-center\" data-align=\"center\">Tarif <\/th><\/tr><\/thead><tbody><tr><td>Assurance voyage (60 jours max)<\/td><td class=\"has-text-align-center\" data-align=\"center\">\u00c0 partir de 19 \u20ac<\/td><\/tr><tr><td>Assurance long s\u00e9jour<\/td><td class=\"has-text-align-center\" data-align=\"center\">\u00c0 partir de 10 \u20ac<\/td><\/tr><tr><td>Assurance court s\u00e9jour<\/td><td class=\"has-text-align-center\" data-align=\"center\"><\/td><\/tr><\/tbody><\/table><\/figure>\n<!-- \/wp:table -->\n\n\n<!-- wp:heading -->\n<h2 id=\"comment-contacter-l-assurance-voyage-nom-acteur\">Comment contacter l&rsquo;assurance voyage Mondial Assistance ?<\/h2>\n<!-- \/wp:heading -->\n\n<!-- wp:paragraph -->\n<p><strong>Pour toute question sur vos contrats ou pour toute information sur une garantie ou sur une prise en charge<\/strong>, les experts voyage&nbsp;Mondial Assistance&nbsp;sont \u00e0 votre disposition :<\/p>\n<!-- \/wp:paragraph -->\n\n<p><strong>Par t\u00e9l\u00e9phone au :<\/strong> 01 42 99 82 81<\/p>\n<!-- \/wp:paragraph -->\n<p><strong>Pour leur \u00e9crire :<\/strong><\/p>\n<!-- \/wp:paragraph -->\n\n<!-- wp:paragraph {\"align\":\"center\"} -->\n<p class=\"has-text-align-center\"><p>Mondial Assistance<br \/>\n7 Rue Dora Maar<br \/>\n93400 Saint-Ouen<\/p><\/p>\n<!-- \/wp:paragraph -->","protected":false},"excerpt":{"rendered":"<p>L&rsquo;assurance voyage Mondial Assistance M\u00eame si elle est rarement obligatoire, la souscription d&rsquo;une assurance voyage est fortement conseill\u00e9e&nbsp;en cas de d\u00e9placement. Que penser de l\u2019assurance voyage&nbsp;Mondial Assistance&nbsp;? Que couvre-t-elle ? On vous dit tout sur les garanties voyage propos\u00e9es par Mondial Assistance. Quelles sont les garanties de l&rsquo;assurance voyage Mondial Assistance ? Tous les contrats [&hellip;]<\/p>\n","protected":false},"author":61,"featured_media":0,"parent":36149,"menu_order":0,"comment_status":"open","ping_status":"closed","template":"","meta":{"_acf_changed":false,"footnotes":""},"categories":[],"page_topic":[721],"class_list":["post-182997","page","type-page","status-publish","hentry"],"yoast_head":"<!-- This site is optimized with the Yoast SEO plugin v24.7 - https:\/\/yoast.com\/wordpress\/plugins\/seo\/ -->\n<title>Notre avis sur l&#039;assurance voyage Mondial Assistance | Garanties, tarifs et conditions <\/title>\n<meta name=\"description\" content=\"L&#039;assurance voyage Mondial Assistance en d\u00e9tails - Prix et garanties - Devis en ligne 100 % gratuits !\" \/>\n<meta name=\"robots\" content=\"index, follow, max-snippet:-1, max-image-preview:large, max-video-preview:-1\" \/>\n<link rel=\"canonical\" href=\"https:\/\/guide.reassurez-moi.fr\/guide\/assurance-voyage\/mondial-assistance\" \/>\n<meta property=\"og:locale\" content=\"fr_FR\" \/>\n<meta property=\"og:type\" content=\"article\" \/>\n<meta property=\"og:title\" content=\"Notre avis sur l&#039;assurance voyage Mondial Assistance | Garanties, tarifs et conditions\" \/>\n<meta property=\"og:description\" content=\"L&#039;assurance voyage Mondial Assistance en d\u00e9tails - Prix et garanties - Devis en ligne 100 % gratuits !\" \/>\n<meta property=\"og:url\" content=\"https:\/\/guide.reassurez-moi.fr\/guide\/assurance-voyage\/mondial-assistance\" \/>\n<meta property=\"og:site_name\" content=\"R\u00e9assurez-moi\" \/>\n<meta property=\"article:publisher\" content=\"https:\/\/www.facebook.com\/R%c3%a9assurez-moi-209456495889479\/\" \/>\n<meta property=\"og:image\" content=\"https:\/\/guide.reassurez-moi.fr\/guide\/wp-content\/uploads\/2018\/04\/image-de-partage.png\" \/>\n\t<meta property=\"og:image:width\" content=\"500\" \/>\n\t<meta property=\"og:image:height\" content=\"160\" \/>\n\t<meta property=\"og:image:type\" content=\"image\/png\" \/>\n<meta name=\"twitter:card\" content=\"summary_large_image\" \/>\n<meta name=\"twitter:site\" content=\"@reassurezmoi\" \/>\n<script type=\"application\/ld+json\" class=\"yoast-schema-graph\">{\"@context\":\"https:\/\/schema.org\",\"@graph\":[{\"@type\":\"WebPage\",\"@id\":\"https:\/\/guide.reassurez-moi.fr\/guide\/assurance-voyage\/mondial-assistance\",\"url\":\"https:\/\/guide.reassurez-moi.fr\/guide\/assurance-voyage\/mondial-assistance\",\"name\":\"L'assurance voyage Mondial Assistance | R\u00e9assurez-moi\",\"isPartOf\":{\"@id\":\"https:\/\/guide.reassurez-moi.fr\/guide\/#website\"},\"datePublished\":\"2022-05-17T20:44:53+00:00\",\"breadcrumb\":{\"@id\":\"https:\/\/guide.reassurez-moi.fr\/guide\/assurance-voyage\/mondial-assistance#breadcrumb\"},\"inLanguage\":\"fr-FR\",\"potentialAction\":[{\"@type\":\"ReadAction\",\"target\":[\"https:\/\/guide.reassurez-moi.fr\/guide\/assurance-voyage\/mondial-assistance\"]}]},{\"@type\":\"BreadcrumbList\",\"@id\":\"https:\/\/guide.reassurez-moi.fr\/guide\/assurance-voyage\/mondial-assistance#breadcrumb\",\"itemListElement\":[{\"@type\":\"ListItem\",\"position\":1,\"name\":\"Assurances\",\"item\":\"https:\/\/guide.reassurez-moi.fr\/guide\/\"},{\"@type\":\"ListItem\",\"position\":2,\"name\":\"Assurance voyage\",\"item\":\"https:\/\/guide.reassurez-moi.fr\/guide\/assurance-voyage\"},{\"@type\":\"ListItem\",\"position\":3,\"name\":\"L'assurance voyage Mondial Assistance\"}]},{\"@type\":\"WebSite\",\"@id\":\"https:\/\/guide.reassurez-moi.fr\/guide\/#website\",\"url\":\"https:\/\/guide.reassurez-moi.fr\/guide\/\",\"name\":\"R\u00e9assurez-moi\",\"description\":\"Comparateur d&#039;assurances\",\"potentialAction\":[{\"@type\":\"SearchAction\",\"target\":{\"@type\":\"EntryPoint\",\"urlTemplate\":\"https:\/\/guide.reassurez-moi.fr\/guide\/?s={search_term_string}\"},\"query-input\":{\"@type\":\"PropertyValueSpecification\",\"valueRequired\":true,\"valueName\":\"search_term_string\"}}],\"inLanguage\":\"fr-FR\"}]}<\/script>\n<!-- \/ Yoast SEO plugin. -->","yoast_head_json":{"title":"Notre avis sur l'assurance voyage Mondial Assistance | Garanties, tarifs et conditions ","description":"L'assurance voyage Mondial Assistance en d\u00e9tails - Prix et garanties - Devis en ligne 100 % gratuits !","robots":{"index":"index","follow":"follow","max-snippet":"max-snippet:-1","max-image-preview":"max-image-preview:large","max-video-preview":"max-video-preview:-1"},"canonical":"https:\/\/guide.reassurez-moi.fr\/guide\/assurance-voyage\/mondial-assistance","og_locale":"fr_FR","og_type":"article","og_title":"Notre avis sur l'assurance voyage Mondial Assistance | Garanties, tarifs et conditions","og_description":"L'assurance voyage Mondial Assistance en d\u00e9tails - Prix et garanties - Devis en ligne 100 % gratuits !","og_url":"https:\/\/guide.reassurez-moi.fr\/guide\/assurance-voyage\/mondial-assistance","og_site_name":"R\u00e9assurez-moi","article_publisher":"https:\/\/www.facebook.com\/R%c3%a9assurez-moi-209456495889479\/","og_image":[{"width":500,"height":160,"url":"https:\/\/guide.reassurez-moi.fr\/guide\/wp-content\/uploads\/2018\/04\/image-de-partage.png","type":"image\/png"}],"twitter_card":"summary_large_image","twitter_site":"@reassurezmoi","schema":{"@context":"https:\/\/schema.org","@graph":[{"@type":"WebPage","@id":"https:\/\/guide.reassurez-moi.fr\/guide\/assurance-voyage\/mondial-assistance","url":"https:\/\/guide.reassurez-moi.fr\/guide\/assurance-voyage\/mondial-assistance","name":"L'assurance voyage Mondial Assistance | R\u00e9assurez-moi","isPartOf":{"@id":"https:\/\/guide.reassurez-moi.fr\/guide\/#website"},"datePublished":"2022-05-17T20:44:53+00:00","breadcrumb":{"@id":"https:\/\/guide.reassurez-moi.fr\/guide\/assurance-voyage\/mondial-assistance#breadcrumb"},"inLanguage":"fr-FR","potentialAction":[{"@type":"ReadAction","target":["https:\/\/guide.reassurez-moi.fr\/guide\/assurance-voyage\/mondial-assistance"]}]},{"@type":"BreadcrumbList","@id":"https:\/\/guide.reassurez-moi.fr\/guide\/assurance-voyage\/mondial-assistance#breadcrumb","itemListElement":[{"@type":"ListItem","position":1,"name":"Assurances","item":"https:\/\/guide.reassurez-moi.fr\/guide\/"},{"@type":"ListItem","position":2,"name":"Assurance voyage","item":"https:\/\/guide.reassurez-moi.fr\/guide\/assurance-voyage"},{"@type":"ListItem","position":3,"name":"L'assurance voyage Mondial Assistance"}]},{"@type":"WebSite","@id":"https:\/\/guide.reassurez-moi.fr\/guide\/#website","url":"https:\/\/guide.reassurez-moi.fr\/guide\/","name":"R\u00e9assurez-moi","description":"Comparateur d&#039;assurances","potentialAction":[{"@type":"SearchAction","target":{"@type":"EntryPoint","urlTemplate":"https:\/\/guide.reassurez-moi.fr\/guide\/?s={search_term_string}"},"query-input":{"@type":"PropertyValueSpecification","valueRequired":true,"valueName":"search_term_string"}}],"inLanguage":"fr-FR"}]}},"acf":[],"_links":{"self":[{"href":"https:\/\/guide.reassurez-moi.fr\/guide\/wp-json\/wp\/v2\/pages\/182997","targetHints":{"allow":["GET"]}}],"collection":[{"href":"https:\/\/guide.reassurez-moi.fr\/guide\/wp-json\/wp\/v2\/pages"}],"about":[{"href":"https:\/\/guide.reassurez-moi.fr\/guide\/wp-json\/wp\/v2\/types\/page"}],"author":[{"embeddable":true,"href":"https:\/\/guide.reassurez-moi.fr\/guide\/wp-json\/wp\/v2\/users\/61"}],"replies":[{"embeddable":true,"href":"https:\/\/guide.reassurez-moi.fr\/guide\/wp-json\/wp\/v2\/comments?post=182997"}],"version-history":[{"count":0,"href":"https:\/\/guide.reassurez-moi.fr\/guide\/wp-json\/wp\/v2\/pages\/182997\/revisions"}],"up":[{"embeddable":true,"href":"https:\/\/guide.reassurez-moi.fr\/guide\/wp-json\/wp\/v2\/pages\/36149"}],"wp:attachment":[{"href":"https:\/\/guide.reassurez-moi.fr\/guide\/wp-json\/wp\/v2\/media?parent=182997"}],"wp:term":[{"taxonomy":"category","embeddable":true,"href":"https:\/\/guide.reassurez-moi.fr\/guide\/wp-json\/wp\/v2\/categories?post=182997"},{"taxonomy":"page_topic","embeddable":true,"href":"https:\/\/guide.reassurez-moi.fr\/guide\/wp-json\/wp\/v2\/page_topic?post=182997"}],"curies":[{"name":"wp","href":"https:\/\/api.w.org\/{rel}","templated":true}]}}