{"id":184711,"date":"2022-06-18T01:27:19","date_gmt":"2022-06-17T23:27:19","guid":{"rendered":"https:\/\/reassurez-moi.fr\/guide\/?page_id=184711"},"modified":"2026-02-02T16:37:54","modified_gmt":"2026-02-02T15:37:54","slug":"mandat-immatriculation","status":"publish","type":"page","link":"https:\/\/guide.reassurez-moi.fr\/guide\/assurance-auto\/modele\/mandat-immatriculation","title":{"rendered":"Assurance auto &#8211; Mod\u00e8le &#8211; Mandat immatriculation"},"content":{"rendered":"\n<h1 class=\"wp-block-heading\">Mandat pour effectuer les formalit\u00e9s d&rsquo;immatriculation<\/h1>\n\n\n\n<p><strong>Si vous souhaitez confier \u00e0 un professionnel la charge de s&rsquo;occuper de vos d\u00e9marches d&rsquo;immatriculation aupr\u00e8s de l&rsquo;ANTS, il vous faudra remplir le Cerfa 13757*03. Ce document permet de lui donner procuration. T\u00e9l\u00e9chargez ci-dessous notre mod\u00e8le gratuit et original de mandat d&rsquo;immatriculation. <\/strong><\/p>\n\n\n\n<h2 class=\"wp-block-heading\">Mandat d&rsquo;immatriculation \u00e0 t\u00e9l\u00e9charger<\/h2>\n\n\n\n<div class=\"wp-block-image\"><figure class=\"aligncenter size-full is-resized\"><a href=\"https:\/\/guide.reassurez-moi.fr\/guide\/wp-content\/uploads\/2022\/06\/mandat_immatriculation_pdf.pdf\"><img loading=\"lazy\" decoding=\"async\" src=\"https:\/\/guide.reassurez-moi.fr\/guide\/wp-content\/uploads\/2022\/06\/mandat_immatriculation.png\" alt=\"mandat immatriculation\" class=\"wp-image-184758\" width=\"298\" height=\"420\" srcset=\"https:\/\/guide.reassurez-moi.fr\/guide\/wp-content\/uploads\/2022\/06\/mandat_immatriculation.png 342w, https:\/\/guide.reassurez-moi.fr\/guide\/wp-content\/uploads\/2022\/06\/mandat_immatriculation-213x300.png 213w\" sizes=\"auto, (max-width: 298px) 100vw, 298px\" \/><\/a><\/figure><\/div>\n\n\n\n<ul class=\"is-style-arrow-right wp-block-list\"><li><a href=\"https:\/\/guide.reassurez-moi.fr\/guide\/wp-content\/uploads\/2022\/06\/mandat_immatriculation_pdf.pdf\">T\u00e9l\u00e9charger un mandat d&rsquo;immatriculation (procuration)<\/a><\/li><\/ul>\n\n\n\n<div class=\"wp-block-mars-information icon-check\"><i class=\"icon\"><\/i><p><strong>L<\/strong>e cerfa mandat <strong>13757<\/strong> est le document officiel, certifi\u00e9 par notre d\u00e9partement juridique.  <\/p><\/div>\n\n\n\n<h2 class=\"wp-block-heading\">Comment remplir le cerfa 13757*3 ?<\/h2>\n\n\n\n<p><strong>Une fois t\u00e9l\u00e9charg\u00e9, le mandat d&rsquo;immatriculation peut \u00eatre compl\u00e9t\u00e9 directement depuis son ordinateur ou imprim\u00e9 puis rempli \u00e0 la main.<\/strong> Gr\u00e2ce \u00e0 ce document, vous habilitez un professionnel agr\u00e9\u00e9 \u00e0 effectuer \u00e0 votre place les d\u00e9marches concernant votre <a href=\"https:\/\/reassurez-moi.fr\/guide\/assurance-auto\/carte-grise\">carte grise<\/a> (demande de duplicata, changement de titulaire, changement d&rsquo;adresse, etc). Pour que la procuration soit possible, il faut fournir le mandat d&rsquo;immatriculation originale. <\/p>\n\n\n\n<p><strong>Pour remplir le mandat d&rsquo;immatriculation,<\/strong> il suffit de compl\u00e9ter les diff\u00e9rents champs requis : <\/p>\n\n\n\n<ul class=\"wp-block-list\"><li>nom d&rsquo;usage, <\/li><li>adresse,<\/li><li>nom du mandataire agr\u00e9\u00e9,<\/li><li>formalit\u00e9 administrative concern\u00e9e (motif de la d\u00e9marche : changement de titulaire, d&rsquo;adresse, <a href=\"https:\/\/reassurez-moi.fr\/guide\/assurance-auto\/perte-carte-grise\">perte de carte grise<\/a>, etc),<\/li><li>marque du v\u00e9hicule, <\/li><li>num\u00e9ro d&rsquo;identification du v\u00e9hicule (renseign\u00e9 en case E de votre carte grise),<\/li><li>num\u00e9ro d&rsquo;immatriculation.<\/li><\/ul>\n\n\n\n<p><strong>Ensuite, il vous suffira de dat\u00e9 et sign\u00e9 le mandat d&rsquo;immatriculation afin qu&rsquo;il soit en r\u00e8gle.<\/strong> Ce document sera \u00e0 transmettre (la version originale) au professionnel mandat\u00e9. Vous pouvez en faire une copie si vous souhaitez en conserver un exemplaire pour vous.<\/p>\n\n\n\n<div style=\"height:10px\" aria-hidden=\"true\" class=\"wp-block-spacer\"><\/div>\n\n\n\n<p><strong>Pour rouler en toute l\u00e9galit\u00e9, il est obligatoire d&rsquo;avoir un v\u00e9hicule assur\u00e9. Vous cherchez une assurance au meilleur rapport garanties\/prix ? <\/strong>Notre comparateur d&rsquo;assurances auto met en concurrence les meilleures offres du march\u00e9 afin de vous proposer la formule la plus adapt\u00e9e \u00e0 vos besoins.<\/p>\n\n\n\n<div style=\"height:10px\" aria-hidden=\"true\" class=\"wp-block-spacer\"><\/div>\n\n\n\n<div class=\"wp-block-rm-advertizing-block fix-in-sidebar advertising-block-sidebar-item\">\n    <div class=\"image-container flex justify-center align-items-center\">\n        <img decoding=\"async\" src=\"https:\/\/guide.reassurez-moi.fr\/guide\/wp-content\/uploads\/2025\/06\/team_opti_short.png\"\n             alt=\"reassurez-moi illustration\"\n             class=\"wp-block-rm-advertizing-image\"\n             loading=\"lazy\"\n        \/>\n    <\/div>\n    <div class=\"rm-advertblock-container flex flex-column justify-center align-items-start\">\n        <p class=\"wp-block-rm-advertizing-text\">\n            Assurance auto\n        <\/p>\n        <p class=\"wp-block-rm-advertizing-sub-text\">\n            les meilleures offres 2026\n        <\/p>\n        <a\n            href=\"https:\/\/reassurez-moi.fr\/guide\/assurance-auto\"\n            class=\"wp-block-rm-advertizing-button\"\n        >\n            <span class=\"wp-block-rm-advertizing-button-text\">\n                Comparer\n            <\/span>\n            <span class=\"wp-block-rm-advertizing-button-sub-text\">\n                les assurances auto\n            <\/span>\n        <\/a>\n    <\/div>\n<\/div>\n\n\n\n<div style=\"height:100px\" aria-hidden=\"true\" class=\"wp-block-spacer\"><\/div>\n\n\n\n<h2 class=\"wp-block-heading\">FAQ<\/h2>\n\n\n\n<div class=\"schema-faq wp-block-yoast-faq-block\"><div class=\"schema-faq-section\" id=\"faq-question-1655505948008\"><h3 class=\"schema-faq-question my-0 font-semibold\">Qu&rsquo;est-ce qu&rsquo;un mandat d&rsquo;immatriculation ?<\/h3> <p class=\"schema-faq-answer\"><strong>C&rsquo;est un document officiel donnant procuration \u00e0 un tiers concernant les d\u00e9marches d&rsquo;immatriculation de son v\u00e9hicule.<\/strong> Aussi appel\u00e9 cerfa 13757*3, cette procuration ne peut \u00eatre confi\u00e9e qu&rsquo;\u00e0 un professionnel habilit\u00e9 et agr\u00e9\u00e9 par l&rsquo;\u00c9tat.<\/p> <\/div> <div class=\"schema-faq-section\" id=\"faq-question-1655505957626\"><h3 class=\"schema-faq-question my-0 font-semibold\">Comment obtenir le cerfa 13757*3 ou mandat d&rsquo;immatriculation ?<\/h3> <p class=\"schema-faq-answer\">Nous vous proposons la version officielle du mandat d&rsquo;immatriculation \u00e0 t\u00e9l\u00e9charger gratuitement. Il vous suffira de l&rsquo;imprimer ou de la remplir directement depuis votre ordinateur. <\/p> <\/div> <\/div>\n","protected":false},"excerpt":{"rendered":"<p>Mandat pour effectuer les formalit\u00e9s d&rsquo;immatriculation Si vous souhaitez confier \u00e0 un professionnel la charge de s&rsquo;occuper de vos d\u00e9marches d&rsquo;immatriculation aupr\u00e8s de l&rsquo;ANTS, il vous faudra remplir le Cerfa 13757*03. Ce document permet de lui donner procuration. T\u00e9l\u00e9chargez ci-dessous notre mod\u00e8le gratuit et original de mandat d&rsquo;immatriculation. Mandat d&rsquo;immatriculation \u00e0 t\u00e9l\u00e9charger T\u00e9l\u00e9charger un mandat\u2026<\/p>\n","protected":false},"author":86,"featured_media":0,"parent":147441,"menu_order":0,"comment_status":"open","ping_status":"closed","template":"","meta":{"_acf_changed":false,"footnotes":""},"categories":[],"page_topic":[564],"class_list":["post-184711","page","type-page","status-publish","hentry"],"yoast_head":"<!-- This site is optimized with the Yoast SEO plugin v24.7 - https:\/\/yoast.com\/wordpress\/plugins\/seo\/ -->\n<title>Mandat d&#039;immatriculation - Cerfa 13757*03 \u00e0 t\u00e9l\u00e9charger<\/title>\n<meta name=\"description\" content=\"Le mandat d&#039;immatriculation permet de donner procuration \u00e0 un professionnel pour les d\u00e9marches d&#039;immatriculation. Cerfa 13757*03. Format PDF\" \/>\n<meta name=\"robots\" content=\"index, follow, max-snippet:-1, max-image-preview:large, max-video-preview:-1\" \/>\n<link rel=\"canonical\" href=\"https:\/\/guide.reassurez-moi.fr\/guide\/assurance-auto\/modele\/mandat-immatriculation\" \/>\n<meta property=\"og:locale\" content=\"fr_FR\" \/>\n<meta property=\"og:type\" content=\"article\" \/>\n<meta property=\"og:title\" content=\"Mandat d&#039;immatriculation - Cerfa 13757*03 \u00e0 t\u00e9l\u00e9charger\" \/>\n<meta property=\"og:description\" content=\"Le mandat d&#039;immatriculation permet de donner procuration \u00e0 un professionnel pour les d\u00e9marches d&#039;immatriculation. Cerfa 13757*03. Format PDF\" \/>\n<meta property=\"og:url\" content=\"https:\/\/guide.reassurez-moi.fr\/guide\/assurance-auto\/modele\/mandat-immatriculation\" \/>\n<meta property=\"og:site_name\" content=\"R\u00e9assurez-moi\" \/>\n<meta property=\"article:publisher\" content=\"https:\/\/www.facebook.com\/R%c3%a9assurez-moi-209456495889479\/\" \/>\n<meta property=\"article:modified_time\" content=\"2026-02-02T15:37:54+00:00\" \/>\n<meta property=\"og:image\" content=\"https:\/\/guide.reassurez-moi.fr\/guide\/wp-content\/uploads\/2022\/06\/mandat_immatriculation.png\" \/>\n<meta name=\"twitter:card\" content=\"summary_large_image\" \/>\n<meta name=\"twitter:site\" content=\"@reassurezmoi\" \/>\n<meta name=\"twitter:label1\" content=\"Dur\u00e9e de lecture estim\u00e9e\" \/>\n\t<meta name=\"twitter:data1\" content=\"2 minutes\" \/>\n<script type=\"application\/ld+json\" class=\"yoast-schema-graph\">{\"@context\":\"https:\/\/schema.org\",\"@graph\":[{\"@type\":[\"WebPage\",\"FAQPage\"],\"@id\":\"https:\/\/guide.reassurez-moi.fr\/guide\/assurance-auto\/modele\/mandat-immatriculation\",\"url\":\"https:\/\/guide.reassurez-moi.fr\/guide\/assurance-auto\/modele\/mandat-immatriculation\",\"name\":\"Mandat d'immatriculation - Cerfa 13757*03 \u00e0 t\u00e9l\u00e9charger\",\"isPartOf\":{\"@id\":\"https:\/\/guide.reassurez-moi.fr\/guide\/#website\"},\"primaryImageOfPage\":{\"@id\":\"https:\/\/guide.reassurez-moi.fr\/guide\/assurance-auto\/modele\/mandat-immatriculation#primaryimage\"},\"image\":{\"@id\":\"https:\/\/guide.reassurez-moi.fr\/guide\/assurance-auto\/modele\/mandat-immatriculation#primaryimage\"},\"thumbnailUrl\":\"https:\/\/guide.reassurez-moi.fr\/guide\/wp-content\/uploads\/2022\/06\/mandat_immatriculation.png\",\"datePublished\":\"2022-06-17T23:27:19+00:00\",\"dateModified\":\"2026-02-02T15:37:54+00:00\",\"description\":\"Le mandat d'immatriculation permet de donner procuration \u00e0 un professionnel pour les d\u00e9marches d'immatriculation. Cerfa 13757*03. Format PDF\",\"breadcrumb\":{\"@id\":\"https:\/\/guide.reassurez-moi.fr\/guide\/assurance-auto\/modele\/mandat-immatriculation#breadcrumb\"},\"mainEntity\":[{\"@id\":\"https:\/\/guide.reassurez-moi.fr\/guide\/assurance-auto\/modele\/mandat-immatriculation#faq-question-1655505948008\"},{\"@id\":\"https:\/\/guide.reassurez-moi.fr\/guide\/assurance-auto\/modele\/mandat-immatriculation#faq-question-1655505957626\"}],\"inLanguage\":\"fr-FR\",\"potentialAction\":[{\"@type\":\"ReadAction\",\"target\":[\"https:\/\/guide.reassurez-moi.fr\/guide\/assurance-auto\/modele\/mandat-immatriculation\"]}]},{\"@type\":\"ImageObject\",\"inLanguage\":\"fr-FR\",\"@id\":\"https:\/\/guide.reassurez-moi.fr\/guide\/assurance-auto\/modele\/mandat-immatriculation#primaryimage\",\"url\":\"https:\/\/guide.reassurez-moi.fr\/guide\/wp-content\/uploads\/2022\/06\/mandat_immatriculation.png\",\"contentUrl\":\"https:\/\/guide.reassurez-moi.fr\/guide\/wp-content\/uploads\/2022\/06\/mandat_immatriculation.png\",\"width\":342,\"height\":482,\"caption\":\"mandat immatriculation\"},{\"@type\":\"BreadcrumbList\",\"@id\":\"https:\/\/guide.reassurez-moi.fr\/guide\/assurance-auto\/modele\/mandat-immatriculation#breadcrumb\",\"itemListElement\":[{\"@type\":\"ListItem\",\"position\":1,\"name\":\"Assurances\",\"item\":\"https:\/\/guide.reassurez-moi.fr\/guide\/\"},{\"@type\":\"ListItem\",\"position\":2,\"name\":\"Assurance auto\",\"item\":\"https:\/\/guide.reassurez-moi.fr\/guide\/assurance-auto\"},{\"@type\":\"ListItem\",\"position\":3,\"name\":\"Mod\u00e8le\",\"item\":\"https:\/\/guide.reassurez-moi.fr\/guide\/assurance-auto\/modele\"},{\"@type\":\"ListItem\",\"position\":4,\"name\":\"Mandat d'immatriculation\"}]},{\"@type\":\"WebSite\",\"@id\":\"https:\/\/guide.reassurez-moi.fr\/guide\/#website\",\"url\":\"https:\/\/guide.reassurez-moi.fr\/guide\/\",\"name\":\"R\u00e9assurez-moi\",\"description\":\"Comparateur d&#039;assurances\",\"potentialAction\":[{\"@type\":\"SearchAction\",\"target\":{\"@type\":\"EntryPoint\",\"urlTemplate\":\"https:\/\/guide.reassurez-moi.fr\/guide\/?s={search_term_string}\"},\"query-input\":{\"@type\":\"PropertyValueSpecification\",\"valueRequired\":true,\"valueName\":\"search_term_string\"}}],\"inLanguage\":\"fr-FR\"},{\"@type\":\"Question\",\"@id\":\"https:\/\/guide.reassurez-moi.fr\/guide\/assurance-auto\/modele\/mandat-immatriculation#faq-question-1655505948008\",\"position\":1,\"url\":\"https:\/\/guide.reassurez-moi.fr\/guide\/assurance-auto\/modele\/mandat-immatriculation#faq-question-1655505948008\",\"name\":\"Qu'est-ce qu'un mandat d'immatriculation ?\",\"answerCount\":1,\"acceptedAnswer\":{\"@type\":\"Answer\",\"text\":\"<strong>C'est un document officiel donnant procuration \u00e0 un tiers concernant les d\u00e9marches d'immatriculation de son v\u00e9hicule.<\/strong> Aussi appel\u00e9 cerfa 13757*3, cette procuration ne peut \u00eatre confi\u00e9e qu'\u00e0 un professionnel habilit\u00e9 et agr\u00e9\u00e9 par l'\u00c9tat.\",\"inLanguage\":\"fr-FR\"},\"inLanguage\":\"fr-FR\"},{\"@type\":\"Question\",\"@id\":\"https:\/\/guide.reassurez-moi.fr\/guide\/assurance-auto\/modele\/mandat-immatriculation#faq-question-1655505957626\",\"position\":2,\"url\":\"https:\/\/guide.reassurez-moi.fr\/guide\/assurance-auto\/modele\/mandat-immatriculation#faq-question-1655505957626\",\"name\":\"Comment obtenir le cerfa 13757*3 ou mandat d'immatriculation ?\",\"answerCount\":1,\"acceptedAnswer\":{\"@type\":\"Answer\",\"text\":\"Nous vous proposons la version officielle du mandat d'immatriculation \u00e0 t\u00e9l\u00e9charger gratuitement. Il vous suffira de l'imprimer ou de la remplir directement depuis votre ordinateur. \",\"inLanguage\":\"fr-FR\"},\"inLanguage\":\"fr-FR\"}]}<\/script>\n<!-- \/ Yoast SEO plugin. -->","yoast_head_json":{"title":"Mandat d'immatriculation - Cerfa 13757*03 \u00e0 t\u00e9l\u00e9charger","description":"Le mandat d'immatriculation permet de donner procuration \u00e0 un professionnel pour les d\u00e9marches d'immatriculation. Cerfa 13757*03. Format PDF","robots":{"index":"index","follow":"follow","max-snippet":"max-snippet:-1","max-image-preview":"max-image-preview:large","max-video-preview":"max-video-preview:-1"},"canonical":"https:\/\/guide.reassurez-moi.fr\/guide\/assurance-auto\/modele\/mandat-immatriculation","og_locale":"fr_FR","og_type":"article","og_title":"Mandat d'immatriculation - Cerfa 13757*03 \u00e0 t\u00e9l\u00e9charger","og_description":"Le mandat d'immatriculation permet de donner procuration \u00e0 un professionnel pour les d\u00e9marches d'immatriculation. Cerfa 13757*03. Format PDF","og_url":"https:\/\/guide.reassurez-moi.fr\/guide\/assurance-auto\/modele\/mandat-immatriculation","og_site_name":"R\u00e9assurez-moi","article_publisher":"https:\/\/www.facebook.com\/R%c3%a9assurez-moi-209456495889479\/","article_modified_time":"2026-02-02T15:37:54+00:00","og_image":[{"url":"https:\/\/guide.reassurez-moi.fr\/guide\/wp-content\/uploads\/2022\/06\/mandat_immatriculation.png","type":"","width":"","height":""}],"twitter_card":"summary_large_image","twitter_site":"@reassurezmoi","twitter_misc":{"Dur\u00e9e de lecture estim\u00e9e":"2 minutes"},"schema":{"@context":"https:\/\/schema.org","@graph":[{"@type":["WebPage","FAQPage"],"@id":"https:\/\/guide.reassurez-moi.fr\/guide\/assurance-auto\/modele\/mandat-immatriculation","url":"https:\/\/guide.reassurez-moi.fr\/guide\/assurance-auto\/modele\/mandat-immatriculation","name":"Mandat d'immatriculation - Cerfa 13757*03 \u00e0 t\u00e9l\u00e9charger","isPartOf":{"@id":"https:\/\/guide.reassurez-moi.fr\/guide\/#website"},"primaryImageOfPage":{"@id":"https:\/\/guide.reassurez-moi.fr\/guide\/assurance-auto\/modele\/mandat-immatriculation#primaryimage"},"image":{"@id":"https:\/\/guide.reassurez-moi.fr\/guide\/assurance-auto\/modele\/mandat-immatriculation#primaryimage"},"thumbnailUrl":"https:\/\/guide.reassurez-moi.fr\/guide\/wp-content\/uploads\/2022\/06\/mandat_immatriculation.png","datePublished":"2022-06-17T23:27:19+00:00","dateModified":"2026-02-02T15:37:54+00:00","description":"Le mandat d'immatriculation permet de donner procuration \u00e0 un professionnel pour les d\u00e9marches d'immatriculation. Cerfa 13757*03. Format PDF","breadcrumb":{"@id":"https:\/\/guide.reassurez-moi.fr\/guide\/assurance-auto\/modele\/mandat-immatriculation#breadcrumb"},"mainEntity":[{"@id":"https:\/\/guide.reassurez-moi.fr\/guide\/assurance-auto\/modele\/mandat-immatriculation#faq-question-1655505948008"},{"@id":"https:\/\/guide.reassurez-moi.fr\/guide\/assurance-auto\/modele\/mandat-immatriculation#faq-question-1655505957626"}],"inLanguage":"fr-FR","potentialAction":[{"@type":"ReadAction","target":["https:\/\/guide.reassurez-moi.fr\/guide\/assurance-auto\/modele\/mandat-immatriculation"]}]},{"@type":"ImageObject","inLanguage":"fr-FR","@id":"https:\/\/guide.reassurez-moi.fr\/guide\/assurance-auto\/modele\/mandat-immatriculation#primaryimage","url":"https:\/\/guide.reassurez-moi.fr\/guide\/wp-content\/uploads\/2022\/06\/mandat_immatriculation.png","contentUrl":"https:\/\/guide.reassurez-moi.fr\/guide\/wp-content\/uploads\/2022\/06\/mandat_immatriculation.png","width":342,"height":482,"caption":"mandat immatriculation"},{"@type":"BreadcrumbList","@id":"https:\/\/guide.reassurez-moi.fr\/guide\/assurance-auto\/modele\/mandat-immatriculation#breadcrumb","itemListElement":[{"@type":"ListItem","position":1,"name":"Assurances","item":"https:\/\/guide.reassurez-moi.fr\/guide\/"},{"@type":"ListItem","position":2,"name":"Assurance auto","item":"https:\/\/guide.reassurez-moi.fr\/guide\/assurance-auto"},{"@type":"ListItem","position":3,"name":"Mod\u00e8le","item":"https:\/\/guide.reassurez-moi.fr\/guide\/assurance-auto\/modele"},{"@type":"ListItem","position":4,"name":"Mandat d'immatriculation"}]},{"@type":"WebSite","@id":"https:\/\/guide.reassurez-moi.fr\/guide\/#website","url":"https:\/\/guide.reassurez-moi.fr\/guide\/","name":"R\u00e9assurez-moi","description":"Comparateur d&#039;assurances","potentialAction":[{"@type":"SearchAction","target":{"@type":"EntryPoint","urlTemplate":"https:\/\/guide.reassurez-moi.fr\/guide\/?s={search_term_string}"},"query-input":{"@type":"PropertyValueSpecification","valueRequired":true,"valueName":"search_term_string"}}],"inLanguage":"fr-FR"},{"@type":"Question","@id":"https:\/\/guide.reassurez-moi.fr\/guide\/assurance-auto\/modele\/mandat-immatriculation#faq-question-1655505948008","position":1,"url":"https:\/\/guide.reassurez-moi.fr\/guide\/assurance-auto\/modele\/mandat-immatriculation#faq-question-1655505948008","name":"Qu'est-ce qu'un mandat d'immatriculation ?","answerCount":1,"acceptedAnswer":{"@type":"Answer","text":"<strong>C'est un document officiel donnant procuration \u00e0 un tiers concernant les d\u00e9marches d'immatriculation de son v\u00e9hicule.<\/strong> Aussi appel\u00e9 cerfa 13757*3, cette procuration ne peut \u00eatre confi\u00e9e qu'\u00e0 un professionnel habilit\u00e9 et agr\u00e9\u00e9 par l'\u00c9tat.","inLanguage":"fr-FR"},"inLanguage":"fr-FR"},{"@type":"Question","@id":"https:\/\/guide.reassurez-moi.fr\/guide\/assurance-auto\/modele\/mandat-immatriculation#faq-question-1655505957626","position":2,"url":"https:\/\/guide.reassurez-moi.fr\/guide\/assurance-auto\/modele\/mandat-immatriculation#faq-question-1655505957626","name":"Comment obtenir le cerfa 13757*3 ou mandat d'immatriculation ?","answerCount":1,"acceptedAnswer":{"@type":"Answer","text":"Nous vous proposons la version officielle du mandat d'immatriculation \u00e0 t\u00e9l\u00e9charger gratuitement. Il vous suffira de l'imprimer ou de la remplir directement depuis votre ordinateur. ","inLanguage":"fr-FR"},"inLanguage":"fr-FR"}]}},"acf":[],"_links":{"self":[{"href":"https:\/\/guide.reassurez-moi.fr\/guide\/wp-json\/wp\/v2\/pages\/184711","targetHints":{"allow":["GET"]}}],"collection":[{"href":"https:\/\/guide.reassurez-moi.fr\/guide\/wp-json\/wp\/v2\/pages"}],"about":[{"href":"https:\/\/guide.reassurez-moi.fr\/guide\/wp-json\/wp\/v2\/types\/page"}],"author":[{"embeddable":true,"href":"https:\/\/guide.reassurez-moi.fr\/guide\/wp-json\/wp\/v2\/users\/86"}],"replies":[{"embeddable":true,"href":"https:\/\/guide.reassurez-moi.fr\/guide\/wp-json\/wp\/v2\/comments?post=184711"}],"version-history":[{"count":2,"href":"https:\/\/guide.reassurez-moi.fr\/guide\/wp-json\/wp\/v2\/pages\/184711\/revisions"}],"predecessor-version":[{"id":216418,"href":"https:\/\/guide.reassurez-moi.fr\/guide\/wp-json\/wp\/v2\/pages\/184711\/revisions\/216418"}],"up":[{"embeddable":true,"href":"https:\/\/guide.reassurez-moi.fr\/guide\/wp-json\/wp\/v2\/pages\/147441"}],"wp:attachment":[{"href":"https:\/\/guide.reassurez-moi.fr\/guide\/wp-json\/wp\/v2\/media?parent=184711"}],"wp:term":[{"taxonomy":"category","embeddable":true,"href":"https:\/\/guide.reassurez-moi.fr\/guide\/wp-json\/wp\/v2\/categories?post=184711"},{"taxonomy":"page_topic","embeddable":true,"href":"https:\/\/guide.reassurez-moi.fr\/guide\/wp-json\/wp\/v2\/page_topic?post=184711"}],"curies":[{"name":"wp","href":"https:\/\/api.w.org\/{rel}","templated":true}]}}