{"id":197209,"date":"2023-10-13T15:28:11","date_gmt":"2023-10-13T13:28:11","guid":{"rendered":"https:\/\/reassurez-moi.fr\/guide\/?page_id=197209"},"modified":"2025-03-20T11:58:23","modified_gmt":"2025-03-20T10:58:23","slug":"cout-5-annees-d-etudes-superieures-81060-euros","status":"publish","type":"page","link":"https:\/\/guide.reassurez-moi.fr\/guide\/communication\/cout-5-annees-d-etudes-superieures-81060-euros","title":{"rendered":"[\u00c9tude] &#8211; Le co\u00fbt pour 5 ann\u00e9es d&rsquo;\u00e9tudes sup\u00e9rieures atteint 81 060 \u20ac !"},"content":{"rendered":"\n<div style=\"height:20px\" aria-hidden=\"true\" class=\"wp-block-spacer\"><\/div>\n\n\n\n<p>Selon la <strong>derni\u00e8re \u00e9tude de la FAGE sur le co\u00fbt de la vie \u00e9tudiante 2023<\/strong>, les frais li\u00e9s \u00e0 la rentr\u00e9e universitaire ont encore augment\u00e9, mais cette fois-ci de mani\u00e8re historique : <strong>+ 19,67 %<\/strong> par rapport \u00e0 la rentr\u00e9e 2022. Cette ann\u00e9e, le co\u00fbt de la rentr\u00e9e \u00e9tudiante d\u00e9passe en effet les <strong>3 000 \u20ac en moyenne<\/strong>.<\/p>\n\n\n\n<p>Cette tendance alarmante remet en question la capacit\u00e9 des \u00e9tudiants et de leur famille \u00e0 faire face \u00e0 ces d\u00e9penses croissantes et pourtant essentielles.<\/p>\n\n\n\n<div style=\"height:10px\" aria-hidden=\"true\" class=\"wp-block-spacer\"><\/div>\n\n\n\n<blockquote class=\"wp-block-quote is-layout-flow wp-block-quote-is-layout-flow\"><p>Combien cela co\u00fbte-t-il de faire des \u00e9tudes sup\u00e9rieures en France en 2023 ?&nbsp;<\/p><p>Les aides \u00e9tudiantes permettent-elles de faire face \u00e0 l\u2019augmentation des co\u00fbts de la vie \u00e9tudiante ?<\/p><\/blockquote>\n\n\n\n<div style=\"height:20px\" aria-hidden=\"true\" class=\"wp-block-spacer\"><\/div>\n\n\n\n<p><strong>Dans cette nouvelle \u00e9tude, R\u00e9assurez-moi calcule combien co\u00fbtent 5 ann\u00e9es d&rsquo;\u00e9tudes sup\u00e9rieures en France en 2023 et plonge au c\u0153ur des d\u00e9fis auxquels sont confront\u00e9s les \u00e9tudiants et leur famille.<\/strong><\/p>\n\n\n\n<h2 class=\"wp-block-heading\">35 % d\u2019augmentation depuis 2018 : une explosion du co\u00fbt de la vie \u00e9tudiante en France<\/h2>\n\n\n\n<div style=\"height:20px\" aria-hidden=\"true\" class=\"wp-block-spacer\"><\/div>\n\n\n\n<p>En <strong>2018<\/strong>, le co\u00fbt moyen de la rentr\u00e9e \u00e9tait de <strong>2 240 \u20ac<\/strong> par \u00e9tudiant. <strong>Aujourd\u2019hui<\/strong>, il est de <strong>3 024 \u20ac<\/strong>. On constate donc que les frais li\u00e9s \u00e0 la rentr\u00e9e universitaire ont augment\u00e9 de mani\u00e8re significative en cinq ans, enregistrant une <strong>hausse globale de 35 %, soit 784 \u20ac de plus<\/strong>.<\/p>\n\n\n\n<div style=\"height:10px\" aria-hidden=\"true\" class=\"wp-block-spacer\"><\/div>\n\n\n\n<p><strong>Co\u00fbt moyen mensuel de la vie \u00e9tudiante depuis 2018 (en \u20ac) :<\/strong><\/p>\n\n\n\n<div class=\"flourish-embed flourish-chart\" data-src=\"visualisation\/15309786\"><script src=\"https:\/\/public.flourish.studio\/resources\/embed.js\"><\/script><\/div>\n\n\n\n<div style=\"height:20px\" aria-hidden=\"true\" class=\"wp-block-spacer\"><\/div>\n\n\n\n<p>Cette croissance significative, qui est attribuable \u00e0 des facteurs tels que <strong>l\u2019inflation record et l\u2019impact de la crise sociale et g\u00e9opolitique<\/strong>, suscite des pr\u00e9occupations quant \u00e0 l\u2019accessibilit\u00e9 \u00e0 l\u2019enseignement sup\u00e9rieur et \u00e0 la qualit\u00e9 de vie des \u00e9tudiants.<\/p>\n\n\n\n<div style=\"height:10px\" aria-hidden=\"true\" class=\"wp-block-spacer\"><\/div>\n\n\n\n<p>En 2018 pourtant, les frais \u00e9tudiants avaient connu <strong>une baisse encourageante de 6,79 %<\/strong>, rendue possible gr\u00e2ce \u00e0 :&nbsp;<\/p>\n\n\n\n<ul class=\"is-style-arrow-right wp-block-list\"><li>Plusieurs <strong>r\u00e9formes<\/strong> pr\u00e9conis\u00e9es par la FAGE ;<\/li><li>La <strong>fin du r\u00e9gime de s\u00e9curit\u00e9 sociale \u00e9tudiante<\/strong> (RSSE) et son rattachement au r\u00e9gime g\u00e9n\u00e9ral de la caisse nationale d&rsquo;assurance maladie ;<\/li><li>La <strong>cr\u00e9ation de la Contribution Vie \u00c9tudiante et de Campus<\/strong> (CVE-C) de 90 \u20ac pour les \u00e9tudiants non boursiers, att\u00e9nuant partiellement les gains financiers.<\/li><\/ul>\n\n\n\n<div style=\"height:10px\" aria-hidden=\"true\" class=\"wp-block-spacer\"><\/div>\n\n\n\n<p>Cette baisse fut de courte dur\u00e9e puisque <strong>d\u00e8s 2019<\/strong>, le co\u00fbt de la rentr\u00e9e \u00e9tudiante a connu \u00e0 nouveau une <strong>forte progression<\/strong>.<\/p>\n\n\n\n<h2 class=\"wp-block-heading\">+ 497 \u20ac par rapport \u00e0 la rentr\u00e9e de septembre 2022 !<\/h2>\n\n\n\n<div style=\"height:10px\" aria-hidden=\"true\" class=\"wp-block-spacer\"><\/div>\n\n\n\n<p>En <strong>2023<\/strong>, les chiffres continuent d&rsquo;exploser : <strong>+ 497 \u20ac par rapport \u00e0 la rentr\u00e9e de septembre 2022<\/strong>, ce qui correspond \u00e0 une hausse de <strong>19,67 %<\/strong>.<\/p>\n\n\n\n<p>Cette hausse est principalement attribuable \u00e0 l&rsquo;<strong>inflation \u00e9conomique<\/strong>, qui a exerc\u00e9 une pression significative sur les frais de vie courante. Malheureusement, les mesures annonc\u00e9es par le gouvernement n&rsquo;ont pas r\u00e9ussi \u00e0 suivre la hausse du co\u00fbt de la vie, mettant en p\u00e9ril les conditions de vie et d&rsquo;\u00e9tudes des \u00e9tudiants.<\/p>\n\n\n\n<div style=\"height:20px\" aria-hidden=\"true\" class=\"wp-block-spacer\"><\/div>\n\n\n\n<p><strong>\u00c9volution du co\u00fbt de la vie \u00e9tudiante par rapport \u00e0 l&rsquo;ann\u00e9e pr\u00e9c\u00e9dente depuis 2018 <strong>(en % et en \u20ac)<\/strong> :<\/strong><\/p>\n\n\n\n<div style=\"height:10px\" aria-hidden=\"true\" class=\"wp-block-spacer\"><\/div>\n\n\n\n<div class=\"flourish-embed flourish-chart\" data-src=\"visualisation\/15310134\"><script src=\"https:\/\/public.flourish.studio\/resources\/embed.js\"><\/script><\/div>\n\n\n\n<div style=\"height:10px\" aria-hidden=\"true\" class=\"wp-block-spacer\"><\/div>\n\n\n\n<h2 class=\"wp-block-heading\">5 ann\u00e9es d\u2019\u00e9tudes sup\u00e9rieures co\u00fbtent en moyenne 81 060 \u20ac par \u00e9tudiant<\/h2>\n\n\n\n<div style=\"height:10px\" aria-hidden=\"true\" class=\"wp-block-spacer\"><\/div>\n\n\n\n<p>La FAGE calcule chaque ann\u00e9e<strong> le co\u00fbt moyen de la rentr\u00e9e \u00e9tudiante<\/strong>, dans le public, \u00e0 partir de plusieurs composantes.<\/p>\n\n\n\n<ul class=\"is-style-arrow-right wp-block-list\"><li>Tout d\u2019abord, <strong>les<\/strong> <strong>frais de vie courante<\/strong> sont \u00e9valu\u00e9s.<\/li><\/ul>\n\n\n\n<div class=\"wp-block-image\"><figure class=\"aligncenter size-large\"><img loading=\"lazy\" decoding=\"async\" width=\"500\" height=\"500\" src=\"https:\/\/guide.reassurez-moi.fr\/guide\/wp-content\/uploads\/2023\/10\/Frais-2023-vie-courante-etudiants-500x500.png\" alt=\"Frais 2023 vie courante etudiants\" class=\"wp-image-197435\"\/><\/figure><\/div>\n\n\n\n<div style=\"height:10px\" aria-hidden=\"true\" class=\"wp-block-spacer\"><\/div>\n\n\n\n<ul class=\"is-style-arrow-right wp-block-list\"><li>Ensuite, <strong>les frais sp\u00e9cifiques de rentr\u00e9e<\/strong> sont pris en compte : droits d\u2019inscription universitaires, frais de transports, compl\u00e9mentaire sant\u00e9, CVEC, assurance logement, frais d\u2019agence et d\u00e9penses li\u00e9es au mat\u00e9riel p\u00e9dagogique.<\/li><\/ul>\n\n\n\n<div style=\"height:10px\" aria-hidden=\"true\" class=\"wp-block-spacer\"><\/div>\n\n\n\n<p><strong>Nous avons donc calcul\u00e9 le co\u00fbt total de revient pour 5 ann\u00e9es d\u2019\u00e9tudes sup\u00e9rieures dans le public, en se basant sur l\u2019indicateur de 2023.<\/strong><\/p>\n\n\n\n<div style=\"height:10px\" aria-hidden=\"true\" class=\"wp-block-spacer\"><\/div>\n\n\n\n<figure class=\"wp-block-table is-style-header-double\"><table class=\"has-fixed-layout\"><thead><tr><th class=\"has-text-align-center\" data-align=\"center\"><\/th><th class=\"has-text-align-center\" data-align=\"center\">Co\u00fbt mensuel<\/th><th class=\"has-text-align-center\" data-align=\"center\">Co\u00fbt annuel<\/th><th class=\"has-text-align-center\" data-align=\"center\">Co\u00fbt sur 5 ans<\/th><\/tr><\/thead><tbody><tr><td class=\"has-text-align-center\" data-align=\"center\"><strong>Frais sp\u00e9cifiques de rentr\u00e9e<\/strong><\/td><td class=\"has-text-align-center\" data-align=\"center\">1 824 \u20ac<\/td><td class=\"has-text-align-center\" data-align=\"center\">1 824 \u20ac<\/td><td class=\"has-text-align-center\" data-align=\"center\">9 120 \u20ac<\/td><\/tr><tr><td class=\"has-text-align-center\" data-align=\"center\"><strong>Frais de la vie courante<\/strong><\/td><td class=\"has-text-align-center\" data-align=\"center\">1 199 \u20ac<\/td><td class=\"has-text-align-center\" data-align=\"center\">14 388 \u20ac<\/td><td class=\"has-text-align-center\" data-align=\"center\">71 940 \u20ac<\/td><\/tr><tr><td class=\"has-text-align-center\" data-align=\"center\">TOTAL<\/td><td class=\"has-text-align-center\" data-align=\"center\">3 023 \u20ac<\/td><td class=\"has-text-align-center\" data-align=\"center\">16 212 \u20ac<\/td><td class=\"has-text-align-center\" data-align=\"center\">81 060 \u20ac<\/td><\/tr><\/tbody><\/table><\/figure>\n\n\n\n<div style=\"height:20px\" aria-hidden=\"true\" class=\"wp-block-spacer\"><\/div>\n\n\n\n<p>On constate que le co\u00fbt total de la vie \u00e9tudiante pour 5 ann\u00e9es d\u2019\u00e9tudes \u00e0 l&rsquo;universit\u00e9 est <strong>en moyenne de 81 060 euros par \u00e9tudiant<\/strong>.<\/p>\n\n\n\n<div style=\"height:10px\" aria-hidden=\"true\" class=\"wp-block-spacer\"><\/div>\n\n\n\n<div class=\"wp-block-mars-information icon-arrow\"><i class=\"icon\"><\/i><p>L&rsquo;ann\u00e9e 2023-2024 co\u00fbtera donc <strong>16 212 \u20ac<\/strong> en moyenne \u00e0 un \u00e9tudiant \u00e0 l&rsquo;universit\u00e9.<\/p><\/div>\n\n\n\n<h2 class=\"wp-block-heading\">Aides \u00e9tudiantes et solutions de financement. D\u00e9cryptage et conseils<\/h2>\n\n\n\n<div style=\"height:10px\" aria-hidden=\"true\" class=\"wp-block-spacer\"><\/div>\n\n\n\n<p>Face aux co\u00fbts croissants de la vie \u00e9tudiante, les aides financi\u00e8res disponibles rev\u00eatent une importance capitale. <strong>En France, un \u00e9ventail d&rsquo;aides est mis en place pour soutenir les \u00e9tudiants<\/strong>.<\/p>\n\n\n\n<div style=\"height:20px\" aria-hidden=\"true\" class=\"wp-block-spacer\"><\/div>\n\n\n\n<figure class=\"wp-block-table is-style-table-with-vertical-headers\"><table><thead><tr><th class=\"has-text-align-left\" data-align=\"left\">Type d&rsquo;aide<\/th><th class=\"has-text-align-center\" data-align=\"center\">Montant<\/th><th>Cible<\/th><\/tr><\/thead><tbody><tr><td class=\"has-text-align-left\" data-align=\"left\">Bourse sur crit\u00e8res sociaux (BCS)<\/td><td class=\"has-text-align-center\" data-align=\"center\">Jusqu&rsquo;\u00e0&nbsp;<strong>7&nbsp;602&nbsp;\u20ac<\/strong><\/td><td>\u00c9tudiant jusqu&rsquo;\u00e0 28 ans, sauf cas d&rsquo;exception, qui rencontre des difficult\u00e9s mat\u00e9rielles pour poursuivre ses \u00e9tudes<\/td><\/tr><tr><td class=\"has-text-align-left\" data-align=\"left\">Aide au m\u00e9rite<\/td><td class=\"has-text-align-center\" data-align=\"center\">Entre&nbsp;<strong>900&nbsp;\u20ac<\/strong>&nbsp;et&nbsp;<strong>1&nbsp;800&nbsp;\u20ac<\/strong>&nbsp;selon votre situation<\/td><td>\u00c9tudiant boursier jusqu&rsquo;\u00e0 28 ans, sauf cas d&rsquo;exception, ayant obtenu la mention&nbsp;<em>Tr\u00e8s bien<\/em>&nbsp;au Bac<\/td><\/tr><tr><td class=\"has-text-align-left\" data-align=\"left\">Bourse Talents<\/td><td class=\"has-text-align-center\" data-align=\"center\"><strong>2&nbsp;000&nbsp;\u20ac<\/strong>&nbsp;ou&nbsp;<strong>4&nbsp;000&nbsp;\u20ac<\/strong>&nbsp;si vous \u00eates inscrit en classe Pr\u00e9pa Talents<\/td><td>\u00c9tudiant pr\u00e9parant un concours de la fonction publique<\/td><\/tr><tr><td class=\"has-text-align-left\" data-align=\"left\">Aide \u00e0 la mobilit\u00e9 internationale<\/td><td class=\"has-text-align-center\" data-align=\"center\">Jusqu&rsquo;\u00e0&nbsp;<strong>3&nbsp;600&nbsp;\u20ac<\/strong><\/td><td>\u00c9tudiant jusqu&rsquo;\u00e0 28 ans, sauf cas d&rsquo;exception, souhaitant suivre une formation sup\u00e9rieure \u00e0 l&rsquo;\u00e9tranger ou faire un stage international<\/td><\/tr><tr><td class=\"has-text-align-left\" data-align=\"left\">Aide d&rsquo;urgence<\/td><td class=\"has-text-align-center\" data-align=\"center\">Jusqu&rsquo;\u00e0&nbsp;<strong>6&nbsp;335&nbsp;\u20ac<\/strong><\/td><td>\u00c9tudiant, jusqu&rsquo;\u00e0 35 ans, rencontrant des difficult\u00e9s financi\u00e8res<\/td><\/tr><tr><td class=\"has-text-align-left\" data-align=\"left\">Aide \u00e0 la mobilit\u00e9 pour l&rsquo;inscription en Master 1<\/td><td class=\"has-text-align-center\" data-align=\"center\"><strong>1&nbsp;000&nbsp;\u20ac<\/strong><\/td><td>\u00c9tudiant boursier, venant d&rsquo;obtenir sa licence, qui souhaite s&rsquo;inscrire en Master 1 dans une autre r\u00e9gion<\/td><\/tr><\/tbody><\/table><figcaption>Source :  Service-public.fr<\/figcaption><\/figure>\n\n\n\n<div style=\"height:20px\" aria-hidden=\"true\" class=\"wp-block-spacer\"><\/div>\n\n\n\n<p>Outre les aides gouvernementales, il est judicieux pour les familles de consid\u00e9rer des <strong>solutions de financement compl\u00e9mentaires<\/strong>. <\/p>\n\n\n\n<p>Les <strong>contrats de pr\u00e9voyance<\/strong> proposent des garanties telles que la <strong>rente \u00e9ducation<\/strong>, qui assure que, en cas de d\u00e9c\u00e8s, une rente soit vers\u00e9e aux enfants des assur\u00e9s jusqu&rsquo;\u00e0 leurs 26 ans. Cette s\u00e9curit\u00e9 financi\u00e8re suppl\u00e9mentaire offre une tranquillit\u00e9 d&rsquo;esprit aux \u00e9tudiants, leur permettant de poursuivre leurs \u00e9tudes sans d\u00e9pendre uniquement des aides gouvernementales, qui peuvent parfois \u00eatre insuffisantes face aux co\u00fbts croissants de la vie \u00e9tudiante.<\/p>\n\n\n\n<div style=\"height:100px\" aria-hidden=\"true\" class=\"wp-block-spacer\"><\/div>\n\n\n\n<div class=\"wp-block-columns are-vertically-aligned-center is-layout-flex wp-container-core-columns-is-layout-1 wp-block-columns-is-layout-flex\">\n<div class=\"wp-block-column is-vertically-aligned-center is-style-green-top-border has-background is-layout-flow wp-block-column-is-layout-flow\" style=\"background-color:#093e78\">\n<p class=\"has-white-color has-text-color\" style=\"font-size:28px; color:#fff\"><strong> Notre m\u00e9thodologie<\/strong><\/p>\n\n\n\n<p class=\"has-white-color has-text-color\"><\/p><li style=\"color: #fff\"> Les chiffres de cet article ont \u00e9t\u00e9 calcul\u00e9s par nos data analysts \u00e0 partir des indicateurs du co\u00fbt de la rentr\u00e9e, de 2018 \u00e0 2023, \u00e9labor\u00e9s par la FAGE (F\u00e9d\u00e9rations des Associations G\u00e9n\u00e9rales \u00c9tudiantes).  <\/li><p><\/p>\n<\/div>\n<\/div>\n\n\n\n<div style=\"height:100px\" aria-hidden=\"true\" class=\"wp-block-spacer\"><\/div>\n","protected":false},"excerpt":{"rendered":"<p>Selon la derni\u00e8re \u00e9tude de la FAGE sur le co\u00fbt de la vie \u00e9tudiante 2023, les frais li\u00e9s \u00e0 la rentr\u00e9e universitaire ont encore augment\u00e9, mais cette fois-ci de mani\u00e8re historique : + 19,67 % par rapport \u00e0 la rentr\u00e9e 2022. Cette ann\u00e9e, le co\u00fbt de la rentr\u00e9e \u00e9tudiante d\u00e9passe en effet les 3 000\u2026<\/p>\n","protected":false},"author":67,"featured_media":0,"parent":106518,"menu_order":0,"comment_status":"open","ping_status":"closed","template":"","meta":{"_acf_changed":false,"footnotes":""},"categories":[496],"page_topic":[],"class_list":["post-197209","page","type-page","status-publish","hentry","category-etudes"],"yoast_head":"<!-- This site is optimized with the Yoast SEO plugin v24.7 - https:\/\/yoast.com\/wordpress\/plugins\/seo\/ -->\n<title>Le co\u00fbt pour 5 ann\u00e9es d&#039;\u00e9tudes sup\u00e9rieures atteint 81 060 \u20ac en 2023 !<\/title>\n<meta name=\"description\" content=\"Le co\u00fbt de la vie \u00e9tudiante a encore augment\u00e9 en 2023. + 35 % depuis 2018 ! Quelles sont les aides et solutions de financement ?\" \/>\n<meta name=\"robots\" content=\"index, follow, max-snippet:-1, max-image-preview:large, max-video-preview:-1\" \/>\n<link rel=\"canonical\" href=\"https:\/\/guide.reassurez-moi.fr\/guide\/communication\/cout-5-annees-d-etudes-superieures-81060-euros\" \/>\n<meta property=\"og:locale\" content=\"fr_FR\" \/>\n<meta property=\"og:type\" content=\"article\" \/>\n<meta property=\"og:title\" content=\"Le co\u00fbt pour 5 ann\u00e9es d&#039;\u00e9tudes sup\u00e9rieures atteint 81 060 \u20ac en 2023 !\" \/>\n<meta property=\"og:description\" content=\"Le co\u00fbt de la vie \u00e9tudiante a encore augment\u00e9 en 2023. + 35 % depuis 2018 ! Quelles sont les aides et solutions de financement ?\" \/>\n<meta property=\"og:url\" content=\"https:\/\/guide.reassurez-moi.fr\/guide\/communication\/cout-5-annees-d-etudes-superieures-81060-euros\" \/>\n<meta property=\"og:site_name\" content=\"R\u00e9assurez-moi\" \/>\n<meta property=\"article:publisher\" content=\"https:\/\/www.facebook.com\/R%c3%a9assurez-moi-209456495889479\/\" \/>\n<meta property=\"article:modified_time\" content=\"2025-03-20T10:58:23+00:00\" \/>\n<meta property=\"og:image\" content=\"https:\/\/guide.reassurez-moi.fr\/guide\/wp-content\/uploads\/2023\/10\/Frais-2023-vie-courante-etudiants-500x500.png\" \/>\n<meta name=\"twitter:card\" content=\"summary_large_image\" \/>\n<meta name=\"twitter:site\" content=\"@reassurezmoi\" \/>\n<meta name=\"twitter:label1\" content=\"Dur\u00e9e de lecture estim\u00e9e\" \/>\n\t<meta name=\"twitter:data1\" content=\"5 minutes\" \/>\n<script type=\"application\/ld+json\" class=\"yoast-schema-graph\">{\"@context\":\"https:\/\/schema.org\",\"@graph\":[{\"@type\":\"WebPage\",\"@id\":\"https:\/\/guide.reassurez-moi.fr\/guide\/communication\/cout-5-annees-d-etudes-superieures-81060-euros\",\"url\":\"https:\/\/guide.reassurez-moi.fr\/guide\/communication\/cout-5-annees-d-etudes-superieures-81060-euros\",\"name\":\"Le co\u00fbt pour 5 ann\u00e9es d'\u00e9tudes sup\u00e9rieures atteint 81 060 \u20ac en 2023 !\",\"isPartOf\":{\"@id\":\"https:\/\/guide.reassurez-moi.fr\/guide\/#website\"},\"primaryImageOfPage\":{\"@id\":\"https:\/\/guide.reassurez-moi.fr\/guide\/communication\/cout-5-annees-d-etudes-superieures-81060-euros#primaryimage\"},\"image\":{\"@id\":\"https:\/\/guide.reassurez-moi.fr\/guide\/communication\/cout-5-annees-d-etudes-superieures-81060-euros#primaryimage\"},\"thumbnailUrl\":\"https:\/\/guide.reassurez-moi.fr\/guide\/wp-content\/uploads\/2023\/10\/Frais-2023-vie-courante-etudiants-500x500.png\",\"datePublished\":\"2023-10-13T13:28:11+00:00\",\"dateModified\":\"2025-03-20T10:58:23+00:00\",\"description\":\"Le co\u00fbt de la vie \u00e9tudiante a encore augment\u00e9 en 2023. + 35 % depuis 2018 ! Quelles sont les aides et solutions de financement ?\",\"breadcrumb\":{\"@id\":\"https:\/\/guide.reassurez-moi.fr\/guide\/communication\/cout-5-annees-d-etudes-superieures-81060-euros#breadcrumb\"},\"inLanguage\":\"fr-FR\",\"potentialAction\":[{\"@type\":\"ReadAction\",\"target\":[\"https:\/\/guide.reassurez-moi.fr\/guide\/communication\/cout-5-annees-d-etudes-superieures-81060-euros\"]}]},{\"@type\":\"ImageObject\",\"inLanguage\":\"fr-FR\",\"@id\":\"https:\/\/guide.reassurez-moi.fr\/guide\/communication\/cout-5-annees-d-etudes-superieures-81060-euros#primaryimage\",\"url\":\"https:\/\/guide.reassurez-moi.fr\/guide\/wp-content\/uploads\/2023\/10\/Frais-2023-vie-courante-etudiants-500x500.png\",\"contentUrl\":\"https:\/\/guide.reassurez-moi.fr\/guide\/wp-content\/uploads\/2023\/10\/Frais-2023-vie-courante-etudiants-500x500.png\"},{\"@type\":\"BreadcrumbList\",\"@id\":\"https:\/\/guide.reassurez-moi.fr\/guide\/communication\/cout-5-annees-d-etudes-superieures-81060-euros#breadcrumb\",\"itemListElement\":[{\"@type\":\"ListItem\",\"position\":1,\"name\":\"Assurances\",\"item\":\"https:\/\/guide.reassurez-moi.fr\/guide\/\"},{\"@type\":\"ListItem\",\"position\":2,\"name\":\"Communication\",\"item\":\"https:\/\/guide.reassurez-moi.fr\/guide\/communication\"},{\"@type\":\"ListItem\",\"position\":3,\"name\":\"[\u00c9tude] &#8211; Le co\u00fbt pour 5 ann\u00e9es d&rsquo;\u00e9tudes sup\u00e9rieures atteint 81 060 \u20ac !\"}]},{\"@type\":\"WebSite\",\"@id\":\"https:\/\/guide.reassurez-moi.fr\/guide\/#website\",\"url\":\"https:\/\/guide.reassurez-moi.fr\/guide\/\",\"name\":\"R\u00e9assurez-moi\",\"description\":\"Comparateur d&#039;assurances\",\"potentialAction\":[{\"@type\":\"SearchAction\",\"target\":{\"@type\":\"EntryPoint\",\"urlTemplate\":\"https:\/\/guide.reassurez-moi.fr\/guide\/?s={search_term_string}\"},\"query-input\":{\"@type\":\"PropertyValueSpecification\",\"valueRequired\":true,\"valueName\":\"search_term_string\"}}],\"inLanguage\":\"fr-FR\"}]}<\/script>\n<!-- \/ Yoast SEO plugin. -->","yoast_head_json":{"title":"Le co\u00fbt pour 5 ann\u00e9es d'\u00e9tudes sup\u00e9rieures atteint 81 060 \u20ac en 2023 !","description":"Le co\u00fbt de la vie \u00e9tudiante a encore augment\u00e9 en 2023. + 35 % depuis 2018 ! Quelles sont les aides et solutions de financement ?","robots":{"index":"index","follow":"follow","max-snippet":"max-snippet:-1","max-image-preview":"max-image-preview:large","max-video-preview":"max-video-preview:-1"},"canonical":"https:\/\/guide.reassurez-moi.fr\/guide\/communication\/cout-5-annees-d-etudes-superieures-81060-euros","og_locale":"fr_FR","og_type":"article","og_title":"Le co\u00fbt pour 5 ann\u00e9es d'\u00e9tudes sup\u00e9rieures atteint 81 060 \u20ac en 2023 !","og_description":"Le co\u00fbt de la vie \u00e9tudiante a encore augment\u00e9 en 2023. + 35 % depuis 2018 ! Quelles sont les aides et solutions de financement ?","og_url":"https:\/\/guide.reassurez-moi.fr\/guide\/communication\/cout-5-annees-d-etudes-superieures-81060-euros","og_site_name":"R\u00e9assurez-moi","article_publisher":"https:\/\/www.facebook.com\/R%c3%a9assurez-moi-209456495889479\/","article_modified_time":"2025-03-20T10:58:23+00:00","og_image":[{"url":"https:\/\/guide.reassurez-moi.fr\/guide\/wp-content\/uploads\/2023\/10\/Frais-2023-vie-courante-etudiants-500x500.png","type":"","width":"","height":""}],"twitter_card":"summary_large_image","twitter_site":"@reassurezmoi","twitter_misc":{"Dur\u00e9e de lecture estim\u00e9e":"5 minutes"},"schema":{"@context":"https:\/\/schema.org","@graph":[{"@type":"WebPage","@id":"https:\/\/guide.reassurez-moi.fr\/guide\/communication\/cout-5-annees-d-etudes-superieures-81060-euros","url":"https:\/\/guide.reassurez-moi.fr\/guide\/communication\/cout-5-annees-d-etudes-superieures-81060-euros","name":"Le co\u00fbt pour 5 ann\u00e9es d'\u00e9tudes sup\u00e9rieures atteint 81 060 \u20ac en 2023 !","isPartOf":{"@id":"https:\/\/guide.reassurez-moi.fr\/guide\/#website"},"primaryImageOfPage":{"@id":"https:\/\/guide.reassurez-moi.fr\/guide\/communication\/cout-5-annees-d-etudes-superieures-81060-euros#primaryimage"},"image":{"@id":"https:\/\/guide.reassurez-moi.fr\/guide\/communication\/cout-5-annees-d-etudes-superieures-81060-euros#primaryimage"},"thumbnailUrl":"https:\/\/guide.reassurez-moi.fr\/guide\/wp-content\/uploads\/2023\/10\/Frais-2023-vie-courante-etudiants-500x500.png","datePublished":"2023-10-13T13:28:11+00:00","dateModified":"2025-03-20T10:58:23+00:00","description":"Le co\u00fbt de la vie \u00e9tudiante a encore augment\u00e9 en 2023. + 35 % depuis 2018 ! Quelles sont les aides et solutions de financement ?","breadcrumb":{"@id":"https:\/\/guide.reassurez-moi.fr\/guide\/communication\/cout-5-annees-d-etudes-superieures-81060-euros#breadcrumb"},"inLanguage":"fr-FR","potentialAction":[{"@type":"ReadAction","target":["https:\/\/guide.reassurez-moi.fr\/guide\/communication\/cout-5-annees-d-etudes-superieures-81060-euros"]}]},{"@type":"ImageObject","inLanguage":"fr-FR","@id":"https:\/\/guide.reassurez-moi.fr\/guide\/communication\/cout-5-annees-d-etudes-superieures-81060-euros#primaryimage","url":"https:\/\/guide.reassurez-moi.fr\/guide\/wp-content\/uploads\/2023\/10\/Frais-2023-vie-courante-etudiants-500x500.png","contentUrl":"https:\/\/guide.reassurez-moi.fr\/guide\/wp-content\/uploads\/2023\/10\/Frais-2023-vie-courante-etudiants-500x500.png"},{"@type":"BreadcrumbList","@id":"https:\/\/guide.reassurez-moi.fr\/guide\/communication\/cout-5-annees-d-etudes-superieures-81060-euros#breadcrumb","itemListElement":[{"@type":"ListItem","position":1,"name":"Assurances","item":"https:\/\/guide.reassurez-moi.fr\/guide\/"},{"@type":"ListItem","position":2,"name":"Communication","item":"https:\/\/guide.reassurez-moi.fr\/guide\/communication"},{"@type":"ListItem","position":3,"name":"[\u00c9tude] &#8211; Le co\u00fbt pour 5 ann\u00e9es d&rsquo;\u00e9tudes sup\u00e9rieures atteint 81 060 \u20ac !"}]},{"@type":"WebSite","@id":"https:\/\/guide.reassurez-moi.fr\/guide\/#website","url":"https:\/\/guide.reassurez-moi.fr\/guide\/","name":"R\u00e9assurez-moi","description":"Comparateur d&#039;assurances","potentialAction":[{"@type":"SearchAction","target":{"@type":"EntryPoint","urlTemplate":"https:\/\/guide.reassurez-moi.fr\/guide\/?s={search_term_string}"},"query-input":{"@type":"PropertyValueSpecification","valueRequired":true,"valueName":"search_term_string"}}],"inLanguage":"fr-FR"}]}},"acf":[],"_links":{"self":[{"href":"https:\/\/guide.reassurez-moi.fr\/guide\/wp-json\/wp\/v2\/pages\/197209","targetHints":{"allow":["GET"]}}],"collection":[{"href":"https:\/\/guide.reassurez-moi.fr\/guide\/wp-json\/wp\/v2\/pages"}],"about":[{"href":"https:\/\/guide.reassurez-moi.fr\/guide\/wp-json\/wp\/v2\/types\/page"}],"author":[{"embeddable":true,"href":"https:\/\/guide.reassurez-moi.fr\/guide\/wp-json\/wp\/v2\/users\/67"}],"replies":[{"embeddable":true,"href":"https:\/\/guide.reassurez-moi.fr\/guide\/wp-json\/wp\/v2\/comments?post=197209"}],"version-history":[{"count":1,"href":"https:\/\/guide.reassurez-moi.fr\/guide\/wp-json\/wp\/v2\/pages\/197209\/revisions"}],"predecessor-version":[{"id":205324,"href":"https:\/\/guide.reassurez-moi.fr\/guide\/wp-json\/wp\/v2\/pages\/197209\/revisions\/205324"}],"up":[{"embeddable":true,"href":"https:\/\/guide.reassurez-moi.fr\/guide\/wp-json\/wp\/v2\/pages\/106518"}],"wp:attachment":[{"href":"https:\/\/guide.reassurez-moi.fr\/guide\/wp-json\/wp\/v2\/media?parent=197209"}],"wp:term":[{"taxonomy":"category","embeddable":true,"href":"https:\/\/guide.reassurez-moi.fr\/guide\/wp-json\/wp\/v2\/categories?post=197209"},{"taxonomy":"page_topic","embeddable":true,"href":"https:\/\/guide.reassurez-moi.fr\/guide\/wp-json\/wp\/v2\/page_topic?post=197209"}],"curies":[{"name":"wp","href":"https:\/\/api.w.org\/{rel}","templated":true}]}}